{"id":5048,"date":"2023-12-23T16:15:50","date_gmt":"2023-12-23T08:15:50","guid":{"rendered":"https:\/\/www.hginstrument.com\/?post_type=product&#038;p=5048"},"modified":"2024-01-09T08:45:23","modified_gmt":"2024-01-09T00:45:23","slug":"clamp-on-flow-meter-water","status":"publish","type":"product","link":"https:\/\/www.hginstrument.com\/it\/magnetic-flow-meter\/clamp-on-flow-meter-water\/","title":{"rendered":"morsetto su misuratore di portata acqua"},"content":{"rendered":"<p>Utilizzando una tecnologia avanzata e componenti di alta qualit\u00e0, il misuratore di portata ad acqua a morsetto offre una precisione e un'affidabilit\u00e0 senza pari. Il suo design compatto consente una facile installazione, rendendolo adatto sia ai sistemi di tubazioni nuovi che a quelli esistenti. Grazie all'ampia gamma di dimensioni e configurazioni disponibili, i misuratori di portata a pinza sono in grado di soddisfare le diverse esigenze dei vari settori industriali.<\/p>\n<p>Una delle caratteristiche principali del misuratore di portata ad acqua a pinza \u00e8 l'elevata precisione, con un margine di errore inferiore a 1%. Questo lo rende ideale per misure precise e processi critici. Inoltre, il dispositivo ha un ampio campo di misura e pu\u00f2 gestire portate sia basse che alte, rendendolo adatto a una variet\u00e0 di esigenze industriali.<\/p>\n<p>L'installazione e la manutenzione del misuratore di portata ad acqua a pinza sono facili e veloci, grazie al suo design semplice e all'interfaccia intuitiva. Grazie alle sue prestazioni affidabili e al prezzo conveniente, il misuratore di portata a pinza per acqua \u00e8 uno strumento essenziale per qualsiasi applicazione di misurazione dei fluidi. \u00c8 una scelta affidabile e preferita dai clienti di tutto il mondo e ha una comprovata esperienza nella fornitura di misure accurate.<\/p>\n<table class=\"table table-bordered\">\n<tbody>\n<tr>\n<td><span style=\"vertical-align: inherit;\"><span style=\"vertical-align: inherit;\">Tipo: il tipo<\/span><\/span><\/td>\n<td><span style=\"vertical-align: inherit;\">morsetto su misuratore di portata acqua<\/span><\/td>\n<td><span style=\"vertical-align: inherit;\"><span style=\"vertical-align: inherit;\">Segnale d'uscita: segnale d'uscita<\/span><\/span><\/td>\n<td><span style=\"vertical-align: inherit;\"><span style=\"vertical-align: inherit;\">4-20 mA, impulsi\/frequenza 2kHz (default), 5KHz (max)<\/span><\/span><\/td>\n<\/tr>\n<tr>\n<td><span style=\"vertical-align: inherit;\"><span style=\"vertical-align: inherit;\">Luogo di origine: il luogo di origine<\/span><\/span><\/td>\n<td><span style=\"vertical-align: inherit;\"><span style=\"vertical-align: inherit;\">Jiangsu, Cina<\/span><\/span><\/td>\n<td><span style=\"vertical-align: inherit;\"><span style=\"vertical-align: inherit;\">Incorporare il tipo: il tipo<\/span><\/span><\/td>\n<td><span style=\"vertical-align: inherit;\"><span style=\"vertical-align: inherit;\">-10\u2103- +60\u2103<\/span><\/span><\/td>\n<\/tr>\n<tr>\n<td><span style=\"vertical-align: inherit;\"><span style=\"vertical-align: inherit;\">Garanzia: garanzia<\/span><\/span><\/td>\n<td><span style=\"vertical-align: inherit;\"><span style=\"vertical-align: inherit;\">20 mesi<\/span><\/span><\/td>\n<td><span style=\"vertical-align: inherit;\"><span style=\"vertical-align: inherit;\">Tensione di alimentazione: tensione di alimentazione<\/span><\/span><\/td>\n<td><span style=\"vertical-align: inherit;\"><span style=\"vertical-align: inherit;\">110\/220VAC (100-240VAC), 50Hz\/60Hz; 24VDC\u00b110%<\/span><\/span><\/td>\n<\/tr>\n<tr>\n<td><span style=\"vertical-align: inherit;\"><span style=\"vertical-align: inherit;\">Supporto personalizzato\uff1aSupporto personalizzato<\/span><\/span><\/td>\n<td><span style=\"vertical-align: inherit;\"><span style=\"vertical-align: inherit;\">OEM, ODM, OBM<\/span><\/span><\/td>\n<td><span style=\"vertical-align: inherit;\"><span style=\"vertical-align: inherit;\">Comunicazione digitale: comunicazione digitale<\/span><\/span><\/td>\n<td><span style=\"vertical-align: inherit;\"><span style=\"vertical-align: inherit;\">RS-485, supporto del protocollo standard Mudbugs-RTU; GPRS<\/span><\/span><\/td>\n<\/tr>\n<tr>\n<td><span style=\"vertical-align: inherit;\"><span style=\"vertical-align: inherit;\">Nome della marca: Nome della marca: Nome della marca: Nome della marca: Nome della marca: Nome della marca<\/span><\/span><\/td>\n<td><span style=\"vertical-align: inherit;\"><span style=\"vertical-align: inherit;\">GRUPPO SUYI<\/span><\/span><\/td>\n<td><span style=\"vertical-align: inherit;\"><span style=\"vertical-align: inherit;\">Pressione nominale: pressione nominale<\/span><\/span><\/td>\n<td><span style=\"vertical-align: inherit;\"><span style=\"vertical-align: inherit;\">1MPa (DN15-DN800), 1,6MPa (DN15-DN800), 2,5MPa (DN15-DN600)<\/span><\/span><\/td>\n<\/tr>\n<tr>\n<td><span style=\"vertical-align: inherit;\"><span style=\"vertical-align: inherit;\">Numero di modello: Numero di modello: Numero di modello: Numero di modello: Numero di modello: Numero di modello<\/span><\/span><\/td>\n<td><span style=\"vertical-align: inherit;\"><span style=\"vertical-align: inherit;\">altro<\/span><\/span><\/td>\n<td><span style=\"vertical-align: inherit;\"><span style=\"vertical-align: inherit;\">Sensore: sensore<\/span><\/span><\/td>\n<td><span style=\"vertical-align: inherit;\"><span style=\"vertical-align: inherit;\">0\u2103- +80\u2103 o -25\u2103- +120\u2103 o +70\u2103- +250\u2103<\/span><\/span><\/td>\n<\/tr>\n<tr>\n<td><span style=\"vertical-align: inherit;\"><span style=\"vertical-align: inherit;\">Nome del prodotto: Nome del prodotto: Nome del prodotto: Nome del prodotto: Nome del prodotto: Nome del prodotto<\/span><\/span><\/td>\n<td><span style=\"vertical-align: inherit;\"><span style=\"vertical-align: inherit;\">Misuratore di portata dell'acqua chimica digitale intelligente elettromagnetico<\/span><\/span><\/td>\n<td><span style=\"vertical-align: inherit;\"><span style=\"vertical-align: inherit;\">Dettagli dell'imballaggio:<\/span><\/span><\/td>\n<td><span style=\"vertical-align: inherit;\"><span style=\"vertical-align: inherit;\">1 set per confezione o come richiesto dal cliente<\/span><\/span><\/td>\n<\/tr>\n<tr>\n<td><span style=\"vertical-align: inherit;\"><span style=\"vertical-align: inherit;\">Diametro nominale: diametro nominale<\/span><\/span><\/td>\n<td><span style=\"vertical-align: inherit;\"><span style=\"vertical-align: inherit;\">3-2665 mm<\/span><\/span><\/td>\n<td><span style=\"vertical-align: inherit;\"><span style=\"vertical-align: inherit;\">Capacit\u00e0 di approvvigionamento<\/span><\/span><\/td>\n<td><span style=\"vertical-align: inherit;\"><span style=\"vertical-align: inherit;\">2344 Set\/Set al mese<\/span><\/span><\/td>\n<\/tr>\n<tr>\n<td><span style=\"vertical-align: inherit;\"><span style=\"vertical-align: inherit;\">gamma di velocit\u00e0: il campo di velocit\u00e0<\/span><\/span><\/td>\n<td><span style=\"vertical-align: inherit;\"><span style=\"vertical-align: inherit;\">0-6m\/s<\/span><\/span><\/td>\n<td><span style=\"vertical-align: inherit;\"><span style=\"vertical-align: inherit;\">Quantit\u00e0 (set)<\/span><\/span><\/td>\n<td><span style=\"vertical-align: inherit;\"><span style=\"vertical-align: inherit;\">&gt; 30<\/span><\/span><\/td>\n<\/tr>\n<tr>\n<td><span style=\"vertical-align: inherit;\"><span style=\"vertical-align: inherit;\">Grado di accuratezza: il grado di accuratezza<\/span><\/span><\/td>\n<td><span style=\"vertical-align: inherit;\"><span style=\"vertical-align: inherit;\">\u00b10,5%R, \u00b11%R ( &lt; DN20)<\/span><\/span><\/td>\n<td><span style=\"vertical-align: inherit;\"><span style=\"vertical-align: inherit;\">Tempi di consegna (giorni)<\/span><\/span><\/td>\n<td><span style=\"vertical-align: inherit;\"><span style=\"vertical-align: inherit;\">Da negoziare<\/span><\/span><\/td>\n<\/tr>\n<\/tbody>\n<\/table>\n<p>&nbsp;<\/p>\n<p>&nbsp;<\/p>\n<p style=\"text-align: center;\"><img title=\"morsetto su misuratore di portata acqua\" src=\"https:\/\/www.hginstrument.com\/wp-content\/uploads\/2021\/07\/in-line-pipeline-type-hgd-electromagnetic-flow-meter.jpg\" \/><\/p>\n<p>&nbsp;<\/p>\n<p>&nbsp;<\/p>\n<p style=\"text-align: center;\"><img title=\"morsetto su misuratore di portata acqua\" src=\"https:\/\/www.hginstrument.com\/wp-content\/uploads\/2021\/07\/insertion-01.jpg\" \/><\/p>\n<p>&nbsp;<\/p>\n<p>&nbsp;<\/p>\n<p style=\"text-align: center;\"><img title=\"morsetto su misuratore di portata acqua\" src=\"https:\/\/www.hginstrument.com\/wp-content\/uploads\/2021\/07\/sanitary-mag-1.jpg\" \/><\/p>\n<p><strong>morsetto sul misuratore di portata dell'acqua Guida alle domande frequenti.<\/strong><\/p>\n<p>Il cuore della nostra serie di misuratori di portata per acqua a morsetto risiede in un impegno all'eccellenza, che unisce la tecnologia avanzata dei sensori a interfacce di facile utilizzo. Dai liquidi ai gas, i nostri misuratori offrono una precisione senza pari, consentendovi di prendere decisioni informate e di ottimizzare le operazioni. Mentre inauguriamo una nuova era della misurazione dei fluidi, vi invitiamo a esplorare le possibilit\u00e0 illimitate che i nostri misuratori di portata a pinza sbloccano, dove la precisione incontra le prestazioni e l'innovazione fluisce senza soluzione di continuit\u00e0.<\/p>\n<div style=\"border: 3px solid #f89900; margin: 20px 0; padding: 20px;\"><a href=\"\/it\/clamp-on-flow-meter-water\/#01\">1.About la storia dello sviluppo del morsetto sulla fabbrica dell'acqua del misuratore di flusso<\/a><br \/>\n<a href=\"\/it\/clamp-on-flow-meter-water\/#02\">2. Qual \u00e8 il tempo di risposta della pinza sul misuratore di portata dell'acqua?<\/a><br \/>\n<a href=\"\/it\/clamp-on-flow-meter-water\/#03\">3.About morsetto sull'attrezzatura di produzione dell'acqua del misuratore di portata<\/a><br \/>\n<a href=\"\/it\/clamp-on-flow-meter-water\/#04\">4. Il morsetto del misuratore di portata dell'acqua ha una funzione di monitoraggio in tempo reale?<\/a><br \/>\n<a href=\"\/it\/clamp-on-flow-meter-water\/#05\">5.Informazioni sul morsetto del flussometro Data di consegna dell'acqua<\/a><br \/>\n<a href=\"\/it\/clamp-on-flow-meter-water\/#06\">6.Come calibrare un misuratore di portata ad acqua?<\/a><br \/>\n<a href=\"\/it\/clamp-on-flow-meter-water\/#07\">7.Informazioni sul sistema di approvvigionamento delle materie prime dell'acqua con morsetto del misuratore di portata<\/a><br \/>\n<a href=\"\/it\/clamp-on-flow-meter-water\/#08\">8.About morsetto su misuratore di portata acqua MOQ<\/a><br \/>\n<a href=\"\/it\/clamp-on-flow-meter-water\/#09\">9.La pinza del misuratore di portata dell'acqua ha una funzione di pulizia automatica?<\/a><br \/>\n<a href=\"\/it\/clamp-on-flow-meter-water\/#010\">10.Informazioni sul morsetto del sistema di gestione della produzione idrica del flussometro<\/a><br \/>\n<a href=\"\/it\/clamp-on-flow-meter-water\/#11\">11.Informazioni sulla garanzia dell'acqua del misuratore di portata<\/a><br \/>\n<a href=\"\/it\/clamp-on-flow-meter-water\/#12\">12.Informazioni sul morsetto del flussometro di origine dell'acqua<\/a><br \/>\n<a href=\"\/it\/clamp-on-flow-meter-water\/#13\">13.Qual \u00e8 l'intervallo di temperatura di esercizio del misuratore di portata a pinza per acqua?<\/a><br \/>\n<a href=\"\/it\/clamp-on-flow-meter-water\/#14\">14.I risultati della misurazione dell'acqua dei misuratori di portata a pinza sono tracciabili?<\/a><\/div>\n<div id=\"01\">\n<p><strong>1.About la storia dello sviluppo del morsetto sulla fabbrica dell'acqua del misuratore di flusso<\/strong><\/p>\n<p>La fabbrica di misuratori di portata \u00e8 stata fondata all'inizio degli anni Novanta. \u00c8 stata fondata da un gruppo di ingegneri e tecnici con una vasta esperienza nella progettazione e nella produzione di misuratori di portata. Inizialmente l'azienda si \u00e8 concentrata sulla produzione di misuratori di portata meccanici, ma ben presto ha ampliato la propria gamma di prodotti includendo anche misuratori di portata elettronici. Nel corso degli anni, l'azienda ha sviluppato un'ampia gamma di misuratori di portata per diverse applicazioni, tra cui quelle industriali, commerciali e residenziali. L'azienda ha inoltre sviluppato una serie di soluzioni software e hardware per la misurazione e il controllo del flusso. Oggi l'azienda \u00e8 uno dei principali produttori di misuratori di portata e prodotti correlati ed \u00e8 riconosciuta come leader del settore.<\/p>\n<\/div>\n<div id=\"02\">\n<p><strong>2. Qual \u00e8 il tempo di risposta della pinza sul misuratore di portata dell'acqua?<\/strong><\/p>\n<p>Abbiamo stabilito collaborazioni stabili e a lungo termine con i nostri fornitori, per cui abbiamo grandi vantaggi in termini di prezzo, costi e garanzia di qualit\u00e0.<br \/>\nIl tempo di risposta di un misuratore di portata pu\u00f2 variare a seconda del tipo di misuratore utilizzato. In genere, il tempo di risposta di un misuratore di portata \u00e8 compreso tra 0,1 e 1 secondo.<\/p>\n<p><img style=\"max-width: 100%;\" title=\"Qual \u00e8 il tempo di risposta della pinza sul misuratore di portata dell&#039;acqua?\" src=\"https:\/\/www.hginstrument.com\/wp-content\/uploads\/2021\/07\/ltb-1.jpg\" alt=\"Qual \u00e8 il tempo di risposta della pinza sul misuratore di portata dell&#039;acqua?\" \/><\/p>\n<\/div>\n<div id=\"03\">\n<p><strong>3.About morsetto sull'attrezzatura di produzione dell'acqua del misuratore di portata<\/strong><\/p>\n<p>Le attrezzature per la produzione di misuratori di portata sono utilizzate per produrre misuratori di portata, che sono dispositivi utilizzati per misurare la velocit\u00e0 di flusso di un liquido o di un gas. Queste attrezzature comprendono in genere una serie di macchine e strumenti, come torni, fresatrici, trapani e macchine CNC. Comprende anche strumenti specializzati per l'assemblaggio e il collaudo dei misuratori di portata. Le attrezzature utilizzate per produrre i misuratori di portata sono altamente specializzate e devono essere in grado di produrre risultati accurati e affidabili.<\/p>\n<\/div>\n<div id=\"04\">\n<p><strong>4. Il morsetto del misuratore di portata dell'acqua ha una funzione di monitoraggio in tempo reale?<\/strong><\/p>\n<p>S\u00ec, alcuni misuratori di portata hanno funzioni di monitoraggio in tempo reale. Questi misuratori sono in genere dotati di sensori che misurano la portata e trasmettono i dati a un sistema di monitoraggio. Ci\u00f2 consente di monitorare in tempo reale la portata e altri parametri.<\/p>\n<p><img style=\"max-width: 100%;\" title=\"Il morsetto del misuratore di portata dell&#039;acqua ha una funzione di monitoraggio in tempo reale?\" src=\"https:\/\/www.hginstrument.com\/wp-content\/uploads\/2021\/07\/hgrs-1.jpg\" alt=\"Il morsetto del misuratore di portata dell&#039;acqua ha una funzione di monitoraggio in tempo reale?\" \/><\/p>\n<\/div>\n<div id=\"05\">\n<p><strong>5.Informazioni sul morsetto del flussometro Data di consegna dell'acqua<\/strong><\/p>\n<p>La data di consegna di un misuratore di portata dipende dal tipo di misuratore, dal produttore e dalla disponibilit\u00e0 del prodotto. In genere, la maggior parte dei misuratori di portata pu\u00f2 essere consegnata entro pochi giorni o poche settimane. Tuttavia, alcuni misuratori di portata specializzati possono richiedere tempi di consegna pi\u00f9 lunghi. \u00c8 meglio contattare direttamente il produttore per ottenere una data di consegna precisa.<\/p>\n<\/div>\n<div id=\"06\">\n<p><strong>6.Come calibrare un misuratore di portata ad acqua?<\/strong><\/p>\n<p>Essendo uno dei principali produttori di morsetti per misuratori di portata in Cina, attribuiamo grande importanza a questo dettaglio.<br \/>\n1. Controllare le istruzioni del produttore per il misuratore di portata specifico che si sta utilizzando.<\/p>\n<p>2. Assicurarsi che il flussometro sia installato correttamente e che tutti i collegamenti siano saldi.<\/p>\n<p>3. Collegare il flussimetro a un dispositivo di calibrazione, come un impianto di calibrazione del flusso o un anello di calibrazione del flusso.<\/p>\n<p>4. Impostare il dispositivo di calibrazione sulla portata desiderata.<\/p>\n<p>5. Accendere il flussometro e lasciarlo funzionare per alcuni minuti per assicurarsi che sia stabile.<\/p>\n<p>6. Controllare la lettura del flussometro rispetto alla lettura del dispositivo di calibrazione.<\/p>\n<p>7. Regolare le impostazioni del flussometro come necessario per farle corrispondere alla lettura del dispositivo di calibrazione.<\/p>\n<p>8. Ripetere i punti 4-7 finch\u00e9 la lettura del flussometro non corrisponde a quella del dispositivo di calibrazione.<\/p>\n<p>9. Registrare le impostazioni del flussometro e la lettura del dispositivo di calibrazione per riferimenti futuri.<\/p>\n<p><img style=\"max-width: 100%;\" title=\"Come calibrare un misuratore di portata a pinza per acqua?\" src=\"https:\/\/www.hginstrument.com\/wp-content\/uploads\/2021\/07\/nozzle-1.jpg\" alt=\"Come calibrare un misuratore di portata a pinza per acqua?\" \/><\/p>\n<\/div>\n<div id=\"07\">\n<p><strong>7.Informazioni sul sistema di approvvigionamento delle materie prime dell'acqua con morsetto del misuratore di portata<\/strong><\/p>\n<p>Un sistema di approvvigionamento di materie prime per misuratori di portata \u00e8 una soluzione software progettata per semplificare il processo di acquisto delle materie prime per la produzione di misuratori di portata. Il sistema consente agli utenti di ricercare e acquistare in modo rapido e semplice i componenti necessari per la produzione dei misuratori di portata. Fornisce inoltre informazioni dettagliate sui componenti, compresi prezzi, disponibilit\u00e0 e tempi di consegna. Il sistema consente inoltre di tenere traccia degli ordini e di gestire l'inventario. Ci\u00f2 contribuisce a garantire che i componenti giusti siano sempre disponibili quando servono.<\/p>\n<\/div>\n<div id=\"08\">\n<p><strong>8.About morsetto su misuratore di portata acqua MOQ<\/strong><\/p>\n<p>La quantit\u00e0 minima ordinabile (MOQ) per un misuratore di portata dipende dal tipo di misuratore e dal produttore. In genere, il MOQ per un misuratore di portata \u00e8 compreso tra 1 e 10 unit\u00e0, ma pu\u00f2 variare a seconda del produttore e del tipo di misuratore.<\/p>\n<p><img style=\"max-width: 100%;\" title=\"Circa il morsetto sul misuratore di portata d&#039;acqua MOQ\" src=\"https:\/\/www.hginstrument.com\/wp-content\/uploads\/2021\/07\/in-line-pipeline-type-hgd-electromagnetic-flow-meter.jpg\" alt=\"Circa il morsetto sul misuratore di portata d&#039;acqua MOQ\" \/><\/p>\n<\/div>\n<div id=\"09\">\n<p><strong>9.La pinza del misuratore di portata dell'acqua ha una funzione di pulizia automatica?<\/strong><\/p>\n<p>Essendo uno dei principali produttori di morsetti per misuratori di portata in Cina, attribuiamo grande importanza a questo dettaglio.<br \/>\nNo, la maggior parte dei misuratori di portata non dispone di una funzione di pulizia automatica. Tuttavia, alcuni modelli possono avere una funzione di autopulizia che pu\u00f2 essere attivata manualmente.<\/p>\n<\/div>\n<div id=\"010\">\n<p><strong>10.Informazioni sul morsetto del sistema di gestione della produzione idrica del flussometro<\/strong><\/p>\n<p>Un sistema di gestione della produzione di misuratori di portata \u00e8 una soluzione software progettata per aiutare i produttori a gestire la produzione di misuratori di portata. Il sistema pu\u00f2 essere utilizzato per seguire il processo di produzione dall'inizio alla fine, compreso l'ordine delle materie prime, l'assemblaggio dei componenti e il collaudo e la calibrazione del prodotto finito. Il sistema pu\u00f2 anche essere utilizzato per monitorare la qualit\u00e0 del processo di produzione, assicurando che i misuratori di portata soddisfino gli standard richiesti. Inoltre, il sistema pu\u00f2 essere utilizzato per generare rapporti e analizzare i dati per aiutare i produttori a migliorare i loro processi produttivi.<\/p>\n<p><img style=\"max-width: 100%;\" title=\"Informazioni sul morsetto del sistema di gestione della produzione idrica del flussometro\" src=\"https:\/\/www.hginstrument.com\/wp-content\/uploads\/2021\/07\/hgdu600-p-1.jpg\" alt=\"Informazioni sul morsetto del sistema di gestione della produzione idrica del flussometro\" \/><\/p>\n<\/div>\n<div id=\"11\">\n<p><strong>11.Informazioni sulla garanzia dell'acqua del misuratore di portata<\/strong><\/p>\n<p>Le garanzie dei misuratori di portata variano a seconda del produttore e del tipo di misuratore. In genere, le garanzie coprono i difetti dei materiali e della lavorazione e possono coprire anche alcuni tipi di danni causati dal normale utilizzo. Alcune garanzie possono coprire anche i danni causati da un'installazione o da un uso improprio. \u00c8 importante leggere le informazioni sulla garanzia fornite dal produttore per comprendere la copertura specifica e le limitazioni della garanzia.<\/p>\n<\/div>\n<div id=\"12\">\n<p><strong>12.Informazioni sul morsetto del flussometro di origine dell'acqua<\/strong><\/p>\n<p>Il primo misuratore di portata fu inventato nel 1832 da un inglese di nome William Henry. Egli svilupp\u00f2 un dispositivo che utilizzava un galleggiante per misurare il flusso dell'acqua in un tubo. Questo dispositivo fu il primo del suo genere e fu il precursore dei moderni misuratori di portata. Da allora, i misuratori di portata sono stati utilizzati in diversi settori per misurare il flusso di liquidi, gas e altri materiali. Oggi i misuratori di portata sono utilizzati in una variet\u00e0 di applicazioni, dalla misurazione del flusso d'acqua in una tubatura alla misurazione del flusso di petrolio in una raffineria.<\/p>\n<p><img style=\"max-width: 100%;\" title=\"Informazioni sul morsetto del misuratore di portata dell&#039;acqua\" src=\"https:\/\/www.hginstrument.com\/wp-content\/uploads\/2021\/07\/hluc-1.jpg\" alt=\"Informazioni sul morsetto del misuratore di portata dell&#039;acqua\" \/><\/p>\n<\/div>\n<div id=\"13\">\n<p><strong>13.Qual \u00e8 l'intervallo di temperatura di esercizio del misuratore di portata a pinza per acqua?<\/strong><\/p>\n<p>Abbiamo stabilito una buona reputazione e partnership affidabili all'interno dell'industria idrica dei misuratori di portata a morsetto.<br \/>\nLa temperatura di esercizio del misuratore di portata \u00e8 compresa tra -40\u00b0F e 140\u00b0F (-40\u00b0C e 60\u00b0C).<\/p>\n<\/div>\n<div id=\"14\">\n<p><strong>14.I risultati della misurazione dell'acqua dei misuratori di portata a pinza sono tracciabili?<\/strong><\/p>\n<p>La nostra azienda ha molti anni di morsetto sull'esperienza e sulla competenza del misuratore di portata dell'acqua.<br \/>\nS\u00ec, i risultati delle misurazioni dei misuratori di portata possono essere rintracciabili. La tracciabilit\u00e0 \u00e8 la possibilit\u00e0 di risalire alla storia, all'applicazione o all'ubicazione di un elemento mediante un'identificazione documentata. I misuratori di portata sono in genere calibrati utilizzando uno standard tracciabile, come ad esempio uno standard di calibrazione tracciabile NIST. Ci\u00f2 garantisce che i risultati delle misurazioni del flussimetro siano riconducibili a uno standard noto.<\/p>\n<p><img style=\"max-width: 100%;\" title=\"I risultati della misurazione dell&#039;acqua dei misuratori di portata a pinza sono tracciabili?\" src=\"https:\/\/www.hginstrument.com\/wp-content\/uploads\/2021\/07\/wall-mount-1f.jpg\" alt=\"I risultati della misurazione dell&#039;acqua dei misuratori di portata a pinza sono tracciabili?\" \/><\/p>\n<\/div>\n<p>&nbsp;<\/p>\n<p>Tag\uff1a<a href=\"\/it\/magnetic-flow-meter\/pc-flow-meter\/\">misuratore di portata per pc<\/a>,<a href=\"\/it\/magnetic-flow-meter\/flow-meter-for-water-hose\/\">misuratore di portata per tubo d'acqua<\/a>,<a href=\"\/it\/magnetic-flow-meter\/low-flow-flow-meter\/\">misuratore di portata a basso flusso<\/a><\/p>\n<p>&nbsp;<\/p>","protected":false},"excerpt":{"rendered":"<p><strong>Dati tecnici<\/strong><br \/>\nPu\u00f2 servire fluidi liquidi o gassosi; di solito viene utilizzato per misurare il flusso di vapore, aria e gas naturale.<br \/>\nDimensioni del contatore: Tipo in linea: DN25 - DN300<br \/>\nOpzione materiale bagnato: SS304, SS316<br \/>\nTemperatura di funzionamento: \u2264250\u2103<br \/>\nConnessione al processo: Wafer \/ Flangia \/ Tri-clamp per il tipo in linea<br \/>\nPrecisione di misura: 1,0 % - 1,5% del campo di calibrazione<br \/>\nIndicatore digitale: visualizzazione del flusso istantaneo, del flusso totale<br \/>\nAlimentazione: 24VDC, Uscita: 4-20mA<\/p>\n<p><strong>caratteristiche<\/strong><br \/>\n1.Punti di attivazione\/disattivazione regolabili<br \/>\n2. Modalit\u00e0 di allarme flusso Hi o Lo<br \/>\n3. Ritardo regolabile<br \/>\n4.LED di stato del rel\u00e8<\/p>","protected":false},"featured_media":3691,"comment_status":"closed","ping_status":"closed","template":"","meta":[],"product_cat":[2372],"product_tag":[],"acf":[],"_links":{"self":[{"href":"https:\/\/www.hginstrument.com\/it\/wp-json\/wp\/v2\/product\/5048"}],"collection":[{"href":"https:\/\/www.hginstrument.com\/it\/wp-json\/wp\/v2\/product"}],"about":[{"href":"https:\/\/www.hginstrument.com\/it\/wp-json\/wp\/v2\/types\/product"}],"replies":[{"embeddable":true,"href":"https:\/\/www.hginstrument.com\/it\/wp-json\/wp\/v2\/comments?post=5048"}],"wp:featuredmedia":[{"embeddable":true,"href":"https:\/\/www.hginstrument.com\/it\/wp-json\/wp\/v2\/media\/3691"}],"wp:attachment":[{"href":"https:\/\/www.hginstrument.com\/it\/wp-json\/wp\/v2\/media?parent=5048"}],"wp:term":[{"taxonomy":"product_cat","embeddable":true,"href":"https:\/\/www.hginstrument.com\/it\/wp-json\/wp\/v2\/product_cat?post=5048"},{"taxonomy":"product_tag","embeddable":true,"href":"https:\/\/www.hginstrument.com\/it\/wp-json\/wp\/v2\/product_tag?post=5048"}],"curies":[{"name":"wp","href":"https:\/\/api.w.org\/{rel}","templated":true}]}}