{"id":5122,"date":"2023-12-23T18:54:22","date_gmt":"2023-12-23T10:54:22","guid":{"rendered":"https:\/\/www.hginstrument.com\/?post_type=product&#038;p=5122"},"modified":"2024-01-08T15:06:58","modified_gmt":"2024-01-08T07:06:58","slug":"digital-water-flow-meter","status":"publish","type":"product","link":"https:\/\/www.hginstrument.com\/it\/magnetic-flow-meter\/digital-water-flow-meter\/","title":{"rendered":"misuratore digitale di portata d'acqua"},"content":{"rendered":"<p>Il misuratore digitale di portata dell'acqua \u00e8 un dispositivo altamente affidabile e preciso utilizzato per misurare il flusso di liquidi e gas in varie applicazioni industriali e commerciali. \u00c8 progettato con una tecnologia avanzata e componenti di alta qualit\u00e0, che lo rendono duraturo e resistente a fattori esterni come le variazioni di temperatura e pressione.<\/p>\n<p>Il misuratore digitale di portata dell'acqua \u00e8 dotato di un'interfaccia intuitiva che ne facilita il funzionamento e il monitoraggio. Offre inoltre una variet\u00e0 di opzioni di installazione, tra cui in linea, a inserimento e a morsetto, che lo rendono adatto a un'ampia gamma di tubazioni e sistemi. Inoltre, \u00e8 compatibile con diversi protocolli di comunicazione e pu\u00f2 essere integrato senza problemi nei sistemi esistenti.<\/p>\n<p>Il nostro misuratore digitale di portata dell'acqua \u00e8 dotato di funzionalit\u00e0 avanzate di registrazione dei dati, che consentono di memorizzare e analizzare i dati di portata in tempo reale. \u00c8 inoltre in grado di generare rapporti e grafici dettagliati per una migliore visualizzazione e analisi dei dati. Grazie a queste funzioni, \u00e8 possibile monitorare e ottimizzare i processi di flusso per migliorare l'efficienza e l'efficacia dei costi.<\/p>\n<table class=\"table table-bordered\">\n<tbody>\n<tr>\n<td><span style=\"vertical-align: inherit;\"><span style=\"vertical-align: inherit;\">Tipo: il tipo<\/span><\/span><\/td>\n<td><span style=\"vertical-align: inherit;\">misuratore digitale di portata d'acqua<\/span><\/td>\n<td><span style=\"vertical-align: inherit;\"><span style=\"vertical-align: inherit;\">Segnale d'uscita: segnale d'uscita<\/span><\/span><\/td>\n<td><span style=\"vertical-align: inherit;\"><span style=\"vertical-align: inherit;\">4-20 mA, impulsi\/frequenza 2kHz (default), 5KHz (max)<\/span><\/span><\/td>\n<\/tr>\n<tr>\n<td><span style=\"vertical-align: inherit;\"><span style=\"vertical-align: inherit;\">Luogo di origine: il luogo di origine<\/span><\/span><\/td>\n<td><span style=\"vertical-align: inherit;\"><span style=\"vertical-align: inherit;\">Jiangsu, Cina<\/span><\/span><\/td>\n<td><span style=\"vertical-align: inherit;\"><span style=\"vertical-align: inherit;\">Incorporare il tipo: il tipo<\/span><\/span><\/td>\n<td><span style=\"vertical-align: inherit;\"><span style=\"vertical-align: inherit;\">-10\u2103- +57\u2103<\/span><\/span><\/td>\n<\/tr>\n<tr>\n<td><span style=\"vertical-align: inherit;\"><span style=\"vertical-align: inherit;\">Garanzia: garanzia<\/span><\/span><\/td>\n<td><span style=\"vertical-align: inherit;\"><span style=\"vertical-align: inherit;\">19 mesi<\/span><\/span><\/td>\n<td><span style=\"vertical-align: inherit;\"><span style=\"vertical-align: inherit;\">Tensione di alimentazione: tensione di alimentazione<\/span><\/span><\/td>\n<td><span style=\"vertical-align: inherit;\"><span style=\"vertical-align: inherit;\">110\/220VAC (100-240VAC), 50Hz\/60Hz; 24VDC\u00b110%<\/span><\/span><\/td>\n<\/tr>\n<tr>\n<td><span style=\"vertical-align: inherit;\"><span style=\"vertical-align: inherit;\">Supporto personalizzato\uff1aSupporto personalizzato<\/span><\/span><\/td>\n<td><span style=\"vertical-align: inherit;\"><span style=\"vertical-align: inherit;\">OEM, ODM, OBM<\/span><\/span><\/td>\n<td><span style=\"vertical-align: inherit;\"><span style=\"vertical-align: inherit;\">Comunicazione digitale: comunicazione digitale<\/span><\/span><\/td>\n<td><span style=\"vertical-align: inherit;\"><span style=\"vertical-align: inherit;\">RS-485, supporto del protocollo standard Mudbugs-RTU; GPRS<\/span><\/span><\/td>\n<\/tr>\n<tr>\n<td><span style=\"vertical-align: inherit;\"><span style=\"vertical-align: inherit;\">Nome della marca: Nome della marca: Nome della marca: Nome della marca: Nome della marca: Nome della marca<\/span><\/span><\/td>\n<td><span style=\"vertical-align: inherit;\"><span style=\"vertical-align: inherit;\">GRUPPO SUYI<\/span><\/span><\/td>\n<td><span style=\"vertical-align: inherit;\"><span style=\"vertical-align: inherit;\">Pressione nominale: pressione nominale<\/span><\/span><\/td>\n<td><span style=\"vertical-align: inherit;\"><span style=\"vertical-align: inherit;\">1MPa (DN15-DN800), 1,6MPa (DN15-DN800), 2,5MPa (DN15-DN600)<\/span><\/span><\/td>\n<\/tr>\n<tr>\n<td><span style=\"vertical-align: inherit;\"><span style=\"vertical-align: inherit;\">Numero di modello: Numero di modello: Numero di modello: Numero di modello: Numero di modello: Numero di modello<\/span><\/span><\/td>\n<td><span style=\"vertical-align: inherit;\"><span style=\"vertical-align: inherit;\">altro<\/span><\/span><\/td>\n<td><span style=\"vertical-align: inherit;\"><span style=\"vertical-align: inherit;\">Sensore: sensore<\/span><\/span><\/td>\n<td><span style=\"vertical-align: inherit;\"><span style=\"vertical-align: inherit;\">0\u2103- +80\u2103 o -25\u2103- +120\u2103 o +70\u2103- +250\u2103<\/span><\/span><\/td>\n<\/tr>\n<tr>\n<td><span style=\"vertical-align: inherit;\"><span style=\"vertical-align: inherit;\">Nome del prodotto: Nome del prodotto: Nome del prodotto: Nome del prodotto: Nome del prodotto: Nome del prodotto<\/span><\/span><\/td>\n<td><span style=\"vertical-align: inherit;\"><span style=\"vertical-align: inherit;\">Misuratore di portata dell'acqua chimica digitale intelligente elettromagnetico<\/span><\/span><\/td>\n<td><span style=\"vertical-align: inherit;\"><span style=\"vertical-align: inherit;\">Dettagli dell'imballaggio:<\/span><\/span><\/td>\n<td><span style=\"vertical-align: inherit;\"><span style=\"vertical-align: inherit;\">1 set per confezione o come richiesto dal cliente<\/span><\/span><\/td>\n<\/tr>\n<tr>\n<td><span style=\"vertical-align: inherit;\"><span style=\"vertical-align: inherit;\">Diametro nominale: diametro nominale<\/span><\/span><\/td>\n<td><span style=\"vertical-align: inherit;\"><span style=\"vertical-align: inherit;\">3-2676 mm<\/span><\/span><\/td>\n<td><span style=\"vertical-align: inherit;\"><span style=\"vertical-align: inherit;\">Capacit\u00e0 di approvvigionamento<\/span><\/span><\/td>\n<td><span style=\"vertical-align: inherit;\"><span style=\"vertical-align: inherit;\">1848 Set\/Set al mese<\/span><\/span><\/td>\n<\/tr>\n<tr>\n<td><span style=\"vertical-align: inherit;\"><span style=\"vertical-align: inherit;\">gamma di velocit\u00e0: il campo di velocit\u00e0<\/span><\/span><\/td>\n<td><span style=\"vertical-align: inherit;\"><span style=\"vertical-align: inherit;\">0-9m\/s<\/span><\/span><\/td>\n<td><span style=\"vertical-align: inherit;\"><span style=\"vertical-align: inherit;\">Quantit\u00e0 (set)<\/span><\/span><\/td>\n<td><span style=\"vertical-align: inherit;\"><span style=\"vertical-align: inherit;\">&gt; 30<\/span><\/span><\/td>\n<\/tr>\n<tr>\n<td><span style=\"vertical-align: inherit;\"><span style=\"vertical-align: inherit;\">Grado di accuratezza: il grado di accuratezza<\/span><\/span><\/td>\n<td><span style=\"vertical-align: inherit;\"><span style=\"vertical-align: inherit;\">\u00b10,5%R, \u00b11%R ( &lt; DN20)<\/span><\/span><\/td>\n<td><span style=\"vertical-align: inherit;\"><span style=\"vertical-align: inherit;\">Tempi di consegna (giorni)<\/span><\/span><\/td>\n<td><span style=\"vertical-align: inherit;\"><span style=\"vertical-align: inherit;\">Da negoziare<\/span><\/span><\/td>\n<\/tr>\n<\/tbody>\n<\/table>\n<p>&nbsp;<\/p>\n<p>&nbsp;<\/p>\n<p style=\"text-align: center;\"><img title=\"misuratore digitale di portata d&#039;acqua\" src=\"https:\/\/www.hginstrument.com\/wp-content\/uploads\/2021\/07\/in-line-pipeline-type-hgd-electromagnetic-flow-meter.jpg\" \/><\/p>\n<p>&nbsp;<\/p>\n<p>&nbsp;<\/p>\n<p style=\"text-align: center;\"><img title=\"misuratore digitale di portata d&#039;acqua\" src=\"https:\/\/www.hginstrument.com\/wp-content\/uploads\/2021\/07\/insertion-01.jpg\" \/><\/p>\n<p>&nbsp;<\/p>\n<p>&nbsp;<\/p>\n<p style=\"text-align: center;\"><img title=\"misuratore digitale di portata d&#039;acqua\" src=\"https:\/\/www.hginstrument.com\/wp-content\/uploads\/2021\/07\/sanitary-mag-1.jpg\" \/><\/p>\n<p><strong>misuratore digitale di portata dell'acqua Guida alle domande frequenti.<\/strong><\/p>\n<p>Al centro della nostra serie di misuratori digitali di portata d'acqua c'\u00e8 un impegno all'eccellenza, che unisce la tecnologia avanzata dei sensori a interfacce di facile utilizzo. Dai liquidi ai gas, i nostri misuratori offrono una precisione senza pari, consentendovi di prendere decisioni informate e di ottimizzare le operazioni. Mentre inauguriamo una nuova era della misurazione dei fluidi, vi invitiamo a esplorare le possibilit\u00e0 illimitate che i nostri misuratori digitali di portata d'acqua dischiudono: dove la precisione incontra le prestazioni e l'innovazione fluisce senza soluzione di continuit\u00e0.<\/p>\n<div style=\"border: 3px solid #f89900; margin: 20px 0; padding: 20px;\"><a href=\"\/it\/digital-water-flow-meter\/#01\">1.Informazioni sul sistema di approvvigionamento delle materie prime del misuratore digitale di portata dell'acqua<\/a><br \/>\n<a href=\"\/it\/digital-water-flow-meter\/#02\">2.Informazioni sul sistema di approvvigionamento delle materie prime del misuratore digitale di portata dell'acqua<\/a><br \/>\n<a href=\"\/it\/digital-water-flow-meter\/#03\">3.Il misuratore digitale di portata d'acqua \u00e8 impermeabile?<\/a><br \/>\n<a href=\"\/it\/digital-water-flow-meter\/#04\">4.Circa il metodo di pagamento del misuratore digitale di portata dell'acqua<\/a><br \/>\n<a href=\"\/it\/digital-water-flow-meter\/#05\">5.Quali sono le caratteristiche del misuratore digitale di portata dell'acqua?<\/a><br \/>\n<a href=\"\/it\/digital-water-flow-meter\/#06\">6.Come fa il misuratore di portata digitale a rilevare le propriet\u00e0 del fluido di destinazione?<\/a><br \/>\n<a href=\"\/it\/digital-water-flow-meter\/#07\">7.Informazioni sul metodo di pagamento del misuratore digitale di portata dell'acqua<\/a><br \/>\n<a href=\"\/it\/digital-water-flow-meter\/#08\">8. La storia dello sviluppo della fabbrica di misuratori digitali di portata d'acqua<\/a><br \/>\n<a href=\"\/it\/digital-water-flow-meter\/#09\">9.About misuratore di portata d'acqua digitale MOQ<\/a><br \/>\n<a href=\"\/it\/digital-water-flow-meter\/#010\">10.Informazioni sulla tecnologia dei misuratori digitali di portata d'acqua<\/a><br \/>\n<a href=\"\/it\/digital-water-flow-meter\/#11\">11.Il misuratore digitale di portata dell'acqua ha capacit\u00e0 di memorizzazione dei dati?<\/a><br \/>\n<a href=\"\/it\/digital-water-flow-meter\/#12\">12.Qual \u00e8 la classificazione antideflagrante del misuratore digitale di portata dell'acqua?<\/a><br \/>\n<a href=\"\/it\/digital-water-flow-meter\/#13\">13.Qual \u00e8 la differenza tra il misuratore digitale di portata d'acqua SUYI group e il misuratore digitale di portata d'acqua Schneider Electric e il misuratore digitale di portata d'acqua Badger Meter?<\/a><br \/>\n<a href=\"\/it\/digital-water-flow-meter\/#14\">14.Qual \u00e8 la differenza tra il misuratore digitale di portata d'acqua SUYI group e il misuratore digitale di portata d'acqua Siemens e il misuratore digitale di portata d'acqua GE?<\/a><\/div>\n<div id=\"01\">\n<p><strong>1.Informazioni sul sistema di approvvigionamento delle materie prime del misuratore digitale di portata dell'acqua<\/strong><\/p>\n<p>Un sistema di approvvigionamento di materie prime per misuratori di portata \u00e8 una soluzione software progettata per semplificare il processo di acquisto delle materie prime per la produzione di misuratori di portata. Il sistema consente agli utenti di ricercare e acquistare in modo rapido e semplice i componenti necessari per la produzione dei misuratori di portata. Fornisce inoltre informazioni dettagliate sui componenti, compresi prezzi, disponibilit\u00e0 e tempi di consegna. Il sistema consente inoltre di tenere traccia degli ordini e di gestire l'inventario. Ci\u00f2 contribuisce a garantire che i componenti giusti siano sempre disponibili quando servono.<\/p>\n<\/div>\n<div id=\"02\">\n<p><strong>2.Informazioni sul sistema di approvvigionamento delle materie prime del misuratore digitale di portata dell'acqua<\/strong><\/p>\n<p>Un sistema di approvvigionamento di materie prime per misuratori di portata \u00e8 una soluzione software progettata per semplificare il processo di acquisto delle materie prime per la produzione di misuratori di portata. Il sistema consente agli utenti di ricercare e acquistare in modo rapido e semplice i componenti necessari per la produzione dei misuratori di portata. Fornisce inoltre informazioni dettagliate sui componenti, compresi prezzi, disponibilit\u00e0 e tempi di consegna. Il sistema consente inoltre di tenere traccia degli ordini e di gestire l'inventario. Ci\u00f2 contribuisce a garantire che i componenti giusti siano sempre disponibili quando servono.<\/p>\n<\/div>\n<div id=\"03\">\n<p><strong>3.Il misuratore digitale di portata d'acqua \u00e8 impermeabile?<\/strong><\/p>\n<p>Ci concentriamo sulle esigenze dei nostri clienti e ci sforziamo di soddisfare le loro aspettative, quindi prendiamo molto sul serio questo aspetto.<br \/>\nNo, la maggior parte dei misuratori di portata non \u00e8 impermeabile. Tuttavia, alcuni modelli possono essere progettati per essere resistenti all'acqua o impermeabili. \u00c8 importante verificare le specifiche del misuratore di portata per determinare se \u00e8 adatto all'uso in ambienti umidi o bagnati.<\/p>\n<\/div>\n<div id=\"04\">\n<p><strong>4.Circa il metodo di pagamento del misuratore digitale di portata dell'acqua<\/strong><\/p>\n<p>Il pagamento tramite contatore di flusso \u00e8 un metodo di pagamento che utilizza un contatore di flusso per misurare la quantit\u00e0 di energia utilizzata da un cliente. Il cliente paga l'energia utilizzata in base alla quantit\u00e0 di energia misurata dal contatore. Questo metodo di pagamento \u00e8 spesso utilizzato in ambienti commerciali e industriali, dove il consumo di energia \u00e8 elevato e deve essere monitorato con precisione. Il pagamento tramite contatore di flusso \u00e8 utilizzato anche in alcuni contesti residenziali, dove i clienti possono pagare per il loro utilizzo di energia in base alla quantit\u00e0 di energia che utilizzano.<\/p>\n<\/div>\n<div id=\"05\">\n<p><strong>5.Quali sono le caratteristiche del misuratore digitale di portata dell'acqua?<\/strong><\/p>\n<p>Abbiamo stabilito collaborazioni stabili e a lungo termine con i nostri fornitori, per cui abbiamo grandi vantaggi in termini di prezzo, costi e garanzia di qualit\u00e0.<br \/>\n1. Precisione: I misuratori di portata devono essere in grado di misurare con precisione la portata di un fluido.<\/p>\n<p>2. Gamma: I flussimetri devono essere in grado di misurare un'ampia gamma di portate.<\/p>\n<p>3. Ripetibilit\u00e0: I flussimetri devono essere in grado di misurare costantemente la stessa portata nel tempo.<\/p>\n<p>4. Tempo di risposta: I misuratori di portata devono essere in grado di rispondere rapidamente alle variazioni di portata.<\/p>\n<p>5. Durata: I misuratori di portata devono essere in grado di resistere alle condizioni difficili dell'ambiente in cui vengono utilizzati.<\/p>\n<p>6. Costo: I misuratori di portata devono essere economicamente vantaggiosi per l'applicazione.<\/p>\n<p><img style=\"max-width: 100%;\" title=\"Quali sono le caratteristiche del misuratore digitale di portata dell&#039;acqua?\" src=\"https:\/\/www.hginstrument.com\/wp-content\/uploads\/2021\/07\/hgtf-6.jpg\" alt=\"Quali sono le caratteristiche del misuratore digitale di portata dell&#039;acqua?\" \/><\/p>\n<\/div>\n<div id=\"06\">\n<p><strong>6.Come fa il misuratore di portata digitale a rilevare le propriet\u00e0 del fluido di destinazione?<\/strong><\/p>\n<p>In qualit\u00e0 di leader del mercato dei misuratori digitali di portata dell'acqua, siamo noti per l'innovazione e l'affidabilit\u00e0.<br \/>\nI flussimetri misurano la portata di un fluido rilevandone la velocit\u00e0. Ci\u00f2 avviene tipicamente misurando la caduta di pressione attraverso una restrizione nota nel percorso del flusso, oppure misurando la velocit\u00e0 del fluido utilizzando una serie di tecnologie come quella ultrasonica, magnetica o termica. La portata pu\u00f2 quindi essere utilizzata per calcolare le propriet\u00e0 del fluido, come la densit\u00e0, la viscosit\u00e0 e la portata volumetrica.<\/p>\n<\/div>\n<div id=\"07\">\n<p><strong>7.Informazioni sul metodo di pagamento del misuratore digitale di portata dell'acqua<\/strong><\/p>\n<p>Il pagamento tramite contatore di flusso \u00e8 un metodo di pagamento che utilizza un contatore di flusso per misurare la quantit\u00e0 di energia utilizzata da un cliente. Il cliente paga l'energia utilizzata in base alla quantit\u00e0 di energia misurata dal contatore. Questo metodo di pagamento \u00e8 spesso utilizzato in ambienti commerciali e industriali, dove il consumo di energia \u00e8 elevato e deve essere monitorato con precisione. Il pagamento tramite contatore di flusso \u00e8 utilizzato anche in alcuni contesti residenziali, dove i clienti possono pagare per il loro utilizzo di energia in base alla quantit\u00e0 di energia che utilizzano.<\/p>\n<\/div>\n<div id=\"08\">\n<p><strong>8. La storia dello sviluppo della fabbrica di misuratori digitali di portata d'acqua<\/strong><\/p>\n<p>La fabbrica di misuratori di portata \u00e8 stata fondata all'inizio degli anni Novanta. \u00c8 stata fondata da un gruppo di ingegneri e tecnici con una vasta esperienza nella progettazione e nella produzione di misuratori di portata. Inizialmente l'azienda si \u00e8 concentrata sulla produzione di misuratori di portata meccanici, ma ben presto ha ampliato la propria gamma di prodotti includendo anche misuratori di portata elettronici. Nel corso degli anni, l'azienda ha sviluppato un'ampia gamma di misuratori di portata per diverse applicazioni, tra cui quelle industriali, commerciali e residenziali. L'azienda ha inoltre sviluppato una serie di soluzioni software e hardware per la misurazione e il controllo del flusso. Oggi l'azienda \u00e8 uno dei principali produttori di misuratori di portata e prodotti correlati ed \u00e8 riconosciuta come leader del settore.<\/p>\n<\/div>\n<div id=\"09\">\n<p><strong>9.About misuratore di portata d'acqua digitale MOQ<\/strong><\/p>\n<p>La quantit\u00e0 minima ordinabile (MOQ) per un misuratore di portata dipende dal tipo di misuratore e dal produttore. In genere, il MOQ per un misuratore di portata \u00e8 compreso tra 1 e 10 unit\u00e0, ma pu\u00f2 variare a seconda del produttore e del tipo di misuratore.<\/p>\n<\/div>\n<div id=\"010\">\n<p><strong>10.Informazioni sulla tecnologia dei misuratori digitali di portata d'acqua<\/strong><\/p>\n<p>La tecnologia dei misuratori di portata \u00e8 un tipo di tecnologia di misura utilizzata per misurare la velocit\u00e0 di flusso di un fluido o di un gas. Viene utilizzata in diversi settori, tra cui quello petrolifero e del gas, dell'acqua e delle acque reflue e del trattamento chimico. I flussimetri misurano la portata di un fluido o di un gas misurando la pressione, la velocit\u00e0 o altre propriet\u00e0 fisiche del fluido o del gas. I flussimetri possono essere utilizzati per misurare la portata di liquidi, gas e vapore. Vengono utilizzati per misurare la portata di una variet\u00e0 di fluidi, tra cui acqua, olio e sostanze chimiche. I misuratori di portata sono utilizzati in diverse applicazioni, tra cui il controllo dei processi, la gestione dell'energia e il monitoraggio della sicurezza.<\/p>\n<p><img style=\"max-width: 100%;\" title=\"La tecnologia dei misuratori digitali di portata dell&#039;acqua\" src=\"https:\/\/www.hginstrument.com\/wp-content\/uploads\/2021\/07\/nozzle-1.jpg\" alt=\"La tecnologia dei misuratori digitali di portata dell&#039;acqua\" \/><\/p>\n<\/div>\n<div id=\"11\">\n<p><strong>11.Il misuratore digitale di portata dell'acqua ha capacit\u00e0 di memorizzazione dei dati?<\/strong><\/p>\n<p>Ci concentriamo sull'innovazione e sul miglioramento continuo per mantenere un vantaggio competitivo.<br \/>\nDipende dal tipo di misuratore di portata. Alcuni misuratori di portata hanno capacit\u00e0 di memorizzazione dei dati, mentre altri non ne hanno.<\/p>\n<\/div>\n<div id=\"12\">\n<p><strong>12.Qual \u00e8 la classificazione antideflagrante del misuratore digitale di portata dell'acqua?<\/strong><\/p>\n<p>I nostri misuratori digitali di portata d'acqua sono sottoposti a un rigoroso controllo di qualit\u00e0 per garantire la soddisfazione dei clienti.<br \/>\nLe classificazioni antideflagranti dei misuratori di portata variano a seconda del tipo di misuratore e dell'applicazione. In genere, i misuratori di portata sono classificati per la Classe I, Divisione 1, Gruppi C e D, o per la Classe II, Divisione 1, Gruppi E, F e G.<\/p>\n<\/div>\n<div id=\"13\">\n<p><strong>13.Qual \u00e8 la differenza tra il misuratore digitale di portata d'acqua SUYI group e il misuratore digitale di portata d'acqua Schneider Electric e il misuratore digitale di portata d'acqua Badger Meter?<\/strong><\/p>\n<p>I misuratori di portata di SUYI Group sono tipicamente utilizzati per applicazioni industriali, come la misurazione del flusso di liquidi, gas e vapore. Sono progettati per essere affidabili e precisi e sono disponibili in una variet\u00e0 di dimensioni e materiali.<\/p>\n<p>I misuratori di portata di Schneider Electric sono progettati per applicazioni industriali e commerciali e sono disponibili in una variet\u00e0 di dimensioni e materiali. Sono progettati per essere affidabili e precisi e sono adatti a un'ampia gamma di applicazioni.<\/p>\n<p>I misuratori di portata di Badger Meter sono progettati per applicazioni industriali e commerciali e sono disponibili in una variet\u00e0 di dimensioni e materiali. Sono progettati per essere affidabili e precisi e sono adatti a un'ampia gamma di applicazioni. Offrono inoltre una serie di funzioni, come il monitoraggio remoto e la registrazione dei dati.<\/p>\n<\/div>\n<div id=\"14\">\n<p><strong>14.Qual \u00e8 la differenza tra il misuratore digitale di portata d'acqua SUYI group e il misuratore digitale di portata d'acqua Siemens e il misuratore digitale di portata d'acqua GE?<\/strong><\/p>\n<p>I misuratori di portata di SUYI Group sono tipicamente utilizzati per misurare il flusso di liquidi, gas e vapore. Sono progettati per essere precisi, affidabili e facili da installare e mantenere. I misuratori di portata SUYI sono disponibili in varie dimensioni e materiali e possono essere utilizzati in diverse applicazioni.<\/p>\n<p>I misuratori di portata Siemens sono progettati per misurare il flusso di liquidi, gas e vapore. Sono progettati per essere precisi, affidabili e facili da installare e mantenere. I misuratori di portata Siemens sono disponibili in varie dimensioni e materiali e possono essere utilizzati in numerose applicazioni.<\/p>\n<p>I misuratori di portata GE sono progettati per misurare il flusso di liquidi, gas e vapore. Sono progettati per essere precisi, affidabili e facili da installare e mantenere. I misuratori di portata GE sono disponibili in diverse dimensioni e materiali e possono essere utilizzati in una variet\u00e0 di applicazioni. Offrono inoltre un'ampia gamma di funzioni, come display digitali, allarmi e funzionalit\u00e0 di registrazione dei dati.<\/p>\n<\/div>\n<p>&nbsp;<\/p>\n<p>Tag\uff1a<a href=\"\/it\/magnetic-flow-meter\/gpi-water-flow-meter\/\">misuratore di portata d'acqua gpi<\/a>,<a href=\"\/it\/magnetic-flow-meter\/pd-flow-meter-manufacturers\/\">produttori di misuratori di portata pd<\/a>,<a href=\"\/it\/magnetic-flow-meter\/thermal-mass-flow-meter-emerson\/\">misuratore di portata massica termica emerson<\/a>,<a href=\"\/it\/magnetic-flow-meter\/mag-meter-flow-meter\/\">misuratore di portata magmatico<\/a>,<a href=\"\/it\/magnetic-flow-meter\/in-line-air-flow-meter\/\">misuratore di portata d'aria in linea<\/a><\/p>\n<p>&nbsp;<\/p>","protected":false},"excerpt":{"rendered":"<p><strong>Dati tecnici<\/strong><br \/>\nPu\u00f2 servire fluidi liquidi o gassosi; di solito viene utilizzato per misurare il flusso di vapore, aria e gas naturale.<br \/>\nDimensioni del contatore: Tipo in linea: DN25 - DN300<br \/>\nOpzione materiale bagnato: SS304, SS316<br \/>\nTemperatura di funzionamento: \u2264250\u2103<br \/>\nConnessione al processo: Wafer \/ Flangia \/ Tri-clamp per il tipo in linea<br \/>\nPrecisione di misura: 1,0 % - 1,5% del campo di calibrazione<br \/>\nIndicatore digitale: visualizzazione del flusso istantaneo, del flusso totale<br \/>\nAlimentazione: 24VDC, Uscita: 4-20mA<\/p>\n<p><strong>caratteristiche<\/strong><br \/>\n1.Punti di attivazione\/disattivazione regolabili<br \/>\n2. Modalit\u00e0 di allarme flusso Hi o Lo<br \/>\n3. Ritardo regolabile<br \/>\n4.LED di stato del rel\u00e8<\/p>","protected":false},"featured_media":3691,"comment_status":"closed","ping_status":"closed","template":"","meta":[],"product_cat":[2372],"product_tag":[],"acf":[],"_links":{"self":[{"href":"https:\/\/www.hginstrument.com\/it\/wp-json\/wp\/v2\/product\/5122"}],"collection":[{"href":"https:\/\/www.hginstrument.com\/it\/wp-json\/wp\/v2\/product"}],"about":[{"href":"https:\/\/www.hginstrument.com\/it\/wp-json\/wp\/v2\/types\/product"}],"replies":[{"embeddable":true,"href":"https:\/\/www.hginstrument.com\/it\/wp-json\/wp\/v2\/comments?post=5122"}],"wp:featuredmedia":[{"embeddable":true,"href":"https:\/\/www.hginstrument.com\/it\/wp-json\/wp\/v2\/media\/3691"}],"wp:attachment":[{"href":"https:\/\/www.hginstrument.com\/it\/wp-json\/wp\/v2\/media?parent=5122"}],"wp:term":[{"taxonomy":"product_cat","embeddable":true,"href":"https:\/\/www.hginstrument.com\/it\/wp-json\/wp\/v2\/product_cat?post=5122"},{"taxonomy":"product_tag","embeddable":true,"href":"https:\/\/www.hginstrument.com\/it\/wp-json\/wp\/v2\/product_tag?post=5122"}],"curies":[{"name":"wp","href":"https:\/\/api.w.org\/{rel}","templated":true}]}}