{"id":5136,"date":"2023-12-23T19:24:21","date_gmt":"2023-12-23T11:24:21","guid":{"rendered":"https:\/\/www.hginstrument.com\/?post_type=product&#038;p=5136"},"modified":"2024-01-10T08:48:35","modified_gmt":"2024-01-10T00:48:35","slug":"dura-mag-flow-meter","status":"publish","type":"product","link":"https:\/\/www.hginstrument.com\/it\/magnetic-flow-meter\/dura-mag-flow-meter\/","title":{"rendered":"dura mag flow meter"},"content":{"rendered":"<p>Whether it&#8217;s for industrial process control, environmental monitoring, or energy management, the dura mag flow meter is a top-performing product that guarantees precise and reliable flow measurement. With its advanced technology and versatile capabilities, this device is an essential tool for any industry seeking accurate and efficient flow monitoring solutions.<\/p>\n<p>The dura mag flow meter is equipped with a digital display, making it easy to read and interpret the flow rate in various units. Its user-friendly interface allows for quick and simple calibration and adjustments.<\/p>\n<p>In addition, dura mag flow meter offers various models for different applications, including electromagnetic, ultrasonic, and thermal dispersion. Each model is designed with specific features to cater to the unique needs of its users.<\/p>\n<table class=\"table table-bordered\">\n<tbody>\n<tr>\n<td><span style=\"vertical-align: inherit;\"><span style=\"vertical-align: inherit;\">Tipo: il tipo<\/span><\/span><\/td>\n<td><span style=\"vertical-align: inherit;\">dura mag flow meter<\/span><\/td>\n<td><span style=\"vertical-align: inherit;\"><span style=\"vertical-align: inherit;\">Segnale d'uscita: segnale d'uscita<\/span><\/span><\/td>\n<td><span style=\"vertical-align: inherit;\"><span style=\"vertical-align: inherit;\">4-20 mA, impulsi\/frequenza 2kHz (default), 5KHz (max)<\/span><\/span><\/td>\n<\/tr>\n<tr>\n<td><span style=\"vertical-align: inherit;\"><span style=\"vertical-align: inherit;\">Luogo di origine: il luogo di origine<\/span><\/span><\/td>\n<td><span style=\"vertical-align: inherit;\"><span style=\"vertical-align: inherit;\">Jiangsu, Cina<\/span><\/span><\/td>\n<td><span style=\"vertical-align: inherit;\"><span style=\"vertical-align: inherit;\">Incorporare il tipo: il tipo<\/span><\/span><\/td>\n<td><span style=\"vertical-align: inherit;\"><span style=\"vertical-align: inherit;\">-10\u2103- +52\u2103<\/span><\/span><\/td>\n<\/tr>\n<tr>\n<td><span style=\"vertical-align: inherit;\"><span style=\"vertical-align: inherit;\">Garanzia: garanzia<\/span><\/span><\/td>\n<td><span style=\"vertical-align: inherit;\"><span style=\"vertical-align: inherit;\">25 mesi<\/span><\/span><\/td>\n<td><span style=\"vertical-align: inherit;\"><span style=\"vertical-align: inherit;\">Tensione di alimentazione: tensione di alimentazione<\/span><\/span><\/td>\n<td><span style=\"vertical-align: inherit;\"><span style=\"vertical-align: inherit;\">110\/220VAC (100-240VAC), 50Hz\/60Hz; 24VDC\u00b110%<\/span><\/span><\/td>\n<\/tr>\n<tr>\n<td><span style=\"vertical-align: inherit;\"><span style=\"vertical-align: inherit;\">Supporto personalizzato\uff1aSupporto personalizzato<\/span><\/span><\/td>\n<td><span style=\"vertical-align: inherit;\"><span style=\"vertical-align: inherit;\">OEM, ODM, OBM<\/span><\/span><\/td>\n<td><span style=\"vertical-align: inherit;\"><span style=\"vertical-align: inherit;\">Comunicazione digitale: comunicazione digitale<\/span><\/span><\/td>\n<td><span style=\"vertical-align: inherit;\"><span style=\"vertical-align: inherit;\">RS-485, supporto del protocollo standard Mudbugs-RTU; GPRS<\/span><\/span><\/td>\n<\/tr>\n<tr>\n<td><span style=\"vertical-align: inherit;\"><span style=\"vertical-align: inherit;\">Nome della marca: Nome della marca: Nome della marca: Nome della marca: Nome della marca: Nome della marca<\/span><\/span><\/td>\n<td><span style=\"vertical-align: inherit;\"><span style=\"vertical-align: inherit;\">GRUPPO SUYI<\/span><\/span><\/td>\n<td><span style=\"vertical-align: inherit;\"><span style=\"vertical-align: inherit;\">Pressione nominale: pressione nominale<\/span><\/span><\/td>\n<td><span style=\"vertical-align: inherit;\"><span style=\"vertical-align: inherit;\">1MPa (DN15-DN800), 1,6MPa (DN15-DN800), 2,5MPa (DN15-DN600)<\/span><\/span><\/td>\n<\/tr>\n<tr>\n<td><span style=\"vertical-align: inherit;\"><span style=\"vertical-align: inherit;\">Numero di modello: Numero di modello: Numero di modello: Numero di modello: Numero di modello: Numero di modello<\/span><\/span><\/td>\n<td><span style=\"vertical-align: inherit;\"><span style=\"vertical-align: inherit;\">altro<\/span><\/span><\/td>\n<td><span style=\"vertical-align: inherit;\"><span style=\"vertical-align: inherit;\">Sensore: sensore<\/span><\/span><\/td>\n<td><span style=\"vertical-align: inherit;\"><span style=\"vertical-align: inherit;\">0\u2103- +80\u2103 o -25\u2103- +120\u2103 o +70\u2103- +250\u2103<\/span><\/span><\/td>\n<\/tr>\n<tr>\n<td><span style=\"vertical-align: inherit;\"><span style=\"vertical-align: inherit;\">Nome del prodotto: Nome del prodotto: Nome del prodotto: Nome del prodotto: Nome del prodotto: Nome del prodotto<\/span><\/span><\/td>\n<td><span style=\"vertical-align: inherit;\"><span style=\"vertical-align: inherit;\">Misuratore di portata dell'acqua chimica digitale intelligente elettromagnetico<\/span><\/span><\/td>\n<td><span style=\"vertical-align: inherit;\"><span style=\"vertical-align: inherit;\">Dettagli dell'imballaggio:<\/span><\/span><\/td>\n<td><span style=\"vertical-align: inherit;\"><span style=\"vertical-align: inherit;\">1 set per confezione o come richiesto dal cliente<\/span><\/span><\/td>\n<\/tr>\n<tr>\n<td><span style=\"vertical-align: inherit;\"><span style=\"vertical-align: inherit;\">Diametro nominale: diametro nominale<\/span><\/span><\/td>\n<td><span style=\"vertical-align: inherit;\"><span style=\"vertical-align: inherit;\">3-2636mm<\/span><\/span><\/td>\n<td><span style=\"vertical-align: inherit;\"><span style=\"vertical-align: inherit;\">Capacit\u00e0 di approvvigionamento<\/span><\/span><\/td>\n<td><span style=\"vertical-align: inherit;\"><span style=\"vertical-align: inherit;\">2161 Set\/Set al mese<\/span><\/span><\/td>\n<\/tr>\n<tr>\n<td><span style=\"vertical-align: inherit;\"><span style=\"vertical-align: inherit;\">gamma di velocit\u00e0: il campo di velocit\u00e0<\/span><\/span><\/td>\n<td><span style=\"vertical-align: inherit;\"><span style=\"vertical-align: inherit;\">0-15m\/s<\/span><\/span><\/td>\n<td><span style=\"vertical-align: inherit;\"><span style=\"vertical-align: inherit;\">Quantit\u00e0 (set)<\/span><\/span><\/td>\n<td><span style=\"vertical-align: inherit;\"><span style=\"vertical-align: inherit;\">&gt; 30<\/span><\/span><\/td>\n<\/tr>\n<tr>\n<td><span style=\"vertical-align: inherit;\"><span style=\"vertical-align: inherit;\">Grado di accuratezza: il grado di accuratezza<\/span><\/span><\/td>\n<td><span style=\"vertical-align: inherit;\"><span style=\"vertical-align: inherit;\">\u00b10,5%R, \u00b11%R ( &lt; DN20)<\/span><\/span><\/td>\n<td><span style=\"vertical-align: inherit;\"><span style=\"vertical-align: inherit;\">Tempi di consegna (giorni)<\/span><\/span><\/td>\n<td><span style=\"vertical-align: inherit;\"><span style=\"vertical-align: inherit;\">Da negoziare<\/span><\/span><\/td>\n<\/tr>\n<\/tbody>\n<\/table>\n<p>&nbsp;<\/p>\n<p>&nbsp;<\/p>\n<p style=\"text-align: center;\"><img title=\"dura mag flow meter\" src=\"https:\/\/www.hginstrument.com\/wp-content\/uploads\/2021\/07\/in-line-pipeline-type-hgd-electromagnetic-flow-meter.jpg\" \/><\/p>\n<p>&nbsp;<\/p>\n<p>&nbsp;<\/p>\n<p style=\"text-align: center;\"><img title=\"dura mag flow meter\" src=\"https:\/\/www.hginstrument.com\/wp-content\/uploads\/2021\/07\/insertion-01.jpg\" \/><\/p>\n<p>&nbsp;<\/p>\n<p>&nbsp;<\/p>\n<p style=\"text-align: center;\"><img title=\"dura mag flow meter\" src=\"https:\/\/www.hginstrument.com\/wp-content\/uploads\/2021\/07\/sanitary-mag-1.jpg\" \/><\/p>\n<p><strong>dura mag flow meter FAQs Guide.<\/strong><\/p>\n<p>At the heart of our dura mag flow meter series lies a commitment to excellence, blending advanced sensor technology with user-friendly interfaces. From liquid to gas, our meters deliver unparalleled accuracy, empowering you to make informed decisions and streamline operations. As we usher in a new era of fluid measurement, we invite you to explore the limitless possibilities that our dura mag flow meters unlock \u2013 where precision meets performance, and innovation flows seamlessly.<\/p>\n<div style=\"border: 3px solid #f89900; margin: 20px 0; padding: 20px;\"><a href=\"\/it\/dura-mag-flow-meter\/#01\">1.Does the dura mag flow meter have multi-language display capabilities?<\/a><br \/>\n<a href=\"\/it\/dura-mag-flow-meter\/#02\">2.Is the dura mag flow meter waterproof?<\/a><br \/>\n<a href=\"\/it\/dura-mag-flow-meter\/#03\">3.About dura mag flow meter delivery date<\/a><br \/>\n<a href=\"\/it\/dura-mag-flow-meter\/#04\">4.What industries is dura mag flow meter suitable for?<\/a><br \/>\n<a href=\"\/it\/dura-mag-flow-meter\/#05\">5.About dura mag flow meter MOQ<\/a><br \/>\n<a href=\"\/it\/dura-mag-flow-meter\/#06\">6.What are the installation methods of dura mag flow meter?<\/a><br \/>\n<a href=\"\/it\/dura-mag-flow-meter\/#07\">7.About dura mag flow meter overseas warehouse<\/a><br \/>\n<a href=\"\/it\/dura-mag-flow-meter\/#08\">8.What is the function of dura mag flow meter?<\/a><br \/>\n<a href=\"\/it\/dura-mag-flow-meter\/#09\">9.About dura mag flow meter production equipment<\/a><br \/>\n<a href=\"\/it\/dura-mag-flow-meter\/#010\">10.About dura mag flow meter payment method<\/a><br \/>\n<a href=\"\/it\/dura-mag-flow-meter\/#11\">11.Does the dura mag flow meter have remote control capabilities?<\/a><br \/>\n<a href=\"\/it\/dura-mag-flow-meter\/#12\">12.About the scale of dura mag flow meter factory<\/a><br \/>\n<a href=\"\/it\/dura-mag-flow-meter\/#13\">13.About dura mag flow meter production skills training<\/a><br \/>\n<a href=\"\/it\/dura-mag-flow-meter\/#14\">14.What are the requirements for the specific installation location of the dura mag flow meter?<\/a><br \/>\n<a href=\"\/it\/dura-mag-flow-meter\/#15\">15.About dura mag flow meter production capacity<\/a><br \/>\n<a href=\"\/it\/dura-mag-flow-meter\/#16\">16.About dura mag flow meter inventory<\/a><br \/>\n<a href=\"\/it\/dura-mag-flow-meter\/#17\">17.About dura mag flow meter warranty<\/a><\/div>\n<div id=\"01\">\n<p><strong>1.Does the dura mag flow meter have multi-language display capabilities?<\/strong><\/p>\n<p>As one of the top dura mag flow meter manufacturers in China, we take this very seriously.<br \/>\nS\u00ec, alcuni misuratori di portata sono dotati di funzionalit\u00e0 di visualizzazione multilingue. Tuttavia, questa funzione non \u00e8 disponibile su tutti i modelli. \u00c8 meglio verificare con il produttore se il modello specifico a cui si \u00e8 interessati \u00e8 dotato di questa funzione.<\/p>\n<\/div>\n<div id=\"02\">\n<p><strong>2.Is the dura mag flow meter waterproof?<\/strong><\/p>\n<p>Ci concentriamo sulle esigenze dei nostri clienti e ci sforziamo di soddisfare le loro aspettative, quindi prendiamo molto sul serio questo aspetto.<br \/>\nNo, la maggior parte dei misuratori di portata non \u00e8 impermeabile. Tuttavia, alcuni modelli possono essere progettati per essere resistenti all'acqua o impermeabili. \u00c8 importante verificare le specifiche del misuratore di portata per determinare se \u00e8 adatto all'uso in ambienti umidi o bagnati.<\/p>\n<\/div>\n<div id=\"03\">\n<p><strong>3.About dura mag flow meter delivery date<\/strong><\/p>\n<p>La data di consegna di un misuratore di portata dipende dal tipo di misuratore, dal produttore e dalla disponibilit\u00e0 del prodotto. In genere, la maggior parte dei misuratori di portata pu\u00f2 essere consegnata entro pochi giorni o poche settimane. Tuttavia, alcuni misuratori di portata specializzati possono richiedere tempi di consegna pi\u00f9 lunghi. \u00c8 meglio contattare direttamente il produttore per ottenere una data di consegna precisa.<\/p>\n<\/div>\n<div id=\"04\">\n<p><strong>4.What industries is dura mag flow meter suitable for?<\/strong><\/p>\n<p>Manteniamo una certa quantit\u00e0 di investimenti in R&amp;S ogni anno e miglioriamo continuamente l'efficienza operativa per fornire servizi migliori ai nostri clienti cooperativi.<br \/>\nI misuratori di portata sono adatti a un'ampia gamma di settori, tra cui petrolio e gas, acqua e acque reflue, lavorazione chimica, alimenti e bevande, farmaceutico, produzione di energia e HVAC.<\/p>\n<p><img style=\"max-width: 100%;\" title=\"What industries is dura mag flow meter suitable for?\" src=\"https:\/\/www.hginstrument.com\/wp-content\/uploads\/2021\/07\/hls-2000p-z1.jpg\" alt=\"What industries is dura mag flow meter suitable for?\" \/><\/p>\n<\/div>\n<div id=\"05\">\n<p><strong>5.About dura mag flow meter MOQ<\/strong><\/p>\n<p>La quantit\u00e0 minima ordinabile (MOQ) per un misuratore di portata dipende dal tipo di misuratore e dal produttore. In genere, il MOQ per un misuratore di portata \u00e8 compreso tra 1 e 10 unit\u00e0, ma pu\u00f2 variare a seconda del produttore e del tipo di misuratore.<\/p>\n<\/div>\n<div id=\"06\">\n<p><strong>6.What are the installation methods of dura mag flow meter?<\/strong><\/p>\n<p>Our mission is to provide customers with the best solutions for dura mag flow meter.<br \/>\n1. Installazione in linea: \u00c8 il tipo di installazione pi\u00f9 comune per i misuratori di portata. Consiste nel collocare il misuratore di portata direttamente nel tubo o nel condotto in cui scorre il fluido.<\/p>\n<p>2. Installazione a inserimento: Questo tipo di installazione prevede l'inserimento del misuratore di portata nel tubo o nel condotto. In genere si utilizza una flangia o un raccordo.<\/p>\n<p>3. Installazione a canale aperto: Questo tipo di installazione si utilizza quando il flusso si trova in un canale aperto, come un fiume o un torrente. Il misuratore di portata viene posizionato nel canale e misura la portata.<\/p>\n<p>4. Installazione sommersa: Questo tipo di installazione si utilizza quando il flusso si trova in un ambiente sommerso, come un pozzo o un serbatoio. Il misuratore di portata viene inserito nell'acqua e misura la portata.<\/p>\n<\/div>\n<div id=\"07\">\n<p><strong>7.About dura mag flow meter overseas warehouse<\/strong><\/p>\n<p>I magazzini esteri di misuratori di portata sono magazzini situati in paesi stranieri che immagazzinano misuratori di portata e prodotti correlati. Questi magazzini sono utilizzati per immagazzinare e distribuire i misuratori di portata ai clienti in diversi Paesi. In genere sono situati in paesi che hanno una grande richiesta di misuratori di portata, come gli Stati Uniti, il Canada e l'Europa. I magazzini sono solitamente di propriet\u00e0 e gestiti dal produttore dei misuratori di portata o da un fornitore di logistica terzo. I magazzini sono in genere forniti di una variet\u00e0 di misuratori di portata, compresi quelli digitali, analogici e a ultrasuoni. Inoltre, in genere, conservano parti di ricambio e accessori per i misuratori di portata.<\/p>\n<\/div>\n<div id=\"08\">\n<p><strong>8.What is the function of dura mag flow meter?<\/strong><\/p>\n<p>Our company has many years of dura mag flow meter experience and expertise.<br \/>\nUn misuratore di portata \u00e8 un dispositivo utilizzato per misurare la portata o la quantit\u00e0 di un gas o di un liquido che si muove attraverso un tubo. Viene utilizzato per misurare la velocit\u00e0 di flusso di un liquido o di un gas in un condotto chiuso. I misuratori di portata sono utilizzati in diversi settori, tra cui il trattamento delle acque e delle acque reflue, il petrolio e il gas e il trattamento chimico.<\/p>\n<p><img style=\"max-width: 100%;\" title=\"What is the function of dura mag flow meter?\" src=\"https:\/\/www.hginstrument.com\/wp-content\/uploads\/2021\/07\/in-line-pipeline-type-hgd-electromagnetic-flow-meter.jpg\" alt=\"What is the function of dura mag flow meter?\" \/><\/p>\n<\/div>\n<div id=\"09\">\n<p><strong>9.About dura mag flow meter production equipment<\/strong><\/p>\n<p>Le attrezzature per la produzione di misuratori di portata sono utilizzate per produrre misuratori di portata, che sono dispositivi utilizzati per misurare la velocit\u00e0 di flusso di un liquido o di un gas. Queste attrezzature comprendono in genere una serie di macchine e strumenti, come torni, fresatrici, trapani e macchine CNC. Comprende anche strumenti specializzati per l'assemblaggio e il collaudo dei misuratori di portata. Le attrezzature utilizzate per produrre i misuratori di portata sono altamente specializzate e devono essere in grado di produrre risultati accurati e affidabili.<\/p>\n<\/div>\n<div id=\"010\">\n<p><strong>10.About dura mag flow meter payment method<\/strong><\/p>\n<p>Il pagamento tramite contatore di flusso \u00e8 un metodo di pagamento che utilizza un contatore di flusso per misurare la quantit\u00e0 di energia utilizzata da un cliente. Il cliente paga l'energia utilizzata in base alla quantit\u00e0 di energia misurata dal contatore. Questo metodo di pagamento \u00e8 spesso utilizzato in ambienti commerciali e industriali, dove il consumo di energia \u00e8 elevato e deve essere monitorato con precisione. Il pagamento tramite contatore di flusso \u00e8 utilizzato anche in alcuni contesti residenziali, dove i clienti possono pagare per il loro utilizzo di energia in base alla quantit\u00e0 di energia che utilizzano.<\/p>\n<\/div>\n<div id=\"11\">\n<p><strong>11.Does the dura mag flow meter have remote control capabilities?<\/strong><\/p>\n<p>Ci concentriamo sulle esigenze dei nostri clienti e ci sforziamo di soddisfare le loro aspettative, quindi prendiamo molto sul serio questo aspetto.<br \/>\nDipende dal modello specifico di misuratore di portata. Alcuni modelli possono essere dotati di funzionalit\u00e0 di controllo remoto, mentre altri no.<\/p>\n<\/div>\n<div id=\"12\">\n<p><strong>12.About the scale of dura mag flow meter factory<\/strong><\/p>\n<p>Le fabbriche di misuratori di portata variano per dimensioni e portata, a seconda del tipo di misuratori di portata che producono. Alcune fabbriche possono essere specializzate nella produzione di un singolo tipo di misuratore di portata, mentre altre possono produrne una variet\u00e0 di tipi diversi. Alcune fabbriche possono essere grandi, con centinaia di dipendenti, mentre altre possono essere piccole, con pochi dipendenti. Le dimensioni della fabbrica dipendono anche dal tipo di misuratori di portata che produce e dalla domanda di tali misuratori.<\/p>\n<p><img style=\"max-width: 100%;\" title=\"About the scale of dura mag flow meter factory\" src=\"https:\/\/www.hginstrument.com\/wp-content\/uploads\/2021\/07\/v-cone-5.jpg\" alt=\"About the scale of dura mag flow meter factory\" \/><\/p>\n<\/div>\n<div id=\"13\">\n<p><strong>13.About dura mag flow meter production skills training<\/strong><\/p>\n<p>Il corso di formazione sulla produzione di misuratori di portata \u00e8 progettato per insegnare a tecnici e ingegneri le competenze necessarie per la produzione e la manutenzione dei misuratori di portata. La formazione copre argomenti quali i principi della misurazione del flusso, i tipi di misuratori di flusso disponibili, l'installazione e la manutenzione dei misuratori di flusso e le tecniche di risoluzione dei problemi. La formazione comprende anche l'uso del software per analizzare e interpretare i dati di flusso. La formazione si svolge in genere in un'aula e pu\u00f2 includere attivit\u00e0 pratiche.<\/p>\n<\/div>\n<div id=\"14\">\n<p><strong>14.What are the requirements for the specific installation location of the dura mag flow meter?<\/strong><\/p>\n<p>We operate our dura mag flow meter business with integrity and honesty.<br \/>\n1. Il misuratore di portata deve essere installato in un luogo privo di vibrazioni, urti e altre forze esterne.<\/p>\n<p>2. Il misuratore di portata deve essere installato in un luogo privo di gas corrosivi, liquidi e altri agenti contaminanti.<\/p>\n<p>3. Il misuratore di portata deve essere installato in una posizione accessibile per la manutenzione e la calibrazione.<\/p>\n<p>4. Il misuratore di portata deve essere installato in un luogo privo di temperature e umidit\u00e0 estreme.<\/p>\n<p>5. Il misuratore di portata deve essere installato in un luogo privo di interferenze elettriche.<\/p>\n<\/div>\n<div id=\"15\">\n<p><strong>15.About dura mag flow meter production capacity<\/strong><\/p>\n<p>La capacit\u00e0 produttiva dei misuratori di portata dipende dal tipo di misuratore prodotto. In genere, la capacit\u00e0 produttiva \u00e8 determinata dalle dimensioni dell'impianto di produzione, dal numero di macchine e di personale disponibili e dal tipo di misuratore di portata prodotto. Ad esempio, un impianto di produzione specializzato nella produzione di misuratori di portata a turbina pu\u00f2 avere una capacit\u00e0 produttiva superiore rispetto a un impianto che produce misuratori di portata a ultrasuoni. Inoltre, la capacit\u00e0 produttiva di un impianto pu\u00f2 essere influenzata dalla complessit\u00e0 del misuratore di portata prodotto e dalla disponibilit\u00e0 di materie prime e componenti.<\/p>\n<\/div>\n<div id=\"16\">\n<p><strong>16.About dura mag flow meter inventory<\/strong><\/p>\n<p>L'inventario dei misuratori di portata \u00e8 un sistema utilizzato per tracciare e gestire i misuratori di portata utilizzati nelle applicazioni industriali e commerciali. Viene utilizzato per monitorare le prestazioni dei misuratori di portata e per garantire che siano mantenuti e calibrati correttamente. Il sistema di inventario pu\u00f2 anche essere utilizzato per tenere traccia del costo dei misuratori di portata e per identificare eventuali problemi o problemi potenziali con i misuratori di portata.<\/p>\n<p><img style=\"max-width: 100%;\" title=\"About dura mag flow meter inventory\" src=\"https:\/\/www.hginstrument.com\/wp-content\/uploads\/2021\/07\/oval-gear-4.jpg\" alt=\"About dura mag flow meter inventory\" \/><\/p>\n<\/div>\n<div id=\"17\">\n<p><strong>17.About dura mag flow meter warranty<\/strong><\/p>\n<p>Le garanzie dei misuratori di portata variano a seconda del produttore e del tipo di misuratore. In genere, le garanzie coprono i difetti dei materiali e della lavorazione e possono coprire anche alcuni tipi di danni causati dal normale utilizzo. Alcune garanzie possono coprire anche i danni causati da un'installazione o da un uso improprio. \u00c8 importante leggere le informazioni sulla garanzia fornite dal produttore per comprendere la copertura specifica e le limitazioni della garanzia.<\/p>\n<\/div>\n<p>&nbsp;<\/p>\n<p>Tag\uff1a<a href=\"\/it\/magnetic-flow-meter\/blue-white-flow-meter\/\">blue-white flow meter<\/a>,<a href=\"\/it\/magnetic-flow-meter\/paddle-wheel-flow-meter\/\">paddle wheel flow meter<\/a>,<a href=\"\/it\/magnetic-flow-meter\/insertion-ultrasonic-flow-meter\/\">misuratore di portata a ultrasuoni a inserimento<\/a>,<a href=\"\/it\/magnetic-flow-meter\/dwyer-flow-meter\/\">dwyer flow meter<\/a>,<a href=\"\/it\/magnetic-flow-meter\/liquid-flow-meter\/\">misuratore di portata per liquidi<\/a><\/p>\n<p>&nbsp;<\/p>","protected":false},"excerpt":{"rendered":"<p><strong>Dati tecnici<\/strong><br \/>\nPu\u00f2 servire fluidi liquidi o gassosi; di solito viene utilizzato per misurare il flusso di vapore, aria e gas naturale.<br \/>\nDimensioni del contatore: Tipo in linea: DN25 - DN300<br \/>\nOpzione materiale bagnato: SS304, SS316<br \/>\nTemperatura di funzionamento: \u2264250\u2103<br \/>\nConnessione al processo: Wafer \/ Flangia \/ Tri-clamp per il tipo in linea<br \/>\nPrecisione di misura: 1,0 % - 1,5% del campo di calibrazione<br \/>\nIndicatore digitale: visualizzazione del flusso istantaneo, del flusso totale<br \/>\nAlimentazione: 24VDC, Uscita: 4-20mA<\/p>\n<p><strong>caratteristiche<\/strong><br \/>\n1.Punti di attivazione\/disattivazione regolabili<br \/>\n2. Modalit\u00e0 di allarme flusso Hi o Lo<br \/>\n3. Ritardo regolabile<br \/>\n4.LED di stato del rel\u00e8<\/p>","protected":false},"featured_media":3691,"comment_status":"closed","ping_status":"closed","template":"","meta":[],"product_cat":[2372],"product_tag":[],"acf":[],"_links":{"self":[{"href":"https:\/\/www.hginstrument.com\/it\/wp-json\/wp\/v2\/product\/5136"}],"collection":[{"href":"https:\/\/www.hginstrument.com\/it\/wp-json\/wp\/v2\/product"}],"about":[{"href":"https:\/\/www.hginstrument.com\/it\/wp-json\/wp\/v2\/types\/product"}],"replies":[{"embeddable":true,"href":"https:\/\/www.hginstrument.com\/it\/wp-json\/wp\/v2\/comments?post=5136"}],"wp:featuredmedia":[{"embeddable":true,"href":"https:\/\/www.hginstrument.com\/it\/wp-json\/wp\/v2\/media\/3691"}],"wp:attachment":[{"href":"https:\/\/www.hginstrument.com\/it\/wp-json\/wp\/v2\/media?parent=5136"}],"wp:term":[{"taxonomy":"product_cat","embeddable":true,"href":"https:\/\/www.hginstrument.com\/it\/wp-json\/wp\/v2\/product_cat?post=5136"},{"taxonomy":"product_tag","embeddable":true,"href":"https:\/\/www.hginstrument.com\/it\/wp-json\/wp\/v2\/product_tag?post=5136"}],"curies":[{"name":"wp","href":"https:\/\/api.w.org\/{rel}","templated":true}]}}