{"id":520,"date":"2021-01-18T14:38:09","date_gmt":"2021-01-18T06:38:09","guid":{"rendered":"http:\/\/201230ip92c2.adwebcloud.com\/?post_type=product&#038;p=520"},"modified":"2023-09-07T14:05:13","modified_gmt":"2023-09-07T06:05:13","slug":"hgls-2000uf-in-line-ultrasonic-flow-meter","status":"publish","type":"product","link":"https:\/\/www.hginstrument.com\/it\/flow-instrument\/hgls-2000uf-in-line-ultrasonic-flow-meter\/","title":{"rendered":"HGLS-2000UF Misuratore di portata a ultrasuoni in linea"},"content":{"rendered":"<h5><strong>Dati tecnici del trasmettitore di flusso<\/strong><\/h5>\n<table>\n<tbody>\n<tr style=\"background-color: #d8d8d8;\">\n<td style=\"text-align: center;\" colspan=\"2\" width=\"208\">Articolo<\/td>\n<td width=\"495\">\n<p style=\"text-align: center;\">Descrizione<\/p>\n<\/td>\n<\/tr>\n<tr>\n<td style=\"vertical-align: middle;\" rowspan=\"9\" width=\"105\">Convertitore<\/td>\n<td width=\"104\">Principio<\/td>\n<td width=\"495\">Metodo del tempo di transito<\/td>\n<\/tr>\n<tr>\n<td style=\"vertical-align: middle;\" width=\"104\">Precisione<\/td>\n<td width=\"495\">Tipo in linea: misuratore di portata: \u00b10,5%\uff1b misuratore di calore: \u00b11,0%<br \/>\nTipo a pinza: misuratore di flusso: \u00b11,0%; misuratore di calore: \u00b12,0%<br \/>\nTipo di inserimento: misuratore di portata: \u00b11,0%; misuratore di calore: \u00b12,0%<\/td>\n<\/tr>\n<tr>\n<td style=\"vertical-align: middle;\" width=\"104\">Operazione<\/td>\n<td width=\"495\">Manipolazione a 4 tasti con tocco della penna magnetica o delle dita; software di simulazione della tastiera<\/td>\n<\/tr>\n<tr>\n<td style=\"vertical-align: middle;\" rowspan=\"3\" width=\"104\">Uscita<\/td>\n<td width=\"495\">Uscita analogica a una via 4~20mA, resistenza elettrica: 0~1k, precisione: 0.1%<\/td>\n<\/tr>\n<tr>\n<td width=\"495\">Uscita del segnale a impulsi OCT a una via<\/td>\n<\/tr>\n<tr>\n<td width=\"495\">Uscita a rel\u00e8 unidirezionale<\/td>\n<\/tr>\n<tr>\n<td style=\"vertical-align: middle;\" rowspan=\"2\" width=\"104\">Ingresso<\/td>\n<td width=\"495\">Ingresso analogico a 3 vie 4~20mA, precisione: 0,1%; segnale di acquisizione di temperatura, pressione e livello del liquido<\/td>\n<\/tr>\n<tr>\n<td width=\"495\">Misurazione del calore mediante il collegamento di trasduttori di temperatura PT100 a 3 fili<\/td>\n<\/tr>\n<tr>\n<td style=\"vertical-align: middle;\" width=\"104\">Interfaccia dati<\/td>\n<td width=\"495\">Interfaccia seriale RS485, aggiornata da computer, supporto protocollo di comunicazione MODBUS<\/td>\n<\/tr>\n<tr>\n<td style=\"vertical-align: middle;\" width=\"105\">Cavo speciale<\/td>\n<td colspan=\"2\" width=\"599\">Il cavo schermato a coppie ritorte e la lunghezza del cavo non deve superare i 50 m. La distanza di trasmissione pu\u00f2 raggiungere 1 km, se si seleziona l'interfaccia RS 485.<\/td>\n<\/tr>\n<tr>\n<td style=\"vertical-align: middle;\" rowspan=\"3\" width=\"105\">Condotte<\/td>\n<td width=\"104\">Materiale per tubi<\/td>\n<td width=\"495\">Acciaio, inossidabile, ghisa, rame, cemento, PVC, alluminio, acciaio di vetro, ecc.<\/td>\n<\/tr>\n<tr>\n<td width=\"104\">Diametro del tubo<\/td>\n<td width=\"495\">DN10mm~DN1000mm<\/td>\n<\/tr>\n<tr>\n<td style=\"vertical-align: middle;\" width=\"104\">Tubo dritto<br \/>\nrequisito<\/td>\n<td width=\"495\">I punti di installazione dei trasduttori devono essere: 10 diametri di tubazione rettilinea dal trasduttore a monte; 5 diametri di tubazione rettilinea dal trasduttore a valle; 30 diametri di tubazione rettilinea dalla pompa.<\/td>\n<\/tr>\n<tr>\n<td style=\"vertical-align: middle;\" rowspan=\"4\" width=\"105\">Fluido<\/td>\n<td style=\"vertical-align: middle;\" width=\"104\">Tipo di liquido<\/td>\n<td width=\"495\">Singolo liquido in grado di condurre l'onda sonora, come acqua, acqua di mare, acque reflue, effluenti di impianti, prodotti chimici, alcol, birra, olio, ecc.<\/td>\n<\/tr>\n<tr>\n<td width=\"104\">Temperatura del fluido.<\/td>\n<td width=\"495\">-30\u2103~160\u2103<\/td>\n<\/tr>\n<tr>\n<td width=\"104\">Torbidit\u00e0<\/td>\n<td width=\"495\">\u226410000ppm\uff0ccon bolla piccola<\/td>\n<\/tr>\n<tr>\n<td width=\"104\">Velocit\u00e0 del fluido<\/td>\n<td width=\"495\">0m\/s~7m\/s<\/td>\n<\/tr>\n<tr>\n<td style=\"vertical-align: middle;\" rowspan=\"2\" width=\"105\">Lavoro<br \/>\nAmbiente<\/td>\n<td width=\"104\">Temperatura<\/td>\n<td width=\"495\">Convertitore: -20\u2103~60\u2103; Trasduttore: -30\u2103~160\u2103<\/td>\n<\/tr>\n<tr>\n<td style=\"vertical-align: middle;\" width=\"104\">Umidit\u00e0<\/td>\n<td width=\"495\">Entrambi i convertitori e i trasduttori possono lavorare sott'acqua, a profondit\u00e0 \u22642m. (Dopo la completa sigillatura)<\/td>\n<\/tr>\n<tr>\n<td width=\"105\">Alimentazione<\/td>\n<td colspan=\"2\" width=\"599\">DC8~36V; AC100~240V (opzionale) 1,5W<\/td>\n<\/tr>\n<tr>\n<td colspan=\"3\" width=\"704\">Consumo di energia:  1.5W<\/td>\n<\/tr>\n<\/tbody>\n<\/table>\n<h5>Tag caldi: <span style=\"color: #ff0000;\"><a style=\"color: #ff0000;\" href=\"https:\/\/www.hginstrument.com\/it\/\">Informazioni sul Gruppo Suyi<\/a><\/span>\uff0c<span style=\"color: #ff0000;\"><a style=\"color: #ff0000;\" href=\"https:\/\/www.hginstrument.com\/it\/level-instrument\/\">Strumento di livello<\/a><\/span>\uff0c<span style=\"color: #ff0000;\"><a style=\"color: #ff0000;\" href=\"https:\/\/www.hginstrument.com\/it\/water-flow-meter\/\">misuratore di portata dell'acqua<\/a><\/span>\uff0c<span style=\"color: #ff0000;\"><a style=\"color: #ff0000;\" href=\"https:\/\/www.hginstrument.com\/it\/thermal-mass-flow-meter\/\">misuratore di portata massica termica<\/a><\/span>\uff0c<span style=\"color: #ff0000;\"><a style=\"color: #ff0000;\" href=\"https:\/\/www.hginstrument.com\/it\/level-transmitter-2\/\">Trasmettitore di livello<\/a><\/span>\uff0c<a href=\"https:\/\/www.hginstrument.com\/it\/ultrasonic-level-transmitter\/\"><span style=\"color: #ff0000;\">trasmettitore di livello a ultrasuoni<\/span><\/a><\/h5>\n<p>&nbsp;<\/p>\n<h5>Sensore di flusso opzionale<\/h5>\n<table width=\"682\">\n<tbody>\n<tr style=\"background-color: #d8d8d8;\">\n<td style=\"text-align: center;\" width=\"153\">DN10<br \/>\n( Collegamento alla filettatura )<\/td>\n<td style=\"text-align: center;\" width=\"159\">DN15 \uff5e DN32<br \/>\n( Collegamento alla filettatura )<\/td>\n<td style=\"text-align: center;\" width=\"146\">DN15 \uff5e DN32<br \/>\n( Connessione a flangia )<\/td>\n<td style=\"text-align: center;\" width=\"224\">DN40 \uff5e DN1000<br \/>\n( Connessione a flangia )<\/td>\n<\/tr>\n<tr>\n<td style=\"vertical-align: middle;\">\u3000<img class=\"alignnone wp-image-3144 size-full aligncenter\" src=\"http:\/\/www.hginstrument.com\/wp-content\/uploads\/2021\/01\/tuf-2000-s4.jpg\" alt=\"tuf 2000 s4\" width=\"364\" height=\"184\" srcset=\"https:\/\/www.hginstrument.com\/wp-content\/uploads\/2021\/01\/tuf-2000-s4.jpg 364w, https:\/\/www.hginstrument.com\/wp-content\/uploads\/2021\/01\/tuf-2000-s4-300x152.jpg 300w\" sizes=\"(max-width: 364px) 100vw, 364px\" \/><\/td>\n<td style=\"text-align: center; vertical-align: middle;\">\u3000<img class=\"alignnone size-medium wp-image-3142\" title=\"\" src=\"http:\/\/www.hginstrument.com\/wp-content\/uploads\/2022\/05\/tuf-2000-s1-300x120.jpg\" alt=\"tuf 2000 s1\" width=\"300\" height=\"120\" srcset=\"https:\/\/www.hginstrument.com\/wp-content\/uploads\/2022\/05\/tuf-2000-s1-300x120.jpg 300w, https:\/\/www.hginstrument.com\/wp-content\/uploads\/2022\/05\/tuf-2000-s1.jpg 378w\" sizes=\"(max-width: 300px) 100vw, 300px\" \/><\/td>\n<td style=\"text-align: center; vertical-align: middle;\">\u3000<img class=\"alignnone size-medium wp-image-3141\" title=\"\" src=\"http:\/\/www.hginstrument.com\/wp-content\/uploads\/2022\/05\/tuf-2000-s2-300x156.jpg\" alt=\"tuf 2000 s2\" width=\"300\" height=\"156\" srcset=\"https:\/\/www.hginstrument.com\/wp-content\/uploads\/2022\/05\/tuf-2000-s2-300x156.jpg 300w, https:\/\/www.hginstrument.com\/wp-content\/uploads\/2022\/05\/tuf-2000-s2.jpg 395w\" sizes=\"(max-width: 300px) 100vw, 300px\" \/><\/td>\n<td style=\"vertical-align: middle;\">\u3000<img class=\"alignnone size-full wp-image-3140 aligncenter\" title=\"\" src=\"http:\/\/www.hginstrument.com\/wp-content\/uploads\/2022\/05\/tuf-2000-s3.jpg\" alt=\"tuf 2000 s3\" width=\"274\" height=\"236\" \/><\/td>\n<\/tr>\n<\/tbody>\n<\/table>\n<p>&nbsp;<\/p>\n<h5><strong>Requisiti per la posizione di installazione del sensore di portata a ultrasuoni<\/strong><\/h5>\n<p><strong>1&gt;<\/strong> La posizione di installazione sulla tubazione deve essere piena di fluido; le posizioni contrassegnate in rosso nel diagramma seguente sono sezioni della tubazione piene di fluido. La tubazione non deve presentare forti vibrazioni.<\/p>\n<p><img class=\"alignnone wp-image-530 size-full\" src=\"http:\/\/www.hginstrument.com\/wp-content\/uploads\/2021\/01\/install-attention-1.jpg\" alt=\"installare attenzione 1\" width=\"659\" height=\"450\" srcset=\"https:\/\/www.hginstrument.com\/wp-content\/uploads\/2021\/01\/install-attention-1.jpg 659w, https:\/\/www.hginstrument.com\/wp-content\/uploads\/2021\/01\/install-attention-1-300x205.jpg 300w, https:\/\/www.hginstrument.com\/wp-content\/uploads\/2021\/01\/install-attention-1-600x410.jpg 600w\" sizes=\"(max-width: 659px) 100vw, 659px\" \/><\/p>\n<p>&nbsp;<\/p>\n<p><strong>2&gt;<\/strong> La posizione di installazione sulla tubazione deve essere a portata costante, vedere le posizioni contrassegnate con \"\u221a\" nei seguenti diagrammi<\/p>\n<p><img class=\"alignnone wp-image-531 size-full\" src=\"http:\/\/www.hginstrument.com\/wp-content\/uploads\/2021\/01\/install-attention-2.jpg\" alt=\"installare attenzione 2\" width=\"618\" height=\"405\" srcset=\"https:\/\/www.hginstrument.com\/wp-content\/uploads\/2021\/01\/install-attention-2.jpg 618w, https:\/\/www.hginstrument.com\/wp-content\/uploads\/2021\/01\/install-attention-2-300x197.jpg 300w, https:\/\/www.hginstrument.com\/wp-content\/uploads\/2021\/01\/install-attention-2-600x393.jpg 600w\" sizes=\"(max-width: 618px) 100vw, 618px\" \/><\/p>\n<p><img class=\"alignnone wp-image-532\" src=\"http:\/\/www.hginstrument.com\/wp-content\/uploads\/2021\/01\/install-attention-3.jpg\" alt=\"installare attenzione 3\" width=\"617\" height=\"412\" srcset=\"https:\/\/www.hginstrument.com\/wp-content\/uploads\/2021\/01\/install-attention-3.jpg 608w, https:\/\/www.hginstrument.com\/wp-content\/uploads\/2021\/01\/install-attention-3-300x200.jpg 300w, https:\/\/www.hginstrument.com\/wp-content\/uploads\/2021\/01\/install-attention-3-600x401.jpg 600w\" sizes=\"(max-width: 617px) 100vw, 617px\" \/><\/p>\n<p><strong>I requisiti del campo di flusso stabile sono i seguenti:<\/strong><br \/>\nSe la posizione di installazione \u00e8 lontana dall'uscita della pompa e dalla valvola semiaperta, assicurarsi che la lunghezza del tubo diritto a monte sia \u226510D, quella del tubo diritto a valle \u22655D.<br \/>\nSe la posizione di installazione \u00e8 vicina all'uscita della pompa o alla valvola semiaperta, assicurarsi che la lunghezza del tubo diritto a monte sia \u226530D e quella del tubo diritto a valle \u22655D.<\/p>\n<p>&nbsp;<\/p>\n<p><strong style=\"font-size: 16px;\">3&gt;<\/strong><span style=\"font-size: 16px;\"> L'utente finale deve scegliere la posizione di installazione in cui non \u00e8 facile produrre formazioni di calcare; se la condotta non pu\u00f2 evitare la formazione di calcare, l'utente pu\u00f2 impostare lo spessore della formazione di calcare come rivestimento della condotta.<\/span><\/p>\n<p><strong>4&gt;<\/strong> Nello stesso sistema di tubazioni, l'utente dovrebbe scegliere come posizione di installazione il tratto di tubazione a temperatura pi\u00f9 bassa.<\/p>\n<p><strong>5&gt;<\/strong> Il convertitore di flusso a ultrasuoni deve essere tenuto lontano da forti fonti di interferenza elettromagnetica, come convertitori di frequenza, stazioni di trasmissione, stazioni di base, linee elettriche ad alta tensione. Non condividere l'alimentazione con il convertitore di frequenza, ma utilizzare un'alimentazione isolata. Lo strato di schermatura del convertitore di flusso e del sensore di flusso deve essere collegato a terra.<\/p>\n<p><strong>6&gt;<\/strong> Per il misuratore di portata che deve essere interrato, \u00e8 necessario costruire un pozzo dello strumento; per assicurarsi che il pozzo dello strumento abbia uno spazio sufficiente per l'installazione e il mantenimento del misuratore di portata, la dimensione del pozzo dello strumento deve soddisfare i requisiti indicati nel diagramma seguente:<\/p>\n<p><img class=\"alignnone wp-image-533 size-full\" src=\"http:\/\/www.hginstrument.com\/wp-content\/uploads\/2021\/01\/install-attention-4.jpg\" alt=\"installare attenzione 4\" width=\"710\" height=\"306\" srcset=\"https:\/\/www.hginstrument.com\/wp-content\/uploads\/2021\/01\/install-attention-4.jpg 710w, https:\/\/www.hginstrument.com\/wp-content\/uploads\/2021\/01\/install-attention-4-300x129.jpg 300w, https:\/\/www.hginstrument.com\/wp-content\/uploads\/2021\/01\/install-attention-4-600x259.jpg 600w\" sizes=\"(max-width: 710px) 100vw, 710px\" \/><\/p>\n<p>&nbsp;<\/p>\n<p>&nbsp;<\/p>","protected":false},"excerpt":{"rendered":"<p>In linea <a href=\"https:\/\/www.hginstrument.com\/it\/hgls-2000uf-in-line-ultrasonic-flow-meter-revolutionizing-fluid-flow-measurement\/\"><span style=\"color: #ff0000;\">Misuratore di portata a ultrasuoni<\/span><\/a><\/p>\n<p>Applicazione: Misura del flusso volumetrico di tutti i tipi di liquidi trasparenti<\/p>\n<p>Vantaggi: Facile installazione e configurazione; OEM accettabile!<\/p>\n<p>Grazie alla sua precisione, ai requisiti minimi di manutenzione e all'adattabilit\u00e0 a diversi liquidi, il sistema HGLS-2000UF sta rivoluzionando la misurazione del flusso dei fluidi, contribuendo a migliorare l'efficienza e il controllo della qualit\u00e0 nei processi industriali, nella gestione delle acque, nei prodotti farmaceutici e nella produzione di energia.<\/p>","protected":false},"featured_media":1424,"comment_status":"closed","ping_status":"closed","template":"","meta":[],"product_cat":[75,219],"product_tag":[],"acf":[],"_links":{"self":[{"href":"https:\/\/www.hginstrument.com\/it\/wp-json\/wp\/v2\/product\/520"}],"collection":[{"href":"https:\/\/www.hginstrument.com\/it\/wp-json\/wp\/v2\/product"}],"about":[{"href":"https:\/\/www.hginstrument.com\/it\/wp-json\/wp\/v2\/types\/product"}],"replies":[{"embeddable":true,"href":"https:\/\/www.hginstrument.com\/it\/wp-json\/wp\/v2\/comments?post=520"}],"wp:featuredmedia":[{"embeddable":true,"href":"https:\/\/www.hginstrument.com\/it\/wp-json\/wp\/v2\/media\/1424"}],"wp:attachment":[{"href":"https:\/\/www.hginstrument.com\/it\/wp-json\/wp\/v2\/media?parent=520"}],"wp:term":[{"taxonomy":"product_cat","embeddable":true,"href":"https:\/\/www.hginstrument.com\/it\/wp-json\/wp\/v2\/product_cat?post=520"},{"taxonomy":"product_tag","embeddable":true,"href":"https:\/\/www.hginstrument.com\/it\/wp-json\/wp\/v2\/product_tag?post=520"}],"curies":[{"name":"wp","href":"https:\/\/api.w.org\/{rel}","templated":true}]}}