{"id":5210,"date":"2023-12-23T22:07:14","date_gmt":"2023-12-23T14:07:14","guid":{"rendered":"https:\/\/www.hginstrument.com\/?post_type=product&#038;p=5210"},"modified":"2024-01-10T09:31:01","modified_gmt":"2024-01-10T01:31:01","slug":"flo-tech-flow-meter","status":"publish","type":"product","link":"https:\/\/www.hginstrument.com\/it\/magnetic-flow-meter\/flo-tech-flow-meter\/","title":{"rendered":"flo tech flow meter"},"content":{"rendered":"<p>Designed for ease of use, our flo tech flow meter is simple to install and operate, suitable for both professional and non-professional users. It is also extremely durable and able to withstand harsh environments, ensuring long-lasting performance. flo tech flow meter also provides a user-friendly interface that makes it easy to monitor and log traffic data. Additionally, flo tech flow meter offers high accuracy, durability, and user-friendliness, making it the perfect choice for your flow measurement needs.<\/p>\n<p>flo tech flow meter is equipped with a user-friendly interface that allows for easy operation and monitoring. It also offers a variety of installation options, including inline, insertion, and clamp-on, making it suitable for a wide range of pipelines and systems. Additionally, it is compatible with various communication protocols and can be integrated into existing systems seamlessly.<\/p>\n<p>Our flo tech flow meter comes with advanced data logging capabilities, allowing you to store and analyze flow data in real-time. It also has the ability to generate detailed reports and charts for better data visualization and analysis. With these features, you can track and optimize your flow processes for improved efficiency and cost-effectiveness.<\/p>\n<table class=\"table table-bordered\">\n<tbody>\n<tr>\n<td><span style=\"vertical-align: inherit;\"><span style=\"vertical-align: inherit;\">Tipo: il tipo<\/span><\/span><\/td>\n<td><span style=\"vertical-align: inherit;\">flo tech flow meter<\/span><\/td>\n<td><span style=\"vertical-align: inherit;\"><span style=\"vertical-align: inherit;\">Segnale d'uscita: segnale d'uscita<\/span><\/span><\/td>\n<td><span style=\"vertical-align: inherit;\"><span style=\"vertical-align: inherit;\">4-20 mA, impulsi\/frequenza 2kHz (default), 5KHz (max)<\/span><\/span><\/td>\n<\/tr>\n<tr>\n<td><span style=\"vertical-align: inherit;\"><span style=\"vertical-align: inherit;\">Luogo di origine: il luogo di origine<\/span><\/span><\/td>\n<td><span style=\"vertical-align: inherit;\"><span style=\"vertical-align: inherit;\">Jiangsu, Cina<\/span><\/span><\/td>\n<td><span style=\"vertical-align: inherit;\"><span style=\"vertical-align: inherit;\">Incorporare il tipo: il tipo<\/span><\/span><\/td>\n<td><span style=\"vertical-align: inherit;\"><span style=\"vertical-align: inherit;\">-10\u2103- +56\u2103<\/span><\/span><\/td>\n<\/tr>\n<tr>\n<td><span style=\"vertical-align: inherit;\"><span style=\"vertical-align: inherit;\">Garanzia: garanzia<\/span><\/span><\/td>\n<td><span style=\"vertical-align: inherit;\"><span style=\"vertical-align: inherit;\">20 mesi<\/span><\/span><\/td>\n<td><span style=\"vertical-align: inherit;\"><span style=\"vertical-align: inherit;\">Tensione di alimentazione: tensione di alimentazione<\/span><\/span><\/td>\n<td><span style=\"vertical-align: inherit;\"><span style=\"vertical-align: inherit;\">110\/220VAC (100-240VAC), 50Hz\/60Hz; 24VDC\u00b110%<\/span><\/span><\/td>\n<\/tr>\n<tr>\n<td><span style=\"vertical-align: inherit;\"><span style=\"vertical-align: inherit;\">Supporto personalizzato\uff1aSupporto personalizzato<\/span><\/span><\/td>\n<td><span style=\"vertical-align: inherit;\"><span style=\"vertical-align: inherit;\">OEM, ODM, OBM<\/span><\/span><\/td>\n<td><span style=\"vertical-align: inherit;\"><span style=\"vertical-align: inherit;\">Comunicazione digitale: comunicazione digitale<\/span><\/span><\/td>\n<td><span style=\"vertical-align: inherit;\"><span style=\"vertical-align: inherit;\">RS-485, supporto del protocollo standard Mudbugs-RTU; GPRS<\/span><\/span><\/td>\n<\/tr>\n<tr>\n<td><span style=\"vertical-align: inherit;\"><span style=\"vertical-align: inherit;\">Nome della marca: Nome della marca: Nome della marca: Nome della marca: Nome della marca: Nome della marca<\/span><\/span><\/td>\n<td><span style=\"vertical-align: inherit;\"><span style=\"vertical-align: inherit;\">GRUPPO SUYI<\/span><\/span><\/td>\n<td><span style=\"vertical-align: inherit;\"><span style=\"vertical-align: inherit;\">Pressione nominale: pressione nominale<\/span><\/span><\/td>\n<td><span style=\"vertical-align: inherit;\"><span style=\"vertical-align: inherit;\">1MPa (DN15-DN800), 1,6MPa (DN15-DN800), 2,5MPa (DN15-DN600)<\/span><\/span><\/td>\n<\/tr>\n<tr>\n<td><span style=\"vertical-align: inherit;\"><span style=\"vertical-align: inherit;\">Numero di modello: Numero di modello: Numero di modello: Numero di modello: Numero di modello: Numero di modello<\/span><\/span><\/td>\n<td><span style=\"vertical-align: inherit;\"><span style=\"vertical-align: inherit;\">altro<\/span><\/span><\/td>\n<td><span style=\"vertical-align: inherit;\"><span style=\"vertical-align: inherit;\">Sensore: sensore<\/span><\/span><\/td>\n<td><span style=\"vertical-align: inherit;\"><span style=\"vertical-align: inherit;\">0\u2103- +80\u2103 o -25\u2103- +120\u2103 o +70\u2103- +250\u2103<\/span><\/span><\/td>\n<\/tr>\n<tr>\n<td><span style=\"vertical-align: inherit;\"><span style=\"vertical-align: inherit;\">Nome del prodotto: Nome del prodotto: Nome del prodotto: Nome del prodotto: Nome del prodotto: Nome del prodotto<\/span><\/span><\/td>\n<td><span style=\"vertical-align: inherit;\"><span style=\"vertical-align: inherit;\">Misuratore di portata dell'acqua chimica digitale intelligente elettromagnetico<\/span><\/span><\/td>\n<td><span style=\"vertical-align: inherit;\"><span style=\"vertical-align: inherit;\">Dettagli dell'imballaggio:<\/span><\/span><\/td>\n<td><span style=\"vertical-align: inherit;\"><span style=\"vertical-align: inherit;\">1 set per confezione o come richiesto dal cliente<\/span><\/span><\/td>\n<\/tr>\n<tr>\n<td><span style=\"vertical-align: inherit;\"><span style=\"vertical-align: inherit;\">Diametro nominale: diametro nominale<\/span><\/span><\/td>\n<td><span style=\"vertical-align: inherit;\"><span style=\"vertical-align: inherit;\">3-3499mm<\/span><\/span><\/td>\n<td><span style=\"vertical-align: inherit;\"><span style=\"vertical-align: inherit;\">Capacit\u00e0 di approvvigionamento<\/span><\/span><\/td>\n<td><span style=\"vertical-align: inherit;\"><span style=\"vertical-align: inherit;\">2430 Set\/Sets per Month<\/span><\/span><\/td>\n<\/tr>\n<tr>\n<td><span style=\"vertical-align: inherit;\"><span style=\"vertical-align: inherit;\">gamma di velocit\u00e0: il campo di velocit\u00e0<\/span><\/span><\/td>\n<td><span style=\"vertical-align: inherit;\"><span style=\"vertical-align: inherit;\">0-11m\/s<\/span><\/span><\/td>\n<td><span style=\"vertical-align: inherit;\"><span style=\"vertical-align: inherit;\">Quantit\u00e0 (set)<\/span><\/span><\/td>\n<td><span style=\"vertical-align: inherit;\"><span style=\"vertical-align: inherit;\">&gt; 30<\/span><\/span><\/td>\n<\/tr>\n<tr>\n<td><span style=\"vertical-align: inherit;\"><span style=\"vertical-align: inherit;\">Grado di accuratezza: il grado di accuratezza<\/span><\/span><\/td>\n<td><span style=\"vertical-align: inherit;\"><span style=\"vertical-align: inherit;\">\u00b10,5%R, \u00b11%R ( &lt; DN20)<\/span><\/span><\/td>\n<td><span style=\"vertical-align: inherit;\"><span style=\"vertical-align: inherit;\">Tempi di consegna (giorni)<\/span><\/span><\/td>\n<td><span style=\"vertical-align: inherit;\"><span style=\"vertical-align: inherit;\">Da negoziare<\/span><\/span><\/td>\n<\/tr>\n<\/tbody>\n<\/table>\n<p>&nbsp;<\/p>\n<p>&nbsp;<\/p>\n<p style=\"text-align: center;\"><img title=\"flo tech flow meter\" src=\"https:\/\/www.hginstrument.com\/wp-content\/uploads\/2021\/07\/in-line-pipeline-type-hgd-electromagnetic-flow-meter.jpg\" \/><\/p>\n<p>&nbsp;<\/p>\n<p>&nbsp;<\/p>\n<p style=\"text-align: center;\"><img title=\"flo tech flow meter\" src=\"https:\/\/www.hginstrument.com\/wp-content\/uploads\/2021\/07\/insertion-01.jpg\" \/><\/p>\n<p>&nbsp;<\/p>\n<p>&nbsp;<\/p>\n<p style=\"text-align: center;\"><img title=\"flo tech flow meter\" src=\"https:\/\/www.hginstrument.com\/wp-content\/uploads\/2021\/07\/sanitary-mag-1.jpg\" \/><\/p>\n<p><strong>flo tech flow meter FAQs Guide.<\/strong><\/p>\n<p>At the heart of our flo tech flow meter series lies a commitment to excellence, blending advanced sensor technology with user-friendly interfaces. From liquid to gas, our meters deliver unparalleled accuracy, empowering you to make informed decisions and streamline operations. As we usher in a new era of fluid measurement, we invite you to explore the limitless possibilities that our flo tech flow meters unlock \u2013 where precision meets performance, and innovation flows seamlessly.<\/p>\n<div style=\"border: 3px solid #f89900; margin: 20px 0; padding: 20px;\"><a href=\"\/it\/flo-tech-flow-meter\/#01\">1.About flo tech flow meter production skills training<\/a><br \/>\n<a href=\"\/it\/flo-tech-flow-meter\/#02\">2.Is the measuring unit of the flo tech flow meter replaceable?<\/a><br \/>\n<a href=\"\/it\/flo-tech-flow-meter\/#03\">3.Does the flo tech flow meter have a function to prevent misuse?<\/a><br \/>\n<a href=\"\/it\/flo-tech-flow-meter\/#04\">4.What are the common faults and solutions of flo tech flow meters?<\/a><br \/>\n<a href=\"\/it\/flo-tech-flow-meter\/#05\">5.About flo tech flow meter warranty<\/a><br \/>\n<a href=\"\/it\/flo-tech-flow-meter\/#06\">6.About flo tech flow meter delivery date<\/a><br \/>\n<a href=\"\/it\/flo-tech-flow-meter\/#07\">7.What is the explosion-proof rating of flo tech flow meter?<\/a><br \/>\n<a href=\"\/it\/flo-tech-flow-meter\/#08\">8.About flo tech flow meter production management system<\/a><br \/>\n<a href=\"\/it\/flo-tech-flow-meter\/#09\">9.Does the flo tech flow meter have data storage capabilities?<\/a><br \/>\n<a href=\"\/it\/flo-tech-flow-meter\/#010\">10.Is the flo tech flow meter anti-corrosion?<\/a><br \/>\n<a href=\"\/it\/flo-tech-flow-meter\/#11\">11.About flo tech flow meter technology<\/a><br \/>\n<a href=\"\/it\/flo-tech-flow-meter\/#12\">12.About flo tech flow meter quality system<\/a><br \/>\n<a href=\"\/it\/flo-tech-flow-meter\/#13\">13.What is the format of the flo tech flow meter\u2019s output signal?<\/a><br \/>\n<a href=\"\/it\/flo-tech-flow-meter\/#14\">14.What is the difference between flo tech flow meter SUYI group vs flo tech flow meter Schneider Electric vs flo tech flow meter Badger Meter<\/a><br \/>\n<a href=\"\/it\/flo-tech-flow-meter\/#15\">15.Does the flo tech flow meter have an automatic alarm function?<\/a><br \/>\n<a href=\"\/it\/flo-tech-flow-meter\/#16\">16.What is the difference between flo tech flow meter SUYI group vs flo tech flow meter Emerson vs flo tech flow meter Honeywell<\/a><br \/>\n<a href=\"\/it\/flo-tech-flow-meter\/#17\">17.What is the difference between flo tech flow meter SUYI group vs flo tech flow meter Yokogawa vs flo tech flow meter ABB<\/a><\/div>\n<div id=\"01\">\n<p><strong>1.About flo tech flow meter production skills training<\/strong><\/p>\n<p>Il corso di formazione sulla produzione di misuratori di portata \u00e8 progettato per insegnare a tecnici e ingegneri le competenze necessarie per la produzione e la manutenzione dei misuratori di portata. La formazione copre argomenti quali i principi della misurazione del flusso, i tipi di misuratori di flusso disponibili, l'installazione e la manutenzione dei misuratori di flusso e le tecniche di risoluzione dei problemi. La formazione comprende anche l'uso del software per analizzare e interpretare i dati di flusso. La formazione si svolge in genere in un'aula e pu\u00f2 includere attivit\u00e0 pratiche.<\/p>\n<\/div>\n<div id=\"02\">\n<p><strong>2.Is the measuring unit of the flo tech flow meter replaceable?<\/strong><\/p>\n<p>As one of the top flo tech flow meter manufacturers in China, we take this very seriously.<br \/>\nS\u00ec, l'unit\u00e0 di misura di un misuratore di portata \u00e8 sostituibile.<\/p>\n<\/div>\n<div id=\"03\">\n<p><strong>3.Does the flo tech flow meter have a function to prevent misuse?<\/strong><\/p>\n<p>As one of the flo tech flow meter market leaders, we are known for innovation and reliability.<br \/>\nLa maggior parte dei misuratori di portata non ha una funzione di prevenzione dell'uso improprio, ma alcuni modelli possono avere caratteristiche che aiutano a ridurre il rischio di uso improprio. Ad esempio, alcuni misuratori di portata possono avere una funzione di blocco che impedisce agli utenti non autorizzati di modificare le impostazioni o di accedere ai dati. Inoltre, alcuni misuratori di portata possono avere una funzione di protezione con password che richiede all'utente di inserire una password prima di poter accedere ai dati o alle impostazioni.<\/p>\n<p><img style=\"max-width: 100%;\" title=\"Does the flo tech flow meter have a function to prevent misuse?\" src=\"https:\/\/www.hginstrument.com\/wp-content\/uploads\/2021\/07\/in-line-pipeline-type-hgd-electromagnetic-flow-meter.jpg\" alt=\"Does the flo tech flow meter have a function to prevent misuse?\" \/><\/p>\n<\/div>\n<div id=\"04\">\n<p><strong>4.What are the common faults and solutions of flo tech flow meters?<\/strong><\/p>\n<p>Manteniamo una certa quantit\u00e0 di investimenti in R&amp;S ogni anno e miglioriamo continuamente l'efficienza operativa per fornire servizi migliori ai nostri clienti cooperativi.<br \/>\nI guasti e le soluzioni pi\u00f9 comuni dei misuratori di portata includono:<\/p>\n<p>1. Bassa precisione: Di solito \u00e8 causata da un'installazione o una calibrazione errata. Per risolvere questo problema, verificare l'installazione e la calibrazione del flussimetro e assicurarsi che siano corrette.<\/p>\n<p>2. Perdite: Di solito \u00e8 causata da una guarnizione usurata o danneggiata. Per risolvere il problema, sostituire la guarnizione con una nuova.<\/p>\n<p>3. Intasamento: Di solito \u00e8 causato da detriti o altre particelle che bloccano il flussometro. Per risolvere il problema, pulire il flussometro e rimuovere eventuali detriti o particelle.<\/p>\n<p>4. Corrosione: Di solito \u00e8 causata dall'esposizione a liquidi o gas corrosivi. Per risolvere il problema, sostituire le parti corrose e utilizzare un materiale resistente alla corrosione per il misuratore di portata.<\/p>\n<\/div>\n<div id=\"05\">\n<p><strong>5.About flo tech flow meter warranty<\/strong><\/p>\n<p>Le garanzie dei misuratori di portata variano a seconda del produttore e del tipo di misuratore. In genere, le garanzie coprono i difetti dei materiali e della lavorazione e possono coprire anche alcuni tipi di danni causati dal normale utilizzo. Alcune garanzie possono coprire anche i danni causati da un'installazione o da un uso improprio. \u00c8 importante leggere le informazioni sulla garanzia fornite dal produttore per comprendere la copertura specifica e le limitazioni della garanzia.<\/p>\n<\/div>\n<div id=\"06\">\n<p><strong>6.About flo tech flow meter delivery date<\/strong><\/p>\n<p>La data di consegna di un misuratore di portata dipende dal tipo di misuratore, dal produttore e dalla disponibilit\u00e0 del prodotto. In genere, la maggior parte dei misuratori di portata pu\u00f2 essere consegnata entro pochi giorni o poche settimane. Tuttavia, alcuni misuratori di portata specializzati possono richiedere tempi di consegna pi\u00f9 lunghi. \u00c8 meglio contattare direttamente il produttore per ottenere una data di consegna precisa.<\/p>\n<p><img style=\"max-width: 100%;\" title=\"About flo tech flow meter delivery date\" src=\"https:\/\/www.hginstrument.com\/wp-content\/uploads\/2021\/07\/nozzle-1.jpg\" alt=\"About flo tech flow meter delivery date\" \/><\/p>\n<\/div>\n<div id=\"07\">\n<p><strong>7.What is the explosion-proof rating of flo tech flow meter?<\/strong><\/p>\n<p>Our flo tech flow meter products undergo strict quality control to ensure customer satisfaction.<br \/>\nLe classificazioni antideflagranti dei misuratori di portata variano a seconda del tipo di misuratore e dell'applicazione. In genere, i misuratori di portata sono classificati per la Classe I, Divisione 1, Gruppi C e D, o per la Classe II, Divisione 1, Gruppi E, F e G.<\/p>\n<\/div>\n<div id=\"08\">\n<p><strong>8.About flo tech flow meter production management system<\/strong><\/p>\n<p>Un sistema di gestione della produzione di misuratori di portata \u00e8 una soluzione software progettata per aiutare i produttori a gestire la produzione di misuratori di portata. Il sistema pu\u00f2 essere utilizzato per seguire il processo di produzione dall'inizio alla fine, compreso l'ordine delle materie prime, l'assemblaggio dei componenti e il collaudo e la calibrazione del prodotto finito. Il sistema pu\u00f2 anche essere utilizzato per monitorare la qualit\u00e0 del processo di produzione, assicurando che i misuratori di portata soddisfino gli standard richiesti. Inoltre, il sistema pu\u00f2 essere utilizzato per generare rapporti e analizzare i dati per aiutare i produttori a migliorare i loro processi produttivi.<\/p>\n<\/div>\n<div id=\"09\">\n<p><strong>9.Does the flo tech flow meter have data storage capabilities?<\/strong><\/p>\n<p>Ci concentriamo sull'innovazione e sul miglioramento continuo per mantenere un vantaggio competitivo.<br \/>\nDipende dal tipo di misuratore di portata. Alcuni misuratori di portata hanno capacit\u00e0 di memorizzazione dei dati, mentre altri non ne hanno.<\/p>\n<p><img style=\"max-width: 100%;\" title=\"Does the flo tech flow meter have data storage capabilities?\" src=\"https:\/\/www.hginstrument.com\/wp-content\/uploads\/2021\/07\/hls-2000p-z1.jpg\" alt=\"Does the flo tech flow meter have data storage capabilities?\" \/><\/p>\n<\/div>\n<div id=\"010\">\n<p><strong>10.Is the flo tech flow meter anti-corrosion?<\/strong><\/p>\n<p>We have established a good reputation and reliable partnerships within the flo tech flow meter industry.<br \/>\nS\u00ec, la maggior parte dei misuratori di portata \u00e8 progettata per essere resistente alla corrosione. Tuttavia, il tipo specifico di misuratore di portata e l'ambiente in cui viene utilizzato determinano il grado di resistenza alla corrosione.<\/p>\n<\/div>\n<div id=\"11\">\n<p><strong>11.About flo tech flow meter technology<\/strong><\/p>\n<p>La tecnologia dei misuratori di portata \u00e8 un tipo di tecnologia di misura utilizzata per misurare la velocit\u00e0 di flusso di un fluido o di un gas. Viene utilizzata in diversi settori, tra cui quello petrolifero e del gas, dell'acqua e delle acque reflue e del trattamento chimico. I flussimetri misurano la portata di un fluido o di un gas misurando la pressione, la velocit\u00e0 o altre propriet\u00e0 fisiche del fluido o del gas. I flussimetri possono essere utilizzati per misurare la portata di liquidi, gas e vapore. Vengono utilizzati per misurare la portata di una variet\u00e0 di fluidi, tra cui acqua, olio e sostanze chimiche. I misuratori di portata sono utilizzati in diverse applicazioni, tra cui il controllo dei processi, la gestione dell'energia e il monitoraggio della sicurezza.<\/p>\n<\/div>\n<div id=\"12\">\n<p><strong>12.About flo tech flow meter quality system<\/strong><\/p>\n<p>Il sistema di qualit\u00e0 dei misuratori di portata \u00e8 un insieme di processi e procedure utilizzati per garantire che i misuratori di portata siano prodotti e testati per soddisfare i pi\u00f9 elevati standard di precisione e affidabilit\u00e0. Il sistema comprende misure di controllo della qualit\u00e0 come l'ispezione del materiale in entrata, l'ispezione in corso di lavorazione e il collaudo del prodotto finale. Include anche la documentazione e la tenuta dei registri per garantire che tutti i processi siano seguiti e che eventuali problemi siano affrontati in modo rapido ed efficace. Il sistema \u00e8 progettato per garantire che i misuratori di portata prodotti siano della massima qualit\u00e0 e soddisfino i requisiti del cliente.<\/p>\n<p><img style=\"max-width: 100%;\" title=\"About flo tech flow meter quality system\" src=\"https:\/\/www.hginstrument.com\/wp-content\/uploads\/2021\/10\/w803e-f3.jpg\" alt=\"About flo tech flow meter quality system\" \/><\/p>\n<\/div>\n<div id=\"13\">\n<p><strong>13.What is the format of the flo tech flow meter\u2019s output signal?<\/strong><\/p>\n<p>We continuously upgrade our skills and knowledge to adapt to changing flo tech flow meter market needs.<br \/>\nIl formato del segnale di uscita del flussimetro dipende dal tipo di flussimetro utilizzato. I formati pi\u00f9 comuni dei segnali di uscita comprendono impulsi, frequenza, tensione e corrente.<\/p>\n<\/div>\n<div id=\"14\">\n<p><strong>14.What is the difference between flo tech flow meter SUYI group vs flo tech flow meter Schneider Electric vs flo tech flow meter Badger Meter<\/strong><\/p>\n<p>I misuratori di portata di SUYI Group sono tipicamente utilizzati per applicazioni industriali, come la misurazione del flusso di liquidi, gas e vapore. Sono progettati per essere affidabili e precisi e sono disponibili in una variet\u00e0 di dimensioni e materiali.<\/p>\n<p>I misuratori di portata di Schneider Electric sono progettati per applicazioni industriali e commerciali e sono disponibili in una variet\u00e0 di dimensioni e materiali. Sono progettati per essere affidabili e precisi e sono adatti a un'ampia gamma di applicazioni.<\/p>\n<p>I misuratori di portata di Badger Meter sono progettati per applicazioni industriali e commerciali e sono disponibili in una variet\u00e0 di dimensioni e materiali. Sono progettati per essere affidabili e precisi e sono adatti a un'ampia gamma di applicazioni. Offrono inoltre una serie di funzioni, come il monitoraggio remoto e la registrazione dei dati.<\/p>\n<\/div>\n<div id=\"15\">\n<p><strong>15.Does the flo tech flow meter have an automatic alarm function?<\/strong><\/p>\n<p>Aderiamo al principio della qualit\u00e0 prima di tutto e disponiamo di un sistema completo di gestione della qualit\u00e0 della produzione e di un processo di ispezione della qualit\u00e0.<br \/>\nMolti misuratori di portata dispongono di una funzione di allarme automatico, ma ci\u00f2 dipende dal modello specifico. \u00c8 meglio controllare le specifiche del prodotto per determinare se il misuratore di portata che si sta considerando \u00e8 dotato di questa funzione.<\/p>\n<p><img style=\"max-width: 100%;\" title=\"Does the flo tech flow meter have an automatic alarm function?\" src=\"https:\/\/www.hginstrument.com\/wp-content\/uploads\/2021\/07\/hgdu600-p-1.jpg\" alt=\"Does the flo tech flow meter have an automatic alarm function?\" \/><\/p>\n<\/div>\n<div id=\"16\">\n<p><strong>16.What is the difference between flo tech flow meter SUYI group vs flo tech flow meter Emerson vs flo tech flow meter Honeywell<\/strong><\/p>\n<p>I misuratori di portata di SUYI Group, Emerson e Honeywell misurano tutti il flusso di liquidi e gas, ma differiscono in termini di precisione, caratteristiche e costo. I misuratori di portata di SUYI Group sono in genere i pi\u00f9 convenienti, ma potrebbero non avere la stessa precisione o le stesse funzioni dei modelli pi\u00f9 costosi di Emerson e Honeywell. I misuratori di portata Emerson sono noti per la loro precisione e affidabilit\u00e0, ma possono essere pi\u00f9 costosi di altri marchi. I misuratori di portata Honeywell sono noti per le loro funzioni avanzate e la loro precisione, ma possono essere i pi\u00f9 costosi dei tre.<\/p>\n<\/div>\n<div id=\"17\">\n<p><strong>17.What is the difference between flo tech flow meter SUYI group vs flo tech flow meter Yokogawa vs flo tech flow meter ABB<\/strong><\/p>\n<p>I misuratori di portata di SUYI Group, Yokogawa e ABB misurano tutti la portata di un fluido, ma differiscono in termini di precisione, caratteristiche e costi. I misuratori di portata di SUYI Group sono in genere pi\u00f9 convenienti di quelli di Yokogawa e ABB, ma potrebbero non avere altrettante funzioni o una precisione altrettanto elevata. I misuratori di portata Yokogawa sono noti per la loro precisione e affidabilit\u00e0, ma tendono a essere pi\u00f9 costosi di quelli di SUYI Group e ABB. I misuratori di portata ABB sono noti per la loro robustezza e durata, ma sono anche pi\u00f9 costosi degli altri due marchi.<\/p>\n<\/div>\n<p>&nbsp;<\/p>\n<p>Tag\uff1a<a href=\"\/it\/magnetic-flow-meter\/digital-gas-flow-meter\/\">misuratore digitale di portata del gas<\/a>,<a href=\"\/it\/magnetic-flow-meter\/low-pressure-drop-flow-meter\/\">misuratore di portata a bassa perdita di pressione<\/a>,<a href=\"\/it\/magnetic-flow-meter\/water-flow-meter-4-20ma-output\/\">misuratore di portata d'acqua con uscita 4-20ma<\/a>,<a href=\"\/it\/magnetic-flow-meter\/magmeter-flow-meter\/\">misuratore di portata magmeter<\/a><\/p>\n<p>&nbsp;<\/p>","protected":false},"excerpt":{"rendered":"<p><strong>Dati tecnici<\/strong><br \/>\nPu\u00f2 servire fluidi liquidi o gassosi; di solito viene utilizzato per misurare il flusso di vapore, aria e gas naturale.<br \/>\nDimensioni del contatore: Tipo in linea: DN25 - DN300<br \/>\nOpzione materiale bagnato: SS304, SS316<br \/>\nTemperatura di funzionamento: \u2264250\u2103<br \/>\nConnessione al processo: Wafer \/ Flangia \/ Tri-clamp per il tipo in linea<br \/>\nPrecisione di misura: 1,0 % - 1,5% del campo di calibrazione<br \/>\nIndicatore digitale: visualizzazione del flusso istantaneo, del flusso totale<br \/>\nAlimentazione: 24VDC, Uscita: 4-20mA<\/p>\n<p><strong>caratteristiche<\/strong><br \/>\n1.Punti di attivazione\/disattivazione regolabili<br \/>\n2. Modalit\u00e0 di allarme flusso Hi o Lo<br \/>\n3. Ritardo regolabile<br \/>\n4.LED di stato del rel\u00e8<\/p>","protected":false},"featured_media":3691,"comment_status":"closed","ping_status":"closed","template":"","meta":[],"product_cat":[2372],"product_tag":[],"acf":[],"_links":{"self":[{"href":"https:\/\/www.hginstrument.com\/it\/wp-json\/wp\/v2\/product\/5210"}],"collection":[{"href":"https:\/\/www.hginstrument.com\/it\/wp-json\/wp\/v2\/product"}],"about":[{"href":"https:\/\/www.hginstrument.com\/it\/wp-json\/wp\/v2\/types\/product"}],"replies":[{"embeddable":true,"href":"https:\/\/www.hginstrument.com\/it\/wp-json\/wp\/v2\/comments?post=5210"}],"wp:featuredmedia":[{"embeddable":true,"href":"https:\/\/www.hginstrument.com\/it\/wp-json\/wp\/v2\/media\/3691"}],"wp:attachment":[{"href":"https:\/\/www.hginstrument.com\/it\/wp-json\/wp\/v2\/media?parent=5210"}],"wp:term":[{"taxonomy":"product_cat","embeddable":true,"href":"https:\/\/www.hginstrument.com\/it\/wp-json\/wp\/v2\/product_cat?post=5210"},{"taxonomy":"product_tag","embeddable":true,"href":"https:\/\/www.hginstrument.com\/it\/wp-json\/wp\/v2\/product_tag?post=5210"}],"curies":[{"name":"wp","href":"https:\/\/api.w.org\/{rel}","templated":true}]}}