{"id":5236,"date":"2023-12-23T23:02:52","date_gmt":"2023-12-23T15:02:52","guid":{"rendered":"https:\/\/www.hginstrument.com\/?post_type=product&#038;p=5236"},"modified":"2023-12-23T23:04:59","modified_gmt":"2023-12-23T15:04:59","slug":"flow-meter-fittings","status":"publish","type":"product","link":"https:\/\/www.hginstrument.com\/it\/magnetic-flow-meter\/flow-meter-fittings\/","title":{"rendered":"flow meter fittings"},"content":{"rendered":"<p>The flow meter fittings is a highly reliable and accurate device used for measuring the flow of liquids and gases in various industrial and commercial applications. It is designed with advanced technology and high-quality components, making it durable and resistant to external factors such as temperature and pressure changes.<\/p>\n<p>flow meter fittingss are essential devices for measuring the flow rate and volume of liquids, gases, and steam in various industrial processes. They are widely used in industries such as oil and gas, water and wastewater treatment, chemical, and pharmaceutical to monitor and control the flow of fluids.<\/p>\n<p>&nbsp;<\/p>\n<table class=\"table table-bordered\">\n<tbody>\n<tr>\n<td><span style=\"vertical-align: inherit;\"><span style=\"vertical-align: inherit;\">Tipo: il tipo<\/span><\/span><\/td>\n<td><span style=\"vertical-align: inherit;\">flow meter fittings<\/span><\/td>\n<td><span style=\"vertical-align: inherit;\"><span style=\"vertical-align: inherit;\">Segnale d'uscita: segnale d'uscita<\/span><\/span><\/td>\n<td><span style=\"vertical-align: inherit;\"><span style=\"vertical-align: inherit;\">4-17mA, impulso\/frequenza 2kHz (default), 5KHz (max)<\/span><\/span><\/td>\n<\/tr>\n<tr>\n<td><span style=\"vertical-align: inherit;\"><span style=\"vertical-align: inherit;\">Luogo di origine: il luogo di origine<\/span><\/span><\/td>\n<td><span style=\"vertical-align: inherit;\"><span style=\"vertical-align: inherit;\">Jiangsu, Cina<\/span><\/span><\/td>\n<td><span style=\"vertical-align: inherit;\"><span style=\"vertical-align: inherit;\">Incorporare il tipo: il tipo<\/span><\/span><\/td>\n<td><span style=\"vertical-align: inherit;\"><span style=\"vertical-align: inherit;\">-10\u2103- +51\u2103<\/span><\/span><\/td>\n<\/tr>\n<tr>\n<td><span style=\"vertical-align: inherit;\"><span style=\"vertical-align: inherit;\">Garanzia: garanzia<\/span><\/span><\/td>\n<td><span style=\"vertical-align: inherit;\"><span style=\"vertical-align: inherit;\">26 mesi<\/span><\/span><\/td>\n<td><span style=\"vertical-align: inherit;\"><span style=\"vertical-align: inherit;\">Tensione di alimentazione: tensione di alimentazione<\/span><\/span><\/td>\n<td><span style=\"vertical-align: inherit;\"><span style=\"vertical-align: inherit;\">110\/220VAC (100-240VAC), 50Hz\/60Hz; 24VDC\u00b110%<\/span><\/span><\/td>\n<\/tr>\n<tr>\n<td><span style=\"vertical-align: inherit;\"><span style=\"vertical-align: inherit;\">Supporto personalizzato\uff1aSupporto personalizzato<\/span><\/span><\/td>\n<td><span style=\"vertical-align: inherit;\"><span style=\"vertical-align: inherit;\">OEM, ODM, OBM<\/span><\/span><\/td>\n<td><span style=\"vertical-align: inherit;\"><span style=\"vertical-align: inherit;\">Comunicazione digitale: comunicazione digitale<\/span><\/span><\/td>\n<td><span style=\"vertical-align: inherit;\"><span style=\"vertical-align: inherit;\">RS-485, supporto del protocollo standard Mudbugs-RTU; GPRS<\/span><\/span><\/td>\n<\/tr>\n<tr>\n<td><span style=\"vertical-align: inherit;\"><span style=\"vertical-align: inherit;\">Nome della marca: Nome della marca: Nome della marca: Nome della marca: Nome della marca: Nome della marca<\/span><\/span><\/td>\n<td><span style=\"vertical-align: inherit;\"><span style=\"vertical-align: inherit;\">GRUPPO SUYI<\/span><\/span><\/td>\n<td><span style=\"vertical-align: inherit;\"><span style=\"vertical-align: inherit;\">Pressione nominale: pressione nominale<\/span><\/span><\/td>\n<td><span style=\"vertical-align: inherit;\"><span style=\"vertical-align: inherit;\">1MPa (DN15-DN800), 1,6MPa (DN15-DN800), 2,5MPa (DN15-DN600)<\/span><\/span><\/td>\n<\/tr>\n<tr>\n<td><span style=\"vertical-align: inherit;\"><span style=\"vertical-align: inherit;\">Numero di modello: Numero di modello: Numero di modello: Numero di modello: Numero di modello: Numero di modello<\/span><\/span><\/td>\n<td><span style=\"vertical-align: inherit;\"><span style=\"vertical-align: inherit;\">altro<\/span><\/span><\/td>\n<td><span style=\"vertical-align: inherit;\"><span style=\"vertical-align: inherit;\">Sensore: sensore<\/span><\/span><\/td>\n<td><span style=\"vertical-align: inherit;\"><span style=\"vertical-align: inherit;\">0\u2103- +80\u2103 o -25\u2103- +120\u2103 o +70\u2103- +250\u2103<\/span><\/span><\/td>\n<\/tr>\n<tr>\n<td><span style=\"vertical-align: inherit;\"><span style=\"vertical-align: inherit;\">Nome del prodotto: Nome del prodotto: Nome del prodotto: Nome del prodotto: Nome del prodotto: Nome del prodotto<\/span><\/span><\/td>\n<td><span style=\"vertical-align: inherit;\"><span style=\"vertical-align: inherit;\">Misuratore di portata dell'acqua chimica digitale intelligente elettromagnetico<\/span><\/span><\/td>\n<td><span style=\"vertical-align: inherit;\"><span style=\"vertical-align: inherit;\">Dettagli dell'imballaggio:<\/span><\/span><\/td>\n<td><span style=\"vertical-align: inherit;\"><span style=\"vertical-align: inherit;\">1 set per confezione o come richiesto dal cliente<\/span><\/span><\/td>\n<\/tr>\n<tr>\n<td><span style=\"vertical-align: inherit;\"><span style=\"vertical-align: inherit;\">Diametro nominale: diametro nominale<\/span><\/span><\/td>\n<td><span style=\"vertical-align: inherit;\"><span style=\"vertical-align: inherit;\">3-2802mm<\/span><\/span><\/td>\n<td><span style=\"vertical-align: inherit;\"><span style=\"vertical-align: inherit;\">Capacit\u00e0 di approvvigionamento<\/span><\/span><\/td>\n<td><span style=\"vertical-align: inherit;\"><span style=\"vertical-align: inherit;\">2379 Set\/Sets per Month<\/span><\/span><\/td>\n<\/tr>\n<tr>\n<td><span style=\"vertical-align: inherit;\"><span style=\"vertical-align: inherit;\">gamma di velocit\u00e0: il campo di velocit\u00e0<\/span><\/span><\/td>\n<td><span style=\"vertical-align: inherit;\"><span style=\"vertical-align: inherit;\">0-11m\/s<\/span><\/span><\/td>\n<td><span style=\"vertical-align: inherit;\"><span style=\"vertical-align: inherit;\">Quantit\u00e0 (set)<\/span><\/span><\/td>\n<td><span style=\"vertical-align: inherit;\"><span style=\"vertical-align: inherit;\">&gt; 30<\/span><\/span><\/td>\n<\/tr>\n<tr>\n<td><span style=\"vertical-align: inherit;\"><span style=\"vertical-align: inherit;\">Grado di accuratezza: il grado di accuratezza<\/span><\/span><\/td>\n<td><span style=\"vertical-align: inherit;\"><span style=\"vertical-align: inherit;\">\u00b10,5%R, \u00b11%R ( &lt; DN20)<\/span><\/span><\/td>\n<td><span style=\"vertical-align: inherit;\"><span style=\"vertical-align: inherit;\">Tempi di consegna (giorni)<\/span><\/span><\/td>\n<td><span style=\"vertical-align: inherit;\"><span style=\"vertical-align: inherit;\">Da negoziare<\/span><\/span><\/td>\n<\/tr>\n<\/tbody>\n<\/table>\n<p>&nbsp;<\/p>\n<p><strong><\/strong><\/p>\n<p style=\"text-align:center;\"><img src=\"https:\/\/www.hginstrument.com\/wp-content\/uploads\/2021\/07\/in-line-pipeline-type-hgd-electromagnetic-flow-meter.jpg\" atl=\"flow meter fittings\" title=\"flow meter fittings\"><\/p>\n<p><strong><\/strong><\/p>\n<p style=\"text-align:center;\"><img src=\"https:\/\/www.hginstrument.com\/wp-content\/uploads\/2021\/07\/insertion-01.jpg\" atl=\"flow meter fittings\" title=\"flow meter fittings\"><\/p>\n<p><strong><\/strong><\/p>\n<p style=\"text-align:center;\"><img src=\"https:\/\/www.hginstrument.com\/wp-content\/uploads\/2021\/07\/sanitary-mag-1.jpg\" atl=\"flow meter fittings\" title=\"flow meter fittings\"><\/p>\n<p><strong>flow meter fittings FAQs Guide.<\/p>\n<p>At the heart of our flow meter fittings series lies a commitment to excellence, blending advanced sensor technology with user-friendly interfaces. From liquid to gas, our meters deliver unparalleled accuracy, empowering you to make informed decisions and streamline operations. As we usher in a new era of fluid measurement, we invite you to explore the limitless possibilities that our flow meter fittingss unlock \u2013 where precision meets performance, and innovation flows seamlessly.<\/strong><\/p>\n<div style=\"border:3px solid #f89900;margin:20px 0;padding:20px;\"><a href=\"\/it\/flow-meter-fittings\/#01\">1.Does the flow meter fittings have data storage capabilities?<\/a><br \/><a href=\"\/it\/flow-meter-fittings\/#02\">2.About flow meter fittings production capacity<\/a><br \/><a href=\"\/it\/flow-meter-fittings\/#03\">3.What is the explosion-proof rating of flow meter fittings?<\/a><br \/><a href=\"\/it\/flow-meter-fittings\/#04\">4.How does the flow meter fittings detect the properties of the target fluid?<\/a><br \/><a href=\"\/it\/flow-meter-fittings\/#05\">5.Does flow meter fittings have real-time monitoring function?<\/a><br \/><a href=\"\/it\/flow-meter-fittings\/#06\">6.What is the measuring range of flow meter fittings?<\/a><br \/><a href=\"\/it\/flow-meter-fittings\/#07\">7.What are the installation methods of flow meter fittings?<\/a><br \/><a href=\"\/it\/flow-meter-fittings\/#08\">8.About flow meter fittings warranty<\/a><br \/><a href=\"\/it\/flow-meter-fittings\/#09\">9.How does a flow meter fittings measure flow?<\/a><br \/><a href=\"\/it\/flow-meter-fittings\/#010\">10.What are the requirements for the specific installation location of the flow meter fittings?<\/a><br \/><a href=\"\/it\/flow-meter-fittings\/#11\">11.What fluids are flow meter fittingss mainly used for measuring?<\/a><br \/><a href=\"\/it\/flow-meter-fittings\/#12\">12.What is the format of the flow meter fittings\u2019s output signal?<\/a><br \/><a href=\"\/it\/flow-meter-fittings\/#13\">13.About flow meter fittings production equipment<\/a><br \/><a href=\"\/it\/flow-meter-fittings\/#14\">14.What is the applicable pressure range of flow meter fittings?<\/a><br \/><a href=\"\/it\/flow-meter-fittings\/#15\">15.What is the main principle of flow meter fittings?<\/a><br \/><a href=\"\/it\/flow-meter-fittings\/#16\">16.Can the measurement results of the flow meter fittings be output and recorded remotely?<\/a><br \/><a href=\"\/it\/flow-meter-fittings\/#17\">17.What is the difference between flow meter fittings SUYI group vs flow meter fittings Endress+Hauser vs flow meter fittings KROHNE<\/a><br \/><a href=\"\/it\/flow-meter-fittings\/#18\">18.About flow meter fittings customization services<\/a><\/div>\n<div name=\"01\" id=\"01\">\n<p><strong>1.Does the flow meter fittings have data storage capabilities?<\/strong><\/p>\n<p>Ci concentriamo sull'innovazione e sul miglioramento continuo per mantenere un vantaggio competitivo.<br \/>\nDipende dal tipo di misuratore di portata. Alcuni misuratori di portata hanno capacit\u00e0 di memorizzazione dei dati, mentre altri non ne hanno.<\/p>\n<\/div>\n<div name=\"02\" id=\"02\">\n<p><strong>2.About flow meter fittings production capacity<\/strong><\/p>\n<p>La capacit\u00e0 produttiva dei misuratori di portata dipende dal tipo di misuratore prodotto. In genere, la capacit\u00e0 produttiva \u00e8 determinata dalle dimensioni dell'impianto di produzione, dal numero di macchine e di personale disponibili e dal tipo di misuratore di portata prodotto. Ad esempio, un impianto di produzione specializzato nella produzione di misuratori di portata a turbina pu\u00f2 avere una capacit\u00e0 produttiva superiore rispetto a un impianto che produce misuratori di portata a ultrasuoni. Inoltre, la capacit\u00e0 produttiva di un impianto pu\u00f2 essere influenzata dalla complessit\u00e0 del misuratore di portata prodotto e dalla disponibilit\u00e0 di materie prime e componenti.<\/p>\n<p><img src=\"https:\/\/www.hginstrument.com\/wp-content\/uploads\/2021\/07\/wedge-1.jpg\" alt=\"About flow meter fittings production capacity\" title=\"About flow meter fittings production capacity\" style=\"max-width: 100%;\"><\/div>\n<div name=\"03\" id=\"03\">\n<p><strong>3.What is the explosion-proof rating of flow meter fittings?<\/strong><\/p>\n<p>Our flow meter fittings products undergo strict quality control to ensure customer satisfaction.<br \/>\nLe classificazioni antideflagranti dei misuratori di portata variano a seconda del tipo di misuratore e dell'applicazione. In genere, i misuratori di portata sono classificati per la Classe I, Divisione 1, Gruppi C e D, o per la Classe II, Divisione 1, Gruppi E, F e G.<\/p>\n<\/div>\n<div name=\"04\" id=\"04\">\n<p><strong>4.How does the flow meter fittings detect the properties of the target fluid?<\/strong><\/p>\n<p>As one of the flow meter fittings market leaders, we are known for innovation and reliability.<br \/>\nI flussimetri misurano la portata di un fluido rilevandone la velocit\u00e0. Ci\u00f2 avviene tipicamente misurando la caduta di pressione attraverso una restrizione nota nel percorso del flusso, oppure misurando la velocit\u00e0 del fluido utilizzando una serie di tecnologie come quella ultrasonica, magnetica o termica. La portata pu\u00f2 quindi essere utilizzata per calcolare le propriet\u00e0 del fluido, come la densit\u00e0, la viscosit\u00e0 e la portata volumetrica.<\/p>\n<p><img src=\"https:\/\/www.hginstrument.com\/wp-content\/uploads\/2021\/07\/ltb-1.jpg\" alt=\"How does the flow meter fittings detect the properties of the target fluid?\" title=\"How does the flow meter fittings detect the properties of the target fluid?\" style=\"max-width: 100%;\"><\/div>\n<div name=\"05\" id=\"05\">\n<p><strong>5.Does flow meter fittings have real-time monitoring function?<\/strong><\/p>\n<p>S\u00ec, alcuni misuratori di portata hanno funzioni di monitoraggio in tempo reale. Questi misuratori sono in genere dotati di sensori che misurano la portata e trasmettono i dati a un sistema di monitoraggio. Ci\u00f2 consente di monitorare in tempo reale la portata e altri parametri.<\/p>\n<\/div>\n<div name=\"06\" id=\"06\">\n<p><strong>6.What is the measuring range of flow meter fittings?<\/strong><\/p>\n<p>We continuously upgrade our skills and knowledge to adapt to changing flow meter fittings market needs.<br \/>\nIl campo di misura di un misuratore di portata dipende dal tipo di misuratore utilizzato. In generale, il campo di misura di un misuratore di portata pu\u00f2 variare da 0,01 a 1000 litri al minuto.<\/p>\n<p><img src=\"https:\/\/www.hginstrument.com\/wp-content\/uploads\/2021\/07\/hls-2000p-z1.jpg\" alt=\"What is the measuring range of flow meter fittings?\" title=\"What is the measuring range of flow meter fittings?\" style=\"max-width: 100%;\"><\/div>\n<div name=\"07\" id=\"07\">\n<p><strong>7.What are the installation methods of flow meter fittings?<\/strong><\/p>\n<p>Our mission is to provide customers with the best solutions for flow meter fittings.<br \/>\n1. Installazione in linea: \u00c8 il tipo di installazione pi\u00f9 comune per i misuratori di portata. Consiste nel collocare il misuratore di portata direttamente nel tubo o nel condotto in cui scorre il fluido.<\/p>\n<p>2. Installazione a inserimento: Questo tipo di installazione prevede l'inserimento del misuratore di portata nel tubo o nel condotto. In genere si utilizza una flangia o un raccordo.<\/p>\n<p>3. Installazione a canale aperto: Questo tipo di installazione si utilizza quando il flusso si trova in un canale aperto, come un fiume o un torrente. Il misuratore di portata viene posizionato nel canale e misura la portata.<\/p>\n<p>4. Installazione sommersa: Questo tipo di installazione si utilizza quando il flusso si trova in un ambiente sommerso, come un pozzo o un serbatoio. Il misuratore di portata viene inserito nell'acqua e misura la portata.<\/p>\n<\/div>\n<div name=\"08\" id=\"08\">\n<p><strong>8.About flow meter fittings warranty<\/strong><\/p>\n<p>Le garanzie dei misuratori di portata variano a seconda del produttore e del tipo di misuratore. In genere, le garanzie coprono i difetti dei materiali e della lavorazione e possono coprire anche alcuni tipi di danni causati dal normale utilizzo. Alcune garanzie possono coprire anche i danni causati da un'installazione o da un uso improprio. \u00c8 importante leggere le informazioni sulla garanzia fornite dal produttore per comprendere la copertura specifica e le limitazioni della garanzia.<\/p>\n<p><img src=\"https:\/\/www.hginstrument.com\/wp-content\/uploads\/2021\/07\/hg-50-7.jpg\" alt=\"About flow meter fittings warranty\" title=\"About flow meter fittings warranty\" style=\"max-width: 100%;\"><\/div>\n<div name=\"09\" id=\"09\">\n<p><strong>9.How does a flow meter fittings measure flow?<\/strong><\/p>\n<p>We operate our flow meter fittings business with integrity and honesty.<br \/>\nUn misuratore di portata misura il flusso misurando la velocit\u00e0 di un fluido mentre passa attraverso un tubo o un altro condotto. In genere, ci\u00f2 avviene misurando la caduta di pressione attraverso un'area nota, oppure misurando il tempo impiegato da un volume di fluido per passare attraverso un'area nota. Altri metodi includono l'uso di una turbina, di una ruota a pale o di un trasduttore a ultrasuoni per misurare la velocit\u00e0 del fluido.<\/p>\n<\/div>\n<div name=\"010\" id=\"010\">\n<p><strong>10.What are the requirements for the specific installation location of the flow meter fittings?<\/strong><\/p>\n<p>We operate our flow meter fittings business with integrity and honesty.<br \/>\n1. Il misuratore di portata deve essere installato in un luogo privo di vibrazioni, urti e altre forze esterne.<\/p>\n<p>2. Il misuratore di portata deve essere installato in un luogo privo di gas corrosivi, liquidi e altri agenti contaminanti.<\/p>\n<p>3. Il misuratore di portata deve essere installato in una posizione accessibile per la manutenzione e la calibrazione.<\/p>\n<p>4. Il misuratore di portata deve essere installato in un luogo privo di temperature e umidit\u00e0 estreme.<\/p>\n<p>5. Il misuratore di portata deve essere installato in un luogo privo di interferenze elettriche.<\/p>\n<p><img src=\"https:\/\/www.hginstrument.com\/wp-content\/uploads\/2021\/07\/verabar-1.jpg\" alt=\"What are the requirements for the specific installation location of the flow meter fittings?\" title=\"What are the requirements for the specific installation location of the flow meter fittings?\" style=\"max-width: 100%;\"><\/div>\n<div name=\"11\" id=\"11\">\n<p><strong>11.What fluids are flow meter fittingss mainly used for measuring?<\/strong><\/p>\n<p>Ci concentriamo sul lavoro di squadra e sulla comunicazione per raggiungere obiettivi comuni, attribuendo grande importanza a questo dettaglio.<br \/>\nI misuratori di portata sono utilizzati principalmente per misurare il flusso di liquidi, gas e vapore.<\/p>\n<\/div>\n<div name=\"12\" id=\"12\">\n<p><strong>12.What is the format of the flow meter fittings\u2019s output signal?<\/strong><\/p>\n<p>We continuously upgrade our skills and knowledge to adapt to changing flow meter fittings market needs.<br \/>\nIl formato del segnale di uscita del flussimetro dipende dal tipo di flussimetro utilizzato. I formati pi\u00f9 comuni dei segnali di uscita comprendono impulsi, frequenza, tensione e corrente.<\/p>\n<p><img src=\"https:\/\/www.hginstrument.com\/wp-content\/uploads\/2021\/07\/hguoc-1.jpg\" alt=\"What is the format of the flow meter fittings\u2019s output signal?\" title=\"What is the format of the flow meter fittings\u2019s output signal?\" style=\"max-width: 100%;\"><\/div>\n<div name=\"13\" id=\"13\">\n<p><strong>13.About flow meter fittings production equipment<\/strong><\/p>\n<p>Le attrezzature per la produzione di misuratori di portata sono utilizzate per produrre misuratori di portata, che sono dispositivi utilizzati per misurare la velocit\u00e0 di flusso di un liquido o di un gas. Queste attrezzature comprendono in genere una serie di macchine e strumenti, come torni, fresatrici, trapani e macchine CNC. Comprende anche strumenti specializzati per l'assemblaggio e il collaudo dei misuratori di portata. Le attrezzature utilizzate per produrre i misuratori di portata sono altamente specializzate e devono essere in grado di produrre risultati accurati e affidabili.<\/p>\n<\/div>\n<div name=\"14\" id=\"14\">\n<p><strong>14.What is the applicable pressure range of flow meter fittings?<\/strong><\/p>\n<p>I nostri prodotti e servizi coprono una vasta gamma di aree e soddisfano le esigenze di diversi settori.<br \/>\nL'intervallo di pressione applicabile di un misuratore di portata dipende dal tipo di misuratore utilizzato. In generale, i misuratori di portata possono misurare pressioni comprese tra 0,1 bar e 1000 bar.<\/p>\n<p><img src=\"https:\/\/www.hginstrument.com\/wp-content\/uploads\/2021\/07\/hluc-1.jpg\" alt=\"What is the applicable pressure range of flow meter fittings?\" title=\"What is the applicable pressure range of flow meter fittings?\" style=\"max-width: 100%;\"><\/div>\n<div name=\"15\" id=\"15\">\n<p><strong>15.What is the main principle of flow meter fittings?<\/strong><\/p>\n<p>Our flow meter fittings products undergo strict quality control to ensure customer satisfaction.<br \/>\nIl principio principale di un misuratore di portata \u00e8 quello di misurare la velocit\u00e0 di flusso di un fluido o di un gas attraverso un tubo o un altro contenitore. Ci\u00f2 avviene tipicamente misurando la caduta di pressione attraverso una restrizione nota nel tubo, oppure misurando la velocit\u00e0 del fluido o del gas mentre passa attraverso il tubo.<\/p>\n<\/div>\n<div name=\"16\" id=\"16\">\n<p><strong>16.Can the measurement results of the flow meter fittings be output and recorded remotely?<\/strong><\/p>\n<p>S\u00ec, molti misuratori di portata sono dotati di funzionalit\u00e0 di uscita e registrazione a distanza. Ci\u00f2 consente agli utenti di monitorare e registrare i dati di flusso da una postazione remota.<\/p>\n<p><img src=\"https:\/\/www.hginstrument.com\/wp-content\/uploads\/2021\/07\/in-line-pipeline-type-hgd-electromagnetic-flow-meter.jpg\" alt=\"Can the measurement results of the flow meter fittings be output and recorded remotely?\" title=\"Can the measurement results of the flow meter fittings be output and recorded remotely?\" style=\"max-width: 100%;\"><\/div>\n<div name=\"17\" id=\"17\">\n<p><strong>17.What is the difference between flow meter fittings SUYI group vs flow meter fittings Endress+Hauser vs flow meter fittings KROHNE<\/strong><\/p>\n<p>I misuratori di portata di SUYI Group, Endress+Hauser e KROHNE misurano tutti la portata di un liquido o di un gas. Tuttavia, ogni produttore offre diversi tipi di misuratori di portata con caratteristiche e capacit\u00e0 differenti. <\/p>\n<p>SUYI Group offre una variet\u00e0 di misuratori di portata, tra cui misuratori di portata elettromagnetici, a ultrasuoni e a vortice. Questi misuratori sono progettati per un'ampia gamma di applicazioni, tra cui acqua, olio e gas.<\/p>\n<p>Endress+Hauser offre una gamma di misuratori di portata, tra cui misuratori Coriolis, vortex e a ultrasuoni. Questi misuratori sono progettati per una variet\u00e0 di applicazioni, tra cui acqua, olio e gas.<\/p>\n<p>KROHNE offre una gamma di misuratori di portata, tra cui misuratori Coriolis, vortex e a ultrasuoni. Questi misuratori sono progettati per una variet\u00e0 di applicazioni, tra cui acqua, olio e gas. KROHNE offre anche una gamma di misuratori di portata specializzati, come OPTIFLUX e OPTISWIRL, progettati per applicazioni specifiche.<\/p>\n<\/div>\n<div name=\"18\" id=\"18\">\n<p><strong>18.About flow meter fittings customization services<\/strong><\/p>\n<p>I servizi di personalizzazione dei misuratori di portata sono progettati per fornire ai clienti una soluzione su misura per le loro specifiche esigenze di misurazione del flusso. Questi servizi possono includere la personalizzazione del misuratore di portata per adattarlo a una particolare applicazione, come una specifica dimensione del tubo o portata, o per soddisfare un determinato requisito di precisione. I servizi di personalizzazione possono anche comprendere la modifica del misuratore di portata per includere caratteristiche aggiuntive, come un display o funzionalit\u00e0 di registrazione dei dati. I servizi di personalizzazione dei misuratori di portata possono includere anche l'installazione del misuratore di portata, nonch\u00e9 la fornitura di assistenza tecnica e manutenzione.<\/p>\n<p><img src=\"https:\/\/www.hginstrument.com\/wp-content\/uploads\/2021\/10\/w803e-f3.jpg\" alt=\"About flow meter fittings customization services\" title=\"About flow meter fittings customization services\" style=\"max-width: 100%;\"><\/div>\n<p>Tag\uff1a<a href=\"\/it\/magnetic-flow-meter\/drycal-flow-meter\/\">misuratore di portata a secco<\/a>,<a href=\"\/it\/magnetic-flow-meter\/venturi-flow-meter\/\">venturi flow meter<\/a>,<a href=\"\/it\/magnetic-flow-meter\/air-flow-meter-scfm\/\">misuratore di portata d'aria scfm<\/a><\/p>\n<p><\/p>","protected":false},"excerpt":{"rendered":"<p><strong>Dati tecnici<\/strong><br \/>\nPu\u00f2 servire fluidi liquidi o gassosi; di solito viene utilizzato per misurare il flusso di vapore, aria e gas naturale.<br \/>\nDimensioni del contatore: Tipo in linea: DN25 - DN300<br \/>\nOpzione materiale bagnato: SS304, SS316<br \/>\nTemperatura di funzionamento: \u2264250\u2103<br \/>\nConnessione al processo: Wafer \/ Flangia \/ Tri-clamp per il tipo in linea<br \/>\nPrecisione di misura: 1,0 % - 1,5% del campo di calibrazione<br \/>\nIndicatore digitale: visualizzazione del flusso istantaneo, del flusso totale<br \/>\nAlimentazione: 24VDC, Uscita: 4-20mA<\/p>\n<p><strong>caratteristiche<\/strong><br \/>\n1.Punti di attivazione\/disattivazione regolabili<br \/>\n2. Modalit\u00e0 di allarme flusso Hi o Lo<br \/>\n3. Ritardo regolabile<br \/>\n4.LED di stato del rel\u00e8<\/p>","protected":false},"featured_media":3691,"comment_status":"closed","ping_status":"closed","template":"","meta":[],"product_cat":[2372],"product_tag":[],"acf":[],"_links":{"self":[{"href":"https:\/\/www.hginstrument.com\/it\/wp-json\/wp\/v2\/product\/5236"}],"collection":[{"href":"https:\/\/www.hginstrument.com\/it\/wp-json\/wp\/v2\/product"}],"about":[{"href":"https:\/\/www.hginstrument.com\/it\/wp-json\/wp\/v2\/types\/product"}],"replies":[{"embeddable":true,"href":"https:\/\/www.hginstrument.com\/it\/wp-json\/wp\/v2\/comments?post=5236"}],"wp:featuredmedia":[{"embeddable":true,"href":"https:\/\/www.hginstrument.com\/it\/wp-json\/wp\/v2\/media\/3691"}],"wp:attachment":[{"href":"https:\/\/www.hginstrument.com\/it\/wp-json\/wp\/v2\/media?parent=5236"}],"wp:term":[{"taxonomy":"product_cat","embeddable":true,"href":"https:\/\/www.hginstrument.com\/it\/wp-json\/wp\/v2\/product_cat?post=5236"},{"taxonomy":"product_tag","embeddable":true,"href":"https:\/\/www.hginstrument.com\/it\/wp-json\/wp\/v2\/product_tag?post=5236"}],"curies":[{"name":"wp","href":"https:\/\/api.w.org\/{rel}","templated":true}]}}