{"id":5258,"date":"2023-12-23T23:54:15","date_gmt":"2023-12-23T15:54:15","guid":{"rendered":"https:\/\/www.hginstrument.com\/?post_type=product&#038;p=5258"},"modified":"2024-01-03T14:15:52","modified_gmt":"2024-01-03T06:15:52","slug":"flow-meter-for-water-hose","status":"publish","type":"product","link":"https:\/\/www.hginstrument.com\/it\/magnetic-flow-meter\/flow-meter-for-water-hose\/","title":{"rendered":"misuratore di portata per tubo d'acqua"},"content":{"rendered":"<p>Utilizzando una tecnologia avanzata e componenti di alta qualit\u00e0, il misuratore di portata per tubi d'acqua offre una precisione e un'affidabilit\u00e0 senza pari. Il suo design compatto consente una facile installazione, rendendolo adatto sia ai sistemi di tubazioni nuovi che a quelli esistenti. Con un'ampia variet\u00e0 di dimensioni e configurazioni disponibili, il misuratore di portata per tubi d'acqua \u00e8 in grado di soddisfare le diverse esigenze dei vari settori industriali.<\/p>\n<p>Il misuratore di portata per tubi d'acqua \u00e8 uno strumento di precisione progettato per misurare il flusso di liquidi o gas in un tubo. \u00c8 uno strumento importante nei settori del petrolio e del gas, della chimica, della lavorazione di alimenti e bevande, del trattamento delle acque e in molti altri settori.<\/p>\n<p>Grazie alla sua tecnologia avanzata e all'elevata accuratezza, il misuratore di portata per tubi d'acqua offre agli utenti la possibilit\u00e0 di monitorare e controllare il flusso dei loro processi con precisione ed efficienza. Grazie alla sua struttura resistente, \u00e8 in grado di sopportare condizioni operative difficili e di garantire un'affidabilit\u00e0 a lungo termine.<\/p>\n<table class=\"table table-bordered\">\n<tbody>\n<tr>\n<td><span style=\"vertical-align: inherit;\"><span style=\"vertical-align: inherit;\">Tipo: il tipo<\/span><\/span><\/td>\n<td><span style=\"vertical-align: inherit;\">misuratore di portata per tubo d'acqua<\/span><\/td>\n<td><span style=\"vertical-align: inherit;\"><span style=\"vertical-align: inherit;\">Segnale d'uscita: segnale d'uscita<\/span><\/span><\/td>\n<td><span style=\"vertical-align: inherit;\"><span style=\"vertical-align: inherit;\">4-20 mA, impulsi\/frequenza 2kHz (default), 5KHz (max)<\/span><\/span><\/td>\n<\/tr>\n<tr>\n<td><span style=\"vertical-align: inherit;\"><span style=\"vertical-align: inherit;\">Luogo di origine: il luogo di origine<\/span><\/span><\/td>\n<td><span style=\"vertical-align: inherit;\"><span style=\"vertical-align: inherit;\">Jiangsu, Cina<\/span><\/span><\/td>\n<td><span style=\"vertical-align: inherit;\"><span style=\"vertical-align: inherit;\">Incorporare il tipo: il tipo<\/span><\/span><\/td>\n<td><span style=\"vertical-align: inherit;\"><span style=\"vertical-align: inherit;\">-10\u2103- +55\u2103<\/span><\/span><\/td>\n<\/tr>\n<tr>\n<td><span style=\"vertical-align: inherit;\"><span style=\"vertical-align: inherit;\">Garanzia: garanzia<\/span><\/span><\/td>\n<td><span style=\"vertical-align: inherit;\"><span style=\"vertical-align: inherit;\">12 mesi<\/span><\/span><\/td>\n<td><span style=\"vertical-align: inherit;\"><span style=\"vertical-align: inherit;\">Tensione di alimentazione: tensione di alimentazione<\/span><\/span><\/td>\n<td><span style=\"vertical-align: inherit;\"><span style=\"vertical-align: inherit;\">110\/220VAC (100-240VAC), 50Hz\/60Hz; 24VDC\u00b110%<\/span><\/span><\/td>\n<\/tr>\n<tr>\n<td><span style=\"vertical-align: inherit;\"><span style=\"vertical-align: inherit;\">Supporto personalizzato\uff1aSupporto personalizzato<\/span><\/span><\/td>\n<td><span style=\"vertical-align: inherit;\"><span style=\"vertical-align: inherit;\">OEM, ODM, OBM<\/span><\/span><\/td>\n<td><span style=\"vertical-align: inherit;\"><span style=\"vertical-align: inherit;\">Comunicazione digitale: comunicazione digitale<\/span><\/span><\/td>\n<td><span style=\"vertical-align: inherit;\"><span style=\"vertical-align: inherit;\">RS-485, supporto del protocollo standard Mudbugs-RTU; GPRS<\/span><\/span><\/td>\n<\/tr>\n<tr>\n<td><span style=\"vertical-align: inherit;\"><span style=\"vertical-align: inherit;\">Nome della marca: Nome della marca: Nome della marca: Nome della marca: Nome della marca: Nome della marca<\/span><\/span><\/td>\n<td><span style=\"vertical-align: inherit;\"><span style=\"vertical-align: inherit;\">GRUPPO SUYI<\/span><\/span><\/td>\n<td><span style=\"vertical-align: inherit;\"><span style=\"vertical-align: inherit;\">Pressione nominale: pressione nominale<\/span><\/span><\/td>\n<td><span style=\"vertical-align: inherit;\"><span style=\"vertical-align: inherit;\">1MPa (DN15-DN800), 1,6MPa (DN15-DN800), 2,5MPa (DN15-DN600)<\/span><\/span><\/td>\n<\/tr>\n<tr>\n<td><span style=\"vertical-align: inherit;\"><span style=\"vertical-align: inherit;\">Numero di modello: Numero di modello: Numero di modello: Numero di modello: Numero di modello: Numero di modello<\/span><\/span><\/td>\n<td><span style=\"vertical-align: inherit;\"><span style=\"vertical-align: inherit;\">altro<\/span><\/span><\/td>\n<td><span style=\"vertical-align: inherit;\"><span style=\"vertical-align: inherit;\">Sensore: sensore<\/span><\/span><\/td>\n<td><span style=\"vertical-align: inherit;\"><span style=\"vertical-align: inherit;\">0\u2103- +80\u2103 o -25\u2103- +120\u2103 o +70\u2103- +250\u2103<\/span><\/span><\/td>\n<\/tr>\n<tr>\n<td><span style=\"vertical-align: inherit;\"><span style=\"vertical-align: inherit;\">Nome del prodotto: Nome del prodotto: Nome del prodotto: Nome del prodotto: Nome del prodotto: Nome del prodotto<\/span><\/span><\/td>\n<td><span style=\"vertical-align: inherit;\"><span style=\"vertical-align: inherit;\">Misuratore di portata dell'acqua chimica digitale intelligente elettromagnetico<\/span><\/span><\/td>\n<td><span style=\"vertical-align: inherit;\"><span style=\"vertical-align: inherit;\">Dettagli dell'imballaggio:<\/span><\/span><\/td>\n<td><span style=\"vertical-align: inherit;\"><span style=\"vertical-align: inherit;\">1 set per confezione o come richiesto dal cliente<\/span><\/span><\/td>\n<\/tr>\n<tr>\n<td><span style=\"vertical-align: inherit;\"><span style=\"vertical-align: inherit;\">Diametro nominale: diametro nominale<\/span><\/span><\/td>\n<td><span style=\"vertical-align: inherit;\"><span style=\"vertical-align: inherit;\">3-3212 mm<\/span><\/span><\/td>\n<td><span style=\"vertical-align: inherit;\"><span style=\"vertical-align: inherit;\">Capacit\u00e0 di approvvigionamento<\/span><\/span><\/td>\n<td><span style=\"vertical-align: inherit;\"><span style=\"vertical-align: inherit;\">2334 Set\/Set al mese<\/span><\/span><\/td>\n<\/tr>\n<tr>\n<td><span style=\"vertical-align: inherit;\"><span style=\"vertical-align: inherit;\">gamma di velocit\u00e0: il campo di velocit\u00e0<\/span><\/span><\/td>\n<td><span style=\"vertical-align: inherit;\"><span style=\"vertical-align: inherit;\">0-5m\/s<\/span><\/span><\/td>\n<td><span style=\"vertical-align: inherit;\"><span style=\"vertical-align: inherit;\">Quantit\u00e0 (set)<\/span><\/span><\/td>\n<td><span style=\"vertical-align: inherit;\"><span style=\"vertical-align: inherit;\">&gt; 1<\/span><\/span><\/td>\n<\/tr>\n<tr>\n<td><span style=\"vertical-align: inherit;\"><span style=\"vertical-align: inherit;\">Grado di accuratezza: il grado di accuratezza<\/span><\/span><\/td>\n<td><span style=\"vertical-align: inherit;\"><span style=\"vertical-align: inherit;\">\u00b10,5%R, \u00b11%R ( &lt; DN20)<\/span><\/span><\/td>\n<td><span style=\"vertical-align: inherit;\"><span style=\"vertical-align: inherit;\">Tempi di consegna (giorni)<\/span><\/span><\/td>\n<td><span style=\"vertical-align: inherit;\"><span style=\"vertical-align: inherit;\">Da negoziare<\/span><\/span><\/td>\n<\/tr>\n<\/tbody>\n<\/table>\n<p>&nbsp;<\/p>\n<p>&nbsp;<\/p>\n<p style=\"text-align: center;\"><img title=\"misuratore di portata per tubo d&#039;acqua\" src=\"https:\/\/www.hginstrument.com\/wp-content\/uploads\/2021\/07\/in-line-pipeline-type-hgd-electromagnetic-flow-meter.jpg\" \/><\/p>\n<p>&nbsp;<\/p>\n<p>&nbsp;<\/p>\n<p style=\"text-align: center;\"><img title=\"misuratore di portata per tubo d&#039;acqua\" src=\"https:\/\/www.hginstrument.com\/wp-content\/uploads\/2021\/07\/insertion-01.jpg\" \/><\/p>\n<p>&nbsp;<\/p>\n<p>&nbsp;<\/p>\n<p style=\"text-align: center;\"><img title=\"misuratore di portata per tubo d&#039;acqua\" src=\"https:\/\/www.hginstrument.com\/wp-content\/uploads\/2021\/07\/sanitary-mag-1.jpg\" \/><\/p>\n<p><strong>misuratore di portata per tubo dell'acqua Guida alle domande frequenti.<\/strong><\/p>\n<p>Il cuore della nostra serie di misuratori di portata per tubi d'acqua \u00e8 l'impegno per l'eccellenza, che unisce la tecnologia avanzata dei sensori a interfacce di facile utilizzo. Dai liquidi ai gas, i nostri misuratori offrono una precisione senza pari, consentendovi di prendere decisioni informate e di ottimizzare le operazioni. Mentre inauguriamo una nuova era della misurazione dei fluidi, vi invitiamo a esplorare le possibilit\u00e0 illimitate che i nostri misuratori di portata per tubi flessibili per acqua dischiudono: dove la precisione incontra le prestazioni e l'innovazione fluisce senza soluzione di continuit\u00e0.<\/p>\n<div style=\"border: 3px solid #f89900; margin: 20px 0; padding: 20px;\"><a href=\"\/it\/flow-meter-for-water-hose\/#01\">1.Il misuratore di portata per il tubo dell'acqua ha una funzione di pulizia automatica?<\/a><br \/>\n<a href=\"\/it\/flow-meter-for-water-hose\/#02\">2.Qual \u00e8 l'intervallo di temperatura di funzionamento del misuratore di portata per tubi d'acqua?<\/a><br \/>\n<a href=\"\/it\/flow-meter-for-water-hose\/#03\">3.About misuratore di portata per la capacit\u00e0 di produzione del tubo dell'acqua<\/a><br \/>\n<a href=\"\/it\/flow-meter-for-water-hose\/#04\">4.About misuratore di portata per tubo acqua magazzino d'oltremare<\/a><br \/>\n<a href=\"\/it\/flow-meter-for-water-hose\/#05\">5.Circa il misuratore di portata per la tecnologia dei tubi dell'acqua<\/a><br \/>\n<a href=\"\/it\/flow-meter-for-water-hose\/#06\">6.Qual \u00e8 l'intervallo di pressione applicabile del misuratore di portata per il tubo dell'acqua?<\/a><br \/>\n<a href=\"\/it\/flow-meter-for-water-hose\/#07\">7.Che cos'\u00e8 un flussometro per tubi d'acqua?<\/a><br \/>\n<a href=\"\/it\/flow-meter-for-water-hose\/#08\">8. Qual \u00e8 la differenza tra il misuratore di portata per il tubo dell'acqua del gruppo SUYI e il misuratore di portata per il tubo dell'acqua di Emerson e il misuratore di portata per il tubo dell'acqua di Honeywell?<\/a><br \/>\n<a href=\"\/it\/flow-meter-for-water-hose\/#09\">9.Circa il misuratore di portata per l'origine del tubo dell'acqua<\/a><br \/>\n<a href=\"\/it\/flow-meter-for-water-hose\/#010\">10.Informazioni sul flussometro per l'inventario dei tubi dell'acqua<\/a><br \/>\n<a href=\"\/it\/flow-meter-for-water-hose\/#11\">11.Quali sono i guasti pi\u00f9 comuni e le soluzioni per i misuratori di portata per i tubi dell'acqua?<\/a><br \/>\n<a href=\"\/it\/flow-meter-for-water-hose\/#12\">12.Quali sono il peso e le dimensioni del misuratore di portata per tubo dell'acqua?<\/a><br \/>\n<a href=\"\/it\/flow-meter-for-water-hose\/#13\">13.Informazioni sul misuratore di portata per la formazione sulla produzione di tubi per l'acqua<\/a><br \/>\n<a href=\"\/it\/flow-meter-for-water-hose\/#14\">14.Qual \u00e8 il campo di misura del misuratore di portata per il tubo dell'acqua?<\/a><br \/>\n<a href=\"\/it\/flow-meter-for-water-hose\/#15\">15.Circa il misuratore di portata per il tubo dell'acqua materie prime<\/a><\/div>\n<div id=\"01\">\n<p><strong>1.Il misuratore di portata per il tubo dell'acqua ha una funzione di pulizia automatica?<\/strong><\/p>\n<p>Essendo uno dei principali misuratori di portata per i produttori di tubi d'acqua in Cina, attribuiamo grande importanza a questo dettaglio.<br \/>\nNo, la maggior parte dei misuratori di portata non dispone di una funzione di pulizia automatica. Tuttavia, alcuni modelli possono avere una funzione di autopulizia che pu\u00f2 essere attivata manualmente.<\/p>\n<\/div>\n<div id=\"02\">\n<p><strong>2.Qual \u00e8 l'intervallo di temperatura di funzionamento del misuratore di portata per tubi d'acqua?<\/strong><\/p>\n<p>Abbiamo stabilito una buona reputazione e partnership affidabili all'interno del settore dei misuratori di portata per tubi d'acqua.<br \/>\nLa temperatura di esercizio del misuratore di portata \u00e8 compresa tra -40\u00b0F e 140\u00b0F (-40\u00b0C e 60\u00b0C).<\/p>\n<\/div>\n<div id=\"03\">\n<p><strong>3.About misuratore di portata per la capacit\u00e0 di produzione del tubo dell'acqua<\/strong><\/p>\n<p>La capacit\u00e0 produttiva dei misuratori di portata dipende dal tipo di misuratore prodotto. In genere, la capacit\u00e0 produttiva \u00e8 determinata dalle dimensioni dell'impianto di produzione, dal numero di macchine e di personale disponibili e dal tipo di misuratore di portata prodotto. Ad esempio, un impianto di produzione specializzato nella produzione di misuratori di portata a turbina pu\u00f2 avere una capacit\u00e0 produttiva superiore rispetto a un impianto che produce misuratori di portata a ultrasuoni. Inoltre, la capacit\u00e0 produttiva di un impianto pu\u00f2 essere influenzata dalla complessit\u00e0 del misuratore di portata prodotto e dalla disponibilit\u00e0 di materie prime e componenti.<\/p>\n<p><img style=\"max-width: 100%;\" title=\"Circa il misuratore di portata per la capacit\u00e0 di produzione del tubo dell&#039;acqua\" src=\"https:\/\/www.hginstrument.com\/wp-content\/uploads\/2021\/07\/hgtf-6.jpg\" alt=\"Circa il misuratore di portata per la capacit\u00e0 di produzione del tubo dell&#039;acqua\" \/><\/p>\n<\/div>\n<div id=\"04\">\n<p><strong>4.About misuratore di portata per tubo acqua magazzino d'oltremare<\/strong><\/p>\n<p>I magazzini esteri di misuratori di portata sono magazzini situati in paesi stranieri che immagazzinano misuratori di portata e prodotti correlati. Questi magazzini sono utilizzati per immagazzinare e distribuire i misuratori di portata ai clienti in diversi Paesi. In genere sono situati in paesi che hanno una grande richiesta di misuratori di portata, come gli Stati Uniti, il Canada e l'Europa. I magazzini sono solitamente di propriet\u00e0 e gestiti dal produttore dei misuratori di portata o da un fornitore di logistica terzo. I magazzini sono in genere forniti di una variet\u00e0 di misuratori di portata, compresi quelli digitali, analogici e a ultrasuoni. Inoltre, in genere, conservano parti di ricambio e accessori per i misuratori di portata.<\/p>\n<\/div>\n<div id=\"05\">\n<p><strong>5.Circa il misuratore di portata per la tecnologia dei tubi dell'acqua<\/strong><\/p>\n<p>La tecnologia dei misuratori di portata \u00e8 un tipo di tecnologia di misura utilizzata per misurare la velocit\u00e0 di flusso di un fluido o di un gas. Viene utilizzata in diversi settori, tra cui quello petrolifero e del gas, dell'acqua e delle acque reflue e del trattamento chimico. I flussimetri misurano la portata di un fluido o di un gas misurando la pressione, la velocit\u00e0 o altre propriet\u00e0 fisiche del fluido o del gas. I flussimetri possono essere utilizzati per misurare la portata di liquidi, gas e vapore. Vengono utilizzati per misurare la portata di una variet\u00e0 di fluidi, tra cui acqua, olio e sostanze chimiche. I misuratori di portata sono utilizzati in diverse applicazioni, tra cui il controllo dei processi, la gestione dell'energia e il monitoraggio della sicurezza.<\/p>\n<\/div>\n<div id=\"06\">\n<p><strong>6.Qual \u00e8 l'intervallo di pressione applicabile del misuratore di portata per il tubo dell'acqua?<\/strong><\/p>\n<p>I nostri prodotti e servizi coprono una vasta gamma di aree e soddisfano le esigenze di diversi settori.<br \/>\nL'intervallo di pressione applicabile di un misuratore di portata dipende dal tipo di misuratore utilizzato. In generale, i misuratori di portata possono misurare pressioni comprese tra 0,1 bar e 1000 bar.<\/p>\n<p><img style=\"max-width: 100%;\" title=\"Qual \u00e8 l&#039;intervallo di pressione applicabile del misuratore di portata per il tubo dell&#039;acqua?\" src=\"https:\/\/www.hginstrument.com\/wp-content\/uploads\/2021\/07\/insertion-01.jpg\" alt=\"Qual \u00e8 l&#039;intervallo di pressione applicabile del misuratore di portata per il tubo dell&#039;acqua?\" \/><\/p>\n<\/div>\n<div id=\"07\">\n<p><strong>7.Che cos'\u00e8 un flussometro per tubi d'acqua?<\/strong><\/p>\n<p>Ci concentriamo sul lavoro di squadra e sulla comunicazione per raggiungere obiettivi comuni, attribuendo grande importanza a questo dettaglio.<br \/>\nUn misuratore di portata \u00e8 un dispositivo utilizzato per misurare la portata o la quantit\u00e0 di un gas o di un liquido che si muove attraverso un tubo. I flussimetri misurano la portata volumetrica o di massa di un liquido o di un gas. Sono utilizzati in diversi settori, tra cui il trattamento delle acque e delle acque reflue, il petrolio e il gas, la lavorazione chimica e la produzione di alimenti e bevande.<\/p>\n<\/div>\n<div id=\"08\">\n<p><strong>8. Qual \u00e8 la differenza tra il misuratore di portata per il tubo dell'acqua del gruppo SUYI e il misuratore di portata per il tubo dell'acqua di Emerson e il misuratore di portata per il tubo dell'acqua di Honeywell?<\/strong><\/p>\n<p>I misuratori di portata di SUYI Group, Emerson e Honeywell misurano tutti il flusso di liquidi e gas, ma differiscono in termini di precisione, caratteristiche e costo. I misuratori di portata di SUYI Group sono in genere i pi\u00f9 convenienti, ma potrebbero non avere la stessa precisione o le stesse funzioni dei modelli pi\u00f9 costosi di Emerson e Honeywell. I misuratori di portata Emerson sono noti per la loro precisione e affidabilit\u00e0, ma possono essere pi\u00f9 costosi di altri marchi. I misuratori di portata Honeywell sono noti per le loro funzioni avanzate e la loro precisione, ma possono essere i pi\u00f9 costosi dei tre.<\/p>\n<\/div>\n<div id=\"09\">\n<p><strong>9.Circa il misuratore di portata per l'origine del tubo dell'acqua<\/strong><\/p>\n<p>Il primo misuratore di portata fu inventato nel 1832 da un inglese di nome William Henry. Egli svilupp\u00f2 un dispositivo che utilizzava un galleggiante per misurare il flusso dell'acqua in un tubo. Questo dispositivo fu il primo del suo genere e fu il precursore dei moderni misuratori di portata. Da allora, i misuratori di portata sono stati utilizzati in diversi settori per misurare il flusso di liquidi, gas e altri materiali. Oggi i misuratori di portata sono utilizzati in una variet\u00e0 di applicazioni, dalla misurazione del flusso d'acqua in una tubatura alla misurazione del flusso di petrolio in una raffineria.<\/p>\n<p><img style=\"max-width: 100%;\" title=\"Informazioni sul misuratore di portata per l&#039;origine del tubo dell&#039;acqua\" src=\"https:\/\/www.hginstrument.com\/wp-content\/uploads\/2021\/07\/verabar-1.jpg\" alt=\"Informazioni sul misuratore di portata per l&#039;origine del tubo dell&#039;acqua\" \/><\/p>\n<\/div>\n<div id=\"010\">\n<p><strong>10.Informazioni sul flussometro per l'inventario dei tubi dell'acqua<\/strong><\/p>\n<p>L'inventario dei misuratori di portata \u00e8 un sistema utilizzato per tracciare e gestire i misuratori di portata utilizzati nelle applicazioni industriali e commerciali. Viene utilizzato per monitorare le prestazioni dei misuratori di portata e per garantire che siano mantenuti e calibrati correttamente. Il sistema di inventario pu\u00f2 anche essere utilizzato per tenere traccia del costo dei misuratori di portata e per identificare eventuali problemi o problemi potenziali con i misuratori di portata.<\/p>\n<\/div>\n<div id=\"11\">\n<p><strong>11.Quali sono i guasti pi\u00f9 comuni e le soluzioni per i misuratori di portata per i tubi dell'acqua?<\/strong><\/p>\n<p>Manteniamo una certa quantit\u00e0 di investimenti in R&amp;S ogni anno e miglioriamo continuamente l'efficienza operativa per fornire servizi migliori ai nostri clienti cooperativi.<br \/>\nI guasti e le soluzioni pi\u00f9 comuni dei misuratori di portata includono:<\/p>\n<p>1. Bassa precisione: Di solito \u00e8 causata da un'installazione o una calibrazione errata. Per risolvere questo problema, verificare l'installazione e la calibrazione del flussimetro e assicurarsi che siano corrette.<\/p>\n<p>2. Perdite: Di solito \u00e8 causata da una guarnizione usurata o danneggiata. Per risolvere il problema, sostituire la guarnizione con una nuova.<\/p>\n<p>3. Intasamento: Di solito \u00e8 causato da detriti o altre particelle che bloccano il flussometro. Per risolvere il problema, pulire il flussometro e rimuovere eventuali detriti o particelle.<\/p>\n<p>4. Corrosione: Di solito \u00e8 causata dall'esposizione a liquidi o gas corrosivi. Per risolvere il problema, sostituire le parti corrose e utilizzare un materiale resistente alla corrosione per il misuratore di portata.<\/p>\n<\/div>\n<div id=\"12\">\n<p><strong>12.Quali sono il peso e le dimensioni del misuratore di portata per tubo dell'acqua?<\/strong><\/p>\n<p>I nostri prodotti e servizi coprono una vasta gamma di aree e soddisfano le esigenze di diversi settori.<br \/>\nIl peso e le dimensioni del misuratore di portata dipendono dal modello specifico e dal produttore. In genere, i misuratori di portata hanno dimensioni che vanno da piccoli dispositivi portatili a grandi unit\u00e0 industriali. Il peso di un flussimetro pu\u00f2 variare da pochi grammi a diverse centinaia di chili.<\/p>\n<p><img style=\"max-width: 100%;\" title=\"Qual \u00e8 il peso e le dimensioni del misuratore di portata per tubo dell&#039;acqua?\" src=\"https:\/\/www.hginstrument.com\/wp-content\/uploads\/2021\/07\/wedge-1.jpg\" alt=\"Qual \u00e8 il peso e le dimensioni del misuratore di portata per tubo dell&#039;acqua?\" \/><\/p>\n<\/div>\n<div id=\"13\">\n<p><strong>13.Informazioni sul misuratore di portata per la formazione sulla produzione di tubi per l'acqua<\/strong><\/p>\n<p>Il corso di formazione sulla produzione di misuratori di portata \u00e8 progettato per insegnare a tecnici e ingegneri le competenze necessarie per la produzione e la manutenzione dei misuratori di portata. La formazione copre argomenti quali i principi della misurazione del flusso, i tipi di misuratori di flusso disponibili, l'installazione e la manutenzione dei misuratori di flusso e le tecniche di risoluzione dei problemi. La formazione comprende anche l'uso del software per analizzare e interpretare i dati di flusso. La formazione si svolge in genere in un'aula e pu\u00f2 includere attivit\u00e0 pratiche.<\/p>\n<\/div>\n<div id=\"14\">\n<p><strong>14.Qual \u00e8 il campo di misura del misuratore di portata per il tubo dell'acqua?<\/strong><\/p>\n<p>Aggiorniamo continuamente le nostre competenze e conoscenze per adattarci alle mutevoli esigenze del mercato dei misuratori di portata per tubi d'acqua.<br \/>\nIl campo di misura di un misuratore di portata dipende dal tipo di misuratore utilizzato. In generale, il campo di misura di un misuratore di portata pu\u00f2 variare da 0,01 a 1000 litri al minuto.<\/p>\n<\/div>\n<div id=\"15\">\n<p><strong>15.Circa il misuratore di portata per il tubo dell'acqua materie prime<\/strong><\/p>\n<p>Le materie prime dei misuratori di portata sono in genere costituite da una variet\u00e0 di metalli, plastiche e materiali compositi. I materiali pi\u00f9 comuni utilizzati nei misuratori di portata sono l'acciaio inossidabile, l'ottone, l'alluminio, il cloruro di polivinile (PVC), il polipropilene (PP) e il politetrafluoroetilene (PTFE). Il materiale utilizzato in un misuratore di portata dipende dall'applicazione e dal tipo di fluido da misurare. Ad esempio, l'acciaio inossidabile \u00e8 spesso utilizzato per la misurazione di fluidi corrosivi, mentre il PVC \u00e8 spesso utilizzato per la misurazione dell'acqua.<\/p>\n<p><img style=\"max-width: 100%;\" title=\"A proposito del misuratore di portata per le materie prime del tubo dell&#039;acqua\" src=\"https:\/\/www.hginstrument.com\/wp-content\/uploads\/2021\/07\/hgdu600-p-1.jpg\" alt=\"A proposito del misuratore di portata per le materie prime del tubo dell&#039;acqua\" \/><\/p>\n<\/div>\n<p>&nbsp;<\/p>\n<p>Tag\uff1a<a href=\"\/it\/magnetic-flow-meter\/philips-respironics-peak-flow-meter\/\">misuratore di flusso di picco Philips Respironics<\/a>,<a href=\"\/it\/magnetic-flow-meter\/king-instrument-flow-meter\/\">misuratore di portata king instrument<\/a>,<a href=\"\/it\/magnetic-flow-meter\/intrinsically-safe-flow-meter\/\">misuratore di portata a sicurezza intrinseca<\/a>,<a href=\"\/it\/magnetic-flow-meter\/raven-nh3-flow-meter\/\">misuratore di portata raven nh3<\/a><\/p>\n<p>&nbsp;<\/p>","protected":false},"excerpt":{"rendered":"<p><strong>Dati tecnici<\/strong><br \/>\nPu\u00f2 servire fluidi liquidi o gassosi; di solito viene utilizzato per misurare il flusso di vapore, aria e gas naturale.<br \/>\nDimensioni del contatore: Tipo in linea: DN25 - DN300<br \/>\nOpzione materiale bagnato: SS304, SS316<br \/>\nTemperatura di funzionamento: \u2264250\u2103<br \/>\nConnessione al processo: Wafer \/ Flangia \/ Tri-clamp per il tipo in linea<br \/>\nPrecisione di misura: 1,0 % - 1,5% del campo di calibrazione<br \/>\nIndicatore digitale: visualizzazione del flusso istantaneo, del flusso totale<br \/>\nAlimentazione: 24VDC, Uscita: 4-20mA<\/p>\n<p><strong>caratteristiche<\/strong><br \/>\n1.Punti di attivazione\/disattivazione regolabili<br \/>\n2. Modalit\u00e0 di allarme flusso Hi o Lo<br \/>\n3. Ritardo regolabile<br \/>\n4.LED di stato del rel\u00e8<\/p>","protected":false},"featured_media":3691,"comment_status":"closed","ping_status":"closed","template":"","meta":[],"product_cat":[2372],"product_tag":[],"acf":[],"_links":{"self":[{"href":"https:\/\/www.hginstrument.com\/it\/wp-json\/wp\/v2\/product\/5258"}],"collection":[{"href":"https:\/\/www.hginstrument.com\/it\/wp-json\/wp\/v2\/product"}],"about":[{"href":"https:\/\/www.hginstrument.com\/it\/wp-json\/wp\/v2\/types\/product"}],"replies":[{"embeddable":true,"href":"https:\/\/www.hginstrument.com\/it\/wp-json\/wp\/v2\/comments?post=5258"}],"wp:featuredmedia":[{"embeddable":true,"href":"https:\/\/www.hginstrument.com\/it\/wp-json\/wp\/v2\/media\/3691"}],"wp:attachment":[{"href":"https:\/\/www.hginstrument.com\/it\/wp-json\/wp\/v2\/media?parent=5258"}],"wp:term":[{"taxonomy":"product_cat","embeddable":true,"href":"https:\/\/www.hginstrument.com\/it\/wp-json\/wp\/v2\/product_cat?post=5258"},{"taxonomy":"product_tag","embeddable":true,"href":"https:\/\/www.hginstrument.com\/it\/wp-json\/wp\/v2\/product_tag?post=5258"}],"curies":[{"name":"wp","href":"https:\/\/api.w.org\/{rel}","templated":true}]}}