{"id":5344,"date":"2023-12-24T03:09:08","date_gmt":"2023-12-23T19:09:08","guid":{"rendered":"https:\/\/www.hginstrument.com\/?post_type=product&#038;p=5344"},"modified":"2024-01-10T08:32:05","modified_gmt":"2024-01-10T00:32:05","slug":"fuel-flow-meter-for-boats","status":"publish","type":"product","link":"https:\/\/www.hginstrument.com\/it\/magnetic-flow-meter\/fuel-flow-meter-for-boats\/","title":{"rendered":"misuratore di portata del carburante per imbarcazioni"},"content":{"rendered":"<p>Designed for ease of use, our fuel flow meter for boats is simple to install and operate, suitable for both professional and non-professional users. It is also extremely durable and able to withstand harsh environments, ensuring long-lasting performance. fuel flow meter for boats also provides a user-friendly interface that makes it easy to monitor and log traffic data. Additionally, fuel flow meter for boats offers high accuracy, durability, and user-friendliness, making it the perfect choice for your flow measurement needs.<\/p>\n<p>fuel flow meter for boats is equipped with high-precision sensors capable of capturing the smallest fluctuations in traffic. Its high accuracy and repeatability make it ideal for use in industries such as oil and gas, chemicals, food and beverage, water treatment, Pulp and paper production and more.<\/p>\n<p>The fuel flow meter for boats is highly versatile and can be configured to measure a wide range of fluid types and flow rates. It also offers various output options, including analog, digital, and pulse, making it compatible with a variety of control systems and devices.<\/p>\n<table class=\"table table-bordered\">\n<tbody>\n<tr>\n<td><span style=\"vertical-align: inherit;\"><span style=\"vertical-align: inherit;\">Tipo: il tipo<\/span><\/span><\/td>\n<td><span style=\"vertical-align: inherit;\">misuratore di portata del carburante per imbarcazioni<\/span><\/td>\n<td><span style=\"vertical-align: inherit;\"><span style=\"vertical-align: inherit;\">Segnale d'uscita: segnale d'uscita<\/span><\/span><\/td>\n<td><span style=\"vertical-align: inherit;\"><span style=\"vertical-align: inherit;\">4-20 mA, impulsi\/frequenza 2kHz (default), 5KHz (max)<\/span><\/span><\/td>\n<\/tr>\n<tr>\n<td><span style=\"vertical-align: inherit;\"><span style=\"vertical-align: inherit;\">Luogo di origine: il luogo di origine<\/span><\/span><\/td>\n<td><span style=\"vertical-align: inherit;\"><span style=\"vertical-align: inherit;\">Jiangsu, Cina<\/span><\/span><\/td>\n<td><span style=\"vertical-align: inherit;\"><span style=\"vertical-align: inherit;\">Incorporare il tipo: il tipo<\/span><\/span><\/td>\n<td><span style=\"vertical-align: inherit;\"><span style=\"vertical-align: inherit;\">-10\u2103- +53\u2103<\/span><\/span><\/td>\n<\/tr>\n<tr>\n<td><span style=\"vertical-align: inherit;\"><span style=\"vertical-align: inherit;\">Garanzia: garanzia<\/span><\/span><\/td>\n<td><span style=\"vertical-align: inherit;\"><span style=\"vertical-align: inherit;\">18 mesi<\/span><\/span><\/td>\n<td><span style=\"vertical-align: inherit;\"><span style=\"vertical-align: inherit;\">Tensione di alimentazione: tensione di alimentazione<\/span><\/span><\/td>\n<td><span style=\"vertical-align: inherit;\"><span style=\"vertical-align: inherit;\">110\/220VAC (100-240VAC), 50Hz\/60Hz; 24VDC\u00b110%<\/span><\/span><\/td>\n<\/tr>\n<tr>\n<td><span style=\"vertical-align: inherit;\"><span style=\"vertical-align: inherit;\">Supporto personalizzato\uff1aSupporto personalizzato<\/span><\/span><\/td>\n<td><span style=\"vertical-align: inherit;\"><span style=\"vertical-align: inherit;\">OEM, ODM, OBM<\/span><\/span><\/td>\n<td><span style=\"vertical-align: inherit;\"><span style=\"vertical-align: inherit;\">Comunicazione digitale: comunicazione digitale<\/span><\/span><\/td>\n<td><span style=\"vertical-align: inherit;\"><span style=\"vertical-align: inherit;\">RS-485, supporto del protocollo standard Mudbugs-RTU; GPRS<\/span><\/span><\/td>\n<\/tr>\n<tr>\n<td><span style=\"vertical-align: inherit;\"><span style=\"vertical-align: inherit;\">Nome della marca: Nome della marca: Nome della marca: Nome della marca: Nome della marca: Nome della marca<\/span><\/span><\/td>\n<td><span style=\"vertical-align: inherit;\"><span style=\"vertical-align: inherit;\">GRUPPO SUYI<\/span><\/span><\/td>\n<td><span style=\"vertical-align: inherit;\"><span style=\"vertical-align: inherit;\">Pressione nominale: pressione nominale<\/span><\/span><\/td>\n<td><span style=\"vertical-align: inherit;\"><span style=\"vertical-align: inherit;\">1MPa (DN15-DN800), 1,6MPa (DN15-DN800), 2,5MPa (DN15-DN600)<\/span><\/span><\/td>\n<\/tr>\n<tr>\n<td><span style=\"vertical-align: inherit;\"><span style=\"vertical-align: inherit;\">Numero di modello: Numero di modello: Numero di modello: Numero di modello: Numero di modello: Numero di modello<\/span><\/span><\/td>\n<td><span style=\"vertical-align: inherit;\"><span style=\"vertical-align: inherit;\">altro<\/span><\/span><\/td>\n<td><span style=\"vertical-align: inherit;\"><span style=\"vertical-align: inherit;\">Sensore: sensore<\/span><\/span><\/td>\n<td><span style=\"vertical-align: inherit;\"><span style=\"vertical-align: inherit;\">0\u2103- +80\u2103 o -25\u2103- +120\u2103 o +70\u2103- +250\u2103<\/span><\/span><\/td>\n<\/tr>\n<tr>\n<td><span style=\"vertical-align: inherit;\"><span style=\"vertical-align: inherit;\">Nome del prodotto: Nome del prodotto: Nome del prodotto: Nome del prodotto: Nome del prodotto: Nome del prodotto<\/span><\/span><\/td>\n<td><span style=\"vertical-align: inherit;\"><span style=\"vertical-align: inherit;\">Misuratore di portata dell'acqua chimica digitale intelligente elettromagnetico<\/span><\/span><\/td>\n<td><span style=\"vertical-align: inherit;\"><span style=\"vertical-align: inherit;\">Dettagli dell'imballaggio:<\/span><\/span><\/td>\n<td><span style=\"vertical-align: inherit;\"><span style=\"vertical-align: inherit;\">1 set per confezione o come richiesto dal cliente<\/span><\/span><\/td>\n<\/tr>\n<tr>\n<td><span style=\"vertical-align: inherit;\"><span style=\"vertical-align: inherit;\">Diametro nominale: diametro nominale<\/span><\/span><\/td>\n<td><span style=\"vertical-align: inherit;\"><span style=\"vertical-align: inherit;\">3-2507mm<\/span><\/span><\/td>\n<td><span style=\"vertical-align: inherit;\"><span style=\"vertical-align: inherit;\">Capacit\u00e0 di approvvigionamento<\/span><\/span><\/td>\n<td><span style=\"vertical-align: inherit;\"><span style=\"vertical-align: inherit;\">2111 Set\/Sets per Month<\/span><\/span><\/td>\n<\/tr>\n<tr>\n<td><span style=\"vertical-align: inherit;\"><span style=\"vertical-align: inherit;\">gamma di velocit\u00e0: il campo di velocit\u00e0<\/span><\/span><\/td>\n<td><span style=\"vertical-align: inherit;\"><span style=\"vertical-align: inherit;\">0-13m\/s<\/span><\/span><\/td>\n<td><span style=\"vertical-align: inherit;\"><span style=\"vertical-align: inherit;\">Quantit\u00e0 (set)<\/span><\/span><\/td>\n<td><span style=\"vertical-align: inherit;\"><span style=\"vertical-align: inherit;\">&gt; 30<\/span><\/span><\/td>\n<\/tr>\n<tr>\n<td><span style=\"vertical-align: inherit;\"><span style=\"vertical-align: inherit;\">Grado di accuratezza: il grado di accuratezza<\/span><\/span><\/td>\n<td><span style=\"vertical-align: inherit;\"><span style=\"vertical-align: inherit;\">\u00b10,5%R, \u00b11%R ( &lt; DN20)<\/span><\/span><\/td>\n<td><span style=\"vertical-align: inherit;\"><span style=\"vertical-align: inherit;\">Tempi di consegna (giorni)<\/span><\/span><\/td>\n<td><span style=\"vertical-align: inherit;\"><span style=\"vertical-align: inherit;\">Da negoziare<\/span><\/span><\/td>\n<\/tr>\n<\/tbody>\n<\/table>\n<p>&nbsp;<\/p>\n<p>&nbsp;<\/p>\n<p style=\"text-align: center;\"><img title=\"misuratore di portata del carburante per imbarcazioni\" src=\"https:\/\/www.hginstrument.com\/wp-content\/uploads\/2021\/07\/in-line-pipeline-type-hgd-electromagnetic-flow-meter.jpg\" \/><\/p>\n<p>&nbsp;<\/p>\n<p>&nbsp;<\/p>\n<p style=\"text-align: center;\"><img title=\"misuratore di portata del carburante per imbarcazioni\" src=\"https:\/\/www.hginstrument.com\/wp-content\/uploads\/2021\/07\/insertion-01.jpg\" \/><\/p>\n<p>&nbsp;<\/p>\n<p>&nbsp;<\/p>\n<p style=\"text-align: center;\"><img title=\"misuratore di portata del carburante per imbarcazioni\" src=\"https:\/\/www.hginstrument.com\/wp-content\/uploads\/2021\/07\/sanitary-mag-1.jpg\" \/><\/p>\n<p><strong>fuel flow meter for boats FAQs Guide.<\/strong><\/p>\n<p>At the heart of our fuel flow meter for boats series lies a commitment to excellence, blending advanced sensor technology with user-friendly interfaces. From liquid to gas, our meters deliver unparalleled accuracy, empowering you to make informed decisions and streamline operations. As we usher in a new era of fluid measurement, we invite you to explore the limitless possibilities that our fuel flow meter for boatss unlock \u2013 where precision meets performance, and innovation flows seamlessly.<\/p>\n<div style=\"border: 3px solid #f89900; margin: 20px 0; padding: 20px;\"><a href=\"\/it\/fuel-flow-meter-for-boats\/#01\">1.What are the common types of fuel flow meter for boatss?<\/a><br \/>\n<a href=\"\/it\/fuel-flow-meter-for-boats\/#02\">2.Can the measurement results of the fuel flow meter for boats be output and recorded remotely?<\/a><br \/>\n<a href=\"\/it\/fuel-flow-meter-for-boats\/#03\">3.About fuel flow meter for boats origin<\/a><br \/>\n<a href=\"\/it\/fuel-flow-meter-for-boats\/#04\">4.About the development history of fuel flow meter for boats factory<\/a><br \/>\n<a href=\"\/it\/fuel-flow-meter-for-boats\/#05\">5.How does the fuel flow meter for boats detect the properties of the target fluid?<\/a><br \/>\n<a href=\"\/it\/fuel-flow-meter-for-boats\/#06\">6.Does the fuel flow meter for boats have a function to prevent misuse?<\/a><br \/>\n<a href=\"\/it\/fuel-flow-meter-for-boats\/#07\">7.Is the measuring unit of the fuel flow meter for boats replaceable?<\/a><br \/>\n<a href=\"\/it\/fuel-flow-meter-for-boats\/#08\">8.About the scale of fuel flow meter for boats factory<\/a><br \/>\n<a href=\"\/it\/fuel-flow-meter-for-boats\/#09\">9.What is the difference between fuel flow meter for boats SUYI group vs fuel flow meter for boats Endress+Hauser vs fuel flow meter for boats KROHNE<\/a><br \/>\n<a href=\"\/it\/fuel-flow-meter-for-boats\/#010\">10.About fuel flow meter for boats payment method<\/a><br \/>\n<a href=\"\/it\/fuel-flow-meter-for-boats\/#11\">11.About fuel flow meter for boats warranty<\/a><br \/>\n<a href=\"\/it\/fuel-flow-meter-for-boats\/#12\">12.Does the explosion-proof performance of fuel flow meter for boats meet relevant standards?<\/a><br \/>\n<a href=\"\/it\/fuel-flow-meter-for-boats\/#13\">13.About fuel flow meter for boats delivery date<\/a><br \/>\n<a href=\"\/it\/fuel-flow-meter-for-boats\/#14\">14.What is the difference between fuel flow meter for boats SUYI group vs fuel flow meter for boats Yokogawa vs fuel flow meter for boats ABB<\/a><br \/>\n<a href=\"\/it\/fuel-flow-meter-for-boats\/#15\">15.What is the response time of the fuel flow meter for boats?<\/a><br \/>\n<a href=\"\/it\/fuel-flow-meter-for-boats\/#16\">16.What is the main principle of fuel flow meter for boats?<\/a><\/div>\n<div id=\"01\">\n<p><strong>1.What are the common types of fuel flow meter for boatss?<\/strong><\/p>\n<p>Our mission is to provide customers with the best solutions for fuel flow meter for boats.<br \/>\n1. Misuratori di portata a pressione differenziale<br \/>\n2. Misuratori di portata a spostamento positivo<br \/>\n3. Misuratori di portata a turbina<br \/>\n4. Misuratori di portata magnetici<br \/>\n5. Misuratori di portata a ultrasuoni<br \/>\n6. Misuratori di portata Coriolis<br \/>\n7. Misuratori di portata a vortice<br \/>\n8. Misuratori di portata target<br \/>\n9. Misuratori di portata ad area variabile<br \/>\n10. Misuratori di portata massica<\/p>\n<\/div>\n<div id=\"02\">\n<p><strong>2.Can the measurement results of the fuel flow meter for boats be output and recorded remotely?<\/strong><\/p>\n<p>S\u00ec, molti misuratori di portata sono dotati di funzionalit\u00e0 di uscita e registrazione a distanza. Ci\u00f2 consente agli utenti di monitorare e registrare i dati di flusso da una postazione remota.<\/p>\n<\/div>\n<div id=\"03\">\n<p><strong>3.About fuel flow meter for boats origin<\/strong><\/p>\n<p>Il primo misuratore di portata fu inventato nel 1832 da un inglese di nome William Henry. Egli svilupp\u00f2 un dispositivo che utilizzava un galleggiante per misurare il flusso dell'acqua in un tubo. Questo dispositivo fu il primo del suo genere e fu il precursore dei moderni misuratori di portata. Da allora, i misuratori di portata sono stati utilizzati in diversi settori per misurare il flusso di liquidi, gas e altri materiali. Oggi i misuratori di portata sono utilizzati in una variet\u00e0 di applicazioni, dalla misurazione del flusso d'acqua in una tubatura alla misurazione del flusso di petrolio in una raffineria.<\/p>\n<\/div>\n<div id=\"04\">\n<p><strong>4.About the development history of fuel flow meter for boats factory<\/strong><\/p>\n<p>La fabbrica di misuratori di portata \u00e8 stata fondata all'inizio degli anni Novanta. \u00c8 stata fondata da un gruppo di ingegneri e tecnici con una vasta esperienza nella progettazione e nella produzione di misuratori di portata. Inizialmente l'azienda si \u00e8 concentrata sulla produzione di misuratori di portata meccanici, ma ben presto ha ampliato la propria gamma di prodotti includendo anche misuratori di portata elettronici. Nel corso degli anni, l'azienda ha sviluppato un'ampia gamma di misuratori di portata per diverse applicazioni, tra cui quelle industriali, commerciali e residenziali. L'azienda ha inoltre sviluppato una serie di soluzioni software e hardware per la misurazione e il controllo del flusso. Oggi l'azienda \u00e8 uno dei principali produttori di misuratori di portata e prodotti correlati ed \u00e8 riconosciuta come leader del settore.<\/p>\n<\/div>\n<div id=\"05\">\n<p><strong>5.How does the fuel flow meter for boats detect the properties of the target fluid?<\/strong><\/p>\n<p>As one of the fuel flow meter for boats market leaders, we are known for innovation and reliability.<br \/>\nI flussimetri misurano la portata di un fluido rilevandone la velocit\u00e0. Ci\u00f2 avviene tipicamente misurando la caduta di pressione attraverso una restrizione nota nel percorso del flusso, oppure misurando la velocit\u00e0 del fluido utilizzando una serie di tecnologie come quella ultrasonica, magnetica o termica. La portata pu\u00f2 quindi essere utilizzata per calcolare le propriet\u00e0 del fluido, come la densit\u00e0, la viscosit\u00e0 e la portata volumetrica.<\/p>\n<p><img style=\"max-width: 100%;\" title=\"How does the fuel flow meter for boats detect the properties of the target fluid?\" src=\"https:\/\/www.hginstrument.com\/wp-content\/uploads\/2021\/07\/hguoc-1.jpg\" alt=\"How does the fuel flow meter for boats detect the properties of the target fluid?\" \/><\/p>\n<\/div>\n<div id=\"06\">\n<p><strong>6.Does the fuel flow meter for boats have a function to prevent misuse?<\/strong><\/p>\n<p>As one of the fuel flow meter for boats market leaders, we are known for innovation and reliability.<br \/>\nLa maggior parte dei misuratori di portata non ha una funzione di prevenzione dell'uso improprio, ma alcuni modelli possono avere caratteristiche che aiutano a ridurre il rischio di uso improprio. Ad esempio, alcuni misuratori di portata possono avere una funzione di blocco che impedisce agli utenti non autorizzati di modificare le impostazioni o di accedere ai dati. Inoltre, alcuni misuratori di portata possono avere una funzione di protezione con password che richiede all'utente di inserire una password prima di poter accedere ai dati o alle impostazioni.<\/p>\n<\/div>\n<div id=\"07\">\n<p><strong>7.Is the measuring unit of the fuel flow meter for boats replaceable?<\/strong><\/p>\n<p>As one of the top fuel flow meter for boats manufacturers in China, we take this very seriously.<br \/>\nS\u00ec, l'unit\u00e0 di misura di un misuratore di portata \u00e8 sostituibile.<\/p>\n<\/div>\n<div id=\"08\">\n<p><strong>8.About the scale of fuel flow meter for boats factory<\/strong><\/p>\n<p>Le fabbriche di misuratori di portata variano per dimensioni e portata, a seconda del tipo di misuratori di portata che producono. Alcune fabbriche possono essere specializzate nella produzione di un singolo tipo di misuratore di portata, mentre altre possono produrne una variet\u00e0 di tipi diversi. Alcune fabbriche possono essere grandi, con centinaia di dipendenti, mentre altre possono essere piccole, con pochi dipendenti. Le dimensioni della fabbrica dipendono anche dal tipo di misuratori di portata che produce e dalla domanda di tali misuratori.<\/p>\n<\/div>\n<div id=\"09\">\n<p><strong>9.What is the difference between fuel flow meter for boats SUYI group vs fuel flow meter for boats Endress+Hauser vs fuel flow meter for boats KROHNE<\/strong><\/p>\n<p>I misuratori di portata di SUYI Group, Endress+Hauser e KROHNE misurano tutti la portata di un liquido o di un gas. Tuttavia, ogni produttore offre diversi tipi di misuratori di portata con caratteristiche e capacit\u00e0 differenti.<\/p>\n<p>SUYI Group offre una variet\u00e0 di misuratori di portata, tra cui misuratori di portata elettromagnetici, a ultrasuoni e a vortice. Questi misuratori sono progettati per un'ampia gamma di applicazioni, tra cui acqua, olio e gas.<\/p>\n<p>Endress+Hauser offre una gamma di misuratori di portata, tra cui misuratori Coriolis, vortex e a ultrasuoni. Questi misuratori sono progettati per una variet\u00e0 di applicazioni, tra cui acqua, olio e gas.<\/p>\n<p>KROHNE offre una gamma di misuratori di portata, tra cui misuratori Coriolis, vortex e a ultrasuoni. Questi misuratori sono progettati per una variet\u00e0 di applicazioni, tra cui acqua, olio e gas. KROHNE offre anche una gamma di misuratori di portata specializzati, come OPTIFLUX e OPTISWIRL, progettati per applicazioni specifiche.<\/p>\n<\/div>\n<div id=\"010\">\n<p><strong>10.About fuel flow meter for boats payment method<\/strong><\/p>\n<p>Il pagamento tramite contatore di flusso \u00e8 un metodo di pagamento che utilizza un contatore di flusso per misurare la quantit\u00e0 di energia utilizzata da un cliente. Il cliente paga l'energia utilizzata in base alla quantit\u00e0 di energia misurata dal contatore. Questo metodo di pagamento \u00e8 spesso utilizzato in ambienti commerciali e industriali, dove il consumo di energia \u00e8 elevato e deve essere monitorato con precisione. Il pagamento tramite contatore di flusso \u00e8 utilizzato anche in alcuni contesti residenziali, dove i clienti possono pagare per il loro utilizzo di energia in base alla quantit\u00e0 di energia che utilizzano.<\/p>\n<p><img style=\"max-width: 100%;\" title=\"About fuel flow meter for boats payment method\" src=\"https:\/\/www.hginstrument.com\/wp-content\/uploads\/2021\/07\/nozzle-1.jpg\" alt=\"About fuel flow meter for boats payment method\" \/><\/p>\n<\/div>\n<div id=\"11\">\n<p><strong>11.About fuel flow meter for boats warranty<\/strong><\/p>\n<p>Le garanzie dei misuratori di portata variano a seconda del produttore e del tipo di misuratore. In genere, le garanzie coprono i difetti dei materiali e della lavorazione e possono coprire anche alcuni tipi di danni causati dal normale utilizzo. Alcune garanzie possono coprire anche i danni causati da un'installazione o da un uso improprio. \u00c8 importante leggere le informazioni sulla garanzia fornite dal produttore per comprendere la copertura specifica e le limitazioni della garanzia.<\/p>\n<\/div>\n<div id=\"12\">\n<p><strong>12.Does the explosion-proof performance of fuel flow meter for boats meet relevant standards?<\/strong><\/p>\n<p>S\u00ec, le prestazioni antideflagranti del flussimetro soddisfano gli standard pertinenti. Il misuratore di portata deve essere certificato da un organismo di certificazione riconosciuto per garantire che soddisfi i requisiti degli standard pertinenti.<\/p>\n<\/div>\n<div id=\"13\">\n<p><strong>13.About fuel flow meter for boats delivery date<\/strong><\/p>\n<p>La data di consegna di un misuratore di portata dipende dal tipo di misuratore, dal produttore e dalla disponibilit\u00e0 del prodotto. In genere, la maggior parte dei misuratori di portata pu\u00f2 essere consegnata entro pochi giorni o poche settimane. Tuttavia, alcuni misuratori di portata specializzati possono richiedere tempi di consegna pi\u00f9 lunghi. \u00c8 meglio contattare direttamente il produttore per ottenere una data di consegna precisa.<\/p>\n<\/div>\n<div id=\"14\">\n<p><strong>14.What is the difference between fuel flow meter for boats SUYI group vs fuel flow meter for boats Yokogawa vs fuel flow meter for boats ABB<\/strong><\/p>\n<p>I misuratori di portata di SUYI Group, Yokogawa e ABB misurano tutti la portata di un fluido, ma differiscono in termini di precisione, caratteristiche e costi. I misuratori di portata di SUYI Group sono in genere pi\u00f9 convenienti di quelli di Yokogawa e ABB, ma potrebbero non avere altrettante funzioni o una precisione altrettanto elevata. I misuratori di portata Yokogawa sono noti per la loro precisione e affidabilit\u00e0, ma tendono a essere pi\u00f9 costosi di quelli di SUYI Group e ABB. I misuratori di portata ABB sono noti per la loro robustezza e durata, ma sono anche pi\u00f9 costosi degli altri due marchi.<\/p>\n<\/div>\n<div id=\"15\">\n<p><strong>15.What is the response time of the fuel flow meter for boats?<\/strong><\/p>\n<p>Abbiamo stabilito collaborazioni stabili e a lungo termine con i nostri fornitori, per cui abbiamo grandi vantaggi in termini di prezzo, costi e garanzia di qualit\u00e0.<br \/>\nIl tempo di risposta di un misuratore di portata pu\u00f2 variare a seconda del tipo di misuratore utilizzato. In genere, il tempo di risposta di un misuratore di portata \u00e8 compreso tra 0,1 e 1 secondo.<\/p>\n<p><img style=\"max-width: 100%;\" title=\"What is the response time of the fuel flow meter for boats?\" src=\"https:\/\/www.hginstrument.com\/wp-content\/uploads\/2021\/07\/hgrs-1.jpg\" alt=\"What is the response time of the fuel flow meter for boats?\" \/><\/p>\n<\/div>\n<div id=\"16\">\n<p><strong>16.What is the main principle of fuel flow meter for boats?<\/strong><\/p>\n<p>Our fuel flow meter for boats products undergo strict quality control to ensure customer satisfaction.<br \/>\nIl principio principale di un misuratore di portata \u00e8 quello di misurare la velocit\u00e0 di flusso di un fluido o di un gas attraverso un tubo o un altro contenitore. Ci\u00f2 avviene tipicamente misurando la caduta di pressione attraverso una restrizione nota nel tubo, oppure misurando la velocit\u00e0 del fluido o del gas mentre passa attraverso il tubo.<\/p>\n<\/div>\n<p>&nbsp;<\/p>\n<p>Tag\uff1a<a href=\"\/it\/magnetic-flow-meter\/best-water-flow-meter\/\">best water flow meter<\/a>,<a href=\"\/it\/magnetic-flow-meter\/rachio-flow-meter\/\">misuratore di portata rachio<\/a>,<a href=\"\/it\/magnetic-flow-meter\/area-velocity-flow-meter\/\">area velocity flow meter<\/a><\/p>\n<p>&nbsp;<\/p>","protected":false},"excerpt":{"rendered":"<p><strong>Dati tecnici<\/strong><br \/>\nPu\u00f2 servire fluidi liquidi o gassosi; di solito viene utilizzato per misurare il flusso di vapore, aria e gas naturale.<br \/>\nDimensioni del contatore: Tipo in linea: DN25 - DN300<br \/>\nOpzione materiale bagnato: SS304, SS316<br \/>\nTemperatura di funzionamento: \u2264250\u2103<br \/>\nConnessione al processo: Wafer \/ Flangia \/ Tri-clamp per il tipo in linea<br \/>\nPrecisione di misura: 1,0 % - 1,5% del campo di calibrazione<br \/>\nIndicatore digitale: visualizzazione del flusso istantaneo, del flusso totale<br \/>\nAlimentazione: 24VDC, Uscita: 4-20mA<\/p>\n<p><strong>caratteristiche<\/strong><br \/>\n1.Punti di attivazione\/disattivazione regolabili<br \/>\n2. Modalit\u00e0 di allarme flusso Hi o Lo<br \/>\n3. Ritardo regolabile<br \/>\n4.LED di stato del rel\u00e8<\/p>","protected":false},"featured_media":3691,"comment_status":"closed","ping_status":"closed","template":"","meta":[],"product_cat":[2372],"product_tag":[],"acf":[],"_links":{"self":[{"href":"https:\/\/www.hginstrument.com\/it\/wp-json\/wp\/v2\/product\/5344"}],"collection":[{"href":"https:\/\/www.hginstrument.com\/it\/wp-json\/wp\/v2\/product"}],"about":[{"href":"https:\/\/www.hginstrument.com\/it\/wp-json\/wp\/v2\/types\/product"}],"replies":[{"embeddable":true,"href":"https:\/\/www.hginstrument.com\/it\/wp-json\/wp\/v2\/comments?post=5344"}],"wp:featuredmedia":[{"embeddable":true,"href":"https:\/\/www.hginstrument.com\/it\/wp-json\/wp\/v2\/media\/3691"}],"wp:attachment":[{"href":"https:\/\/www.hginstrument.com\/it\/wp-json\/wp\/v2\/media?parent=5344"}],"wp:term":[{"taxonomy":"product_cat","embeddable":true,"href":"https:\/\/www.hginstrument.com\/it\/wp-json\/wp\/v2\/product_cat?post=5344"},{"taxonomy":"product_tag","embeddable":true,"href":"https:\/\/www.hginstrument.com\/it\/wp-json\/wp\/v2\/product_tag?post=5344"}],"curies":[{"name":"wp","href":"https:\/\/api.w.org\/{rel}","templated":true}]}}