{"id":5364,"date":"2023-12-24T03:52:00","date_gmt":"2023-12-23T19:52:00","guid":{"rendered":"https:\/\/www.hginstrument.com\/?post_type=product&#038;p=5364"},"modified":"2024-01-03T11:30:56","modified_gmt":"2024-01-03T03:30:56","slug":"gas-flow-meter","status":"publish","type":"product","link":"https:\/\/www.hginstrument.com\/it\/magnetic-flow-meter\/gas-flow-meter\/","title":{"rendered":"misuratore di portata del gas"},"content":{"rendered":"<p>Utilizing advanced technology and high-quality components, gas flow meter offers unparalleled accuracy and reliability. Its compact design allows for easy installation, making it suitable for both new and existing piping systems. With a wide variety of sizes and configurations available, gas flow meter can cater to the diverse needs of different industries.<\/p>\n<p>gas flow meter is equipped with high-precision sensors capable of capturing the smallest fluctuations in traffic. Its high accuracy and repeatability make it ideal for use in industries such as oil and gas, chemicals, food and beverage, water treatment, Marine applications and more.<\/p>\n<p>The gas flow meter is highly versatile and can be configured to measure a wide range of fluid types and flow rates. It also offers various output options, including analog, digital, and pulse, making it compatible with a variety of control systems and devices.<\/p>\n<table class=\"table table-bordered\">\n<tbody>\n<tr>\n<td><span style=\"vertical-align: inherit;\"><span style=\"vertical-align: inherit;\">Tipo: il tipo<\/span><\/span><\/td>\n<td><span style=\"vertical-align: inherit;\">misuratore di portata del gas<\/span><\/td>\n<td><span style=\"vertical-align: inherit;\"><span style=\"vertical-align: inherit;\">Segnale d'uscita: segnale d'uscita<\/span><\/span><\/td>\n<td><span style=\"vertical-align: inherit;\"><span style=\"vertical-align: inherit;\">4-20 mA, impulsi\/frequenza 2kHz (default), 5KHz (max)<\/span><\/span><\/td>\n<\/tr>\n<tr>\n<td><span style=\"vertical-align: inherit;\"><span style=\"vertical-align: inherit;\">Luogo di origine: il luogo di origine<\/span><\/span><\/td>\n<td><span style=\"vertical-align: inherit;\"><span style=\"vertical-align: inherit;\">Jiangsu, Cina<\/span><\/span><\/td>\n<td><span style=\"vertical-align: inherit;\"><span style=\"vertical-align: inherit;\">Incorporare il tipo: il tipo<\/span><\/span><\/td>\n<td><span style=\"vertical-align: inherit;\"><span style=\"vertical-align: inherit;\">-10\u2103- +60\u2103<\/span><\/span><\/td>\n<\/tr>\n<tr>\n<td><span style=\"vertical-align: inherit;\"><span style=\"vertical-align: inherit;\">Garanzia: garanzia<\/span><\/span><\/td>\n<td><span style=\"vertical-align: inherit;\"><span style=\"vertical-align: inherit;\">14 mesi<\/span><\/span><\/td>\n<td><span style=\"vertical-align: inherit;\"><span style=\"vertical-align: inherit;\">Tensione di alimentazione: tensione di alimentazione<\/span><\/span><\/td>\n<td><span style=\"vertical-align: inherit;\"><span style=\"vertical-align: inherit;\">110\/220VAC (100-240VAC), 50Hz\/60Hz; 24VDC\u00b110%<\/span><\/span><\/td>\n<\/tr>\n<tr>\n<td><span style=\"vertical-align: inherit;\"><span style=\"vertical-align: inherit;\">Supporto personalizzato\uff1aSupporto personalizzato<\/span><\/span><\/td>\n<td><span style=\"vertical-align: inherit;\"><span style=\"vertical-align: inherit;\">OEM, ODM, OBM<\/span><\/span><\/td>\n<td><span style=\"vertical-align: inherit;\"><span style=\"vertical-align: inherit;\">Comunicazione digitale: comunicazione digitale<\/span><\/span><\/td>\n<td><span style=\"vertical-align: inherit;\"><span style=\"vertical-align: inherit;\">RS-485, supporto del protocollo standard Modbus-RTU; GPRS<\/span><\/span><\/td>\n<\/tr>\n<tr>\n<td><span style=\"vertical-align: inherit;\"><span style=\"vertical-align: inherit;\">Nome della marca: Nome della marca: Nome della marca: Nome della marca: Nome della marca: Nome della marca<\/span><\/span><\/td>\n<td><span style=\"vertical-align: inherit;\"><span style=\"vertical-align: inherit;\">GRUPPO SUYI<\/span><\/span><\/td>\n<td><span style=\"vertical-align: inherit;\"><span style=\"vertical-align: inherit;\">Pressione nominale: pressione nominale<\/span><\/span><\/td>\n<td><span style=\"vertical-align: inherit;\"><span style=\"vertical-align: inherit;\">1MPa (DN15-DN800), 1,6MPa (DN15-DN800), 2,5MPa (DN15-DN600)<\/span><\/span><\/td>\n<\/tr>\n<tr>\n<td><span style=\"vertical-align: inherit;\"><span style=\"vertical-align: inherit;\">Numero di modello: Numero di modello: Numero di modello: Numero di modello: Numero di modello: Numero di modello<\/span><\/span><\/td>\n<td><span style=\"vertical-align: inherit;\"><span style=\"vertical-align: inherit;\">altro<\/span><\/span><\/td>\n<td><span style=\"vertical-align: inherit;\"><span style=\"vertical-align: inherit;\">Sensore: sensore<\/span><\/span><\/td>\n<td><span style=\"vertical-align: inherit;\"><span style=\"vertical-align: inherit;\">0\u2103- +80\u2103 o -25\u2103- +120\u2103 o +70\u2103- +250\u2103<\/span><\/span><\/td>\n<\/tr>\n<tr>\n<td><span style=\"vertical-align: inherit;\"><span style=\"vertical-align: inherit;\">Nome del prodotto: Nome del prodotto: Nome del prodotto: Nome del prodotto: Nome del prodotto: Nome del prodotto<\/span><\/span><\/td>\n<td><span style=\"vertical-align: inherit;\"><span style=\"vertical-align: inherit;\">Misuratore di portata dell'acqua chimica digitale intelligente elettromagnetico<\/span><\/span><\/td>\n<td><span style=\"vertical-align: inherit;\"><span style=\"vertical-align: inherit;\">Dettagli dell'imballaggio:<\/span><\/span><\/td>\n<td><span style=\"vertical-align: inherit;\"><span style=\"vertical-align: inherit;\">1 set per confezione o come richiesto dal cliente<\/span><\/span><\/td>\n<\/tr>\n<tr>\n<td><span style=\"vertical-align: inherit;\"><span style=\"vertical-align: inherit;\">Diametro nominale: diametro nominale<\/span><\/span><\/td>\n<td><span style=\"vertical-align: inherit;\"><span style=\"vertical-align: inherit;\">3-3065mm<\/span><\/span><\/td>\n<td><span style=\"vertical-align: inherit;\"><span style=\"vertical-align: inherit;\">Capacit\u00e0 di approvvigionamento<\/span><\/span><\/td>\n<td><span style=\"vertical-align: inherit;\"><span style=\"vertical-align: inherit;\">1816 Set\/Sets per Month<\/span><\/span><\/td>\n<\/tr>\n<tr>\n<td><span style=\"vertical-align: inherit;\"><span style=\"vertical-align: inherit;\">gamma di velocit\u00e0: il campo di velocit\u00e0<\/span><\/span><\/td>\n<td><span style=\"vertical-align: inherit;\"><span style=\"vertical-align: inherit;\">0-6m\/s<\/span><\/span><\/td>\n<td><span style=\"vertical-align: inherit;\"><span style=\"vertical-align: inherit;\">Quantit\u00e0 (set)<\/span><\/span><\/td>\n<td><span style=\"vertical-align: inherit;\"><span style=\"vertical-align: inherit;\">&gt; 1<\/span><\/span><\/td>\n<\/tr>\n<tr>\n<td><span style=\"vertical-align: inherit;\"><span style=\"vertical-align: inherit;\">Grado di accuratezza: il grado di accuratezza<\/span><\/span><\/td>\n<td><span style=\"vertical-align: inherit;\"><span style=\"vertical-align: inherit;\">\u00b10,5%R, \u00b11%R ( &lt; DN20)<\/span><\/span><\/td>\n<td><span style=\"vertical-align: inherit;\"><span style=\"vertical-align: inherit;\">Tempi di consegna (giorni)<\/span><\/span><\/td>\n<td><span style=\"vertical-align: inherit;\"><span style=\"vertical-align: inherit;\">Da negoziare<\/span><\/span><\/td>\n<\/tr>\n<\/tbody>\n<\/table>\n<p>&nbsp;<\/p>\n<p>&nbsp;<\/p>\n<p style=\"text-align: center;\"><img title=\"misuratore di portata del gas\" src=\"https:\/\/www.hginstrument.com\/wp-content\/uploads\/2021\/07\/in-line-pipeline-type-hgd-electromagnetic-flow-meter.jpg\" \/><\/p>\n<p>&nbsp;<\/p>\n<p>&nbsp;<\/p>\n<p style=\"text-align: center;\"><img title=\"misuratore di portata del gas\" src=\"https:\/\/www.hginstrument.com\/wp-content\/uploads\/2021\/07\/insertion-01.jpg\" \/><\/p>\n<p>&nbsp;<\/p>\n<p>&nbsp;<\/p>\n<p style=\"text-align: center;\"><img title=\"misuratore di portata del gas\" src=\"https:\/\/www.hginstrument.com\/wp-content\/uploads\/2021\/07\/sanitary-mag-1.jpg\" \/><\/p>\n<p><strong>gas flow meter FAQs Guide.<\/strong><\/p>\n<p>At the heart of our gas flow meter series lies a commitment to excellence, blending advanced sensor technology with user-friendly interfaces. From liquid to gas, our meters deliver unparalleled accuracy, empowering you to make informed decisions and streamline operations. As we usher in a new era of fluid measurement, we invite you to explore the limitless possibilities that our gas flow meters unlock \u2013 where precision meets performance, and innovation flows seamlessly.<\/p>\n<div style=\"border: 3px solid #f89900; margin: 20px 0; padding: 20px;\"><a href=\"\/it\/gas-flow-meter\/#01\">1.What is the difference between gas flow meter SUYI group vs gas flow meter Yokogawa vs gas flow meter ABB<\/a><br \/>\n<a href=\"\/it\/gas-flow-meter\/#02\">2.Does gas flow meter have real-time monitoring function?<\/a><br \/>\n<a href=\"\/it\/gas-flow-meter\/#03\">3.Does the gas flow meter have an automatic cleaning function?<\/a><br \/>\n<a href=\"\/it\/gas-flow-meter\/#04\">4.What fluids are gas flow meters mainly used for measuring?<\/a><br \/>\n<a href=\"\/it\/gas-flow-meter\/#05\">5.What is the applicable pressure range of gas flow meter?<\/a><br \/>\n<a href=\"\/it\/gas-flow-meter\/#06\">6.About gas flow meter production management system<\/a><br \/>\n<a href=\"\/it\/gas-flow-meter\/#07\">7.How accurate is the gas flow meter?<\/a><br \/>\n<a href=\"\/it\/gas-flow-meter\/#08\">8.About gas flow meter customization services<\/a><br \/>\n<a href=\"\/it\/gas-flow-meter\/#09\">9.What is the difference between gas flow meter SUYI group vs gas flow meter Endress+Hauser vs gas flow meter KROHNE<\/a><br \/>\n<a href=\"\/it\/gas-flow-meter\/#010\">10.How does the gas flow meter connect with other devices and transmit data?<\/a><br \/>\n<a href=\"\/it\/gas-flow-meter\/#11\">11.About gas flow meter overseas warehouse<\/a><br \/>\n<a href=\"\/it\/gas-flow-meter\/#12\">12.What is the main principle of gas flow meter?<\/a><br \/>\n<a href=\"\/it\/gas-flow-meter\/#13\">13.Does the gas flow meter require an external power source?<\/a><br \/>\n<a href=\"\/it\/gas-flow-meter\/#14\">14.What is the difference between gas flow meter SUYI group vs gas flow meter Emerson vs gas flow meter Honeywell<\/a><br \/>\n<a href=\"\/it\/gas-flow-meter\/#15\">15.About gas flow meter production management system<\/a><br \/>\n<a href=\"\/it\/gas-flow-meter\/#16\">16.Does the gas flow meter have data storage capabilities?<\/a><br \/>\n<a href=\"\/it\/gas-flow-meter\/#17\">17.About gas flow meter warranty<\/a><br \/>\n<a href=\"\/it\/gas-flow-meter\/#18\">18.About gas flow meter production capacity<\/a><\/div>\n<div id=\"01\">\n<p><strong>1.What is the difference between gas flow meter SUYI group vs gas flow meter Yokogawa vs gas flow meter ABB<\/strong><\/p>\n<p>I misuratori di portata di SUYI Group, Yokogawa e ABB misurano tutti la portata di un fluido, ma differiscono in termini di precisione, caratteristiche e costi. I misuratori di portata di SUYI Group sono in genere pi\u00f9 convenienti di quelli di Yokogawa e ABB, ma potrebbero non avere altrettante funzioni o una precisione altrettanto elevata. I misuratori di portata Yokogawa sono noti per la loro precisione e affidabilit\u00e0, ma tendono a essere pi\u00f9 costosi di quelli di SUYI Group e ABB. I misuratori di portata ABB sono noti per la loro robustezza e durata, ma sono anche pi\u00f9 costosi degli altri due marchi.<\/p>\n<\/div>\n<div id=\"02\">\n<p><strong>2.Does gas flow meter have real-time monitoring function?<\/strong><\/p>\n<p>S\u00ec, alcuni misuratori di portata hanno funzioni di monitoraggio in tempo reale. Questi misuratori sono in genere dotati di sensori che misurano la portata e trasmettono i dati a un sistema di monitoraggio. Ci\u00f2 consente di monitorare in tempo reale la portata e altri parametri.<\/p>\n<\/div>\n<div id=\"03\">\n<p><strong>3.Does the gas flow meter have an automatic cleaning function?<\/strong><\/p>\n<p>Being one of the top gas flow meter manufacturers in China, We attach great importance to this detail.<br \/>\nNo, la maggior parte dei misuratori di portata non dispone di una funzione di pulizia automatica. Tuttavia, alcuni modelli possono avere una funzione di autopulizia che pu\u00f2 essere attivata manualmente.<\/p>\n<p><img style=\"max-width: 100%;\" title=\"Does the gas flow meter have an automatic cleaning function?\" src=\"https:\/\/www.hginstrument.com\/wp-content\/uploads\/2021\/07\/wall-mount-1f.jpg\" alt=\"Does the gas flow meter have an automatic cleaning function?\" \/><\/p>\n<\/div>\n<div id=\"04\">\n<p><strong>4.What fluids are gas flow meters mainly used for measuring?<\/strong><\/p>\n<p>Ci concentriamo sul lavoro di squadra e sulla comunicazione per raggiungere obiettivi comuni, attribuendo grande importanza a questo dettaglio.<br \/>\nI misuratori di portata sono utilizzati principalmente per misurare il flusso di liquidi, gas e vapore.<\/p>\n<\/div>\n<div id=\"05\">\n<p><strong>5.What is the applicable pressure range of gas flow meter?<\/strong><\/p>\n<p>I nostri prodotti e servizi coprono una vasta gamma di aree e soddisfano le esigenze di diversi settori.<br \/>\nL'intervallo di pressione applicabile di un misuratore di portata dipende dal tipo di misuratore utilizzato. In generale, i misuratori di portata possono misurare pressioni comprese tra 0,1 bar e 1000 bar.<\/p>\n<\/div>\n<div id=\"06\">\n<p><strong>6.About gas flow meter production management system<\/strong><\/p>\n<p>Un sistema di gestione della produzione di misuratori di portata \u00e8 una soluzione software progettata per aiutare i produttori a gestire la produzione di misuratori di portata. Il sistema pu\u00f2 essere utilizzato per seguire il processo di produzione dall'inizio alla fine, compreso l'ordine delle materie prime, l'assemblaggio dei componenti e il collaudo e la calibrazione del prodotto finito. Il sistema pu\u00f2 anche essere utilizzato per monitorare la qualit\u00e0 del processo di produzione, assicurando che i misuratori di portata soddisfino gli standard richiesti. Inoltre, il sistema pu\u00f2 essere utilizzato per generare rapporti e analizzare i dati per aiutare i produttori a migliorare i loro processi produttivi.<\/p>\n<p><img style=\"max-width: 100%;\" title=\"About gas flow meter production management system\" src=\"https:\/\/www.hginstrument.com\/wp-content\/uploads\/2021\/07\/hluc-1.jpg\" alt=\"About gas flow meter production management system\" \/><\/p>\n<\/div>\n<div id=\"07\">\n<p><strong>7.How accurate is the gas flow meter?<\/strong><\/p>\n<p>We are a professional gas flow meter company dedicated to providing high quality products and services.<br \/>\nLa precisione di un misuratore di portata dipende dal tipo di misuratore utilizzato. In genere, la maggior parte dei misuratori di portata ha una precisione di 1-2% rispetto alla portata effettiva. Tuttavia, alcuni misuratori di portata possono essere pi\u00f9 precisi, a seconda del tipo e della qualit\u00e0 del misuratore.<\/p>\n<\/div>\n<div id=\"08\">\n<p><strong>8.About gas flow meter customization services<\/strong><\/p>\n<p>I servizi di personalizzazione dei misuratori di portata sono progettati per fornire ai clienti una soluzione su misura per le loro specifiche esigenze di misurazione del flusso. Questi servizi possono includere la personalizzazione del misuratore di portata per adattarlo a una particolare applicazione, come una specifica dimensione del tubo o portata, o per soddisfare un determinato requisito di precisione. I servizi di personalizzazione possono anche comprendere la modifica del misuratore di portata per includere caratteristiche aggiuntive, come un display o funzionalit\u00e0 di registrazione dei dati. I servizi di personalizzazione dei misuratori di portata possono includere anche l'installazione del misuratore di portata, nonch\u00e9 la fornitura di assistenza tecnica e manutenzione.<\/p>\n<\/div>\n<div id=\"09\">\n<p><strong>9.What is the difference between gas flow meter SUYI group vs gas flow meter Endress+Hauser vs gas flow meter KROHNE<\/strong><\/p>\n<p>I misuratori di portata di SUYI Group, Endress+Hauser e KROHNE misurano tutti la portata di un liquido o di un gas. Tuttavia, ogni produttore offre diversi tipi di misuratori di portata con caratteristiche e capacit\u00e0 differenti.<\/p>\n<p>SUYI Group offre una variet\u00e0 di misuratori di portata, tra cui misuratori di portata elettromagnetici, a ultrasuoni e a vortice. Questi misuratori sono progettati per un'ampia gamma di applicazioni, tra cui acqua, olio e gas.<\/p>\n<p>Endress+Hauser offre una gamma di misuratori di portata, tra cui misuratori Coriolis, vortex e a ultrasuoni. Questi misuratori sono progettati per una variet\u00e0 di applicazioni, tra cui acqua, olio e gas.<\/p>\n<p>KROHNE offre una gamma di misuratori di portata, tra cui misuratori Coriolis, vortex e a ultrasuoni. Questi misuratori sono progettati per una variet\u00e0 di applicazioni, tra cui acqua, olio e gas. KROHNE offre anche una gamma di misuratori di portata specializzati, come OPTIFLUX e OPTISWIRL, progettati per applicazioni specifiche.<\/p>\n<p><img style=\"max-width: 100%;\" title=\"What is the difference between gas flow meter SUYI group vs gas flow meter Endress+Hauser vs gas flow meter KROHNE\" src=\"https:\/\/www.hginstrument.com\/wp-content\/uploads\/2021\/07\/v-cone-5.jpg\" alt=\"What is the difference between gas flow meter SUYI group vs gas flow meter Endress+Hauser vs gas flow meter KROHNE\" \/><\/p>\n<\/div>\n<div id=\"010\">\n<p><strong>10.How does the gas flow meter connect with other devices and transmit data?<\/strong><\/p>\n<p>gas flow meter is not a product only, but also can help you comes to money-making.<br \/>\nI misuratori di portata possono collegarsi ad altri dispositivi e trasmettere dati attraverso una serie di metodi, tra cui connessioni cablate, connessioni wireless e protocolli di comunicazione seriale. Le connessioni cablate possono includere RS-232, RS-485 e USB. Le connessioni wireless possono includere Bluetooth, Wi-Fi e reti cellulari. I protocolli di comunicazione seriale possono includere Modbus, HART e Profibus.<\/p>\n<\/div>\n<div id=\"11\">\n<p><strong>11.About gas flow meter overseas warehouse<\/strong><\/p>\n<p>I magazzini esteri di misuratori di portata sono magazzini situati in paesi stranieri che immagazzinano misuratori di portata e prodotti correlati. Questi magazzini sono utilizzati per immagazzinare e distribuire i misuratori di portata ai clienti in diversi Paesi. In genere sono situati in paesi che hanno una grande richiesta di misuratori di portata, come gli Stati Uniti, il Canada e l'Europa. I magazzini sono solitamente di propriet\u00e0 e gestiti dal produttore dei misuratori di portata o da un fornitore di logistica terzo. I magazzini sono in genere forniti di una variet\u00e0 di misuratori di portata, compresi quelli digitali, analogici e a ultrasuoni. Inoltre, in genere, conservano parti di ricambio e accessori per i misuratori di portata.<\/p>\n<\/div>\n<div id=\"12\">\n<p><strong>12.What is the main principle of gas flow meter?<\/strong><\/p>\n<p>Our gas flow meter products undergo strict quality control to ensure customer satisfaction.<br \/>\nIl principio principale di un misuratore di portata \u00e8 quello di misurare la velocit\u00e0 di flusso di un fluido o di un gas attraverso un tubo o un altro contenitore. Ci\u00f2 avviene tipicamente misurando la caduta di pressione attraverso una restrizione nota nel tubo, oppure misurando la velocit\u00e0 del fluido o del gas mentre passa attraverso il tubo.<\/p>\n<p><img style=\"max-width: 100%;\" title=\"What is the main principle of gas flow meter?\" src=\"https:\/\/www.hginstrument.com\/wp-content\/uploads\/2021\/07\/hgrs-1.jpg\" alt=\"What is the main principle of gas flow meter?\" \/><\/p>\n<\/div>\n<div id=\"13\">\n<p><strong>13.Does the gas flow meter require an external power source?<\/strong><\/p>\n<p>Aderiamo al principio della qualit\u00e0 prima di tutto e disponiamo di un sistema completo di gestione della qualit\u00e0 della produzione e di un processo di ispezione della qualit\u00e0.<br \/>\nDipende dal tipo di misuratore di portata. Alcuni misuratori di portata sono alimentati da una fonte di energia esterna, mentre altri sono alimentati dal flusso del liquido o del gas da misurare.<\/p>\n<\/div>\n<div id=\"14\">\n<p><strong>14.What is the difference between gas flow meter SUYI group vs gas flow meter Emerson vs gas flow meter Honeywell<\/strong><\/p>\n<p>I misuratori di portata di SUYI Group, Emerson e Honeywell misurano tutti il flusso di liquidi e gas, ma differiscono in termini di precisione, caratteristiche e costo. I misuratori di portata di SUYI Group sono in genere i pi\u00f9 convenienti, ma potrebbero non avere la stessa precisione o le stesse funzioni dei modelli pi\u00f9 costosi di Emerson e Honeywell. I misuratori di portata Emerson sono noti per la loro precisione e affidabilit\u00e0, ma possono essere pi\u00f9 costosi di altri marchi. I misuratori di portata Honeywell sono noti per le loro funzioni avanzate e la loro precisione, ma possono essere i pi\u00f9 costosi dei tre.<\/p>\n<\/div>\n<div id=\"15\">\n<p><strong>15.About gas flow meter production management system<\/strong><\/p>\n<p>Un sistema di gestione della produzione di misuratori di portata \u00e8 una soluzione software progettata per aiutare i produttori a gestire la produzione di misuratori di portata. Il sistema pu\u00f2 essere utilizzato per seguire il processo di produzione dall'inizio alla fine, compreso l'ordine delle materie prime, l'assemblaggio dei componenti e il collaudo e la calibrazione del prodotto finito. Il sistema pu\u00f2 anche essere utilizzato per monitorare la qualit\u00e0 del processo di produzione, assicurando che i misuratori di portata soddisfino gli standard richiesti. Inoltre, il sistema pu\u00f2 essere utilizzato per generare rapporti e analizzare i dati per aiutare i produttori a migliorare i loro processi produttivi.<\/p>\n<p><img style=\"max-width: 100%;\" title=\"About gas flow meter production management system\" src=\"https:\/\/www.hginstrument.com\/wp-content\/uploads\/2021\/07\/oval-gear-4.jpg\" alt=\"About gas flow meter production management system\" \/><\/p>\n<\/div>\n<div id=\"16\">\n<p><strong>16.Does the gas flow meter have data storage capabilities?<\/strong><\/p>\n<p>Ci concentriamo sull'innovazione e sul miglioramento continuo per mantenere un vantaggio competitivo.<br \/>\nDipende dal tipo di misuratore di portata. Alcuni misuratori di portata hanno capacit\u00e0 di memorizzazione dei dati, mentre altri non ne hanno.<\/p>\n<\/div>\n<div id=\"17\">\n<p><strong>17.About gas flow meter warranty<\/strong><\/p>\n<p>Le garanzie dei misuratori di portata variano a seconda del produttore e del tipo di misuratore. In genere, le garanzie coprono i difetti dei materiali e della lavorazione e possono coprire anche alcuni tipi di danni causati dal normale utilizzo. Alcune garanzie possono coprire anche i danni causati da un'installazione o da un uso improprio. \u00c8 importante leggere le informazioni sulla garanzia fornite dal produttore per comprendere la copertura specifica e le limitazioni della garanzia.<\/p>\n<\/div>\n<div id=\"18\">\n<p><strong>18.About gas flow meter production capacity<\/strong><\/p>\n<p>La capacit\u00e0 produttiva dei misuratori di portata dipende dal tipo di misuratore prodotto. In genere, la capacit\u00e0 produttiva \u00e8 determinata dalle dimensioni dell'impianto di produzione, dal numero di macchine e di personale disponibili e dal tipo di misuratore di portata prodotto. Ad esempio, un impianto di produzione specializzato nella produzione di misuratori di portata a turbina pu\u00f2 avere una capacit\u00e0 produttiva superiore rispetto a un impianto che produce misuratori di portata a ultrasuoni. Inoltre, la capacit\u00e0 produttiva di un impianto pu\u00f2 essere influenzata dalla complessit\u00e0 del misuratore di portata prodotto e dalla disponibilit\u00e0 di materie prime e componenti.<\/p>\n<p><img style=\"max-width: 100%;\" title=\"About gas flow meter production capacity\" src=\"https:\/\/www.hginstrument.com\/wp-content\/uploads\/2021\/07\/in-line-pipeline-type-hgd-electromagnetic-flow-meter.jpg\" alt=\"About gas flow meter production capacity\" \/><\/p>\n<\/div>\n<p>&nbsp;<\/p>\n<p>Tag\uff1a<a href=\"\/it\/magnetic-flow-meter\/banjo-flow-meter\/\">banjo flow meter<\/a>,<a href=\"\/it\/magnetic-flow-meter\/single-phase-flow-meter\/\">single phase flow meter<\/a>,<a href=\"\/it\/magnetic-flow-meter\/2-in-flow-meter\/\">Misuratore di portata 2 in<\/a>,<a href=\"\/it\/magnetic-flow-meter\/oil-flow-meter\/\">misuratore di portata dell'olio<\/a>,<a href=\"\/it\/magnetic-flow-meter\/iot-flow-meter\/\">iot flow meter<\/a><\/p>\n<p>&nbsp;<\/p>","protected":false},"excerpt":{"rendered":"<p><strong>Dati tecnici<\/strong><br \/>\nPu\u00f2 servire fluidi liquidi o gassosi; di solito viene utilizzato per misurare il flusso di vapore, aria e gas naturale.<br \/>\nDimensioni del contatore: Tipo in linea: DN25 - DN300<br \/>\nOpzione materiale bagnato: SS304, SS316<br \/>\nTemperatura di funzionamento: \u2264250\u2103<br \/>\nConnessione al processo: Wafer \/ Flangia \/ Tri-clamp per il tipo in linea<br \/>\nPrecisione di misura: 1,0 % - 1,5% del campo di calibrazione<br \/>\nIndicatore digitale: visualizzazione del flusso istantaneo, del flusso totale<br \/>\nAlimentazione: 24VDC, Uscita: 4-20mA<\/p>\n<p><strong>caratteristiche<\/strong><br \/>\n1.Punti di attivazione\/disattivazione regolabili<br \/>\n2. Modalit\u00e0 di allarme flusso Hi o Lo<br \/>\n3. Ritardo regolabile<br \/>\n4.LED di stato del rel\u00e8<\/p>","protected":false},"featured_media":3691,"comment_status":"closed","ping_status":"closed","template":"","meta":[],"product_cat":[2372],"product_tag":[],"acf":[],"_links":{"self":[{"href":"https:\/\/www.hginstrument.com\/it\/wp-json\/wp\/v2\/product\/5364"}],"collection":[{"href":"https:\/\/www.hginstrument.com\/it\/wp-json\/wp\/v2\/product"}],"about":[{"href":"https:\/\/www.hginstrument.com\/it\/wp-json\/wp\/v2\/types\/product"}],"replies":[{"embeddable":true,"href":"https:\/\/www.hginstrument.com\/it\/wp-json\/wp\/v2\/comments?post=5364"}],"wp:featuredmedia":[{"embeddable":true,"href":"https:\/\/www.hginstrument.com\/it\/wp-json\/wp\/v2\/media\/3691"}],"wp:attachment":[{"href":"https:\/\/www.hginstrument.com\/it\/wp-json\/wp\/v2\/media?parent=5364"}],"wp:term":[{"taxonomy":"product_cat","embeddable":true,"href":"https:\/\/www.hginstrument.com\/it\/wp-json\/wp\/v2\/product_cat?post=5364"},{"taxonomy":"product_tag","embeddable":true,"href":"https:\/\/www.hginstrument.com\/it\/wp-json\/wp\/v2\/product_tag?post=5364"}],"curies":[{"name":"wp","href":"https:\/\/api.w.org\/{rel}","templated":true}]}}