{"id":5388,"date":"2023-12-24T04:43:26","date_gmt":"2023-12-23T20:43:26","guid":{"rendered":"https:\/\/www.hginstrument.com\/?post_type=product&#038;p=5388"},"modified":"2024-01-09T16:55:52","modified_gmt":"2024-01-09T08:55:52","slug":"gpi-flow-meter-calibration","status":"publish","type":"product","link":"https:\/\/www.hginstrument.com\/it\/magnetic-flow-meter\/gpi-flow-meter-calibration\/","title":{"rendered":"Calibrazione del misuratore di portata gpi"},"content":{"rendered":"<p>Il misuratore di portata gpi \u00e8 un dispositivo di misurazione del flusso altamente avanzato e personalizzabile, progettato per un'ampia gamma di applicazioni industriali e commerciali. Questo dispositivo utilizza una tecnologia all'avanguardia, tra cui sensori di precisione e algoritmi avanzati, per misurare e monitorare con precisione le portate di vari liquidi e gas.<\/p>\n<p>Una delle caratteristiche principali della taratura dei misuratori di portata gpi \u00e8 la capacit\u00e0 di misurare con precisione la portata di vari fluidi, compresi liquidi, gas e vapore. Ci\u00f2 \u00e8 possibile grazie all'esclusivo metodo di misurazione della portata con pressione differenziale, che garantisce una perdita di pressione minima e un'elevata precisione di misurazione. Inoltre, lo strumento \u00e8 in grado di misurare le portate in un ampio intervallo, rendendolo adatto sia per applicazioni a bassa che ad alta portata.<\/p>\n<p>Un altro vantaggio dell'utilizzo della calibrazione dei misuratori di portata gpi \u00e8 la bassa necessit\u00e0 di manutenzione. Lo strumento \u00e8 progettato per resistere agli ambienti pi\u00f9 difficili e pu\u00f2 funzionare ininterrottamente senza bisogno di frequenti operazioni di pulizia e calibrazione. Questo non solo riduce i tempi di inattivit\u00e0, ma aiuta anche a risparmiare sui costi per le industrie che richiedono un monitoraggio costante del flusso.<\/p>\n<table class=\"table table-bordered\">\n<tbody>\n<tr>\n<td><span style=\"vertical-align: inherit;\"><span style=\"vertical-align: inherit;\">Tipo: il tipo<\/span><\/span><\/td>\n<td><span style=\"vertical-align: inherit;\">Calibrazione del misuratore di portata gpi<\/span><\/td>\n<td><span style=\"vertical-align: inherit;\"><span style=\"vertical-align: inherit;\">Segnale d'uscita: segnale d'uscita<\/span><\/span><\/td>\n<td><span style=\"vertical-align: inherit;\"><span style=\"vertical-align: inherit;\">4-20 mA, impulsi\/frequenza 2kHz (default), 5KHz (max)<\/span><\/span><\/td>\n<\/tr>\n<tr>\n<td><span style=\"vertical-align: inherit;\"><span style=\"vertical-align: inherit;\">Luogo di origine: il luogo di origine<\/span><\/span><\/td>\n<td><span style=\"vertical-align: inherit;\"><span style=\"vertical-align: inherit;\">Jiangsu, Cina<\/span><\/span><\/td>\n<td><span style=\"vertical-align: inherit;\"><span style=\"vertical-align: inherit;\">Incorporare il tipo: il tipo<\/span><\/span><\/td>\n<td><span style=\"vertical-align: inherit;\"><span style=\"vertical-align: inherit;\">-10\u2103- +51\u2103<\/span><\/span><\/td>\n<\/tr>\n<tr>\n<td><span style=\"vertical-align: inherit;\"><span style=\"vertical-align: inherit;\">Garanzia: garanzia<\/span><\/span><\/td>\n<td><span style=\"vertical-align: inherit;\"><span style=\"vertical-align: inherit;\">26 mesi<\/span><\/span><\/td>\n<td><span style=\"vertical-align: inherit;\"><span style=\"vertical-align: inherit;\">Tensione di alimentazione: tensione di alimentazione<\/span><\/span><\/td>\n<td><span style=\"vertical-align: inherit;\"><span style=\"vertical-align: inherit;\">110\/220VAC (100-240VAC), 50Hz\/60Hz; 24VDC\u00b110%<\/span><\/span><\/td>\n<\/tr>\n<tr>\n<td><span style=\"vertical-align: inherit;\"><span style=\"vertical-align: inherit;\">Supporto personalizzato\uff1aSupporto personalizzato<\/span><\/span><\/td>\n<td><span style=\"vertical-align: inherit;\"><span style=\"vertical-align: inherit;\">OEM, ODM, OBM<\/span><\/span><\/td>\n<td><span style=\"vertical-align: inherit;\"><span style=\"vertical-align: inherit;\">Comunicazione digitale: comunicazione digitale<\/span><\/span><\/td>\n<td><span style=\"vertical-align: inherit;\"><span style=\"vertical-align: inherit;\">RS-485, supporto del protocollo standard Mudbugs-RTU; GPRS<\/span><\/span><\/td>\n<\/tr>\n<tr>\n<td><span style=\"vertical-align: inherit;\"><span style=\"vertical-align: inherit;\">Nome della marca: Nome della marca: Nome della marca: Nome della marca: Nome della marca: Nome della marca<\/span><\/span><\/td>\n<td><span style=\"vertical-align: inherit;\"><span style=\"vertical-align: inherit;\">GRUPPO SUYI<\/span><\/span><\/td>\n<td><span style=\"vertical-align: inherit;\"><span style=\"vertical-align: inherit;\">Pressione nominale: pressione nominale<\/span><\/span><\/td>\n<td><span style=\"vertical-align: inherit;\"><span style=\"vertical-align: inherit;\">1MPa (DN15-DN800), 1,6MPa (DN15-DN800), 2,5MPa (DN15-DN600)<\/span><\/span><\/td>\n<\/tr>\n<tr>\n<td><span style=\"vertical-align: inherit;\"><span style=\"vertical-align: inherit;\">Numero di modello: Numero di modello: Numero di modello: Numero di modello: Numero di modello: Numero di modello<\/span><\/span><\/td>\n<td><span style=\"vertical-align: inherit;\"><span style=\"vertical-align: inherit;\">altro<\/span><\/span><\/td>\n<td><span style=\"vertical-align: inherit;\"><span style=\"vertical-align: inherit;\">Sensore: sensore<\/span><\/span><\/td>\n<td><span style=\"vertical-align: inherit;\"><span style=\"vertical-align: inherit;\">0\u2103- +80\u2103 o -25\u2103- +120\u2103 o +70\u2103- +250\u2103<\/span><\/span><\/td>\n<\/tr>\n<tr>\n<td><span style=\"vertical-align: inherit;\"><span style=\"vertical-align: inherit;\">Nome del prodotto: Nome del prodotto: Nome del prodotto: Nome del prodotto: Nome del prodotto: Nome del prodotto<\/span><\/span><\/td>\n<td><span style=\"vertical-align: inherit;\"><span style=\"vertical-align: inherit;\">Misuratore di portata dell'acqua chimica digitale intelligente elettromagnetico<\/span><\/span><\/td>\n<td><span style=\"vertical-align: inherit;\"><span style=\"vertical-align: inherit;\">Dettagli dell'imballaggio:<\/span><\/span><\/td>\n<td><span style=\"vertical-align: inherit;\"><span style=\"vertical-align: inherit;\">1 set per confezione o come richiesto dal cliente<\/span><\/span><\/td>\n<\/tr>\n<tr>\n<td><span style=\"vertical-align: inherit;\"><span style=\"vertical-align: inherit;\">Diametro nominale: diametro nominale<\/span><\/span><\/td>\n<td><span style=\"vertical-align: inherit;\"><span style=\"vertical-align: inherit;\">3-2702 mm<\/span><\/span><\/td>\n<td><span style=\"vertical-align: inherit;\"><span style=\"vertical-align: inherit;\">Capacit\u00e0 di approvvigionamento<\/span><\/span><\/td>\n<td><span style=\"vertical-align: inherit;\"><span style=\"vertical-align: inherit;\">2487 Set\/Set al mese<\/span><\/span><\/td>\n<\/tr>\n<tr>\n<td><span style=\"vertical-align: inherit;\"><span style=\"vertical-align: inherit;\">gamma di velocit\u00e0: il campo di velocit\u00e0<\/span><\/span><\/td>\n<td><span style=\"vertical-align: inherit;\"><span style=\"vertical-align: inherit;\">0-12m\/s<\/span><\/span><\/td>\n<td><span style=\"vertical-align: inherit;\"><span style=\"vertical-align: inherit;\">Quantit\u00e0 (set)<\/span><\/span><\/td>\n<td><span style=\"vertical-align: inherit;\"><span style=\"vertical-align: inherit;\">&gt; 30<\/span><\/span><\/td>\n<\/tr>\n<tr>\n<td><span style=\"vertical-align: inherit;\"><span style=\"vertical-align: inherit;\">Grado di accuratezza: il grado di accuratezza<\/span><\/span><\/td>\n<td><span style=\"vertical-align: inherit;\"><span style=\"vertical-align: inherit;\">\u00b10,5%R, \u00b11%R ( &lt; DN20)<\/span><\/span><\/td>\n<td><span style=\"vertical-align: inherit;\"><span style=\"vertical-align: inherit;\">Tempi di consegna (giorni)<\/span><\/span><\/td>\n<td><span style=\"vertical-align: inherit;\"><span style=\"vertical-align: inherit;\">Da negoziare<\/span><\/span><\/td>\n<\/tr>\n<\/tbody>\n<\/table>\n<p>&nbsp;<\/p>\n<p>&nbsp;<\/p>\n<p style=\"text-align: center;\"><img title=\"Calibrazione del misuratore di portata gpi\" src=\"https:\/\/www.hginstrument.com\/wp-content\/uploads\/2021\/07\/in-line-pipeline-type-hgd-electromagnetic-flow-meter.jpg\" \/><\/p>\n<p>&nbsp;<\/p>\n<p>&nbsp;<\/p>\n<p style=\"text-align: center;\"><img title=\"Calibrazione del misuratore di portata gpi\" src=\"https:\/\/www.hginstrument.com\/wp-content\/uploads\/2021\/07\/insertion-01.jpg\" \/><\/p>\n<p>&nbsp;<\/p>\n<p>&nbsp;<\/p>\n<p style=\"text-align: center;\"><img title=\"Calibrazione del misuratore di portata gpi\" src=\"https:\/\/www.hginstrument.com\/wp-content\/uploads\/2021\/07\/sanitary-mag-1.jpg\" \/><\/p>\n<p><strong>Guida alle FAQ sulla taratura dei misuratori di portata gpi.<\/strong><\/p>\n<p>Il cuore della nostra serie di misuratori di portata gpi \u00e8 l'impegno per l'eccellenza, che unisce la tecnologia avanzata dei sensori a interfacce di facile utilizzo. Dai liquidi ai gas, i nostri misuratori offrono una precisione senza pari, consentendovi di prendere decisioni informate e di ottimizzare le operazioni. Mentre inauguriamo una nuova era della misurazione dei fluidi, vi invitiamo a esplorare le possibilit\u00e0 illimitate che le calibrazioni dei nostri misuratori di portata gpi dischiudono: dove la precisione incontra le prestazioni e l'innovazione fluisce senza soluzione di continuit\u00e0.<\/p>\n<div style=\"border: 3px solid #f89900; margin: 20px 0; padding: 20px;\"><a href=\"\/it\/gpi-flow-meter-calibration\/#01\">1.Qual \u00e8 il formato del segnale di uscita della calibrazione del misuratore di portata gpi?<\/a><br \/>\n<a href=\"\/it\/gpi-flow-meter-calibration\/#02\">2.Informazioni sui servizi di personalizzazione della taratura dei misuratori di portata gpi<\/a><br \/>\n<a href=\"\/it\/gpi-flow-meter-calibration\/#03\">3.I risultati di misurazione della calibrazione del misuratore di portata gpi possono essere emessi e registrati a distanza?<\/a><br \/>\n<a href=\"\/it\/gpi-flow-meter-calibration\/#04\">4.Come calibrare un misuratore di portata gpi?<\/a><br \/>\n<a href=\"\/it\/gpi-flow-meter-calibration\/#05\">5.Quali sono i metodi di installazione della calibrazione del misuratore di portata gpi?<\/a><br \/>\n<a href=\"\/it\/gpi-flow-meter-calibration\/#06\">6.Informazioni sul sistema di gestione della produzione di taratura dei misuratori di portata gpi<\/a><br \/>\n<a href=\"\/it\/gpi-flow-meter-calibration\/#07\">7.La calibrazione del misuratore di portata gpi ha capacit\u00e0 di controllo remoto?<\/a><br \/>\n<a href=\"\/it\/gpi-flow-meter-calibration\/#08\">8.Le prestazioni antideflagranti della calibrazione del misuratore di portata gpi soddisfano gli standard pertinenti?<\/a><br \/>\n<a href=\"\/it\/gpi-flow-meter-calibration\/#09\">9.I risultati della calibrazione dei misuratori di portata gpi sono tracciabili?<\/a><br \/>\n<a href=\"\/it\/gpi-flow-meter-calibration\/#010\">10.Qual \u00e8 la differenza tra la calibrazione del misuratore di portata gpi del gruppo SUYI e la calibrazione del misuratore di portata gpi di Yokogawa e la calibrazione del misuratore di portata gpi di ABB?<\/a><br \/>\n<a href=\"\/it\/gpi-flow-meter-calibration\/#11\">11.Informazioni sulla storia dello sviluppo della fabbrica di calibrazione dei misuratori di portata gpi<\/a><br \/>\n<a href=\"\/it\/gpi-flow-meter-calibration\/#12\">12.Informazioni sulla data di consegna della calibrazione del misuratore di portata gpi<\/a><br \/>\n<a href=\"\/it\/gpi-flow-meter-calibration\/#13\">13.Quali sono i metodi di manutenzione per la calibrazione dei misuratori di portata gpi?<\/a><\/div>\n<div id=\"01\">\n<p><strong>1.Qual \u00e8 il formato del segnale di uscita della calibrazione del misuratore di portata gpi?<\/strong><\/p>\n<p>Aggiorniamo continuamente le nostre competenze e conoscenze per adattarci alle mutevoli esigenze del mercato della taratura dei misuratori di portata gpi.<br \/>\nIl formato del segnale di uscita del flussimetro dipende dal tipo di flussimetro utilizzato. I formati pi\u00f9 comuni dei segnali di uscita comprendono impulsi, frequenza, tensione e corrente.<\/p>\n<\/div>\n<div id=\"02\">\n<p><strong>2.Informazioni sui servizi di personalizzazione della taratura dei misuratori di portata gpi<\/strong><\/p>\n<p>I servizi di personalizzazione dei misuratori di portata sono progettati per fornire ai clienti una soluzione su misura per le loro specifiche esigenze di misurazione del flusso. Questi servizi possono includere la personalizzazione del misuratore di portata per adattarlo a una particolare applicazione, come una specifica dimensione del tubo o portata, o per soddisfare un determinato requisito di precisione. I servizi di personalizzazione possono anche comprendere la modifica del misuratore di portata per includere caratteristiche aggiuntive, come un display o funzionalit\u00e0 di registrazione dei dati. I servizi di personalizzazione dei misuratori di portata possono includere anche l'installazione del misuratore di portata, nonch\u00e9 la fornitura di assistenza tecnica e manutenzione.<\/p>\n<p><img style=\"max-width: 100%;\" title=\"Informazioni sui servizi di personalizzazione della taratura dei misuratori di portata gpi\" src=\"https:\/\/www.hginstrument.com\/wp-content\/uploads\/2021\/07\/mdp310-fc3-3.jpg\" alt=\"Informazioni sui servizi di personalizzazione della taratura dei misuratori di portata gpi\" \/><\/p>\n<\/div>\n<div id=\"03\">\n<p><strong>3.I risultati di misurazione della calibrazione del misuratore di portata gpi possono essere emessi e registrati a distanza?<\/strong><\/p>\n<p>S\u00ec, molti misuratori di portata sono dotati di funzionalit\u00e0 di uscita e registrazione a distanza. Ci\u00f2 consente agli utenti di monitorare e registrare i dati di flusso da una postazione remota.<\/p>\n<\/div>\n<div id=\"04\">\n<p><strong>4.Come calibrare un misuratore di portata gpi?<\/strong><\/p>\n<p>Essendo uno dei principali produttori di calibrazione di misuratori di portata gpi in Cina, attribuiamo grande importanza a questo dettaglio.<br \/>\n1. Controllare le istruzioni del produttore per il misuratore di portata specifico che si sta utilizzando.<\/p>\n<p>2. Assicurarsi che il flussometro sia installato correttamente e che tutti i collegamenti siano saldi.<\/p>\n<p>3. Collegare il flussimetro a un dispositivo di calibrazione, come un impianto di calibrazione del flusso o un anello di calibrazione del flusso.<\/p>\n<p>4. Impostare il dispositivo di calibrazione sulla portata desiderata.<\/p>\n<p>5. Accendere il flussometro e lasciarlo funzionare per alcuni minuti per assicurarsi che sia stabile.<\/p>\n<p>6. Controllare la lettura del flussometro rispetto alla lettura del dispositivo di calibrazione.<\/p>\n<p>7. Regolare le impostazioni del flussometro come necessario per farle corrispondere alla lettura del dispositivo di calibrazione.<\/p>\n<p>8. Ripetere i punti 4-7 finch\u00e9 la lettura del flussometro non corrisponde a quella del dispositivo di calibrazione.<\/p>\n<p>9. Registrare le impostazioni del flussometro e la lettura del dispositivo di calibrazione per riferimenti futuri.<\/p>\n<p><img style=\"max-width: 100%;\" title=\"Come calibrare un misuratore di portata gpi?\" src=\"https:\/\/www.hginstrument.com\/wp-content\/uploads\/2021\/07\/hgcmf-c1-1.jpg\" alt=\"Come calibrare un misuratore di portata gpi?\" \/><\/p>\n<\/div>\n<div id=\"05\">\n<p><strong>5.Quali sono i metodi di installazione della calibrazione del misuratore di portata gpi?<\/strong><\/p>\n<p>La nostra missione \u00e8 fornire ai clienti le migliori soluzioni per la taratura dei misuratori di portata gpi.<br \/>\n1. Installazione in linea: \u00c8 il tipo di installazione pi\u00f9 comune per i misuratori di portata. Consiste nel collocare il misuratore di portata direttamente nel tubo o nel condotto in cui scorre il fluido.<\/p>\n<p>2. Installazione a inserimento: Questo tipo di installazione prevede l'inserimento del misuratore di portata nel tubo o nel condotto. In genere si utilizza una flangia o un raccordo.<\/p>\n<p>3. Installazione a canale aperto: Questo tipo di installazione si utilizza quando il flusso si trova in un canale aperto, come un fiume o un torrente. Il misuratore di portata viene posizionato nel canale e misura la portata.<\/p>\n<p>4. Installazione sommersa: Questo tipo di installazione si utilizza quando il flusso si trova in un ambiente sommerso, come un pozzo o un serbatoio. Il misuratore di portata viene inserito nell'acqua e misura la portata.<\/p>\n<\/div>\n<div id=\"06\">\n<p><strong>6.Informazioni sul sistema di gestione della produzione di taratura dei misuratori di portata gpi<\/strong><\/p>\n<p>Un sistema di gestione della produzione di misuratori di portata \u00e8 una soluzione software progettata per aiutare i produttori a gestire la produzione di misuratori di portata. Il sistema pu\u00f2 essere utilizzato per seguire il processo di produzione dall'inizio alla fine, compreso l'ordine delle materie prime, l'assemblaggio dei componenti e il collaudo e la calibrazione del prodotto finito. Il sistema pu\u00f2 anche essere utilizzato per monitorare la qualit\u00e0 del processo di produzione, assicurando che i misuratori di portata soddisfino gli standard richiesti. Inoltre, il sistema pu\u00f2 essere utilizzato per generare rapporti e analizzare i dati per aiutare i produttori a migliorare i loro processi produttivi.<\/p>\n<p><img style=\"max-width: 100%;\" title=\"Informazioni sul sistema di gestione della produzione per la taratura dei misuratori di portata gpi\" src=\"https:\/\/www.hginstrument.com\/wp-content\/uploads\/2021\/07\/ltb-1.jpg\" alt=\"Informazioni sul sistema di gestione della produzione per la taratura dei misuratori di portata gpi\" \/><\/p>\n<\/div>\n<div id=\"07\">\n<p><strong>7.La calibrazione del misuratore di portata gpi ha capacit\u00e0 di controllo remoto?<\/strong><\/p>\n<p>Ci concentriamo sulle esigenze dei nostri clienti e ci sforziamo di soddisfare le loro aspettative, quindi prendiamo molto sul serio questo aspetto.<br \/>\nDipende dal modello specifico di misuratore di portata. Alcuni modelli possono essere dotati di funzionalit\u00e0 di controllo remoto, mentre altri no.<\/p>\n<\/div>\n<div id=\"08\">\n<p><strong>8.Le prestazioni antideflagranti della calibrazione del misuratore di portata gpi soddisfano gli standard pertinenti?<\/strong><\/p>\n<p>S\u00ec, le prestazioni antideflagranti del flussimetro soddisfano gli standard pertinenti. Il misuratore di portata deve essere certificato da un organismo di certificazione riconosciuto per garantire che soddisfi i requisiti degli standard pertinenti.<\/p>\n<p><img style=\"max-width: 100%;\" title=\"Le prestazioni antideflagranti della taratura dei misuratori di portata gpi soddisfano gli standard pertinenti?\" src=\"https:\/\/www.hginstrument.com\/wp-content\/uploads\/2021\/07\/insertion-01.jpg\" alt=\"Le prestazioni antideflagranti della taratura dei misuratori di portata gpi soddisfano gli standard pertinenti?\" \/><\/p>\n<\/div>\n<div id=\"09\">\n<p><strong>9.I risultati della calibrazione dei misuratori di portata gpi sono tracciabili?<\/strong><\/p>\n<p>La nostra azienda ha molti anni di esperienza e competenza nella calibrazione dei misuratori di portata gpi.<br \/>\nS\u00ec, i risultati delle misurazioni dei misuratori di portata possono essere rintracciabili. La tracciabilit\u00e0 \u00e8 la possibilit\u00e0 di risalire alla storia, all'applicazione o all'ubicazione di un elemento mediante un'identificazione documentata. I misuratori di portata sono in genere calibrati utilizzando uno standard tracciabile, come ad esempio uno standard di calibrazione tracciabile NIST. Ci\u00f2 garantisce che i risultati delle misurazioni del flussimetro siano riconducibili a uno standard noto.<\/p>\n<\/div>\n<div id=\"010\">\n<p><strong>10.Qual \u00e8 la differenza tra la calibrazione del misuratore di portata gpi del gruppo SUYI e la calibrazione del misuratore di portata gpi di Yokogawa e la calibrazione del misuratore di portata gpi di ABB?<\/strong><\/p>\n<p>I misuratori di portata di SUYI Group, Yokogawa e ABB misurano tutti la portata di un fluido, ma differiscono in termini di precisione, caratteristiche e costi. I misuratori di portata di SUYI Group sono in genere pi\u00f9 convenienti di quelli di Yokogawa e ABB, ma potrebbero non avere altrettante funzioni o una precisione altrettanto elevata. I misuratori di portata Yokogawa sono noti per la loro precisione e affidabilit\u00e0, ma tendono a essere pi\u00f9 costosi di quelli di SUYI Group e ABB. I misuratori di portata ABB sono noti per la loro robustezza e durata, ma sono anche pi\u00f9 costosi degli altri due marchi.<\/p>\n<p><img style=\"max-width: 100%;\" title=\"Qual \u00e8 la differenza tra la calibrazione del misuratore di portata gpi del gruppo SUYI e la calibrazione del misuratore di portata gpi di Yokogawa e la calibrazione del misuratore di portata gpi di ABB?\" src=\"https:\/\/www.hginstrument.com\/wp-content\/uploads\/2021\/07\/hluc-1.jpg\" alt=\"Qual \u00e8 la differenza tra la calibrazione del misuratore di portata gpi del gruppo SUYI e la calibrazione del misuratore di portata gpi di Yokogawa e la calibrazione del misuratore di portata gpi di ABB?\" \/><\/p>\n<\/div>\n<div id=\"11\">\n<p><strong>11.Informazioni sulla storia dello sviluppo della fabbrica di calibrazione dei misuratori di portata gpi<\/strong><\/p>\n<p>La fabbrica di misuratori di portata \u00e8 stata fondata all'inizio degli anni Novanta. \u00c8 stata fondata da un gruppo di ingegneri e tecnici con una vasta esperienza nella progettazione e nella produzione di misuratori di portata. Inizialmente l'azienda si \u00e8 concentrata sulla produzione di misuratori di portata meccanici, ma ben presto ha ampliato la propria gamma di prodotti includendo anche misuratori di portata elettronici. Nel corso degli anni, l'azienda ha sviluppato un'ampia gamma di misuratori di portata per diverse applicazioni, tra cui quelle industriali, commerciali e residenziali. L'azienda ha inoltre sviluppato una serie di soluzioni software e hardware per la misurazione e il controllo del flusso. Oggi l'azienda \u00e8 uno dei principali produttori di misuratori di portata e prodotti correlati ed \u00e8 riconosciuta come leader del settore.<\/p>\n<\/div>\n<div id=\"12\">\n<p><strong>12.Informazioni sulla data di consegna della calibrazione del misuratore di portata gpi<\/strong><\/p>\n<p>La data di consegna di un misuratore di portata dipende dal tipo di misuratore, dal produttore e dalla disponibilit\u00e0 del prodotto. In genere, la maggior parte dei misuratori di portata pu\u00f2 essere consegnata entro pochi giorni o poche settimane. Tuttavia, alcuni misuratori di portata specializzati possono richiedere tempi di consegna pi\u00f9 lunghi. \u00c8 meglio contattare direttamente il produttore per ottenere una data di consegna precisa.<\/p>\n<p><img style=\"max-width: 100%;\" title=\"Informazioni sulla data di consegna della calibrazione del misuratore di portata gpi\" src=\"https:\/\/www.hginstrument.com\/wp-content\/uploads\/2021\/07\/hgdu600-p-1.jpg\" alt=\"Informazioni sulla data di consegna della calibrazione del misuratore di portata gpi\" \/><\/p>\n<\/div>\n<div id=\"13\">\n<p><strong>13.Quali sono i metodi di manutenzione per la calibrazione dei misuratori di portata gpi?<\/strong><\/p>\n<p>Ci concentriamo sull'innovazione e sul miglioramento continuo per mantenere un vantaggio competitivo.<br \/>\n1. Controllare regolarmente che il flussometro non presenti segni di usura o danni.<\/p>\n<p>2. Pulire regolarmente il flussometro per garantire letture accurate.<\/p>\n<p>3. Controllare l'accuratezza del flussometro eseguendo i test di calibrazione.<\/p>\n<p>4. Sostituire al pi\u00f9 presto le parti usurate o danneggiate.<\/p>\n<p>5. Assicurarsi che il flussometro sia installato e collegato correttamente al sistema.<\/p>\n<p>6. Controllare che il flussometro non presenti segni di corrosione o ostruzioni.<\/p>\n<p>7. Assicurarsi che il flussometro sia correttamente sigillato per evitare perdite.<\/p>\n<p>8. Controllare regolarmente che il flussometro non presenti segni di vibrazioni o rumori.<\/p>\n<p>9. Assicurarsi che il flussometro sia calibrato e regolato correttamente.<\/p>\n<p>10. Controllare regolarmente che il flussometro non presenti segni di perdita o di intasamento.<\/p>\n<\/div>\n<p>&nbsp;<\/p>\n<p>Tag\uff1a<a href=\"\/it\/magnetic-flow-meter\/ultrasonic-steam-flow-meter\/\">misuratore di portata di vapore a ultrasuoni<\/a>,<a href=\"\/it\/magnetic-flow-meter\/greyline-doppler-flow-meter\/\">flussimetro doppler greyline<\/a>,<a href=\"\/it\/magnetic-flow-meter\/chilled-water-flow-meter\/\">misuratore di portata dell'acqua refrigerata<\/a>,<a href=\"\/it\/magnetic-flow-meter\/clamp-on-flow-meter-for-water\/\">misuratore di portata per acqua<\/a>,<a href=\"\/it\/magnetic-flow-meter\/insertion-mag-flow-meter\/\">misuratore di portata a inserzione mag<\/a><\/p>\n<p>&nbsp;<\/p>","protected":false},"excerpt":{"rendered":"<p><strong>Dati tecnici<\/strong><br \/>\nPu\u00f2 servire fluidi liquidi o gassosi; di solito viene utilizzato per misurare il flusso di vapore, aria e gas naturale.<br \/>\nDimensioni del contatore: Tipo in linea: DN25 - DN300<br \/>\nOpzione materiale bagnato: SS304, SS316<br \/>\nTemperatura di funzionamento: \u2264250\u2103<br \/>\nConnessione al processo: Wafer \/ Flangia \/ Tri-clamp per il tipo in linea<br \/>\nPrecisione di misura: 1,0 % - 1,5% del campo di calibrazione<br \/>\nIndicatore digitale: visualizzazione del flusso istantaneo, del flusso totale<br \/>\nAlimentazione: 24VDC, Uscita: 4-20mA<\/p>\n<p><strong>caratteristiche<\/strong><br \/>\n1.Punti di attivazione\/disattivazione regolabili<br \/>\n2. Modalit\u00e0 di allarme flusso Hi o Lo<br \/>\n3. Ritardo regolabile<br \/>\n4.LED di stato del rel\u00e8<\/p>","protected":false},"featured_media":3691,"comment_status":"closed","ping_status":"closed","template":"","meta":[],"product_cat":[2372],"product_tag":[],"acf":[],"_links":{"self":[{"href":"https:\/\/www.hginstrument.com\/it\/wp-json\/wp\/v2\/product\/5388"}],"collection":[{"href":"https:\/\/www.hginstrument.com\/it\/wp-json\/wp\/v2\/product"}],"about":[{"href":"https:\/\/www.hginstrument.com\/it\/wp-json\/wp\/v2\/types\/product"}],"replies":[{"embeddable":true,"href":"https:\/\/www.hginstrument.com\/it\/wp-json\/wp\/v2\/comments?post=5388"}],"wp:featuredmedia":[{"embeddable":true,"href":"https:\/\/www.hginstrument.com\/it\/wp-json\/wp\/v2\/media\/3691"}],"wp:attachment":[{"href":"https:\/\/www.hginstrument.com\/it\/wp-json\/wp\/v2\/media?parent=5388"}],"wp:term":[{"taxonomy":"product_cat","embeddable":true,"href":"https:\/\/www.hginstrument.com\/it\/wp-json\/wp\/v2\/product_cat?post=5388"},{"taxonomy":"product_tag","embeddable":true,"href":"https:\/\/www.hginstrument.com\/it\/wp-json\/wp\/v2\/product_tag?post=5388"}],"curies":[{"name":"wp","href":"https:\/\/api.w.org\/{rel}","templated":true}]}}