{"id":5390,"date":"2023-12-24T04:47:49","date_gmt":"2023-12-23T20:47:49","guid":{"rendered":"https:\/\/www.hginstrument.com\/?post_type=product&#038;p=5390"},"modified":"2024-01-09T09:30:48","modified_gmt":"2024-01-09T01:30:48","slug":"gpi-flow-meter","status":"publish","type":"product","link":"https:\/\/www.hginstrument.com\/it\/magnetic-flow-meter\/gpi-flow-meter\/","title":{"rendered":"misuratore di portata gpi"},"content":{"rendered":"<p>Il nostro misuratore di portata gpi \u00e8 un prodotto all'avanguardia che garantisce una misurazione accurata e affidabile del flusso per un'ampia gamma di applicazioni industriali. Dotato di una tecnologia avanzata e di sensori precisi, assicura una misurazione precisa e costante delle portate di liquidi e gas.<\/p>\n<p>Il cuore dei misuratori di portata gpi \u00e8 la tecnologia che misura e registra il flusso, fornendo letture accurate e affidabili. Esistono diversi tipi di misuratori di portata gpi, tra cui quelli magnetici, a ultrasuoni, a diaframma, a Coriolis e a turbina, ciascuno progettato per applicazioni e tipi di fluidi specifici.<\/p>\n<p>Uno dei misuratori di portata gpi pi\u00f9 avanzati e diffusi \u00e8 il misuratore di portata gpi elettromagnetico. Funziona sulla base della legge di Faraday dell'induzione elettromagnetica ed \u00e8 in grado di misurare il flusso di fluidi conduttori con incredibile precisione e ripetibilit\u00e0. \u00c8 adatto all'uso con una variet\u00e0 di fluidi, tra cui acqua, prodotti chimici, biotecnologie, scienze biologiche e fanghi.<\/p>\n<table class=\"table table-bordered\">\n<tbody>\n<tr>\n<td><span style=\"vertical-align: inherit;\"><span style=\"vertical-align: inherit;\">Tipo: il tipo<\/span><\/span><\/td>\n<td><span style=\"vertical-align: inherit;\">misuratore di portata gpi<\/span><\/td>\n<td><span style=\"vertical-align: inherit;\"><span style=\"vertical-align: inherit;\">Segnale d'uscita: segnale d'uscita<\/span><\/span><\/td>\n<td><span style=\"vertical-align: inherit;\"><span style=\"vertical-align: inherit;\">4-15mA, impulso\/frequenza 2kHz (default), 5KHz (max)<\/span><\/span><\/td>\n<\/tr>\n<tr>\n<td><span style=\"vertical-align: inherit;\"><span style=\"vertical-align: inherit;\">Luogo di origine: il luogo di origine<\/span><\/span><\/td>\n<td><span style=\"vertical-align: inherit;\"><span style=\"vertical-align: inherit;\">Jiangsu, Cina<\/span><\/span><\/td>\n<td><span style=\"vertical-align: inherit;\"><span style=\"vertical-align: inherit;\">Incorporare il tipo: il tipo<\/span><\/span><\/td>\n<td><span style=\"vertical-align: inherit;\"><span style=\"vertical-align: inherit;\">-10\u2103- +54\u2103<\/span><\/span><\/td>\n<\/tr>\n<tr>\n<td><span style=\"vertical-align: inherit;\"><span style=\"vertical-align: inherit;\">Garanzia: garanzia<\/span><\/span><\/td>\n<td><span style=\"vertical-align: inherit;\"><span style=\"vertical-align: inherit;\">11 mesi<\/span><\/span><\/td>\n<td><span style=\"vertical-align: inherit;\"><span style=\"vertical-align: inherit;\">Tensione di alimentazione: tensione di alimentazione<\/span><\/span><\/td>\n<td><span style=\"vertical-align: inherit;\"><span style=\"vertical-align: inherit;\">110\/220VAC (100-240VAC), 50Hz\/60Hz; 24VDC\u00b110%<\/span><\/span><\/td>\n<\/tr>\n<tr>\n<td><span style=\"vertical-align: inherit;\"><span style=\"vertical-align: inherit;\">Supporto personalizzato\uff1aSupporto personalizzato<\/span><\/span><\/td>\n<td><span style=\"vertical-align: inherit;\"><span style=\"vertical-align: inherit;\">OEM, ODM, OBM<\/span><\/span><\/td>\n<td><span style=\"vertical-align: inherit;\"><span style=\"vertical-align: inherit;\">Comunicazione digitale: comunicazione digitale<\/span><\/span><\/td>\n<td><span style=\"vertical-align: inherit;\"><span style=\"vertical-align: inherit;\">RS-485, supporto del protocollo standard Mudbugs-RTU; GPRS<\/span><\/span><\/td>\n<\/tr>\n<tr>\n<td><span style=\"vertical-align: inherit;\"><span style=\"vertical-align: inherit;\">Nome della marca: Nome della marca: Nome della marca: Nome della marca: Nome della marca: Nome della marca<\/span><\/span><\/td>\n<td><span style=\"vertical-align: inherit;\"><span style=\"vertical-align: inherit;\">GRUPPO SUYI<\/span><\/span><\/td>\n<td><span style=\"vertical-align: inherit;\"><span style=\"vertical-align: inherit;\">Pressione nominale: pressione nominale<\/span><\/span><\/td>\n<td><span style=\"vertical-align: inherit;\"><span style=\"vertical-align: inherit;\">1MPa (DN15-DN800), 1,6MPa (DN15-DN800), 2,5MPa (DN15-DN600)<\/span><\/span><\/td>\n<\/tr>\n<tr>\n<td><span style=\"vertical-align: inherit;\"><span style=\"vertical-align: inherit;\">Numero di modello: Numero di modello: Numero di modello: Numero di modello: Numero di modello: Numero di modello<\/span><\/span><\/td>\n<td><span style=\"vertical-align: inherit;\"><span style=\"vertical-align: inherit;\">altro<\/span><\/span><\/td>\n<td><span style=\"vertical-align: inherit;\"><span style=\"vertical-align: inherit;\">Sensore: sensore<\/span><\/span><\/td>\n<td><span style=\"vertical-align: inherit;\"><span style=\"vertical-align: inherit;\">0\u2103- +80\u2103 o -25\u2103- +120\u2103 o +70\u2103- +250\u2103<\/span><\/span><\/td>\n<\/tr>\n<tr>\n<td><span style=\"vertical-align: inherit;\"><span style=\"vertical-align: inherit;\">Nome del prodotto: Nome del prodotto: Nome del prodotto: Nome del prodotto: Nome del prodotto: Nome del prodotto<\/span><\/span><\/td>\n<td><span style=\"vertical-align: inherit;\"><span style=\"vertical-align: inherit;\">Misuratore di portata dell'acqua chimica digitale intelligente elettromagnetico<\/span><\/span><\/td>\n<td><span style=\"vertical-align: inherit;\"><span style=\"vertical-align: inherit;\">Dettagli dell'imballaggio:<\/span><\/span><\/td>\n<td><span style=\"vertical-align: inherit;\"><span style=\"vertical-align: inherit;\">1 set per confezione o come richiesto dal cliente<\/span><\/span><\/td>\n<\/tr>\n<tr>\n<td><span style=\"vertical-align: inherit;\"><span style=\"vertical-align: inherit;\">Diametro nominale: diametro nominale<\/span><\/span><\/td>\n<td><span style=\"vertical-align: inherit;\"><span style=\"vertical-align: inherit;\">3-2764 mm<\/span><\/span><\/td>\n<td><span style=\"vertical-align: inherit;\"><span style=\"vertical-align: inherit;\">Capacit\u00e0 di approvvigionamento<\/span><\/span><\/td>\n<td><span style=\"vertical-align: inherit;\"><span style=\"vertical-align: inherit;\">2008 Set\/Set al mese<\/span><\/span><\/td>\n<\/tr>\n<tr>\n<td><span style=\"vertical-align: inherit;\"><span style=\"vertical-align: inherit;\">gamma di velocit\u00e0: il campo di velocit\u00e0<\/span><\/span><\/td>\n<td><span style=\"vertical-align: inherit;\"><span style=\"vertical-align: inherit;\">0-10m\/s<\/span><\/span><\/td>\n<td><span style=\"vertical-align: inherit;\"><span style=\"vertical-align: inherit;\">Quantit\u00e0 (set)<\/span><\/span><\/td>\n<td><span style=\"vertical-align: inherit;\"><span style=\"vertical-align: inherit;\">&gt; 30<\/span><\/span><\/td>\n<\/tr>\n<tr>\n<td><span style=\"vertical-align: inherit;\"><span style=\"vertical-align: inherit;\">Grado di accuratezza: il grado di accuratezza<\/span><\/span><\/td>\n<td><span style=\"vertical-align: inherit;\"><span style=\"vertical-align: inherit;\">\u00b10,5%R, \u00b11%R ( &lt; DN20)<\/span><\/span><\/td>\n<td><span style=\"vertical-align: inherit;\"><span style=\"vertical-align: inherit;\">Tempi di consegna (giorni)<\/span><\/span><\/td>\n<td><span style=\"vertical-align: inherit;\"><span style=\"vertical-align: inherit;\">Da negoziare<\/span><\/span><\/td>\n<\/tr>\n<\/tbody>\n<\/table>\n<p>&nbsp;<\/p>\n<p>&nbsp;<\/p>\n<p style=\"text-align: center;\"><img title=\"misuratore di portata gpi\" src=\"https:\/\/www.hginstrument.com\/wp-content\/uploads\/2021\/07\/in-line-pipeline-type-hgd-electromagnetic-flow-meter.jpg\" \/><\/p>\n<p>&nbsp;<\/p>\n<p>&nbsp;<\/p>\n<p style=\"text-align: center;\"><img title=\"misuratore di portata gpi\" src=\"https:\/\/www.hginstrument.com\/wp-content\/uploads\/2021\/07\/insertion-01.jpg\" \/><\/p>\n<p>&nbsp;<\/p>\n<p>&nbsp;<\/p>\n<p style=\"text-align: center;\"><img title=\"misuratore di portata gpi\" src=\"https:\/\/www.hginstrument.com\/wp-content\/uploads\/2021\/07\/sanitary-mag-1.jpg\" \/><\/p>\n<p><strong>Guida alle FAQ sui misuratori di portata gpi.<\/strong><\/p>\n<p>Il cuore della nostra serie di misuratori di portata gpi \u00e8 l'impegno per l'eccellenza, che unisce la tecnologia avanzata dei sensori a interfacce di facile utilizzo. Dai liquidi ai gas, i nostri misuratori offrono una precisione senza pari, consentendovi di prendere decisioni informate e di ottimizzare le operazioni. Mentre inauguriamo una nuova era della misurazione dei fluidi, vi invitiamo a esplorare le possibilit\u00e0 illimitate offerte dai nostri misuratori di portata gpi, dove la precisione incontra le prestazioni e l'innovazione fluisce senza soluzione di continuit\u00e0.<\/p>\n<div style=\"border: 3px solid #f89900; margin: 20px 0; padding: 20px;\"><a href=\"\/it\/gpi-flow-meter\/#01\">1.Informazioni sull'inventario dei misuratori di portata gpi<\/a><br \/>\n<a href=\"\/it\/gpi-flow-meter\/#02\">2. La storia dello sviluppo della fabbrica di misuratori di portata gpi<\/a><br \/>\n<a href=\"\/it\/gpi-flow-meter\/#03\">3.Informazioni sul sistema di approvvigionamento delle materie prime dei misuratori di portata gpi<\/a><br \/>\n<a href=\"\/it\/gpi-flow-meter\/#04\">4.Informazioni sul sistema di gestione della produzione di misuratori di portata gpi<\/a><br \/>\n<a href=\"\/it\/gpi-flow-meter\/#05\">5.Informazioni sulla capacit\u00e0 di produzione del misuratore di portata gpi<\/a><br \/>\n<a href=\"\/it\/gpi-flow-meter\/#06\">6.Qual \u00e8 la differenza tra il misuratore di portata gpi SUYI group e il misuratore di portata gpi Schneider Electric e il misuratore di portata gpi Badger Meter?<\/a><br \/>\n<a href=\"\/it\/gpi-flow-meter\/#07\">7.Informazioni sulla garanzia dei misuratori di portata gpi<\/a><br \/>\n<a href=\"\/it\/gpi-flow-meter\/#08\">8.Informazioni sulle capacit\u00e0 di R&amp;S dei misuratori di portata gpi<\/a><br \/>\n<a href=\"\/it\/gpi-flow-meter\/#09\">9.L'unit\u00e0 di misura del misuratore di portata gpi \u00e8 sostituibile?<\/a><br \/>\n<a href=\"\/it\/gpi-flow-meter\/#010\">10.Informazioni sulle materie prime dei misuratori di portata gpi<\/a><br \/>\n<a href=\"\/it\/gpi-flow-meter\/#11\">11.Quali sono i fluidi per i quali i misuratori di portata gpi sono principalmente utilizzati?<\/a><br \/>\n<a href=\"\/it\/gpi-flow-meter\/#12\">12.Qual \u00e8 il formato del segnale di uscita del misuratore di portata gpi?<\/a><br \/>\n<a href=\"\/it\/gpi-flow-meter\/#13\">13.Informazioni sulla storia dello sviluppo della fabbrica di misuratori di portata gpi<\/a><br \/>\n<a href=\"\/it\/gpi-flow-meter\/#14\">14.Le prestazioni antideflagranti del misuratore di portata gpi soddisfano gli standard pertinenti?<\/a><br \/>\n<a href=\"\/it\/gpi-flow-meter\/#15\">15.Per quali settori \u00e8 adatto il misuratore di portata gpi?<\/a><br \/>\n<a href=\"\/it\/gpi-flow-meter\/#16\">16.Informazioni sull'origine del misuratore di portata gpi<\/a><br \/>\n<a href=\"\/it\/gpi-flow-meter\/#17\">17.Come si collega il misuratore di portata gpi ad altri dispositivi e trasmette i dati?<\/a><\/div>\n<div id=\"01\">\n<p><strong>1.Informazioni sull'inventario dei misuratori di portata gpi<\/strong><\/p>\n<p>L'inventario dei misuratori di portata \u00e8 un sistema utilizzato per tracciare e gestire i misuratori di portata utilizzati nelle applicazioni industriali e commerciali. Viene utilizzato per monitorare le prestazioni dei misuratori di portata e per garantire che siano mantenuti e calibrati correttamente. Il sistema di inventario pu\u00f2 anche essere utilizzato per tenere traccia del costo dei misuratori di portata e per identificare eventuali problemi o problemi potenziali con i misuratori di portata.<\/p>\n<\/div>\n<div id=\"02\">\n<p><strong>2. La storia dello sviluppo della fabbrica di misuratori di portata gpi<\/strong><\/p>\n<p>La fabbrica di misuratori di portata \u00e8 stata fondata all'inizio degli anni Novanta. \u00c8 stata fondata da un gruppo di ingegneri e tecnici con una vasta esperienza nella progettazione e nella produzione di misuratori di portata. Inizialmente l'azienda si \u00e8 concentrata sulla produzione di misuratori di portata meccanici, ma ben presto ha ampliato la propria gamma di prodotti includendo anche misuratori di portata elettronici. Nel corso degli anni, l'azienda ha sviluppato un'ampia gamma di misuratori di portata per diverse applicazioni, tra cui quelle industriali, commerciali e residenziali. L'azienda ha inoltre sviluppato una serie di soluzioni software e hardware per la misurazione e il controllo del flusso. Oggi l'azienda \u00e8 uno dei principali produttori di misuratori di portata e prodotti correlati ed \u00e8 riconosciuta come leader del settore.<\/p>\n<\/div>\n<div id=\"03\">\n<p><strong>3.Informazioni sul sistema di approvvigionamento delle materie prime dei misuratori di portata gpi<\/strong><\/p>\n<p>Un sistema di approvvigionamento di materie prime per misuratori di portata \u00e8 una soluzione software progettata per semplificare il processo di acquisto delle materie prime per la produzione di misuratori di portata. Il sistema consente agli utenti di ricercare e acquistare in modo rapido e semplice i componenti necessari per la produzione dei misuratori di portata. Fornisce inoltre informazioni dettagliate sui componenti, compresi prezzi, disponibilit\u00e0 e tempi di consegna. Il sistema consente inoltre di tenere traccia degli ordini e di gestire l'inventario. Ci\u00f2 contribuisce a garantire che i componenti giusti siano sempre disponibili quando servono.<\/p>\n<\/div>\n<div id=\"04\">\n<p><strong>4.Informazioni sul sistema di gestione della produzione di misuratori di portata gpi<\/strong><\/p>\n<p>Un sistema di gestione della produzione di misuratori di portata \u00e8 una soluzione software progettata per aiutare i produttori a gestire la produzione di misuratori di portata. Il sistema pu\u00f2 essere utilizzato per seguire il processo di produzione dall'inizio alla fine, compreso l'ordine delle materie prime, l'assemblaggio dei componenti e il collaudo e la calibrazione del prodotto finito. Il sistema pu\u00f2 anche essere utilizzato per monitorare la qualit\u00e0 del processo di produzione, assicurando che i misuratori di portata soddisfino gli standard richiesti. Inoltre, il sistema pu\u00f2 essere utilizzato per generare rapporti e analizzare i dati per aiutare i produttori a migliorare i loro processi produttivi.<\/p>\n<\/div>\n<div id=\"05\">\n<p><strong>5.Informazioni sulla capacit\u00e0 di produzione del misuratore di portata gpi<\/strong><\/p>\n<p>La capacit\u00e0 produttiva dei misuratori di portata dipende dal tipo di misuratore prodotto. In genere, la capacit\u00e0 produttiva \u00e8 determinata dalle dimensioni dell'impianto di produzione, dal numero di macchine e di personale disponibili e dal tipo di misuratore di portata prodotto. Ad esempio, un impianto di produzione specializzato nella produzione di misuratori di portata a turbina pu\u00f2 avere una capacit\u00e0 produttiva superiore rispetto a un impianto che produce misuratori di portata a ultrasuoni. Inoltre, la capacit\u00e0 produttiva di un impianto pu\u00f2 essere influenzata dalla complessit\u00e0 del misuratore di portata prodotto e dalla disponibilit\u00e0 di materie prime e componenti.<\/p>\n<p><img style=\"max-width: 100%;\" title=\"Circa la capacit\u00e0 di produzione del misuratore di portata gpi\" src=\"https:\/\/www.hginstrument.com\/wp-content\/uploads\/2021\/10\/w803e-f3.jpg\" alt=\"Circa la capacit\u00e0 di produzione del misuratore di portata gpi\" \/><\/p>\n<\/div>\n<div id=\"06\">\n<p><strong>6.Qual \u00e8 la differenza tra il misuratore di portata gpi SUYI group e il misuratore di portata gpi Schneider Electric e il misuratore di portata gpi Badger Meter?<\/strong><\/p>\n<p>I misuratori di portata di SUYI Group sono tipicamente utilizzati per applicazioni industriali, come la misurazione del flusso di liquidi, gas e vapore. Sono progettati per essere affidabili e precisi e sono disponibili in una variet\u00e0 di dimensioni e materiali.<\/p>\n<p>I misuratori di portata di Schneider Electric sono progettati per applicazioni industriali e commerciali e sono disponibili in una variet\u00e0 di dimensioni e materiali. Sono progettati per essere affidabili e precisi e sono adatti a un'ampia gamma di applicazioni.<\/p>\n<p>I misuratori di portata di Badger Meter sono progettati per applicazioni industriali e commerciali e sono disponibili in una variet\u00e0 di dimensioni e materiali. Sono progettati per essere affidabili e precisi e sono adatti a un'ampia gamma di applicazioni. Offrono inoltre una serie di funzioni, come il monitoraggio remoto e la registrazione dei dati.<\/p>\n<\/div>\n<div id=\"07\">\n<p><strong>7.Informazioni sulla garanzia dei misuratori di portata gpi<\/strong><\/p>\n<p>Le garanzie dei misuratori di portata variano a seconda del produttore e del tipo di misuratore. In genere, le garanzie coprono i difetti dei materiali e della lavorazione e possono coprire anche alcuni tipi di danni causati dal normale utilizzo. Alcune garanzie possono coprire anche i danni causati da un'installazione o da un uso improprio. \u00c8 importante leggere le informazioni sulla garanzia fornite dal produttore per comprendere la copertura specifica e le limitazioni della garanzia.<\/p>\n<\/div>\n<div id=\"08\">\n<p><strong>8.Informazioni sulle capacit\u00e0 di R&amp;S dei misuratori di portata gpi<\/strong><\/p>\n<p>Le capacit\u00e0 di R&amp;S dei misuratori di portata si riferiscono alla capacit\u00e0 di un'azienda o di un'organizzazione di ricercare, sviluppare e produrre misuratori di portata. Ci\u00f2 include la capacit\u00e0 di progettare, testare e produrre misuratori di portata che soddisfino i requisiti dei clienti e gli standard del settore. Include anche la capacit\u00e0 di sviluppare nuove tecnologie e prodotti per soddisfare le mutevoli esigenze del settore. Le aziende con una forte capacit\u00e0 di ricerca e sviluppo sono in grado di essere all'avanguardia rispetto alla concorrenza e di fornire ai clienti i misuratori di portata pi\u00f9 avanzati e affidabili.<\/p>\n<\/div>\n<div id=\"09\">\n<p><strong>9.L'unit\u00e0 di misura del misuratore di portata gpi \u00e8 sostituibile?<\/strong><\/p>\n<p>In qualit\u00e0 di uno dei principali produttori di misuratori di portata gpi in Cina, prendiamo questo aspetto molto seriamente.<br \/>\nS\u00ec, l'unit\u00e0 di misura di un misuratore di portata \u00e8 sostituibile.<\/p>\n<\/div>\n<div id=\"010\">\n<p><strong>10.Informazioni sulle materie prime dei misuratori di portata gpi<\/strong><\/p>\n<p>Le materie prime dei misuratori di portata sono in genere costituite da una variet\u00e0 di metalli, plastiche e materiali compositi. I materiali pi\u00f9 comuni utilizzati nei misuratori di portata sono l'acciaio inossidabile, l'ottone, l'alluminio, il cloruro di polivinile (PVC), il polipropilene (PP) e il politetrafluoroetilene (PTFE). Il materiale utilizzato in un misuratore di portata dipende dall'applicazione e dal tipo di fluido da misurare. Ad esempio, l'acciaio inossidabile \u00e8 spesso utilizzato per la misurazione di fluidi corrosivi, mentre il PVC \u00e8 spesso utilizzato per la misurazione dell'acqua.<\/p>\n<p><img style=\"max-width: 100%;\" title=\"Informazioni sulle materie prime dei misuratori di portata gpi\" src=\"https:\/\/www.hginstrument.com\/wp-content\/uploads\/2021\/07\/sanitary-mag-1.jpg\" alt=\"Informazioni sulle materie prime dei misuratori di portata gpi\" \/><\/p>\n<\/div>\n<div id=\"11\">\n<p><strong>11.Quali sono i fluidi per i quali i misuratori di portata gpi sono principalmente utilizzati?<\/strong><\/p>\n<p>Ci concentriamo sul lavoro di squadra e sulla comunicazione per raggiungere obiettivi comuni, attribuendo grande importanza a questo dettaglio.<br \/>\nI misuratori di portata sono utilizzati principalmente per misurare il flusso di liquidi, gas e vapore.<\/p>\n<\/div>\n<div id=\"12\">\n<p><strong>12.Qual \u00e8 il formato del segnale di uscita del misuratore di portata gpi?<\/strong><\/p>\n<p>Aggiorniamo continuamente le nostre competenze e conoscenze per adattarci alle mutevoli esigenze del mercato dei misuratori di portata gpi.<br \/>\nIl formato del segnale di uscita del flussimetro dipende dal tipo di flussimetro utilizzato. I formati pi\u00f9 comuni dei segnali di uscita comprendono impulsi, frequenza, tensione e corrente.<\/p>\n<\/div>\n<div id=\"13\">\n<p><strong>13.Informazioni sulla storia dello sviluppo della fabbrica di misuratori di portata gpi<\/strong><\/p>\n<p>La fabbrica di misuratori di portata \u00e8 stata fondata all'inizio degli anni Novanta. \u00c8 stata fondata da un gruppo di ingegneri e tecnici con una vasta esperienza nella progettazione e nella produzione di misuratori di portata. Inizialmente l'azienda si \u00e8 concentrata sulla produzione di misuratori di portata meccanici, ma ben presto ha ampliato la propria gamma di prodotti includendo anche misuratori di portata elettronici. Nel corso degli anni, l'azienda ha sviluppato un'ampia gamma di misuratori di portata per diverse applicazioni, tra cui quelle industriali, commerciali e residenziali. L'azienda ha inoltre sviluppato una serie di soluzioni software e hardware per la misurazione e il controllo del flusso. Oggi l'azienda \u00e8 uno dei principali produttori di misuratori di portata e prodotti correlati ed \u00e8 riconosciuta come leader del settore.<\/p>\n<\/div>\n<div id=\"14\">\n<p><strong>14.Le prestazioni antideflagranti del misuratore di portata gpi soddisfano gli standard pertinenti?<\/strong><\/p>\n<p>S\u00ec, le prestazioni antideflagranti del flussimetro soddisfano gli standard pertinenti. Il misuratore di portata deve essere certificato da un organismo di certificazione riconosciuto per garantire che soddisfi i requisiti degli standard pertinenti.<\/p>\n<\/div>\n<div id=\"15\">\n<p><strong>15.Per quali settori \u00e8 adatto il misuratore di portata gpi?<\/strong><\/p>\n<p>Manteniamo una certa quantit\u00e0 di investimenti in R&amp;S ogni anno e miglioriamo continuamente l'efficienza operativa per fornire servizi migliori ai nostri clienti cooperativi.<br \/>\nI misuratori di portata sono adatti a un'ampia gamma di settori, tra cui petrolio e gas, acqua e acque reflue, lavorazione chimica, alimenti e bevande, farmaceutico, produzione di energia e HVAC.<\/p>\n<p><img style=\"max-width: 100%;\" title=\"Per quali settori \u00e8 adatto il misuratore di portata gpi?\" src=\"https:\/\/www.hginstrument.com\/wp-content\/uploads\/2021\/07\/in-line-pipeline-type-hgd-electromagnetic-flow-meter.jpg\" alt=\"Per quali settori \u00e8 adatto il misuratore di portata gpi?\" \/><\/p>\n<\/div>\n<div id=\"16\">\n<p><strong>16.Informazioni sull'origine del misuratore di portata gpi<\/strong><\/p>\n<p>Il primo misuratore di portata fu inventato nel 1832 da un inglese di nome William Henry. Egli svilupp\u00f2 un dispositivo che utilizzava un galleggiante per misurare il flusso dell'acqua in un tubo. Questo dispositivo fu il primo del suo genere e fu il precursore dei moderni misuratori di portata. Da allora, i misuratori di portata sono stati utilizzati in diversi settori per misurare il flusso di liquidi, gas e altri materiali. Oggi i misuratori di portata sono utilizzati in una variet\u00e0 di applicazioni, dalla misurazione del flusso d'acqua in una tubatura alla misurazione del flusso di petrolio in una raffineria.<\/p>\n<\/div>\n<div id=\"17\">\n<p><strong>17.Come si collega il misuratore di portata gpi ad altri dispositivi e trasmette i dati?<\/strong><\/p>\n<p>Il misuratore di portata gpi non \u00e8 solo un prodotto, ma pu\u00f2 anche aiutare a fare soldi.<br \/>\nI misuratori di portata possono collegarsi ad altri dispositivi e trasmettere dati attraverso una serie di metodi, tra cui connessioni cablate, connessioni wireless e protocolli di comunicazione seriale. Le connessioni cablate possono includere RS-232, RS-485 e USB. Le connessioni wireless possono includere Bluetooth, Wi-Fi e reti cellulari. I protocolli di comunicazione seriale possono includere Modbus, HART e Profibus.<\/p>\n<\/div>\n<p>&nbsp;<\/p>\n<p>Tag\uff1a<a href=\"\/it\/magnetic-flow-meter\/water-flow-meter-inline\/\">misuratore di portata d'acqua in linea<\/a>,<a href=\"\/it\/magnetic-flow-meter\/industrial-water-flow-meter\/\">misuratore di portata d'acqua industriale<\/a>,<a href=\"\/it\/magnetic-flow-meter\/gpi-flow-meter-calibration\/\">Calibrazione del misuratore di portata gpi<\/a>,<a href=\"\/it\/magnetic-flow-meter\/2-turbine-flow-meter\/\">2 misuratori di portata a turbina<\/a>,<a href=\"\/it\/magnetic-flow-meter\/key-instruments-flow-meter\/\">strumenti chiave misuratore di portata<\/a><\/p>\n<p>&nbsp;<\/p>","protected":false},"excerpt":{"rendered":"<p><strong>Dati tecnici<\/strong><br \/>\nPu\u00f2 servire fluidi liquidi o gassosi; di solito viene utilizzato per misurare il flusso di vapore, aria e gas naturale.<br \/>\nDimensioni del contatore: Tipo in linea: DN25 - DN300<br \/>\nOpzione materiale bagnato: SS304, SS316<br \/>\nTemperatura di funzionamento: \u2264250\u2103<br \/>\nConnessione al processo: Wafer \/ Flangia \/ Tri-clamp per il tipo in linea<br \/>\nPrecisione di misura: 1,0 % - 1,5% del campo di calibrazione<br \/>\nIndicatore digitale: visualizzazione del flusso istantaneo, del flusso totale<br \/>\nAlimentazione: 24VDC, Uscita: 4-20mA<\/p>\n<p><strong>caratteristiche<\/strong><br \/>\n1.Punti di attivazione\/disattivazione regolabili<br \/>\n2. Modalit\u00e0 di allarme flusso Hi o Lo<br \/>\n3. Ritardo regolabile<br \/>\n4.LED di stato del rel\u00e8<\/p>","protected":false},"featured_media":3691,"comment_status":"closed","ping_status":"closed","template":"","meta":[],"product_cat":[2372],"product_tag":[],"acf":[],"_links":{"self":[{"href":"https:\/\/www.hginstrument.com\/it\/wp-json\/wp\/v2\/product\/5390"}],"collection":[{"href":"https:\/\/www.hginstrument.com\/it\/wp-json\/wp\/v2\/product"}],"about":[{"href":"https:\/\/www.hginstrument.com\/it\/wp-json\/wp\/v2\/types\/product"}],"replies":[{"embeddable":true,"href":"https:\/\/www.hginstrument.com\/it\/wp-json\/wp\/v2\/comments?post=5390"}],"wp:featuredmedia":[{"embeddable":true,"href":"https:\/\/www.hginstrument.com\/it\/wp-json\/wp\/v2\/media\/3691"}],"wp:attachment":[{"href":"https:\/\/www.hginstrument.com\/it\/wp-json\/wp\/v2\/media?parent=5390"}],"wp:term":[{"taxonomy":"product_cat","embeddable":true,"href":"https:\/\/www.hginstrument.com\/it\/wp-json\/wp\/v2\/product_cat?post=5390"},{"taxonomy":"product_tag","embeddable":true,"href":"https:\/\/www.hginstrument.com\/it\/wp-json\/wp\/v2\/product_tag?post=5390"}],"curies":[{"name":"wp","href":"https:\/\/api.w.org\/{rel}","templated":true}]}}