{"id":5428,"date":"2023-12-24T06:09:09","date_gmt":"2023-12-23T22:09:09","guid":{"rendered":"https:\/\/www.hginstrument.com\/?post_type=product&#038;p=5428"},"modified":"2024-01-04T16:27:41","modified_gmt":"2024-01-04T08:27:41","slug":"handheld-gas-flow-meter","status":"publish","type":"product","link":"https:\/\/www.hginstrument.com\/it\/magnetic-flow-meter\/handheld-gas-flow-meter\/","title":{"rendered":"misuratore portatile di portata del gas"},"content":{"rendered":"<p>handheld gas flow meter is a precise and reliable technology used to measure the flow rate of a fluid. It accurately measures the volume, mass or velocity of the fluid passing through a specific point in a given period of time. handheld gas flow meter is designed with advanced features such as a high-resolution display, digital signal processing, and real-time data logging.<\/p>\n<p>At the heart of handheld gas flow meter is technology that measures and records flow, providing accurate and reliable readings. There are different types of handheld gas flow meter including magnetic, ultrasonic, Optical flow meter, Coriolis and turbine, each designed for specific applications and fluid types.<\/p>\n<p>One of the most advanced and widely used handheld gas flow meter is the electromagnetic handheld gas flow meter. It works on Faraday&#8217;s law of electromagnetic induction and is able to measure the flow of conducting fluids with incredible accuracy and repeatability. It is suitable for use with a variety of fluids, including water, chemicals, Semiconductor manufacturing and mud.<\/p>\n<table class=\"table table-bordered\">\n<tbody>\n<tr>\n<td><span style=\"vertical-align: inherit;\"><span style=\"vertical-align: inherit;\">Tipo: il tipo<\/span><\/span><\/td>\n<td><span style=\"vertical-align: inherit;\">misuratore portatile di portata del gas<\/span><\/td>\n<td><span style=\"vertical-align: inherit;\"><span style=\"vertical-align: inherit;\">Segnale d'uscita: segnale d'uscita<\/span><\/span><\/td>\n<td><span style=\"vertical-align: inherit;\"><span style=\"vertical-align: inherit;\">4-20 mA, impulsi\/frequenza 2kHz (default), 5KHz (max)<\/span><\/span><\/td>\n<\/tr>\n<tr>\n<td><span style=\"vertical-align: inherit;\"><span style=\"vertical-align: inherit;\">Luogo di origine: il luogo di origine<\/span><\/span><\/td>\n<td><span style=\"vertical-align: inherit;\"><span style=\"vertical-align: inherit;\">Jiangsu, Cina<\/span><\/span><\/td>\n<td><span style=\"vertical-align: inherit;\"><span style=\"vertical-align: inherit;\">Incorporare il tipo: il tipo<\/span><\/span><\/td>\n<td><span style=\"vertical-align: inherit;\"><span style=\"vertical-align: inherit;\">-10\u2103- +50\u2103<\/span><\/span><\/td>\n<\/tr>\n<tr>\n<td><span style=\"vertical-align: inherit;\"><span style=\"vertical-align: inherit;\">Garanzia: garanzia<\/span><\/span><\/td>\n<td><span style=\"vertical-align: inherit;\"><span style=\"vertical-align: inherit;\">13 mesi<\/span><\/span><\/td>\n<td><span style=\"vertical-align: inherit;\"><span style=\"vertical-align: inherit;\">Tensione di alimentazione: tensione di alimentazione<\/span><\/span><\/td>\n<td><span style=\"vertical-align: inherit;\"><span style=\"vertical-align: inherit;\">110\/220VAC (100-240VAC), 50Hz\/60Hz; 24VDC\u00b110%<\/span><\/span><\/td>\n<\/tr>\n<tr>\n<td><span style=\"vertical-align: inherit;\"><span style=\"vertical-align: inherit;\">Supporto personalizzato\uff1aSupporto personalizzato<\/span><\/span><\/td>\n<td><span style=\"vertical-align: inherit;\"><span style=\"vertical-align: inherit;\">OEM, ODM, OBM<\/span><\/span><\/td>\n<td><span style=\"vertical-align: inherit;\"><span style=\"vertical-align: inherit;\">Comunicazione digitale: comunicazione digitale<\/span><\/span><\/td>\n<td><span style=\"vertical-align: inherit;\"><span style=\"vertical-align: inherit;\">RS-485, supporto del protocollo standard Mudbugs-RTU; GPRS<\/span><\/span><\/td>\n<\/tr>\n<tr>\n<td><span style=\"vertical-align: inherit;\"><span style=\"vertical-align: inherit;\">Nome della marca: Nome della marca: Nome della marca: Nome della marca: Nome della marca: Nome della marca<\/span><\/span><\/td>\n<td><span style=\"vertical-align: inherit;\"><span style=\"vertical-align: inherit;\">GRUPPO SUYI<\/span><\/span><\/td>\n<td><span style=\"vertical-align: inherit;\"><span style=\"vertical-align: inherit;\">Pressione nominale: pressione nominale<\/span><\/span><\/td>\n<td><span style=\"vertical-align: inherit;\"><span style=\"vertical-align: inherit;\">1MPa (DN15-DN800), 1,6MPa (DN15-DN800), 2,5MPa (DN15-DN600)<\/span><\/span><\/td>\n<\/tr>\n<tr>\n<td><span style=\"vertical-align: inherit;\"><span style=\"vertical-align: inherit;\">Numero di modello: Numero di modello: Numero di modello: Numero di modello: Numero di modello: Numero di modello<\/span><\/span><\/td>\n<td><span style=\"vertical-align: inherit;\"><span style=\"vertical-align: inherit;\">altro<\/span><\/span><\/td>\n<td><span style=\"vertical-align: inherit;\"><span style=\"vertical-align: inherit;\">Sensore: sensore<\/span><\/span><\/td>\n<td><span style=\"vertical-align: inherit;\"><span style=\"vertical-align: inherit;\">0\u2103- +80\u2103 o -25\u2103- +120\u2103 o +70\u2103- +250\u2103<\/span><\/span><\/td>\n<\/tr>\n<tr>\n<td><span style=\"vertical-align: inherit;\"><span style=\"vertical-align: inherit;\">Nome del prodotto: Nome del prodotto: Nome del prodotto: Nome del prodotto: Nome del prodotto: Nome del prodotto<\/span><\/span><\/td>\n<td><span style=\"vertical-align: inherit;\"><span style=\"vertical-align: inherit;\">Misuratore di portata dell'acqua chimica digitale intelligente elettromagnetico<\/span><\/span><\/td>\n<td><span style=\"vertical-align: inherit;\"><span style=\"vertical-align: inherit;\">Dettagli dell'imballaggio:<\/span><\/span><\/td>\n<td><span style=\"vertical-align: inherit;\"><span style=\"vertical-align: inherit;\">1 set per confezione o come richiesto dal cliente<\/span><\/span><\/td>\n<\/tr>\n<tr>\n<td><span style=\"vertical-align: inherit;\"><span style=\"vertical-align: inherit;\">Diametro nominale: diametro nominale<\/span><\/span><\/td>\n<td><span style=\"vertical-align: inherit;\"><span style=\"vertical-align: inherit;\">3-2553mm<\/span><\/span><\/td>\n<td><span style=\"vertical-align: inherit;\"><span style=\"vertical-align: inherit;\">Capacit\u00e0 di approvvigionamento<\/span><\/span><\/td>\n<td><span style=\"vertical-align: inherit;\"><span style=\"vertical-align: inherit;\">1613 Set\/Sets per Month<\/span><\/span><\/td>\n<\/tr>\n<tr>\n<td><span style=\"vertical-align: inherit;\"><span style=\"vertical-align: inherit;\">gamma di velocit\u00e0: il campo di velocit\u00e0<\/span><\/span><\/td>\n<td><span style=\"vertical-align: inherit;\"><span style=\"vertical-align: inherit;\">0-8m\/s<\/span><\/span><\/td>\n<td><span style=\"vertical-align: inherit;\"><span style=\"vertical-align: inherit;\">Quantit\u00e0 (set)<\/span><\/span><\/td>\n<td><span style=\"vertical-align: inherit;\"><span style=\"vertical-align: inherit;\">&gt; 30<\/span><\/span><\/td>\n<\/tr>\n<tr>\n<td><span style=\"vertical-align: inherit;\"><span style=\"vertical-align: inherit;\">Grado di accuratezza: il grado di accuratezza<\/span><\/span><\/td>\n<td><span style=\"vertical-align: inherit;\"><span style=\"vertical-align: inherit;\">\u00b10,5%R, \u00b11%R ( &lt; DN20)<\/span><\/span><\/td>\n<td><span style=\"vertical-align: inherit;\"><span style=\"vertical-align: inherit;\">Tempi di consegna (giorni)<\/span><\/span><\/td>\n<td><span style=\"vertical-align: inherit;\"><span style=\"vertical-align: inherit;\">Da negoziare<\/span><\/span><\/td>\n<\/tr>\n<\/tbody>\n<\/table>\n<p>&nbsp;<\/p>\n<p>&nbsp;<\/p>\n<p style=\"text-align: center;\"><img title=\"misuratore portatile di portata del gas\" src=\"https:\/\/www.hginstrument.com\/wp-content\/uploads\/2021\/07\/in-line-pipeline-type-hgd-electromagnetic-flow-meter.jpg\" \/><\/p>\n<p>&nbsp;<\/p>\n<p>&nbsp;<\/p>\n<p style=\"text-align: center;\"><img title=\"misuratore portatile di portata del gas\" src=\"https:\/\/www.hginstrument.com\/wp-content\/uploads\/2021\/07\/insertion-01.jpg\" \/><\/p>\n<p>&nbsp;<\/p>\n<p>&nbsp;<\/p>\n<p style=\"text-align: center;\"><img title=\"misuratore portatile di portata del gas\" src=\"https:\/\/www.hginstrument.com\/wp-content\/uploads\/2021\/07\/sanitary-mag-1.jpg\" \/><\/p>\n<p><strong>handheld gas flow meter FAQs Guide.<\/strong><\/p>\n<p>At the heart of our handheld gas flow meter series lies a commitment to excellence, blending advanced sensor technology with user-friendly interfaces. From liquid to gas, our meters deliver unparalleled accuracy, empowering you to make informed decisions and streamline operations. As we usher in a new era of fluid measurement, we invite you to explore the limitless possibilities that our handheld gas flow meters unlock \u2013 where precision meets performance, and innovation flows seamlessly.<\/p>\n<div style=\"border: 3px solid #f89900; margin: 20px 0; padding: 20px;\"><a href=\"\/it\/handheld-gas-flow-meter\/#01\">1.About handheld gas flow meter quality system<\/a><br \/>\n<a href=\"\/it\/handheld-gas-flow-meter\/#02\">2.Can handheld gas flow meter be monitored remotely?<\/a><br \/>\n<a href=\"\/it\/handheld-gas-flow-meter\/#03\">3.About handheld gas flow meter delivery date<\/a><br \/>\n<a href=\"\/it\/handheld-gas-flow-meter\/#04\">4.About handheld gas flow meter delivery date<\/a><br \/>\n<a href=\"\/it\/handheld-gas-flow-meter\/#05\">5.About handheld gas flow meter warranty<\/a><br \/>\n<a href=\"\/it\/handheld-gas-flow-meter\/#06\">6.Does the handheld gas flow meter have a function to prevent misuse?<\/a><br \/>\n<a href=\"\/it\/handheld-gas-flow-meter\/#07\">7.About handheld gas flow meter patent<\/a><br \/>\n<a href=\"\/it\/handheld-gas-flow-meter\/#08\">8.What is the difference between handheld gas flow meter SUYI group vs handheld gas flow meter Endress+Hauser vs handheld gas flow meter KROHNE<\/a><br \/>\n<a href=\"\/it\/handheld-gas-flow-meter\/#09\">9.Does the handheld gas flow meter have an automatic alarm function?<\/a><br \/>\n<a href=\"\/it\/handheld-gas-flow-meter\/#010\">10.What are the installation methods of handheld gas flow meter?<\/a><br \/>\n<a href=\"\/it\/handheld-gas-flow-meter\/#11\">11.About handheld gas flow meter customization services<\/a><br \/>\n<a href=\"\/it\/handheld-gas-flow-meter\/#12\">12.About handheld gas flow meter overseas warehouse<\/a><br \/>\n<a href=\"\/it\/handheld-gas-flow-meter\/#13\">13.What is the operating temperature range of the handheld gas flow meter?<\/a><br \/>\n<a href=\"\/it\/handheld-gas-flow-meter\/#14\">14.About handheld gas flow meter payment method<\/a><br \/>\n<a href=\"\/it\/handheld-gas-flow-meter\/#15\">15.About handheld gas flow meter origin<\/a><br \/>\n<a href=\"\/it\/handheld-gas-flow-meter\/#16\">16.What is the difference between handheld gas flow meter SUYI group vs handheld gas flow meter Emerson vs handheld gas flow meter Honeywell<\/a><br \/>\n<a href=\"\/it\/handheld-gas-flow-meter\/#17\">17.What are the common types of handheld gas flow meters?<\/a><\/div>\n<div id=\"01\">\n<p><strong>1.About handheld gas flow meter quality system<\/strong><\/p>\n<p>Il sistema di qualit\u00e0 dei misuratori di portata \u00e8 un insieme di processi e procedure utilizzati per garantire che i misuratori di portata siano prodotti e testati per soddisfare i pi\u00f9 elevati standard di precisione e affidabilit\u00e0. Il sistema comprende misure di controllo della qualit\u00e0 come l'ispezione del materiale in entrata, l'ispezione in corso di lavorazione e il collaudo del prodotto finale. Include anche la documentazione e la tenuta dei registri per garantire che tutti i processi siano seguiti e che eventuali problemi siano affrontati in modo rapido ed efficace. Il sistema \u00e8 progettato per garantire che i misuratori di portata prodotti siano della massima qualit\u00e0 e soddisfino i requisiti del cliente.<\/p>\n<\/div>\n<div id=\"02\">\n<p><strong>2.Can handheld gas flow meter be monitored remotely?<\/strong><\/p>\n<p>We are a professional handheld gas flow meter company dedicated to providing high quality products and services.<br \/>\nS\u00ec, i misuratori di portata possono essere monitorati a distanza. Molti misuratori di portata moderni sono dotati di funzionalit\u00e0 di comunicazione wireless, che consentono di monitorarli a distanza tramite un computer o un dispositivo mobile. Inoltre, alcuni misuratori di portata sono dotati di funzionalit\u00e0 di comunicazione cellulare o satellitare, che consentono di monitorarli praticamente ovunque.<\/p>\n<\/div>\n<div id=\"03\">\n<p><strong>3.About handheld gas flow meter delivery date<\/strong><\/p>\n<p>La data di consegna di un misuratore di portata dipende dal tipo di misuratore, dal produttore e dalla disponibilit\u00e0 del prodotto. In genere, la maggior parte dei misuratori di portata pu\u00f2 essere consegnata entro pochi giorni o poche settimane. Tuttavia, alcuni misuratori di portata specializzati possono richiedere tempi di consegna pi\u00f9 lunghi. \u00c8 meglio contattare direttamente il produttore per ottenere una data di consegna precisa.<\/p>\n<\/div>\n<div id=\"04\">\n<p><strong>4.About handheld gas flow meter delivery date<\/strong><\/p>\n<p>La data di consegna di un misuratore di portata dipende dal tipo di misuratore, dal produttore e dalla disponibilit\u00e0 del prodotto. In genere, la maggior parte dei misuratori di portata pu\u00f2 essere consegnata entro pochi giorni o poche settimane. Tuttavia, alcuni misuratori di portata specializzati possono richiedere tempi di consegna pi\u00f9 lunghi. \u00c8 meglio contattare direttamente il produttore per ottenere una data di consegna precisa.<\/p>\n<\/div>\n<div id=\"05\">\n<p><strong>5.About handheld gas flow meter warranty<\/strong><\/p>\n<p>Le garanzie dei misuratori di portata variano a seconda del produttore e del tipo di misuratore. In genere, le garanzie coprono i difetti dei materiali e della lavorazione e possono coprire anche alcuni tipi di danni causati dal normale utilizzo. Alcune garanzie possono coprire anche i danni causati da un'installazione o da un uso improprio. \u00c8 importante leggere le informazioni sulla garanzia fornite dal produttore per comprendere la copertura specifica e le limitazioni della garanzia.<\/p>\n<p><img style=\"max-width: 100%;\" title=\"About handheld gas flow meter warranty\" src=\"https:\/\/www.hginstrument.com\/wp-content\/uploads\/2021\/07\/hgrs-1.jpg\" alt=\"About handheld gas flow meter warranty\" \/><\/p>\n<\/div>\n<div id=\"06\">\n<p><strong>6.Does the handheld gas flow meter have a function to prevent misuse?<\/strong><\/p>\n<p>As one of the handheld gas flow meter market leaders, we are known for innovation and reliability.<br \/>\nLa maggior parte dei misuratori di portata non ha una funzione di prevenzione dell'uso improprio, ma alcuni modelli possono avere caratteristiche che aiutano a ridurre il rischio di uso improprio. Ad esempio, alcuni misuratori di portata possono avere una funzione di blocco che impedisce agli utenti non autorizzati di modificare le impostazioni o di accedere ai dati. Inoltre, alcuni misuratori di portata possono avere una funzione di protezione con password che richiede all'utente di inserire una password prima di poter accedere ai dati o alle impostazioni.<\/p>\n<\/div>\n<div id=\"07\">\n<p><strong>7.About handheld gas flow meter patent<\/strong><\/p>\n<p>I brevetti sui misuratori di portata sono brevetti che coprono la progettazione e il funzionamento dei misuratori di portata. I misuratori di portata sono dispositivi utilizzati per misurare la velocit\u00e0 di flusso di un liquido o di un gas. I misuratori di portata sono utilizzati in diversi settori, tra cui il trattamento delle acque e delle acque reflue, il petrolio e il gas e il trattamento chimico. I misuratori di portata sono utilizzati per misurare la portata di un fluido, il volume totale di un fluido e la pressione di un fluido. I misuratori di portata possono essere meccanici, elettrici o ottici. I flussimetri possono essere utilizzati per misurare il flusso di liquidi, gas e vapore.<\/p>\n<\/div>\n<div id=\"08\">\n<p><strong>8.What is the difference between handheld gas flow meter SUYI group vs handheld gas flow meter Endress+Hauser vs handheld gas flow meter KROHNE<\/strong><\/p>\n<p>I misuratori di portata di SUYI Group, Endress+Hauser e KROHNE misurano tutti la portata di un liquido o di un gas. Tuttavia, ogni produttore offre diversi tipi di misuratori di portata con caratteristiche e capacit\u00e0 differenti.<\/p>\n<p>SUYI Group offre una variet\u00e0 di misuratori di portata, tra cui misuratori di portata elettromagnetici, a ultrasuoni e a vortice. Questi misuratori sono progettati per un'ampia gamma di applicazioni, tra cui acqua, olio e gas.<\/p>\n<p>Endress+Hauser offre una gamma di misuratori di portata, tra cui misuratori Coriolis, vortex e a ultrasuoni. Questi misuratori sono progettati per una variet\u00e0 di applicazioni, tra cui acqua, olio e gas.<\/p>\n<p>KROHNE offre una gamma di misuratori di portata, tra cui misuratori Coriolis, vortex e a ultrasuoni. Questi misuratori sono progettati per una variet\u00e0 di applicazioni, tra cui acqua, olio e gas. KROHNE offre anche una gamma di misuratori di portata specializzati, come OPTIFLUX e OPTISWIRL, progettati per applicazioni specifiche.<\/p>\n<\/div>\n<div id=\"09\">\n<p><strong>9.Does the handheld gas flow meter have an automatic alarm function?<\/strong><\/p>\n<p>Aderiamo al principio della qualit\u00e0 prima di tutto e disponiamo di un sistema completo di gestione della qualit\u00e0 della produzione e di un processo di ispezione della qualit\u00e0.<br \/>\nMolti misuratori di portata dispongono di una funzione di allarme automatico, ma ci\u00f2 dipende dal modello specifico. \u00c8 meglio controllare le specifiche del prodotto per determinare se il misuratore di portata che si sta considerando \u00e8 dotato di questa funzione.<\/p>\n<\/div>\n<div id=\"010\">\n<p><strong>10.What are the installation methods of handheld gas flow meter?<\/strong><\/p>\n<p>Our mission is to provide customers with the best solutions for handheld gas flow meter.<br \/>\n1. Installazione in linea: \u00c8 il tipo di installazione pi\u00f9 comune per i misuratori di portata. Consiste nel collocare il misuratore di portata direttamente nel tubo o nel condotto in cui scorre il fluido.<\/p>\n<p>2. Installazione a inserimento: Questo tipo di installazione prevede l'inserimento del misuratore di portata nel tubo o nel condotto. In genere si utilizza una flangia o un raccordo.<\/p>\n<p>3. Installazione a canale aperto: Questo tipo di installazione si utilizza quando il flusso si trova in un canale aperto, come un fiume o un torrente. Il misuratore di portata viene posizionato nel canale e misura la portata.<\/p>\n<p>4. Installazione sommersa: Questo tipo di installazione si utilizza quando il flusso si trova in un ambiente sommerso, come un pozzo o un serbatoio. Il misuratore di portata viene inserito nell'acqua e misura la portata.<\/p>\n<p><img style=\"max-width: 100%;\" title=\"What are the installation methods of handheld gas flow meter?\" src=\"https:\/\/www.hginstrument.com\/wp-content\/uploads\/2021\/07\/hgtf-6.jpg\" alt=\"What are the installation methods of handheld gas flow meter?\" \/><\/p>\n<\/div>\n<div id=\"11\">\n<p><strong>11.About handheld gas flow meter customization services<\/strong><\/p>\n<p>I servizi di personalizzazione dei misuratori di portata sono progettati per fornire ai clienti una soluzione su misura per le loro specifiche esigenze di misurazione del flusso. Questi servizi possono includere la personalizzazione del misuratore di portata per adattarlo a una particolare applicazione, come una specifica dimensione del tubo o portata, o per soddisfare un determinato requisito di precisione. I servizi di personalizzazione possono anche comprendere la modifica del misuratore di portata per includere caratteristiche aggiuntive, come un display o funzionalit\u00e0 di registrazione dei dati. I servizi di personalizzazione dei misuratori di portata possono includere anche l'installazione del misuratore di portata, nonch\u00e9 la fornitura di assistenza tecnica e manutenzione.<\/p>\n<\/div>\n<div id=\"12\">\n<p><strong>12.About handheld gas flow meter overseas warehouse<\/strong><\/p>\n<p>I magazzini esteri di misuratori di portata sono magazzini situati in paesi stranieri che immagazzinano misuratori di portata e prodotti correlati. Questi magazzini sono utilizzati per immagazzinare e distribuire i misuratori di portata ai clienti in diversi Paesi. In genere sono situati in paesi che hanno una grande richiesta di misuratori di portata, come gli Stati Uniti, il Canada e l'Europa. I magazzini sono solitamente di propriet\u00e0 e gestiti dal produttore dei misuratori di portata o da un fornitore di logistica terzo. I magazzini sono in genere forniti di una variet\u00e0 di misuratori di portata, compresi quelli digitali, analogici e a ultrasuoni. Inoltre, in genere, conservano parti di ricambio e accessori per i misuratori di portata.<\/p>\n<\/div>\n<div id=\"13\">\n<p><strong>13.What is the operating temperature range of the handheld gas flow meter?<\/strong><\/p>\n<p>We have established a good reputation and reliable partnerships within the handheld gas flow meter industry.<br \/>\nLa temperatura di esercizio del misuratore di portata \u00e8 compresa tra -40\u00b0F e 140\u00b0F (-40\u00b0C e 60\u00b0C).<\/p>\n<\/div>\n<div id=\"14\">\n<p><strong>14.About handheld gas flow meter payment method<\/strong><\/p>\n<p>Il pagamento tramite contatore di flusso \u00e8 un metodo di pagamento che utilizza un contatore di flusso per misurare la quantit\u00e0 di energia utilizzata da un cliente. Il cliente paga l'energia utilizzata in base alla quantit\u00e0 di energia misurata dal contatore. Questo metodo di pagamento \u00e8 spesso utilizzato in ambienti commerciali e industriali, dove il consumo di energia \u00e8 elevato e deve essere monitorato con precisione. Il pagamento tramite contatore di flusso \u00e8 utilizzato anche in alcuni contesti residenziali, dove i clienti possono pagare per il loro utilizzo di energia in base alla quantit\u00e0 di energia che utilizzano.<\/p>\n<\/div>\n<div id=\"15\">\n<p><strong>15.About handheld gas flow meter origin<\/strong><\/p>\n<p>Il primo misuratore di portata fu inventato nel 1832 da un inglese di nome William Henry. Egli svilupp\u00f2 un dispositivo che utilizzava un galleggiante per misurare il flusso dell'acqua in un tubo. Questo dispositivo fu il primo del suo genere e fu il precursore dei moderni misuratori di portata. Da allora, i misuratori di portata sono stati utilizzati in diversi settori per misurare il flusso di liquidi, gas e altri materiali. Oggi i misuratori di portata sono utilizzati in una variet\u00e0 di applicazioni, dalla misurazione del flusso d'acqua in una tubatura alla misurazione del flusso di petrolio in una raffineria.<\/p>\n<p><img style=\"max-width: 100%;\" title=\"About handheld gas flow meter origin\" src=\"https:\/\/www.hginstrument.com\/wp-content\/uploads\/2021\/07\/hluc-1.jpg\" alt=\"About handheld gas flow meter origin\" \/><\/p>\n<\/div>\n<div id=\"16\">\n<p><strong>16.What is the difference between handheld gas flow meter SUYI group vs handheld gas flow meter Emerson vs handheld gas flow meter Honeywell<\/strong><\/p>\n<p>I misuratori di portata di SUYI Group, Emerson e Honeywell misurano tutti il flusso di liquidi e gas, ma differiscono in termini di precisione, caratteristiche e costo. I misuratori di portata di SUYI Group sono in genere i pi\u00f9 convenienti, ma potrebbero non avere la stessa precisione o le stesse funzioni dei modelli pi\u00f9 costosi di Emerson e Honeywell. I misuratori di portata Emerson sono noti per la loro precisione e affidabilit\u00e0, ma possono essere pi\u00f9 costosi di altri marchi. I misuratori di portata Honeywell sono noti per le loro funzioni avanzate e la loro precisione, ma possono essere i pi\u00f9 costosi dei tre.<\/p>\n<\/div>\n<div id=\"17\">\n<p><strong>17.What are the common types of handheld gas flow meters?<\/strong><\/p>\n<p>Our mission is to provide customers with the best solutions for handheld gas flow meter.<br \/>\n1. Misuratori di portata a pressione differenziale<br \/>\n2. Misuratori di portata a spostamento positivo<br \/>\n3. Misuratori di portata a turbina<br \/>\n4. Misuratori di portata magnetici<br \/>\n5. Misuratori di portata a ultrasuoni<br \/>\n6. Misuratori di portata Coriolis<br \/>\n7. Misuratori di portata a vortice<br \/>\n8. Misuratori di portata target<br \/>\n9. Misuratori di portata ad area variabile<br \/>\n10. Misuratori di portata massica<\/p>\n<\/div>\n<p>&nbsp;<\/p>\n<p>Tag\uff1a<a href=\"\/it\/magnetic-flow-meter\/flo-tech-hydraulic-flow-meter\/\">misuratore di portata idraulica flo-tech<\/a>,<a href=\"\/it\/magnetic-flow-meter\/flo-tech-flow-meter\/\">misuratore di portata flo-tech<\/a>,<a href=\"\/it\/magnetic-flow-meter\/ac-flow-meter\/\">misuratore di portata ac<\/a>,<a href=\"\/it\/magnetic-flow-meter\/oxygen-regulator-with-flow-meter\/\">regolatore di ossigeno con flussometro<\/a>,<a href=\"\/it\/magnetic-flow-meter\/co2-flow-meter-regulator\/\">Regolatore di flusso co2<\/a><\/p>\n<p>&nbsp;<\/p>","protected":false},"excerpt":{"rendered":"<p><strong>Dati tecnici<\/strong><br \/>\nPu\u00f2 servire fluidi liquidi o gassosi; di solito viene utilizzato per misurare il flusso di vapore, aria e gas naturale.<br \/>\nDimensioni del contatore: Tipo in linea: DN25 - DN300<br \/>\nOpzione materiale bagnato: SS304, SS316<br \/>\nTemperatura di funzionamento: \u2264250\u2103<br \/>\nConnessione al processo: Wafer \/ Flangia \/ Tri-clamp per il tipo in linea<br \/>\nPrecisione di misura: 1,0 % - 1,5% del campo di calibrazione<br \/>\nIndicatore digitale: visualizzazione del flusso istantaneo, del flusso totale<br \/>\nAlimentazione: 24VDC, Uscita: 4-20mA<\/p>\n<p><strong>caratteristiche<\/strong><br \/>\n1.Punti di attivazione\/disattivazione regolabili<br \/>\n2. Modalit\u00e0 di allarme flusso Hi o Lo<br \/>\n3. Ritardo regolabile<br \/>\n4.LED di stato del rel\u00e8<\/p>","protected":false},"featured_media":3691,"comment_status":"closed","ping_status":"closed","template":"","meta":[],"product_cat":[2372],"product_tag":[],"acf":[],"_links":{"self":[{"href":"https:\/\/www.hginstrument.com\/it\/wp-json\/wp\/v2\/product\/5428"}],"collection":[{"href":"https:\/\/www.hginstrument.com\/it\/wp-json\/wp\/v2\/product"}],"about":[{"href":"https:\/\/www.hginstrument.com\/it\/wp-json\/wp\/v2\/types\/product"}],"replies":[{"embeddable":true,"href":"https:\/\/www.hginstrument.com\/it\/wp-json\/wp\/v2\/comments?post=5428"}],"wp:featuredmedia":[{"embeddable":true,"href":"https:\/\/www.hginstrument.com\/it\/wp-json\/wp\/v2\/media\/3691"}],"wp:attachment":[{"href":"https:\/\/www.hginstrument.com\/it\/wp-json\/wp\/v2\/media?parent=5428"}],"wp:term":[{"taxonomy":"product_cat","embeddable":true,"href":"https:\/\/www.hginstrument.com\/it\/wp-json\/wp\/v2\/product_cat?post=5428"},{"taxonomy":"product_tag","embeddable":true,"href":"https:\/\/www.hginstrument.com\/it\/wp-json\/wp\/v2\/product_tag?post=5428"}],"curies":[{"name":"wp","href":"https:\/\/api.w.org\/{rel}","templated":true}]}}