{"id":5471,"date":"2023-12-24T07:43:23","date_gmt":"2023-12-23T23:43:23","guid":{"rendered":"https:\/\/www.hginstrument.com\/?post_type=product&#038;p=5471"},"modified":"2024-01-03T11:01:57","modified_gmt":"2024-01-03T03:01:57","slug":"hot-water-flow-meter","status":"publish","type":"product","link":"https:\/\/www.hginstrument.com\/it\/magnetic-flow-meter\/hot-water-flow-meter\/","title":{"rendered":"hot water flow meter"},"content":{"rendered":"<p>This advanced device is designed to measure the quantity and velocity of liquid, gas, or steam as it passes through a pipe or duct. With its state-of-the-art technology and superior performance, hot water flow meter offers precise and reliable measurements that help optimize processes and improve efficiency.<\/p>\n<p>hot water flow meter is equipped with a user-friendly interface that allows for easy operation and monitoring. It also offers a variety of installation options, including inline, insertion, and clamp-on, making it suitable for a wide range of pipelines and systems. Additionally, it is compatible with various communication protocols and can be integrated into existing systems seamlessly.<\/p>\n<p>Our hot water flow meter comes with advanced data logging capabilities, allowing you to store and analyze flow data in real-time. It also has the ability to generate detailed reports and charts for better data visualization and analysis. With these features, you can track and optimize your flow processes for improved efficiency and cost-effectiveness.<\/p>\n<table class=\"table table-bordered\">\n<tbody>\n<tr>\n<td><span style=\"vertical-align: inherit;\"><span style=\"vertical-align: inherit;\">Tipo: il tipo<\/span><\/span><\/td>\n<td><span style=\"vertical-align: inherit;\">hot water flow meter<\/span><\/td>\n<td><span style=\"vertical-align: inherit;\"><span style=\"vertical-align: inherit;\">Segnale d'uscita: segnale d'uscita<\/span><\/span><\/td>\n<td><span style=\"vertical-align: inherit;\"><span style=\"vertical-align: inherit;\">4-20 mA, impulsi\/frequenza 2kHz (default), 5KHz (max)<\/span><\/span><\/td>\n<\/tr>\n<tr>\n<td><span style=\"vertical-align: inherit;\"><span style=\"vertical-align: inherit;\">Luogo di origine: il luogo di origine<\/span><\/span><\/td>\n<td><span style=\"vertical-align: inherit;\"><span style=\"vertical-align: inherit;\">Jiangsu, Cina<\/span><\/span><\/td>\n<td><span style=\"vertical-align: inherit;\"><span style=\"vertical-align: inherit;\">Incorporare il tipo: il tipo<\/span><\/span><\/td>\n<td><span style=\"vertical-align: inherit;\"><span style=\"vertical-align: inherit;\">-10\u2103- +50\u2103<\/span><\/span><\/td>\n<\/tr>\n<tr>\n<td><span style=\"vertical-align: inherit;\"><span style=\"vertical-align: inherit;\">Garanzia: garanzia<\/span><\/span><\/td>\n<td><span style=\"vertical-align: inherit;\"><span style=\"vertical-align: inherit;\">16 mesi<\/span><\/span><\/td>\n<td><span style=\"vertical-align: inherit;\"><span style=\"vertical-align: inherit;\">Tensione di alimentazione: tensione di alimentazione<\/span><\/span><\/td>\n<td><span style=\"vertical-align: inherit;\"><span style=\"vertical-align: inherit;\">110\/220VAC (100-240VAC), 50Hz\/60Hz; 24VDC\u00b110%<\/span><\/span><\/td>\n<\/tr>\n<tr>\n<td><span style=\"vertical-align: inherit;\"><span style=\"vertical-align: inherit;\">Supporto personalizzato\uff1aSupporto personalizzato<\/span><\/span><\/td>\n<td><span style=\"vertical-align: inherit;\"><span style=\"vertical-align: inherit;\">OEM, ODM, OBM<\/span><\/span><\/td>\n<td><span style=\"vertical-align: inherit;\"><span style=\"vertical-align: inherit;\">Comunicazione digitale: comunicazione digitale<\/span><\/span><\/td>\n<td><span style=\"vertical-align: inherit;\"><span style=\"vertical-align: inherit;\">RS-485, supporto del protocollo standard Modbus-RTU; GPRS<\/span><\/span><\/td>\n<\/tr>\n<tr>\n<td><span style=\"vertical-align: inherit;\"><span style=\"vertical-align: inherit;\">Nome della marca: Nome della marca: Nome della marca: Nome della marca: Nome della marca: Nome della marca<\/span><\/span><\/td>\n<td><span style=\"vertical-align: inherit;\"><span style=\"vertical-align: inherit;\">GRUPPO SUYI<\/span><\/span><\/td>\n<td><span style=\"vertical-align: inherit;\"><span style=\"vertical-align: inherit;\">Pressione nominale: pressione nominale<\/span><\/span><\/td>\n<td><span style=\"vertical-align: inherit;\"><span style=\"vertical-align: inherit;\">1MPa (DN15-DN800), 1,6MPa (DN15-DN800), 2,5MPa (DN15-DN600)<\/span><\/span><\/td>\n<\/tr>\n<tr>\n<td><span style=\"vertical-align: inherit;\"><span style=\"vertical-align: inherit;\">Numero di modello: Numero di modello: Numero di modello: Numero di modello: Numero di modello: Numero di modello<\/span><\/span><\/td>\n<td><span style=\"vertical-align: inherit;\"><span style=\"vertical-align: inherit;\">altro<\/span><\/span><\/td>\n<td><span style=\"vertical-align: inherit;\"><span style=\"vertical-align: inherit;\">Sensore: sensore<\/span><\/span><\/td>\n<td><span style=\"vertical-align: inherit;\"><span style=\"vertical-align: inherit;\">0\u2103- +80\u2103 o -25\u2103- +120\u2103 o +70\u2103- +250\u2103<\/span><\/span><\/td>\n<\/tr>\n<tr>\n<td><span style=\"vertical-align: inherit;\"><span style=\"vertical-align: inherit;\">Nome del prodotto: Nome del prodotto: Nome del prodotto: Nome del prodotto: Nome del prodotto: Nome del prodotto<\/span><\/span><\/td>\n<td><span style=\"vertical-align: inherit;\"><span style=\"vertical-align: inherit;\">Misuratore di portata dell'acqua chimica digitale intelligente elettromagnetico<\/span><\/span><\/td>\n<td><span style=\"vertical-align: inherit;\"><span style=\"vertical-align: inherit;\">Dettagli dell'imballaggio:<\/span><\/span><\/td>\n<td><span style=\"vertical-align: inherit;\"><span style=\"vertical-align: inherit;\">1 set per confezione o come richiesto dal cliente<\/span><\/span><\/td>\n<\/tr>\n<tr>\n<td><span style=\"vertical-align: inherit;\"><span style=\"vertical-align: inherit;\">Diametro nominale: diametro nominale<\/span><\/span><\/td>\n<td><span style=\"vertical-align: inherit;\"><span style=\"vertical-align: inherit;\">3-3350mm<\/span><\/span><\/td>\n<td><span style=\"vertical-align: inherit;\"><span style=\"vertical-align: inherit;\">Capacit\u00e0 di approvvigionamento<\/span><\/span><\/td>\n<td><span style=\"vertical-align: inherit;\"><span style=\"vertical-align: inherit;\">1862 Set\/Set al mese<\/span><\/span><\/td>\n<\/tr>\n<tr>\n<td><span style=\"vertical-align: inherit;\"><span style=\"vertical-align: inherit;\">gamma di velocit\u00e0: il campo di velocit\u00e0<\/span><\/span><\/td>\n<td><span style=\"vertical-align: inherit;\"><span style=\"vertical-align: inherit;\">0-12m\/s<\/span><\/span><\/td>\n<td><span style=\"vertical-align: inherit;\"><span style=\"vertical-align: inherit;\">Quantit\u00e0 (set)<\/span><\/span><\/td>\n<td><span style=\"vertical-align: inherit;\"><span style=\"vertical-align: inherit;\">&gt; 30<\/span><\/span><\/td>\n<\/tr>\n<tr>\n<td><span style=\"vertical-align: inherit;\"><span style=\"vertical-align: inherit;\">Grado di accuratezza: il grado di accuratezza<\/span><\/span><\/td>\n<td><span style=\"vertical-align: inherit;\"><span style=\"vertical-align: inherit;\">\u00b10,5%R, \u00b11%R ( &lt; DN20)<\/span><\/span><\/td>\n<td><span style=\"vertical-align: inherit;\"><span style=\"vertical-align: inherit;\">Tempi di consegna (giorni)<\/span><\/span><\/td>\n<td><span style=\"vertical-align: inherit;\"><span style=\"vertical-align: inherit;\">Da negoziare<\/span><\/span><\/td>\n<\/tr>\n<\/tbody>\n<\/table>\n<p>&nbsp;<\/p>\n<p>&nbsp;<\/p>\n<p style=\"text-align: center;\"><img title=\"hot water flow meter\" src=\"https:\/\/www.hginstrument.com\/wp-content\/uploads\/2021\/07\/in-line-pipeline-type-hgd-electromagnetic-flow-meter.jpg\" \/><\/p>\n<p>&nbsp;<\/p>\n<p>&nbsp;<\/p>\n<p style=\"text-align: center;\"><img title=\"hot water flow meter\" src=\"https:\/\/www.hginstrument.com\/wp-content\/uploads\/2021\/07\/insertion-01.jpg\" \/><\/p>\n<p>&nbsp;<\/p>\n<p>&nbsp;<\/p>\n<p style=\"text-align: center;\"><img title=\"hot water flow meter\" src=\"https:\/\/www.hginstrument.com\/wp-content\/uploads\/2021\/07\/sanitary-mag-1.jpg\" \/><\/p>\n<p><strong>hot water flow meter FAQs Guide.<\/strong><\/p>\n<p>At the heart of our hot water flow meter series lies a commitment to excellence, blending advanced sensor technology with user-friendly interfaces. From liquid to gas, our meters deliver unparalleled accuracy, empowering you to make informed decisions and streamline operations. As we usher in a new era of fluid measurement, we invite you to explore the limitless possibilities that our hot water flow meters unlock \u2013 where precision meets performance, and innovation flows seamlessly.<\/p>\n<div style=\"border: 3px solid #f89900; margin: 20px 0; padding: 20px;\"><a href=\"\/it\/hot-water-flow-meter\/#01\">1.About hot water flow meter patent<\/a><br \/>\n<a href=\"\/it\/hot-water-flow-meter\/#02\">2.About hot water flow meter delivery date<\/a><br \/>\n<a href=\"\/it\/hot-water-flow-meter\/#03\">3.About hot water flow meter production capacity<\/a><br \/>\n<a href=\"\/it\/hot-water-flow-meter\/#04\">4.About hot water flow meter raw material procurement system<\/a><br \/>\n<a href=\"\/it\/hot-water-flow-meter\/#05\">5.About the scale of hot water flow meter factory<\/a><br \/>\n<a href=\"\/it\/hot-water-flow-meter\/#06\">6.About hot water flow meter overseas warehouse<\/a><br \/>\n<a href=\"\/it\/hot-water-flow-meter\/#07\">7.About hot water flow meter origin<\/a><br \/>\n<a href=\"\/it\/hot-water-flow-meter\/#08\">8.What are the options for the exterior materials of the hot water flow meter?<\/a><br \/>\n<a href=\"\/it\/hot-water-flow-meter\/#09\">9.What is the response time of the hot water flow meter?<\/a><br \/>\n<a href=\"\/it\/hot-water-flow-meter\/#010\">10.Is the measuring unit of the hot water flow meter replaceable?<\/a><br \/>\n<a href=\"\/it\/hot-water-flow-meter\/#11\">11.What is the format of the hot water flow meter\u2019s output signal?<\/a><br \/>\n<a href=\"\/it\/hot-water-flow-meter\/#12\">12.What is a hot water flow meter?<\/a><br \/>\n<a href=\"\/it\/hot-water-flow-meter\/#13\">13.About hot water flow meter production skills training<\/a><br \/>\n<a href=\"\/it\/hot-water-flow-meter\/#14\">14.About hot water flow meter origin<\/a><br \/>\n<a href=\"\/it\/hot-water-flow-meter\/#15\">15.What is the difference between hot water flow meter SUYI group vs hot water flow meter Siemens vs hot water flow meter GE<\/a><br \/>\n<a href=\"\/it\/hot-water-flow-meter\/#16\">16.About hot water flow meter production equipment<\/a><br \/>\n<a href=\"\/it\/hot-water-flow-meter\/#17\">17.About hot water flow meter warranty<\/a><\/div>\n<div id=\"01\">\n<p><strong>1.About hot water flow meter patent<\/strong><\/p>\n<p>I brevetti sui misuratori di portata sono brevetti che coprono la progettazione e il funzionamento dei misuratori di portata. I misuratori di portata sono dispositivi utilizzati per misurare la velocit\u00e0 di flusso di un liquido o di un gas. I misuratori di portata sono utilizzati in diversi settori, tra cui il trattamento delle acque e delle acque reflue, il petrolio e il gas e il trattamento chimico. I misuratori di portata sono utilizzati per misurare la portata di un fluido, il volume totale di un fluido e la pressione di un fluido. I misuratori di portata possono essere meccanici, elettrici o ottici. I flussimetri possono essere utilizzati per misurare il flusso di liquidi, gas e vapore.<\/p>\n<\/div>\n<div id=\"02\">\n<p><strong>2.About hot water flow meter delivery date<\/strong><\/p>\n<p>La data di consegna di un misuratore di portata dipende dal tipo di misuratore, dal produttore e dalla disponibilit\u00e0 del prodotto. In genere, la maggior parte dei misuratori di portata pu\u00f2 essere consegnata entro pochi giorni o poche settimane. Tuttavia, alcuni misuratori di portata specializzati possono richiedere tempi di consegna pi\u00f9 lunghi. \u00c8 meglio contattare direttamente il produttore per ottenere una data di consegna precisa.<\/p>\n<\/div>\n<div id=\"03\">\n<p><strong>3.About hot water flow meter production capacity<\/strong><\/p>\n<p>La capacit\u00e0 produttiva dei misuratori di portata dipende dal tipo di misuratore prodotto. In genere, la capacit\u00e0 produttiva \u00e8 determinata dalle dimensioni dell'impianto di produzione, dal numero di macchine e di personale disponibili e dal tipo di misuratore di portata prodotto. Ad esempio, un impianto di produzione specializzato nella produzione di misuratori di portata a turbina pu\u00f2 avere una capacit\u00e0 produttiva superiore rispetto a un impianto che produce misuratori di portata a ultrasuoni. Inoltre, la capacit\u00e0 produttiva di un impianto pu\u00f2 essere influenzata dalla complessit\u00e0 del misuratore di portata prodotto e dalla disponibilit\u00e0 di materie prime e componenti.<\/p>\n<\/div>\n<div id=\"04\">\n<p><strong>4.About hot water flow meter raw material procurement system<\/strong><\/p>\n<p>Un sistema di approvvigionamento di materie prime per misuratori di portata \u00e8 una soluzione software progettata per semplificare il processo di acquisto delle materie prime per la produzione di misuratori di portata. Il sistema consente agli utenti di ricercare e acquistare in modo rapido e semplice i componenti necessari per la produzione dei misuratori di portata. Fornisce inoltre informazioni dettagliate sui componenti, compresi prezzi, disponibilit\u00e0 e tempi di consegna. Il sistema consente inoltre di tenere traccia degli ordini e di gestire l'inventario. Ci\u00f2 contribuisce a garantire che i componenti giusti siano sempre disponibili quando servono.<\/p>\n<p><img style=\"max-width: 100%;\" title=\"About hot water flow meter raw material procurement system\" src=\"https:\/\/www.hginstrument.com\/wp-content\/uploads\/2021\/07\/wedge-1.jpg\" alt=\"About hot water flow meter raw material procurement system\" \/><\/p>\n<\/div>\n<div id=\"05\">\n<p><strong>5.About the scale of hot water flow meter factory<\/strong><\/p>\n<p>Le fabbriche di misuratori di portata variano per dimensioni e portata, a seconda del tipo di misuratori di portata che producono. Alcune fabbriche possono essere specializzate nella produzione di un singolo tipo di misuratore di portata, mentre altre possono produrne una variet\u00e0 di tipi diversi. Alcune fabbriche possono essere grandi, con centinaia di dipendenti, mentre altre possono essere piccole, con pochi dipendenti. Le dimensioni della fabbrica dipendono anche dal tipo di misuratori di portata che produce e dalla domanda di tali misuratori.<\/p>\n<\/div>\n<div id=\"06\">\n<p><strong>6.About hot water flow meter overseas warehouse<\/strong><\/p>\n<p>I magazzini esteri di misuratori di portata sono magazzini situati in paesi stranieri che immagazzinano misuratori di portata e prodotti correlati. Questi magazzini sono utilizzati per immagazzinare e distribuire i misuratori di portata ai clienti in diversi Paesi. In genere sono situati in paesi che hanno una grande richiesta di misuratori di portata, come gli Stati Uniti, il Canada e l'Europa. I magazzini sono solitamente di propriet\u00e0 e gestiti dal produttore dei misuratori di portata o da un fornitore di logistica terzo. I magazzini sono in genere forniti di una variet\u00e0 di misuratori di portata, compresi quelli digitali, analogici e a ultrasuoni. Inoltre, in genere, conservano parti di ricambio e accessori per i misuratori di portata.<\/p>\n<\/div>\n<div id=\"07\">\n<p><strong>7.About hot water flow meter origin<\/strong><\/p>\n<p>Il primo misuratore di portata fu inventato nel 1832 da un inglese di nome William Henry. Egli svilupp\u00f2 un dispositivo che utilizzava un galleggiante per misurare il flusso dell'acqua in un tubo. Questo dispositivo fu il primo del suo genere e fu il precursore dei moderni misuratori di portata. Da allora, i misuratori di portata sono stati utilizzati in diversi settori per misurare il flusso di liquidi, gas e altri materiali. Oggi i misuratori di portata sono utilizzati in una variet\u00e0 di applicazioni, dalla misurazione del flusso d'acqua in una tubatura alla misurazione del flusso di petrolio in una raffineria.<\/p>\n<\/div>\n<div id=\"08\">\n<p><strong>8.What are the options for the exterior materials of the hot water flow meter?<\/strong><\/p>\n<p>hot water flow meter is not a product only, but also can help you comes to money-making.<br \/>\n1. Alluminio<br \/>\n2. Acciaio inossidabile<br \/>\n3. Ottone<br \/>\n4. Plastica<br \/>\n5. Polipropilene<br \/>\n6. PVC<br \/>\n7. Policarbonato<br \/>\n8. Fibra di vetro<br \/>\n9. Titanio<br \/>\n10. Rame<\/p>\n<p><img style=\"max-width: 100%;\" title=\"What are the options for the exterior materials of the hot water flow meter?\" src=\"https:\/\/www.hginstrument.com\/wp-content\/uploads\/2021\/07\/ltb-1.jpg\" alt=\"What are the options for the exterior materials of the hot water flow meter?\" \/><\/p>\n<\/div>\n<div id=\"09\">\n<p><strong>9.What is the response time of the hot water flow meter?<\/strong><\/p>\n<p>Abbiamo stabilito collaborazioni stabili e a lungo termine con i nostri fornitori, per cui abbiamo grandi vantaggi in termini di prezzo, costi e garanzia di qualit\u00e0.<br \/>\nIl tempo di risposta di un misuratore di portata pu\u00f2 variare a seconda del tipo di misuratore utilizzato. In genere, il tempo di risposta di un misuratore di portata \u00e8 compreso tra 0,1 e 1 secondo.<\/p>\n<\/div>\n<div id=\"010\">\n<p><strong>10.Is the measuring unit of the hot water flow meter replaceable?<\/strong><\/p>\n<p>As one of the top hot water flow meter manufacturers in China, we take this very seriously.<br \/>\nS\u00ec, l'unit\u00e0 di misura di un misuratore di portata \u00e8 sostituibile.<\/p>\n<\/div>\n<div id=\"11\">\n<p><strong>11.What is the format of the hot water flow meter\u2019s output signal?<\/strong><\/p>\n<p>We continuously upgrade our skills and knowledge to adapt to changing hot water flow meter market needs.<br \/>\nIl formato del segnale di uscita del flussimetro dipende dal tipo di flussimetro utilizzato. I formati pi\u00f9 comuni dei segnali di uscita comprendono impulsi, frequenza, tensione e corrente.<\/p>\n<\/div>\n<div id=\"12\">\n<p><strong>12.What is a hot water flow meter?<\/strong><\/p>\n<p>Ci concentriamo sul lavoro di squadra e sulla comunicazione per raggiungere obiettivi comuni, attribuendo grande importanza a questo dettaglio.<br \/>\nUn misuratore di portata \u00e8 un dispositivo utilizzato per misurare la portata o la quantit\u00e0 di un gas o di un liquido che si muove attraverso un tubo. I flussimetri misurano la portata volumetrica o di massa di un liquido o di un gas. Sono utilizzati in diversi settori, tra cui il trattamento delle acque e delle acque reflue, il petrolio e il gas, la lavorazione chimica e la produzione di alimenti e bevande.<\/p>\n<p><img style=\"max-width: 100%;\" title=\"What is a hot water flow meter?\" src=\"https:\/\/www.hginstrument.com\/wp-content\/uploads\/2021\/07\/sanitary-mag-1.jpg\" alt=\"What is a hot water flow meter?\" \/><\/p>\n<\/div>\n<div id=\"13\">\n<p><strong>13.About hot water flow meter production skills training<\/strong><\/p>\n<p>Il corso di formazione sulla produzione di misuratori di portata \u00e8 progettato per insegnare a tecnici e ingegneri le competenze necessarie per la produzione e la manutenzione dei misuratori di portata. La formazione copre argomenti quali i principi della misurazione del flusso, i tipi di misuratori di flusso disponibili, l'installazione e la manutenzione dei misuratori di flusso e le tecniche di risoluzione dei problemi. La formazione comprende anche l'uso del software per analizzare e interpretare i dati di flusso. La formazione si svolge in genere in un'aula e pu\u00f2 includere attivit\u00e0 pratiche.<\/p>\n<\/div>\n<div id=\"14\">\n<p><strong>14.About hot water flow meter origin<\/strong><\/p>\n<p>Il primo misuratore di portata fu inventato nel 1832 da un inglese di nome William Henry. Egli svilupp\u00f2 un dispositivo che utilizzava un galleggiante per misurare il flusso dell'acqua in un tubo. Questo dispositivo fu il primo del suo genere e fu il precursore dei moderni misuratori di portata. Da allora, i misuratori di portata sono stati utilizzati in diversi settori per misurare il flusso di liquidi, gas e altri materiali. Oggi i misuratori di portata sono utilizzati in una variet\u00e0 di applicazioni, dalla misurazione del flusso d'acqua in una tubatura alla misurazione del flusso di petrolio in una raffineria.<\/p>\n<\/div>\n<div id=\"15\">\n<p><strong>15.What is the difference between hot water flow meter SUYI group vs hot water flow meter Siemens vs hot water flow meter GE<\/strong><\/p>\n<p>I misuratori di portata di SUYI Group sono tipicamente utilizzati per misurare il flusso di liquidi, gas e vapore. Sono progettati per essere precisi, affidabili e facili da installare e mantenere. I misuratori di portata SUYI sono disponibili in varie dimensioni e materiali e possono essere utilizzati in diverse applicazioni.<\/p>\n<p>I misuratori di portata Siemens sono progettati per misurare il flusso di liquidi, gas e vapore. Sono progettati per essere precisi, affidabili e facili da installare e mantenere. I misuratori di portata Siemens sono disponibili in varie dimensioni e materiali e possono essere utilizzati in numerose applicazioni.<\/p>\n<p>I misuratori di portata GE sono progettati per misurare il flusso di liquidi, gas e vapore. Sono progettati per essere precisi, affidabili e facili da installare e mantenere. I misuratori di portata GE sono disponibili in diverse dimensioni e materiali e possono essere utilizzati in una variet\u00e0 di applicazioni. Offrono inoltre un'ampia gamma di funzioni, come display digitali, allarmi e funzionalit\u00e0 di registrazione dei dati.<\/p>\n<\/div>\n<div id=\"16\">\n<p><strong>16.About hot water flow meter production equipment<\/strong><\/p>\n<p>Le attrezzature per la produzione di misuratori di portata sono utilizzate per produrre misuratori di portata, che sono dispositivi utilizzati per misurare la velocit\u00e0 di flusso di un liquido o di un gas. Queste attrezzature comprendono in genere una serie di macchine e strumenti, come torni, fresatrici, trapani e macchine CNC. Comprende anche strumenti specializzati per l'assemblaggio e il collaudo dei misuratori di portata. Le attrezzature utilizzate per produrre i misuratori di portata sono altamente specializzate e devono essere in grado di produrre risultati accurati e affidabili.<\/p>\n<p><img style=\"max-width: 100%;\" title=\"About hot water flow meter production equipment\" src=\"https:\/\/www.hginstrument.com\/wp-content\/uploads\/2021\/07\/hgcmf-c1-1.jpg\" alt=\"About hot water flow meter production equipment\" \/><\/p>\n<\/div>\n<div id=\"17\">\n<p><strong>17.About hot water flow meter warranty<\/strong><\/p>\n<p>Le garanzie dei misuratori di portata variano a seconda del produttore e del tipo di misuratore. In genere, le garanzie coprono i difetti dei materiali e della lavorazione e possono coprire anche alcuni tipi di danni causati dal normale utilizzo. Alcune garanzie possono coprire anche i danni causati da un'installazione o da un uso improprio. \u00c8 importante leggere le informazioni sulla garanzia fornite dal produttore per comprendere la copertura specifica e le limitazioni della garanzia.<\/p>\n<\/div>\n<p>&nbsp;<\/p>\n<p>Tag\uff1a<a href=\"\/it\/magnetic-flow-meter\/flow-meter-with-totalizer\/\">flow meter with totalizer<\/a>,<a href=\"\/it\/magnetic-flow-meter\/flow-meter-for-air\/\">misuratore di portata per aria<\/a>,<a href=\"\/it\/magnetic-flow-meter\/raven-flow-meter\/\">raven flow meter<\/a>,<a href=\"\/it\/magnetic-flow-meter\/clamp-on-liquid-flow-meter\/\">misuratore di portata per liquidi a morsetto<\/a><\/p>\n<p>&nbsp;<\/p>","protected":false},"excerpt":{"rendered":"<p><strong>Dati tecnici<\/strong><br \/>\nPu\u00f2 servire fluidi liquidi o gassosi; di solito viene utilizzato per misurare il flusso di vapore, aria e gas naturale.<br \/>\nDimensioni del contatore: Tipo in linea: DN25 - DN300<br \/>\nOpzione materiale bagnato: SS304, SS316<br \/>\nTemperatura di funzionamento: \u2264250\u2103<br \/>\nConnessione al processo: Wafer \/ Flangia \/ Tri-clamp per il tipo in linea<br \/>\nPrecisione di misura: 1,0 % - 1,5% del campo di calibrazione<br \/>\nIndicatore digitale: visualizzazione del flusso istantaneo, del flusso totale<br \/>\nAlimentazione: 24VDC, Uscita: 4-20mA<\/p>\n<p><strong>caratteristiche<\/strong><br \/>\n1.Punti di attivazione\/disattivazione regolabili<br \/>\n2. Modalit\u00e0 di allarme flusso Hi o Lo<br \/>\n3. Ritardo regolabile<br \/>\n4.LED di stato del rel\u00e8<\/p>","protected":false},"featured_media":3691,"comment_status":"closed","ping_status":"closed","template":"","meta":[],"product_cat":[2372],"product_tag":[],"acf":[],"_links":{"self":[{"href":"https:\/\/www.hginstrument.com\/it\/wp-json\/wp\/v2\/product\/5471"}],"collection":[{"href":"https:\/\/www.hginstrument.com\/it\/wp-json\/wp\/v2\/product"}],"about":[{"href":"https:\/\/www.hginstrument.com\/it\/wp-json\/wp\/v2\/types\/product"}],"replies":[{"embeddable":true,"href":"https:\/\/www.hginstrument.com\/it\/wp-json\/wp\/v2\/comments?post=5471"}],"wp:featuredmedia":[{"embeddable":true,"href":"https:\/\/www.hginstrument.com\/it\/wp-json\/wp\/v2\/media\/3691"}],"wp:attachment":[{"href":"https:\/\/www.hginstrument.com\/it\/wp-json\/wp\/v2\/media?parent=5471"}],"wp:term":[{"taxonomy":"product_cat","embeddable":true,"href":"https:\/\/www.hginstrument.com\/it\/wp-json\/wp\/v2\/product_cat?post=5471"},{"taxonomy":"product_tag","embeddable":true,"href":"https:\/\/www.hginstrument.com\/it\/wp-json\/wp\/v2\/product_tag?post=5471"}],"curies":[{"name":"wp","href":"https:\/\/api.w.org\/{rel}","templated":true}]}}