{"id":5519,"date":"2023-12-24T09:30:33","date_gmt":"2023-12-24T01:30:33","guid":{"rendered":"https:\/\/www.hginstrument.com\/?post_type=product&#038;p=5519"},"modified":"2024-01-03T10:34:49","modified_gmt":"2024-01-03T02:34:49","slug":"inline-air-flow-meter","status":"publish","type":"product","link":"https:\/\/www.hginstrument.com\/it\/magnetic-flow-meter\/inline-air-flow-meter\/","title":{"rendered":"misuratore di portata d'aria in linea"},"content":{"rendered":"<p>With its high flow range and precise reading capabilities, inline air flow meter is the ideal choice for industries such as oil and gas, water treatment, and chemical processing. Upgrade your liquid measurement process with inline air flow meter and experience unparalleled performance and value. Trust inline air flow meter to give you the most accurate and efficient flow measurements every time.<\/p>\n<p>At the heart of inline air flow meter is technology that measures and records flow, providing accurate and reliable readings. There are different types of inline air flow meter including magnetic, ultrasonic, Inductive flow meter, Coriolis and turbine, each designed for specific applications and fluid types.<\/p>\n<p>One of the most advanced and widely used inline air flow meter is the electromagnetic inline air flow meter. It works on Faraday&#8217;s law of electromagnetic induction and is able to measure the flow of conducting fluids with incredible accuracy and repeatability. It is suitable for use with a variety of fluids, including water, chemicals, Chemical manufacturing and mud.<\/p>\n<table class=\"table table-bordered\">\n<tbody>\n<tr>\n<td><span style=\"vertical-align: inherit;\"><span style=\"vertical-align: inherit;\">Tipo: il tipo<\/span><\/span><\/td>\n<td><span style=\"vertical-align: inherit;\">misuratore di portata d'aria in linea<\/span><\/td>\n<td><span style=\"vertical-align: inherit;\"><span style=\"vertical-align: inherit;\">Segnale d'uscita: segnale d'uscita<\/span><\/span><\/td>\n<td><span style=\"vertical-align: inherit;\"><span style=\"vertical-align: inherit;\">4-28mA, impulso\/frequenza 2kHz (default), 5KHz (max)<\/span><\/span><\/td>\n<\/tr>\n<tr>\n<td><span style=\"vertical-align: inherit;\"><span style=\"vertical-align: inherit;\">Luogo di origine: il luogo di origine<\/span><\/span><\/td>\n<td><span style=\"vertical-align: inherit;\"><span style=\"vertical-align: inherit;\">Jiangsu, Cina<\/span><\/span><\/td>\n<td><span style=\"vertical-align: inherit;\"><span style=\"vertical-align: inherit;\">Incorporare il tipo: il tipo<\/span><\/span><\/td>\n<td><span style=\"vertical-align: inherit;\"><span style=\"vertical-align: inherit;\">-10\u2103- +56\u2103<\/span><\/span><\/td>\n<\/tr>\n<tr>\n<td><span style=\"vertical-align: inherit;\"><span style=\"vertical-align: inherit;\">Garanzia: garanzia<\/span><\/span><\/td>\n<td><span style=\"vertical-align: inherit;\"><span style=\"vertical-align: inherit;\">14 mesi<\/span><\/span><\/td>\n<td><span style=\"vertical-align: inherit;\"><span style=\"vertical-align: inherit;\">Tensione di alimentazione: tensione di alimentazione<\/span><\/span><\/td>\n<td><span style=\"vertical-align: inherit;\"><span style=\"vertical-align: inherit;\">110\/220VAC (100-240VAC), 50Hz\/60Hz; 24VDC\u00b110%<\/span><\/span><\/td>\n<\/tr>\n<tr>\n<td><span style=\"vertical-align: inherit;\"><span style=\"vertical-align: inherit;\">Supporto personalizzato\uff1aSupporto personalizzato<\/span><\/span><\/td>\n<td><span style=\"vertical-align: inherit;\"><span style=\"vertical-align: inherit;\">OEM, ODM, OBM<\/span><\/span><\/td>\n<td><span style=\"vertical-align: inherit;\"><span style=\"vertical-align: inherit;\">Comunicazione digitale: comunicazione digitale<\/span><\/span><\/td>\n<td><span style=\"vertical-align: inherit;\"><span style=\"vertical-align: inherit;\">RS-485, supporto del protocollo standard Mudbugs-RTU; GPRS<\/span><\/span><\/td>\n<\/tr>\n<tr>\n<td><span style=\"vertical-align: inherit;\"><span style=\"vertical-align: inherit;\">Nome della marca: Nome della marca: Nome della marca: Nome della marca: Nome della marca: Nome della marca<\/span><\/span><\/td>\n<td><span style=\"vertical-align: inherit;\"><span style=\"vertical-align: inherit;\">GRUPPO SUYI<\/span><\/span><\/td>\n<td><span style=\"vertical-align: inherit;\"><span style=\"vertical-align: inherit;\">Pressione nominale: pressione nominale<\/span><\/span><\/td>\n<td><span style=\"vertical-align: inherit;\"><span style=\"vertical-align: inherit;\">1MPa (DN15-DN800), 1,6MPa (DN15-DN800), 2,5MPa (DN15-DN600)<\/span><\/span><\/td>\n<\/tr>\n<tr>\n<td><span style=\"vertical-align: inherit;\"><span style=\"vertical-align: inherit;\">Numero di modello: Numero di modello: Numero di modello: Numero di modello: Numero di modello: Numero di modello<\/span><\/span><\/td>\n<td><span style=\"vertical-align: inherit;\"><span style=\"vertical-align: inherit;\">altro<\/span><\/span><\/td>\n<td><span style=\"vertical-align: inherit;\"><span style=\"vertical-align: inherit;\">Sensore: sensore<\/span><\/span><\/td>\n<td><span style=\"vertical-align: inherit;\"><span style=\"vertical-align: inherit;\">0\u2103- +80\u2103 o -25\u2103- +120\u2103 o +70\u2103- +250\u2103<\/span><\/span><\/td>\n<\/tr>\n<tr>\n<td><span style=\"vertical-align: inherit;\"><span style=\"vertical-align: inherit;\">Nome del prodotto: Nome del prodotto: Nome del prodotto: Nome del prodotto: Nome del prodotto: Nome del prodotto<\/span><\/span><\/td>\n<td><span style=\"vertical-align: inherit;\"><span style=\"vertical-align: inherit;\">Misuratore di portata dell'acqua chimica digitale intelligente elettromagnetico<\/span><\/span><\/td>\n<td><span style=\"vertical-align: inherit;\"><span style=\"vertical-align: inherit;\">Dettagli dell'imballaggio:<\/span><\/span><\/td>\n<td><span style=\"vertical-align: inherit;\"><span style=\"vertical-align: inherit;\">1 set per confezione o come richiesto dal cliente<\/span><\/span><\/td>\n<\/tr>\n<tr>\n<td><span style=\"vertical-align: inherit;\"><span style=\"vertical-align: inherit;\">Diametro nominale: diametro nominale<\/span><\/span><\/td>\n<td><span style=\"vertical-align: inherit;\"><span style=\"vertical-align: inherit;\">3-2699mm<\/span><\/span><\/td>\n<td><span style=\"vertical-align: inherit;\"><span style=\"vertical-align: inherit;\">Capacit\u00e0 di approvvigionamento<\/span><\/span><\/td>\n<td><span style=\"vertical-align: inherit;\"><span style=\"vertical-align: inherit;\">2420 Set\/Sets per Month<\/span><\/span><\/td>\n<\/tr>\n<tr>\n<td><span style=\"vertical-align: inherit;\"><span style=\"vertical-align: inherit;\">gamma di velocit\u00e0: il campo di velocit\u00e0<\/span><\/span><\/td>\n<td><span style=\"vertical-align: inherit;\"><span style=\"vertical-align: inherit;\">0-11m\/s<\/span><\/span><\/td>\n<td><span style=\"vertical-align: inherit;\"><span style=\"vertical-align: inherit;\">Quantit\u00e0 (set)<\/span><\/span><\/td>\n<td><span style=\"vertical-align: inherit;\"><span style=\"vertical-align: inherit;\">&gt; 30<\/span><\/span><\/td>\n<\/tr>\n<tr>\n<td><span style=\"vertical-align: inherit;\"><span style=\"vertical-align: inherit;\">Grado di accuratezza: il grado di accuratezza<\/span><\/span><\/td>\n<td><span style=\"vertical-align: inherit;\"><span style=\"vertical-align: inherit;\">\u00b10,5%R, \u00b11%R ( &lt; DN20)<\/span><\/span><\/td>\n<td><span style=\"vertical-align: inherit;\"><span style=\"vertical-align: inherit;\">Tempi di consegna (giorni)<\/span><\/span><\/td>\n<td><span style=\"vertical-align: inherit;\"><span style=\"vertical-align: inherit;\">Da negoziare<\/span><\/span><\/td>\n<\/tr>\n<\/tbody>\n<\/table>\n<p>&nbsp;<\/p>\n<p>&nbsp;<\/p>\n<p style=\"text-align: center;\"><img title=\"misuratore di portata d&#039;aria in linea\" src=\"https:\/\/www.hginstrument.com\/wp-content\/uploads\/2021\/07\/in-line-pipeline-type-hgd-electromagnetic-flow-meter.jpg\" \/><\/p>\n<p>&nbsp;<\/p>\n<p>&nbsp;<\/p>\n<p style=\"text-align: center;\"><img title=\"misuratore di portata d&#039;aria in linea\" src=\"https:\/\/www.hginstrument.com\/wp-content\/uploads\/2021\/07\/insertion-01.jpg\" \/><\/p>\n<p>&nbsp;<\/p>\n<p>&nbsp;<\/p>\n<p style=\"text-align: center;\"><img title=\"misuratore di portata d&#039;aria in linea\" src=\"https:\/\/www.hginstrument.com\/wp-content\/uploads\/2021\/07\/sanitary-mag-1.jpg\" \/><\/p>\n<p><strong>inline air flow meter FAQs Guide.<\/strong><\/p>\n<p>At the heart of our inline air flow meter series lies a commitment to excellence, blending advanced sensor technology with user-friendly interfaces. From liquid to gas, our meters deliver unparalleled accuracy, empowering you to make informed decisions and streamline operations. As we usher in a new era of fluid measurement, we invite you to explore the limitless possibilities that our inline air flow meters unlock \u2013 where precision meets performance, and innovation flows seamlessly.<\/p>\n<div style=\"border: 3px solid #f89900; margin: 20px 0; padding: 20px;\"><a href=\"\/it\/inline-air-flow-meter\/#01\">1.What is the difference between inline air flow meter SUYI group vs inline air flow meter Siemens vs inline air flow meter GE<\/a><br \/>\n<a href=\"\/it\/inline-air-flow-meter\/#02\">2.About inline air flow meter delivery date<\/a><br \/>\n<a href=\"\/it\/inline-air-flow-meter\/#03\">3.Does the inline air flow meter have an automatic alarm function?<\/a><br \/>\n<a href=\"\/it\/inline-air-flow-meter\/#04\">4.About inline air flow meter production management system<\/a><br \/>\n<a href=\"\/it\/inline-air-flow-meter\/#05\">5.About inline air flow meter production equipment<\/a><br \/>\n<a href=\"\/it\/inline-air-flow-meter\/#06\">6.About inline air flow meter production capacity<\/a><br \/>\n<a href=\"\/it\/inline-air-flow-meter\/#07\">7.About inline air flow meter customization services<\/a><br \/>\n<a href=\"\/it\/inline-air-flow-meter\/#08\">8.How accurate is the inline air flow meter?<\/a><br \/>\n<a href=\"\/it\/inline-air-flow-meter\/#09\">9.What is the format of the inline air flow meter\u2019s output signal?<\/a><br \/>\n<a href=\"\/it\/inline-air-flow-meter\/#010\">10.About the scale of inline air flow meter factory<\/a><br \/>\n<a href=\"\/it\/inline-air-flow-meter\/#11\">11.What is the main principle of inline air flow meter?<\/a><br \/>\n<a href=\"\/it\/inline-air-flow-meter\/#12\">12.About inline air flow meter inventory<\/a><br \/>\n<a href=\"\/it\/inline-air-flow-meter\/#13\">13.About inline air flow meter warranty<\/a><br \/>\n<a href=\"\/it\/inline-air-flow-meter\/#14\">14.About inline air flow meter production skills training<\/a><br \/>\n<a href=\"\/it\/inline-air-flow-meter\/#15\">15.About inline air flow meter technology<\/a><br \/>\n<a href=\"\/it\/inline-air-flow-meter\/#16\">16.Does the inline air flow meter have remote control capabilities?<\/a><br \/>\n<a href=\"\/it\/inline-air-flow-meter\/#17\">17.What is the difference between inline air flow meter SUYI group vs inline air flow meter Emerson vs inline air flow meter Honeywell<\/a><\/div>\n<div id=\"01\">\n<p><strong>1.What is the difference between inline air flow meter SUYI group vs inline air flow meter Siemens vs inline air flow meter GE<\/strong><\/p>\n<p>I misuratori di portata di SUYI Group sono tipicamente utilizzati per misurare il flusso di liquidi, gas e vapore. Sono progettati per essere precisi, affidabili e facili da installare e mantenere. I misuratori di portata SUYI sono disponibili in varie dimensioni e materiali e possono essere utilizzati in diverse applicazioni.<\/p>\n<p>I misuratori di portata Siemens sono progettati per misurare il flusso di liquidi, gas e vapore. Sono progettati per essere precisi, affidabili e facili da installare e mantenere. I misuratori di portata Siemens sono disponibili in varie dimensioni e materiali e possono essere utilizzati in numerose applicazioni.<\/p>\n<p>I misuratori di portata GE sono progettati per misurare il flusso di liquidi, gas e vapore. Sono progettati per essere precisi, affidabili e facili da installare e mantenere. I misuratori di portata GE sono disponibili in diverse dimensioni e materiali e possono essere utilizzati in una variet\u00e0 di applicazioni. Offrono inoltre un'ampia gamma di funzioni, come display digitali, allarmi e funzionalit\u00e0 di registrazione dei dati.<\/p>\n<\/div>\n<div id=\"02\">\n<p><strong>2.About inline air flow meter delivery date<\/strong><\/p>\n<p>La data di consegna di un misuratore di portata dipende dal tipo di misuratore, dal produttore e dalla disponibilit\u00e0 del prodotto. In genere, la maggior parte dei misuratori di portata pu\u00f2 essere consegnata entro pochi giorni o poche settimane. Tuttavia, alcuni misuratori di portata specializzati possono richiedere tempi di consegna pi\u00f9 lunghi. \u00c8 meglio contattare direttamente il produttore per ottenere una data di consegna precisa.<\/p>\n<\/div>\n<div id=\"03\">\n<p><strong>3.Does the inline air flow meter have an automatic alarm function?<\/strong><\/p>\n<p>Aderiamo al principio della qualit\u00e0 prima di tutto e disponiamo di un sistema completo di gestione della qualit\u00e0 della produzione e di un processo di ispezione della qualit\u00e0.<br \/>\nMolti misuratori di portata dispongono di una funzione di allarme automatico, ma ci\u00f2 dipende dal modello specifico. \u00c8 meglio controllare le specifiche del prodotto per determinare se il misuratore di portata che si sta considerando \u00e8 dotato di questa funzione.<\/p>\n<\/div>\n<div id=\"04\">\n<p><strong>4.About inline air flow meter production management system<\/strong><\/p>\n<p>Un sistema di gestione della produzione di misuratori di portata \u00e8 una soluzione software progettata per aiutare i produttori a gestire la produzione di misuratori di portata. Il sistema pu\u00f2 essere utilizzato per seguire il processo di produzione dall'inizio alla fine, compreso l'ordine delle materie prime, l'assemblaggio dei componenti e il collaudo e la calibrazione del prodotto finito. Il sistema pu\u00f2 anche essere utilizzato per monitorare la qualit\u00e0 del processo di produzione, assicurando che i misuratori di portata soddisfino gli standard richiesti. Inoltre, il sistema pu\u00f2 essere utilizzato per generare rapporti e analizzare i dati per aiutare i produttori a migliorare i loro processi produttivi.<\/p>\n<\/div>\n<div id=\"05\">\n<p><strong>5.About inline air flow meter production equipment<\/strong><\/p>\n<p>Le attrezzature per la produzione di misuratori di portata sono utilizzate per produrre misuratori di portata, che sono dispositivi utilizzati per misurare la velocit\u00e0 di flusso di un liquido o di un gas. Queste attrezzature comprendono in genere una serie di macchine e strumenti, come torni, fresatrici, trapani e macchine CNC. Comprende anche strumenti specializzati per l'assemblaggio e il collaudo dei misuratori di portata. Le attrezzature utilizzate per produrre i misuratori di portata sono altamente specializzate e devono essere in grado di produrre risultati accurati e affidabili.<\/p>\n<p><img style=\"max-width: 100%;\" title=\"About inline air flow meter production equipment\" src=\"https:\/\/www.hginstrument.com\/wp-content\/uploads\/2021\/07\/hg-50-7.jpg\" alt=\"About inline air flow meter production equipment\" \/><\/p>\n<\/div>\n<div id=\"06\">\n<p><strong>6.About inline air flow meter production capacity<\/strong><\/p>\n<p>La capacit\u00e0 produttiva dei misuratori di portata dipende dal tipo di misuratore prodotto. In genere, la capacit\u00e0 produttiva \u00e8 determinata dalle dimensioni dell'impianto di produzione, dal numero di macchine e di personale disponibili e dal tipo di misuratore di portata prodotto. Ad esempio, un impianto di produzione specializzato nella produzione di misuratori di portata a turbina pu\u00f2 avere una capacit\u00e0 produttiva superiore rispetto a un impianto che produce misuratori di portata a ultrasuoni. Inoltre, la capacit\u00e0 produttiva di un impianto pu\u00f2 essere influenzata dalla complessit\u00e0 del misuratore di portata prodotto e dalla disponibilit\u00e0 di materie prime e componenti.<\/p>\n<\/div>\n<div id=\"07\">\n<p><strong>7.About inline air flow meter customization services<\/strong><\/p>\n<p>I servizi di personalizzazione dei misuratori di portata sono progettati per fornire ai clienti una soluzione su misura per le loro specifiche esigenze di misurazione del flusso. Questi servizi possono includere la personalizzazione del misuratore di portata per adattarlo a una particolare applicazione, come una specifica dimensione del tubo o portata, o per soddisfare un determinato requisito di precisione. I servizi di personalizzazione possono anche comprendere la modifica del misuratore di portata per includere caratteristiche aggiuntive, come un display o funzionalit\u00e0 di registrazione dei dati. I servizi di personalizzazione dei misuratori di portata possono includere anche l'installazione del misuratore di portata, nonch\u00e9 la fornitura di assistenza tecnica e manutenzione.<\/p>\n<\/div>\n<div id=\"08\">\n<p><strong>8.How accurate is the inline air flow meter?<\/strong><\/p>\n<p>We are a professional inline air flow meter company dedicated to providing high quality products and services.<br \/>\nLa precisione di un misuratore di portata dipende dal tipo di misuratore utilizzato. In genere, la maggior parte dei misuratori di portata ha una precisione di 1-2% rispetto alla portata effettiva. Tuttavia, alcuni misuratori di portata possono essere pi\u00f9 precisi, a seconda del tipo e della qualit\u00e0 del misuratore.<\/p>\n<\/div>\n<div id=\"09\">\n<p><strong>9.What is the format of the inline air flow meter\u2019s output signal?<\/strong><\/p>\n<p>We continuously upgrade our skills and knowledge to adapt to changing inline air flow meter market needs.<br \/>\nIl formato del segnale di uscita del flussimetro dipende dal tipo di flussimetro utilizzato. I formati pi\u00f9 comuni dei segnali di uscita comprendono impulsi, frequenza, tensione e corrente.<\/p>\n<\/div>\n<div id=\"010\">\n<p><strong>10.About the scale of inline air flow meter factory<\/strong><\/p>\n<p>Le fabbriche di misuratori di portata variano per dimensioni e portata, a seconda del tipo di misuratori di portata che producono. Alcune fabbriche possono essere specializzate nella produzione di un singolo tipo di misuratore di portata, mentre altre possono produrne una variet\u00e0 di tipi diversi. Alcune fabbriche possono essere grandi, con centinaia di dipendenti, mentre altre possono essere piccole, con pochi dipendenti. Le dimensioni della fabbrica dipendono anche dal tipo di misuratori di portata che produce e dalla domanda di tali misuratori.<\/p>\n<p><img style=\"max-width: 100%;\" title=\"About the scale of inline air flow meter factory\" src=\"https:\/\/www.hginstrument.com\/wp-content\/uploads\/2021\/07\/dsrt-1.jpg\" alt=\"About the scale of inline air flow meter factory\" \/><\/p>\n<\/div>\n<div id=\"11\">\n<p><strong>11.What is the main principle of inline air flow meter?<\/strong><\/p>\n<p>Our inline air flow meter products undergo strict quality control to ensure customer satisfaction.<br \/>\nIl principio principale di un misuratore di portata \u00e8 quello di misurare la velocit\u00e0 di flusso di un fluido o di un gas attraverso un tubo o un altro contenitore. Ci\u00f2 avviene tipicamente misurando la caduta di pressione attraverso una restrizione nota nel tubo, oppure misurando la velocit\u00e0 del fluido o del gas mentre passa attraverso il tubo.<\/p>\n<\/div>\n<div id=\"12\">\n<p><strong>12.About inline air flow meter inventory<\/strong><\/p>\n<p>L'inventario dei misuratori di portata \u00e8 un sistema utilizzato per tracciare e gestire i misuratori di portata utilizzati nelle applicazioni industriali e commerciali. Viene utilizzato per monitorare le prestazioni dei misuratori di portata e per garantire che siano mantenuti e calibrati correttamente. Il sistema di inventario pu\u00f2 anche essere utilizzato per tenere traccia del costo dei misuratori di portata e per identificare eventuali problemi o problemi potenziali con i misuratori di portata.<\/p>\n<\/div>\n<div id=\"13\">\n<p><strong>13.About inline air flow meter warranty<\/strong><\/p>\n<p>Le garanzie dei misuratori di portata variano a seconda del produttore e del tipo di misuratore. In genere, le garanzie coprono i difetti dei materiali e della lavorazione e possono coprire anche alcuni tipi di danni causati dal normale utilizzo. Alcune garanzie possono coprire anche i danni causati da un'installazione o da un uso improprio. \u00c8 importante leggere le informazioni sulla garanzia fornite dal produttore per comprendere la copertura specifica e le limitazioni della garanzia.<\/p>\n<\/div>\n<div id=\"14\">\n<p><strong>14.About inline air flow meter production skills training<\/strong><\/p>\n<p>Il corso di formazione sulla produzione di misuratori di portata \u00e8 progettato per insegnare a tecnici e ingegneri le competenze necessarie per la produzione e la manutenzione dei misuratori di portata. La formazione copre argomenti quali i principi della misurazione del flusso, i tipi di misuratori di flusso disponibili, l'installazione e la manutenzione dei misuratori di flusso e le tecniche di risoluzione dei problemi. La formazione comprende anche l'uso del software per analizzare e interpretare i dati di flusso. La formazione si svolge in genere in un'aula e pu\u00f2 includere attivit\u00e0 pratiche.<\/p>\n<\/div>\n<div id=\"15\">\n<p><strong>15.About inline air flow meter technology<\/strong><\/p>\n<p>La tecnologia dei misuratori di portata \u00e8 un tipo di tecnologia di misura utilizzata per misurare la velocit\u00e0 di flusso di un fluido o di un gas. Viene utilizzata in diversi settori, tra cui quello petrolifero e del gas, dell'acqua e delle acque reflue e del trattamento chimico. I flussimetri misurano la portata di un fluido o di un gas misurando la pressione, la velocit\u00e0 o altre propriet\u00e0 fisiche del fluido o del gas. I flussimetri possono essere utilizzati per misurare la portata di liquidi, gas e vapore. Vengono utilizzati per misurare la portata di una variet\u00e0 di fluidi, tra cui acqua, olio e sostanze chimiche. I misuratori di portata sono utilizzati in diverse applicazioni, tra cui il controllo dei processi, la gestione dell'energia e il monitoraggio della sicurezza.<\/p>\n<p><img style=\"max-width: 100%;\" title=\"About inline air flow meter technology\" src=\"https:\/\/www.hginstrument.com\/wp-content\/uploads\/2021\/07\/sanitary-mag-1.jpg\" alt=\"About inline air flow meter technology\" \/><\/p>\n<\/div>\n<div id=\"16\">\n<p><strong>16.Does the inline air flow meter have remote control capabilities?<\/strong><\/p>\n<p>Ci concentriamo sulle esigenze dei nostri clienti e ci sforziamo di soddisfare le loro aspettative, quindi prendiamo molto sul serio questo aspetto.<br \/>\nDipende dal modello specifico di misuratore di portata. Alcuni modelli possono essere dotati di funzionalit\u00e0 di controllo remoto, mentre altri no.<\/p>\n<\/div>\n<div id=\"17\">\n<p><strong>17.What is the difference between inline air flow meter SUYI group vs inline air flow meter Emerson vs inline air flow meter Honeywell<\/strong><\/p>\n<p>I misuratori di portata di SUYI Group, Emerson e Honeywell misurano tutti il flusso di liquidi e gas, ma differiscono in termini di precisione, caratteristiche e costo. I misuratori di portata di SUYI Group sono in genere i pi\u00f9 convenienti, ma potrebbero non avere la stessa precisione o le stesse funzioni dei modelli pi\u00f9 costosi di Emerson e Honeywell. I misuratori di portata Emerson sono noti per la loro precisione e affidabilit\u00e0, ma possono essere pi\u00f9 costosi di altri marchi. I misuratori di portata Honeywell sono noti per le loro funzioni avanzate e la loro precisione, ma possono essere i pi\u00f9 costosi dei tre.<\/p>\n<\/div>\n<p>&nbsp;<\/p>\n<p>Tag\uff1a<a href=\"\/it\/magnetic-flow-meter\/dynasonics-flow-meter\/\">dynasonics flow meter<\/a>,<a href=\"\/it\/magnetic-flow-meter\/sem-10-flow-meter\/\">sem 10 flow meter<\/a>,<a href=\"\/it\/magnetic-flow-meter\/garden-hose-water-flow-meter\/\">misuratore di portata d'acqua per tubi da giardino<\/a><\/p>\n<p>&nbsp;<\/p>","protected":false},"excerpt":{"rendered":"<p><strong>Dati tecnici<\/strong><br \/>\nPu\u00f2 servire fluidi liquidi o gassosi; di solito viene utilizzato per misurare il flusso di vapore, aria e gas naturale.<br \/>\nDimensioni del contatore: Tipo in linea: DN25 - DN300<br \/>\nOpzione materiale bagnato: SS304, SS316<br \/>\nTemperatura di funzionamento: \u2264250\u2103<br \/>\nConnessione al processo: Wafer \/ Flangia \/ Tri-clamp per il tipo in linea<br \/>\nPrecisione di misura: 1,0 % - 1,5% del campo di calibrazione<br \/>\nIndicatore digitale: visualizzazione del flusso istantaneo, del flusso totale<br \/>\nAlimentazione: 24VDC, Uscita: 4-20mA<\/p>\n<p><strong>caratteristiche<\/strong><br \/>\n1.Punti di attivazione\/disattivazione regolabili<br \/>\n2. Modalit\u00e0 di allarme flusso Hi o Lo<br \/>\n3. Ritardo regolabile<br \/>\n4.LED di stato del rel\u00e8<\/p>","protected":false},"featured_media":3691,"comment_status":"closed","ping_status":"closed","template":"","meta":[],"product_cat":[2372],"product_tag":[],"acf":[],"_links":{"self":[{"href":"https:\/\/www.hginstrument.com\/it\/wp-json\/wp\/v2\/product\/5519"}],"collection":[{"href":"https:\/\/www.hginstrument.com\/it\/wp-json\/wp\/v2\/product"}],"about":[{"href":"https:\/\/www.hginstrument.com\/it\/wp-json\/wp\/v2\/types\/product"}],"replies":[{"embeddable":true,"href":"https:\/\/www.hginstrument.com\/it\/wp-json\/wp\/v2\/comments?post=5519"}],"wp:featuredmedia":[{"embeddable":true,"href":"https:\/\/www.hginstrument.com\/it\/wp-json\/wp\/v2\/media\/3691"}],"wp:attachment":[{"href":"https:\/\/www.hginstrument.com\/it\/wp-json\/wp\/v2\/media?parent=5519"}],"wp:term":[{"taxonomy":"product_cat","embeddable":true,"href":"https:\/\/www.hginstrument.com\/it\/wp-json\/wp\/v2\/product_cat?post=5519"},{"taxonomy":"product_tag","embeddable":true,"href":"https:\/\/www.hginstrument.com\/it\/wp-json\/wp\/v2\/product_tag?post=5519"}],"curies":[{"name":"wp","href":"https:\/\/api.w.org\/{rel}","templated":true}]}}