{"id":5552,"date":"2023-12-24T10:43:22","date_gmt":"2023-12-24T02:43:22","guid":{"rendered":"https:\/\/www.hginstrument.com\/?post_type=product&#038;p=5552"},"modified":"2024-01-02T16:45:10","modified_gmt":"2024-01-02T08:45:10","slug":"insertion-mag-flow-meter","status":"publish","type":"product","link":"https:\/\/www.hginstrument.com\/it\/magnetic-flow-meter\/insertion-mag-flow-meter\/","title":{"rendered":"misuratore di portata a inserzione mag"},"content":{"rendered":"<p>Che si tratti di controllo dei processi industriali, di monitoraggio ambientale o di gestione dell'energia, il misuratore di portata Mag a inserzione \u00e8 un prodotto dalle prestazioni eccellenti che garantisce una misurazione del flusso precisa e affidabile. Grazie alla sua tecnologia avanzata e alle sue capacit\u00e0 versatili, questo dispositivo \u00e8 uno strumento essenziale per qualsiasi industria che cerchi soluzioni di monitoraggio del flusso accurate ed efficienti.<\/p>\n<p>Il misuratore di portata a inserzione \u00e8 uno strumento di precisione progettato per misurare il flusso di liquidi o gas in un tubo. \u00c8 uno strumento importante nei settori del petrolio e del gas, della chimica, della produzione di plastica e gomma, del trattamento delle acque e in molti altri.<\/p>\n<p>Grazie alla sua tecnologia avanzata e all'elevata accuratezza, il misuratore di portata a inserzione mag offre agli utenti la possibilit\u00e0 di monitorare e controllare il flusso dei loro processi con precisione ed efficienza. Grazie alla sua struttura resistente, \u00e8 in grado di sopportare condizioni operative difficili e di garantire un'affidabilit\u00e0 a lungo termine.<\/p>\n<table class=\"table table-bordered\">\n<tbody>\n<tr>\n<td><span style=\"vertical-align: inherit;\"><span style=\"vertical-align: inherit;\">Tipo: il tipo<\/span><\/span><\/td>\n<td><span style=\"vertical-align: inherit;\">misuratore di portata a inserzione mag<\/span><\/td>\n<td><span style=\"vertical-align: inherit;\"><span style=\"vertical-align: inherit;\">Segnale d'uscita: segnale d'uscita<\/span><\/span><\/td>\n<td><span style=\"vertical-align: inherit;\"><span style=\"vertical-align: inherit;\">4-23mA, impulso\/frequenza 2kHz (default), 5KHz (max)<\/span><\/span><\/td>\n<\/tr>\n<tr>\n<td><span style=\"vertical-align: inherit;\"><span style=\"vertical-align: inherit;\">Luogo di origine: il luogo di origine<\/span><\/span><\/td>\n<td><span style=\"vertical-align: inherit;\"><span style=\"vertical-align: inherit;\">Jiangsu, Cina<\/span><\/span><\/td>\n<td><span style=\"vertical-align: inherit;\"><span style=\"vertical-align: inherit;\">Incorporare il tipo: il tipo<\/span><\/span><\/td>\n<td><span style=\"vertical-align: inherit;\"><span style=\"vertical-align: inherit;\">-10\u2103- +59\u2103<\/span><\/span><\/td>\n<\/tr>\n<tr>\n<td><span style=\"vertical-align: inherit;\"><span style=\"vertical-align: inherit;\">Garanzia: garanzia<\/span><\/span><\/td>\n<td><span style=\"vertical-align: inherit;\"><span style=\"vertical-align: inherit;\">25 mesi<\/span><\/span><\/td>\n<td><span style=\"vertical-align: inherit;\"><span style=\"vertical-align: inherit;\">Tensione di alimentazione: tensione di alimentazione<\/span><\/span><\/td>\n<td><span style=\"vertical-align: inherit;\"><span style=\"vertical-align: inherit;\">110\/220VAC (100-240VAC), 50Hz\/60Hz; 24VDC\u00b110%<\/span><\/span><\/td>\n<\/tr>\n<tr>\n<td><span style=\"vertical-align: inherit;\"><span style=\"vertical-align: inherit;\">Supporto personalizzato\uff1aSupporto personalizzato<\/span><\/span><\/td>\n<td><span style=\"vertical-align: inherit;\"><span style=\"vertical-align: inherit;\">OEM, ODM, OBM<\/span><\/span><\/td>\n<td><span style=\"vertical-align: inherit;\"><span style=\"vertical-align: inherit;\">Comunicazione digitale: comunicazione digitale<\/span><\/span><\/td>\n<td><span style=\"vertical-align: inherit;\"><span style=\"vertical-align: inherit;\">RS-485, supporto del protocollo standard Mudbugs-RTU; GPRS<\/span><\/span><\/td>\n<\/tr>\n<tr>\n<td><span style=\"vertical-align: inherit;\"><span style=\"vertical-align: inherit;\">Nome della marca: Nome della marca: Nome della marca: Nome della marca: Nome della marca: Nome della marca<\/span><\/span><\/td>\n<td><span style=\"vertical-align: inherit;\"><span style=\"vertical-align: inherit;\">GRUPPO SUYI<\/span><\/span><\/td>\n<td><span style=\"vertical-align: inherit;\"><span style=\"vertical-align: inherit;\">Pressione nominale: pressione nominale<\/span><\/span><\/td>\n<td><span style=\"vertical-align: inherit;\"><span style=\"vertical-align: inherit;\">1MPa (DN15-DN800), 1,6MPa (DN15-DN800), 2,5MPa (DN15-DN600)<\/span><\/span><\/td>\n<\/tr>\n<tr>\n<td><span style=\"vertical-align: inherit;\"><span style=\"vertical-align: inherit;\">Numero di modello: Numero di modello: Numero di modello: Numero di modello: Numero di modello: Numero di modello<\/span><\/span><\/td>\n<td><span style=\"vertical-align: inherit;\"><span style=\"vertical-align: inherit;\">altro<\/span><\/span><\/td>\n<td><span style=\"vertical-align: inherit;\"><span style=\"vertical-align: inherit;\">Sensore: sensore<\/span><\/span><\/td>\n<td><span style=\"vertical-align: inherit;\"><span style=\"vertical-align: inherit;\">0\u2103- +80\u2103 o -25\u2103- +120\u2103 o +70\u2103- +250\u2103<\/span><\/span><\/td>\n<\/tr>\n<tr>\n<td><span style=\"vertical-align: inherit;\"><span style=\"vertical-align: inherit;\">Nome del prodotto: Nome del prodotto: Nome del prodotto: Nome del prodotto: Nome del prodotto: Nome del prodotto<\/span><\/span><\/td>\n<td><span style=\"vertical-align: inherit;\"><span style=\"vertical-align: inherit;\">Misuratore di portata dell'acqua chimica digitale intelligente elettromagnetico<\/span><\/span><\/td>\n<td><span style=\"vertical-align: inherit;\"><span style=\"vertical-align: inherit;\">Dettagli dell'imballaggio:<\/span><\/span><\/td>\n<td><span style=\"vertical-align: inherit;\"><span style=\"vertical-align: inherit;\">1 set per confezione o come richiesto dal cliente<\/span><\/span><\/td>\n<\/tr>\n<tr>\n<td><span style=\"vertical-align: inherit;\"><span style=\"vertical-align: inherit;\">Diametro nominale: diametro nominale<\/span><\/span><\/td>\n<td><span style=\"vertical-align: inherit;\"><span style=\"vertical-align: inherit;\">3-3274 mm<\/span><\/span><\/td>\n<td><span style=\"vertical-align: inherit;\"><span style=\"vertical-align: inherit;\">Capacit\u00e0 di approvvigionamento<\/span><\/span><\/td>\n<td><span style=\"vertical-align: inherit;\"><span style=\"vertical-align: inherit;\">2425 Set\/Set al mese<\/span><\/span><\/td>\n<\/tr>\n<tr>\n<td><span style=\"vertical-align: inherit;\"><span style=\"vertical-align: inherit;\">gamma di velocit\u00e0: il campo di velocit\u00e0<\/span><\/span><\/td>\n<td><span style=\"vertical-align: inherit;\"><span style=\"vertical-align: inherit;\">0-9m\/s<\/span><\/span><\/td>\n<td><span style=\"vertical-align: inherit;\"><span style=\"vertical-align: inherit;\">Quantit\u00e0 (set)<\/span><\/span><\/td>\n<td><span style=\"vertical-align: inherit;\"><span style=\"vertical-align: inherit;\">&gt; 30<\/span><\/span><\/td>\n<\/tr>\n<tr>\n<td><span style=\"vertical-align: inherit;\"><span style=\"vertical-align: inherit;\">Grado di accuratezza: il grado di accuratezza<\/span><\/span><\/td>\n<td><span style=\"vertical-align: inherit;\"><span style=\"vertical-align: inherit;\">\u00b10,5%R, \u00b11%R ( &lt; DN20)<\/span><\/span><\/td>\n<td><span style=\"vertical-align: inherit;\"><span style=\"vertical-align: inherit;\">Tempi di consegna (giorni)<\/span><\/span><\/td>\n<td><span style=\"vertical-align: inherit;\"><span style=\"vertical-align: inherit;\">Da negoziare<\/span><\/span><\/td>\n<\/tr>\n<\/tbody>\n<\/table>\n<p>&nbsp;<\/p>\n<p>&nbsp;<\/p>\n<p style=\"text-align: center;\"><img title=\"misuratore di portata a inserzione mag\" src=\"https:\/\/www.hginstrument.com\/wp-content\/uploads\/2021\/07\/in-line-pipeline-type-hgd-electromagnetic-flow-meter.jpg\" \/><\/p>\n<p>&nbsp;<\/p>\n<p>&nbsp;<\/p>\n<p style=\"text-align: center;\"><img title=\"misuratore di portata a inserzione mag\" src=\"https:\/\/www.hginstrument.com\/wp-content\/uploads\/2021\/07\/insertion-01.jpg\" \/><\/p>\n<p>&nbsp;<\/p>\n<p>&nbsp;<\/p>\n<p style=\"text-align: center;\"><img title=\"misuratore di portata a inserzione mag\" src=\"https:\/\/www.hginstrument.com\/wp-content\/uploads\/2021\/07\/sanitary-mag-1.jpg\" \/><\/p>\n<p><strong>Misuratore di portata a inserzione mag Guida alle domande frequenti.<\/strong><\/p>\n<p>Il cuore della nostra serie di misuratori di portata a inserzione \u00e8 l'impegno per l'eccellenza, che unisce la tecnologia avanzata dei sensori a interfacce di facile utilizzo. Dai liquidi ai gas, i nostri misuratori offrono una precisione senza pari, consentendovi di prendere decisioni informate e di ottimizzare le operazioni. Mentre inauguriamo una nuova era della misurazione dei fluidi, vi invitiamo a esplorare le possibilit\u00e0 illimitate che i nostri misuratori di portata mag a inserzione dischiudono: dove la precisione incontra le prestazioni e l'innovazione fluisce senza soluzione di continuit\u00e0.<\/p>\n<div style=\"border: 3px solid #f89900; margin: 20px 0; padding: 20px;\"><a href=\"\/it\/insertion-mag-flow-meter\/#01\">1.Informazioni sulle capacit\u00e0 di ricerca e sviluppo dei misuratori di portata a magma a inserzione<\/a><br \/>\n<a href=\"\/it\/insertion-mag-flow-meter\/#02\">2.Informazioni sul sistema di approvvigionamento delle materie prime del misuratore di portata a magma a inserimento<\/a><br \/>\n<a href=\"\/it\/insertion-mag-flow-meter\/#03\">3.About inserimento mag misuratore di portata attrezzature di produzione<\/a><br \/>\n<a href=\"\/it\/insertion-mag-flow-meter\/#04\">4.Come calibrare un misuratore di portata a inserzione?<\/a><br \/>\n<a href=\"\/it\/insertion-mag-flow-meter\/#05\">5.Il misuratore di portata a inserzione richiede una fonte di alimentazione esterna?<\/a><br \/>\n<a href=\"\/it\/insertion-mag-flow-meter\/#06\">6.Per quali settori \u00e8 adatto il misuratore di portata a inserzione?<\/a><br \/>\n<a href=\"\/it\/insertion-mag-flow-meter\/#07\">7.Informazioni sulla formazione alla produzione di misuratori di portata a magma a inserimento<\/a><br \/>\n<a href=\"\/it\/insertion-mag-flow-meter\/#08\">8.Informazioni sul metodo di pagamento del misuratore di portata a inserzione mag<\/a><br \/>\n<a href=\"\/it\/insertion-mag-flow-meter\/#09\">9.Informazioni sull'inventario dei misuratori di portata a inserzione mag.<\/a><br \/>\n<a href=\"\/it\/insertion-mag-flow-meter\/#010\">10.Informazioni sui servizi di personalizzazione dei misuratori di portata a inserzione mag<\/a><br \/>\n<a href=\"\/it\/insertion-mag-flow-meter\/#11\">11.Informazioni sulla scala della fabbrica di misuratori di portata a magma di inserimento<\/a><br \/>\n<a href=\"\/it\/insertion-mag-flow-meter\/#12\">12.In che modo il misuratore di portata a inserzione rileva le propriet\u00e0 del fluido di destinazione?<\/a><br \/>\n<a href=\"\/it\/insertion-mag-flow-meter\/#13\">13.Il misuratore di portata a inserzione pu\u00f2 essere dotato di sensori di diversa precisione?<\/a><\/div>\n<div id=\"01\">\n<p><strong>1.Informazioni sulle capacit\u00e0 di ricerca e sviluppo dei misuratori di portata a magma a inserzione<\/strong><\/p>\n<p>Le capacit\u00e0 di R&amp;S dei misuratori di portata si riferiscono alla capacit\u00e0 di un'azienda o di un'organizzazione di ricercare, sviluppare e produrre misuratori di portata. Ci\u00f2 include la capacit\u00e0 di progettare, testare e produrre misuratori di portata che soddisfino i requisiti dei clienti e gli standard del settore. Include anche la capacit\u00e0 di sviluppare nuove tecnologie e prodotti per soddisfare le mutevoli esigenze del settore. Le aziende con una forte capacit\u00e0 di ricerca e sviluppo sono in grado di essere all'avanguardia rispetto alla concorrenza e di fornire ai clienti i misuratori di portata pi\u00f9 avanzati e affidabili.<\/p>\n<\/div>\n<div id=\"02\">\n<p><strong>2.Informazioni sul sistema di approvvigionamento delle materie prime del misuratore di portata a magma a inserimento<\/strong><\/p>\n<p>Un sistema di approvvigionamento di materie prime per misuratori di portata \u00e8 una soluzione software progettata per semplificare il processo di acquisto delle materie prime per la produzione di misuratori di portata. Il sistema consente agli utenti di ricercare e acquistare in modo rapido e semplice i componenti necessari per la produzione dei misuratori di portata. Fornisce inoltre informazioni dettagliate sui componenti, compresi prezzi, disponibilit\u00e0 e tempi di consegna. Il sistema consente inoltre di tenere traccia degli ordini e di gestire l'inventario. Ci\u00f2 contribuisce a garantire che i componenti giusti siano sempre disponibili quando servono.<\/p>\n<\/div>\n<div id=\"03\">\n<p><strong>3.About inserimento mag misuratore di portata attrezzature di produzione<\/strong><\/p>\n<p>Le attrezzature per la produzione di misuratori di portata sono utilizzate per produrre misuratori di portata, che sono dispositivi utilizzati per misurare la velocit\u00e0 di flusso di un liquido o di un gas. Queste attrezzature comprendono in genere una serie di macchine e strumenti, come torni, fresatrici, trapani e macchine CNC. Comprende anche strumenti specializzati per l'assemblaggio e il collaudo dei misuratori di portata. Le attrezzature utilizzate per produrre i misuratori di portata sono altamente specializzate e devono essere in grado di produrre risultati accurati e affidabili.<\/p>\n<\/div>\n<div id=\"04\">\n<p><strong>4.Come calibrare un misuratore di portata a inserzione?<\/strong><\/p>\n<p>Essendo uno dei principali produttori di misuratori di portata a inserimento in Cina, attribuiamo grande importanza a questo dettaglio.<br \/>\n1. Controllare le istruzioni del produttore per il misuratore di portata specifico che si sta utilizzando.<\/p>\n<p>2. Assicurarsi che il flussometro sia installato correttamente e che tutti i collegamenti siano saldi.<\/p>\n<p>3. Collegare il flussimetro a un dispositivo di calibrazione, come un impianto di calibrazione del flusso o un anello di calibrazione del flusso.<\/p>\n<p>4. Impostare il dispositivo di calibrazione sulla portata desiderata.<\/p>\n<p>5. Accendere il flussometro e lasciarlo funzionare per alcuni minuti per assicurarsi che sia stabile.<\/p>\n<p>6. Controllare la lettura del flussometro rispetto alla lettura del dispositivo di calibrazione.<\/p>\n<p>7. Regolare le impostazioni del flussometro come necessario per farle corrispondere alla lettura del dispositivo di calibrazione.<\/p>\n<p>8. Ripetere i punti 4-7 finch\u00e9 la lettura del flussometro non corrisponde a quella del dispositivo di calibrazione.<\/p>\n<p>9. Registrare le impostazioni del flussometro e la lettura del dispositivo di calibrazione per riferimenti futuri.<\/p>\n<p><img style=\"max-width: 100%;\" title=\"Come calibrare un misuratore di portata a inserzione?\" src=\"https:\/\/www.hginstrument.com\/wp-content\/uploads\/2021\/07\/verabar-1.jpg\" alt=\"Come calibrare un misuratore di portata a inserzione?\" \/><\/p>\n<\/div>\n<div id=\"05\">\n<p><strong>5.Il misuratore di portata a inserzione richiede una fonte di alimentazione esterna?<\/strong><\/p>\n<p>Aderiamo al principio della qualit\u00e0 prima di tutto e disponiamo di un sistema completo di gestione della qualit\u00e0 della produzione e di un processo di ispezione della qualit\u00e0.<br \/>\nDipende dal tipo di misuratore di portata. Alcuni misuratori di portata sono alimentati da una fonte di energia esterna, mentre altri sono alimentati dal flusso del liquido o del gas da misurare.<\/p>\n<\/div>\n<div id=\"06\">\n<p><strong>6.Per quali settori \u00e8 adatto il misuratore di portata a inserzione?<\/strong><\/p>\n<p>Manteniamo una certa quantit\u00e0 di investimenti in R&amp;S ogni anno e miglioriamo continuamente l'efficienza operativa per fornire servizi migliori ai nostri clienti cooperativi.<br \/>\nI misuratori di portata sono adatti a un'ampia gamma di settori, tra cui petrolio e gas, acqua e acque reflue, lavorazione chimica, alimenti e bevande, farmaceutico, produzione di energia e HVAC.<\/p>\n<\/div>\n<div id=\"07\">\n<p><strong>7.Informazioni sulla formazione alla produzione di misuratori di portata a magma a inserimento<\/strong><\/p>\n<p>Il corso di formazione sulla produzione di misuratori di portata \u00e8 progettato per insegnare a tecnici e ingegneri le competenze necessarie per la produzione e la manutenzione dei misuratori di portata. La formazione copre argomenti quali i principi della misurazione del flusso, i tipi di misuratori di flusso disponibili, l'installazione e la manutenzione dei misuratori di flusso e le tecniche di risoluzione dei problemi. La formazione comprende anche l'uso del software per analizzare e interpretare i dati di flusso. La formazione si svolge in genere in un'aula e pu\u00f2 includere attivit\u00e0 pratiche.<\/p>\n<\/div>\n<div id=\"08\">\n<p><strong>8.Informazioni sul metodo di pagamento del misuratore di portata a inserzione mag<\/strong><\/p>\n<p>Il pagamento tramite contatore di flusso \u00e8 un metodo di pagamento che utilizza un contatore di flusso per misurare la quantit\u00e0 di energia utilizzata da un cliente. Il cliente paga l'energia utilizzata in base alla quantit\u00e0 di energia misurata dal contatore. Questo metodo di pagamento \u00e8 spesso utilizzato in ambienti commerciali e industriali, dove il consumo di energia \u00e8 elevato e deve essere monitorato con precisione. Il pagamento tramite contatore di flusso \u00e8 utilizzato anche in alcuni contesti residenziali, dove i clienti possono pagare per il loro utilizzo di energia in base alla quantit\u00e0 di energia che utilizzano.<\/p>\n<p><img style=\"max-width: 100%;\" title=\"Metodo di pagamento del misuratore di portata a inserzione\" src=\"https:\/\/www.hginstrument.com\/wp-content\/uploads\/2021\/07\/wall-mount-1f.jpg\" alt=\"Metodo di pagamento del misuratore di portata a inserzione\" \/><\/p>\n<\/div>\n<div id=\"09\">\n<p><strong>9.Informazioni sull'inventario dei misuratori di portata a inserzione mag.<\/strong><\/p>\n<p>L'inventario dei misuratori di portata \u00e8 un sistema utilizzato per tracciare e gestire i misuratori di portata utilizzati nelle applicazioni industriali e commerciali. Viene utilizzato per monitorare le prestazioni dei misuratori di portata e per garantire che siano mantenuti e calibrati correttamente. Il sistema di inventario pu\u00f2 anche essere utilizzato per tenere traccia del costo dei misuratori di portata e per identificare eventuali problemi o problemi potenziali con i misuratori di portata.<\/p>\n<\/div>\n<div id=\"010\">\n<p><strong>10.Informazioni sui servizi di personalizzazione dei misuratori di portata a inserzione mag<\/strong><\/p>\n<p>I servizi di personalizzazione dei misuratori di portata sono progettati per fornire ai clienti una soluzione su misura per le loro specifiche esigenze di misurazione del flusso. Questi servizi possono includere la personalizzazione del misuratore di portata per adattarlo a una particolare applicazione, come una specifica dimensione del tubo o portata, o per soddisfare un determinato requisito di precisione. I servizi di personalizzazione possono anche comprendere la modifica del misuratore di portata per includere caratteristiche aggiuntive, come un display o funzionalit\u00e0 di registrazione dei dati. I servizi di personalizzazione dei misuratori di portata possono includere anche l'installazione del misuratore di portata, nonch\u00e9 la fornitura di assistenza tecnica e manutenzione.<\/p>\n<\/div>\n<div id=\"11\">\n<p><strong>11.Informazioni sulla scala della fabbrica di misuratori di portata a magma di inserimento<\/strong><\/p>\n<p>Le fabbriche di misuratori di portata variano per dimensioni e portata, a seconda del tipo di misuratori di portata che producono. Alcune fabbriche possono essere specializzate nella produzione di un singolo tipo di misuratore di portata, mentre altre possono produrne una variet\u00e0 di tipi diversi. Alcune fabbriche possono essere grandi, con centinaia di dipendenti, mentre altre possono essere piccole, con pochi dipendenti. Le dimensioni della fabbrica dipendono anche dal tipo di misuratori di portata che produce e dalla domanda di tali misuratori.<\/p>\n<\/div>\n<div id=\"12\">\n<p><strong>12.In che modo il misuratore di portata a inserzione rileva le propriet\u00e0 del fluido di destinazione?<\/strong><\/p>\n<p>Come uno dei leader del mercato dei misuratori di portata a inserzione, siamo noti per l'innovazione e l'affidabilit\u00e0.<br \/>\nI flussimetri misurano la portata di un fluido rilevandone la velocit\u00e0. Ci\u00f2 avviene tipicamente misurando la caduta di pressione attraverso una restrizione nota nel percorso del flusso, oppure misurando la velocit\u00e0 del fluido utilizzando una serie di tecnologie come quella ultrasonica, magnetica o termica. La portata pu\u00f2 quindi essere utilizzata per calcolare le propriet\u00e0 del fluido, come la densit\u00e0, la viscosit\u00e0 e la portata volumetrica.<\/p>\n<p><img style=\"max-width: 100%;\" title=\"In che modo il misuratore di portata a magma inseribile rileva le propriet\u00e0 del fluido di destinazione?\" src=\"https:\/\/www.hginstrument.com\/wp-content\/uploads\/2021\/07\/sanitary-mag-1.jpg\" alt=\"In che modo il misuratore di portata a magma inseribile rileva le propriet\u00e0 del fluido di destinazione?\" \/><\/p>\n<\/div>\n<div id=\"13\">\n<p><strong>13.Il misuratore di portata a inserzione pu\u00f2 essere dotato di sensori di diversa precisione?<\/strong><\/p>\n<p>S\u00ec, i misuratori di portata possono essere dotati di sensori di diversa precisione. Sono disponibili diversi tipi di misuratori di portata con diversi livelli di precisione, a seconda dell'applicazione. Ad esempio, i misuratori di portata a turbina sono in genere pi\u00f9 precisi di quelli a ruota dentata.<\/p>\n<\/div>\n<p>&nbsp;<\/p>\n<p>Tag\uff1a<a href=\"\/it\/magnetic-flow-meter\/3-inch-flow-meter\/\">Misuratore di portata da 3 pollici<\/a>,<a href=\"\/it\/magnetic-flow-meter\/emerson-magnetic-flow-meter\/\">misuratore di portata magnetico emerson<\/a>,<a href=\"\/it\/magnetic-flow-meter\/oil-flow-meter\/\">misuratore di portata dell'olio<\/a>,<a href=\"\/it\/magnetic-flow-meter\/insertion-vortex-flow-meter\/\">misuratore di portata a vortice a inserzione<\/a>,<a href=\"\/it\/magnetic-flow-meter\/pc-water-cooling-flow-meter\/\">misuratore di portata per il raffreddamento dell'acqua del pc<\/a><\/p>\n<p>&nbsp;<\/p>","protected":false},"excerpt":{"rendered":"<p><strong>Dati tecnici<\/strong><br \/>\nPu\u00f2 servire fluidi liquidi o gassosi; di solito viene utilizzato per misurare il flusso di vapore, aria e gas naturale.<br \/>\nDimensioni del contatore: Tipo in linea: DN25 - DN300<br \/>\nOpzione materiale bagnato: SS304, SS316<br \/>\nTemperatura di funzionamento: \u2264250\u2103<br \/>\nConnessione al processo: Wafer \/ Flangia \/ Tri-clamp per il tipo in linea<br \/>\nPrecisione di misura: 1,0 % - 1,5% del campo di calibrazione<br \/>\nIndicatore digitale: visualizzazione del flusso istantaneo, del flusso totale<br \/>\nAlimentazione: 24VDC, Uscita: 4-20mA<\/p>\n<p><strong>caratteristiche<\/strong><br \/>\n1.Punti di attivazione\/disattivazione regolabili<br \/>\n2. Modalit\u00e0 di allarme flusso Hi o Lo<br \/>\n3. Ritardo regolabile<br \/>\n4.LED di stato del rel\u00e8<\/p>","protected":false},"featured_media":3691,"comment_status":"closed","ping_status":"closed","template":"","meta":[],"product_cat":[2372],"product_tag":[],"acf":[],"_links":{"self":[{"href":"https:\/\/www.hginstrument.com\/it\/wp-json\/wp\/v2\/product\/5552"}],"collection":[{"href":"https:\/\/www.hginstrument.com\/it\/wp-json\/wp\/v2\/product"}],"about":[{"href":"https:\/\/www.hginstrument.com\/it\/wp-json\/wp\/v2\/types\/product"}],"replies":[{"embeddable":true,"href":"https:\/\/www.hginstrument.com\/it\/wp-json\/wp\/v2\/comments?post=5552"}],"wp:featuredmedia":[{"embeddable":true,"href":"https:\/\/www.hginstrument.com\/it\/wp-json\/wp\/v2\/media\/3691"}],"wp:attachment":[{"href":"https:\/\/www.hginstrument.com\/it\/wp-json\/wp\/v2\/media?parent=5552"}],"wp:term":[{"taxonomy":"product_cat","embeddable":true,"href":"https:\/\/www.hginstrument.com\/it\/wp-json\/wp\/v2\/product_cat?post=5552"},{"taxonomy":"product_tag","embeddable":true,"href":"https:\/\/www.hginstrument.com\/it\/wp-json\/wp\/v2\/product_tag?post=5552"}],"curies":[{"name":"wp","href":"https:\/\/api.w.org\/{rel}","templated":true}]}}