{"id":5649,"date":"2023-12-24T14:28:51","date_gmt":"2023-12-24T06:28:51","guid":{"rendered":"https:\/\/www.hginstrument.com\/?post_type=product&#038;p=5649"},"modified":"2024-01-02T11:06:25","modified_gmt":"2024-01-02T03:06:25","slug":"master-meter-flow-meter","status":"publish","type":"product","link":"https:\/\/www.hginstrument.com\/it\/magnetic-flow-meter\/master-meter-flow-meter\/","title":{"rendered":"misuratore master misuratore di portata"},"content":{"rendered":"<p>Questo dispositivo avanzato \u00e8 progettato per misurare la quantit\u00e0 e la velocit\u00e0 di liquidi, gas o vapore durante il passaggio attraverso un tubo o un condotto. Con la sua tecnologia all'avanguardia e le sue prestazioni superiori, il misuratore di portata master meter offre misurazioni precise e affidabili che aiutano a ottimizzare i processi e a migliorare l'efficienza.<\/p>\n<p>Il misuratore di portata master meter \u00e8 uno strumento di precisione progettato per misurare il flusso di liquido o gas in una tubazione. \u00c8 uno strumento importante nei settori petrolifero e del gas, chimico, minerario e della lavorazione dei metalli, del trattamento delle acque e in molti altri settori.<\/p>\n<p>Grazie alla sua tecnologia avanzata e all'elevata accuratezza, il misuratore di portata master meter offre agli utenti la possibilit\u00e0 di monitorare e controllare il flusso dei loro processi con precisione ed efficienza. Grazie alla sua struttura resistente, \u00e8 in grado di sopportare condizioni operative difficili e di garantire un'affidabilit\u00e0 a lungo termine.<\/p>\n<table class=\"table table-bordered\">\n<tbody>\n<tr>\n<td><span style=\"vertical-align: inherit;\"><span style=\"vertical-align: inherit;\">Tipo: il tipo<\/span><\/span><\/td>\n<td><span style=\"vertical-align: inherit;\">misuratore master misuratore di portata<\/span><\/td>\n<td><span style=\"vertical-align: inherit;\"><span style=\"vertical-align: inherit;\">Segnale d'uscita: segnale d'uscita<\/span><\/span><\/td>\n<td><span style=\"vertical-align: inherit;\"><span style=\"vertical-align: inherit;\">4-16mA, impulso\/frequenza 2kHz (default), 5KHz (max)<\/span><\/span><\/td>\n<\/tr>\n<tr>\n<td><span style=\"vertical-align: inherit;\"><span style=\"vertical-align: inherit;\">Luogo di origine: il luogo di origine<\/span><\/span><\/td>\n<td><span style=\"vertical-align: inherit;\"><span style=\"vertical-align: inherit;\">Jiangsu, Cina<\/span><\/span><\/td>\n<td><span style=\"vertical-align: inherit;\"><span style=\"vertical-align: inherit;\">Incorporare il tipo: il tipo<\/span><\/span><\/td>\n<td><span style=\"vertical-align: inherit;\"><span style=\"vertical-align: inherit;\">-10\u2103- +54\u2103<\/span><\/span><\/td>\n<\/tr>\n<tr>\n<td><span style=\"vertical-align: inherit;\"><span style=\"vertical-align: inherit;\">Garanzia: garanzia<\/span><\/span><\/td>\n<td><span style=\"vertical-align: inherit;\"><span style=\"vertical-align: inherit;\">15 mesi<\/span><\/span><\/td>\n<td><span style=\"vertical-align: inherit;\"><span style=\"vertical-align: inherit;\">Tensione di alimentazione: tensione di alimentazione<\/span><\/span><\/td>\n<td><span style=\"vertical-align: inherit;\"><span style=\"vertical-align: inherit;\">110\/220VAC (100-240VAC), 50Hz\/60Hz; 24VDC\u00b110%<\/span><\/span><\/td>\n<\/tr>\n<tr>\n<td><span style=\"vertical-align: inherit;\"><span style=\"vertical-align: inherit;\">Supporto personalizzato\uff1aSupporto personalizzato<\/span><\/span><\/td>\n<td><span style=\"vertical-align: inherit;\"><span style=\"vertical-align: inherit;\">OEM, ODM, OBM<\/span><\/span><\/td>\n<td><span style=\"vertical-align: inherit;\"><span style=\"vertical-align: inherit;\">Comunicazione digitale: comunicazione digitale<\/span><\/span><\/td>\n<td><span style=\"vertical-align: inherit;\"><span style=\"vertical-align: inherit;\">RS-485, supporto del protocollo standard Mudbugs-RTU; GPRS<\/span><\/span><\/td>\n<\/tr>\n<tr>\n<td><span style=\"vertical-align: inherit;\"><span style=\"vertical-align: inherit;\">Nome della marca: Nome della marca: Nome della marca: Nome della marca: Nome della marca: Nome della marca<\/span><\/span><\/td>\n<td><span style=\"vertical-align: inherit;\"><span style=\"vertical-align: inherit;\">GRUPPO SUYI<\/span><\/span><\/td>\n<td><span style=\"vertical-align: inherit;\"><span style=\"vertical-align: inherit;\">Pressione nominale: pressione nominale<\/span><\/span><\/td>\n<td><span style=\"vertical-align: inherit;\"><span style=\"vertical-align: inherit;\">1MPa (DN15-DN800), 1,6MPa (DN15-DN800), 2,5MPa (DN15-DN600)<\/span><\/span><\/td>\n<\/tr>\n<tr>\n<td><span style=\"vertical-align: inherit;\"><span style=\"vertical-align: inherit;\">Numero di modello: Numero di modello: Numero di modello: Numero di modello: Numero di modello: Numero di modello<\/span><\/span><\/td>\n<td><span style=\"vertical-align: inherit;\"><span style=\"vertical-align: inherit;\">altro<\/span><\/span><\/td>\n<td><span style=\"vertical-align: inherit;\"><span style=\"vertical-align: inherit;\">Sensore: sensore<\/span><\/span><\/td>\n<td><span style=\"vertical-align: inherit;\"><span style=\"vertical-align: inherit;\">0\u2103- +80\u2103 o -25\u2103- +120\u2103 o +70\u2103- +250\u2103<\/span><\/span><\/td>\n<\/tr>\n<tr>\n<td><span style=\"vertical-align: inherit;\"><span style=\"vertical-align: inherit;\">Nome del prodotto: Nome del prodotto: Nome del prodotto: Nome del prodotto: Nome del prodotto: Nome del prodotto<\/span><\/span><\/td>\n<td><span style=\"vertical-align: inherit;\"><span style=\"vertical-align: inherit;\">Misuratore di portata dell'acqua chimica digitale intelligente elettromagnetico<\/span><\/span><\/td>\n<td><span style=\"vertical-align: inherit;\"><span style=\"vertical-align: inherit;\">Dettagli dell'imballaggio:<\/span><\/span><\/td>\n<td><span style=\"vertical-align: inherit;\"><span style=\"vertical-align: inherit;\">1 set per confezione o come richiesto dal cliente<\/span><\/span><\/td>\n<\/tr>\n<tr>\n<td><span style=\"vertical-align: inherit;\"><span style=\"vertical-align: inherit;\">Diametro nominale: diametro nominale<\/span><\/span><\/td>\n<td><span style=\"vertical-align: inherit;\"><span style=\"vertical-align: inherit;\">3-3446 mm<\/span><\/span><\/td>\n<td><span style=\"vertical-align: inherit;\"><span style=\"vertical-align: inherit;\">Capacit\u00e0 di approvvigionamento<\/span><\/span><\/td>\n<td><span style=\"vertical-align: inherit;\"><span style=\"vertical-align: inherit;\">1586 Set\/Set al mese<\/span><\/span><\/td>\n<\/tr>\n<tr>\n<td><span style=\"vertical-align: inherit;\"><span style=\"vertical-align: inherit;\">gamma di velocit\u00e0: il campo di velocit\u00e0<\/span><\/span><\/td>\n<td><span style=\"vertical-align: inherit;\"><span style=\"vertical-align: inherit;\">0-9m\/s<\/span><\/span><\/td>\n<td><span style=\"vertical-align: inherit;\"><span style=\"vertical-align: inherit;\">Quantit\u00e0 (set)<\/span><\/span><\/td>\n<td><span style=\"vertical-align: inherit;\"><span style=\"vertical-align: inherit;\">&gt; 30<\/span><\/span><\/td>\n<\/tr>\n<tr>\n<td><span style=\"vertical-align: inherit;\"><span style=\"vertical-align: inherit;\">Grado di accuratezza: il grado di accuratezza<\/span><\/span><\/td>\n<td><span style=\"vertical-align: inherit;\"><span style=\"vertical-align: inherit;\">\u00b10,5%R, \u00b11%R ( &lt; DN20)<\/span><\/span><\/td>\n<td><span style=\"vertical-align: inherit;\"><span style=\"vertical-align: inherit;\">Tempi di consegna (giorni)<\/span><\/span><\/td>\n<td><span style=\"vertical-align: inherit;\"><span style=\"vertical-align: inherit;\">Da negoziare<\/span><\/span><\/td>\n<\/tr>\n<\/tbody>\n<\/table>\n<p>&nbsp;<\/p>\n<p>&nbsp;<\/p>\n<p style=\"text-align: center;\"><img title=\"misuratore master misuratore di portata\" src=\"https:\/\/www.hginstrument.com\/wp-content\/uploads\/2021\/07\/in-line-pipeline-type-hgd-electromagnetic-flow-meter.jpg\" \/><\/p>\n<p>&nbsp;<\/p>\n<p>&nbsp;<\/p>\n<p style=\"text-align: center;\"><img title=\"misuratore master misuratore di portata\" src=\"https:\/\/www.hginstrument.com\/wp-content\/uploads\/2021\/07\/insertion-01.jpg\" \/><\/p>\n<p>&nbsp;<\/p>\n<p>&nbsp;<\/p>\n<p style=\"text-align: center;\"><img title=\"misuratore master misuratore di portata\" src=\"https:\/\/www.hginstrument.com\/wp-content\/uploads\/2021\/07\/sanitary-mag-1.jpg\" \/><\/p>\n<p><strong>Guida alle domande frequenti sui misuratori di portata master.<\/strong><\/p>\n<p>Il cuore della nostra serie di misuratori di portata master meter risiede in un impegno all'eccellenza, che unisce la tecnologia avanzata dei sensori a interfacce di facile utilizzo. Dai liquidi ai gas, i nostri misuratori offrono una precisione senza pari, consentendovi di prendere decisioni informate e di ottimizzare le operazioni. Mentre inauguriamo una nuova era della misurazione dei fluidi, vi invitiamo a esplorare le possibilit\u00e0 illimitate offerte dai nostri misuratori di portata MasterMeter, dove la precisione incontra le prestazioni e l'innovazione fluisce senza soluzione di continuit\u00e0.<\/p>\n<div style=\"border: 3px solid #f89900; margin: 20px 0; padding: 20px;\"><a href=\"\/it\/master-meter-flow-meter\/#01\">1. Informazioni sulla scala della fabbrica di misuratori di portata master meter<\/a><br \/>\n<a href=\"\/it\/master-meter-flow-meter\/#02\">2.Il misuratore di portata master richiede una fonte di alimentazione esterna?<\/a><br \/>\n<a href=\"\/it\/master-meter-flow-meter\/#03\">3.Come calibrare un misuratore di portata master?<\/a><br \/>\n<a href=\"\/it\/master-meter-flow-meter\/#04\">4.Informazioni sui servizi di personalizzazione del misuratore di portata master meter<\/a><br \/>\n<a href=\"\/it\/master-meter-flow-meter\/#05\">5.Informazioni sulla formazione delle competenze di produzione del misuratore di portata master<\/a><br \/>\n<a href=\"\/it\/master-meter-flow-meter\/#06\">6.Il misuratore di portata master ha capacit\u00e0 di memorizzazione dei dati?<\/a><br \/>\n<a href=\"\/it\/master-meter-flow-meter\/#07\">7.Qual \u00e8 il principio principale del misuratore di portata master meter?<\/a><br \/>\n<a href=\"\/it\/master-meter-flow-meter\/#08\">8.Informazioni sulla garanzia del misuratore di portata master<\/a><br \/>\n<a href=\"\/it\/master-meter-flow-meter\/#09\">9.Qual \u00e8 la differenza tra il misuratore di portata SUYI group e il misuratore di portata Endress+Hauser e il misuratore di portata KROHNE?<\/a><br \/>\n<a href=\"\/it\/master-meter-flow-meter\/#010\">10.Informazioni sui servizi di personalizzazione dei misuratori di portata master meter<\/a><br \/>\n<a href=\"\/it\/master-meter-flow-meter\/#11\">11.Il misuratore di portata master ha una funzione di monitoraggio in tempo reale?<\/a><br \/>\n<a href=\"\/it\/master-meter-flow-meter\/#12\">12.Qual \u00e8 il tempo di risposta del misuratore di portata master?<\/a><br \/>\n<a href=\"\/it\/master-meter-flow-meter\/#13\">13.Quali sono i metodi di installazione del misuratore di portata master?<\/a><\/div>\n<div id=\"01\">\n<p><strong>1. Informazioni sulla scala della fabbrica di misuratori di portata master meter<\/strong><\/p>\n<p>Le fabbriche di misuratori di portata variano per dimensioni e portata, a seconda del tipo di misuratori di portata che producono. Alcune fabbriche possono essere specializzate nella produzione di un singolo tipo di misuratore di portata, mentre altre possono produrne una variet\u00e0 di tipi diversi. Alcune fabbriche possono essere grandi, con centinaia di dipendenti, mentre altre possono essere piccole, con pochi dipendenti. Le dimensioni della fabbrica dipendono anche dal tipo di misuratori di portata che produce e dalla domanda di tali misuratori.<\/p>\n<\/div>\n<div id=\"02\">\n<p><strong>2.Il misuratore di portata master richiede una fonte di alimentazione esterna?<\/strong><\/p>\n<p>Aderiamo al principio della qualit\u00e0 prima di tutto e disponiamo di un sistema completo di gestione della qualit\u00e0 della produzione e di un processo di ispezione della qualit\u00e0.<br \/>\nDipende dal tipo di misuratore di portata. Alcuni misuratori di portata sono alimentati da una fonte di energia esterna, mentre altri sono alimentati dal flusso del liquido o del gas da misurare.<\/p>\n<\/div>\n<div id=\"03\">\n<p><strong>3.Come calibrare un misuratore di portata master?<\/strong><\/p>\n<p>Essendo uno dei principali produttori di misuratori di portata in Cina, attribuiamo grande importanza a questo dettaglio.<br \/>\n1. Controllare le istruzioni del produttore per il misuratore di portata specifico che si sta utilizzando.<\/p>\n<p>2. Assicurarsi che il flussometro sia installato correttamente e che tutti i collegamenti siano saldi.<\/p>\n<p>3. Collegare il flussimetro a un dispositivo di calibrazione, come un impianto di calibrazione del flusso o un anello di calibrazione del flusso.<\/p>\n<p>4. Impostare il dispositivo di calibrazione sulla portata desiderata.<\/p>\n<p>5. Accendere il flussometro e lasciarlo funzionare per alcuni minuti per assicurarsi che sia stabile.<\/p>\n<p>6. Controllare la lettura del flussometro rispetto alla lettura del dispositivo di calibrazione.<\/p>\n<p>7. Regolare le impostazioni del flussometro come necessario per farle corrispondere alla lettura del dispositivo di calibrazione.<\/p>\n<p>8. Ripetere i punti 4-7 finch\u00e9 la lettura del flussometro non corrisponde a quella del dispositivo di calibrazione.<\/p>\n<p>9. Registrare le impostazioni del flussometro e la lettura del dispositivo di calibrazione per riferimenti futuri.<\/p>\n<\/div>\n<div id=\"04\">\n<p><strong>4.Informazioni sui servizi di personalizzazione del misuratore di portata master meter<\/strong><\/p>\n<p>I servizi di personalizzazione dei misuratori di portata sono progettati per fornire ai clienti una soluzione su misura per le loro specifiche esigenze di misurazione del flusso. Questi servizi possono includere la personalizzazione del misuratore di portata per adattarlo a una particolare applicazione, come una specifica dimensione del tubo o portata, o per soddisfare un determinato requisito di precisione. I servizi di personalizzazione possono anche comprendere la modifica del misuratore di portata per includere caratteristiche aggiuntive, come un display o funzionalit\u00e0 di registrazione dei dati. I servizi di personalizzazione dei misuratori di portata possono includere anche l'installazione del misuratore di portata, nonch\u00e9 la fornitura di assistenza tecnica e manutenzione.<\/p>\n<p><img style=\"max-width: 100%;\" title=\"Informazioni sui servizi di personalizzazione dei misuratori di portata master meter\" src=\"https:\/\/www.hginstrument.com\/wp-content\/uploads\/2021\/07\/wedge-1.jpg\" alt=\"Informazioni sui servizi di personalizzazione dei misuratori di portata master meter\" \/><\/p>\n<\/div>\n<div id=\"05\">\n<p><strong>5.Informazioni sulla formazione delle competenze di produzione del misuratore di portata master<\/strong><\/p>\n<p>Il corso di formazione sulla produzione di misuratori di portata \u00e8 progettato per insegnare a tecnici e ingegneri le competenze necessarie per la produzione e la manutenzione dei misuratori di portata. La formazione copre argomenti quali i principi della misurazione del flusso, i tipi di misuratori di flusso disponibili, l'installazione e la manutenzione dei misuratori di flusso e le tecniche di risoluzione dei problemi. La formazione comprende anche l'uso del software per analizzare e interpretare i dati di flusso. La formazione si svolge in genere in un'aula e pu\u00f2 includere attivit\u00e0 pratiche.<\/p>\n<\/div>\n<div id=\"06\">\n<p><strong>6.Il misuratore di portata master ha capacit\u00e0 di memorizzazione dei dati?<\/strong><\/p>\n<p>Ci concentriamo sull'innovazione e sul miglioramento continuo per mantenere un vantaggio competitivo.<br \/>\nDipende dal tipo di misuratore di portata. Alcuni misuratori di portata hanno capacit\u00e0 di memorizzazione dei dati, mentre altri non ne hanno.<\/p>\n<\/div>\n<div id=\"07\">\n<p><strong>7.Qual \u00e8 il principio principale del misuratore di portata master meter?<\/strong><\/p>\n<p>I nostri prodotti misuratori di portata master sono sottoposti a un rigoroso controllo di qualit\u00e0 per garantire la soddisfazione dei clienti.<br \/>\nIl principio principale di un misuratore di portata \u00e8 quello di misurare la velocit\u00e0 di flusso di un fluido o di un gas attraverso un tubo o un altro contenitore. Ci\u00f2 avviene tipicamente misurando la caduta di pressione attraverso una restrizione nota nel tubo, oppure misurando la velocit\u00e0 del fluido o del gas mentre passa attraverso il tubo.<\/p>\n<\/div>\n<div id=\"08\">\n<p><strong>8.Informazioni sulla garanzia del misuratore di portata master<\/strong><\/p>\n<p>Le garanzie dei misuratori di portata variano a seconda del produttore e del tipo di misuratore. In genere, le garanzie coprono i difetti dei materiali e della lavorazione e possono coprire anche alcuni tipi di danni causati dal normale utilizzo. Alcune garanzie possono coprire anche i danni causati da un'installazione o da un uso improprio. \u00c8 importante leggere le informazioni sulla garanzia fornite dal produttore per comprendere la copertura specifica e le limitazioni della garanzia.<\/p>\n<p><img style=\"max-width: 100%;\" title=\"Informazioni sulla garanzia del misuratore di portata master meter\" src=\"https:\/\/www.hginstrument.com\/wp-content\/uploads\/2021\/07\/hgvf-1.jpg\" alt=\"Informazioni sulla garanzia del misuratore di portata master meter\" \/><\/p>\n<\/div>\n<div id=\"09\">\n<p><strong>9.Qual \u00e8 la differenza tra il misuratore di portata SUYI group e il misuratore di portata Endress+Hauser e il misuratore di portata KROHNE?<\/strong><\/p>\n<p>I misuratori di portata di SUYI Group, Endress+Hauser e KROHNE misurano tutti la portata di un liquido o di un gas. Tuttavia, ogni produttore offre diversi tipi di misuratori di portata con caratteristiche e capacit\u00e0 differenti.<\/p>\n<p>SUYI Group offre una variet\u00e0 di misuratori di portata, tra cui misuratori di portata elettromagnetici, a ultrasuoni e a vortice. Questi misuratori sono progettati per un'ampia gamma di applicazioni, tra cui acqua, olio e gas.<\/p>\n<p>Endress+Hauser offre una gamma di misuratori di portata, tra cui misuratori Coriolis, vortex e a ultrasuoni. Questi misuratori sono progettati per una variet\u00e0 di applicazioni, tra cui acqua, olio e gas.<\/p>\n<p>KROHNE offre una gamma di misuratori di portata, tra cui misuratori Coriolis, vortex e a ultrasuoni. Questi misuratori sono progettati per una variet\u00e0 di applicazioni, tra cui acqua, olio e gas. KROHNE offre anche una gamma di misuratori di portata specializzati, come OPTIFLUX e OPTISWIRL, progettati per applicazioni specifiche.<\/p>\n<\/div>\n<div id=\"010\">\n<p><strong>10.Informazioni sui servizi di personalizzazione dei misuratori di portata master meter<\/strong><\/p>\n<p>I servizi di personalizzazione dei misuratori di portata sono progettati per fornire ai clienti una soluzione su misura per le loro specifiche esigenze di misurazione del flusso. Questi servizi possono includere la personalizzazione del misuratore di portata per adattarlo a una particolare applicazione, come una specifica dimensione del tubo o portata, o per soddisfare un determinato requisito di precisione. I servizi di personalizzazione possono anche comprendere la modifica del misuratore di portata per includere caratteristiche aggiuntive, come un display o funzionalit\u00e0 di registrazione dei dati. I servizi di personalizzazione dei misuratori di portata possono includere anche l'installazione del misuratore di portata, nonch\u00e9 la fornitura di assistenza tecnica e manutenzione.<\/p>\n<\/div>\n<div id=\"11\">\n<p><strong>11.Il misuratore di portata master ha una funzione di monitoraggio in tempo reale?<\/strong><\/p>\n<p>S\u00ec, alcuni misuratori di portata hanno funzioni di monitoraggio in tempo reale. Questi misuratori sono in genere dotati di sensori che misurano la portata e trasmettono i dati a un sistema di monitoraggio. Ci\u00f2 consente di monitorare in tempo reale la portata e altri parametri.<\/p>\n<\/div>\n<div id=\"12\">\n<p><strong>12.Qual \u00e8 il tempo di risposta del misuratore di portata master?<\/strong><\/p>\n<p>Abbiamo stabilito collaborazioni stabili e a lungo termine con i nostri fornitori, per cui abbiamo grandi vantaggi in termini di prezzo, costi e garanzia di qualit\u00e0.<br \/>\nIl tempo di risposta di un misuratore di portata pu\u00f2 variare a seconda del tipo di misuratore utilizzato. In genere, il tempo di risposta di un misuratore di portata \u00e8 compreso tra 0,1 e 1 secondo.<\/p>\n<p><img style=\"max-width: 100%;\" title=\"Qual \u00e8 il tempo di risposta del misuratore di portata master?\" src=\"https:\/\/www.hginstrument.com\/wp-content\/uploads\/2021\/07\/mdp310-fc3-3.jpg\" alt=\"Qual \u00e8 il tempo di risposta del misuratore di portata master?\" \/><\/p>\n<\/div>\n<div id=\"13\">\n<p><strong>13.Quali sono i metodi di installazione del misuratore di portata master?<\/strong><\/p>\n<p>La nostra missione \u00e8 fornire ai clienti le migliori soluzioni per i misuratori di portata master.<br \/>\n1. Installazione in linea: \u00c8 il tipo di installazione pi\u00f9 comune per i misuratori di portata. Consiste nel collocare il misuratore di portata direttamente nel tubo o nel condotto in cui scorre il fluido.<\/p>\n<p>2. Installazione a inserimento: Questo tipo di installazione prevede l'inserimento del misuratore di portata nel tubo o nel condotto. In genere si utilizza una flangia o un raccordo.<\/p>\n<p>3. Installazione a canale aperto: Questo tipo di installazione si utilizza quando il flusso si trova in un canale aperto, come un fiume o un torrente. Il misuratore di portata viene posizionato nel canale e misura la portata.<\/p>\n<p>4. Installazione sommersa: Questo tipo di installazione si utilizza quando il flusso si trova in un ambiente sommerso, come un pozzo o un serbatoio. Il misuratore di portata viene inserito nell'acqua e misura la portata.<\/p>\n<\/div>\n<p>&nbsp;<\/p>\n<p>Tag\uff1a<a href=\"\/it\/magnetic-flow-meter\/methanol-flow-meter\/\">misuratore di portata del metanolo<\/a>,<a href=\"\/it\/magnetic-flow-meter\/ekwb-flow-meter\/\">misuratore di portata ekwb<\/a>,<a href=\"\/it\/magnetic-flow-meter\/potable-water-flow-meter\/\">misuratore di portata dell'acqua potabile<\/a>,<a href=\"\/it\/magnetic-flow-meter\/portable-flow-meter\/\">misuratore di portata portatile<\/a><\/p>\n<p>&nbsp;<\/p>","protected":false},"excerpt":{"rendered":"<p><strong>Dati tecnici<\/strong><br \/>\nPu\u00f2 servire fluidi liquidi o gassosi; di solito viene utilizzato per misurare il flusso di vapore, aria e gas naturale.<br \/>\nDimensioni del contatore: Tipo in linea: DN25 - DN300<br \/>\nOpzione materiale bagnato: SS304, SS316<br \/>\nTemperatura di funzionamento: \u2264250\u2103<br \/>\nConnessione al processo: Wafer \/ Flangia \/ Tri-clamp per il tipo in linea<br \/>\nPrecisione di misura: 1,0 % - 1,5% del campo di calibrazione<br \/>\nIndicatore digitale: visualizzazione del flusso istantaneo, del flusso totale<br \/>\nAlimentazione: 24VDC, Uscita: 4-20mA<\/p>\n<p><strong>caratteristiche<\/strong><br \/>\n1.Punti di attivazione\/disattivazione regolabili<br \/>\n2. Modalit\u00e0 di allarme flusso Hi o Lo<br \/>\n3. Ritardo regolabile<br \/>\n4.LED di stato del rel\u00e8<\/p>","protected":false},"featured_media":3691,"comment_status":"closed","ping_status":"closed","template":"","meta":[],"product_cat":[2372],"product_tag":[],"acf":[],"_links":{"self":[{"href":"https:\/\/www.hginstrument.com\/it\/wp-json\/wp\/v2\/product\/5649"}],"collection":[{"href":"https:\/\/www.hginstrument.com\/it\/wp-json\/wp\/v2\/product"}],"about":[{"href":"https:\/\/www.hginstrument.com\/it\/wp-json\/wp\/v2\/types\/product"}],"replies":[{"embeddable":true,"href":"https:\/\/www.hginstrument.com\/it\/wp-json\/wp\/v2\/comments?post=5649"}],"wp:featuredmedia":[{"embeddable":true,"href":"https:\/\/www.hginstrument.com\/it\/wp-json\/wp\/v2\/media\/3691"}],"wp:attachment":[{"href":"https:\/\/www.hginstrument.com\/it\/wp-json\/wp\/v2\/media?parent=5649"}],"wp:term":[{"taxonomy":"product_cat","embeddable":true,"href":"https:\/\/www.hginstrument.com\/it\/wp-json\/wp\/v2\/product_cat?post=5649"},{"taxonomy":"product_tag","embeddable":true,"href":"https:\/\/www.hginstrument.com\/it\/wp-json\/wp\/v2\/product_tag?post=5649"}],"curies":[{"name":"wp","href":"https:\/\/api.w.org\/{rel}","templated":true}]}}