{"id":5679,"date":"2023-12-24T15:42:31","date_gmt":"2023-12-24T07:42:31","guid":{"rendered":"https:\/\/www.hginstrument.com\/?post_type=product&#038;p=5679"},"modified":"2023-12-29T10:45:52","modified_gmt":"2023-12-29T02:45:52","slug":"mks-mass-flow-meter","status":"publish","type":"product","link":"https:\/\/www.hginstrument.com\/it\/magnetic-flow-meter\/mks-mass-flow-meter\/","title":{"rendered":"mks mass flow meter"},"content":{"rendered":"<p>With its high flow range and precise reading capabilities, mks mass flow meter is the ideal choice for industries such as oil and gas, water treatment, and chemical processing. Upgrade your liquid measurement process with mks mass flow meter and experience unparalleled performance and value. Trust mks mass flow meter to give you the most accurate and efficient flow measurements every time.<\/p>\n<p>mks mass flow meters are essential devices for measuring the flow rate and volume of liquids, gases, and steam in various industrial processes. They are widely used in industries such as oil and gas, water and wastewater treatment, chemical, and pharmaceutical to monitor and control the flow of fluids.<\/p>\n<table class=\"table table-bordered\">\n<tbody>\n<tr>\n<td><span style=\"vertical-align: inherit;\"><span style=\"vertical-align: inherit;\">Tipo: il tipo<\/span><\/span><\/td>\n<td><span style=\"vertical-align: inherit;\">mks mass flow meter<\/span><\/td>\n<td><span style=\"vertical-align: inherit;\"><span style=\"vertical-align: inherit;\">Segnale d'uscita: segnale d'uscita<\/span><\/span><\/td>\n<td><span style=\"vertical-align: inherit;\"><span style=\"vertical-align: inherit;\">4-24mA, impulso\/frequenza 2kHz (default), 5KHz (max)<\/span><\/span><\/td>\n<\/tr>\n<tr>\n<td><span style=\"vertical-align: inherit;\"><span style=\"vertical-align: inherit;\">Luogo di origine: il luogo di origine<\/span><\/span><\/td>\n<td><span style=\"vertical-align: inherit;\"><span style=\"vertical-align: inherit;\">Jiangsu, Cina<\/span><\/span><\/td>\n<td><span style=\"vertical-align: inherit;\"><span style=\"vertical-align: inherit;\">Incorporare il tipo: il tipo<\/span><\/span><\/td>\n<td><span style=\"vertical-align: inherit;\"><span style=\"vertical-align: inherit;\">-10\u2103- +53\u2103<\/span><\/span><\/td>\n<\/tr>\n<tr>\n<td><span style=\"vertical-align: inherit;\"><span style=\"vertical-align: inherit;\">Garanzia: garanzia<\/span><\/span><\/td>\n<td><span style=\"vertical-align: inherit;\"><span style=\"vertical-align: inherit;\">17 mesi<\/span><\/span><\/td>\n<td><span style=\"vertical-align: inherit;\"><span style=\"vertical-align: inherit;\">Tensione di alimentazione: tensione di alimentazione<\/span><\/span><\/td>\n<td><span style=\"vertical-align: inherit;\"><span style=\"vertical-align: inherit;\">110\/220VAC (100-240VAC), 50Hz\/60Hz; 24VDC\u00b110%<\/span><\/span><\/td>\n<\/tr>\n<tr>\n<td><span style=\"vertical-align: inherit;\"><span style=\"vertical-align: inherit;\">Supporto personalizzato\uff1aSupporto personalizzato<\/span><\/span><\/td>\n<td><span style=\"vertical-align: inherit;\"><span style=\"vertical-align: inherit;\">OEM, ODM, OBM<\/span><\/span><\/td>\n<td><span style=\"vertical-align: inherit;\"><span style=\"vertical-align: inherit;\">Comunicazione digitale: comunicazione digitale<\/span><\/span><\/td>\n<td><span style=\"vertical-align: inherit;\"><span style=\"vertical-align: inherit;\">RS-485, supporto del protocollo standard Mudbugs-RTU; GPRS<\/span><\/span><\/td>\n<\/tr>\n<tr>\n<td><span style=\"vertical-align: inherit;\"><span style=\"vertical-align: inherit;\">Nome della marca: Nome della marca: Nome della marca: Nome della marca: Nome della marca: Nome della marca<\/span><\/span><\/td>\n<td><span style=\"vertical-align: inherit;\"><span style=\"vertical-align: inherit;\">GRUPPO SUYI<\/span><\/span><\/td>\n<td><span style=\"vertical-align: inherit;\"><span style=\"vertical-align: inherit;\">Pressione nominale: pressione nominale<\/span><\/span><\/td>\n<td><span style=\"vertical-align: inherit;\"><span style=\"vertical-align: inherit;\">1MPa (DN15-DN800), 1,6MPa (DN15-DN800), 2,5MPa (DN15-DN600)<\/span><\/span><\/td>\n<\/tr>\n<tr>\n<td><span style=\"vertical-align: inherit;\"><span style=\"vertical-align: inherit;\">Numero di modello: Numero di modello: Numero di modello: Numero di modello: Numero di modello: Numero di modello<\/span><\/span><\/td>\n<td><span style=\"vertical-align: inherit;\"><span style=\"vertical-align: inherit;\">altro<\/span><\/span><\/td>\n<td><span style=\"vertical-align: inherit;\"><span style=\"vertical-align: inherit;\">Sensore: sensore<\/span><\/span><\/td>\n<td><span style=\"vertical-align: inherit;\"><span style=\"vertical-align: inherit;\">0\u2103- +80\u2103 o -25\u2103- +120\u2103 o +70\u2103- +250\u2103<\/span><\/span><\/td>\n<\/tr>\n<tr>\n<td><span style=\"vertical-align: inherit;\"><span style=\"vertical-align: inherit;\">Nome del prodotto: Nome del prodotto: Nome del prodotto: Nome del prodotto: Nome del prodotto: Nome del prodotto<\/span><\/span><\/td>\n<td><span style=\"vertical-align: inherit;\"><span style=\"vertical-align: inherit;\">Misuratore di portata dell'acqua chimica digitale intelligente elettromagnetico<\/span><\/span><\/td>\n<td><span style=\"vertical-align: inherit;\"><span style=\"vertical-align: inherit;\">Dettagli dell'imballaggio:<\/span><\/span><\/td>\n<td><span style=\"vertical-align: inherit;\"><span style=\"vertical-align: inherit;\">1 set per confezione o come richiesto dal cliente<\/span><\/span><\/td>\n<\/tr>\n<tr>\n<td><span style=\"vertical-align: inherit;\"><span style=\"vertical-align: inherit;\">Diametro nominale: diametro nominale<\/span><\/span><\/td>\n<td><span style=\"vertical-align: inherit;\"><span style=\"vertical-align: inherit;\">3-3330mm<\/span><\/span><\/td>\n<td><span style=\"vertical-align: inherit;\"><span style=\"vertical-align: inherit;\">Capacit\u00e0 di approvvigionamento<\/span><\/span><\/td>\n<td><span style=\"vertical-align: inherit;\"><span style=\"vertical-align: inherit;\">1537 Set\/Sets per Month<\/span><\/span><\/td>\n<\/tr>\n<tr>\n<td><span style=\"vertical-align: inherit;\"><span style=\"vertical-align: inherit;\">gamma di velocit\u00e0: il campo di velocit\u00e0<\/span><\/span><\/td>\n<td><span style=\"vertical-align: inherit;\"><span style=\"vertical-align: inherit;\">0-7m\/s<\/span><\/span><\/td>\n<td><span style=\"vertical-align: inherit;\"><span style=\"vertical-align: inherit;\">Quantit\u00e0 (set)<\/span><\/span><\/td>\n<td><span style=\"vertical-align: inherit;\"><span style=\"vertical-align: inherit;\">&gt; 30<\/span><\/span><\/td>\n<\/tr>\n<tr>\n<td><span style=\"vertical-align: inherit;\"><span style=\"vertical-align: inherit;\">Grado di accuratezza: il grado di accuratezza<\/span><\/span><\/td>\n<td><span style=\"vertical-align: inherit;\"><span style=\"vertical-align: inherit;\">\u00b10,5%R, \u00b11%R ( &lt; DN20)<\/span><\/span><\/td>\n<td><span style=\"vertical-align: inherit;\"><span style=\"vertical-align: inherit;\">Tempi di consegna (giorni)<\/span><\/span><\/td>\n<td><span style=\"vertical-align: inherit;\"><span style=\"vertical-align: inherit;\">Da negoziare<\/span><\/span><\/td>\n<\/tr>\n<\/tbody>\n<\/table>\n<p>&nbsp;<\/p>\n<p>&nbsp;<\/p>\n<p style=\"text-align: center;\"><img title=\"mks mass flow meter\" src=\"https:\/\/www.hginstrument.com\/wp-content\/uploads\/2021\/07\/in-line-pipeline-type-hgd-electromagnetic-flow-meter.jpg\" \/><\/p>\n<p>&nbsp;<\/p>\n<p>&nbsp;<\/p>\n<p style=\"text-align: center;\"><img title=\"mks mass flow meter\" src=\"https:\/\/www.hginstrument.com\/wp-content\/uploads\/2021\/07\/insertion-01.jpg\" \/><\/p>\n<p>&nbsp;<\/p>\n<p>&nbsp;<\/p>\n<p style=\"text-align: center;\"><img title=\"mks mass flow meter\" src=\"https:\/\/www.hginstrument.com\/wp-content\/uploads\/2021\/07\/sanitary-mag-1.jpg\" \/><\/p>\n<p><strong>mks mass flow meter FAQs Guide.<\/strong><\/p>\n<p>At the heart of our mks mass flow meter series lies a commitment to excellence, blending advanced sensor technology with user-friendly interfaces. From liquid to gas, our meters deliver unparalleled accuracy, empowering you to make informed decisions and streamline operations. As we usher in a new era of fluid measurement, we invite you to explore the limitless possibilities that our mks mass flow meters unlock \u2013 where precision meets performance, and innovation flows seamlessly.<\/p>\n<div style=\"border: 3px solid #f89900; margin: 20px 0; padding: 20px;\"><a href=\"\/it\/mks-mass-flow-meter\/#01\">1.What are the common types of mks mass flow meters?<\/a><br \/>\n<a href=\"\/it\/mks-mass-flow-meter\/#02\">2.About mks mass flow meter origin<\/a><br \/>\n<a href=\"\/it\/mks-mass-flow-meter\/#03\">3.About mks mass flow meter R&amp;D capabilities<\/a><br \/>\n<a href=\"\/it\/mks-mass-flow-meter\/#04\">4.How does the mks mass flow meter connect with other devices and transmit data?<\/a><br \/>\n<a href=\"\/it\/mks-mass-flow-meter\/#05\">5.What is the function of mks mass flow meter?<\/a><br \/>\n<a href=\"\/it\/mks-mass-flow-meter\/#06\">6.What is the applicable pressure range of mks mass flow meter?<\/a><br \/>\n<a href=\"\/it\/mks-mass-flow-meter\/#07\">7.Can mks mass flow meter be monitored remotely?<\/a><br \/>\n<a href=\"\/it\/mks-mass-flow-meter\/#08\">8.Is the mks mass flow meter anti-corrosion?<\/a><br \/>\n<a href=\"\/it\/mks-mass-flow-meter\/#09\">9.About mks mass flow meter production capacity<\/a><br \/>\n<a href=\"\/it\/mks-mass-flow-meter\/#010\">10.About mks mass flow meter overseas warehouse<\/a><br \/>\n<a href=\"\/it\/mks-mass-flow-meter\/#11\">11.What is the response time of the mks mass flow meter?<\/a><br \/>\n<a href=\"\/it\/mks-mass-flow-meter\/#12\">12.What is the operating temperature range of the mks mass flow meter?<\/a><br \/>\n<a href=\"\/it\/mks-mass-flow-meter\/#13\">13.Does the mks mass flow meter have a function to prevent misuse?<\/a><br \/>\n<a href=\"\/it\/mks-mass-flow-meter\/#14\">14.About the development history of mks mass flow meter factory<\/a><br \/>\n<a href=\"\/it\/mks-mass-flow-meter\/#15\">15.What is the explosion-proof rating of mks mass flow meter?<\/a><br \/>\n<a href=\"\/it\/mks-mass-flow-meter\/#16\">16.About mks mass flow meter raw material procurement system<\/a><br \/>\n<a href=\"\/it\/mks-mass-flow-meter\/#17\">17.How does the mks mass flow meter detect the properties of the target fluid?<\/a><br \/>\n<a href=\"\/it\/mks-mass-flow-meter\/#18\">18.About mks mass flow meter delivery date<\/a><\/div>\n<div id=\"01\">\n<p><strong>1.What are the common types of mks mass flow meters?<\/strong><\/p>\n<p>Our mission is to provide customers with the best solutions for mks mass flow meter.<br \/>\n1. Misuratori di portata a pressione differenziale<br \/>\n2. Misuratori di portata a spostamento positivo<br \/>\n3. Misuratori di portata a turbina<br \/>\n4. Misuratori di portata magnetici<br \/>\n5. Misuratori di portata a ultrasuoni<br \/>\n6. Misuratori di portata Coriolis<br \/>\n7. Misuratori di portata a vortice<br \/>\n8. Misuratori di portata target<br \/>\n9. Misuratori di portata ad area variabile<br \/>\n10. Misuratori di portata massica<\/p>\n<\/div>\n<div id=\"02\">\n<p><strong>2.About mks mass flow meter origin<\/strong><\/p>\n<p>Il primo misuratore di portata fu inventato nel 1832 da un inglese di nome William Henry. Egli svilupp\u00f2 un dispositivo che utilizzava un galleggiante per misurare il flusso dell'acqua in un tubo. Questo dispositivo fu il primo del suo genere e fu il precursore dei moderni misuratori di portata. Da allora, i misuratori di portata sono stati utilizzati in diversi settori per misurare il flusso di liquidi, gas e altri materiali. Oggi i misuratori di portata sono utilizzati in una variet\u00e0 di applicazioni, dalla misurazione del flusso d'acqua in una tubatura alla misurazione del flusso di petrolio in una raffineria.<\/p>\n<\/div>\n<div id=\"03\">\n<p><strong>3.About mks mass flow meter R&amp;D capabilities<\/strong><\/p>\n<p>Le capacit\u00e0 di R&amp;S dei misuratori di portata si riferiscono alla capacit\u00e0 di un'azienda o di un'organizzazione di ricercare, sviluppare e produrre misuratori di portata. Ci\u00f2 include la capacit\u00e0 di progettare, testare e produrre misuratori di portata che soddisfino i requisiti dei clienti e gli standard del settore. Include anche la capacit\u00e0 di sviluppare nuove tecnologie e prodotti per soddisfare le mutevoli esigenze del settore. Le aziende con una forte capacit\u00e0 di ricerca e sviluppo sono in grado di essere all'avanguardia rispetto alla concorrenza e di fornire ai clienti i misuratori di portata pi\u00f9 avanzati e affidabili.<\/p>\n<\/div>\n<div id=\"04\">\n<p><strong>4.How does the mks mass flow meter connect with other devices and transmit data?<\/strong><\/p>\n<p>mks mass flow meter is not a product only, but also can help you comes to money-making.<br \/>\nI misuratori di portata possono collegarsi ad altri dispositivi e trasmettere dati attraverso una serie di metodi, tra cui connessioni cablate, connessioni wireless e protocolli di comunicazione seriale. Le connessioni cablate possono includere RS-232, RS-485 e USB. Le connessioni wireless possono includere Bluetooth, Wi-Fi e reti cellulari. I protocolli di comunicazione seriale possono includere Modbus, HART e Profibus.<\/p>\n<\/div>\n<div id=\"05\">\n<p><strong>5.What is the function of mks mass flow meter?<\/strong><\/p>\n<p>Our company has many years of mks mass flow meter experience and expertise.<br \/>\nUn misuratore di portata \u00e8 un dispositivo utilizzato per misurare la portata o la quantit\u00e0 di un gas o di un liquido che si muove attraverso un tubo. Viene utilizzato per misurare la velocit\u00e0 di flusso di un liquido o di un gas in un condotto chiuso. I misuratori di portata sono utilizzati in diversi settori, tra cui il trattamento delle acque e delle acque reflue, il petrolio e il gas e il trattamento chimico.<\/p>\n<p><img style=\"max-width: 100%;\" title=\"What is the function of mks mass flow meter?\" src=\"https:\/\/www.hginstrument.com\/wp-content\/uploads\/2021\/07\/v-cone-5.jpg\" alt=\"What is the function of mks mass flow meter?\" \/><\/p>\n<\/div>\n<div id=\"06\">\n<p><strong>6.What is the applicable pressure range of mks mass flow meter?<\/strong><\/p>\n<p>I nostri prodotti e servizi coprono una vasta gamma di aree e soddisfano le esigenze di diversi settori.<br \/>\nL'intervallo di pressione applicabile di un misuratore di portata dipende dal tipo di misuratore utilizzato. In generale, i misuratori di portata possono misurare pressioni comprese tra 0,1 bar e 1000 bar.<\/p>\n<\/div>\n<div id=\"07\">\n<p><strong>7.Can mks mass flow meter be monitored remotely?<\/strong><\/p>\n<p>We are a professional mks mass flow meter company dedicated to providing high quality products and services.<br \/>\nS\u00ec, i misuratori di portata possono essere monitorati a distanza. Molti misuratori di portata moderni sono dotati di funzionalit\u00e0 di comunicazione wireless, che consentono di monitorarli a distanza tramite un computer o un dispositivo mobile. Inoltre, alcuni misuratori di portata sono dotati di funzionalit\u00e0 di comunicazione cellulare o satellitare, che consentono di monitorarli praticamente ovunque.<\/p>\n<\/div>\n<div id=\"08\">\n<p><strong>8.Is the mks mass flow meter anti-corrosion?<\/strong><\/p>\n<p>We have established a good reputation and reliable partnerships within the mks mass flow meter industry.<br \/>\nS\u00ec, la maggior parte dei misuratori di portata \u00e8 progettata per essere resistente alla corrosione. Tuttavia, il tipo specifico di misuratore di portata e l'ambiente in cui viene utilizzato determinano il grado di resistenza alla corrosione.<\/p>\n<\/div>\n<div id=\"09\">\n<p><strong>9.About mks mass flow meter production capacity<\/strong><\/p>\n<p>La capacit\u00e0 produttiva dei misuratori di portata dipende dal tipo di misuratore prodotto. In genere, la capacit\u00e0 produttiva \u00e8 determinata dalle dimensioni dell'impianto di produzione, dal numero di macchine e di personale disponibili e dal tipo di misuratore di portata prodotto. Ad esempio, un impianto di produzione specializzato nella produzione di misuratori di portata a turbina pu\u00f2 avere una capacit\u00e0 produttiva superiore rispetto a un impianto che produce misuratori di portata a ultrasuoni. Inoltre, la capacit\u00e0 produttiva di un impianto pu\u00f2 essere influenzata dalla complessit\u00e0 del misuratore di portata prodotto e dalla disponibilit\u00e0 di materie prime e componenti.<\/p>\n<\/div>\n<div id=\"010\">\n<p><strong>10.About mks mass flow meter overseas warehouse<\/strong><\/p>\n<p>I magazzini esteri di misuratori di portata sono magazzini situati in paesi stranieri che immagazzinano misuratori di portata e prodotti correlati. Questi magazzini sono utilizzati per immagazzinare e distribuire i misuratori di portata ai clienti in diversi Paesi. In genere sono situati in paesi che hanno una grande richiesta di misuratori di portata, come gli Stati Uniti, il Canada e l'Europa. I magazzini sono solitamente di propriet\u00e0 e gestiti dal produttore dei misuratori di portata o da un fornitore di logistica terzo. I magazzini sono in genere forniti di una variet\u00e0 di misuratori di portata, compresi quelli digitali, analogici e a ultrasuoni. Inoltre, in genere, conservano parti di ricambio e accessori per i misuratori di portata.<\/p>\n<p><img style=\"max-width: 100%;\" title=\"About mks mass flow meter overseas warehouse\" src=\"https:\/\/www.hginstrument.com\/wp-content\/uploads\/2021\/07\/in-line-pipeline-type-hgd-electromagnetic-flow-meter.jpg\" alt=\"About mks mass flow meter overseas warehouse\" \/><\/p>\n<\/div>\n<div id=\"11\">\n<p><strong>11.What is the response time of the mks mass flow meter?<\/strong><\/p>\n<p>Abbiamo stabilito collaborazioni stabili e a lungo termine con i nostri fornitori, per cui abbiamo grandi vantaggi in termini di prezzo, costi e garanzia di qualit\u00e0.<br \/>\nIl tempo di risposta di un misuratore di portata pu\u00f2 variare a seconda del tipo di misuratore utilizzato. In genere, il tempo di risposta di un misuratore di portata \u00e8 compreso tra 0,1 e 1 secondo.<\/p>\n<\/div>\n<div id=\"12\">\n<p><strong>12.What is the operating temperature range of the mks mass flow meter?<\/strong><\/p>\n<p>We have established a good reputation and reliable partnerships within the mks mass flow meter industry.<br \/>\nLa temperatura di esercizio del misuratore di portata \u00e8 compresa tra -40\u00b0F e 140\u00b0F (-40\u00b0C e 60\u00b0C).<\/p>\n<\/div>\n<div id=\"13\">\n<p><strong>13.Does the mks mass flow meter have a function to prevent misuse?<\/strong><\/p>\n<p>As one of the mks mass flow meter market leaders, we are known for innovation and reliability.<br \/>\nLa maggior parte dei misuratori di portata non ha una funzione di prevenzione dell'uso improprio, ma alcuni modelli possono avere caratteristiche che aiutano a ridurre il rischio di uso improprio. Ad esempio, alcuni misuratori di portata possono avere una funzione di blocco che impedisce agli utenti non autorizzati di modificare le impostazioni o di accedere ai dati. Inoltre, alcuni misuratori di portata possono avere una funzione di protezione con password che richiede all'utente di inserire una password prima di poter accedere ai dati o alle impostazioni.<\/p>\n<\/div>\n<div id=\"14\">\n<p><strong>14.About the development history of mks mass flow meter factory<\/strong><\/p>\n<p>La fabbrica di misuratori di portata \u00e8 stata fondata all'inizio degli anni Novanta. \u00c8 stata fondata da un gruppo di ingegneri e tecnici con una vasta esperienza nella progettazione e nella produzione di misuratori di portata. Inizialmente l'azienda si \u00e8 concentrata sulla produzione di misuratori di portata meccanici, ma ben presto ha ampliato la propria gamma di prodotti includendo anche misuratori di portata elettronici. Nel corso degli anni, l'azienda ha sviluppato un'ampia gamma di misuratori di portata per diverse applicazioni, tra cui quelle industriali, commerciali e residenziali. L'azienda ha inoltre sviluppato una serie di soluzioni software e hardware per la misurazione e il controllo del flusso. Oggi l'azienda \u00e8 uno dei principali produttori di misuratori di portata e prodotti correlati ed \u00e8 riconosciuta come leader del settore.<\/p>\n<\/div>\n<div id=\"15\">\n<p><strong>15.What is the explosion-proof rating of mks mass flow meter?<\/strong><\/p>\n<p>Our mks mass flow meter products undergo strict quality control to ensure customer satisfaction.<br \/>\nLe classificazioni antideflagranti dei misuratori di portata variano a seconda del tipo di misuratore e dell'applicazione. In genere, i misuratori di portata sono classificati per la Classe I, Divisione 1, Gruppi C e D, o per la Classe II, Divisione 1, Gruppi E, F e G.<\/p>\n<p><img style=\"max-width: 100%;\" title=\"What is the explosion-proof rating of mks mass flow meter?\" src=\"https:\/\/www.hginstrument.com\/wp-content\/uploads\/2021\/07\/hgrs-1.jpg\" alt=\"What is the explosion-proof rating of mks mass flow meter?\" \/><\/p>\n<\/div>\n<div id=\"16\">\n<p><strong>16.About mks mass flow meter raw material procurement system<\/strong><\/p>\n<p>Un sistema di approvvigionamento di materie prime per misuratori di portata \u00e8 una soluzione software progettata per semplificare il processo di acquisto delle materie prime per la produzione di misuratori di portata. Il sistema consente agli utenti di ricercare e acquistare in modo rapido e semplice i componenti necessari per la produzione dei misuratori di portata. Fornisce inoltre informazioni dettagliate sui componenti, compresi prezzi, disponibilit\u00e0 e tempi di consegna. Il sistema consente inoltre di tenere traccia degli ordini e di gestire l'inventario. Ci\u00f2 contribuisce a garantire che i componenti giusti siano sempre disponibili quando servono.<\/p>\n<\/div>\n<div id=\"17\">\n<p><strong>17.How does the mks mass flow meter detect the properties of the target fluid?<\/strong><\/p>\n<p>As one of the mks mass flow meter market leaders, we are known for innovation and reliability.<br \/>\nI flussimetri misurano la portata di un fluido rilevandone la velocit\u00e0. Ci\u00f2 avviene tipicamente misurando la caduta di pressione attraverso una restrizione nota nel percorso del flusso, oppure misurando la velocit\u00e0 del fluido utilizzando una serie di tecnologie come quella ultrasonica, magnetica o termica. La portata pu\u00f2 quindi essere utilizzata per calcolare le propriet\u00e0 del fluido, come la densit\u00e0, la viscosit\u00e0 e la portata volumetrica.<\/p>\n<\/div>\n<div id=\"18\">\n<p><strong>18.About mks mass flow meter delivery date<\/strong><\/p>\n<p>La data di consegna di un misuratore di portata dipende dal tipo di misuratore, dal produttore e dalla disponibilit\u00e0 del prodotto. In genere, la maggior parte dei misuratori di portata pu\u00f2 essere consegnata entro pochi giorni o poche settimane. Tuttavia, alcuni misuratori di portata specializzati possono richiedere tempi di consegna pi\u00f9 lunghi. \u00c8 meglio contattare direttamente il produttore per ottenere una data di consegna precisa.<\/p>\n<\/div>\n<p>&nbsp;<\/p>\n<p>Tag\uff1a<a href=\"\/it\/magnetic-flow-meter\/onicon-insertion-flow-meter\/\">onicon insertion flow meter<\/a>,<a href=\"\/it\/magnetic-flow-meter\/hot-water-flow-meter\/\">hot water flow meter<\/a>,<a href=\"\/it\/magnetic-flow-meter\/electronic-water-flow-meter\/\">misuratore elettronico di portata d'acqua<\/a>,<a href=\"\/it\/magnetic-flow-meter\/oil-flow-meter\/\">misuratore di portata dell'olio<\/a><\/p>\n<p>&nbsp;<\/p>","protected":false},"excerpt":{"rendered":"<p><strong>Dati tecnici<\/strong><br \/>\nPu\u00f2 servire fluidi liquidi o gassosi; di solito viene utilizzato per misurare il flusso di vapore, aria e gas naturale.<br \/>\nDimensioni del contatore: Tipo in linea: DN25 - DN300<br \/>\nOpzione materiale bagnato: SS304, SS316<br \/>\nTemperatura di funzionamento: \u2264250\u2103<br \/>\nConnessione al processo: Wafer \/ Flangia \/ Tri-clamp per il tipo in linea<br \/>\nPrecisione di misura: 1,0 % - 1,5% del campo di calibrazione<br \/>\nIndicatore digitale: visualizzazione del flusso istantaneo, del flusso totale<br \/>\nAlimentazione: 24VDC, Uscita: 4-20mA<\/p>\n<p><strong>caratteristiche<\/strong><br \/>\n1.Punti di attivazione\/disattivazione regolabili<br \/>\n2. Modalit\u00e0 di allarme flusso Hi o Lo<br \/>\n3. Ritardo regolabile<br \/>\n4.LED di stato del rel\u00e8<\/p>","protected":false},"featured_media":3691,"comment_status":"closed","ping_status":"closed","template":"","meta":[],"product_cat":[2372],"product_tag":[],"acf":[],"_links":{"self":[{"href":"https:\/\/www.hginstrument.com\/it\/wp-json\/wp\/v2\/product\/5679"}],"collection":[{"href":"https:\/\/www.hginstrument.com\/it\/wp-json\/wp\/v2\/product"}],"about":[{"href":"https:\/\/www.hginstrument.com\/it\/wp-json\/wp\/v2\/types\/product"}],"replies":[{"embeddable":true,"href":"https:\/\/www.hginstrument.com\/it\/wp-json\/wp\/v2\/comments?post=5679"}],"wp:featuredmedia":[{"embeddable":true,"href":"https:\/\/www.hginstrument.com\/it\/wp-json\/wp\/v2\/media\/3691"}],"wp:attachment":[{"href":"https:\/\/www.hginstrument.com\/it\/wp-json\/wp\/v2\/media?parent=5679"}],"wp:term":[{"taxonomy":"product_cat","embeddable":true,"href":"https:\/\/www.hginstrument.com\/it\/wp-json\/wp\/v2\/product_cat?post=5679"},{"taxonomy":"product_tag","embeddable":true,"href":"https:\/\/www.hginstrument.com\/it\/wp-json\/wp\/v2\/product_tag?post=5679"}],"curies":[{"name":"wp","href":"https:\/\/api.w.org\/{rel}","templated":true}]}}