{"id":5744,"date":"2023-12-24T18:14:26","date_gmt":"2023-12-24T10:14:26","guid":{"rendered":"https:\/\/www.hginstrument.com\/?post_type=product&#038;p=5744"},"modified":"2023-12-28T13:22:11","modified_gmt":"2023-12-28T05:22:11","slug":"oxygen-regulator-and-flow-meter","status":"publish","type":"product","link":"https:\/\/www.hginstrument.com\/it\/magnetic-flow-meter\/oxygen-regulator-and-flow-meter\/","title":{"rendered":"regolatore di ossigeno e flussometro"},"content":{"rendered":"<p>Il nostro regolatore di ossigeno e misuratore di portata \u00e8 un prodotto all'avanguardia che garantisce una misurazione accurata e affidabile del flusso per un'ampia gamma di applicazioni industriali. Dotato di una tecnologia avanzata e di sensori precisi, assicura una misurazione precisa e costante delle portate di liquidi e gas.<\/p>\n<p>Una delle caratteristiche principali del regolatore di ossigeno e del misuratore di portata \u00e8 la sua capacit\u00e0 di misurare con precisione la portata di vari fluidi, tra cui liquidi, gas e vapore. Ci\u00f2 \u00e8 possibile grazie all'esclusivo metodo di misurazione del flusso a pressione differenziale, che garantisce una perdita di pressione minima e un'elevata precisione di misurazione. Inoltre, lo strumento \u00e8 in grado di misurare le portate in un ampio intervallo, rendendolo adatto sia per applicazioni a bassa che ad alta portata.<\/p>\n<p>Un altro vantaggio dell'utilizzo di un regolatore di ossigeno e di un flussometro \u00e8 la bassa necessit\u00e0 di manutenzione. Lo strumento \u00e8 progettato per resistere agli ambienti pi\u00f9 difficili e pu\u00f2 funzionare ininterrottamente senza bisogno di frequenti operazioni di pulizia e calibrazione. Questo non solo riduce i tempi di inattivit\u00e0, ma aiuta anche a risparmiare sui costi per le industrie che richiedono un monitoraggio costante del flusso.<\/p>\n<table class=\"table table-bordered\">\n<tbody>\n<tr>\n<td><span style=\"vertical-align: inherit;\"><span style=\"vertical-align: inherit;\">Tipo: il tipo<\/span><\/span><\/td>\n<td><span style=\"vertical-align: inherit;\">regolatore di ossigeno e flussometro<\/span><\/td>\n<td><span style=\"vertical-align: inherit;\"><span style=\"vertical-align: inherit;\">Segnale d'uscita: segnale d'uscita<\/span><\/span><\/td>\n<td><span style=\"vertical-align: inherit;\"><span style=\"vertical-align: inherit;\">4-23mA, impulso\/frequenza 2kHz (default), 5KHz (max)<\/span><\/span><\/td>\n<\/tr>\n<tr>\n<td><span style=\"vertical-align: inherit;\"><span style=\"vertical-align: inherit;\">Luogo di origine: il luogo di origine<\/span><\/span><\/td>\n<td><span style=\"vertical-align: inherit;\"><span style=\"vertical-align: inherit;\">Jiangsu, Cina<\/span><\/span><\/td>\n<td><span style=\"vertical-align: inherit;\"><span style=\"vertical-align: inherit;\">Incorporare il tipo: il tipo<\/span><\/span><\/td>\n<td><span style=\"vertical-align: inherit;\"><span style=\"vertical-align: inherit;\">-10\u2103- +55\u2103<\/span><\/span><\/td>\n<\/tr>\n<tr>\n<td><span style=\"vertical-align: inherit;\"><span style=\"vertical-align: inherit;\">Garanzia: garanzia<\/span><\/span><\/td>\n<td><span style=\"vertical-align: inherit;\"><span style=\"vertical-align: inherit;\">18 mesi<\/span><\/span><\/td>\n<td><span style=\"vertical-align: inherit;\"><span style=\"vertical-align: inherit;\">Tensione di alimentazione: tensione di alimentazione<\/span><\/span><\/td>\n<td><span style=\"vertical-align: inherit;\"><span style=\"vertical-align: inherit;\">110\/220VAC (100-240VAC), 50Hz\/60Hz; 24VDC\u00b110%<\/span><\/span><\/td>\n<\/tr>\n<tr>\n<td><span style=\"vertical-align: inherit;\"><span style=\"vertical-align: inherit;\">Supporto personalizzato\uff1aSupporto personalizzato<\/span><\/span><\/td>\n<td><span style=\"vertical-align: inherit;\"><span style=\"vertical-align: inherit;\">OEM, ODM, OBM<\/span><\/span><\/td>\n<td><span style=\"vertical-align: inherit;\"><span style=\"vertical-align: inherit;\">Comunicazione digitale: comunicazione digitale<\/span><\/span><\/td>\n<td><span style=\"vertical-align: inherit;\"><span style=\"vertical-align: inherit;\">RS-485, supporto del protocollo standard Mudbugs-RTU; GPRS<\/span><\/span><\/td>\n<\/tr>\n<tr>\n<td><span style=\"vertical-align: inherit;\"><span style=\"vertical-align: inherit;\">Nome della marca: Nome della marca: Nome della marca: Nome della marca: Nome della marca: Nome della marca<\/span><\/span><\/td>\n<td><span style=\"vertical-align: inherit;\"><span style=\"vertical-align: inherit;\">GRUPPO SUYI<\/span><\/span><\/td>\n<td><span style=\"vertical-align: inherit;\"><span style=\"vertical-align: inherit;\">Pressione nominale: pressione nominale<\/span><\/span><\/td>\n<td><span style=\"vertical-align: inherit;\"><span style=\"vertical-align: inherit;\">1MPa (DN15-DN800), 1,6MPa (DN15-DN800), 2,5MPa (DN15-DN600)<\/span><\/span><\/td>\n<\/tr>\n<tr>\n<td><span style=\"vertical-align: inherit;\"><span style=\"vertical-align: inherit;\">Numero di modello: Numero di modello: Numero di modello: Numero di modello: Numero di modello: Numero di modello<\/span><\/span><\/td>\n<td><span style=\"vertical-align: inherit;\"><span style=\"vertical-align: inherit;\">altro<\/span><\/span><\/td>\n<td><span style=\"vertical-align: inherit;\"><span style=\"vertical-align: inherit;\">Sensore: sensore<\/span><\/span><\/td>\n<td><span style=\"vertical-align: inherit;\"><span style=\"vertical-align: inherit;\">0\u2103- +80\u2103 o -25\u2103- +120\u2103 o +70\u2103- +250\u2103<\/span><\/span><\/td>\n<\/tr>\n<tr>\n<td><span style=\"vertical-align: inherit;\"><span style=\"vertical-align: inherit;\">Nome del prodotto: Nome del prodotto: Nome del prodotto: Nome del prodotto: Nome del prodotto: Nome del prodotto<\/span><\/span><\/td>\n<td><span style=\"vertical-align: inherit;\"><span style=\"vertical-align: inherit;\">Misuratore di portata dell'acqua chimica digitale intelligente elettromagnetico<\/span><\/span><\/td>\n<td><span style=\"vertical-align: inherit;\"><span style=\"vertical-align: inherit;\">Dettagli dell'imballaggio:<\/span><\/span><\/td>\n<td><span style=\"vertical-align: inherit;\"><span style=\"vertical-align: inherit;\">1 set per confezione o come richiesto dal cliente<\/span><\/span><\/td>\n<\/tr>\n<tr>\n<td><span style=\"vertical-align: inherit;\"><span style=\"vertical-align: inherit;\">Diametro nominale: diametro nominale<\/span><\/span><\/td>\n<td><span style=\"vertical-align: inherit;\"><span style=\"vertical-align: inherit;\">3-2631 mm<\/span><\/span><\/td>\n<td><span style=\"vertical-align: inherit;\"><span style=\"vertical-align: inherit;\">Capacit\u00e0 di approvvigionamento<\/span><\/span><\/td>\n<td><span style=\"vertical-align: inherit;\"><span style=\"vertical-align: inherit;\">1898 Set\/Set al mese<\/span><\/span><\/td>\n<\/tr>\n<tr>\n<td><span style=\"vertical-align: inherit;\"><span style=\"vertical-align: inherit;\">gamma di velocit\u00e0: il campo di velocit\u00e0<\/span><\/span><\/td>\n<td><span style=\"vertical-align: inherit;\"><span style=\"vertical-align: inherit;\">0-8m\/s<\/span><\/span><\/td>\n<td><span style=\"vertical-align: inherit;\"><span style=\"vertical-align: inherit;\">Quantit\u00e0 (set)<\/span><\/span><\/td>\n<td><span style=\"vertical-align: inherit;\"><span style=\"vertical-align: inherit;\">&gt; 30<\/span><\/span><\/td>\n<\/tr>\n<tr>\n<td><span style=\"vertical-align: inherit;\"><span style=\"vertical-align: inherit;\">Grado di accuratezza: il grado di accuratezza<\/span><\/span><\/td>\n<td><span style=\"vertical-align: inherit;\"><span style=\"vertical-align: inherit;\">\u00b10,5%R, \u00b11%R ( &lt; DN20)<\/span><\/span><\/td>\n<td><span style=\"vertical-align: inherit;\"><span style=\"vertical-align: inherit;\">Tempi di consegna (giorni)<\/span><\/span><\/td>\n<td><span style=\"vertical-align: inherit;\"><span style=\"vertical-align: inherit;\">Da negoziare<\/span><\/span><\/td>\n<\/tr>\n<\/tbody>\n<\/table>\n<p>&nbsp;<\/p>\n<p>&nbsp;<\/p>\n<p style=\"text-align: center;\"><img title=\"regolatore di ossigeno e flussometro\" src=\"https:\/\/www.hginstrument.com\/wp-content\/uploads\/2021\/07\/in-line-pipeline-type-hgd-electromagnetic-flow-meter.jpg\" \/><\/p>\n<p>&nbsp;<\/p>\n<p>&nbsp;<\/p>\n<p style=\"text-align: center;\"><img title=\"regolatore di ossigeno e flussometro\" src=\"https:\/\/www.hginstrument.com\/wp-content\/uploads\/2021\/07\/insertion-01.jpg\" \/><\/p>\n<p>&nbsp;<\/p>\n<p>&nbsp;<\/p>\n<p style=\"text-align: center;\"><img title=\"regolatore di ossigeno e flussometro\" src=\"https:\/\/www.hginstrument.com\/wp-content\/uploads\/2021\/07\/sanitary-mag-1.jpg\" \/><\/p>\n<p><strong>Guida alle domande frequenti sul regolatore di ossigeno e sul flussometro.<\/strong><\/p>\n<p>Il cuore della nostra serie di regolatori di ossigeno e misuratori di portata \u00e8 l'impegno per l'eccellenza, che unisce la tecnologia avanzata dei sensori a interfacce di facile utilizzo. Dai liquidi ai gas, i nostri misuratori offrono una precisione senza pari, consentendovi di prendere decisioni informate e di ottimizzare le operazioni. Mentre inauguriamo una nuova era della misurazione dei fluidi, vi invitiamo a esplorare le possibilit\u00e0 illimitate offerte dai nostri regolatori di ossigeno e misuratori di portata, dove la precisione incontra le prestazioni e l'innovazione fluisce senza soluzione di continuit\u00e0.<\/p>\n<div style=\"border: 3px solid #f89900; margin: 20px 0; padding: 20px;\"><a href=\"\/it\/oxygen-regulator-and-flow-meter\/#01\">1.Informazioni sul regolatore di ossigeno e sul sistema di qualit\u00e0 del flussometro<\/a><br \/>\n<a href=\"\/it\/oxygen-regulator-and-flow-meter\/#02\">2. Informazioni sulla scala del regolatore di ossigeno e sulla fabbrica del flussometro<\/a><br \/>\n<a href=\"\/it\/oxygen-regulator-and-flow-meter\/#03\">3.About regolatore di ossigeno e misuratore di flusso magazzino d'oltremare<\/a><br \/>\n<a href=\"\/it\/oxygen-regulator-and-flow-meter\/#04\">4.I risultati delle misurazioni del regolatore di ossigeno e del flussometro possono essere emessi e registrati a distanza?<\/a><br \/>\n<a href=\"\/it\/oxygen-regulator-and-flow-meter\/#05\">5.Il regolatore di ossigeno e il flussometro sono dotati di funzionalit\u00e0 di controllo remoto?<\/a><br \/>\n<a href=\"\/it\/oxygen-regulator-and-flow-meter\/#06\">6.Informazioni sul regolatore di ossigeno e sul sistema di qualit\u00e0 del flussometro<\/a><br \/>\n<a href=\"\/it\/oxygen-regulator-and-flow-meter\/#07\">7.Quali sono i requisiti per la specifica posizione di installazione del regolatore di ossigeno e del flussometro?<\/a><br \/>\n<a href=\"\/it\/oxygen-regulator-and-flow-meter\/#08\">8.Informazioni sul sistema di approvvigionamento delle materie prime del regolatore di ossigeno e del flussometro<\/a><br \/>\n<a href=\"\/it\/oxygen-regulator-and-flow-meter\/#09\">9.Qual \u00e8 la classificazione antideflagrante del regolatore di ossigeno e del flussometro?<\/a><br \/>\n<a href=\"\/it\/oxygen-regulator-and-flow-meter\/#010\">10.Il regolatore di ossigeno e il flussometro possono essere dotati di sensori di diversa precisione?<\/a><br \/>\n<a href=\"\/it\/oxygen-regulator-and-flow-meter\/#11\">11.Informazioni sulla data di consegna del regolatore di ossigeno e del flussometro<\/a><br \/>\n<a href=\"\/it\/oxygen-regulator-and-flow-meter\/#12\">12.Il regolatore di ossigeno e il flussometro hanno una funzione di monitoraggio in tempo reale?<\/a><br \/>\n<a href=\"\/it\/oxygen-regulator-and-flow-meter\/#13\">13.Informazioni sul metodo di pagamento del regolatore di ossigeno e del flussometro<\/a><br \/>\n<a href=\"\/it\/oxygen-regulator-and-flow-meter\/#14\">14.Circa il regolatore di ossigeno e l'attrezzatura per la produzione di misuratori di flusso<\/a><br \/>\n<a href=\"\/it\/oxygen-regulator-and-flow-meter\/#15\">15.Informazioni sulla garanzia del regolatore di ossigeno e del flussometro<\/a><\/div>\n<div id=\"01\">\n<p><strong>1.Informazioni sul regolatore di ossigeno e sul sistema di qualit\u00e0 del flussometro<\/strong><\/p>\n<p>Il sistema di qualit\u00e0 dei misuratori di portata \u00e8 un insieme di processi e procedure utilizzati per garantire che i misuratori di portata siano prodotti e testati per soddisfare i pi\u00f9 elevati standard di precisione e affidabilit\u00e0. Il sistema comprende misure di controllo della qualit\u00e0 come l'ispezione del materiale in entrata, l'ispezione in corso di lavorazione e il collaudo del prodotto finale. Include anche la documentazione e la tenuta dei registri per garantire che tutti i processi siano seguiti e che eventuali problemi siano affrontati in modo rapido ed efficace. Il sistema \u00e8 progettato per garantire che i misuratori di portata prodotti siano della massima qualit\u00e0 e soddisfino i requisiti del cliente.<\/p>\n<\/div>\n<div id=\"02\">\n<p><strong>2. Informazioni sulla scala del regolatore di ossigeno e sulla fabbrica del flussometro<\/strong><\/p>\n<p>Le fabbriche di misuratori di portata variano per dimensioni e portata, a seconda del tipo di misuratori di portata che producono. Alcune fabbriche possono essere specializzate nella produzione di un singolo tipo di misuratore di portata, mentre altre possono produrne una variet\u00e0 di tipi diversi. Alcune fabbriche possono essere grandi, con centinaia di dipendenti, mentre altre possono essere piccole, con pochi dipendenti. Le dimensioni della fabbrica dipendono anche dal tipo di misuratori di portata che produce e dalla domanda di tali misuratori.<\/p>\n<\/div>\n<div id=\"03\">\n<p><strong>3.About regolatore di ossigeno e misuratore di flusso magazzino d'oltremare<\/strong><\/p>\n<p>I magazzini esteri di misuratori di portata sono magazzini situati in paesi stranieri che immagazzinano misuratori di portata e prodotti correlati. Questi magazzini sono utilizzati per immagazzinare e distribuire i misuratori di portata ai clienti in diversi Paesi. In genere sono situati in paesi che hanno una grande richiesta di misuratori di portata, come gli Stati Uniti, il Canada e l'Europa. I magazzini sono solitamente di propriet\u00e0 e gestiti dal produttore dei misuratori di portata o da un fornitore di logistica terzo. I magazzini sono in genere forniti di una variet\u00e0 di misuratori di portata, compresi quelli digitali, analogici e a ultrasuoni. Inoltre, in genere, conservano parti di ricambio e accessori per i misuratori di portata.<\/p>\n<p><img style=\"max-width: 100%;\" title=\"A proposito di regolatore di ossigeno e misuratore di flusso magazzino all&#039;estero\" src=\"https:\/\/www.hginstrument.com\/wp-content\/uploads\/2021\/07\/wedge-1.jpg\" alt=\"A proposito di regolatore di ossigeno e misuratore di flusso magazzino all&#039;estero\" \/><\/p>\n<\/div>\n<div id=\"04\">\n<p><strong>4.I risultati delle misurazioni del regolatore di ossigeno e del flussometro possono essere emessi e registrati a distanza?<\/strong><\/p>\n<p>S\u00ec, molti misuratori di portata sono dotati di funzionalit\u00e0 di uscita e registrazione a distanza. Ci\u00f2 consente agli utenti di monitorare e registrare i dati di flusso da una postazione remota.<\/p>\n<\/div>\n<div id=\"05\">\n<p><strong>5.Il regolatore di ossigeno e il flussometro sono dotati di funzionalit\u00e0 di controllo remoto?<\/strong><\/p>\n<p>Ci concentriamo sulle esigenze dei nostri clienti e ci sforziamo di soddisfare le loro aspettative, quindi prendiamo molto sul serio questo aspetto.<br \/>\nDipende dal modello specifico di misuratore di portata. Alcuni modelli possono essere dotati di funzionalit\u00e0 di controllo remoto, mentre altri no.<\/p>\n<\/div>\n<div id=\"06\">\n<p><strong>6.Informazioni sul regolatore di ossigeno e sul sistema di qualit\u00e0 del flussometro<\/strong><\/p>\n<p>Il sistema di qualit\u00e0 dei misuratori di portata \u00e8 un insieme di processi e procedure utilizzati per garantire che i misuratori di portata siano prodotti e testati per soddisfare i pi\u00f9 elevati standard di precisione e affidabilit\u00e0. Il sistema comprende misure di controllo della qualit\u00e0 come l'ispezione del materiale in entrata, l'ispezione in corso di lavorazione e il collaudo del prodotto finale. Include anche la documentazione e la tenuta dei registri per garantire che tutti i processi siano seguiti e che eventuali problemi siano affrontati in modo rapido ed efficace. Il sistema \u00e8 progettato per garantire che i misuratori di portata prodotti siano della massima qualit\u00e0 e soddisfino i requisiti del cliente.<\/p>\n<p><img style=\"max-width: 100%;\" title=\"Sistema di qualit\u00e0 del regolatore di ossigeno e del flussometro\" src=\"https:\/\/www.hginstrument.com\/wp-content\/uploads\/2021\/07\/hls-2000p-z1.jpg\" alt=\"Sistema di qualit\u00e0 del regolatore di ossigeno e del flussometro\" \/><\/p>\n<\/div>\n<div id=\"07\">\n<p><strong>7.Quali sono i requisiti per la specifica posizione di installazione del regolatore di ossigeno e del flussometro?<\/strong><\/p>\n<p>Gestiamo la nostra attivit\u00e0 di regolatori di ossigeno e misuratori di flusso con integrit\u00e0 e onest\u00e0.<br \/>\n1. Il misuratore di portata deve essere installato in un luogo privo di vibrazioni, urti e altre forze esterne.<\/p>\n<p>2. Il misuratore di portata deve essere installato in un luogo privo di gas corrosivi, liquidi e altri agenti contaminanti.<\/p>\n<p>3. Il misuratore di portata deve essere installato in una posizione accessibile per la manutenzione e la calibrazione.<\/p>\n<p>4. Il misuratore di portata deve essere installato in un luogo privo di temperature e umidit\u00e0 estreme.<\/p>\n<p>5. Il misuratore di portata deve essere installato in un luogo privo di interferenze elettriche.<\/p>\n<\/div>\n<div id=\"08\">\n<p><strong>8.Informazioni sul sistema di approvvigionamento delle materie prime del regolatore di ossigeno e del flussometro<\/strong><\/p>\n<p>Un sistema di approvvigionamento di materie prime per misuratori di portata \u00e8 una soluzione software progettata per semplificare il processo di acquisto delle materie prime per la produzione di misuratori di portata. Il sistema consente agli utenti di ricercare e acquistare in modo rapido e semplice i componenti necessari per la produzione dei misuratori di portata. Fornisce inoltre informazioni dettagliate sui componenti, compresi prezzi, disponibilit\u00e0 e tempi di consegna. Il sistema consente inoltre di tenere traccia degli ordini e di gestire l'inventario. Ci\u00f2 contribuisce a garantire che i componenti giusti siano sempre disponibili quando servono.<\/p>\n<\/div>\n<div id=\"09\">\n<p><strong>9.Qual \u00e8 la classificazione antideflagrante del regolatore di ossigeno e del flussometro?<\/strong><\/p>\n<p>I nostri prodotti regolatori di ossigeno e misuratori di flusso sono sottoposti a un rigoroso controllo di qualit\u00e0 per garantire la soddisfazione dei clienti.<br \/>\nLe classificazioni antideflagranti dei misuratori di portata variano a seconda del tipo di misuratore e dell'applicazione. In genere, i misuratori di portata sono classificati per la Classe I, Divisione 1, Gruppi C e D, o per la Classe II, Divisione 1, Gruppi E, F e G.<\/p>\n<p><img style=\"max-width: 100%;\" title=\"Qual \u00e8 la classificazione antideflagrante del regolatore di ossigeno e del flussometro?\" src=\"https:\/\/www.hginstrument.com\/wp-content\/uploads\/2021\/10\/w803e-f3.jpg\" alt=\"Qual \u00e8 la classificazione antideflagrante del regolatore di ossigeno e del flussometro?\" \/><\/p>\n<\/div>\n<div id=\"010\">\n<p><strong>10.Il regolatore di ossigeno e il flussometro possono essere dotati di sensori di diversa precisione?<\/strong><\/p>\n<p>S\u00ec, i misuratori di portata possono essere dotati di sensori di diversa precisione. Sono disponibili diversi tipi di misuratori di portata con diversi livelli di precisione, a seconda dell'applicazione. Ad esempio, i misuratori di portata a turbina sono in genere pi\u00f9 precisi di quelli a ruota dentata.<\/p>\n<\/div>\n<div id=\"11\">\n<p><strong>11.Informazioni sulla data di consegna del regolatore di ossigeno e del flussometro<\/strong><\/p>\n<p>La data di consegna di un misuratore di portata dipende dal tipo di misuratore, dal produttore e dalla disponibilit\u00e0 del prodotto. In genere, la maggior parte dei misuratori di portata pu\u00f2 essere consegnata entro pochi giorni o poche settimane. Tuttavia, alcuni misuratori di portata specializzati possono richiedere tempi di consegna pi\u00f9 lunghi. \u00c8 meglio contattare direttamente il produttore per ottenere una data di consegna precisa.<\/p>\n<\/div>\n<div id=\"12\">\n<p><strong>12.Il regolatore di ossigeno e il flussometro hanno una funzione di monitoraggio in tempo reale?<\/strong><\/p>\n<p>S\u00ec, alcuni misuratori di portata hanno funzioni di monitoraggio in tempo reale. Questi misuratori sono in genere dotati di sensori che misurano la portata e trasmettono i dati a un sistema di monitoraggio. Ci\u00f2 consente di monitorare in tempo reale la portata e altri parametri.<\/p>\n<p><img style=\"max-width: 100%;\" title=\"Il regolatore di ossigeno e il flussometro hanno una funzione di monitoraggio in tempo reale?\" src=\"https:\/\/www.hginstrument.com\/wp-content\/uploads\/2021\/07\/hgtf-6.jpg\" alt=\"Il regolatore di ossigeno e il flussometro hanno una funzione di monitoraggio in tempo reale?\" \/><\/p>\n<\/div>\n<div id=\"13\">\n<p><strong>13.Informazioni sul metodo di pagamento del regolatore di ossigeno e del flussometro<\/strong><\/p>\n<p>Il pagamento tramite contatore di flusso \u00e8 un metodo di pagamento che utilizza un contatore di flusso per misurare la quantit\u00e0 di energia utilizzata da un cliente. Il cliente paga l'energia utilizzata in base alla quantit\u00e0 di energia misurata dal contatore. Questo metodo di pagamento \u00e8 spesso utilizzato in ambienti commerciali e industriali, dove il consumo di energia \u00e8 elevato e deve essere monitorato con precisione. Il pagamento tramite contatore di flusso \u00e8 utilizzato anche in alcuni contesti residenziali, dove i clienti possono pagare per il loro utilizzo di energia in base alla quantit\u00e0 di energia che utilizzano.<\/p>\n<\/div>\n<div id=\"14\">\n<p><strong>14.Circa il regolatore di ossigeno e l'attrezzatura per la produzione di misuratori di flusso<\/strong><\/p>\n<p>Le attrezzature per la produzione di misuratori di portata sono utilizzate per produrre misuratori di portata, che sono dispositivi utilizzati per misurare la velocit\u00e0 di flusso di un liquido o di un gas. Queste attrezzature comprendono in genere una serie di macchine e strumenti, come torni, fresatrici, trapani e macchine CNC. Comprende anche strumenti specializzati per l'assemblaggio e il collaudo dei misuratori di portata. Le attrezzature utilizzate per produrre i misuratori di portata sono altamente specializzate e devono essere in grado di produrre risultati accurati e affidabili.<\/p>\n<\/div>\n<div id=\"15\">\n<p><strong>15.Informazioni sulla garanzia del regolatore di ossigeno e del flussometro<\/strong><\/p>\n<p>Le garanzie dei misuratori di portata variano a seconda del produttore e del tipo di misuratore. In genere, le garanzie coprono i difetti dei materiali e della lavorazione e possono coprire anche alcuni tipi di danni causati dal normale utilizzo. Alcune garanzie possono coprire anche i danni causati da un'installazione o da un uso improprio. \u00c8 importante leggere le informazioni sulla garanzia fornite dal produttore per comprendere la copertura specifica e le limitazioni della garanzia.<\/p>\n<p><img style=\"max-width: 100%;\" title=\"Garanzia del regolatore di ossigeno e del flussometro\" src=\"https:\/\/www.hginstrument.com\/wp-content\/uploads\/2021\/07\/in-line-pipeline-type-hgd-electromagnetic-flow-meter.jpg\" alt=\"Garanzia del regolatore di ossigeno e del flussometro\" \/><\/p>\n<\/div>\n<p>&nbsp;<\/p>\n<p>Tag\uff1a<a href=\"\/it\/magnetic-flow-meter\/ultra-sonic-flow-meter\/\">misuratore di portata ultra sonico<\/a>,<a href=\"\/it\/magnetic-flow-meter\/harris-flow-meter\/\">misuratore di portata harris<\/a>,<a href=\"\/it\/magnetic-flow-meter\/handheld-flow-meter\/\">misuratore di portata portatile<\/a><\/p>\n<p>&nbsp;<\/p>","protected":false},"excerpt":{"rendered":"<p><strong>Dati tecnici<\/strong><br \/>\nPu\u00f2 servire fluidi liquidi o gassosi; di solito viene utilizzato per misurare il flusso di vapore, aria e gas naturale.<br \/>\nDimensioni del contatore: Tipo in linea: DN25 - DN300<br \/>\nOpzione materiale bagnato: SS304, SS316<br \/>\nTemperatura di funzionamento: \u2264250\u2103<br \/>\nConnessione al processo: Wafer \/ Flangia \/ Tri-clamp per il tipo in linea<br \/>\nPrecisione di misura: 1,0 % - 1,5% del campo di calibrazione<br \/>\nIndicatore digitale: visualizzazione del flusso istantaneo, del flusso totale<br \/>\nAlimentazione: 24VDC, Uscita: 4-20mA<\/p>\n<p><strong>caratteristiche<\/strong><br \/>\n1.Punti di attivazione\/disattivazione regolabili<br \/>\n2. Modalit\u00e0 di allarme flusso Hi o Lo<br \/>\n3. Ritardo regolabile<br \/>\n4.LED di stato del rel\u00e8<\/p>","protected":false},"featured_media":3691,"comment_status":"closed","ping_status":"closed","template":"","meta":[],"product_cat":[2372],"product_tag":[],"acf":[],"_links":{"self":[{"href":"https:\/\/www.hginstrument.com\/it\/wp-json\/wp\/v2\/product\/5744"}],"collection":[{"href":"https:\/\/www.hginstrument.com\/it\/wp-json\/wp\/v2\/product"}],"about":[{"href":"https:\/\/www.hginstrument.com\/it\/wp-json\/wp\/v2\/types\/product"}],"replies":[{"embeddable":true,"href":"https:\/\/www.hginstrument.com\/it\/wp-json\/wp\/v2\/comments?post=5744"}],"wp:featuredmedia":[{"embeddable":true,"href":"https:\/\/www.hginstrument.com\/it\/wp-json\/wp\/v2\/media\/3691"}],"wp:attachment":[{"href":"https:\/\/www.hginstrument.com\/it\/wp-json\/wp\/v2\/media?parent=5744"}],"wp:term":[{"taxonomy":"product_cat","embeddable":true,"href":"https:\/\/www.hginstrument.com\/it\/wp-json\/wp\/v2\/product_cat?post=5744"},{"taxonomy":"product_tag","embeddable":true,"href":"https:\/\/www.hginstrument.com\/it\/wp-json\/wp\/v2\/product_tag?post=5744"}],"curies":[{"name":"wp","href":"https:\/\/api.w.org\/{rel}","templated":true}]}}