{"id":5859,"date":"2023-12-24T22:41:40","date_gmt":"2023-12-24T14:41:40","guid":{"rendered":"https:\/\/www.hginstrument.com\/?post_type=product&#038;p=5859"},"modified":"2023-12-27T15:11:15","modified_gmt":"2023-12-27T07:11:15","slug":"reverse-osmosis-flow-meter","status":"publish","type":"product","link":"https:\/\/www.hginstrument.com\/it\/magnetic-flow-meter\/reverse-osmosis-flow-meter\/","title":{"rendered":"reverse osmosis flow meter"},"content":{"rendered":"<p>Designed for ease of use, our reverse osmosis flow meter is simple to install and operate, suitable for both professional and non-professional users. It is also extremely durable and able to withstand harsh environments, ensuring long-lasting performance. reverse osmosis flow meter also provides a user-friendly interface that makes it easy to monitor and log traffic data. Additionally, reverse osmosis flow meter offers high accuracy, durability, and user-friendliness, making it the perfect choice for your flow measurement needs.<\/p>\n<p>reverse osmosis flow meter is a precision instrument designed to measure the flow of liquid or gas in a pipe. It is an important tool in oil and gas, chemical, Biotechnology and life sciences, water treatment and many other industries.<\/p>\n<p>With its advanced technology and high accuracy, reverse osmosis flow meter offers users the ability to monitor and control the flow of their processes with precision and efficiency. With its durable construction, it can withstand harsh operating conditions and provide long-term reliability.<\/p>\n<p>&nbsp;<\/p>\n<table class=\"table table-bordered\">\n<tbody>\n<tr>\n<td><span style=\"vertical-align: inherit;\"><span style=\"vertical-align: inherit;\">Tipo: il tipo<\/span><\/span><\/td>\n<td><span style=\"vertical-align: inherit;\">reverse osmosis flow meter<\/span><\/td>\n<td><span style=\"vertical-align: inherit;\"><span style=\"vertical-align: inherit;\">Segnale d'uscita: segnale d'uscita<\/span><\/span><\/td>\n<td><span style=\"vertical-align: inherit;\"><span style=\"vertical-align: inherit;\">4-24mA, impulso\/frequenza 2kHz (default), 5KHz (max)<\/span><\/span><\/td>\n<\/tr>\n<tr>\n<td><span style=\"vertical-align: inherit;\"><span style=\"vertical-align: inherit;\">Luogo di origine: il luogo di origine<\/span><\/span><\/td>\n<td><span style=\"vertical-align: inherit;\"><span style=\"vertical-align: inherit;\">Jiangsu, Cina<\/span><\/span><\/td>\n<td><span style=\"vertical-align: inherit;\"><span style=\"vertical-align: inherit;\">Incorporare il tipo: il tipo<\/span><\/span><\/td>\n<td><span style=\"vertical-align: inherit;\"><span style=\"vertical-align: inherit;\">-10\u2103- +51\u2103<\/span><\/span><\/td>\n<\/tr>\n<tr>\n<td><span style=\"vertical-align: inherit;\"><span style=\"vertical-align: inherit;\">Garanzia: garanzia<\/span><\/span><\/td>\n<td><span style=\"vertical-align: inherit;\"><span style=\"vertical-align: inherit;\">24 mesi<\/span><\/span><\/td>\n<td><span style=\"vertical-align: inherit;\"><span style=\"vertical-align: inherit;\">Tensione di alimentazione: tensione di alimentazione<\/span><\/span><\/td>\n<td><span style=\"vertical-align: inherit;\"><span style=\"vertical-align: inherit;\">110\/220VAC (100-240VAC), 50Hz\/60Hz; 24VDC\u00b110%<\/span><\/span><\/td>\n<\/tr>\n<tr>\n<td><span style=\"vertical-align: inherit;\"><span style=\"vertical-align: inherit;\">Supporto personalizzato\uff1aSupporto personalizzato<\/span><\/span><\/td>\n<td><span style=\"vertical-align: inherit;\"><span style=\"vertical-align: inherit;\">OEM, ODM, OBM<\/span><\/span><\/td>\n<td><span style=\"vertical-align: inherit;\"><span style=\"vertical-align: inherit;\">Comunicazione digitale: comunicazione digitale<\/span><\/span><\/td>\n<td><span style=\"vertical-align: inherit;\"><span style=\"vertical-align: inherit;\">RS-485, supporto del protocollo standard Mudbugs-RTU; GPRS<\/span><\/span><\/td>\n<\/tr>\n<tr>\n<td><span style=\"vertical-align: inherit;\"><span style=\"vertical-align: inherit;\">Nome della marca: Nome della marca: Nome della marca: Nome della marca: Nome della marca: Nome della marca<\/span><\/span><\/td>\n<td><span style=\"vertical-align: inherit;\"><span style=\"vertical-align: inherit;\">GRUPPO SUYI<\/span><\/span><\/td>\n<td><span style=\"vertical-align: inherit;\"><span style=\"vertical-align: inherit;\">Pressione nominale: pressione nominale<\/span><\/span><\/td>\n<td><span style=\"vertical-align: inherit;\"><span style=\"vertical-align: inherit;\">1MPa (DN15-DN800), 1,6MPa (DN15-DN800), 2,5MPa (DN15-DN600)<\/span><\/span><\/td>\n<\/tr>\n<tr>\n<td><span style=\"vertical-align: inherit;\"><span style=\"vertical-align: inherit;\">Numero di modello: Numero di modello: Numero di modello: Numero di modello: Numero di modello: Numero di modello<\/span><\/span><\/td>\n<td><span style=\"vertical-align: inherit;\"><span style=\"vertical-align: inherit;\">altro<\/span><\/span><\/td>\n<td><span style=\"vertical-align: inherit;\"><span style=\"vertical-align: inherit;\">Sensore: sensore<\/span><\/span><\/td>\n<td><span style=\"vertical-align: inherit;\"><span style=\"vertical-align: inherit;\">0\u2103- +80\u2103 o -25\u2103- +120\u2103 o +70\u2103- +250\u2103<\/span><\/span><\/td>\n<\/tr>\n<tr>\n<td><span style=\"vertical-align: inherit;\"><span style=\"vertical-align: inherit;\">Nome del prodotto: Nome del prodotto: Nome del prodotto: Nome del prodotto: Nome del prodotto: Nome del prodotto<\/span><\/span><\/td>\n<td><span style=\"vertical-align: inherit;\"><span style=\"vertical-align: inherit;\">Misuratore di portata dell'acqua chimica digitale intelligente elettromagnetico<\/span><\/span><\/td>\n<td><span style=\"vertical-align: inherit;\"><span style=\"vertical-align: inherit;\">Dettagli dell'imballaggio:<\/span><\/span><\/td>\n<td><span style=\"vertical-align: inherit;\"><span style=\"vertical-align: inherit;\">1 set per confezione o come richiesto dal cliente<\/span><\/span><\/td>\n<\/tr>\n<tr>\n<td><span style=\"vertical-align: inherit;\"><span style=\"vertical-align: inherit;\">Diametro nominale: diametro nominale<\/span><\/span><\/td>\n<td><span style=\"vertical-align: inherit;\"><span style=\"vertical-align: inherit;\">3-3229mm<\/span><\/span><\/td>\n<td><span style=\"vertical-align: inherit;\"><span style=\"vertical-align: inherit;\">Capacit\u00e0 di approvvigionamento<\/span><\/span><\/td>\n<td><span style=\"vertical-align: inherit;\"><span style=\"vertical-align: inherit;\">2204 Set\/Sets per Month<\/span><\/span><\/td>\n<\/tr>\n<tr>\n<td><span style=\"vertical-align: inherit;\"><span style=\"vertical-align: inherit;\">gamma di velocit\u00e0: il campo di velocit\u00e0<\/span><\/span><\/td>\n<td><span style=\"vertical-align: inherit;\"><span style=\"vertical-align: inherit;\">0-9m\/s<\/span><\/span><\/td>\n<td><span style=\"vertical-align: inherit;\"><span style=\"vertical-align: inherit;\">Quantit\u00e0 (set)<\/span><\/span><\/td>\n<td><span style=\"vertical-align: inherit;\"><span style=\"vertical-align: inherit;\">&gt; 30<\/span><\/span><\/td>\n<\/tr>\n<tr>\n<td><span style=\"vertical-align: inherit;\"><span style=\"vertical-align: inherit;\">Grado di accuratezza: il grado di accuratezza<\/span><\/span><\/td>\n<td><span style=\"vertical-align: inherit;\"><span style=\"vertical-align: inherit;\">\u00b10,5%R, \u00b11%R ( &lt; DN20)<\/span><\/span><\/td>\n<td><span style=\"vertical-align: inherit;\"><span style=\"vertical-align: inherit;\">Tempi di consegna (giorni)<\/span><\/span><\/td>\n<td><span style=\"vertical-align: inherit;\"><span style=\"vertical-align: inherit;\">Da negoziare<\/span><\/span><\/td>\n<\/tr>\n<\/tbody>\n<\/table>\n<p>&nbsp;<\/p>\n<p><strong><\/strong><\/p>\n<p style=\"text-align:center;\"><img src=\"https:\/\/www.hginstrument.com\/wp-content\/uploads\/2021\/07\/in-line-pipeline-type-hgd-electromagnetic-flow-meter.jpg\" atl=\"reverse osmosis flow meter\" title=\"reverse osmosis flow meter\"><\/p>\n<p><strong><\/strong><\/p>\n<p style=\"text-align:center;\"><img src=\"https:\/\/www.hginstrument.com\/wp-content\/uploads\/2021\/07\/insertion-01.jpg\" atl=\"reverse osmosis flow meter\" title=\"reverse osmosis flow meter\"><\/p>\n<p><strong><\/strong><\/p>\n<p style=\"text-align:center;\"><img src=\"https:\/\/www.hginstrument.com\/wp-content\/uploads\/2021\/07\/sanitary-mag-1.jpg\" atl=\"reverse osmosis flow meter\" title=\"reverse osmosis flow meter\"><\/p>\n<p><strong>reverse osmosis flow meter FAQs Guide.<\/p>\n<p>At the heart of our reverse osmosis flow meter series lies a commitment to excellence, blending advanced sensor technology with user-friendly interfaces. From liquid to gas, our meters deliver unparalleled accuracy, empowering you to make informed decisions and streamline operations. As we usher in a new era of fluid measurement, we invite you to explore the limitless possibilities that our reverse osmosis flow meters unlock \u2013 where precision meets performance, and innovation flows seamlessly.<\/strong><\/p>\n<div style=\"border:3px solid #f89900;margin:20px 0;padding:20px;\"><a href=\"\/it\/reverse-osmosis-flow-meter\/#01\">1.How does the reverse osmosis flow meter detect the properties of the target fluid?<\/a><br \/><a href=\"\/it\/reverse-osmosis-flow-meter\/#02\">2.About the scale of reverse osmosis flow meter factory<\/a><br \/><a href=\"\/it\/reverse-osmosis-flow-meter\/#03\">3.Does reverse osmosis flow meter have real-time monitoring function?<\/a><br \/><a href=\"\/it\/reverse-osmosis-flow-meter\/#04\">4.Does the reverse osmosis flow meter have data storage capabilities?<\/a><br \/><a href=\"\/it\/reverse-osmosis-flow-meter\/#05\">5.About reverse osmosis flow meter customization services<\/a><br \/><a href=\"\/it\/reverse-osmosis-flow-meter\/#06\">6.Is the measuring unit of the reverse osmosis flow meter replaceable?<\/a><br \/><a href=\"\/it\/reverse-osmosis-flow-meter\/#07\">7.About reverse osmosis flow meter warranty<\/a><br \/><a href=\"\/it\/reverse-osmosis-flow-meter\/#08\">8.What are the requirements for the specific installation location of the reverse osmosis flow meter?<\/a><br \/><a href=\"\/it\/reverse-osmosis-flow-meter\/#09\">9.About the development history of reverse osmosis flow meter factory<\/a><br \/><a href=\"\/it\/reverse-osmosis-flow-meter\/#010\">10.How does the reverse osmosis flow meter connect with other devices and transmit data?<\/a><br \/><a href=\"\/it\/reverse-osmosis-flow-meter\/#11\">11.About reverse osmosis flow meter production equipment<\/a><br \/><a href=\"\/it\/reverse-osmosis-flow-meter\/#12\">12.Does the reverse osmosis flow meter have an automatic alarm function?<\/a><br \/><a href=\"\/it\/reverse-osmosis-flow-meter\/#13\">13.About reverse osmosis flow meter warranty<\/a><br \/><a href=\"\/it\/reverse-osmosis-flow-meter\/#14\">14.What are the common faults and solutions of reverse osmosis flow meters?<\/a><br \/><a href=\"\/it\/reverse-osmosis-flow-meter\/#15\">15.About reverse osmosis flow meter technology<\/a><\/div>\n<div name=\"01\" id=\"01\">\n<p><strong>1.How does the reverse osmosis flow meter detect the properties of the target fluid?<\/strong><\/p>\n<p>As one of the reverse osmosis flow meter market leaders, we are known for innovation and reliability.<br \/>\nI flussimetri misurano la portata di un fluido rilevandone la velocit\u00e0. Ci\u00f2 avviene tipicamente misurando la caduta di pressione attraverso una restrizione nota nel percorso del flusso, oppure misurando la velocit\u00e0 del fluido utilizzando una serie di tecnologie come quella ultrasonica, magnetica o termica. La portata pu\u00f2 quindi essere utilizzata per calcolare le propriet\u00e0 del fluido, come la densit\u00e0, la viscosit\u00e0 e la portata volumetrica.<\/p>\n<\/div>\n<div name=\"02\" id=\"02\">\n<p><strong>2.About the scale of reverse osmosis flow meter factory<\/strong><\/p>\n<p>Le fabbriche di misuratori di portata variano per dimensioni e portata, a seconda del tipo di misuratori di portata che producono. Alcune fabbriche possono essere specializzate nella produzione di un singolo tipo di misuratore di portata, mentre altre possono produrne una variet\u00e0 di tipi diversi. Alcune fabbriche possono essere grandi, con centinaia di dipendenti, mentre altre possono essere piccole, con pochi dipendenti. Le dimensioni della fabbrica dipendono anche dal tipo di misuratori di portata che produce e dalla domanda di tali misuratori.<\/p>\n<p><img src=\"https:\/\/www.hginstrument.com\/wp-content\/uploads\/2021\/07\/wedge-1.jpg\" alt=\"About the scale of reverse osmosis flow meter factory\" title=\"About the scale of reverse osmosis flow meter factory\" style=\"max-width: 100%;\"><\/div>\n<div name=\"03\" id=\"03\">\n<p><strong>3.Does reverse osmosis flow meter have real-time monitoring function?<\/strong><\/p>\n<p>S\u00ec, alcuni misuratori di portata hanno funzioni di monitoraggio in tempo reale. Questi misuratori sono in genere dotati di sensori che misurano la portata e trasmettono i dati a un sistema di monitoraggio. Ci\u00f2 consente di monitorare in tempo reale la portata e altri parametri.<\/p>\n<\/div>\n<div name=\"04\" id=\"04\">\n<p><strong>4.Does the reverse osmosis flow meter have data storage capabilities?<\/strong><\/p>\n<p>Ci concentriamo sull'innovazione e sul miglioramento continuo per mantenere un vantaggio competitivo.<br \/>\nDipende dal tipo di misuratore di portata. Alcuni misuratori di portata hanno capacit\u00e0 di memorizzazione dei dati, mentre altri non ne hanno.<\/p>\n<p><img src=\"https:\/\/www.hginstrument.com\/wp-content\/uploads\/2021\/07\/in-line-pipeline-type-hgd-electromagnetic-flow-meter.jpg\" alt=\"Does the reverse osmosis flow meter have data storage capabilities?\" title=\"Does the reverse osmosis flow meter have data storage capabilities?\" style=\"max-width: 100%;\"><\/div>\n<div name=\"05\" id=\"05\">\n<p><strong>5.About reverse osmosis flow meter customization services<\/strong><\/p>\n<p>I servizi di personalizzazione dei misuratori di portata sono progettati per fornire ai clienti una soluzione su misura per le loro specifiche esigenze di misurazione del flusso. Questi servizi possono includere la personalizzazione del misuratore di portata per adattarlo a una particolare applicazione, come una specifica dimensione del tubo o portata, o per soddisfare un determinato requisito di precisione. I servizi di personalizzazione possono anche comprendere la modifica del misuratore di portata per includere caratteristiche aggiuntive, come un display o funzionalit\u00e0 di registrazione dei dati. I servizi di personalizzazione dei misuratori di portata possono includere anche l'installazione del misuratore di portata, nonch\u00e9 la fornitura di assistenza tecnica e manutenzione.<\/p>\n<\/div>\n<div name=\"06\" id=\"06\">\n<p><strong>6.Is the measuring unit of the reverse osmosis flow meter replaceable?<\/strong><\/p>\n<p>As one of the top reverse osmosis flow meter manufacturers in China, we take this very seriously.<br \/>\nS\u00ec, l'unit\u00e0 di misura di un misuratore di portata \u00e8 sostituibile.<\/p>\n<p><img src=\"https:\/\/www.hginstrument.com\/wp-content\/uploads\/2021\/07\/hguoc-1.jpg\" alt=\"Is the measuring unit of the reverse osmosis flow meter replaceable?\" title=\"Is the measuring unit of the reverse osmosis flow meter replaceable?\" style=\"max-width: 100%;\"><\/div>\n<div name=\"07\" id=\"07\">\n<p><strong>7.About reverse osmosis flow meter warranty<\/strong><\/p>\n<p>Le garanzie dei misuratori di portata variano a seconda del produttore e del tipo di misuratore. In genere, le garanzie coprono i difetti dei materiali e della lavorazione e possono coprire anche alcuni tipi di danni causati dal normale utilizzo. Alcune garanzie possono coprire anche i danni causati da un'installazione o da un uso improprio. \u00c8 importante leggere le informazioni sulla garanzia fornite dal produttore per comprendere la copertura specifica e le limitazioni della garanzia.<\/p>\n<\/div>\n<div name=\"08\" id=\"08\">\n<p><strong>8.What are the requirements for the specific installation location of the reverse osmosis flow meter?<\/strong><\/p>\n<p>We operate our reverse osmosis flow meter business with integrity and honesty.<br \/>\n1. Il misuratore di portata deve essere installato in un luogo privo di vibrazioni, urti e altre forze esterne.<\/p>\n<p>2. Il misuratore di portata deve essere installato in un luogo privo di gas corrosivi, liquidi e altri agenti contaminanti.<\/p>\n<p>3. Il misuratore di portata deve essere installato in una posizione accessibile per la manutenzione e la calibrazione.<\/p>\n<p>4. Il misuratore di portata deve essere installato in un luogo privo di temperature e umidit\u00e0 estreme.<\/p>\n<p>5. Il misuratore di portata deve essere installato in un luogo privo di interferenze elettriche.<\/p>\n<p><img src=\"https:\/\/www.hginstrument.com\/wp-content\/uploads\/2021\/07\/verabar-1.jpg\" alt=\"What are the requirements for the specific installation location of the reverse osmosis flow meter?\" title=\"What are the requirements for the specific installation location of the reverse osmosis flow meter?\" style=\"max-width: 100%;\"><\/div>\n<div name=\"09\" id=\"09\">\n<p><strong>9.About the development history of reverse osmosis flow meter factory<\/strong><\/p>\n<p>La fabbrica di misuratori di portata \u00e8 stata fondata all'inizio degli anni Novanta. \u00c8 stata fondata da un gruppo di ingegneri e tecnici con una vasta esperienza nella progettazione e nella produzione di misuratori di portata. Inizialmente l'azienda si \u00e8 concentrata sulla produzione di misuratori di portata meccanici, ma ben presto ha ampliato la propria gamma di prodotti includendo anche misuratori di portata elettronici. Nel corso degli anni, l'azienda ha sviluppato un'ampia gamma di misuratori di portata per diverse applicazioni, tra cui quelle industriali, commerciali e residenziali. L'azienda ha inoltre sviluppato una serie di soluzioni software e hardware per la misurazione e il controllo del flusso. Oggi l'azienda \u00e8 uno dei principali produttori di misuratori di portata e prodotti correlati ed \u00e8 riconosciuta come leader del settore.<\/p>\n<\/div>\n<div name=\"010\" id=\"010\">\n<p><strong>10.How does the reverse osmosis flow meter connect with other devices and transmit data?<\/strong><\/p>\n<p>reverse osmosis flow meter is not a product only,  but also can help you comes to money-making.<br \/>\nI misuratori di portata possono collegarsi ad altri dispositivi e trasmettere dati attraverso una serie di metodi, tra cui connessioni cablate, connessioni wireless e protocolli di comunicazione seriale. Le connessioni cablate possono includere RS-232, RS-485 e USB. Le connessioni wireless possono includere Bluetooth, Wi-Fi e reti cellulari. I protocolli di comunicazione seriale possono includere Modbus, HART e Profibus.<\/p>\n<p><img src=\"https:\/\/www.hginstrument.com\/wp-content\/uploads\/2021\/07\/hgcmf-c1-1.jpg\" alt=\"How does the reverse osmosis flow meter connect with other devices and transmit data?\" title=\"How does the reverse osmosis flow meter connect with other devices and transmit data?\" style=\"max-width: 100%;\"><\/div>\n<div name=\"11\" id=\"11\">\n<p><strong>11.About reverse osmosis flow meter production equipment<\/strong><\/p>\n<p>Le attrezzature per la produzione di misuratori di portata sono utilizzate per produrre misuratori di portata, che sono dispositivi utilizzati per misurare la velocit\u00e0 di flusso di un liquido o di un gas. Queste attrezzature comprendono in genere una serie di macchine e strumenti, come torni, fresatrici, trapani e macchine CNC. Comprende anche strumenti specializzati per l'assemblaggio e il collaudo dei misuratori di portata. Le attrezzature utilizzate per produrre i misuratori di portata sono altamente specializzate e devono essere in grado di produrre risultati accurati e affidabili.<\/p>\n<\/div>\n<div name=\"12\" id=\"12\">\n<p><strong>12.Does the reverse osmosis flow meter have an automatic alarm function?<\/strong><\/p>\n<p>Aderiamo al principio della qualit\u00e0 prima di tutto e disponiamo di un sistema completo di gestione della qualit\u00e0 della produzione e di un processo di ispezione della qualit\u00e0.<br \/>\nMolti misuratori di portata dispongono di una funzione di allarme automatico, ma ci\u00f2 dipende dal modello specifico. \u00c8 meglio controllare le specifiche del prodotto per determinare se il misuratore di portata che si sta considerando \u00e8 dotato di questa funzione.<\/p>\n<p><img src=\"https:\/\/www.hginstrument.com\/wp-content\/uploads\/2021\/07\/nozzle-1.jpg\" alt=\"Does the reverse osmosis flow meter have an automatic alarm function?\" title=\"Does the reverse osmosis flow meter have an automatic alarm function?\" style=\"max-width: 100%;\"><\/div>\n<div name=\"13\" id=\"13\">\n<p><strong>13.About reverse osmosis flow meter warranty<\/strong><\/p>\n<p>Le garanzie dei misuratori di portata variano a seconda del produttore e del tipo di misuratore. In genere, le garanzie coprono i difetti dei materiali e della lavorazione e possono coprire anche alcuni tipi di danni causati dal normale utilizzo. Alcune garanzie possono coprire anche i danni causati da un'installazione o da un uso improprio. \u00c8 importante leggere le informazioni sulla garanzia fornite dal produttore per comprendere la copertura specifica e le limitazioni della garanzia.<\/p>\n<\/div>\n<div name=\"14\" id=\"14\">\n<p><strong>14.What are the common faults and solutions of reverse osmosis flow meters?<\/strong><\/p>\n<p>Manteniamo una certa quantit\u00e0 di investimenti in R&amp;S ogni anno e miglioriamo continuamente l'efficienza operativa per fornire servizi migliori ai nostri clienti cooperativi.<br \/>\nI guasti e le soluzioni pi\u00f9 comuni dei misuratori di portata includono:<\/p>\n<p>1. Bassa precisione: Di solito \u00e8 causata da un'installazione o una calibrazione errata. Per risolvere questo problema, verificare l'installazione e la calibrazione del flussimetro e assicurarsi che siano corrette.<\/p>\n<p>2. Perdite: Di solito \u00e8 causata da una guarnizione usurata o danneggiata. Per risolvere il problema, sostituire la guarnizione con una nuova.<\/p>\n<p>3. Intasamento: Di solito \u00e8 causato da detriti o altre particelle che bloccano il flussometro. Per risolvere il problema, pulire il flussometro e rimuovere eventuali detriti o particelle.<\/p>\n<p>4. Corrosione: Di solito \u00e8 causata dall'esposizione a liquidi o gas corrosivi. Per risolvere il problema, sostituire le parti corrose e utilizzare un materiale resistente alla corrosione per il misuratore di portata.<\/p>\n<p><img src=\"https:\/\/www.hginstrument.com\/wp-content\/uploads\/2021\/07\/wall-mount-1f.jpg\" alt=\"What are the common faults and solutions of reverse osmosis flow meters?\" title=\"What are the common faults and solutions of reverse osmosis flow meters?\" style=\"max-width: 100%;\"><\/div>\n<div name=\"15\" id=\"15\">\n<p><strong>15.About reverse osmosis flow meter technology<\/strong><\/p>\n<p>La tecnologia dei misuratori di portata \u00e8 un tipo di tecnologia di misura utilizzata per misurare la velocit\u00e0 di flusso di un fluido o di un gas. Viene utilizzata in diversi settori, tra cui quello petrolifero e del gas, dell'acqua e delle acque reflue e del trattamento chimico. I flussimetri misurano la portata di un fluido o di un gas misurando la pressione, la velocit\u00e0 o altre propriet\u00e0 fisiche del fluido o del gas. I flussimetri possono essere utilizzati per misurare la portata di liquidi, gas e vapore. Vengono utilizzati per misurare la portata di una variet\u00e0 di fluidi, tra cui acqua, olio e sostanze chimiche. I misuratori di portata sono utilizzati in diverse applicazioni, tra cui il controllo dei processi, la gestione dell'energia e il monitoraggio della sicurezza.<\/p>\n<\/div>\n<p>Tag\uff1a<a href=\"\/it\/magnetic-flow-meter\/flow-meter-gauge\/\">misuratore di portata<\/a>,<a href=\"\/it\/magnetic-flow-meter\/hand-held-ultrasonic-flow-meter\/\">misuratore di portata a ultrasuoni portatile<\/a>,<a href=\"\/it\/magnetic-flow-meter\/diesel-flow-meter\/\">diesel flow meter<\/a>,<a href=\"\/it\/magnetic-flow-meter\/carburetor-air-flow-meter\/\">carburetor air flow meter<\/a><\/p>\n<p><\/p>","protected":false},"excerpt":{"rendered":"<p><strong>Dati tecnici<\/strong><br \/>\nPu\u00f2 servire fluidi liquidi o gassosi; di solito viene utilizzato per misurare il flusso di vapore, aria e gas naturale.<br \/>\nDimensioni del contatore: Tipo in linea: DN25 - DN300<br \/>\nOpzione materiale bagnato: SS304, SS316<br \/>\nTemperatura di funzionamento: \u2264250\u2103<br \/>\nConnessione al processo: Wafer \/ Flangia \/ Tri-clamp per il tipo in linea<br \/>\nPrecisione di misura: 1,0 % - 1,5% del campo di calibrazione<br \/>\nIndicatore digitale: visualizzazione del flusso istantaneo, del flusso totale<br \/>\nAlimentazione: 24VDC, Uscita: 4-20mA<\/p>\n<p><strong>caratteristiche<\/strong><br \/>\n1.Punti di attivazione\/disattivazione regolabili<br \/>\n2. Modalit\u00e0 di allarme flusso Hi o Lo<br \/>\n3. Ritardo regolabile<br \/>\n4.LED di stato del rel\u00e8<\/p>","protected":false},"featured_media":3691,"comment_status":"closed","ping_status":"closed","template":"","meta":[],"product_cat":[2372],"product_tag":[],"acf":[],"_links":{"self":[{"href":"https:\/\/www.hginstrument.com\/it\/wp-json\/wp\/v2\/product\/5859"}],"collection":[{"href":"https:\/\/www.hginstrument.com\/it\/wp-json\/wp\/v2\/product"}],"about":[{"href":"https:\/\/www.hginstrument.com\/it\/wp-json\/wp\/v2\/types\/product"}],"replies":[{"embeddable":true,"href":"https:\/\/www.hginstrument.com\/it\/wp-json\/wp\/v2\/comments?post=5859"}],"wp:featuredmedia":[{"embeddable":true,"href":"https:\/\/www.hginstrument.com\/it\/wp-json\/wp\/v2\/media\/3691"}],"wp:attachment":[{"href":"https:\/\/www.hginstrument.com\/it\/wp-json\/wp\/v2\/media?parent=5859"}],"wp:term":[{"taxonomy":"product_cat","embeddable":true,"href":"https:\/\/www.hginstrument.com\/it\/wp-json\/wp\/v2\/product_cat?post=5859"},{"taxonomy":"product_tag","embeddable":true,"href":"https:\/\/www.hginstrument.com\/it\/wp-json\/wp\/v2\/product_tag?post=5859"}],"curies":[{"name":"wp","href":"https:\/\/api.w.org\/{rel}","templated":true}]}}