{"id":6003,"date":"2023-12-25T04:29:08","date_gmt":"2023-12-24T20:29:08","guid":{"rendered":"https:\/\/www.hginstrument.com\/?post_type=product&#038;p=6003"},"modified":"2023-12-27T10:44:42","modified_gmt":"2023-12-27T02:44:42","slug":"ufm-flow-meter","status":"publish","type":"product","link":"https:\/\/www.hginstrument.com\/it\/magnetic-flow-meter\/ufm-flow-meter\/","title":{"rendered":"misuratore di portata ufm"},"content":{"rendered":"<p>Il misuratore di portata ufm \u00e8 un dispositivo altamente affidabile e preciso utilizzato per misurare il flusso di liquidi e gas in varie applicazioni industriali e commerciali. \u00c8 progettato con una tecnologia avanzata e componenti di alta qualit\u00e0, che lo rendono durevole e resistente a fattori esterni come le variazioni di temperatura e pressione.<\/p>\n<p>Una delle caratteristiche principali del misuratore di portata ufm \u00e8 la sua elevata precisione, con un margine di errore inferiore a 1%. Questo lo rende ideale per misure precise e processi critici. Inoltre, il dispositivo ha un ampio campo di misura e pu\u00f2 gestire portate sia basse che alte, rendendolo adatto a una variet\u00e0 di esigenze industriali.<\/p>\n<p>L'installazione e la manutenzione del misuratore di portata ufm sono facili e veloci, grazie al suo design semplice e all'interfaccia intuitiva. Grazie alle sue prestazioni affidabili e al prezzo conveniente, il misuratore di portata ufm \u00e8 uno strumento essenziale per qualsiasi applicazione di misurazione dei fluidi. \u00c8 una scelta affidabile e preferita dai clienti di tutto il mondo e ha una comprovata esperienza nella fornitura di misure accurate.<\/p>\n<p>&nbsp;<\/p>\n<table class=\"table table-bordered\">\n<tbody>\n<tr>\n<td><span style=\"vertical-align: inherit;\"><span style=\"vertical-align: inherit;\">Tipo: il tipo<\/span><\/span><\/td>\n<td><span style=\"vertical-align: inherit;\">misuratore di portata ufm<\/span><\/td>\n<td><span style=\"vertical-align: inherit;\"><span style=\"vertical-align: inherit;\">Segnale d'uscita: segnale d'uscita<\/span><\/span><\/td>\n<td><span style=\"vertical-align: inherit;\"><span style=\"vertical-align: inherit;\">4-26mA, impulso\/frequenza 2kHz (default), 5KHz (max)<\/span><\/span><\/td>\n<\/tr>\n<tr>\n<td><span style=\"vertical-align: inherit;\"><span style=\"vertical-align: inherit;\">Luogo di origine: il luogo di origine<\/span><\/span><\/td>\n<td><span style=\"vertical-align: inherit;\"><span style=\"vertical-align: inherit;\">Jiangsu, Cina<\/span><\/span><\/td>\n<td><span style=\"vertical-align: inherit;\"><span style=\"vertical-align: inherit;\">Incorporare il tipo: il tipo<\/span><\/span><\/td>\n<td><span style=\"vertical-align: inherit;\"><span style=\"vertical-align: inherit;\">-10\u2103- +52\u2103<\/span><\/span><\/td>\n<\/tr>\n<tr>\n<td><span style=\"vertical-align: inherit;\"><span style=\"vertical-align: inherit;\">Garanzia: garanzia<\/span><\/span><\/td>\n<td><span style=\"vertical-align: inherit;\"><span style=\"vertical-align: inherit;\">13 mesi<\/span><\/span><\/td>\n<td><span style=\"vertical-align: inherit;\"><span style=\"vertical-align: inherit;\">Tensione di alimentazione: tensione di alimentazione<\/span><\/span><\/td>\n<td><span style=\"vertical-align: inherit;\"><span style=\"vertical-align: inherit;\">110\/220VAC (100-240VAC), 50Hz\/60Hz; 24VDC\u00b110%<\/span><\/span><\/td>\n<\/tr>\n<tr>\n<td><span style=\"vertical-align: inherit;\"><span style=\"vertical-align: inherit;\">Supporto personalizzato\uff1aSupporto personalizzato<\/span><\/span><\/td>\n<td><span style=\"vertical-align: inherit;\"><span style=\"vertical-align: inherit;\">OEM, ODM, OBM<\/span><\/span><\/td>\n<td><span style=\"vertical-align: inherit;\"><span style=\"vertical-align: inherit;\">Comunicazione digitale: comunicazione digitale<\/span><\/span><\/td>\n<td><span style=\"vertical-align: inherit;\"><span style=\"vertical-align: inherit;\">RS-485, supporto del protocollo standard Mudbugs-RTU; GPRS<\/span><\/span><\/td>\n<\/tr>\n<tr>\n<td><span style=\"vertical-align: inherit;\"><span style=\"vertical-align: inherit;\">Nome della marca: Nome della marca: Nome della marca: Nome della marca: Nome della marca: Nome della marca<\/span><\/span><\/td>\n<td><span style=\"vertical-align: inherit;\"><span style=\"vertical-align: inherit;\">GRUPPO SUYI<\/span><\/span><\/td>\n<td><span style=\"vertical-align: inherit;\"><span style=\"vertical-align: inherit;\">Pressione nominale: pressione nominale<\/span><\/span><\/td>\n<td><span style=\"vertical-align: inherit;\"><span style=\"vertical-align: inherit;\">1MPa (DN15-DN800), 1,6MPa (DN15-DN800), 2,5MPa (DN15-DN600)<\/span><\/span><\/td>\n<\/tr>\n<tr>\n<td><span style=\"vertical-align: inherit;\"><span style=\"vertical-align: inherit;\">Numero di modello: Numero di modello: Numero di modello: Numero di modello: Numero di modello: Numero di modello<\/span><\/span><\/td>\n<td><span style=\"vertical-align: inherit;\"><span style=\"vertical-align: inherit;\">altro<\/span><\/span><\/td>\n<td><span style=\"vertical-align: inherit;\"><span style=\"vertical-align: inherit;\">Sensore: sensore<\/span><\/span><\/td>\n<td><span style=\"vertical-align: inherit;\"><span style=\"vertical-align: inherit;\">0\u2103- +80\u2103 o -25\u2103- +120\u2103 o +70\u2103- +250\u2103<\/span><\/span><\/td>\n<\/tr>\n<tr>\n<td><span style=\"vertical-align: inherit;\"><span style=\"vertical-align: inherit;\">Nome del prodotto: Nome del prodotto: Nome del prodotto: Nome del prodotto: Nome del prodotto: Nome del prodotto<\/span><\/span><\/td>\n<td><span style=\"vertical-align: inherit;\"><span style=\"vertical-align: inherit;\">Misuratore di portata dell'acqua chimica digitale intelligente elettromagnetico<\/span><\/span><\/td>\n<td><span style=\"vertical-align: inherit;\"><span style=\"vertical-align: inherit;\">Dettagli dell'imballaggio:<\/span><\/span><\/td>\n<td><span style=\"vertical-align: inherit;\"><span style=\"vertical-align: inherit;\">1 set per confezione o come richiesto dal cliente<\/span><\/span><\/td>\n<\/tr>\n<tr>\n<td><span style=\"vertical-align: inherit;\"><span style=\"vertical-align: inherit;\">Diametro nominale: diametro nominale<\/span><\/span><\/td>\n<td><span style=\"vertical-align: inherit;\"><span style=\"vertical-align: inherit;\">3-2701 mm<\/span><\/span><\/td>\n<td><span style=\"vertical-align: inherit;\"><span style=\"vertical-align: inherit;\">Capacit\u00e0 di approvvigionamento<\/span><\/span><\/td>\n<td><span style=\"vertical-align: inherit;\"><span style=\"vertical-align: inherit;\">1736 Set\/Set al mese<\/span><\/span><\/td>\n<\/tr>\n<tr>\n<td><span style=\"vertical-align: inherit;\"><span style=\"vertical-align: inherit;\">gamma di velocit\u00e0: il campo di velocit\u00e0<\/span><\/span><\/td>\n<td><span style=\"vertical-align: inherit;\"><span style=\"vertical-align: inherit;\">0-5m\/s<\/span><\/span><\/td>\n<td><span style=\"vertical-align: inherit;\"><span style=\"vertical-align: inherit;\">Quantit\u00e0 (set)<\/span><\/span><\/td>\n<td><span style=\"vertical-align: inherit;\"><span style=\"vertical-align: inherit;\">&gt; 30<\/span><\/span><\/td>\n<\/tr>\n<tr>\n<td><span style=\"vertical-align: inherit;\"><span style=\"vertical-align: inherit;\">Grado di accuratezza: il grado di accuratezza<\/span><\/span><\/td>\n<td><span style=\"vertical-align: inherit;\"><span style=\"vertical-align: inherit;\">\u00b10,5%R, \u00b11%R ( &lt; DN20)<\/span><\/span><\/td>\n<td><span style=\"vertical-align: inherit;\"><span style=\"vertical-align: inherit;\">Tempi di consegna (giorni)<\/span><\/span><\/td>\n<td><span style=\"vertical-align: inherit;\"><span style=\"vertical-align: inherit;\">Da negoziare<\/span><\/span><\/td>\n<\/tr>\n<\/tbody>\n<\/table>\n<p>&nbsp;<\/p>\n<p><strong><\/strong><\/p>\n<p style=\"text-align:center;\"><img src=\"https:\/\/www.hginstrument.com\/wp-content\/uploads\/2021\/07\/in-line-pipeline-type-hgd-electromagnetic-flow-meter.jpg\" atl=\"ufm flow meter\" title=\"misuratore di portata ufm\"><\/p>\n<p><strong><\/strong><\/p>\n<p style=\"text-align:center;\"><img src=\"https:\/\/www.hginstrument.com\/wp-content\/uploads\/2021\/07\/insertion-01.jpg\" atl=\"ufm flow meter\" title=\"misuratore di portata ufm\"><\/p>\n<p><strong><\/strong><\/p>\n<p style=\"text-align:center;\"><img src=\"https:\/\/www.hginstrument.com\/wp-content\/uploads\/2021\/07\/sanitary-mag-1.jpg\" atl=\"ufm flow meter\" title=\"misuratore di portata ufm\"><\/p>\n<p><strong>Guida alle FAQ sui misuratori di portata ufm.<\/p>\n<p>Al centro della nostra serie di misuratori di portata ufm c'\u00e8 un impegno all'eccellenza, che unisce la tecnologia avanzata dei sensori a interfacce di facile utilizzo. Dai liquidi ai gas, i nostri misuratori offrono una precisione senza pari, consentendovi di prendere decisioni informate e di ottimizzare le operazioni. Mentre inauguriamo una nuova era della misurazione dei fluidi, vi invitiamo a esplorare le possibilit\u00e0 illimitate offerte dai nostri misuratori di portata ufm, dove la precisione incontra le prestazioni e l'innovazione fluisce senza soluzione di continuit\u00e0.<\/strong><\/p>\n<div style=\"border:3px solid #f89900;margin:20px 0;padding:20px;\"><a href=\"\/it\/ufm-flow-meter\/#01\">1.Informazioni sulla formazione alla produzione di misuratori di portata ufm<\/a><br \/><a href=\"\/it\/ufm-flow-meter\/#02\">2. Per quali settori \u00e8 adatto il misuratore di portata ufm?<\/a><br \/><a href=\"\/it\/ufm-flow-meter\/#03\">3.Qual \u00e8 la classificazione antideflagrante del misuratore di portata ufm?<\/a><br \/><a href=\"\/it\/ufm-flow-meter\/#04\">4.Come si collega il misuratore di portata ufm ad altri dispositivi e trasmette i dati?<\/a><br \/><a href=\"\/it\/ufm-flow-meter\/#05\">5.Il misuratore di portata ufm \u00e8 impermeabile?<\/a><br \/><a href=\"\/it\/ufm-flow-meter\/#06\">6.Il misuratore di portata ufm pu\u00f2 essere monitorato a distanza?<\/a><br \/><a href=\"\/it\/ufm-flow-meter\/#07\">7.Informazioni sull'attrezzatura di produzione dei misuratori di portata ufm<\/a><br \/><a href=\"\/it\/ufm-flow-meter\/#08\">8.Qual \u00e8 l'intervallo di pressione applicabile del misuratore di portata ufm?<\/a><br \/><a href=\"\/it\/ufm-flow-meter\/#09\">9.Informazioni sulle materie prime dei misuratori di portata ufm<\/a><br \/><a href=\"\/it\/ufm-flow-meter\/#010\">10.Circa la storia dello sviluppo della fabbrica di misuratori di portata ufm<\/a><br \/><a href=\"\/it\/ufm-flow-meter\/#11\">11.Qual \u00e8 l'intervallo di temperatura operativa del misuratore di portata ufm?<\/a><br \/><a href=\"\/it\/ufm-flow-meter\/#12\">12.Il misuratore di portata ufm dispone di un display multilingue?<\/a><br \/><a href=\"\/it\/ufm-flow-meter\/#13\">13.I risultati delle misure dei misuratori di portata ufm sono tracciabili?<\/a><br \/><a href=\"\/it\/ufm-flow-meter\/#14\">14.Circa l'attrezzatura di produzione del misuratore di portata ufm<\/a><br \/><a href=\"\/it\/ufm-flow-meter\/#15\">15. La storia dello sviluppo della fabbrica di misuratori di portata ufm<\/a><br \/><a href=\"\/it\/ufm-flow-meter\/#16\">16.Quali sono i difetti comuni e le soluzioni dei misuratori di portata ufm?<\/a><\/div>\n<div name=\"01\" id=\"01\">\n<p><strong>1.Informazioni sulla formazione alla produzione di misuratori di portata ufm<\/strong><\/p>\n<p>Il corso di formazione sulla produzione di misuratori di portata \u00e8 progettato per insegnare a tecnici e ingegneri le competenze necessarie per la produzione e la manutenzione dei misuratori di portata. La formazione copre argomenti quali i principi della misurazione del flusso, i tipi di misuratori di flusso disponibili, l'installazione e la manutenzione dei misuratori di flusso e le tecniche di risoluzione dei problemi. La formazione comprende anche l'uso del software per analizzare e interpretare i dati di flusso. La formazione si svolge in genere in un'aula e pu\u00f2 includere attivit\u00e0 pratiche.<\/p>\n<\/div>\n<div name=\"02\" id=\"02\">\n<p><strong>2. Per quali settori \u00e8 adatto il misuratore di portata ufm?<\/strong><\/p>\n<p>Manteniamo una certa quantit\u00e0 di investimenti in R&amp;S ogni anno e miglioriamo continuamente l'efficienza operativa per fornire servizi migliori ai nostri clienti cooperativi.<br \/>\nI misuratori di portata sono adatti a un'ampia gamma di settori, tra cui petrolio e gas, acqua e acque reflue, lavorazione chimica, alimenti e bevande, farmaceutico, produzione di energia e HVAC.<\/p>\n<\/div>\n<div name=\"03\" id=\"03\">\n<p><strong>3.Qual \u00e8 la classificazione antideflagrante del misuratore di portata ufm?<\/strong><\/p>\n<p>I nostri prodotti misuratori di portata ufm sono sottoposti a un rigoroso controllo di qualit\u00e0 per garantire la soddisfazione dei clienti.<br \/>\nLe classificazioni antideflagranti dei misuratori di portata variano a seconda del tipo di misuratore e dell'applicazione. In genere, i misuratori di portata sono classificati per la Classe I, Divisione 1, Gruppi C e D, o per la Classe II, Divisione 1, Gruppi E, F e G.<\/p>\n<\/div>\n<div name=\"04\" id=\"04\">\n<p><strong>4.Come si collega il misuratore di portata ufm ad altri dispositivi e trasmette i dati?<\/strong><\/p>\n<p>Il misuratore di portata ufm non \u00e8 solo un prodotto, ma pu\u00f2 anche aiutare a fare soldi.<br \/>\nI misuratori di portata possono collegarsi ad altri dispositivi e trasmettere dati attraverso una serie di metodi, tra cui connessioni cablate, connessioni wireless e protocolli di comunicazione seriale. Le connessioni cablate possono includere RS-232, RS-485 e USB. Le connessioni wireless possono includere Bluetooth, Wi-Fi e reti cellulari. I protocolli di comunicazione seriale possono includere Modbus, HART e Profibus.<\/p>\n<p><img src=\"https:\/\/www.hginstrument.com\/wp-content\/uploads\/2021\/07\/mdp310-fc3-3.jpg\" alt=\"Come si collega il misuratore di portata ufm ad altri dispositivi e trasmette i dati?\" title=\"Come si collega il misuratore di portata ufm ad altri dispositivi e trasmette i dati?\" style=\"max-width: 100%;\"><\/div>\n<div name=\"05\" id=\"05\">\n<p><strong>5.Il misuratore di portata ufm \u00e8 impermeabile?<\/strong><\/p>\n<p>Ci concentriamo sulle esigenze dei nostri clienti e ci sforziamo di soddisfare le loro aspettative, quindi prendiamo molto sul serio questo aspetto.<br \/>\nNo, la maggior parte dei misuratori di portata non \u00e8 impermeabile. Tuttavia, alcuni modelli possono essere progettati per essere resistenti all'acqua o impermeabili. \u00c8 importante verificare le specifiche del misuratore di portata per determinare se \u00e8 adatto all'uso in ambienti umidi o bagnati.<\/p>\n<\/div>\n<div name=\"06\" id=\"06\">\n<p><strong>6.Il misuratore di portata ufm pu\u00f2 essere monitorato a distanza?<\/strong><\/p>\n<p>Siamo un'azienda professionale di misuratori di portata ufm dedicata a fornire prodotti e servizi di alta qualit\u00e0.<br \/>\nS\u00ec, i misuratori di portata possono essere monitorati a distanza. Molti misuratori di portata moderni sono dotati di funzionalit\u00e0 di comunicazione wireless, che consentono di monitorarli a distanza tramite un computer o un dispositivo mobile. Inoltre, alcuni misuratori di portata sono dotati di funzionalit\u00e0 di comunicazione cellulare o satellitare, che consentono di monitorarli praticamente ovunque.<\/p>\n<\/div>\n<div name=\"07\" id=\"07\">\n<p><strong>7.Informazioni sull'attrezzatura di produzione dei misuratori di portata ufm<\/strong><\/p>\n<p>Le attrezzature per la produzione di misuratori di portata sono utilizzate per produrre misuratori di portata, che sono dispositivi utilizzati per misurare la velocit\u00e0 di flusso di un liquido o di un gas. Queste attrezzature comprendono in genere una serie di macchine e strumenti, come torni, fresatrici, trapani e macchine CNC. Comprende anche strumenti specializzati per l'assemblaggio e il collaudo dei misuratori di portata. Le attrezzature utilizzate per produrre i misuratori di portata sono altamente specializzate e devono essere in grado di produrre risultati accurati e affidabili.<\/p>\n<\/div>\n<div name=\"08\" id=\"08\">\n<p><strong>8.Qual \u00e8 l'intervallo di pressione applicabile del misuratore di portata ufm?<\/strong><\/p>\n<p>I nostri prodotti e servizi coprono una vasta gamma di aree e soddisfano le esigenze di diversi settori.<br \/>\nL'intervallo di pressione applicabile di un misuratore di portata dipende dal tipo di misuratore utilizzato. In generale, i misuratori di portata possono misurare pressioni comprese tra 0,1 bar e 1000 bar.<\/p>\n<p><img src=\"https:\/\/www.hginstrument.com\/wp-content\/uploads\/2021\/07\/hguoc-1.jpg\" alt=\"Qual \u00e8 l&#039;intervallo di pressione applicabile del misuratore di portata ufm?\" title=\"Qual \u00e8 l&#039;intervallo di pressione applicabile del misuratore di portata ufm?\" style=\"max-width: 100%;\"><\/div>\n<div name=\"09\" id=\"09\">\n<p><strong>9.Informazioni sulle materie prime dei misuratori di portata ufm<\/strong><\/p>\n<p>Le materie prime dei misuratori di portata sono in genere costituite da una variet\u00e0 di metalli, plastiche e materiali compositi. I materiali pi\u00f9 comuni utilizzati nei misuratori di portata sono l'acciaio inossidabile, l'ottone, l'alluminio, il cloruro di polivinile (PVC), il polipropilene (PP) e il politetrafluoroetilene (PTFE). Il materiale utilizzato in un misuratore di portata dipende dall'applicazione e dal tipo di fluido da misurare. Ad esempio, l'acciaio inossidabile \u00e8 spesso utilizzato per la misurazione di fluidi corrosivi, mentre il PVC \u00e8 spesso utilizzato per la misurazione dell'acqua.<\/p>\n<\/div>\n<div name=\"010\" id=\"010\">\n<p><strong>10.Circa la storia dello sviluppo della fabbrica di misuratori di portata ufm<\/strong><\/p>\n<p>La fabbrica di misuratori di portata \u00e8 stata fondata all'inizio degli anni Novanta. \u00c8 stata fondata da un gruppo di ingegneri e tecnici con una vasta esperienza nella progettazione e nella produzione di misuratori di portata. Inizialmente l'azienda si \u00e8 concentrata sulla produzione di misuratori di portata meccanici, ma ben presto ha ampliato la propria gamma di prodotti includendo anche misuratori di portata elettronici. Nel corso degli anni, l'azienda ha sviluppato un'ampia gamma di misuratori di portata per diverse applicazioni, tra cui quelle industriali, commerciali e residenziali. L'azienda ha inoltre sviluppato una serie di soluzioni software e hardware per la misurazione e il controllo del flusso. Oggi l'azienda \u00e8 uno dei principali produttori di misuratori di portata e prodotti correlati ed \u00e8 riconosciuta come leader del settore.<\/p>\n<\/div>\n<div name=\"11\" id=\"11\">\n<p><strong>11.Qual \u00e8 l'intervallo di temperatura operativa del misuratore di portata ufm?<\/strong><\/p>\n<p>Abbiamo stabilito una buona reputazione e partnership affidabili nell'industria dei misuratori di portata ufm.<br \/>\nLa temperatura di esercizio del misuratore di portata \u00e8 compresa tra -40\u00b0F e 140\u00b0F (-40\u00b0C e 60\u00b0C).<\/p>\n<\/div>\n<div name=\"12\" id=\"12\">\n<p><strong>12.Il misuratore di portata ufm dispone di un display multilingue?<\/strong><\/p>\n<p>In qualit\u00e0 di uno dei principali produttori di misuratori di portata ufm in Cina, prendiamo questo aspetto molto seriamente.<br \/>\nS\u00ec, alcuni misuratori di portata sono dotati di funzionalit\u00e0 di visualizzazione multilingue. Tuttavia, questa funzione non \u00e8 disponibile su tutti i modelli. \u00c8 meglio verificare con il produttore se il modello specifico a cui si \u00e8 interessati \u00e8 dotato di questa funzione.<\/p>\n<p><img src=\"https:\/\/www.hginstrument.com\/wp-content\/uploads\/2021\/07\/wall-mount-1f.jpg\" alt=\"Il misuratore di portata ufm dispone di un display multilingue?\" title=\"Il misuratore di portata ufm dispone di un display multilingue?\" style=\"max-width: 100%;\"><\/div>\n<div name=\"13\" id=\"13\">\n<p><strong>13.I risultati delle misure dei misuratori di portata ufm sono tracciabili?<\/strong><\/p>\n<p>La nostra azienda vanta molti anni di esperienza e competenza nel campo dei misuratori di portata ufm.<br \/>\nS\u00ec, i risultati delle misurazioni dei misuratori di portata possono essere rintracciabili. La tracciabilit\u00e0 \u00e8 la possibilit\u00e0 di risalire alla storia, all'applicazione o all'ubicazione di un elemento mediante un'identificazione documentata. I misuratori di portata sono in genere calibrati utilizzando uno standard tracciabile, come ad esempio uno standard di calibrazione tracciabile NIST. Ci\u00f2 garantisce che i risultati delle misurazioni del flussimetro siano riconducibili a uno standard noto.<\/p>\n<\/div>\n<div name=\"14\" id=\"14\">\n<p><strong>14.Circa l'attrezzatura di produzione del misuratore di portata ufm<\/strong><\/p>\n<p>Le attrezzature per la produzione di misuratori di portata sono utilizzate per produrre misuratori di portata, che sono dispositivi utilizzati per misurare la velocit\u00e0 di flusso di un liquido o di un gas. Queste attrezzature comprendono in genere una serie di macchine e strumenti, come torni, fresatrici, trapani e macchine CNC. Comprende anche strumenti specializzati per l'assemblaggio e il collaudo dei misuratori di portata. Le attrezzature utilizzate per produrre i misuratori di portata sono altamente specializzate e devono essere in grado di produrre risultati accurati e affidabili.<\/p>\n<\/div>\n<div name=\"15\" id=\"15\">\n<p><strong>15. La storia dello sviluppo della fabbrica di misuratori di portata ufm<\/strong><\/p>\n<p>La fabbrica di misuratori di portata \u00e8 stata fondata all'inizio degli anni Novanta. \u00c8 stata fondata da un gruppo di ingegneri e tecnici con una vasta esperienza nella progettazione e nella produzione di misuratori di portata. Inizialmente l'azienda si \u00e8 concentrata sulla produzione di misuratori di portata meccanici, ma ben presto ha ampliato la propria gamma di prodotti includendo anche misuratori di portata elettronici. Nel corso degli anni, l'azienda ha sviluppato un'ampia gamma di misuratori di portata per diverse applicazioni, tra cui quelle industriali, commerciali e residenziali. L'azienda ha inoltre sviluppato una serie di soluzioni software e hardware per la misurazione e il controllo del flusso. Oggi l'azienda \u00e8 uno dei principali produttori di misuratori di portata e prodotti correlati ed \u00e8 riconosciuta come leader del settore.<\/p>\n<\/div>\n<div name=\"16\" id=\"16\">\n<p><strong>16.Quali sono i difetti comuni e le soluzioni dei misuratori di portata ufm?<\/strong><\/p>\n<p>Manteniamo una certa quantit\u00e0 di investimenti in R&amp;S ogni anno e miglioriamo continuamente l'efficienza operativa per fornire servizi migliori ai nostri clienti cooperativi.<br \/>\nI guasti e le soluzioni pi\u00f9 comuni dei misuratori di portata includono:<\/p>\n<p>1. Bassa precisione: Di solito \u00e8 causata da un'installazione o una calibrazione errata. Per risolvere questo problema, verificare l'installazione e la calibrazione del flussimetro e assicurarsi che siano corrette.<\/p>\n<p>2. Perdite: Di solito \u00e8 causata da una guarnizione usurata o danneggiata. Per risolvere il problema, sostituire la guarnizione con una nuova.<\/p>\n<p>3. Intasamento: Di solito \u00e8 causato da detriti o altre particelle che bloccano il flussometro. Per risolvere il problema, pulire il flussometro e rimuovere eventuali detriti o particelle.<\/p>\n<p>4. Corrosione: Di solito \u00e8 causata dall'esposizione a liquidi o gas corrosivi. Per risolvere il problema, sostituire le parti corrose e utilizzare un materiale resistente alla corrosione per il misuratore di portata.<\/p>\n<p><img src=\"https:\/\/www.hginstrument.com\/wp-content\/uploads\/2021\/07\/nozzle-1.jpg\" alt=\"Quali sono i difetti e le soluzioni pi\u00f9 comuni dei misuratori di portata ufm?\" title=\"Quali sono i difetti e le soluzioni pi\u00f9 comuni dei misuratori di portata ufm?\" style=\"max-width: 100%;\"><\/div>\n<p>Tag\uff1a<a href=\"\/it\/magnetic-flow-meter\/water-flow-meter-data-logger\/\">misuratore di portata d'acqua registratore di dati<\/a>,<a href=\"\/it\/magnetic-flow-meter\/water-flow-meter-for-sale\/\">misuratore di portata d'acqua in vendita<\/a>,<a href=\"\/it\/magnetic-flow-meter\/elster-flow-meter\/\">misuratore di portata elster<\/a>,<a href=\"\/it\/magnetic-flow-meter\/3\/8-flow-meter\/\">Misuratore di portata 3\/8<\/a><\/p>\n<p><\/p>","protected":false},"excerpt":{"rendered":"<p><strong>Dati tecnici<\/strong><br \/>\nPu\u00f2 servire fluidi liquidi o gassosi; di solito viene utilizzato per misurare il flusso di vapore, aria e gas naturale.<br \/>\nDimensioni del contatore: Tipo in linea: DN25 - DN300<br \/>\nOpzione materiale bagnato: SS304, SS316<br \/>\nTemperatura di funzionamento: \u2264250\u2103<br \/>\nConnessione al processo: Wafer \/ Flangia \/ Tri-clamp per il tipo in linea<br \/>\nPrecisione di misura: 1,0 % - 1,5% del campo di calibrazione<br \/>\nIndicatore digitale: visualizzazione del flusso istantaneo, del flusso totale<br \/>\nAlimentazione: 24VDC, Uscita: 4-20mA<\/p>\n<p><strong>caratteristiche<\/strong><br \/>\n1.Punti di attivazione\/disattivazione regolabili<br \/>\n2. Modalit\u00e0 di allarme flusso Hi o Lo<br \/>\n3. Ritardo regolabile<br \/>\n4.LED di stato del rel\u00e8<\/p>","protected":false},"featured_media":3691,"comment_status":"closed","ping_status":"closed","template":"","meta":[],"product_cat":[2372],"product_tag":[],"acf":[],"_links":{"self":[{"href":"https:\/\/www.hginstrument.com\/it\/wp-json\/wp\/v2\/product\/6003"}],"collection":[{"href":"https:\/\/www.hginstrument.com\/it\/wp-json\/wp\/v2\/product"}],"about":[{"href":"https:\/\/www.hginstrument.com\/it\/wp-json\/wp\/v2\/types\/product"}],"replies":[{"embeddable":true,"href":"https:\/\/www.hginstrument.com\/it\/wp-json\/wp\/v2\/comments?post=6003"}],"wp:featuredmedia":[{"embeddable":true,"href":"https:\/\/www.hginstrument.com\/it\/wp-json\/wp\/v2\/media\/3691"}],"wp:attachment":[{"href":"https:\/\/www.hginstrument.com\/it\/wp-json\/wp\/v2\/media?parent=6003"}],"wp:term":[{"taxonomy":"product_cat","embeddable":true,"href":"https:\/\/www.hginstrument.com\/it\/wp-json\/wp\/v2\/product_cat?post=6003"},{"taxonomy":"product_tag","embeddable":true,"href":"https:\/\/www.hginstrument.com\/it\/wp-json\/wp\/v2\/product_tag?post=6003"}],"curies":[{"name":"wp","href":"https:\/\/api.w.org\/{rel}","templated":true}]}}