{"id":6019,"date":"2023-12-25T05:05:59","date_gmt":"2023-12-24T21:05:59","guid":{"rendered":"https:\/\/www.hginstrument.com\/?post_type=product&#038;p=6019"},"modified":"2023-12-27T10:33:05","modified_gmt":"2023-12-27T02:33:05","slug":"ultrasonic-flow-meter-price","status":"publish","type":"product","link":"https:\/\/www.hginstrument.com\/it\/magnetic-flow-meter\/ultrasonic-flow-meter-price\/","title":{"rendered":"misuratore di portata a ultrasuoni prezzo"},"content":{"rendered":"<p>Il misuratore di portata a ultrasuoni \u00e8 un dispositivo di misurazione del flusso altamente avanzato e personalizzabile, progettato per un'ampia gamma di applicazioni industriali e commerciali. Questo dispositivo utilizza una tecnologia all'avanguardia, che comprende sensori di precisione e algoritmi avanzati, per misurare e monitorare con precisione le portate di vari liquidi e gas.<\/p>\n<p>Il misuratore di portata a ultrasuoni \u00e8 uno strumento di precisione progettato per misurare il flusso di liquidi o gas in un tubo. \u00c8 uno strumento importante nei settori del petrolio e del gas, della chimica, dell'industria automobilistica, del trattamento delle acque e in molti altri settori.<\/p>\n<p>Grazie alla sua tecnologia avanzata e all'elevata accuratezza, il misuratore di portata a ultrasuoni offre agli utenti la possibilit\u00e0 di monitorare e controllare il flusso dei loro processi con precisione ed efficienza. Grazie alla sua struttura resistente, \u00e8 in grado di sopportare condizioni operative difficili e di garantire un'affidabilit\u00e0 a lungo termine.<\/p>\n<p>&nbsp;<\/p>\n<table class=\"table table-bordered\">\n<tbody>\n<tr>\n<td><span style=\"vertical-align: inherit;\"><span style=\"vertical-align: inherit;\">Tipo: il tipo<\/span><\/span><\/td>\n<td><span style=\"vertical-align: inherit;\">misuratore di portata a ultrasuoni prezzo<\/span><\/td>\n<td><span style=\"vertical-align: inherit;\"><span style=\"vertical-align: inherit;\">Segnale d'uscita: segnale d'uscita<\/span><\/span><\/td>\n<td><span style=\"vertical-align: inherit;\"><span style=\"vertical-align: inherit;\">4-17mA, impulso\/frequenza 2kHz (default), 5KHz (max)<\/span><\/span><\/td>\n<\/tr>\n<tr>\n<td><span style=\"vertical-align: inherit;\"><span style=\"vertical-align: inherit;\">Luogo di origine: il luogo di origine<\/span><\/span><\/td>\n<td><span style=\"vertical-align: inherit;\"><span style=\"vertical-align: inherit;\">Jiangsu, Cina<\/span><\/span><\/td>\n<td><span style=\"vertical-align: inherit;\"><span style=\"vertical-align: inherit;\">Incorporare il tipo: il tipo<\/span><\/span><\/td>\n<td><span style=\"vertical-align: inherit;\"><span style=\"vertical-align: inherit;\">-10\u2103- +58\u2103<\/span><\/span><\/td>\n<\/tr>\n<tr>\n<td><span style=\"vertical-align: inherit;\"><span style=\"vertical-align: inherit;\">Garanzia: garanzia<\/span><\/span><\/td>\n<td><span style=\"vertical-align: inherit;\"><span style=\"vertical-align: inherit;\">27 mesi<\/span><\/span><\/td>\n<td><span style=\"vertical-align: inherit;\"><span style=\"vertical-align: inherit;\">Tensione di alimentazione: tensione di alimentazione<\/span><\/span><\/td>\n<td><span style=\"vertical-align: inherit;\"><span style=\"vertical-align: inherit;\">110\/220VAC (100-240VAC), 50Hz\/60Hz; 24VDC\u00b110%<\/span><\/span><\/td>\n<\/tr>\n<tr>\n<td><span style=\"vertical-align: inherit;\"><span style=\"vertical-align: inherit;\">Supporto personalizzato\uff1aSupporto personalizzato<\/span><\/span><\/td>\n<td><span style=\"vertical-align: inherit;\"><span style=\"vertical-align: inherit;\">OEM, ODM, OBM<\/span><\/span><\/td>\n<td><span style=\"vertical-align: inherit;\"><span style=\"vertical-align: inherit;\">Comunicazione digitale: comunicazione digitale<\/span><\/span><\/td>\n<td><span style=\"vertical-align: inherit;\"><span style=\"vertical-align: inherit;\">RS-485, supporto del protocollo standard Mudbugs-RTU; GPRS<\/span><\/span><\/td>\n<\/tr>\n<tr>\n<td><span style=\"vertical-align: inherit;\"><span style=\"vertical-align: inherit;\">Nome della marca: Nome della marca: Nome della marca: Nome della marca: Nome della marca: Nome della marca<\/span><\/span><\/td>\n<td><span style=\"vertical-align: inherit;\"><span style=\"vertical-align: inherit;\">GRUPPO SUYI<\/span><\/span><\/td>\n<td><span style=\"vertical-align: inherit;\"><span style=\"vertical-align: inherit;\">Pressione nominale: pressione nominale<\/span><\/span><\/td>\n<td><span style=\"vertical-align: inherit;\"><span style=\"vertical-align: inherit;\">1MPa (DN15-DN800), 1,6MPa (DN15-DN800), 2,5MPa (DN15-DN600)<\/span><\/span><\/td>\n<\/tr>\n<tr>\n<td><span style=\"vertical-align: inherit;\"><span style=\"vertical-align: inherit;\">Numero di modello: Numero di modello: Numero di modello: Numero di modello: Numero di modello: Numero di modello<\/span><\/span><\/td>\n<td><span style=\"vertical-align: inherit;\"><span style=\"vertical-align: inherit;\">altro<\/span><\/span><\/td>\n<td><span style=\"vertical-align: inherit;\"><span style=\"vertical-align: inherit;\">Sensore: sensore<\/span><\/span><\/td>\n<td><span style=\"vertical-align: inherit;\"><span style=\"vertical-align: inherit;\">0\u2103- +80\u2103 o -25\u2103- +120\u2103 o +70\u2103- +250\u2103<\/span><\/span><\/td>\n<\/tr>\n<tr>\n<td><span style=\"vertical-align: inherit;\"><span style=\"vertical-align: inherit;\">Nome del prodotto: Nome del prodotto: Nome del prodotto: Nome del prodotto: Nome del prodotto: Nome del prodotto<\/span><\/span><\/td>\n<td><span style=\"vertical-align: inherit;\"><span style=\"vertical-align: inherit;\">Misuratore di portata dell'acqua chimica digitale intelligente elettromagnetico<\/span><\/span><\/td>\n<td><span style=\"vertical-align: inherit;\"><span style=\"vertical-align: inherit;\">Dettagli dell'imballaggio:<\/span><\/span><\/td>\n<td><span style=\"vertical-align: inherit;\"><span style=\"vertical-align: inherit;\">1 set per confezione o come richiesto dal cliente<\/span><\/span><\/td>\n<\/tr>\n<tr>\n<td><span style=\"vertical-align: inherit;\"><span style=\"vertical-align: inherit;\">Diametro nominale: diametro nominale<\/span><\/span><\/td>\n<td><span style=\"vertical-align: inherit;\"><span style=\"vertical-align: inherit;\">3-3035 mm<\/span><\/span><\/td>\n<td><span style=\"vertical-align: inherit;\"><span style=\"vertical-align: inherit;\">Capacit\u00e0 di approvvigionamento<\/span><\/span><\/td>\n<td><span style=\"vertical-align: inherit;\"><span style=\"vertical-align: inherit;\">2002 Set\/Set al mese<\/span><\/span><\/td>\n<\/tr>\n<tr>\n<td><span style=\"vertical-align: inherit;\"><span style=\"vertical-align: inherit;\">gamma di velocit\u00e0: il campo di velocit\u00e0<\/span><\/span><\/td>\n<td><span style=\"vertical-align: inherit;\"><span style=\"vertical-align: inherit;\">0-8m\/s<\/span><\/span><\/td>\n<td><span style=\"vertical-align: inherit;\"><span style=\"vertical-align: inherit;\">Quantit\u00e0 (set)<\/span><\/span><\/td>\n<td><span style=\"vertical-align: inherit;\"><span style=\"vertical-align: inherit;\">&gt; 30<\/span><\/span><\/td>\n<\/tr>\n<tr>\n<td><span style=\"vertical-align: inherit;\"><span style=\"vertical-align: inherit;\">Grado di accuratezza: il grado di accuratezza<\/span><\/span><\/td>\n<td><span style=\"vertical-align: inherit;\"><span style=\"vertical-align: inherit;\">\u00b10,5%R, \u00b11%R ( &lt; DN20)<\/span><\/span><\/td>\n<td><span style=\"vertical-align: inherit;\"><span style=\"vertical-align: inherit;\">Tempi di consegna (giorni)<\/span><\/span><\/td>\n<td><span style=\"vertical-align: inherit;\"><span style=\"vertical-align: inherit;\">Da negoziare<\/span><\/span><\/td>\n<\/tr>\n<\/tbody>\n<\/table>\n<p>&nbsp;<\/p>\n<p><strong><\/strong><\/p>\n<p style=\"text-align:center;\"><img src=\"https:\/\/www.hginstrument.com\/wp-content\/uploads\/2021\/07\/in-line-pipeline-type-hgd-electromagnetic-flow-meter.jpg\" atl=\"ultrasonic flow meter price\" title=\"misuratore di portata a ultrasuoni prezzo\"><\/p>\n<p><strong><\/strong><\/p>\n<p style=\"text-align:center;\"><img src=\"https:\/\/www.hginstrument.com\/wp-content\/uploads\/2021\/07\/insertion-01.jpg\" atl=\"ultrasonic flow meter price\" title=\"misuratore di portata a ultrasuoni prezzo\"><\/p>\n<p><strong><\/strong><\/p>\n<p style=\"text-align:center;\"><img src=\"https:\/\/www.hginstrument.com\/wp-content\/uploads\/2021\/07\/sanitary-mag-1.jpg\" atl=\"ultrasonic flow meter price\" title=\"misuratore di portata a ultrasuoni prezzo\"><\/p>\n<p><strong>misuratore di portata a ultrasuoni prezzo Guida alle domande frequenti.<\/p>\n<p>Il cuore della nostra serie di misuratori di portata a ultrasuoni \u00e8 l'impegno per l'eccellenza, che unisce la tecnologia avanzata dei sensori a interfacce di facile utilizzo. Dai liquidi ai gas, i nostri misuratori offrono una precisione senza pari, consentendovi di prendere decisioni informate e di ottimizzare le operazioni. Mentre inauguriamo una nuova era della misurazione dei fluidi, vi invitiamo a esplorare le possibilit\u00e0 illimitate offerte dai nostri misuratori di portata a ultrasuoni, dove la precisione incontra le prestazioni e l'innovazione fluisce senza soluzione di continuit\u00e0.<\/strong><\/p>\n<div style=\"border:3px solid #f89900;margin:20px 0;padding:20px;\"><a href=\"\/it\/ultrasonic-flow-meter-price\/#01\">1.About misuratore di portata ad ultrasuoni prezzo garanzia<\/a><br \/><a href=\"\/it\/ultrasonic-flow-meter-price\/#02\">2.Quali sono i fluidi per i quali i prezzi dei misuratori di portata a ultrasuoni sono principalmente utilizzati?<\/a><br \/><a href=\"\/it\/ultrasonic-flow-meter-price\/#03\">3.L'unit\u00e0 di misura del misuratore di portata a ultrasuoni \u00e8 sostituibile?<\/a><br \/><a href=\"\/it\/ultrasonic-flow-meter-price\/#04\">4. Quanto \u00e8 preciso il prezzo del misuratore di portata a ultrasuoni?<\/a><br \/><a href=\"\/it\/ultrasonic-flow-meter-price\/#05\">5.Circa il sistema di gestione della produzione del misuratore di portata a ultrasuoni prezzo<\/a><br \/><a href=\"\/it\/ultrasonic-flow-meter-price\/#06\">6.About la storia dello sviluppo della fabbrica di misuratori di portata ad ultrasuoni prezzo<\/a><br \/><a href=\"\/it\/ultrasonic-flow-meter-price\/#07\">7.Circa i servizi di personalizzazione dei prezzi dei misuratori di portata a ultrasuoni<\/a><br \/><a href=\"\/it\/ultrasonic-flow-meter-price\/#08\">8.Informazioni sulla tecnologia dei misuratori di portata a ultrasuoni<\/a><br \/><a href=\"\/it\/ultrasonic-flow-meter-price\/#09\">9. Qual \u00e8 la differenza tra il prezzo del misuratore di portata a ultrasuoni del gruppo SUYI e il prezzo del misuratore di portata a ultrasuoni di Schneider Electric e il prezzo del misuratore di portata a ultrasuoni di Badger Meter?<\/a><br \/><a href=\"\/it\/ultrasonic-flow-meter-price\/#010\">10.Informazioni sulle capacit\u00e0 di ricerca e sviluppo dei misuratori di portata a ultrasuoni<\/a><br \/><a href=\"\/it\/ultrasonic-flow-meter-price\/#11\">11.Circa il metodo di pagamento del prezzo del misuratore di portata a ultrasuoni<\/a><br \/><a href=\"\/it\/ultrasonic-flow-meter-price\/#12\">12.Informazioni sulle capacit\u00e0 di ricerca e sviluppo dei misuratori di portata a ultrasuoni<\/a><br \/><a href=\"\/it\/ultrasonic-flow-meter-price\/#13\">13.Informazioni sulle materie prime dei misuratori di portata a ultrasuoni<\/a><\/div>\n<div name=\"01\" id=\"01\">\n<p><strong>1.About misuratore di portata ad ultrasuoni prezzo garanzia<\/strong><\/p>\n<p>Le garanzie dei misuratori di portata variano a seconda del produttore e del tipo di misuratore. In genere, le garanzie coprono i difetti dei materiali e della lavorazione e possono coprire anche alcuni tipi di danni causati dal normale utilizzo. Alcune garanzie possono coprire anche i danni causati da un'installazione o da un uso improprio. \u00c8 importante leggere le informazioni sulla garanzia fornite dal produttore per comprendere la copertura specifica e le limitazioni della garanzia.<\/p>\n<\/div>\n<div name=\"02\" id=\"02\">\n<p><strong>2.Quali sono i fluidi per i quali i prezzi dei misuratori di portata a ultrasuoni sono principalmente utilizzati?<\/strong><\/p>\n<p>Ci concentriamo sul lavoro di squadra e sulla comunicazione per raggiungere obiettivi comuni, attribuendo grande importanza a questo dettaglio.<br \/>\nI misuratori di portata sono utilizzati principalmente per misurare il flusso di liquidi, gas e vapore.<\/p>\n<\/div>\n<div name=\"03\" id=\"03\">\n<p><strong>3.L'unit\u00e0 di misura del misuratore di portata a ultrasuoni \u00e8 sostituibile?<\/strong><\/p>\n<p>In qualit\u00e0 di uno dei principali produttori di misuratori di portata a ultrasuoni in Cina, prendiamo questo aspetto molto seriamente.<br \/>\nS\u00ec, l'unit\u00e0 di misura di un misuratore di portata \u00e8 sostituibile.<\/p>\n<p><img src=\"https:\/\/www.hginstrument.com\/wp-content\/uploads\/2021\/07\/hg-50-7.jpg\" alt=\"L&#039;unit\u00e0 di misura del misuratore di portata a ultrasuoni \u00e8 sostituibile?\" title=\"L&#039;unit\u00e0 di misura del misuratore di portata a ultrasuoni \u00e8 sostituibile?\" style=\"max-width: 100%;\"><\/div>\n<div name=\"04\" id=\"04\">\n<p><strong>4. Quanto \u00e8 preciso il prezzo del misuratore di portata a ultrasuoni?<\/strong><\/p>\n<p>Siamo un'azienda professionale di prezzi per misuratori di portata a ultrasuoni dedicata a fornire prodotti e servizi di alta qualit\u00e0.<br \/>\nLa precisione di un misuratore di portata dipende dal tipo di misuratore utilizzato. In genere, la maggior parte dei misuratori di portata ha una precisione di 1-2% rispetto alla portata effettiva. Tuttavia, alcuni misuratori di portata possono essere pi\u00f9 precisi, a seconda del tipo e della qualit\u00e0 del misuratore.<\/p>\n<\/div>\n<div name=\"05\" id=\"05\">\n<p><strong>5.Circa il sistema di gestione della produzione del misuratore di portata a ultrasuoni prezzo<\/strong><\/p>\n<p>Un sistema di gestione della produzione di misuratori di portata \u00e8 una soluzione software progettata per aiutare i produttori a gestire la produzione di misuratori di portata. Il sistema pu\u00f2 essere utilizzato per seguire il processo di produzione dall'inizio alla fine, compreso l'ordine delle materie prime, l'assemblaggio dei componenti e il collaudo e la calibrazione del prodotto finito. Il sistema pu\u00f2 anche essere utilizzato per monitorare la qualit\u00e0 del processo di produzione, assicurando che i misuratori di portata soddisfino gli standard richiesti. Inoltre, il sistema pu\u00f2 essere utilizzato per generare rapporti e analizzare i dati per aiutare i produttori a migliorare i loro processi produttivi.<\/p>\n<\/div>\n<div name=\"06\" id=\"06\">\n<p><strong>6.About la storia dello sviluppo della fabbrica di misuratori di portata ad ultrasuoni prezzo<\/strong><\/p>\n<p>La fabbrica di misuratori di portata \u00e8 stata fondata all'inizio degli anni Novanta. \u00c8 stata fondata da un gruppo di ingegneri e tecnici con una vasta esperienza nella progettazione e nella produzione di misuratori di portata. Inizialmente l'azienda si \u00e8 concentrata sulla produzione di misuratori di portata meccanici, ma ben presto ha ampliato la propria gamma di prodotti includendo anche misuratori di portata elettronici. Nel corso degli anni, l'azienda ha sviluppato un'ampia gamma di misuratori di portata per diverse applicazioni, tra cui quelle industriali, commerciali e residenziali. L'azienda ha inoltre sviluppato una serie di soluzioni software e hardware per la misurazione e il controllo del flusso. Oggi l'azienda \u00e8 uno dei principali produttori di misuratori di portata e prodotti correlati ed \u00e8 riconosciuta come leader del settore.<\/p>\n<p><img src=\"https:\/\/www.hginstrument.com\/wp-content\/uploads\/2021\/07\/verabar-1.jpg\" alt=\"Sulla storia dello sviluppo della fabbrica di misuratori di portata ad ultrasuoni prezzo\" title=\"Sulla storia dello sviluppo della fabbrica di misuratori di portata ad ultrasuoni prezzo\" style=\"max-width: 100%;\"><\/div>\n<div name=\"07\" id=\"07\">\n<p><strong>7.Circa i servizi di personalizzazione dei prezzi dei misuratori di portata a ultrasuoni<\/strong><\/p>\n<p>I servizi di personalizzazione dei misuratori di portata sono progettati per fornire ai clienti una soluzione su misura per le loro specifiche esigenze di misurazione del flusso. Questi servizi possono includere la personalizzazione del misuratore di portata per adattarlo a una particolare applicazione, come una specifica dimensione del tubo o portata, o per soddisfare un determinato requisito di precisione. I servizi di personalizzazione possono anche comprendere la modifica del misuratore di portata per includere caratteristiche aggiuntive, come un display o funzionalit\u00e0 di registrazione dei dati. I servizi di personalizzazione dei misuratori di portata possono includere anche l'installazione del misuratore di portata, nonch\u00e9 la fornitura di assistenza tecnica e manutenzione.<\/p>\n<\/div>\n<div name=\"08\" id=\"08\">\n<p><strong>8.Informazioni sulla tecnologia dei misuratori di portata a ultrasuoni<\/strong><\/p>\n<p>La tecnologia dei misuratori di portata \u00e8 un tipo di tecnologia di misura utilizzata per misurare la velocit\u00e0 di flusso di un fluido o di un gas. Viene utilizzata in diversi settori, tra cui quello petrolifero e del gas, dell'acqua e delle acque reflue e del trattamento chimico. I flussimetri misurano la portata di un fluido o di un gas misurando la pressione, la velocit\u00e0 o altre propriet\u00e0 fisiche del fluido o del gas. I flussimetri possono essere utilizzati per misurare la portata di liquidi, gas e vapore. Vengono utilizzati per misurare la portata di una variet\u00e0 di fluidi, tra cui acqua, olio e sostanze chimiche. I misuratori di portata sono utilizzati in diverse applicazioni, tra cui il controllo dei processi, la gestione dell'energia e il monitoraggio della sicurezza.<\/p>\n<\/div>\n<div name=\"09\" id=\"09\">\n<p><strong>9. Qual \u00e8 la differenza tra il prezzo del misuratore di portata a ultrasuoni del gruppo SUYI e il prezzo del misuratore di portata a ultrasuoni di Schneider Electric e il prezzo del misuratore di portata a ultrasuoni di Badger Meter?<\/strong><\/p>\n<p>I misuratori di portata di SUYI Group sono tipicamente utilizzati per applicazioni industriali, come la misurazione del flusso di liquidi, gas e vapore. Sono progettati per essere affidabili e precisi e sono disponibili in una variet\u00e0 di dimensioni e materiali.<\/p>\n<p>I misuratori di portata di Schneider Electric sono progettati per applicazioni industriali e commerciali e sono disponibili in una variet\u00e0 di dimensioni e materiali. Sono progettati per essere affidabili e precisi e sono adatti a un'ampia gamma di applicazioni.<\/p>\n<p>I misuratori di portata di Badger Meter sono progettati per applicazioni industriali e commerciali e sono disponibili in una variet\u00e0 di dimensioni e materiali. Sono progettati per essere affidabili e precisi e sono adatti a un'ampia gamma di applicazioni. Offrono inoltre una serie di funzioni, come il monitoraggio remoto e la registrazione dei dati.<\/p>\n<p><img src=\"https:\/\/www.hginstrument.com\/wp-content\/uploads\/2021\/07\/hgvf-1.jpg\" alt=\"Qual \u00e8 la differenza tra il misuratore di portata a ultrasuoni del gruppo SUYI e il misuratore di portata a ultrasuoni di Schneider Electric e il misuratore di portata a ultrasuoni di Badger Meter?\" title=\"Qual \u00e8 la differenza tra il misuratore di portata a ultrasuoni del gruppo SUYI e il misuratore di portata a ultrasuoni di Schneider Electric e il misuratore di portata a ultrasuoni di Badger Meter?\" style=\"max-width: 100%;\"><\/div>\n<div name=\"010\" id=\"010\">\n<p><strong>10.Informazioni sulle capacit\u00e0 di ricerca e sviluppo dei misuratori di portata a ultrasuoni<\/strong><\/p>\n<p>Le capacit\u00e0 di R&amp;S dei misuratori di portata si riferiscono alla capacit\u00e0 di un'azienda o di un'organizzazione di ricercare, sviluppare e produrre misuratori di portata. Ci\u00f2 include la capacit\u00e0 di progettare, testare e produrre misuratori di portata che soddisfino i requisiti dei clienti e gli standard del settore. Include anche la capacit\u00e0 di sviluppare nuove tecnologie e prodotti per soddisfare le mutevoli esigenze del settore. Le aziende con una forte capacit\u00e0 di ricerca e sviluppo sono in grado di essere all'avanguardia rispetto alla concorrenza e di fornire ai clienti i misuratori di portata pi\u00f9 avanzati e affidabili.<\/p>\n<\/div>\n<div name=\"11\" id=\"11\">\n<p><strong>11.Circa il metodo di pagamento del prezzo del misuratore di portata a ultrasuoni<\/strong><\/p>\n<p>Il pagamento tramite contatore di flusso \u00e8 un metodo di pagamento che utilizza un contatore di flusso per misurare la quantit\u00e0 di energia utilizzata da un cliente. Il cliente paga l'energia utilizzata in base alla quantit\u00e0 di energia misurata dal contatore. Questo metodo di pagamento \u00e8 spesso utilizzato in ambienti commerciali e industriali, dove il consumo di energia \u00e8 elevato e deve essere monitorato con precisione. Il pagamento tramite contatore di flusso \u00e8 utilizzato anche in alcuni contesti residenziali, dove i clienti possono pagare per il loro utilizzo di energia in base alla quantit\u00e0 di energia che utilizzano.<\/p>\n<\/div>\n<div name=\"12\" id=\"12\">\n<p><strong>12.Informazioni sulle capacit\u00e0 di ricerca e sviluppo dei misuratori di portata a ultrasuoni<\/strong><\/p>\n<p>Le capacit\u00e0 di R&amp;S dei misuratori di portata si riferiscono alla capacit\u00e0 di un'azienda o di un'organizzazione di ricercare, sviluppare e produrre misuratori di portata. Ci\u00f2 include la capacit\u00e0 di progettare, testare e produrre misuratori di portata che soddisfino i requisiti dei clienti e gli standard del settore. Include anche la capacit\u00e0 di sviluppare nuove tecnologie e prodotti per soddisfare le mutevoli esigenze del settore. Le aziende con una forte capacit\u00e0 di ricerca e sviluppo sono in grado di essere all'avanguardia rispetto alla concorrenza e di fornire ai clienti i misuratori di portata pi\u00f9 avanzati e affidabili.<\/p>\n<p><img src=\"https:\/\/www.hginstrument.com\/wp-content\/uploads\/2021\/07\/hguoc-1.jpg\" alt=\"Informazioni sulle capacit\u00e0 di R&amp;S dei misuratori di portata a ultrasuoni\" title=\"Informazioni sulle capacit\u00e0 di R&amp;S dei misuratori di portata a ultrasuoni\" style=\"max-width: 100%;\"><\/div>\n<div name=\"13\" id=\"13\">\n<p><strong>13.Informazioni sulle materie prime dei misuratori di portata a ultrasuoni<\/strong><\/p>\n<p>Le materie prime dei misuratori di portata sono in genere costituite da una variet\u00e0 di metalli, plastiche e materiali compositi. I materiali pi\u00f9 comuni utilizzati nei misuratori di portata sono l'acciaio inossidabile, l'ottone, l'alluminio, il cloruro di polivinile (PVC), il polipropilene (PP) e il politetrafluoroetilene (PTFE). Il materiale utilizzato in un misuratore di portata dipende dall'applicazione e dal tipo di fluido da misurare. Ad esempio, l'acciaio inossidabile \u00e8 spesso utilizzato per la misurazione di fluidi corrosivi, mentre il PVC \u00e8 spesso utilizzato per la misurazione dell'acqua.<\/p>\n<\/div>\n<p>Tag\uff1a<a href=\"\/it\/magnetic-flow-meter\/compressed-air-flow-meter-cfm\/\">misuratore di portata dell'aria compressa cfm<\/a>,<a href=\"\/it\/magnetic-flow-meter\/clamp-on-flow-meter-rental\/\">noleggio di misuratori di portata a pinza<\/a>,<a href=\"\/it\/magnetic-flow-meter\/liquid-flow-meter-types\/\">Tipi di misuratori di portata per liquidi<\/a>,<a href=\"\/it\/magnetic-flow-meter\/inline-nitrogen-flow-meter\/\">misuratore di portata di azoto in linea<\/a>,<a href=\"\/it\/magnetic-flow-meter\/endress-flow-meter\/\">misuratore di portata endress<\/a><\/p>\n<p><\/p>","protected":false},"excerpt":{"rendered":"<p><strong>Dati tecnici<\/strong><br \/>\nPu\u00f2 servire fluidi liquidi o gassosi; di solito viene utilizzato per misurare il flusso di vapore, aria e gas naturale.<br \/>\nDimensioni del contatore: Tipo in linea: DN25 - DN300<br \/>\nOpzione materiale bagnato: SS304, SS316<br \/>\nTemperatura di funzionamento: \u2264250\u2103<br \/>\nConnessione al processo: Wafer \/ Flangia \/ Tri-clamp per il tipo in linea<br \/>\nPrecisione di misura: 1,0 % - 1,5% del campo di calibrazione<br \/>\nIndicatore digitale: visualizzazione del flusso istantaneo, del flusso totale<br \/>\nAlimentazione: 24VDC, Uscita: 4-20mA<\/p>\n<p><strong>caratteristiche<\/strong><br \/>\n1.Punti di attivazione\/disattivazione regolabili<br \/>\n2. Modalit\u00e0 di allarme flusso Hi o Lo<br \/>\n3. Ritardo regolabile<br \/>\n4.LED di stato del rel\u00e8<\/p>","protected":false},"featured_media":3691,"comment_status":"closed","ping_status":"closed","template":"","meta":[],"product_cat":[2372],"product_tag":[],"acf":[],"_links":{"self":[{"href":"https:\/\/www.hginstrument.com\/it\/wp-json\/wp\/v2\/product\/6019"}],"collection":[{"href":"https:\/\/www.hginstrument.com\/it\/wp-json\/wp\/v2\/product"}],"about":[{"href":"https:\/\/www.hginstrument.com\/it\/wp-json\/wp\/v2\/types\/product"}],"replies":[{"embeddable":true,"href":"https:\/\/www.hginstrument.com\/it\/wp-json\/wp\/v2\/comments?post=6019"}],"wp:featuredmedia":[{"embeddable":true,"href":"https:\/\/www.hginstrument.com\/it\/wp-json\/wp\/v2\/media\/3691"}],"wp:attachment":[{"href":"https:\/\/www.hginstrument.com\/it\/wp-json\/wp\/v2\/media?parent=6019"}],"wp:term":[{"taxonomy":"product_cat","embeddable":true,"href":"https:\/\/www.hginstrument.com\/it\/wp-json\/wp\/v2\/product_cat?post=6019"},{"taxonomy":"product_tag","embeddable":true,"href":"https:\/\/www.hginstrument.com\/it\/wp-json\/wp\/v2\/product_tag?post=6019"}],"curies":[{"name":"wp","href":"https:\/\/api.w.org\/{rel}","templated":true}]}}