{"id":6026,"date":"2023-12-25T05:24:26","date_gmt":"2023-12-24T21:24:26","guid":{"rendered":"https:\/\/www.hginstrument.com\/?post_type=product&#038;p=6026"},"modified":"2023-12-27T10:29:20","modified_gmt":"2023-12-27T02:29:20","slug":"ultrasonic-gas-flow-meter","status":"publish","type":"product","link":"https:\/\/www.hginstrument.com\/it\/magnetic-flow-meter\/ultrasonic-gas-flow-meter\/","title":{"rendered":"ultrasonic gas flow meter"},"content":{"rendered":"<p>This cutting-edge product combines accuracy, durability, and efficiency to provide the ultimate solution for all your ultrasonic gas flow metering needs. Designed with advanced features and state-of-the-art materials, ultrasonic gas flow meter guarantees precise and reliable flow measurements for a wide range of liquids. Its intuitive interface and compact design make it user-friendly and easy to install in any industrial or commercial setting. <\/p>\n<p>One of the key features of ultrasonic gas flow meter is its high accuracy, with a margin of error of less than 1%. This makes it ideal for precise measurements and critical processes. Additionally, the device has a wide measurement range and can handle both low and high flow rates, making it suitable for a variety of industrial needs.<\/p>\n<p>Installation and maintenance of ultrasonic gas flow meter are quick and easy, thanks to its simple design and intuitive interface. With its reliable performance and cost-effective price, ultrasonic gas flow meter is an essential tool for any fluid measurement application. It is a trusted and preferred choice for customers worldwide and has a proven track record of delivering accurate<\/p>\n<p>&nbsp;<\/p>\n<table class=\"table table-bordered\">\n<tbody>\n<tr>\n<td><span style=\"vertical-align: inherit;\"><span style=\"vertical-align: inherit;\">Tipo: il tipo<\/span><\/span><\/td>\n<td><span style=\"vertical-align: inherit;\">ultrasonic gas flow meter<\/span><\/td>\n<td><span style=\"vertical-align: inherit;\"><span style=\"vertical-align: inherit;\">Segnale d'uscita: segnale d'uscita<\/span><\/span><\/td>\n<td><span style=\"vertical-align: inherit;\"><span style=\"vertical-align: inherit;\">4-13mA, impulso\/frequenza 2kHz (default), 5KHz (max)<\/span><\/span><\/td>\n<\/tr>\n<tr>\n<td><span style=\"vertical-align: inherit;\"><span style=\"vertical-align: inherit;\">Luogo di origine: il luogo di origine<\/span><\/span><\/td>\n<td><span style=\"vertical-align: inherit;\"><span style=\"vertical-align: inherit;\">Jiangsu, Cina<\/span><\/span><\/td>\n<td><span style=\"vertical-align: inherit;\"><span style=\"vertical-align: inherit;\">Incorporare il tipo: il tipo<\/span><\/span><\/td>\n<td><span style=\"vertical-align: inherit;\"><span style=\"vertical-align: inherit;\">-10\u2103- +60\u2103<\/span><\/span><\/td>\n<\/tr>\n<tr>\n<td><span style=\"vertical-align: inherit;\"><span style=\"vertical-align: inherit;\">Garanzia: garanzia<\/span><\/span><\/td>\n<td><span style=\"vertical-align: inherit;\"><span style=\"vertical-align: inherit;\">11 mesi<\/span><\/span><\/td>\n<td><span style=\"vertical-align: inherit;\"><span style=\"vertical-align: inherit;\">Tensione di alimentazione: tensione di alimentazione<\/span><\/span><\/td>\n<td><span style=\"vertical-align: inherit;\"><span style=\"vertical-align: inherit;\">110\/220VAC (100-240VAC), 50Hz\/60Hz; 24VDC\u00b110%<\/span><\/span><\/td>\n<\/tr>\n<tr>\n<td><span style=\"vertical-align: inherit;\"><span style=\"vertical-align: inherit;\">Supporto personalizzato\uff1aSupporto personalizzato<\/span><\/span><\/td>\n<td><span style=\"vertical-align: inherit;\"><span style=\"vertical-align: inherit;\">OEM, ODM, OBM<\/span><\/span><\/td>\n<td><span style=\"vertical-align: inherit;\"><span style=\"vertical-align: inherit;\">Comunicazione digitale: comunicazione digitale<\/span><\/span><\/td>\n<td><span style=\"vertical-align: inherit;\"><span style=\"vertical-align: inherit;\">RS-485, supporto del protocollo standard Mudbugs-RTU; GPRS<\/span><\/span><\/td>\n<\/tr>\n<tr>\n<td><span style=\"vertical-align: inherit;\"><span style=\"vertical-align: inherit;\">Nome della marca: Nome della marca: Nome della marca: Nome della marca: Nome della marca: Nome della marca<\/span><\/span><\/td>\n<td><span style=\"vertical-align: inherit;\"><span style=\"vertical-align: inherit;\">GRUPPO SUYI<\/span><\/span><\/td>\n<td><span style=\"vertical-align: inherit;\"><span style=\"vertical-align: inherit;\">Pressione nominale: pressione nominale<\/span><\/span><\/td>\n<td><span style=\"vertical-align: inherit;\"><span style=\"vertical-align: inherit;\">1MPa (DN15-DN800), 1,6MPa (DN15-DN800), 2,5MPa (DN15-DN600)<\/span><\/span><\/td>\n<\/tr>\n<tr>\n<td><span style=\"vertical-align: inherit;\"><span style=\"vertical-align: inherit;\">Numero di modello: Numero di modello: Numero di modello: Numero di modello: Numero di modello: Numero di modello<\/span><\/span><\/td>\n<td><span style=\"vertical-align: inherit;\"><span style=\"vertical-align: inherit;\">altro<\/span><\/span><\/td>\n<td><span style=\"vertical-align: inherit;\"><span style=\"vertical-align: inherit;\">Sensore: sensore<\/span><\/span><\/td>\n<td><span style=\"vertical-align: inherit;\"><span style=\"vertical-align: inherit;\">0\u2103- +80\u2103 o -25\u2103- +120\u2103 o +70\u2103- +250\u2103<\/span><\/span><\/td>\n<\/tr>\n<tr>\n<td><span style=\"vertical-align: inherit;\"><span style=\"vertical-align: inherit;\">Nome del prodotto: Nome del prodotto: Nome del prodotto: Nome del prodotto: Nome del prodotto: Nome del prodotto<\/span><\/span><\/td>\n<td><span style=\"vertical-align: inherit;\"><span style=\"vertical-align: inherit;\">Misuratore di portata dell'acqua chimica digitale intelligente elettromagnetico<\/span><\/span><\/td>\n<td><span style=\"vertical-align: inherit;\"><span style=\"vertical-align: inherit;\">Dettagli dell'imballaggio:<\/span><\/span><\/td>\n<td><span style=\"vertical-align: inherit;\"><span style=\"vertical-align: inherit;\">1 set per confezione o come richiesto dal cliente<\/span><\/span><\/td>\n<\/tr>\n<tr>\n<td><span style=\"vertical-align: inherit;\"><span style=\"vertical-align: inherit;\">Diametro nominale: diametro nominale<\/span><\/span><\/td>\n<td><span style=\"vertical-align: inherit;\"><span style=\"vertical-align: inherit;\">3-3196mm<\/span><\/span><\/td>\n<td><span style=\"vertical-align: inherit;\"><span style=\"vertical-align: inherit;\">Capacit\u00e0 di approvvigionamento<\/span><\/span><\/td>\n<td><span style=\"vertical-align: inherit;\"><span style=\"vertical-align: inherit;\">1870 Set\/Sets per Month<\/span><\/span><\/td>\n<\/tr>\n<tr>\n<td><span style=\"vertical-align: inherit;\"><span style=\"vertical-align: inherit;\">gamma di velocit\u00e0: il campo di velocit\u00e0<\/span><\/span><\/td>\n<td><span style=\"vertical-align: inherit;\"><span style=\"vertical-align: inherit;\">0-6m\/s<\/span><\/span><\/td>\n<td><span style=\"vertical-align: inherit;\"><span style=\"vertical-align: inherit;\">Quantit\u00e0 (set)<\/span><\/span><\/td>\n<td><span style=\"vertical-align: inherit;\"><span style=\"vertical-align: inherit;\">&gt; 30<\/span><\/span><\/td>\n<\/tr>\n<tr>\n<td><span style=\"vertical-align: inherit;\"><span style=\"vertical-align: inherit;\">Grado di accuratezza: il grado di accuratezza<\/span><\/span><\/td>\n<td><span style=\"vertical-align: inherit;\"><span style=\"vertical-align: inherit;\">\u00b10,5%R, \u00b11%R ( &lt; DN20)<\/span><\/span><\/td>\n<td><span style=\"vertical-align: inherit;\"><span style=\"vertical-align: inherit;\">Tempi di consegna (giorni)<\/span><\/span><\/td>\n<td><span style=\"vertical-align: inherit;\"><span style=\"vertical-align: inherit;\">Da negoziare<\/span><\/span><\/td>\n<\/tr>\n<\/tbody>\n<\/table>\n<p>&nbsp;<\/p>\n<p><strong><\/strong><\/p>\n<p style=\"text-align:center;\"><img src=\"https:\/\/www.hginstrument.com\/wp-content\/uploads\/2021\/07\/in-line-pipeline-type-hgd-electromagnetic-flow-meter.jpg\" atl=\"ultrasonic gas flow meter\" title=\"ultrasonic gas flow meter\"><\/p>\n<p><strong><\/strong><\/p>\n<p style=\"text-align:center;\"><img src=\"https:\/\/www.hginstrument.com\/wp-content\/uploads\/2021\/07\/insertion-01.jpg\" atl=\"ultrasonic gas flow meter\" title=\"ultrasonic gas flow meter\"><\/p>\n<p><strong><\/strong><\/p>\n<p style=\"text-align:center;\"><img src=\"https:\/\/www.hginstrument.com\/wp-content\/uploads\/2021\/07\/sanitary-mag-1.jpg\" atl=\"ultrasonic gas flow meter\" title=\"ultrasonic gas flow meter\"><\/p>\n<p><strong>ultrasonic gas flow meter FAQs Guide.<\/p>\n<p>At the heart of our ultrasonic gas flow meter series lies a commitment to excellence, blending advanced sensor technology with user-friendly interfaces. From liquid to gas, our meters deliver unparalleled accuracy, empowering you to make informed decisions and streamline operations. As we usher in a new era of fluid measurement, we invite you to explore the limitless possibilities that our ultrasonic gas flow meters unlock \u2013 where precision meets performance, and innovation flows seamlessly.<\/strong><\/p>\n<div style=\"border:3px solid #f89900;margin:20px 0;padding:20px;\"><a href=\"\/it\/ultrasonic-gas-flow-meter\/#01\">1.About ultrasonic gas flow meter production capacity<\/a><br \/><a href=\"\/it\/ultrasonic-gas-flow-meter\/#02\">2.How accurate is the ultrasonic gas flow meter?<\/a><br \/><a href=\"\/it\/ultrasonic-gas-flow-meter\/#03\">3.What industries is ultrasonic gas flow meter suitable for?<\/a><br \/><a href=\"\/it\/ultrasonic-gas-flow-meter\/#04\">4.What are the common faults and solutions of ultrasonic gas flow meters?<\/a><br \/><a href=\"\/it\/ultrasonic-gas-flow-meter\/#05\">5.What fluids are ultrasonic gas flow meters mainly used for measuring?<\/a><br \/><a href=\"\/it\/ultrasonic-gas-flow-meter\/#06\">6.How does the ultrasonic gas flow meter detect the properties of the target fluid?<\/a><br \/><a href=\"\/it\/ultrasonic-gas-flow-meter\/#07\">7.About ultrasonic gas flow meter payment method<\/a><br \/><a href=\"\/it\/ultrasonic-gas-flow-meter\/#08\">8.Does the ultrasonic gas flow meter have data storage capabilities?<\/a><br \/><a href=\"\/it\/ultrasonic-gas-flow-meter\/#09\">9.Are ultrasonic gas flow meter measurement results traceable?<\/a><br \/><a href=\"\/it\/ultrasonic-gas-flow-meter\/#010\">10.About the development history of ultrasonic gas flow meter factory<\/a><br \/><a href=\"\/it\/ultrasonic-gas-flow-meter\/#11\">11.Can the ultrasonic gas flow meter be equipped with sensors of different accuracy?<\/a><br \/><a href=\"\/it\/ultrasonic-gas-flow-meter\/#12\">12.What are the maintenance methods for ultrasonic gas flow meter?<\/a><br \/><a href=\"\/it\/ultrasonic-gas-flow-meter\/#13\">13.What is the measuring range of ultrasonic gas flow meter?<\/a><br \/><a href=\"\/it\/ultrasonic-gas-flow-meter\/#14\">14.Does the ultrasonic gas flow meter have a function to prevent misuse?<\/a><br \/><a href=\"\/it\/ultrasonic-gas-flow-meter\/#15\">15.About ultrasonic gas flow meter production skills training<\/a><br \/><a href=\"\/it\/ultrasonic-gas-flow-meter\/#16\">16.About ultrasonic gas flow meter R&#038;D capabilities<\/a><br \/><a href=\"\/it\/ultrasonic-gas-flow-meter\/#17\">17.What is the applicable pressure range of ultrasonic gas flow meter?<\/a><br \/><a href=\"\/it\/ultrasonic-gas-flow-meter\/#18\">18.About ultrasonic gas flow meter production capacity<\/a><\/div>\n<div name=\"01\" id=\"01\">\n<p><strong>1.About ultrasonic gas flow meter production capacity<\/strong><\/p>\n<p>La capacit\u00e0 produttiva dei misuratori di portata dipende dal tipo di misuratore prodotto. In genere, la capacit\u00e0 produttiva \u00e8 determinata dalle dimensioni dell'impianto di produzione, dal numero di macchine e di personale disponibili e dal tipo di misuratore di portata prodotto. Ad esempio, un impianto di produzione specializzato nella produzione di misuratori di portata a turbina pu\u00f2 avere una capacit\u00e0 produttiva superiore rispetto a un impianto che produce misuratori di portata a ultrasuoni. Inoltre, la capacit\u00e0 produttiva di un impianto pu\u00f2 essere influenzata dalla complessit\u00e0 del misuratore di portata prodotto e dalla disponibilit\u00e0 di materie prime e componenti.<\/p>\n<\/div>\n<div name=\"02\" id=\"02\">\n<p><strong>2.How accurate is the ultrasonic gas flow meter?<\/strong><\/p>\n<p>We are a professional ultrasonic gas flow meter company dedicated to providing high quality products and services.<br \/>\nLa precisione di un misuratore di portata dipende dal tipo di misuratore utilizzato. In genere, la maggior parte dei misuratori di portata ha una precisione di 1-2% rispetto alla portata effettiva. Tuttavia, alcuni misuratori di portata possono essere pi\u00f9 precisi, a seconda del tipo e della qualit\u00e0 del misuratore.<\/p>\n<\/div>\n<div name=\"03\" id=\"03\">\n<p><strong>3.What industries is ultrasonic gas flow meter suitable for?<\/strong><\/p>\n<p>Manteniamo una certa quantit\u00e0 di investimenti in R&amp;S ogni anno e miglioriamo continuamente l'efficienza operativa per fornire servizi migliori ai nostri clienti cooperativi.<br \/>\nI misuratori di portata sono adatti a un'ampia gamma di settori, tra cui petrolio e gas, acqua e acque reflue, lavorazione chimica, alimenti e bevande, farmaceutico, produzione di energia e HVAC.<\/p>\n<\/div>\n<div name=\"04\" id=\"04\">\n<p><strong>4.What are the common faults and solutions of ultrasonic gas flow meters?<\/strong><\/p>\n<p>Manteniamo una certa quantit\u00e0 di investimenti in R&amp;S ogni anno e miglioriamo continuamente l'efficienza operativa per fornire servizi migliori ai nostri clienti cooperativi.<br \/>\nI guasti e le soluzioni pi\u00f9 comuni dei misuratori di portata includono:<\/p>\n<p>1. Bassa precisione: Di solito \u00e8 causata da un'installazione o una calibrazione errata. Per risolvere questo problema, verificare l'installazione e la calibrazione del flussimetro e assicurarsi che siano corrette.<\/p>\n<p>2. Perdite: Di solito \u00e8 causata da una guarnizione usurata o danneggiata. Per risolvere il problema, sostituire la guarnizione con una nuova.<\/p>\n<p>3. Intasamento: Di solito \u00e8 causato da detriti o altre particelle che bloccano il flussometro. Per risolvere il problema, pulire il flussometro e rimuovere eventuali detriti o particelle.<\/p>\n<p>4. Corrosione: Di solito \u00e8 causata dall'esposizione a liquidi o gas corrosivi. Per risolvere il problema, sostituire le parti corrose e utilizzare un materiale resistente alla corrosione per il misuratore di portata.<\/p>\n<\/div>\n<div name=\"05\" id=\"05\">\n<p><strong>5.What fluids are ultrasonic gas flow meters mainly used for measuring?<\/strong><\/p>\n<p>Ci concentriamo sul lavoro di squadra e sulla comunicazione per raggiungere obiettivi comuni, attribuendo grande importanza a questo dettaglio.<br \/>\nI misuratori di portata sono utilizzati principalmente per misurare il flusso di liquidi, gas e vapore.<\/p>\n<p><img src=\"https:\/\/www.hginstrument.com\/wp-content\/uploads\/2021\/07\/hgcmf-c1-1.jpg\" alt=\"What fluids are ultrasonic gas flow meters mainly used for measuring?\" title=\"What fluids are ultrasonic gas flow meters mainly used for measuring?\" style=\"max-width: 100%;\"><\/div>\n<div name=\"06\" id=\"06\">\n<p><strong>6.How does the ultrasonic gas flow meter detect the properties of the target fluid?<\/strong><\/p>\n<p>As one of the ultrasonic gas flow meter market leaders, we are known for innovation and reliability.<br \/>\nI flussimetri misurano la portata di un fluido rilevandone la velocit\u00e0. Ci\u00f2 avviene tipicamente misurando la caduta di pressione attraverso una restrizione nota nel percorso del flusso, oppure misurando la velocit\u00e0 del fluido utilizzando una serie di tecnologie come quella ultrasonica, magnetica o termica. La portata pu\u00f2 quindi essere utilizzata per calcolare le propriet\u00e0 del fluido, come la densit\u00e0, la viscosit\u00e0 e la portata volumetrica.<\/p>\n<\/div>\n<div name=\"07\" id=\"07\">\n<p><strong>7.About ultrasonic gas flow meter payment method<\/strong><\/p>\n<p>Il pagamento tramite contatore di flusso \u00e8 un metodo di pagamento che utilizza un contatore di flusso per misurare la quantit\u00e0 di energia utilizzata da un cliente. Il cliente paga l'energia utilizzata in base alla quantit\u00e0 di energia misurata dal contatore. Questo metodo di pagamento \u00e8 spesso utilizzato in ambienti commerciali e industriali, dove il consumo di energia \u00e8 elevato e deve essere monitorato con precisione. Il pagamento tramite contatore di flusso \u00e8 utilizzato anche in alcuni contesti residenziali, dove i clienti possono pagare per il loro utilizzo di energia in base alla quantit\u00e0 di energia che utilizzano.<\/p>\n<\/div>\n<div name=\"08\" id=\"08\">\n<p><strong>8.Does the ultrasonic gas flow meter have data storage capabilities?<\/strong><\/p>\n<p>Ci concentriamo sull'innovazione e sul miglioramento continuo per mantenere un vantaggio competitivo.<br \/>\nDipende dal tipo di misuratore di portata. Alcuni misuratori di portata hanno capacit\u00e0 di memorizzazione dei dati, mentre altri non ne hanno.<\/p>\n<\/div>\n<div name=\"09\" id=\"09\">\n<p><strong>9.Are ultrasonic gas flow meter measurement results traceable?<\/strong><\/p>\n<p>Our company has many years of ultrasonic gas flow meter experience and expertise.<br \/>\nS\u00ec, i risultati delle misurazioni dei misuratori di portata possono essere rintracciabili. La tracciabilit\u00e0 \u00e8 la possibilit\u00e0 di risalire alla storia, all'applicazione o all'ubicazione di un elemento mediante un'identificazione documentata. I misuratori di portata sono in genere calibrati utilizzando uno standard tracciabile, come ad esempio uno standard di calibrazione tracciabile NIST. Ci\u00f2 garantisce che i risultati delle misurazioni del flussimetro siano riconducibili a uno standard noto.<\/p>\n<\/div>\n<div name=\"010\" id=\"010\">\n<p><strong>10.About the development history of ultrasonic gas flow meter factory<\/strong><\/p>\n<p>La fabbrica di misuratori di portata \u00e8 stata fondata all'inizio degli anni Novanta. \u00c8 stata fondata da un gruppo di ingegneri e tecnici con una vasta esperienza nella progettazione e nella produzione di misuratori di portata. Inizialmente l'azienda si \u00e8 concentrata sulla produzione di misuratori di portata meccanici, ma ben presto ha ampliato la propria gamma di prodotti includendo anche misuratori di portata elettronici. Nel corso degli anni, l'azienda ha sviluppato un'ampia gamma di misuratori di portata per diverse applicazioni, tra cui quelle industriali, commerciali e residenziali. L'azienda ha inoltre sviluppato una serie di soluzioni software e hardware per la misurazione e il controllo del flusso. Oggi l'azienda \u00e8 uno dei principali produttori di misuratori di portata e prodotti correlati ed \u00e8 riconosciuta come leader del settore.<\/p>\n<p><img src=\"https:\/\/www.hginstrument.com\/wp-content\/uploads\/2021\/07\/in-line-pipeline-type-hgd-electromagnetic-flow-meter.jpg\" alt=\"About the development history of ultrasonic gas flow meter factory\" title=\"About the development history of ultrasonic gas flow meter factory\" style=\"max-width: 100%;\"><\/div>\n<div name=\"11\" id=\"11\">\n<p><strong>11.Can the ultrasonic gas flow meter be equipped with sensors of different accuracy?<\/strong><\/p>\n<p>S\u00ec, i misuratori di portata possono essere dotati di sensori di diversa precisione. Sono disponibili diversi tipi di misuratori di portata con diversi livelli di precisione, a seconda dell'applicazione. Ad esempio, i misuratori di portata a turbina sono in genere pi\u00f9 precisi di quelli a ruota dentata.<\/p>\n<\/div>\n<div name=\"12\" id=\"12\">\n<p><strong>12.What are the maintenance methods for ultrasonic gas flow meter?<\/strong><\/p>\n<p>Ci concentriamo sull'innovazione e sul miglioramento continuo per mantenere un vantaggio competitivo.<br \/>\n1. Controllare regolarmente che il flussometro non presenti segni di usura o danni.<\/p>\n<p>2. Pulire regolarmente il flussometro per garantire letture accurate.<\/p>\n<p>3. Controllare l'accuratezza del flussometro eseguendo i test di calibrazione.<\/p>\n<p>4. Sostituire al pi\u00f9 presto le parti usurate o danneggiate.<\/p>\n<p>5. Assicurarsi che il flussometro sia installato e collegato correttamente al sistema.<\/p>\n<p>6. Controllare che il flussometro non presenti segni di corrosione o ostruzioni.<\/p>\n<p>7. Assicurarsi che il flussometro sia correttamente sigillato per evitare perdite.<\/p>\n<p>8. Controllare regolarmente che il flussometro non presenti segni di vibrazioni o rumori.<\/p>\n<p>9. Assicurarsi che il flussometro sia calibrato e regolato correttamente.<\/p>\n<p>10. Controllare regolarmente che il flussometro non presenti segni di perdita o di intasamento.<\/p>\n<\/div>\n<div name=\"13\" id=\"13\">\n<p><strong>13.What is the measuring range of ultrasonic gas flow meter?<\/strong><\/p>\n<p>We continuously upgrade our skills and knowledge to adapt to changing ultrasonic gas flow meter market needs.<br \/>\nIl campo di misura di un misuratore di portata dipende dal tipo di misuratore utilizzato. In generale, il campo di misura di un misuratore di portata pu\u00f2 variare da 0,01 a 1000 litri al minuto.<\/p>\n<\/div>\n<div name=\"14\" id=\"14\">\n<p><strong>14.Does the ultrasonic gas flow meter have a function to prevent misuse?<\/strong><\/p>\n<p>As one of the ultrasonic gas flow meter market leaders, we are known for innovation and reliability.<br \/>\nLa maggior parte dei misuratori di portata non ha una funzione di prevenzione dell'uso improprio, ma alcuni modelli possono avere caratteristiche che aiutano a ridurre il rischio di uso improprio. Ad esempio, alcuni misuratori di portata possono avere una funzione di blocco che impedisce agli utenti non autorizzati di modificare le impostazioni o di accedere ai dati. Inoltre, alcuni misuratori di portata possono avere una funzione di protezione con password che richiede all'utente di inserire una password prima di poter accedere ai dati o alle impostazioni.<\/p>\n<\/div>\n<div name=\"15\" id=\"15\">\n<p><strong>15.About ultrasonic gas flow meter production skills training<\/strong><\/p>\n<p>Il corso di formazione sulla produzione di misuratori di portata \u00e8 progettato per insegnare a tecnici e ingegneri le competenze necessarie per la produzione e la manutenzione dei misuratori di portata. La formazione copre argomenti quali i principi della misurazione del flusso, i tipi di misuratori di flusso disponibili, l'installazione e la manutenzione dei misuratori di flusso e le tecniche di risoluzione dei problemi. La formazione comprende anche l'uso del software per analizzare e interpretare i dati di flusso. La formazione si svolge in genere in un'aula e pu\u00f2 includere attivit\u00e0 pratiche.<\/p>\n<p><img src=\"https:\/\/www.hginstrument.com\/wp-content\/uploads\/2021\/07\/ltb-1.jpg\" alt=\"About ultrasonic gas flow meter production skills training\" title=\"About ultrasonic gas flow meter production skills training\" style=\"max-width: 100%;\"><\/div>\n<div name=\"16\" id=\"16\">\n<p><strong>16.About ultrasonic gas flow meter R&#038;D capabilities<\/strong><\/p>\n<p>Le capacit\u00e0 di R&amp;S dei misuratori di portata si riferiscono alla capacit\u00e0 di un'azienda o di un'organizzazione di ricercare, sviluppare e produrre misuratori di portata. Ci\u00f2 include la capacit\u00e0 di progettare, testare e produrre misuratori di portata che soddisfino i requisiti dei clienti e gli standard del settore. Include anche la capacit\u00e0 di sviluppare nuove tecnologie e prodotti per soddisfare le mutevoli esigenze del settore. Le aziende con una forte capacit\u00e0 di ricerca e sviluppo sono in grado di essere all'avanguardia rispetto alla concorrenza e di fornire ai clienti i misuratori di portata pi\u00f9 avanzati e affidabili.<\/p>\n<\/div>\n<div name=\"17\" id=\"17\">\n<p><strong>17.What is the applicable pressure range of ultrasonic gas flow meter?<\/strong><\/p>\n<p>I nostri prodotti e servizi coprono una vasta gamma di aree e soddisfano le esigenze di diversi settori.<br \/>\nL'intervallo di pressione applicabile di un misuratore di portata dipende dal tipo di misuratore utilizzato. In generale, i misuratori di portata possono misurare pressioni comprese tra 0,1 bar e 1000 bar.<\/p>\n<\/div>\n<div name=\"18\" id=\"18\">\n<p><strong>18.About ultrasonic gas flow meter production capacity<\/strong><\/p>\n<p>La capacit\u00e0 produttiva dei misuratori di portata dipende dal tipo di misuratore prodotto. In genere, la capacit\u00e0 produttiva \u00e8 determinata dalle dimensioni dell'impianto di produzione, dal numero di macchine e di personale disponibili e dal tipo di misuratore di portata prodotto. Ad esempio, un impianto di produzione specializzato nella produzione di misuratori di portata a turbina pu\u00f2 avere una capacit\u00e0 produttiva superiore rispetto a un impianto che produce misuratori di portata a ultrasuoni. Inoltre, la capacit\u00e0 produttiva di un impianto pu\u00f2 essere influenzata dalla complessit\u00e0 del misuratore di portata prodotto e dalla disponibilit\u00e0 di materie prime e componenti.<\/p>\n<\/div>\n<p>Tag\uff1a<a href=\"\/it\/magnetic-flow-meter\/low-pressure-air-flow-meter\/\">low pressure air flow meter<\/a>,<a href=\"\/it\/magnetic-flow-meter\/micro-trak-flow-meter\/\">micro trak flow meter<\/a>,<a href=\"\/it\/magnetic-flow-meter\/fuel-flow-meter-aircraft\/\">misuratore di portata del carburante aereo<\/a>,<a href=\"\/it\/magnetic-flow-meter\/garden-hose-water-flow-meter\/\">misuratore di portata d'acqua per tubi da giardino<\/a><\/p>\n<p><\/p>","protected":false},"excerpt":{"rendered":"<p><strong>Dati tecnici<\/strong><br \/>\nPu\u00f2 servire fluidi liquidi o gassosi; di solito viene utilizzato per misurare il flusso di vapore, aria e gas naturale.<br \/>\nDimensioni del contatore: Tipo in linea: DN25 - DN300<br \/>\nOpzione materiale bagnato: SS304, SS316<br \/>\nTemperatura di funzionamento: \u2264250\u2103<br \/>\nConnessione al processo: Wafer \/ Flangia \/ Tri-clamp per il tipo in linea<br \/>\nPrecisione di misura: 1,0 % - 1,5% del campo di calibrazione<br \/>\nIndicatore digitale: visualizzazione del flusso istantaneo, del flusso totale<br \/>\nAlimentazione: 24VDC, Uscita: 4-20mA<\/p>\n<p><strong>caratteristiche<\/strong><br \/>\n1.Punti di attivazione\/disattivazione regolabili<br \/>\n2. Modalit\u00e0 di allarme flusso Hi o Lo<br \/>\n3. Ritardo regolabile<br \/>\n4.LED di stato del rel\u00e8<\/p>","protected":false},"featured_media":3691,"comment_status":"closed","ping_status":"closed","template":"","meta":[],"product_cat":[2372],"product_tag":[],"acf":[],"_links":{"self":[{"href":"https:\/\/www.hginstrument.com\/it\/wp-json\/wp\/v2\/product\/6026"}],"collection":[{"href":"https:\/\/www.hginstrument.com\/it\/wp-json\/wp\/v2\/product"}],"about":[{"href":"https:\/\/www.hginstrument.com\/it\/wp-json\/wp\/v2\/types\/product"}],"replies":[{"embeddable":true,"href":"https:\/\/www.hginstrument.com\/it\/wp-json\/wp\/v2\/comments?post=6026"}],"wp:featuredmedia":[{"embeddable":true,"href":"https:\/\/www.hginstrument.com\/it\/wp-json\/wp\/v2\/media\/3691"}],"wp:attachment":[{"href":"https:\/\/www.hginstrument.com\/it\/wp-json\/wp\/v2\/media?parent=6026"}],"wp:term":[{"taxonomy":"product_cat","embeddable":true,"href":"https:\/\/www.hginstrument.com\/it\/wp-json\/wp\/v2\/product_cat?post=6026"},{"taxonomy":"product_tag","embeddable":true,"href":"https:\/\/www.hginstrument.com\/it\/wp-json\/wp\/v2\/product_tag?post=6026"}],"curies":[{"name":"wp","href":"https:\/\/api.w.org\/{rel}","templated":true}]}}