{"id":6036,"date":"2023-12-25T05:47:26","date_gmt":"2023-12-24T21:47:26","guid":{"rendered":"https:\/\/www.hginstrument.com\/?post_type=product&#038;p=6036"},"modified":"2023-12-27T10:23:55","modified_gmt":"2023-12-27T02:23:55","slug":"ultrasonic-steam-flow-meter","status":"publish","type":"product","link":"https:\/\/www.hginstrument.com\/it\/magnetic-flow-meter\/ultrasonic-steam-flow-meter\/","title":{"rendered":"misuratore di portata di vapore a ultrasuoni"},"content":{"rendered":"<p>Whether it&#8217;s for industrial process control, environmental monitoring, or energy management, the ultrasonic steam flow meter is a top-performing product that guarantees precise and reliable flow measurement. With its advanced technology and versatile capabilities, this device is an essential tool for any industry seeking accurate and efficient flow monitoring solutions.<\/p>\n<p>At the heart of ultrasonic steam flow meter is technology that measures and records flow, providing accurate and reliable readings. There are different types of ultrasonic steam flow meter including magnetic, ultrasonic, Electromagnetic flow meter, Coriolis and turbine, each designed for specific applications and fluid types.<\/p>\n<p>One of the most advanced and widely used ultrasonic steam flow meter is the electromagnetic ultrasonic steam flow meter. It works on Faraday&#8217;s law of electromagnetic induction and is able to measure the flow of conducting fluids with incredible accuracy and repeatability. It is suitable for use with a variety of fluids, including water, chemicals, Environmental monitoring and mud.<\/p>\n<p>&nbsp;<\/p>\n<table class=\"table table-bordered\">\n<tbody>\n<tr>\n<td><span style=\"vertical-align: inherit;\"><span style=\"vertical-align: inherit;\">Tipo: il tipo<\/span><\/span><\/td>\n<td><span style=\"vertical-align: inherit;\">misuratore di portata di vapore a ultrasuoni<\/span><\/td>\n<td><span style=\"vertical-align: inherit;\"><span style=\"vertical-align: inherit;\">Segnale d'uscita: segnale d'uscita<\/span><\/span><\/td>\n<td><span style=\"vertical-align: inherit;\"><span style=\"vertical-align: inherit;\">4-18mA, impulso\/frequenza 2kHz (default), 5KHz (max)<\/span><\/span><\/td>\n<\/tr>\n<tr>\n<td><span style=\"vertical-align: inherit;\"><span style=\"vertical-align: inherit;\">Luogo di origine: il luogo di origine<\/span><\/span><\/td>\n<td><span style=\"vertical-align: inherit;\"><span style=\"vertical-align: inherit;\">Jiangsu, Cina<\/span><\/span><\/td>\n<td><span style=\"vertical-align: inherit;\"><span style=\"vertical-align: inherit;\">Incorporare il tipo: il tipo<\/span><\/span><\/td>\n<td><span style=\"vertical-align: inherit;\"><span style=\"vertical-align: inherit;\">-10\u2103- +56\u2103<\/span><\/span><\/td>\n<\/tr>\n<tr>\n<td><span style=\"vertical-align: inherit;\"><span style=\"vertical-align: inherit;\">Garanzia: garanzia<\/span><\/span><\/td>\n<td><span style=\"vertical-align: inherit;\"><span style=\"vertical-align: inherit;\">12 mesi<\/span><\/span><\/td>\n<td><span style=\"vertical-align: inherit;\"><span style=\"vertical-align: inherit;\">Tensione di alimentazione: tensione di alimentazione<\/span><\/span><\/td>\n<td><span style=\"vertical-align: inherit;\"><span style=\"vertical-align: inherit;\">110\/220VAC (100-240VAC), 50Hz\/60Hz; 24VDC\u00b110%<\/span><\/span><\/td>\n<\/tr>\n<tr>\n<td><span style=\"vertical-align: inherit;\"><span style=\"vertical-align: inherit;\">Supporto personalizzato\uff1aSupporto personalizzato<\/span><\/span><\/td>\n<td><span style=\"vertical-align: inherit;\"><span style=\"vertical-align: inherit;\">OEM, ODM, OBM<\/span><\/span><\/td>\n<td><span style=\"vertical-align: inherit;\"><span style=\"vertical-align: inherit;\">Comunicazione digitale: comunicazione digitale<\/span><\/span><\/td>\n<td><span style=\"vertical-align: inherit;\"><span style=\"vertical-align: inherit;\">RS-485, supporto del protocollo standard Mudbugs-RTU; GPRS<\/span><\/span><\/td>\n<\/tr>\n<tr>\n<td><span style=\"vertical-align: inherit;\"><span style=\"vertical-align: inherit;\">Nome della marca: Nome della marca: Nome della marca: Nome della marca: Nome della marca: Nome della marca<\/span><\/span><\/td>\n<td><span style=\"vertical-align: inherit;\"><span style=\"vertical-align: inherit;\">GRUPPO SUYI<\/span><\/span><\/td>\n<td><span style=\"vertical-align: inherit;\"><span style=\"vertical-align: inherit;\">Pressione nominale: pressione nominale<\/span><\/span><\/td>\n<td><span style=\"vertical-align: inherit;\"><span style=\"vertical-align: inherit;\">1MPa (DN15-DN800), 1,6MPa (DN15-DN800), 2,5MPa (DN15-DN600)<\/span><\/span><\/td>\n<\/tr>\n<tr>\n<td><span style=\"vertical-align: inherit;\"><span style=\"vertical-align: inherit;\">Numero di modello: Numero di modello: Numero di modello: Numero di modello: Numero di modello: Numero di modello<\/span><\/span><\/td>\n<td><span style=\"vertical-align: inherit;\"><span style=\"vertical-align: inherit;\">altro<\/span><\/span><\/td>\n<td><span style=\"vertical-align: inherit;\"><span style=\"vertical-align: inherit;\">Sensore: sensore<\/span><\/span><\/td>\n<td><span style=\"vertical-align: inherit;\"><span style=\"vertical-align: inherit;\">0\u2103- +80\u2103 o -25\u2103- +120\u2103 o +70\u2103- +250\u2103<\/span><\/span><\/td>\n<\/tr>\n<tr>\n<td><span style=\"vertical-align: inherit;\"><span style=\"vertical-align: inherit;\">Nome del prodotto: Nome del prodotto: Nome del prodotto: Nome del prodotto: Nome del prodotto: Nome del prodotto<\/span><\/span><\/td>\n<td><span style=\"vertical-align: inherit;\"><span style=\"vertical-align: inherit;\">Misuratore di portata dell'acqua chimica digitale intelligente elettromagnetico<\/span><\/span><\/td>\n<td><span style=\"vertical-align: inherit;\"><span style=\"vertical-align: inherit;\">Dettagli dell'imballaggio:<\/span><\/span><\/td>\n<td><span style=\"vertical-align: inherit;\"><span style=\"vertical-align: inherit;\">1 set per confezione o come richiesto dal cliente<\/span><\/span><\/td>\n<\/tr>\n<tr>\n<td><span style=\"vertical-align: inherit;\"><span style=\"vertical-align: inherit;\">Diametro nominale: diametro nominale<\/span><\/span><\/td>\n<td><span style=\"vertical-align: inherit;\"><span style=\"vertical-align: inherit;\">3-2782mm<\/span><\/span><\/td>\n<td><span style=\"vertical-align: inherit;\"><span style=\"vertical-align: inherit;\">Capacit\u00e0 di approvvigionamento<\/span><\/span><\/td>\n<td><span style=\"vertical-align: inherit;\"><span style=\"vertical-align: inherit;\">2393 Set\/Set al mese<\/span><\/span><\/td>\n<\/tr>\n<tr>\n<td><span style=\"vertical-align: inherit;\"><span style=\"vertical-align: inherit;\">gamma di velocit\u00e0: il campo di velocit\u00e0<\/span><\/span><\/td>\n<td><span style=\"vertical-align: inherit;\"><span style=\"vertical-align: inherit;\">0-15m\/s<\/span><\/span><\/td>\n<td><span style=\"vertical-align: inherit;\"><span style=\"vertical-align: inherit;\">Quantit\u00e0 (set)<\/span><\/span><\/td>\n<td><span style=\"vertical-align: inherit;\"><span style=\"vertical-align: inherit;\">&gt; 30<\/span><\/span><\/td>\n<\/tr>\n<tr>\n<td><span style=\"vertical-align: inherit;\"><span style=\"vertical-align: inherit;\">Grado di accuratezza: il grado di accuratezza<\/span><\/span><\/td>\n<td><span style=\"vertical-align: inherit;\"><span style=\"vertical-align: inherit;\">\u00b10,5%R, \u00b11%R ( &lt; DN20)<\/span><\/span><\/td>\n<td><span style=\"vertical-align: inherit;\"><span style=\"vertical-align: inherit;\">Tempi di consegna (giorni)<\/span><\/span><\/td>\n<td><span style=\"vertical-align: inherit;\"><span style=\"vertical-align: inherit;\">Da negoziare<\/span><\/span><\/td>\n<\/tr>\n<\/tbody>\n<\/table>\n<p>&nbsp;<\/p>\n<p><strong><\/strong><\/p>\n<p style=\"text-align:center;\"><img src=\"https:\/\/www.hginstrument.com\/wp-content\/uploads\/2021\/07\/in-line-pipeline-type-hgd-electromagnetic-flow-meter.jpg\" atl=\"ultrasonic steam flow meter\" title=\"misuratore di portata di vapore a ultrasuoni\"><\/p>\n<p><strong><\/strong><\/p>\n<p style=\"text-align:center;\"><img src=\"https:\/\/www.hginstrument.com\/wp-content\/uploads\/2021\/07\/insertion-01.jpg\" atl=\"ultrasonic steam flow meter\" title=\"misuratore di portata di vapore a ultrasuoni\"><\/p>\n<p><strong><\/strong><\/p>\n<p style=\"text-align:center;\"><img src=\"https:\/\/www.hginstrument.com\/wp-content\/uploads\/2021\/07\/sanitary-mag-1.jpg\" atl=\"ultrasonic steam flow meter\" title=\"misuratore di portata di vapore a ultrasuoni\"><\/p>\n<p><strong>ultrasonic steam flow meter FAQs Guide.<\/p>\n<p>At the heart of our ultrasonic steam flow meter series lies a commitment to excellence, blending advanced sensor technology with user-friendly interfaces. From liquid to gas, our meters deliver unparalleled accuracy, empowering you to make informed decisions and streamline operations. As we usher in a new era of fluid measurement, we invite you to explore the limitless possibilities that our ultrasonic steam flow meters unlock \u2013 where precision meets performance, and innovation flows seamlessly.<\/strong><\/p>\n<div style=\"border:3px solid #f89900;margin:20px 0;padding:20px;\"><a href=\"\/it\/ultrasonic-steam-flow-meter\/#01\">1.What are the options for the exterior materials of the ultrasonic steam flow meter?<\/a><br \/><a href=\"\/it\/ultrasonic-steam-flow-meter\/#02\">2.Can the measurement results of the ultrasonic steam flow meter be output and recorded remotely?<\/a><br \/><a href=\"\/it\/ultrasonic-steam-flow-meter\/#03\">3.What is the measuring range of ultrasonic steam flow meter?<\/a><br \/><a href=\"\/it\/ultrasonic-steam-flow-meter\/#04\">4.What are the installation methods of ultrasonic steam flow meter?<\/a><br \/><a href=\"\/it\/ultrasonic-steam-flow-meter\/#05\">5.Does the ultrasonic steam flow meter require an external power source?<\/a><br \/><a href=\"\/it\/ultrasonic-steam-flow-meter\/#06\">6.Does the ultrasonic steam flow meter have multi-language display capabilities?<\/a><br \/><a href=\"\/it\/ultrasonic-steam-flow-meter\/#07\">7.About ultrasonic steam flow meter payment method<\/a><br \/><a href=\"\/it\/ultrasonic-steam-flow-meter\/#08\">8.What is the function of ultrasonic steam flow meter?<\/a><br \/><a href=\"\/it\/ultrasonic-steam-flow-meter\/#09\">9.Is the ultrasonic steam flow meter anti-corrosion?<\/a><br \/><a href=\"\/it\/ultrasonic-steam-flow-meter\/#010\">10.What are the requirements for the specific installation location of the ultrasonic steam flow meter?<\/a><br \/><a href=\"\/it\/ultrasonic-steam-flow-meter\/#11\">11.What are the common faults and solutions of ultrasonic steam flow meters?<\/a><br \/><a href=\"\/it\/ultrasonic-steam-flow-meter\/#12\">12.About ultrasonic steam flow meter quality system<\/a><br \/><a href=\"\/it\/ultrasonic-steam-flow-meter\/#13\">13.Does ultrasonic steam flow meter have real-time monitoring function?<\/a><br \/><a href=\"\/it\/ultrasonic-steam-flow-meter\/#14\">14.What is the format of the ultrasonic steam flow meter\u2019s output signal?<\/a><br \/><a href=\"\/it\/ultrasonic-steam-flow-meter\/#15\">15.About ultrasonic steam flow meter overseas warehouse<\/a><\/div>\n<div name=\"01\" id=\"01\">\n<p><strong>1.What are the options for the exterior materials of the ultrasonic steam flow meter?<\/strong><\/p>\n<p>ultrasonic steam flow meter is not a product only,  but also can help you comes to money-making.<br \/>\n1. Alluminio<br \/>\n2. Acciaio inossidabile<br \/>\n3. Ottone<br \/>\n4. Plastica<br \/>\n5. Polipropilene<br \/>\n6. PVC<br \/>\n7. Policarbonato<br \/>\n8. Fibra di vetro<br \/>\n9. Titanio<br \/>\n10. Rame<\/p>\n<\/div>\n<div name=\"02\" id=\"02\">\n<p><strong>2.Can the measurement results of the ultrasonic steam flow meter be output and recorded remotely?<\/strong><\/p>\n<p>S\u00ec, molti misuratori di portata sono dotati di funzionalit\u00e0 di uscita e registrazione a distanza. Ci\u00f2 consente agli utenti di monitorare e registrare i dati di flusso da una postazione remota.<\/p>\n<p><img src=\"https:\/\/www.hginstrument.com\/wp-content\/uploads\/2021\/07\/ltb-1.jpg\" alt=\"Can the measurement results of the ultrasonic steam flow meter be output and recorded remotely?\" title=\"Can the measurement results of the ultrasonic steam flow meter be output and recorded remotely?\" style=\"max-width: 100%;\"><\/div>\n<div name=\"03\" id=\"03\">\n<p><strong>3.What is the measuring range of ultrasonic steam flow meter?<\/strong><\/p>\n<p>We continuously upgrade our skills and knowledge to adapt to changing ultrasonic steam flow meter market needs.<br \/>\nIl campo di misura di un misuratore di portata dipende dal tipo di misuratore utilizzato. In generale, il campo di misura di un misuratore di portata pu\u00f2 variare da 0,01 a 1000 litri al minuto.<\/p>\n<\/div>\n<div name=\"04\" id=\"04\">\n<p><strong>4.What are the installation methods of ultrasonic steam flow meter?<\/strong><\/p>\n<p>Our mission is to provide customers with the best solutions for ultrasonic steam flow meter.<br \/>\n1. Installazione in linea: \u00c8 il tipo di installazione pi\u00f9 comune per i misuratori di portata. Consiste nel collocare il misuratore di portata direttamente nel tubo o nel condotto in cui scorre il fluido.<\/p>\n<p>2. Installazione a inserimento: Questo tipo di installazione prevede l'inserimento del misuratore di portata nel tubo o nel condotto. In genere si utilizza una flangia o un raccordo.<\/p>\n<p>3. Installazione a canale aperto: Questo tipo di installazione si utilizza quando il flusso si trova in un canale aperto, come un fiume o un torrente. Il misuratore di portata viene posizionato nel canale e misura la portata.<\/p>\n<p>4. Installazione sommersa: Questo tipo di installazione si utilizza quando il flusso si trova in un ambiente sommerso, come un pozzo o un serbatoio. Il misuratore di portata viene inserito nell'acqua e misura la portata.<\/p>\n<p><img src=\"https:\/\/www.hginstrument.com\/wp-content\/uploads\/2021\/07\/hls-2000p-z1.jpg\" alt=\"What are the installation methods of ultrasonic steam flow meter?\" title=\"What are the installation methods of ultrasonic steam flow meter?\" style=\"max-width: 100%;\"><\/div>\n<div name=\"05\" id=\"05\">\n<p><strong>5.Does the ultrasonic steam flow meter require an external power source?<\/strong><\/p>\n<p>Aderiamo al principio della qualit\u00e0 prima di tutto e disponiamo di un sistema completo di gestione della qualit\u00e0 della produzione e di un processo di ispezione della qualit\u00e0.<br \/>\nDipende dal tipo di misuratore di portata. Alcuni misuratori di portata sono alimentati da una fonte di energia esterna, mentre altri sono alimentati dal flusso del liquido o del gas da misurare.<\/p>\n<\/div>\n<div name=\"06\" id=\"06\">\n<p><strong>6.Does the ultrasonic steam flow meter have multi-language display capabilities?<\/strong><\/p>\n<p>As one of the top ultrasonic steam flow meter manufacturers in China, we take this very seriously.<br \/>\nS\u00ec, alcuni misuratori di portata sono dotati di funzionalit\u00e0 di visualizzazione multilingue. Tuttavia, questa funzione non \u00e8 disponibile su tutti i modelli. \u00c8 meglio verificare con il produttore se il modello specifico a cui si \u00e8 interessati \u00e8 dotato di questa funzione.<\/p>\n<p><img src=\"https:\/\/www.hginstrument.com\/wp-content\/uploads\/2021\/07\/hls-2000h-m2.jpg\" alt=\"Does the ultrasonic steam flow meter have multi-language display capabilities?\" title=\"Does the ultrasonic steam flow meter have multi-language display capabilities?\" style=\"max-width: 100%;\"><\/div>\n<div name=\"07\" id=\"07\">\n<p><strong>7.About ultrasonic steam flow meter payment method<\/strong><\/p>\n<p>Il pagamento tramite contatore di flusso \u00e8 un metodo di pagamento che utilizza un contatore di flusso per misurare la quantit\u00e0 di energia utilizzata da un cliente. Il cliente paga l'energia utilizzata in base alla quantit\u00e0 di energia misurata dal contatore. Questo metodo di pagamento \u00e8 spesso utilizzato in ambienti commerciali e industriali, dove il consumo di energia \u00e8 elevato e deve essere monitorato con precisione. Il pagamento tramite contatore di flusso \u00e8 utilizzato anche in alcuni contesti residenziali, dove i clienti possono pagare per il loro utilizzo di energia in base alla quantit\u00e0 di energia che utilizzano.<\/p>\n<\/div>\n<div name=\"08\" id=\"08\">\n<p><strong>8.What is the function of ultrasonic steam flow meter?<\/strong><\/p>\n<p>Our company has many years of ultrasonic steam flow meter experience and expertise.<br \/>\nUn misuratore di portata \u00e8 un dispositivo utilizzato per misurare la portata o la quantit\u00e0 di un gas o di un liquido che si muove attraverso un tubo. Viene utilizzato per misurare la velocit\u00e0 di flusso di un liquido o di un gas in un condotto chiuso. I misuratori di portata sono utilizzati in diversi settori, tra cui il trattamento delle acque e delle acque reflue, il petrolio e il gas e il trattamento chimico.<\/p>\n<p><img src=\"https:\/\/www.hginstrument.com\/wp-content\/uploads\/2021\/07\/verabar-1.jpg\" alt=\"What is the function of ultrasonic steam flow meter?\" title=\"What is the function of ultrasonic steam flow meter?\" style=\"max-width: 100%;\"><\/div>\n<div name=\"09\" id=\"09\">\n<p><strong>9.Is the ultrasonic steam flow meter anti-corrosion?<\/strong><\/p>\n<p>We have established a good reputation and reliable partnerships within the ultrasonic steam flow meter industry.<br \/>\nS\u00ec, la maggior parte dei misuratori di portata \u00e8 progettata per essere resistente alla corrosione. Tuttavia, il tipo specifico di misuratore di portata e l'ambiente in cui viene utilizzato determinano il grado di resistenza alla corrosione.<\/p>\n<\/div>\n<div name=\"010\" id=\"010\">\n<p><strong>10.What are the requirements for the specific installation location of the ultrasonic steam flow meter?<\/strong><\/p>\n<p>We operate our ultrasonic steam flow meter business with integrity and honesty.<br \/>\n1. Il misuratore di portata deve essere installato in un luogo privo di vibrazioni, urti e altre forze esterne.<\/p>\n<p>2. Il misuratore di portata deve essere installato in un luogo privo di gas corrosivi, liquidi e altri agenti contaminanti.<\/p>\n<p>3. Il misuratore di portata deve essere installato in una posizione accessibile per la manutenzione e la calibrazione.<\/p>\n<p>4. Il misuratore di portata deve essere installato in un luogo privo di temperature e umidit\u00e0 estreme.<\/p>\n<p>5. Il misuratore di portata deve essere installato in un luogo privo di interferenze elettriche.<\/p>\n<p><img src=\"https:\/\/www.hginstrument.com\/wp-content\/uploads\/2021\/07\/sanitary-mag-1.jpg\" alt=\"What are the requirements for the specific installation location of the ultrasonic steam flow meter?\" title=\"What are the requirements for the specific installation location of the ultrasonic steam flow meter?\" style=\"max-width: 100%;\"><\/div>\n<div name=\"11\" id=\"11\">\n<p><strong>11.What are the common faults and solutions of ultrasonic steam flow meters?<\/strong><\/p>\n<p>Manteniamo una certa quantit\u00e0 di investimenti in R&amp;S ogni anno e miglioriamo continuamente l'efficienza operativa per fornire servizi migliori ai nostri clienti cooperativi.<br \/>\nI guasti e le soluzioni pi\u00f9 comuni dei misuratori di portata includono:<\/p>\n<p>1. Bassa precisione: Di solito \u00e8 causata da un'installazione o una calibrazione errata. Per risolvere questo problema, verificare l'installazione e la calibrazione del flussimetro e assicurarsi che siano corrette.<\/p>\n<p>2. Perdite: Di solito \u00e8 causata da una guarnizione usurata o danneggiata. Per risolvere il problema, sostituire la guarnizione con una nuova.<\/p>\n<p>3. Intasamento: Di solito \u00e8 causato da detriti o altre particelle che bloccano il flussometro. Per risolvere il problema, pulire il flussometro e rimuovere eventuali detriti o particelle.<\/p>\n<p>4. Corrosione: Di solito \u00e8 causata dall'esposizione a liquidi o gas corrosivi. Per risolvere il problema, sostituire le parti corrose e utilizzare un materiale resistente alla corrosione per il misuratore di portata.<\/p>\n<\/div>\n<div name=\"12\" id=\"12\">\n<p><strong>12.About ultrasonic steam flow meter quality system<\/strong><\/p>\n<p>Il sistema di qualit\u00e0 dei misuratori di portata \u00e8 un insieme di processi e procedure utilizzati per garantire che i misuratori di portata siano prodotti e testati per soddisfare i pi\u00f9 elevati standard di precisione e affidabilit\u00e0. Il sistema comprende misure di controllo della qualit\u00e0 come l'ispezione del materiale in entrata, l'ispezione in corso di lavorazione e il collaudo del prodotto finale. Include anche la documentazione e la tenuta dei registri per garantire che tutti i processi siano seguiti e che eventuali problemi siano affrontati in modo rapido ed efficace. Il sistema \u00e8 progettato per garantire che i misuratori di portata prodotti siano della massima qualit\u00e0 e soddisfino i requisiti del cliente.<\/p>\n<p><img src=\"https:\/\/www.hginstrument.com\/wp-content\/uploads\/2021\/07\/oval-gear-4.jpg\" alt=\"About ultrasonic steam flow meter quality system\" title=\"About ultrasonic steam flow meter quality system\" style=\"max-width: 100%;\"><\/div>\n<div name=\"13\" id=\"13\">\n<p><strong>13.Does ultrasonic steam flow meter have real-time monitoring function?<\/strong><\/p>\n<p>S\u00ec, alcuni misuratori di portata hanno funzioni di monitoraggio in tempo reale. Questi misuratori sono in genere dotati di sensori che misurano la portata e trasmettono i dati a un sistema di monitoraggio. Ci\u00f2 consente di monitorare in tempo reale la portata e altri parametri.<\/p>\n<\/div>\n<div name=\"14\" id=\"14\">\n<p><strong>14.What is the format of the ultrasonic steam flow meter\u2019s output signal?<\/strong><\/p>\n<p>We continuously upgrade our skills and knowledge to adapt to changing ultrasonic steam flow meter market needs.<br \/>\nIl formato del segnale di uscita del flussimetro dipende dal tipo di flussimetro utilizzato. I formati pi\u00f9 comuni dei segnali di uscita comprendono impulsi, frequenza, tensione e corrente.<\/p>\n<p><img src=\"https:\/\/www.hginstrument.com\/wp-content\/uploads\/2021\/07\/hgvf-1.jpg\" alt=\"What is the format of the ultrasonic steam flow meter\u2019s output signal?\" title=\"What is the format of the ultrasonic steam flow meter\u2019s output signal?\" style=\"max-width: 100%;\"><\/div>\n<div name=\"15\" id=\"15\">\n<p><strong>15.About ultrasonic steam flow meter overseas warehouse<\/strong><\/p>\n<p>I magazzini esteri di misuratori di portata sono magazzini situati in paesi stranieri che immagazzinano misuratori di portata e prodotti correlati. Questi magazzini sono utilizzati per immagazzinare e distribuire i misuratori di portata ai clienti in diversi Paesi. In genere sono situati in paesi che hanno una grande richiesta di misuratori di portata, come gli Stati Uniti, il Canada e l'Europa. I magazzini sono solitamente di propriet\u00e0 e gestiti dal produttore dei misuratori di portata o da un fornitore di logistica terzo. I magazzini sono in genere forniti di una variet\u00e0 di misuratori di portata, compresi quelli digitali, analogici e a ultrasuoni. Inoltre, in genere, conservano parti di ricambio e accessori per i misuratori di portata.<\/p>\n<\/div>\n<p>Tag\uff1a<a href=\"\/it\/magnetic-flow-meter\/blue-white-digital-flow-meter\/\">blue white digital flow meter<\/a>,<a href=\"\/it\/magnetic-flow-meter\/flare-flow-meter\/\">flare flow meter<\/a>,<a href=\"\/it\/magnetic-flow-meter\/accusonic-flow-meter\/\">misuratore di portata accusonico<\/a>,<a href=\"\/it\/magnetic-flow-meter\/cameron-flow-meter\/\">cameron flow meter<\/a><\/p>\n<p><\/p>","protected":false},"excerpt":{"rendered":"<p><strong>Dati tecnici<\/strong><br \/>\nPu\u00f2 servire fluidi liquidi o gassosi; di solito viene utilizzato per misurare il flusso di vapore, aria e gas naturale.<br \/>\nDimensioni del contatore: Tipo in linea: DN25 - DN300<br \/>\nOpzione materiale bagnato: SS304, SS316<br \/>\nTemperatura di funzionamento: \u2264250\u2103<br \/>\nConnessione al processo: Wafer \/ Flangia \/ Tri-clamp per il tipo in linea<br \/>\nPrecisione di misura: 1,0 % - 1,5% del campo di calibrazione<br \/>\nIndicatore digitale: visualizzazione del flusso istantaneo, del flusso totale<br \/>\nAlimentazione: 24VDC, Uscita: 4-20mA<\/p>\n<p><strong>caratteristiche<\/strong><br \/>\n1.Punti di attivazione\/disattivazione regolabili<br \/>\n2. Modalit\u00e0 di allarme flusso Hi o Lo<br \/>\n3. Ritardo regolabile<br \/>\n4.LED di stato del rel\u00e8<\/p>","protected":false},"featured_media":3691,"comment_status":"closed","ping_status":"closed","template":"","meta":[],"product_cat":[2372],"product_tag":[],"acf":[],"_links":{"self":[{"href":"https:\/\/www.hginstrument.com\/it\/wp-json\/wp\/v2\/product\/6036"}],"collection":[{"href":"https:\/\/www.hginstrument.com\/it\/wp-json\/wp\/v2\/product"}],"about":[{"href":"https:\/\/www.hginstrument.com\/it\/wp-json\/wp\/v2\/types\/product"}],"replies":[{"embeddable":true,"href":"https:\/\/www.hginstrument.com\/it\/wp-json\/wp\/v2\/comments?post=6036"}],"wp:featuredmedia":[{"embeddable":true,"href":"https:\/\/www.hginstrument.com\/it\/wp-json\/wp\/v2\/media\/3691"}],"wp:attachment":[{"href":"https:\/\/www.hginstrument.com\/it\/wp-json\/wp\/v2\/media?parent=6036"}],"wp:term":[{"taxonomy":"product_cat","embeddable":true,"href":"https:\/\/www.hginstrument.com\/it\/wp-json\/wp\/v2\/product_cat?post=6036"},{"taxonomy":"product_tag","embeddable":true,"href":"https:\/\/www.hginstrument.com\/it\/wp-json\/wp\/v2\/product_tag?post=6036"}],"curies":[{"name":"wp","href":"https:\/\/api.w.org\/{rel}","templated":true}]}}