{"id":759,"date":"2021-04-22T10:33:31","date_gmt":"2021-04-22T02:33:31","guid":{"rendered":"http:\/\/201230ip92c2.adwebcloud.com\/?post_type=product&#038;p=759"},"modified":"2023-05-06T16:48:12","modified_gmt":"2023-05-06T08:48:12","slug":"double-spiral-rotor-flow-meter","status":"publish","type":"product","link":"https:\/\/www.hginstrument.com\/it\/flow-instrument\/double-spiral-rotor-flow-meter\/","title":{"rendered":"Misuratore di portata a doppio rotore a spirale"},"content":{"rendered":"<h5><strong>Principi di misura dei misuratori di portata a doppio rotore a spirale<\/strong><\/h5>\n<p><img class=\"alignnone wp-image-766 size-full\" src=\"http:\/\/www.hginstrument.com\/wp-content\/uploads\/2021\/04\/principle.jpg\" alt=\"principio\" width=\"633\" height=\"197\" srcset=\"https:\/\/www.hginstrument.com\/wp-content\/uploads\/2021\/04\/principle.jpg 633w, https:\/\/www.hginstrument.com\/wp-content\/uploads\/2021\/04\/principle-300x93.jpg 300w, https:\/\/www.hginstrument.com\/wp-content\/uploads\/2021\/04\/principle-600x187.jpg 600w\" sizes=\"(max-width: 633px) 100vw, 633px\" \/><\/p>\n<p>La camera di misura \u00e8 costituita dalla cassa interna, dal Bi-Rotor e dalle piastre di copertura superiore e inferiore. Questa struttura forma alcune cavit\u00e0 volumetriche, che costituiscono l'unit\u00e0 di misura del volume del misuratore di portata. La differenza di pressione tra l'ingresso e l'uscita del misuratore di portata (anche se la differenza di pressione \u00e8 minima) fa ruotare il bi-rotore, che trasferisce continuamente il liquido dall'ingresso all'uscita del misuratore di portata per implementare la misurazione del flusso volumetrico (vedere il diagramma <strong>Flusso in entrata -&gt; Misurazione -&gt; Flusso in uscita<\/strong> ). Il numero di giri dei rotori sar\u00e0 trasmesso al contatore dal giunto sigillato e dal sistema di azionamento, in modo da poter indicare direttamente il flusso volumetrico totale del liquido in transito.<\/p>\n<p>&nbsp;<\/p>\n<h5><strong>Principali dati tecnici<\/strong><\/h5>\n<table style=\"height: 100px;\" width=\"920\">\n<tbody>\n<tr>\n<td style=\"background-color: #d8d8d8;\" width=\"168\">Dimensione<\/td>\n<td width=\"508\">DN8 ~ 400<\/td>\n<\/tr>\n<tr>\n<td style=\"background-color: #d8d8d8;\" width=\"168\">Precisione<\/td>\n<td width=\"508\">0.1%,\u00a0 0.2%,\u00a0 0.5%<\/td>\n<\/tr>\n<tr>\n<td style=\"background-color: #d8d8d8;\" width=\"168\">Perdita di pressione<\/td>\n<td width=\"508\">&lt; 80 Kpa (0 ~ 1000 cp), &lt; 150 Kpa (1000 ~ 20000 cp)<\/td>\n<\/tr>\n<tr>\n<td style=\"background-color: #d8d8d8;\" width=\"168\">Pressione nominale<\/td>\n<td width=\"508\">1,6 Mpa, 2,5Mpa, 4,0Mpa, 6,3Mpa<\/td>\n<\/tr>\n<tr>\n<td style=\"background-color: #d8d8d8;\" width=\"168\">Intervallo di temperatura<\/td>\n<td width=\"508\">-20 ~ 80\u2103, 80 ~ 150\u2103, 150 ~ 250\u2103, -40 ~ 120\u2103<\/td>\n<\/tr>\n<tr>\n<td style=\"background-color: #d8d8d8;\" width=\"168\">Viscosit\u00e0 media<\/td>\n<td width=\"508\">0 - 20000 cp<\/td>\n<\/tr>\n<tr>\n<td style=\"background-color: #d8d8d8;\" width=\"168\">Temperatura ambiente<\/td>\n<td width=\"508\">-30 ~ 70\u2103<\/td>\n<\/tr>\n<tr>\n<td style=\"background-color: #d8d8d8;\" width=\"168\">Connessione al processo<\/td>\n<td width=\"508\">Flangia<\/td>\n<\/tr>\n<tr>\n<td style=\"background-color: #d8d8d8;\" width=\"168\">Convertitore di impulsi \/ Convertitore di corrente<\/td>\n<td width=\"508\">Alimentazione: 12 ~ 24VDC, A prova di esplosione: Exd II CT6, resistente agli agenti atmosferici: IP65<\/td>\n<\/tr>\n<\/tbody>\n<\/table>\n<p>&nbsp;<\/p>\n<p><strong>Confronto tra flussimetro a doppio rotore a spirale e flussimetro a ingranaggi ovali<\/strong><\/p>\n<ol>\n<li>Il misuratore di portata a ingranaggi ovali ha due rotori, uno dei quali \u00e8 il rotore di guida, mentre un altro \u00e8 azionato dal rotore di guida, il che produce inevitabilmente collisioni e attriti che influiscono sulla durata del misuratore di portata a ingranaggi ovali e, con il prolungamento del tempo di utilizzo, anche la precisione ne risentir\u00e0. I due rotori del flussimetro a doppia spirale sono entrambi autoguidati e superano le carenze dell'attrito del rotore del flussimetro a ingranaggi ovali. I due rotori del misuratore di portata a doppio rotore a spirale hanno un ingranaggio puntiforme e, durante il processo di utilizzo, non producono alcun rumore, nessun attrito e quasi nessuna abrasione dopo un lungo periodo di utilizzo, in modo da garantire la durata e l'accuratezza della misura e ridurre la quantit\u00e0 di manutenzione.<\/li>\n<li>Il flussimetro a doppio rotore a spirale ha solo due superfici di gioco, mentre il flussimetro a ingranaggi ovali (con due rotori) ha 8 superfici di gioco. Quando si misura un fluido della stessa viscosit\u00e0, la precisione del flussimetro a doppia spirale \u00e8 superiore a quella del flussimetro a ingranaggi ovali.<\/li>\n<li>Il campo di flusso del misuratore di portata a ingranaggi ovali \u00e8 caratterizzato da un flusso di pulsazioni, mentre quello del misuratore di portata a doppio rotore a spirale \u00e8 pi\u00f9 regolare, il che \u00e8 determinato dal rispettivo principio di misura. Naturalmente, il prezzo del flussimetro a doppia spirale \u00e8 superiore a quello del flussimetro a ingranaggi ovali.<\/li>\n<li>Dal punto di vista tecnico, il misuratore di portata a doppio rotore a spirale \u00e8 un prodotto di aggiornamento rispetto al misuratore di portata a ingranaggi ovali; il misuratore di portata a doppio rotore a spirale \u00e8 ampiamente utilizzato in un numero sempre maggiore di processi che richiedono elevata precisione e affidabilit\u00e0.<\/li>\n<li>\u00a0Rispetto al misuratore di portata a ingranaggi ovali, il misuratore di portata a doppio rotore a spirale ha dimensioni molto pi\u00f9 ridotte, \u00e8 facile da installare e da mantenere e non richiede la lunghezza del tubo diritto a valle e a monte durante l'installazione.<\/li>\n<li>Rispetto ai misuratori di portata a ingranaggi ovali, i misuratori di portata a doppio rotore a spirale presentano una migliore adattabilit\u00e0 alla viscosit\u00e0 (particolarmente adatti per mezzi chimici non corrosivi).<\/li>\n<\/ol>\n<p>&nbsp;<\/p>","protected":false},"excerpt":{"rendered":"<p>Il misuratore di portata a doppio rotore a spirale \u00e8 un misuratore di portata a spostamento positivo avanzato con caratteristiche di elevata precisione di misurazione, funzionamento regolare, assenza di pulsazioni, bassa rumorosit\u00e0, lunga durata, forte adattabilit\u00e0 a varie viscosit\u00e0 e senza requisiti di lunghezza del tubo diritto a monte e a valle. \u00c8 ampiamente utilizzato in molti settori industriali come quello petrolifero, chimico, metallurgico, termoelettrico, navale e alimentare, ecc. \u00c8 particolarmente adatto per la misurazione del commercio di petrolio greggio, petrolio altamente condensato, petrolio greggio con acqua, prodotti petroliferi e per la misurazione ingegneristica. Il misuratore di portata pu\u00f2 essere dotato di un convertitore di impulsi fotoelettrico o di un trasmettitore di flusso elettronico per emettere un segnale a impulsi o un segnale analogico di corrente per il monitoraggio remoto nella sala di controllo.<\/p>","protected":false},"featured_media":1335,"comment_status":"closed","ping_status":"closed","template":"","meta":[],"product_cat":[75,351],"product_tag":[],"acf":[],"_links":{"self":[{"href":"https:\/\/www.hginstrument.com\/it\/wp-json\/wp\/v2\/product\/759"}],"collection":[{"href":"https:\/\/www.hginstrument.com\/it\/wp-json\/wp\/v2\/product"}],"about":[{"href":"https:\/\/www.hginstrument.com\/it\/wp-json\/wp\/v2\/types\/product"}],"replies":[{"embeddable":true,"href":"https:\/\/www.hginstrument.com\/it\/wp-json\/wp\/v2\/comments?post=759"}],"wp:featuredmedia":[{"embeddable":true,"href":"https:\/\/www.hginstrument.com\/it\/wp-json\/wp\/v2\/media\/1335"}],"wp:attachment":[{"href":"https:\/\/www.hginstrument.com\/it\/wp-json\/wp\/v2\/media?parent=759"}],"wp:term":[{"taxonomy":"product_cat","embeddable":true,"href":"https:\/\/www.hginstrument.com\/it\/wp-json\/wp\/v2\/product_cat?post=759"},{"taxonomy":"product_tag","embeddable":true,"href":"https:\/\/www.hginstrument.com\/it\/wp-json\/wp\/v2\/product_tag?post=759"}],"curies":[{"name":"wp","href":"https:\/\/api.w.org\/{rel}","templated":true}]}}