{"id":913,"date":"2021-06-01T10:59:32","date_gmt":"2021-06-01T02:59:32","guid":{"rendered":"http:\/\/201230ip92c2.adwebcloud.com\/?post_type=product&#038;p=913"},"modified":"2023-08-07T17:13:00","modified_gmt":"2023-08-07T09:13:00","slug":"wedge-flow-meter","status":"publish","type":"product","link":"https:\/\/www.hginstrument.com\/it\/flow-instrument\/wedge-flow-meter\/","title":{"rendered":"Sensore di flusso a cuneo"},"content":{"rendered":"<h5><strong>Principio:<\/strong><\/h5>\n<p>Secondo la formula di Bernoulli, il fluido che scorre obbedisce alla legge di conservazione dell'energia, ovvero la somma dell'energia cinetica e dell'energia statica \u00e8 costante. Quando il fluido passa attraverso il blocco a forma di \"V\", l'area del flusso si riduce, la velocit\u00e0 del flusso aumenta, la pressione statica si riduce, producendo una differenza di pressione statica, la cui radice quadrata \u00e8 direttamente proporzionale alla portata, per cui la misura della pressione differenziale pu\u00f2 calcolare la portata. Il sensore di flusso a cuneo \u00e8 una parte non standard, pertanto ogni misuratore di portata a cuneo deve essere calibrato con il fluido prima di lasciare la fabbrica.<\/p>\n<p><img class=\"alignnone wp-image-921 size-full\" src=\"http:\/\/www.hginstrument.com\/wp-content\/uploads\/2021\/06\/principle.jpg\" alt=\"principio\" width=\"512\" height=\"230\" srcset=\"https:\/\/www.hginstrument.com\/wp-content\/uploads\/2021\/06\/principle.jpg 512w, https:\/\/www.hginstrument.com\/wp-content\/uploads\/2021\/06\/principle-300x135.jpg 300w\" sizes=\"(max-width: 512px) 100vw, 512px\" \/><\/p>\n<p><strong>La formula di calcolo della portata (Qx) \u00e8 la seguente:<\/strong><\/p>\n<p><img class=\"alignnone size-medium wp-image-919\" title=\"\" src=\"http:\/\/www.hginstrument.com\/wp-content\/uploads\/2021\/06\/formula-300x82.jpg\" alt=\"formula\" width=\"300\" height=\"82\" srcset=\"https:\/\/www.hginstrument.com\/wp-content\/uploads\/2021\/06\/formula-300x82.jpg 300w, https:\/\/www.hginstrument.com\/wp-content\/uploads\/2021\/06\/formula.jpg 319w\" sizes=\"(max-width: 300px) 100vw, 300px\" \/><\/p>\n<p>Qx: Portata in volume, (Unit\u00e0: m3\/s)<br \/>\nC: coefficiente di scarico<br \/>\n\u03b5: Coefficiente espandibile<br \/>\nm: Rapporto area di strozzatura<br \/>\nD: Diametro interno del tubo (unit\u00e0: m)<br \/>\n\u25b3P : Pressione differenziale ( Unit\u00e0: Pa )<br \/>\n\u03c1\uff1aDensit\u00e0 di processo del fluido (Unit\u00e0: Kg\/m3 )<\/p>\n<h5><\/h5>\n<h5><strong>Caratteristiche del prodotto:<\/strong><\/h5>\n<p>Particolarmente adatto per la misura di portata di liquidi con alta viscosit\u00e0, basso numero di Reynolds o liquidi con sostanze in sospensione e bolle.<br \/>\nLa perdita di pressione permanente \u00e8 inferiore a quella della piastra orifizio.<br \/>\nLa struttura a cuneo ha la funzione di guidare il flusso e di impedire il blocco.<br \/>\nCompensazione delle variazioni di viscosit\u00e0, temperatura e densit\u00e0.<br \/>\nAntivibrazione, antistrisciamento, anti-sudore.<br \/>\nCon la funzione di misurazione bidirezionale.<br \/>\nBuona ripetibilit\u00e0, dopo la calibrazione la precisione \u00e8 di 1,0% ~ 1,5%.<br \/>\nStruttura semplice, nessuna parte mobile, resistenza all'usura, nessuna necessit\u00e0 di ricalibrazione durante l'uso a lungo termine.<br \/>\nMateriale metallico anticorrosione disponibile per il sensore di portata a cuneo e per il trasmettitore DP con guarnizione remota.<\/p>\n<h5><\/h5>\n<h5><strong>Parametri tecnici:<\/strong><\/h5>\n<table>\n<tbody>\n<tr>\n<td style=\"background-color: #d8d8d8;\" width=\"243\">Diametro nominale<\/td>\n<td width=\"432\">DN15 ~ DN300 (ordine speciale per dimensioni superiori a DN300)<\/td>\n<\/tr>\n<tr>\n<td style=\"background-color: #d8d8d8;\" width=\"243\">Precisione<\/td>\n<td width=\"432\">\u00b1 (1,0 ~1,5) % FS<\/td>\n<\/tr>\n<tr>\n<td style=\"background-color: #d8d8d8;\" width=\"243\">Rapporto di riduzione<\/td>\n<td width=\"432\">15:1<\/td>\n<\/tr>\n<tr>\n<td style=\"background-color: #d8d8d8;\" width=\"243\">Pressione di esercizio<\/td>\n<td width=\"432\">Da -0,1 Mpa a 6,4 Mpa<\/td>\n<\/tr>\n<tr>\n<td style=\"background-color: #d8d8d8;\" width=\"243\">Temperatura di esercizio<\/td>\n<td width=\"432\">Da -50 a 400 \u2103<\/td>\n<\/tr>\n<tr>\n<td style=\"background-color: #d8d8d8;\" width=\"243\">Portata minima misurabile<\/td>\n<td width=\"432\">0,01 m\/s<\/td>\n<\/tr>\n<tr>\n<td style=\"background-color: #d8d8d8;\" width=\"243\">Limite superiore della viscosit\u00e0 di processo<\/td>\n<td width=\"432\">500 mPa.s<\/td>\n<\/tr>\n<tr>\n<td style=\"background-color: #d8d8d8;\" width=\"243\">Gamma del numero di Reynolds<\/td>\n<td width=\"432\">300 ~ 1 x 10^6<\/td>\n<\/tr>\n<tr>\n<td style=\"background-color: #d8d8d8;\" width=\"243\">Fluido applicabile<\/td>\n<td width=\"432\">acqua, acque reflue, gas, vapore, liquidi ad alta viscosit\u00e0, miscele solide e liquide<\/td>\n<\/tr>\n<\/tbody>\n<\/table>\n<p>&nbsp;<\/p>\n<h5><strong>Installazione e utilizzo<\/strong><\/h5>\n<p>(1) Assicurarsi che il fluido vicino al sensore di flusso a cuneo abbia un flusso turbolento a sviluppo completo e non presenti vortici.<br \/>\n(2) Assicurarsi che l'errore del diametro interno medio in almeno 2 x DN di lunghezza della tubazione a monte del sensore di portata a cuneo non superi\u00b13% del diametro interno medio della tubazione.<br \/>\n(3) Il misuratore di portata a cuneo pu\u00f2 essere installato su una tubazione orizzontale o verticale con lo stesso diametro nominale. La parete interna della tubazione deve essere liscia e priva di sostanze attaccate. Se il sensore di flusso \u00e8 montato in verticale, il fluido deve scorrere dal basso verso l'alto, in modo che il flussimetro possa scaricare comodamente le bolle d'aria per evitare la deriva del punto zero dello strumento.<br \/>\n(4) Lo schema di installazione del misuratore di portata a cuneo \u00e8 il seguente:<\/p>\n<p><img class=\"alignnone wp-image-920 size-full\" src=\"http:\/\/www.hginstrument.com\/wp-content\/uploads\/2021\/06\/installation-diagram.jpg\" alt=\"installation diagram\" width=\"665\" height=\"338\" srcset=\"https:\/\/www.hginstrument.com\/wp-content\/uploads\/2021\/06\/installation-diagram.jpg 665w, https:\/\/www.hginstrument.com\/wp-content\/uploads\/2021\/06\/installation-diagram-300x152.jpg 300w, https:\/\/www.hginstrument.com\/wp-content\/uploads\/2021\/06\/installation-diagram-600x305.jpg 600w\" sizes=\"(max-width: 665px) 100vw, 665px\" \/><\/p>\n<p>(5) Il misuratore di portata a cuneo a monte e a valle deve essere configurato con un tubo dritto, con un diverso rapporto di cuneo che richiede una diversa lunghezza del tubo dritto a monte del misuratore di portata a cuneo, fare riferimento alla seguente tabella:<\/p>\n<table>\n<tbody>\n<tr>\n<td style=\"background-color: #d8d8d8; text-align: center; vertical-align: middle;\" rowspan=\"2\" width=\"111\">Rapporto di cuneo<br \/>\n( H\/D )<\/td>\n<td style=\"background-color: #d8d8d8; text-align: center; vertical-align: middle;\" colspan=\"4\" width=\"510\">La lunghezza del tubo rettilineo richiesta a monte del misuratore di portata a cuneo, se a monte \u00e8 rispettivamente gomito a 90\u00b0, tubo a T, valvola a sfera, valvola a saracinesca.<\/td>\n<\/tr>\n<tr>\n<td style=\"background-color: #d8d8d8; text-align: center; vertical-align: middle;\" width=\"104\">Gomito 90\u00b0<\/td>\n<td style=\"background-color: #d8d8d8; text-align: center; vertical-align: middle;\" width=\"132\">Tubo a T<\/td>\n<td style=\"background-color: #d8d8d8; text-align: center; vertical-align: middle;\" width=\"123\">Valvola a sfera<\/td>\n<td style=\"background-color: #d8d8d8; text-align: center; vertical-align: middle;\" width=\"151\">Valvola a saracinesca<br \/>\n( Apertura completa )<\/td>\n<\/tr>\n<tr>\n<td width=\"111\">0.2<\/td>\n<td width=\"104\">\u2265 6D<\/td>\n<td width=\"132\">\u2265 6D<\/td>\n<td width=\"123\">\u2265 10D<\/td>\n<td width=\"151\">\u2265 6D<\/td>\n<\/tr>\n<tr>\n<td width=\"111\">0.3<\/td>\n<td width=\"104\">\u2265 8D<\/td>\n<td width=\"132\">\u2265 8D<\/td>\n<td width=\"123\">\u2265 11D<\/td>\n<td width=\"151\">\u2265 6D<\/td>\n<\/tr>\n<tr>\n<td width=\"111\">0.4<\/td>\n<td width=\"104\">\u2265 12D<\/td>\n<td width=\"132\">\u2265 12D<\/td>\n<td width=\"123\">\u2265 14D<\/td>\n<td width=\"151\">\u2265 8D<\/td>\n<\/tr>\n<tr>\n<td width=\"111\">0.5<\/td>\n<td width=\"104\">\u2265 14D<\/td>\n<td width=\"132\">\u2265 14D<\/td>\n<td width=\"123\">\u2265 16D<\/td>\n<td width=\"151\">\u2265 10D<\/td>\n<\/tr>\n<tr>\n<td colspan=\"5\" width=\"621\"><strong>Osservazione:\u00a0 <\/strong>D is the inner diameter of the <a href=\"https:\/\/www.hginstrument.com\/it\/wedge-flow-sensor\/\"><span style=\"color: #ff0000;\">wedge flow sensor<\/span><\/a>\u00a0meter tube.<\/td>\n<\/tr>\n<\/tbody>\n<\/table>\n<p>&nbsp;<\/p>\n<p>&nbsp;<\/p>\n<p>&nbsp;<\/p>","protected":false},"excerpt":{"rendered":"<p>L'elemento di strozzamento del misuratore di portata a cuneo \u00e8 un blocco a forma di \"V\", il cui angolo di apice liscio \u00e8 rivolto verso il basso, il che non fa s\u00ec che il liquido con particelle in sospensione o il liquido viscoso rimanga a monte dell'elemento di strozzamento. Il misuratore di portata a cuneo pu\u00f2 misurare la portata di liquidi ad alta viscosit\u00e0. Per il processo di tubi di grandi dimensioni con bassa portata, il misuratore di portata a cuneo presenta un grande vantaggio ed \u00e8 particolarmente adatto per la misurazione della portata volumetrica e della portata massica nell'industria petrolifera e chimica.<br \/>\n<strong>Tag caldi:<\/strong> <span style=\"color: #ff0000;\"><a style=\"color: #ff0000;\" href=\"https:\/\/www.hginstrument.com\/it\/flow-instrument\/\">Strumento di flusso<\/a><\/span>\uff0c<span style=\"color: #ff0000;\"><a style=\"color: #ff0000;\" href=\"https:\/\/www.hginstrument.com\/it\/level-transmitter\/\">Trasmettitore di livello<\/a><\/span>\uff0c<span style=\"color: #ff0000;\"><a style=\"color: #ff0000;\" href=\"https:\/\/www.hginstrument.com\/it\/water-flow-meter\/\">misuratore di portata dell'acqua<\/a><\/span><\/p>","protected":false},"featured_media":1314,"comment_status":"closed","ping_status":"closed","template":"","meta":[],"product_cat":[75,861],"product_tag":[],"acf":[],"_links":{"self":[{"href":"https:\/\/www.hginstrument.com\/it\/wp-json\/wp\/v2\/product\/913"}],"collection":[{"href":"https:\/\/www.hginstrument.com\/it\/wp-json\/wp\/v2\/product"}],"about":[{"href":"https:\/\/www.hginstrument.com\/it\/wp-json\/wp\/v2\/types\/product"}],"replies":[{"embeddable":true,"href":"https:\/\/www.hginstrument.com\/it\/wp-json\/wp\/v2\/comments?post=913"}],"wp:featuredmedia":[{"embeddable":true,"href":"https:\/\/www.hginstrument.com\/it\/wp-json\/wp\/v2\/media\/1314"}],"wp:attachment":[{"href":"https:\/\/www.hginstrument.com\/it\/wp-json\/wp\/v2\/media?parent=913"}],"wp:term":[{"taxonomy":"product_cat","embeddable":true,"href":"https:\/\/www.hginstrument.com\/it\/wp-json\/wp\/v2\/product_cat?post=913"},{"taxonomy":"product_tag","embeddable":true,"href":"https:\/\/www.hginstrument.com\/it\/wp-json\/wp\/v2\/product_tag?post=913"}],"curies":[{"name":"wp","href":"https:\/\/api.w.org\/{rel}","templated":true}]}}