{"id":3067,"date":"2022-01-19T15:57:31","date_gmt":"2022-01-19T07:57:31","guid":{"rendered":"https:\/\/www.hginstrument.com\/?page_id=3067"},"modified":"2023-12-25T10:46:31","modified_gmt":"2023-12-25T02:46:31","slug":"event","status":"publish","type":"page","link":"https:\/\/www.hginstrument.com\/pt\/event\/","title":{"rendered":"Eventos"},"content":{"rendered":"<div data-elementor-type=\"wp-page\" data-elementor-id=\"3067\" class=\"elementor elementor-3067\" data-elementor-settings=\"[]\">\n\t\t\t\t\t\t<div class=\"elementor-inner\">\n\t\t\t\t\t\t\t<div class=\"elementor-section-wrap\">\n\t\t\t\t\t\t\t<section class=\"elementor-section elementor-top-section elementor-element elementor-element-37c03e7 elementor-section-boxed elementor-section-height-default elementor-section-height-default elementor-invisible\" data-id=\"37c03e7\" data-element_type=\"section\" data-settings=\"{&quot;animation&quot;:&quot;fadeInUp&quot;}\">\n\t\t\t\t\t\t<div class=\"elementor-container elementor-column-gap-default\">\n\t\t\t\t\t\t\t<div class=\"elementor-row\">\n\t\t\t\t\t<div class=\"elementor-column elementor-col-100 elementor-top-column elementor-element elementor-element-faee7e5\" data-id=\"faee7e5\" data-element_type=\"column\">\n\t\t\t<div class=\"elementor-column-wrap elementor-element-populated\">\n\t\t\t\t\t\t\t<div class=\"elementor-widget-wrap\">\n\t\t\t\t\t\t<div class=\"elementor-element elementor-element-160a55b elementor-widget elementor-widget-uael-posts\" data-id=\"160a55b\" data-element_type=\"widget\" data-widget_type=\"uael-posts.feed\">\n\t\t\t\t<div class=\"elementor-widget-container\">\n\t\t\t\t\t<div class=\"uael-post__header\">\n\t\t\t\t\t<\/div>\n\t\t<div class=\"uael-post__body\">\n\t\t\t\n\t\t\n\t\t<div class=\"uael-post-grid uael-posts\" data-query-type=\"custom\" data-structure=\"\" data-layout=\"\" data-page=\"3067\" data-skin=\"feed\" data-filter-default=\"\" data-offset-top=\"30\" >\n\n\t\t\t\t\t\t\t<div class=\"uael-post-grid__inner uael-post__columns-1 uael-post__columns-tablet-1 uael-post__columns-mobile-1\">\n\t\t\t\n\n<div class=\"uael-post-wrapper  events\">\n\n\t<div class=\"uael-post__bg-wrap\">\n\t\t\n\t\t\n\t\t<div class=\"uael-post__inner-wrap\">\n\n\t\t\n\t\t\t\n\t\t\t<div class=\"uael-post__content-wrap\">\n\n\t\t\t<span class=\"uael-post__terms\"><a href=\"https:\/\/www.hginstrument.com\/pt\/category\/events\/\" class=\"uael-listing__terms-link\" id=\"uael-post-term-events\" aria-labelledby=\"uael-post-term-events\">Eventos<\/a><\/span>\t\t<h3 class=\"uael-post__title\">\n\n\t\t\n\t\t\t\t\t\t<a href=\"https:\/\/www.hginstrument.com\/pt\/why-turbine-flow-instruments-are-ideal-for-measuring-clean-liquid-flows\/\" target=\"_self\">\n\t\t\t\tWhy Turbine Flow Instruments Are Ideal for Measuring Clean Liquid Flows\t\t\t<\/a>\n\n\t\t\t\t<\/h3>\n\t\t<div class=\"uael-post__separator\"><\/div>\n\t\t<div class=\"uael-post__excerpt\">\n\t\t\t<p>Jiangsu Hongguang Instrument Factory Co., Ltd (Hongguang) is a renowned manufacturer specializing in turbine flow meters for clean liquid measurement. Turbine flow instruments, particularly the &#8230;<\/p>\n\t\t<\/div>\n\n\t\t\t\t\t<div class=\"uael-post__meta-data\">\n\t\t\t\t\t<span class=\"uael-post__date\">\n\t\t\t\t\t\t\t\t\t\t\t\t\t<i aria-hidden=\"true\" class=\"fa fa-calendar\"><\/i>\t\t\t\t\t\t\t\t\t\n\t\t\t2026-04-30\t\t<\/span>\n\t\t\t\t<\/div>\n\t\t\t\t\t<\/div>\n\t\t\t\n\t\t<\/div>\n\t\t\n\t<\/div>\n\n<\/div>\n\n\n<div class=\"uael-post-wrapper  events\">\n\n\t<div class=\"uael-post__bg-wrap\">\n\t\t\n\t\t\n\t\t<div class=\"uael-post__inner-wrap\">\n\n\t\t\t\t<div class=\"uael-post__thumbnail\">\n\t\t\t\n\t\t\t<a href=\"https:\/\/www.hginstrument.com\/pt\/how-to-use-inductively-coupled-plasma-icp-analysis-instruments-for-elemental-analysis\/\" target=\"_self\" title=\"How to Use Inductively Coupled Plasma (ICP) Analysis Instruments for Elemental Analysis\"><img width=\"768\" height=\"768\" src=\"https:\/\/www.hginstrument.com\/wp-content\/uploads\/2021\/08\/hg12d-c-01-768x768.jpg\" class=\"attachment-medium_large size-medium_large\" alt=\"hg12d c 01-analysis instrument\" \/><\/a>\n\t\t\t\t\t<\/div>\n\t\t\n\t\t\t\n\t\t\t<div class=\"uael-post__content-wrap\">\n\n\t\t\t<span class=\"uael-post__terms\"><a href=\"https:\/\/www.hginstrument.com\/pt\/category\/events\/\" class=\"uael-listing__terms-link\" id=\"uael-post-term-events\" aria-labelledby=\"uael-post-term-events\">Eventos<\/a><\/span>\t\t<h3 class=\"uael-post__title\">\n\n\t\t\n\t\t\t\t\t\t<a href=\"https:\/\/www.hginstrument.com\/pt\/how-to-use-inductively-coupled-plasma-icp-analysis-instruments-for-elemental-analysis\/\" target=\"_self\">\n\t\t\t\tHow to Use Inductively Coupled Plasma (ICP) Analysis Instruments for Elemental Analysis\t\t\t<\/a>\n\n\t\t\t\t<\/h3>\n\t\t<div class=\"uael-post__separator\"><\/div>\n\t\t<div class=\"uael-post__excerpt\">\n\t\t\t<p>Inductively Coupled Plasma (ICP) Analysis Instruments have revolutionized elemental analysis, offering unmatched precision and efficiency. Jiangsu Hongguang Instrument Factory Co., Ltd (Hongguang) is a leading &#8230;<\/p>\n\t\t<\/div>\n\n\t\t\t\t\t<div class=\"uael-post__meta-data\">\n\t\t\t\t\t<span class=\"uael-post__date\">\n\t\t\t\t\t\t\t\t\t\t\t\t\t<i aria-hidden=\"true\" class=\"fa fa-calendar\"><\/i>\t\t\t\t\t\t\t\t\t\n\t\t\t2026-04-29\t\t<\/span>\n\t\t\t\t<\/div>\n\t\t\t\t\t<\/div>\n\t\t\t\n\t\t<\/div>\n\t\t\n\t<\/div>\n\n<\/div>\n\n\n<div class=\"uael-post-wrapper  events\">\n\n\t<div class=\"uael-post__bg-wrap\">\n\t\t\n\t\t\n\t\t<div class=\"uael-post__inner-wrap\">\n\n\t\t\n\t\t\t\n\t\t\t<div class=\"uael-post__content-wrap\">\n\n\t\t\t<span class=\"uael-post__terms\"><a href=\"https:\/\/www.hginstrument.com\/pt\/category\/events\/\" class=\"uael-listing__terms-link\" id=\"uael-post-term-events\" aria-labelledby=\"uael-post-term-events\">Eventos<\/a><\/span>\t\t<h3 class=\"uael-post__title\">\n\n\t\t\n\t\t\t\t\t\t<a href=\"https:\/\/www.hginstrument.com\/pt\/why-radar-level-transmitters-are-ideal-for-measuring-liquids-in-high-pressure-tanks\/\" target=\"_self\">\n\t\t\t\tWhy Radar Level Transmitters Are Ideal for Measuring Liquids in High-Pressure Tanks\t\t\t<\/a>\n\n\t\t\t\t<\/h3>\n\t\t<div class=\"uael-post__separator\"><\/div>\n\t\t<div class=\"uael-post__excerpt\">\n\t\t\t<p>In today\u2019s fast-evolving process industries, accurate and reliable liquid level measurement is critical for safety, efficiency, and regulatory compliance. Jiangsu Hongguang Instrument Factory Co., Ltd, &#8230;<\/p>\n\t\t<\/div>\n\n\t\t\t\t\t<div class=\"uael-post__meta-data\">\n\t\t\t\t\t<span class=\"uael-post__date\">\n\t\t\t\t\t\t\t\t\t\t\t\t\t<i aria-hidden=\"true\" class=\"fa fa-calendar\"><\/i>\t\t\t\t\t\t\t\t\t\n\t\t\t2026-04-28\t\t<\/span>\n\t\t\t\t<\/div>\n\t\t\t\t\t<\/div>\n\t\t\t\n\t\t<\/div>\n\t\t\n\t<\/div>\n\n<\/div>\n\t\t\t\t<\/div>\n\t\t\t\t\t\t\n\t\t<\/div>\n\n\t\t\t\t\t\t<\/div>\n\t\t<div class=\"uael-post__footer\">\n\t\t\t\t\t\t<nav class=\"uael-grid-pagination\"  role=\"navigation\" aria-label=\"Pagina\u00e7\u00e3o\" data-total=\"533\" data-next-page=\"2\">\n\t\t\t\t<span class=\"page-numbers current\">1<\/span>\n<a class=\"page-numbers\" href=\"https:\/\/www.hginstrument.com\/pt\/wp-json\/wp\/v2\/pages\/3067\/page\/2\/\">2<\/a>\n<a class=\"page-numbers\" href=\"https:\/\/www.hginstrument.com\/pt\/wp-json\/wp\/v2\/pages\/3067\/page\/3\/\">3<\/a>\n<span class=\"page-numbers dots\">...<\/span>\n<a class=\"page-numbers\" href=\"https:\/\/www.hginstrument.com\/pt\/wp-json\/wp\/v2\/pages\/3067\/page\/533\/\">533<\/a>\n<a class=\"next page-numbers\" href=\"https:\/\/www.hginstrument.com\/pt\/wp-json\/wp\/v2\/pages\/3067\/page\/2\/\">Seguinte \"<\/a>\n\t\t\t<\/nav>\n\n\t\t\t\t\t<\/div>\n\t\t\t\t<\/div>\n\t\t\t\t<\/div>\n\t\t\t\t\t\t<\/div>\n\t\t\t\t\t<\/div>\n\t\t<\/div>\n\t\t\t\t\t\t\t\t<\/div>\n\t\t\t\t\t<\/div>\n\t\t<\/section>\n\t\t\t\t<section class=\"elementor-section elementor-top-section elementor-element elementor-element-5006fc8 elementor-section-boxed elementor-section-height-default elementor-section-height-default\" data-id=\"5006fc8\" data-element_type=\"section\" data-settings=\"{&quot;background_background&quot;:&quot;classic&quot;}\">\n\t\t\t\t\t\t<div class=\"elementor-container elementor-column-gap-default\">\n\t\t\t\t\t\t\t<div class=\"elementor-row\">\n\t\t\t\t\t<div class=\"elementor-column elementor-col-25 elementor-top-column elementor-element elementor-element-b6afd8a\" data-id=\"b6afd8a\" data-element_type=\"column\">\n\t\t\t<div class=\"elementor-column-wrap\">\n\t\t\t\t\t\t\t<div class=\"elementor-widget-wrap\">\n\t\t\t\t\t\t\t\t<\/div>\n\t\t\t\t\t<\/div>\n\t\t<\/div>\n\t\t\t\t<div class=\"elementor-column elementor-col-25 elementor-top-column elementor-element elementor-element-f183862\" data-id=\"f183862\" data-element_type=\"column\">\n\t\t\t<div class=\"elementor-column-wrap elementor-element-populated\">\n\t\t\t\t\t\t\t<div class=\"elementor-widget-wrap\">\n\t\t\t\t\t\t<div class=\"elementor-element elementor-element-36d08fd elementor-widget elementor-widget-heading\" data-id=\"36d08fd\" data-element_type=\"widget\" data-widget_type=\"heading.default\">\n\t\t\t\t<div class=\"elementor-widget-container\">\n\t\t\t<h1 class=\"elementor-heading-title elementor-size-default\">Precisa de ajuda com solu\u00e7\u00f5es industriais mais simples? N\u00f3s somos especialistas!\n<\/h1>\t\t<\/div>\n\t\t\t\t<\/div>\n\t\t\t\t\t\t<\/div>\n\t\t\t\t\t<\/div>\n\t\t<\/div>\n\t\t\t\t<div class=\"elementor-column elementor-col-25 elementor-top-column elementor-element elementor-element-e60237e\" data-id=\"e60237e\" data-element_type=\"column\">\n\t\t\t<div class=\"elementor-column-wrap elementor-element-populated\">\n\t\t\t\t\t\t\t<div class=\"elementor-widget-wrap\">\n\t\t\t\t\t\t<div class=\"elementor-element elementor-element-ca6fd23 elementor-align-center elementor-widget elementor-widget-button\" data-id=\"ca6fd23\" data-element_type=\"widget\" data-widget_type=\"button.default\">\n\t\t\t\t<div class=\"elementor-widget-container\">\n\t\t\t\t\t<div class=\"elementor-button-wrapper\">\n\t\t\t<a href=\"https:\/\/www.hginstrument.com\/pt\/contact\/\" class=\"elementor-button-link elementor-button elementor-size-sm\" role=\"button\">\n\t\t\t\t\t\t<span class=\"elementor-button-content-wrapper\">\n\t\t\t\t\t\t<span class=\"elementor-button-text\">SAIBA MAIS<\/span>\n\t\t<\/span>\n\t\t\t\t\t<\/a>\n\t\t<\/div>\n\t\t\t\t<\/div>\n\t\t\t\t<\/div>\n\t\t\t\t\t\t<\/div>\n\t\t\t\t\t<\/div>\n\t\t<\/div>\n\t\t\t\t<div class=\"elementor-column elementor-col-25 elementor-top-column elementor-element elementor-element-3a35722\" data-id=\"3a35722\" data-element_type=\"column\">\n\t\t\t<div class=\"elementor-column-wrap\">\n\t\t\t\t\t\t\t<div class=\"elementor-widget-wrap\">\n\t\t\t\t\t\t\t\t<\/div>\n\t\t\t\t\t<\/div>\n\t\t<\/div>\n\t\t\t\t\t\t\t\t<\/div>\n\t\t\t\t\t<\/div>\n\t\t<\/section>\n\t\t\t\t\t\t<\/div>\n\t\t\t\t\t\t<\/div>\n\t\t\t\t\t<\/div>","protected":false},"excerpt":{"rendered":"<p>Eventos An\u00e1lise do custo que o fabricante de instrumentos de exibi\u00e7\u00e3o paga pela implementa\u00e7\u00e3o de pesquisa e desenvolvimento de novos produtos a cada ano O custo de implementa\u00e7\u00e3o de pesquisa e desenvolvimento de novos produtos (P&amp;D) para um fabricante de instrumentos de exibi\u00e7\u00e3o pode variar muito, dependendo do tamanho e do escopo de ... 2023\u5e7412\u670819\u65e5 Eventos Otimizando o controle de fluxo: A import\u00e2ncia ...<\/p>\n<p class=\"read-more\"> <a class=\"\" href=\"https:\/\/www.hginstrument.com\/pt\/why-radar-level-transmitters-are-ideal-for-measuring-liquids-in-high-pressure-tanks\/\"> <span class=\"screen-reader-text\">Why Radar Level Transmitters Are Ideal for Measuring Liquids in High-Pressure Tanks<\/span> Read More &raquo;<\/a><\/p>","protected":false},"author":1,"featured_media":0,"parent":0,"menu_order":0,"comment_status":"closed","ping_status":"closed","template":"","meta":[],"acf":[],"_links":{"self":[{"href":"https:\/\/www.hginstrument.com\/pt\/wp-json\/wp\/v2\/pages\/3067"}],"collection":[{"href":"https:\/\/www.hginstrument.com\/pt\/wp-json\/wp\/v2\/pages"}],"about":[{"href":"https:\/\/www.hginstrument.com\/pt\/wp-json\/wp\/v2\/types\/page"}],"author":[{"embeddable":true,"href":"https:\/\/www.hginstrument.com\/pt\/wp-json\/wp\/v2\/users\/1"}],"replies":[{"embeddable":true,"href":"https:\/\/www.hginstrument.com\/pt\/wp-json\/wp\/v2\/comments?post=3067"}],"version-history":[{"count":0,"href":"https:\/\/www.hginstrument.com\/pt\/wp-json\/wp\/v2\/pages\/3067\/revisions"}],"wp:attachment":[{"href":"https:\/\/www.hginstrument.com\/pt\/wp-json\/wp\/v2\/media?parent=3067"}],"curies":[{"name":"wp","href":"https:\/\/api.w.org\/{rel}","templated":true}]}}