{"id":6,"date":"2018-11-26T12:45:27","date_gmt":"2018-11-26T12:45:27","guid":{"rendered":"https:\/\/websitedemos.net\/alex26\/?page_id=6"},"modified":"2025-10-30T13:20:36","modified_gmt":"2025-10-30T05:20:36","slug":"home-2","status":"publish","type":"page","link":"https:\/\/www.hginstrument.com\/pt\/","title":{"rendered":"IN\u00cdCIO"},"content":{"rendered":"<div data-elementor-type=\"wp-post\" data-elementor-id=\"6\" class=\"elementor elementor-6\" data-elementor-settings=\"[]\">\n\t\t\t\t\t\t<div class=\"elementor-inner\">\n\t\t\t\t\t\t\t<div class=\"elementor-section-wrap\">\n\t\t\t\t\t\t\t<section class=\"elementor-section elementor-top-section elementor-element elementor-element-98ab814 elementor-section-full_width elementor-section-height-default elementor-section-height-default\" data-id=\"98ab814\" data-element_type=\"section\">\n\t\t\t\t\t\t<div class=\"elementor-container elementor-column-gap-no\">\n\t\t\t\t\t\t\t<div class=\"elementor-row\">\n\t\t\t\t\t<div class=\"elementor-column elementor-col-100 elementor-top-column elementor-element elementor-element-6b885ba\" data-id=\"6b885ba\" data-element_type=\"column\">\n\t\t\t<div class=\"elementor-column-wrap elementor-element-populated\">\n\t\t\t\t\t\t\t<div class=\"elementor-widget-wrap\">\n\t\t\t\t\t\t<div class=\"elementor-element elementor-element-b101608 elementor--h-position-center elementor--v-position-middle elementor-arrows-position-inside elementor-pagination-position-inside elementor-widget elementor-widget-slides\" data-id=\"b101608\" data-element_type=\"widget\" data-settings=\"{&quot;navigation&quot;:&quot;both&quot;,&quot;autoplay&quot;:&quot;yes&quot;,&quot;pause_on_hover&quot;:&quot;yes&quot;,&quot;pause_on_interaction&quot;:&quot;yes&quot;,&quot;autoplay_speed&quot;:5000,&quot;infinite&quot;:&quot;yes&quot;,&quot;transition&quot;:&quot;slide&quot;,&quot;transition_speed&quot;:500}\" data-widget_type=\"slides.default\">\n\t\t\t\t<div class=\"elementor-widget-container\">\n\t\t\t\t\t<div class=\"elementor-swiper\">\n\t\t\t<div class=\"elementor-slides-wrapper elementor-main-swiper swiper-container\" dir=\"ltr\" data-animation=\"fadeInUp\">\n\t\t\t\t<div class=\"swiper-wrapper elementor-slides\">\n\t\t\t\t\t<div class=\"elementor-repeater-item-8592795 swiper-slide\"><div class=\"swiper-slide-bg\"><\/div><div class=\"elementor-background-overlay\"><\/div><div class=\"swiper-slide-inner\" ><div class=\"swiper-slide-contents\"><div class=\"elementor-slide-heading\">Precisa de ajuda com solu\u00e7\u00f5es industriais mais f\u00e1ceis?<br> Somos especialistas! <\/div><\/div><\/div><\/div><div class=\"elementor-repeater-item-d189f22 swiper-slide\"><div class=\"swiper-slide-bg\"><\/div><div class=\"elementor-background-overlay\"><\/div><div class=\"swiper-slide-inner\" ><div class=\"swiper-slide-contents\"><div class=\"elementor-slide-heading\">Precisa de ajuda com solu\u00e7\u00f5es industriais mais f\u00e1ceis?<br> Somos especialistas! <\/div><\/div><\/div><\/div><div class=\"elementor-repeater-item-3cbeae1 swiper-slide\"><div class=\"swiper-slide-bg\"><\/div><div class=\"elementor-background-overlay\"><\/div><div class=\"swiper-slide-inner\" ><div class=\"swiper-slide-contents\"><div class=\"elementor-slide-heading\">Precisa de ajuda com solu\u00e7\u00f5es industriais mais f\u00e1ceis?<br> Somos especialistas! <\/div><\/div><\/div><\/div>\t\t\t\t<\/div>\n\t\t\t\t\t\t\t\t\t\t\t\t\t\t\t<div class=\"swiper-pagination\"><\/div>\n\t\t\t\t\t\t\t\t\t\t\t\t\t\t\t\t<div class=\"elementor-swiper-button elementor-swiper-button-prev\">\n\t\t\t\t\t\t\t<i class=\"eicon-chevron-left\" aria-hidden=\"true\"><\/i>\n\t\t\t\t\t\t\t<span class=\"elementor-screen-only\">Anterior<\/span>\n\t\t\t\t\t\t<\/div>\n\t\t\t\t\t\t<div class=\"elementor-swiper-button elementor-swiper-button-next\">\n\t\t\t\t\t\t\t<i class=\"eicon-chevron-right\" aria-hidden=\"true\"><\/i>\n\t\t\t\t\t\t\t<span class=\"elementor-screen-only\">Seguinte<\/span>\n\t\t\t\t\t\t<\/div>\n\t\t\t\t\t\t\t\t\t\t\t\t<\/div>\n\t\t<\/div>\n\t\t\t\t<\/div>\n\t\t\t\t<\/div>\n\t\t\t\t\t\t<\/div>\n\t\t\t\t\t<\/div>\n\t\t<\/div>\n\t\t\t\t\t\t\t\t<\/div>\n\t\t\t\t\t<\/div>\n\t\t<\/section>\n\t\t\t\t<section class=\"elementor-section elementor-top-section elementor-element elementor-element-3f506a9d elementor-section-content-middle elementor-section-boxed elementor-section-height-default elementor-section-height-default\" data-id=\"3f506a9d\" data-element_type=\"section\">\n\t\t\t\t\t\t<div class=\"elementor-container elementor-column-gap-no\">\n\t\t\t\t\t\t\t<div class=\"elementor-row\">\n\t\t\t\t\t<div class=\"elementor-column elementor-col-100 elementor-top-column elementor-element elementor-element-74aefa7f\" data-id=\"74aefa7f\" data-element_type=\"column\">\n\t\t\t<div class=\"elementor-column-wrap elementor-element-populated\">\n\t\t\t\t\t\t\t<div class=\"elementor-widget-wrap\">\n\t\t\t\t\t\t<div class=\"elementor-element elementor-element-f8276d7 elementor-widget elementor-widget-heading\" data-id=\"f8276d7\" data-element_type=\"widget\" data-widget_type=\"heading.default\">\n\t\t\t\t<div class=\"elementor-widget-container\">\n\t\t\t<h1 class=\"elementor-heading-title elementor-size-default\">Mais de 20 anos de excel\u00eancia no fabrico de caudal\u00edmetros de \u00e1gua com a melhor qualidade!<\/h1>\t\t<\/div>\n\t\t\t\t<\/div>\n\t\t\t\t<div class=\"elementor-element elementor-element-905dfcd elementor-widget elementor-widget-text-editor\" data-id=\"905dfcd\" data-element_type=\"widget\" data-widget_type=\"text-editor.default\">\n\t\t\t\t<div class=\"elementor-widget-container\">\n\t\t\t\t\t\t\t\t<div class=\"elementor-text-editor elementor-clearfix\">\n\t\t\t\t<p> A Jiangsu Hongguang Instrument Factory Co., Ltd. (doravante designada por instrumento Hongguang) foi criada em 1972, tendo sido reformada a partir de uma empresa estatal, tornando-se agora uma empresa subsidi\u00e1ria principal do SUYI GROUP, produzindo principalmente instrumentos de automa\u00e7\u00e3o industrial, v\u00e1lvulas de controlo e cabos de alimenta\u00e7\u00e3o. O instrumento de automa\u00e7\u00e3o industrial cont\u00e9m medidor de fluxo, medidor de press\u00e3o, transmissor de press\u00e3o, transmissor de n\u00edvel, medidor de temperatura, transmissor de temperatura, instrumento de exibi\u00e7\u00e3o digital.<br style=\"border-radius: 0px;\">&nbsp; Hongguang instrument \u00e9 aprovado fornecedor de longo prazo da CNPC, Sinopec, China National power company e empresa chinesa de a\u00e7o em grande escala, tamb\u00e9m \u00e9 um dos membros da China Instrument Manufactures Association. A nossa empresa serve principalmente a ind\u00fastria de energia, energia el\u00e9ctrica, petroqu\u00edmica, farm\u00e1cia e metalurgia, etc.&nbsp;<br style=\"border-radius: 0px;\">&nbsp; Hongguang instrument tem uma empresa irm\u00e3 - Jiangsu Suyi Group Co., Ltd, que \u00e9 outra empresa subsidi\u00e1ria principal do grupo SUYI, esta empresa irm\u00e3 produz principalmente instrumentos de dete\u00e7\u00e3o e alarme de g\u00e1s, instrumentos de an\u00e1lise de g\u00e1s, transmissor de n\u00edvel.<br style=\"border-radius: 0px;\">&nbsp; No grupo SUYI, apenas a Hongguang Instrument tem direitos de importa\u00e7\u00e3o e exporta\u00e7\u00e3o, que exportaram os produtos da nossa empresa para mais de 20 pa\u00edses em todo o mundo. Para expandir ainda mais a nossa quota de mercado, damos as boas-vindas aos distribuidores de instrumenta\u00e7\u00e3o autom\u00e1tica e agentes de vendas de todo o mundo para trabalharem connosco, e tamb\u00e9m damos as boas-vindas aos utilizadores finais para nos contactarem para discutir os seus requisitos de aplica\u00e7\u00e3o espec\u00edficos.<\/p>\t\t\t\t\t<\/div>\n\t\t\t\t\t\t<\/div>\n\t\t\t\t<\/div>\n\t\t\t\t<div class=\"elementor-element elementor-element-464aed9 elementor-aspect-ratio-169 elementor-widget elementor-widget-video\" data-id=\"464aed9\" data-element_type=\"widget\" data-settings=\"{&quot;youtube_url&quot;:&quot;https:\\\/\\\/www.youtube.com\\\/watch?v=iSbNdWnH05U&quot;,&quot;show_image_overlay&quot;:&quot;yes&quot;,&quot;image_overlay&quot;:{&quot;url&quot;:&quot;http:\\\/\\\/www.hginstrument.com\\\/wp-content\\\/uploads\\\/2021\\\/09\\\/usa-20180131-01.jpg&quot;,&quot;id&quot;:&quot;&quot;,&quot;source&quot;:&quot;url&quot;,&quot;alt&quot;:&quot;France customer visit SUYI group-Jiangsu Hongguang Instrument Factory Co., Ltd.&quot;},&quot;video_type&quot;:&quot;youtube&quot;,&quot;controls&quot;:&quot;yes&quot;,&quot;aspect_ratio&quot;:&quot;169&quot;}\" data-widget_type=\"video.default\">\n\t\t\t\t<div class=\"elementor-widget-container\">\n\t\t\t\t\t<div class=\"elementor-wrapper elementor-fit-aspect-ratio elementor-open-inline\">\n\t\t\t<div class=\"elementor-video\"><\/div>\t\t\t\t<div class=\"elementor-custom-embed-image-overlay\" style=\"background-image: url(http:\/\/www.hginstrument.com\/wp-content\/uploads\/2021\/09\/usa-20180131-01.jpg);\">\n\t\t\t\t\t\t\t\t\t\t\t\t\t\t\t\t<div class=\"elementor-custom-embed-play\" role=\"button\">\n\t\t\t\t\t\t\t<i class=\"eicon-play\" aria-hidden=\"true\"><\/i>\n\t\t\t\t\t\t\t<span class=\"elementor-screen-only\">Reproduzir v\u00eddeo<\/span>\n\t\t\t\t\t\t<\/div>\n\t\t\t\t\t\t\t\t\t<\/div>\n\t\t\t\t\t<\/div>\n\t\t\t\t<\/div>\n\t\t\t\t<\/div>\n\t\t\t\t\t\t<\/div>\n\t\t\t\t\t<\/div>\n\t\t<\/div>\n\t\t\t\t\t\t\t\t<\/div>\n\t\t\t\t\t<\/div>\n\t\t<\/section>\n\t\t\t\t<section class=\"elementor-section elementor-top-section elementor-element elementor-element-20b3341 elementor-section-boxed elementor-section-height-default elementor-section-height-default\" data-id=\"20b3341\" data-element_type=\"section\">\n\t\t\t\t\t\t<div class=\"elementor-container elementor-column-gap-no\">\n\t\t\t\t\t\t\t<div class=\"elementor-row\">\n\t\t\t\t\t<div class=\"elementor-column elementor-col-100 elementor-top-column elementor-element elementor-element-5c2adc32\" data-id=\"5c2adc32\" data-element_type=\"column\">\n\t\t\t<div class=\"elementor-column-wrap elementor-element-populated\">\n\t\t\t\t\t\t\t<div class=\"elementor-widget-wrap\">\n\t\t\t\t\t\t<div class=\"elementor-element elementor-element-437b24e0 elementor-widget elementor-widget-heading\" data-id=\"437b24e0\" data-element_type=\"widget\" data-widget_type=\"heading.default\">\n\t\t\t\t<div class=\"elementor-widget-container\">\n\t\t\t<h5 class=\"elementor-heading-title elementor-size-default\">as nossas contribui\u00e7\u00f5es<\/h5>\t\t<\/div>\n\t\t\t\t<\/div>\n\t\t\t\t<div class=\"elementor-element elementor-element-65072660 elementor-widget elementor-widget-heading\" data-id=\"65072660\" data-element_type=\"widget\" data-widget_type=\"heading.default\">\n\t\t\t\t<div class=\"elementor-widget-container\">\n\t\t\t<h2 class=\"elementor-heading-title elementor-size-default\">Ind\u00fastrias de aplica\u00e7\u00e3o<\/h2>\t\t<\/div>\n\t\t\t\t<\/div>\n\t\t\t\t<div class=\"elementor-element elementor-element-48d4100 elementor-widget elementor-widget-heading\" data-id=\"48d4100\" data-element_type=\"widget\" data-widget_type=\"heading.default\">\n\t\t\t\t<div class=\"elementor-widget-container\">\n\t\t\t<p class=\"elementor-heading-title elementor-size-default\">Petr\u00f3leo, qu\u00edmica, fabrico de papel, tratamento de \u00e1gua, engenharia municipal, processamento de alimentos, produ\u00e7\u00e3o de energia, siderurgia, carv\u00e3o-qu\u00edmica, farmac\u00eautica e prote\u00e7\u00e3o ambiental.\n<\/p>\t\t<\/div>\n\t\t\t\t<\/div>\n\t\t\t\t\t\t<\/div>\n\t\t\t\t\t<\/div>\n\t\t<\/div>\n\t\t\t\t\t\t\t\t<\/div>\n\t\t\t\t\t<\/div>\n\t\t<\/section>\n\t\t\t\t\t\t<\/div>\n\t\t\t\t\t\t<\/div>\n\t\t\t\t\t<\/div>","protected":false},"excerpt":{"rendered":"<p>Need help with easier industrial solutions? We are experts! Need help with easier industrial solutions? We are experts! Need help with easier industrial solutions? We are experts! Previous Next Over 20 years of water flow meter manufacturing excellence with quality at it&#8217;s best! Jiangsu Hongguang Instrument Factory Co., Ltd.( hereinafter referred to as Hongguang instrument) &hellip;<\/p>\n<p class=\"read-more\"> <a class=\"\" href=\"https:\/\/www.hginstrument.com\/pt\/\"> <span class=\"screen-reader-text\">IN\u00cdCIO<\/span> Read More &raquo;<\/a><\/p>","protected":false},"author":1,"featured_media":0,"parent":0,"menu_order":0,"comment_status":"closed","ping_status":"closed","template":"","meta":[],"acf":[],"_links":{"self":[{"href":"https:\/\/www.hginstrument.com\/pt\/wp-json\/wp\/v2\/pages\/6"}],"collection":[{"href":"https:\/\/www.hginstrument.com\/pt\/wp-json\/wp\/v2\/pages"}],"about":[{"href":"https:\/\/www.hginstrument.com\/pt\/wp-json\/wp\/v2\/types\/page"}],"author":[{"embeddable":true,"href":"https:\/\/www.hginstrument.com\/pt\/wp-json\/wp\/v2\/users\/1"}],"replies":[{"embeddable":true,"href":"https:\/\/www.hginstrument.com\/pt\/wp-json\/wp\/v2\/comments?post=6"}],"version-history":[{"count":0,"href":"https:\/\/www.hginstrument.com\/pt\/wp-json\/wp\/v2\/pages\/6\/revisions"}],"wp:attachment":[{"href":"https:\/\/www.hginstrument.com\/pt\/wp-json\/wp\/v2\/media?parent=6"}],"curies":[{"name":"wp","href":"https:\/\/api.w.org\/{rel}","templated":true}]}}