{"id":7,"date":"2018-11-26T12:45:57","date_gmt":"2018-11-26T12:45:57","guid":{"rendered":"https:\/\/websitedemos.net\/alex26\/?page_id=7"},"modified":"2024-04-12T14:57:33","modified_gmt":"2024-04-12T06:57:33","slug":"about","status":"publish","type":"page","link":"https:\/\/www.hginstrument.com\/pt\/about\/","title":{"rendered":"SOBRE"},"content":{"rendered":"<div data-elementor-type=\"wp-post\" data-elementor-id=\"7\" class=\"elementor elementor-7\" data-elementor-settings=\"[]\">\n\t\t\t\t\t\t<div class=\"elementor-inner\">\n\t\t\t\t\t\t\t<div class=\"elementor-section-wrap\">\n\t\t\t\t\t\t\t<section class=\"elementor-section elementor-top-section elementor-element elementor-element-52e54fa elementor-section-boxed elementor-section-height-default elementor-section-height-default\" data-id=\"52e54fa\" data-element_type=\"section\">\n\t\t\t\t\t\t<div class=\"elementor-container elementor-column-gap-default\">\n\t\t\t\t\t\t\t<div class=\"elementor-row\">\n\t\t\t\t\t<div class=\"elementor-column elementor-col-100 elementor-top-column elementor-element elementor-element-1178375\" data-id=\"1178375\" data-element_type=\"column\">\n\t\t\t<div class=\"elementor-column-wrap elementor-element-populated\">\n\t\t\t\t\t\t\t<div class=\"elementor-widget-wrap\">\n\t\t\t\t\t\t<div class=\"elementor-element elementor-element-ffd1e37 elementor-widget elementor-widget-heading\" data-id=\"ffd1e37\" data-element_type=\"widget\" data-widget_type=\"heading.default\">\n\t\t\t\t<div class=\"elementor-widget-container\">\n\t\t\t<h1 class=\"elementor-heading-title elementor-size-default\">O que fazemos?<\/h1>\t\t<\/div>\n\t\t\t\t<\/div>\n\t\t\t\t<div class=\"elementor-element elementor-element-e3a721b elementor-widget elementor-widget-text-editor\" data-id=\"e3a721b\" data-element_type=\"widget\" data-widget_type=\"text-editor.default\">\n\t\t\t\t<div class=\"elementor-widget-container\">\n\t\t\t\t\t\t\t\t<div class=\"elementor-text-editor elementor-clearfix\">\n\t\t\t\t<p>A Jiangsu Hongguang Instrument Factory Co., Ltd. (doravante designada por instrumento Hongguang) foi criada em 1972, tendo sido reformada a partir de uma empresa estatal, tornando-se agora uma empresa subsidi\u00e1ria principal do SUYI GROUP, produzindo principalmente instrumentos de automa\u00e7\u00e3o industrial, v\u00e1lvulas de controlo e cabos de alimenta\u00e7\u00e3o. O instrumento de automa\u00e7\u00e3o industrial cont\u00e9m medidor de fluxo, medidor de press\u00e3o, transmissor de press\u00e3o, transmissor de n\u00edvel, medidor de temperatura, transmissor de temperatura, instrumento de exibi\u00e7\u00e3o digital.<\/p><p>A Hongguang Instrument \u00e9 um fornecedor aprovado de longo prazo da CNPC, Sinopec, empresa nacional de energia da China e empresa chinesa de a\u00e7o em grande escala, tamb\u00e9m \u00e9 um dos membros da Associa\u00e7\u00e3o de Fabricantes de Instrumentos da China. A nossa empresa serve principalmente a ind\u00fastria de energia, energia el\u00e9ctrica, petroqu\u00edmica, farm\u00e1cia e metalurgia, etc. Somos<\/p><p>Hongguang instrument tem uma empresa irm\u00e3 - Jiangsu Suyi Group Co., Ltd, que \u00e9 outra empresa subsidi\u00e1ria principal do grupo SUYI, esta empresa irm\u00e3 produz principalmente instrumentos de dete\u00e7\u00e3o e alarme de g\u00e1s, instrumentos de an\u00e1lise de g\u00e1s.<\/p><p>No grupo SUYI, apenas a Hongguang Instrument tem direitos de importa\u00e7\u00e3o e exporta\u00e7\u00e3o, que exportaram os produtos da nossa empresa para mais de 20 pa\u00edses em todo o mundo. Para expandir ainda mais a nossa quota de mercado, damos as boas-vindas aos distribuidores de instrumenta\u00e7\u00e3o autom\u00e1tica e agentes de vendas de todo o mundo para trabalharem connosco, e tamb\u00e9m damos as boas-vindas aos utilizadores finais para nos contactarem para discutir os seus requisitos de aplica\u00e7\u00e3o espec\u00edficos.<\/p><p style=\"text-align: center;\"><strong>Capacidade de investiga\u00e7\u00e3o e desenvolvimento<\/strong><\/p><p>O centro de pesquisa da nossa empresa est\u00e1 localizado no Centro de Pesquisa de Tecnologia IOT industrial da Academia Chinesa de Ci\u00eancias, que \u00e9 o parceiro da nossa empresa na pesquisa de automa\u00e7\u00e3o industrial. At\u00e9 agora, ganh\u00e1mos mais de 60 produtos patenteados que s\u00e3o concebidos com base nos nossos direitos de propriedade intelectual. Estamos equipados com uma gama completa de instala\u00e7\u00f5es de produ\u00e7\u00e3o e teste, incluindo: 2 linhas de produ\u00e7\u00e3o e de ensaio para transmissores de press\u00e3o e de n\u00edvel de l\u00edquido, 1 para calibradores de press\u00e3o, 2 para sensores de temperatura, 1 para man\u00f3metros, 2 para medidores de fluxo, 2 para instrumentos de medi\u00e7\u00e3o de n\u00edvel, 2 para v\u00e1lvulas de controlo, 1 para term\u00f3metros bimet\u00e1licos e 1 para instrumentos de visualiza\u00e7\u00e3o e de controlo.<\/p>\t\t\t\t\t<\/div>\n\t\t\t\t\t\t<\/div>\n\t\t\t\t<\/div>\n\t\t\t\t\t\t<\/div>\n\t\t\t\t\t<\/div>\n\t\t<\/div>\n\t\t\t\t\t\t\t\t<\/div>\n\t\t\t\t\t<\/div>\n\t\t<\/section>\n\t\t\t\t<section class=\"elementor-section elementor-top-section elementor-element elementor-element-49127c7 elementor-section-boxed elementor-section-height-default elementor-section-height-default\" data-id=\"49127c7\" data-element_type=\"section\">\n\t\t\t\t\t\t<div class=\"elementor-container elementor-column-gap-default\">\n\t\t\t\t\t\t\t<div class=\"elementor-row\">\n\t\t\t\t\t<div class=\"elementor-column elementor-col-100 elementor-top-column elementor-element elementor-element-ccc2b5d\" data-id=\"ccc2b5d\" data-element_type=\"column\">\n\t\t\t<div class=\"elementor-column-wrap elementor-element-populated\">\n\t\t\t\t\t\t\t<div class=\"elementor-widget-wrap\">\n\t\t\t\t\t\t<div class=\"elementor-element elementor-element-367503a elementor-widget elementor-widget-heading\" data-id=\"367503a\" data-element_type=\"widget\" data-widget_type=\"heading.default\">\n\t\t\t\t<div class=\"elementor-widget-container\">\n\t\t\t<h2 class=\"elementor-heading-title elementor-size-default\">Miss\u00e3o<\/h2>\t\t<\/div>\n\t\t\t\t<\/div>\n\t\t\t\t<div class=\"elementor-element elementor-element-06e76d0 elementor-widget elementor-widget-text-editor\" data-id=\"06e76d0\" data-element_type=\"widget\" data-widget_type=\"text-editor.default\">\n\t\t\t\t<div class=\"elementor-widget-container\">\n\t\t\t\t\t\t\t\t<div class=\"elementor-text-editor elementor-clearfix\">\n\t\t\t\t<p>Estamos empenhados em melhorar o nosso poder competitivo atrav\u00e9s da inova\u00e7\u00e3o t\u00e9cnica, inova\u00e7\u00e3o de gest\u00e3o, inova\u00e7\u00e3o de conceitos e introdu\u00e7\u00e3o de tecnologias avan\u00e7adas e experi\u00eancia de gest\u00e3o. Iremos satisfazer as exig\u00eancias do mercado atrav\u00e9s da inova\u00e7\u00e3o cont\u00ednua e trabalharemos arduamente para criar mais e mais valor para os nossos clientes.<\/p>\t\t\t\t\t<\/div>\n\t\t\t\t\t\t<\/div>\n\t\t\t\t<\/div>\n\t\t\t\t\t\t<\/div>\n\t\t\t\t\t<\/div>\n\t\t<\/div>\n\t\t\t\t\t\t\t\t<\/div>\n\t\t\t\t\t<\/div>\n\t\t<\/section>\n\t\t\t\t<section class=\"elementor-section elementor-top-section elementor-element elementor-element-fb5fa49 elementor-section-boxed elementor-section-height-default elementor-section-height-default\" data-id=\"fb5fa49\" data-element_type=\"section\">\n\t\t\t\t\t\t<div class=\"elementor-container elementor-column-gap-default\">\n\t\t\t\t\t\t\t<div class=\"elementor-row\">\n\t\t\t\t\t<div class=\"elementor-column elementor-col-100 elementor-top-column elementor-element elementor-element-b40fef5 over-flow\" data-id=\"b40fef5\" data-element_type=\"column\">\n\t\t\t<div class=\"elementor-column-wrap elementor-element-populated\">\n\t\t\t\t\t\t\t<div class=\"elementor-widget-wrap\">\n\t\t\t\t\t\t<div class=\"elementor-element elementor-element-cdb3b30 elementor-widget elementor-widget-image\" data-id=\"cdb3b30\" data-element_type=\"widget\" data-widget_type=\"image.default\">\n\t\t\t\t<div class=\"elementor-widget-container\">\n\t\t\t\t\t\t\t\t<div class=\"elementor-image\">\n\t\t\t\t\t\t\t\t\t\t\t\t<img width=\"1305\" height=\"870\" src=\"https:\/\/www.hginstrument.com\/wp-content\/uploads\/2021\/09\/83b3e6cf-27be-4717-9f3a-22ead7543ff1-1.jpg\" class=\"elementor-animation-grow-rotate attachment-full size-full\" alt=\"automation instrument &amp; control valve factory\" srcset=\"https:\/\/www.hginstrument.com\/wp-content\/uploads\/2021\/09\/83b3e6cf-27be-4717-9f3a-22ead7543ff1-1.jpg 1305w, https:\/\/www.hginstrument.com\/wp-content\/uploads\/2021\/09\/83b3e6cf-27be-4717-9f3a-22ead7543ff1-1-300x200.jpg 300w, https:\/\/www.hginstrument.com\/wp-content\/uploads\/2021\/09\/83b3e6cf-27be-4717-9f3a-22ead7543ff1-1-768x512.jpg 768w, https:\/\/www.hginstrument.com\/wp-content\/uploads\/2021\/09\/83b3e6cf-27be-4717-9f3a-22ead7543ff1-1-1024x683.jpg 1024w, https:\/\/www.hginstrument.com\/wp-content\/uploads\/2021\/09\/83b3e6cf-27be-4717-9f3a-22ead7543ff1-1-600x400.jpg 600w\" sizes=\"(max-width: 1305px) 100vw, 1305px\" \/>\t\t\t\t\t\t\t\t\t\t\t\t\t\t<\/div>\n\t\t\t\t\t\t<\/div>\n\t\t\t\t<\/div>\n\t\t\t\t\t\t<\/div>\n\t\t\t\t\t<\/div>\n\t\t<\/div>\n\t\t\t\t\t\t\t\t<\/div>\n\t\t\t\t\t<\/div>\n\t\t<\/section>\n\t\t\t\t<section class=\"elementor-section elementor-top-section elementor-element elementor-element-ee064ca elementor-section-boxed elementor-section-height-default elementor-section-height-default\" data-id=\"ee064ca\" data-element_type=\"section\">\n\t\t\t\t\t\t<div class=\"elementor-container elementor-column-gap-default\">\n\t\t\t\t\t\t\t<div class=\"elementor-row\">\n\t\t\t\t\t<div class=\"elementor-column elementor-col-33 elementor-top-column elementor-element elementor-element-76212e8\" data-id=\"76212e8\" data-element_type=\"column\">\n\t\t\t<div class=\"elementor-column-wrap elementor-element-populated\">\n\t\t\t\t\t\t\t<div class=\"elementor-widget-wrap\">\n\t\t\t\t\t\t<div class=\"elementor-element elementor-element-539c099 over-flow elementor-widget elementor-widget-image\" data-id=\"539c099\" data-element_type=\"widget\" data-widget_type=\"image.default\">\n\t\t\t\t<div class=\"elementor-widget-container\">\n\t\t\t\t\t\t\t\t<div class=\"elementor-image\">\n\t\t\t\t\t\t\t\t\t\t\t\t<img width=\"458\" height=\"326\" src=\"https:\/\/www.hginstrument.com\/wp-content\/uploads\/2021\/09\/about-3.jpg-325137339.jpg\" class=\"elementor-animation-grow-rotate attachment-full size-full\" alt=\"cerca de 3.jpg 325137339\" srcset=\"https:\/\/www.hginstrument.com\/wp-content\/uploads\/2021\/09\/about-3.jpg-325137339.jpg 458w, https:\/\/www.hginstrument.com\/wp-content\/uploads\/2021\/09\/about-3.jpg-325137339-300x214.jpg 300w\" sizes=\"(max-width: 458px) 100vw, 458px\" \/>\t\t\t\t\t\t\t\t\t\t\t\t\t\t<\/div>\n\t\t\t\t\t\t<\/div>\n\t\t\t\t<\/div>\n\t\t\t\t\t\t<\/div>\n\t\t\t\t\t<\/div>\n\t\t<\/div>\n\t\t\t\t<div class=\"elementor-column elementor-col-33 elementor-top-column elementor-element elementor-element-33b376f\" data-id=\"33b376f\" data-element_type=\"column\">\n\t\t\t<div class=\"elementor-column-wrap elementor-element-populated\">\n\t\t\t\t\t\t\t<div class=\"elementor-widget-wrap\">\n\t\t\t\t\t\t<div class=\"elementor-element elementor-element-26be0f9 over-flow elementor-widget elementor-widget-image\" data-id=\"26be0f9\" data-element_type=\"widget\" data-widget_type=\"image.default\">\n\t\t\t\t<div class=\"elementor-widget-container\">\n\t\t\t\t\t\t\t\t<div class=\"elementor-image\">\n\t\t\t\t\t\t\t\t\t\t\t\t<img width=\"458\" height=\"326\" src=\"https:\/\/www.hginstrument.com\/wp-content\/uploads\/2021\/09\/about-2.jpg-325137339.jpg\" class=\"elementor-animation-grow-rotate attachment-full size-full\" alt=\"cerca de 2.jpg 325137339\" srcset=\"https:\/\/www.hginstrument.com\/wp-content\/uploads\/2021\/09\/about-2.jpg-325137339.jpg 458w, https:\/\/www.hginstrument.com\/wp-content\/uploads\/2021\/09\/about-2.jpg-325137339-300x214.jpg 300w\" sizes=\"(max-width: 458px) 100vw, 458px\" \/>\t\t\t\t\t\t\t\t\t\t\t\t\t\t<\/div>\n\t\t\t\t\t\t<\/div>\n\t\t\t\t<\/div>\n\t\t\t\t\t\t<\/div>\n\t\t\t\t\t<\/div>\n\t\t<\/div>\n\t\t\t\t<div class=\"elementor-column elementor-col-33 elementor-top-column elementor-element elementor-element-d4bfcc1\" data-id=\"d4bfcc1\" data-element_type=\"column\">\n\t\t\t<div class=\"elementor-column-wrap elementor-element-populated\">\n\t\t\t\t\t\t\t<div class=\"elementor-widget-wrap\">\n\t\t\t\t\t\t<div class=\"elementor-element elementor-element-9921945 over-flow elementor-widget elementor-widget-image\" data-id=\"9921945\" data-element_type=\"widget\" data-widget_type=\"image.default\">\n\t\t\t\t<div class=\"elementor-widget-container\">\n\t\t\t\t\t\t\t\t<div class=\"elementor-image\">\n\t\t\t\t\t\t\t\t\t\t\t\t<img width=\"458\" height=\"326\" src=\"https:\/\/www.hginstrument.com\/wp-content\/uploads\/2021\/09\/about-4.jpg-325137339.jpg\" class=\"elementor-animation-grow-rotate attachment-full size-full\" alt=\"cerca de 4.jpg 325137339\" srcset=\"https:\/\/www.hginstrument.com\/wp-content\/uploads\/2021\/09\/about-4.jpg-325137339.jpg 458w, https:\/\/www.hginstrument.com\/wp-content\/uploads\/2021\/09\/about-4.jpg-325137339-300x214.jpg 300w\" sizes=\"(max-width: 458px) 100vw, 458px\" \/>\t\t\t\t\t\t\t\t\t\t\t\t\t\t<\/div>\n\t\t\t\t\t\t<\/div>\n\t\t\t\t<\/div>\n\t\t\t\t\t\t<\/div>\n\t\t\t\t\t<\/div>\n\t\t<\/div>\n\t\t\t\t\t\t\t\t<\/div>\n\t\t\t\t\t<\/div>\n\t\t<\/section>\n\t\t\t\t<section class=\"elementor-section elementor-top-section elementor-element elementor-element-f2e8013 elementor-section-boxed elementor-section-height-default elementor-section-height-default\" data-id=\"f2e8013\" data-element_type=\"section\">\n\t\t\t\t\t\t<div class=\"elementor-container elementor-column-gap-no\">\n\t\t\t\t\t\t\t<div class=\"elementor-row\">\n\t\t\t\t\t<div class=\"elementor-column elementor-col-100 elementor-top-column elementor-element elementor-element-071b6b6\" data-id=\"071b6b6\" data-element_type=\"column\">\n\t\t\t<div class=\"elementor-column-wrap elementor-element-populated\">\n\t\t\t\t\t\t\t<div class=\"elementor-widget-wrap\">\n\t\t\t\t\t\t<div class=\"elementor-element elementor-element-81dd2e1 elementor-widget elementor-widget-heading\" data-id=\"81dd2e1\" data-element_type=\"widget\" data-widget_type=\"heading.default\">\n\t\t\t\t<div class=\"elementor-widget-container\">\n\t\t\t<h2 class=\"elementor-heading-title elementor-size-default\">Marcos hist\u00f3ricos<\/h2>\t\t<\/div>\n\t\t\t\t<\/div>\n\t\t\t\t<div class=\"elementor-element elementor-element-7e913f1 elementor-widget elementor-widget-text-editor\" data-id=\"7e913f1\" data-element_type=\"widget\" data-widget_type=\"text-editor.default\">\n\t\t\t\t<div class=\"elementor-widget-container\">\n\t\t\t\t\t\t\t\t<div class=\"elementor-text-editor elementor-clearfix\">\n\t\t\t\t<h3><strong>abril de 1972<\/strong><\/h3><p><strong>Foi criada a f\u00e1brica de instrumentos Jinhu Hongguang.<\/strong><\/p><h3><strong>maio de 1980<\/strong><\/h3><p><strong>Obteve elogios do Governo devido aos nossos instrumentos industriais utilizados no primeiro ve\u00edculo de lan\u00e7amento na China<\/strong><\/p><h3><strong>agosto de 1990<\/strong><\/h3><p><strong>Desenvolveu com sucesso o primeiro calibrador de press\u00e3o inteligente com uma precis\u00e3o de classe 0,05, que passou nos testes e exames das autoridades chinesas.<\/strong><\/p><h3><strong>outubro de 1998<\/strong><\/h3><p><strong>Desenvolveu com sucesso o primeiro calibrador de press\u00e3o autom\u00e1tico que tamb\u00e9m passou nos testes e exames das autoridades chinesas.<\/strong><\/p><h3><strong>mar\u00e7o de 1999<\/strong><\/h3><p><strong>Iniciou o projeto do medidor de n\u00edvel inteligente atrav\u00e9s da coopera\u00e7\u00e3o com a ARJAY do Canad\u00e1.<\/strong><\/p><h3><strong>junho de 2000<\/strong><\/h3><p><strong>Desenvolveu o sistema inteligente de calibra\u00e7\u00e3o de instrumentos agosto de 2001<\/strong><\/p><p><strong>Desenvolveu o calibrador port\u00e1til de sinais de processo que oferece uma precis\u00e3o at\u00e9 0,02%<\/strong><\/p><h3><strong>fevereiro de 2002<\/strong><\/h3><p><strong>Passou a designar-se Jiangsu Hongguang Instrument Factory Co., Ltd.<\/strong><\/p><h3><strong>setembro de 2008<\/strong><\/h3><p><strong>Foi fundado o Grupo SUYI, sendo a Hongguang a sua principal filial.<\/strong><\/p><h3><strong>2015<\/strong><\/h3><p><strong>At\u00e9 agora, export\u00e1mos os nossos produtos para mais de 20 pa\u00edses, incluindo Chile, Indon\u00e9sia, Singapura, Mal\u00e1sia, \u00cdndia, Brasil, Espanha, \u00c1frica do Sul, Filipinas, Nig\u00e9ria, Austr\u00e1lia, R\u00fassia, Paquist\u00e3o, Sri Lanka, Su\u00e9cia, Bangladesh, Reino Unido, It\u00e1lia, Uganda, etc.<\/strong><\/p>\t\t\t\t\t<\/div>\n\t\t\t\t\t\t<\/div>\n\t\t\t\t<\/div>\n\t\t\t\t<div class=\"elementor-element elementor-element-521f534 elementor-widget elementor-widget-image\" data-id=\"521f534\" data-element_type=\"widget\" data-widget_type=\"image.default\">\n\t\t\t\t<div class=\"elementor-widget-container\">\n\t\t\t\t\t\t\t\t<div class=\"elementor-image\">\n\t\t\t\t\t\t\t\t\t\t\t\t<img width=\"1140\" height=\"290\" src=\"https:\/\/www.hginstrument.com\/wp-content\/uploads\/2021\/09\/about-5.jpg-82571044.jpg\" class=\"attachment-full size-full\" alt=\"cerca de 5.jpg 82571044\" srcset=\"https:\/\/www.hginstrument.com\/wp-content\/uploads\/2021\/09\/about-5.jpg-82571044.jpg 1140w, https:\/\/www.hginstrument.com\/wp-content\/uploads\/2021\/09\/about-5.jpg-82571044-300x76.jpg 300w, https:\/\/www.hginstrument.com\/wp-content\/uploads\/2021\/09\/about-5.jpg-82571044-768x195.jpg 768w, https:\/\/www.hginstrument.com\/wp-content\/uploads\/2021\/09\/about-5.jpg-82571044-1024x260.jpg 1024w, https:\/\/www.hginstrument.com\/wp-content\/uploads\/2021\/09\/about-5.jpg-82571044-600x153.jpg 600w\" sizes=\"(max-width: 1140px) 100vw, 1140px\" \/>\t\t\t\t\t\t\t\t\t\t\t\t\t\t<\/div>\n\t\t\t\t\t\t<\/div>\n\t\t\t\t<\/div>\n\t\t\t\t\t\t<\/div>\n\t\t\t\t\t<\/div>\n\t\t<\/div>\n\t\t\t\t\t\t\t\t<\/div>\n\t\t\t\t\t<\/div>\n\t\t<\/section>\n\t\t\t\t\t\t<\/div>\n\t\t\t\t\t\t<\/div>\n\t\t\t\t\t<\/div>","protected":false},"excerpt":{"rendered":"<p>What We Do? Jiangsu Hongguang Instrument Factory Co., Ltd.( hereinafter referred to as Hongguang instrument) is established in 1972, which was reformed from an state-owned enterprise,\u00a0 now\u00a0have become a core subsidiary corporation of SUYI GROUP, mainly produce industrial automation instrument, control valve and power cable. Industrial automation instrument contain flow meter, pressure gauge, pressure transmitter, &hellip;<\/p>\n<p class=\"read-more\"> <a class=\"\" href=\"https:\/\/www.hginstrument.com\/pt\/about\/\"> <span class=\"screen-reader-text\">SOBRE<\/span> Read More &raquo;<\/a><\/p>","protected":false},"author":1,"featured_media":0,"parent":0,"menu_order":0,"comment_status":"closed","ping_status":"closed","template":"","meta":[],"acf":[],"_links":{"self":[{"href":"https:\/\/www.hginstrument.com\/pt\/wp-json\/wp\/v2\/pages\/7"}],"collection":[{"href":"https:\/\/www.hginstrument.com\/pt\/wp-json\/wp\/v2\/pages"}],"about":[{"href":"https:\/\/www.hginstrument.com\/pt\/wp-json\/wp\/v2\/types\/page"}],"author":[{"embeddable":true,"href":"https:\/\/www.hginstrument.com\/pt\/wp-json\/wp\/v2\/users\/1"}],"replies":[{"embeddable":true,"href":"https:\/\/www.hginstrument.com\/pt\/wp-json\/wp\/v2\/comments?post=7"}],"version-history":[{"count":0,"href":"https:\/\/www.hginstrument.com\/pt\/wp-json\/wp\/v2\/pages\/7\/revisions"}],"wp:attachment":[{"href":"https:\/\/www.hginstrument.com\/pt\/wp-json\/wp\/v2\/media?parent=7"}],"curies":[{"name":"wp","href":"https:\/\/api.w.org\/{rel}","templated":true}]}}