{"id":1047,"date":"2021-06-24T16:29:03","date_gmt":"2021-06-24T08:29:03","guid":{"rendered":"http:\/\/201230ip92c2.adwebcloud.com\/?post_type=product&#038;p=1047"},"modified":"2021-10-14T14:09:28","modified_gmt":"2021-10-14T06:09:28","slug":"remote-ultrasonic-level-transmitter-new-model-sycw","status":"publish","type":"product","link":"https:\/\/www.hginstrument.com\/pt\/level-instrument\/remote-ultrasonic-level-transmitter-new-model-sycw\/","title":{"rendered":"Transmissor de n\u00edvel ultrass\u00f3nico remoto (Novo modelo: SYCW)"},"content":{"rendered":"<p><strong>Campo de aplica\u00e7\u00e3o<\/strong><\/p>\n<p>Tratamento de \u00e1guas e esgotos: casa das bombas, po\u00e7o de recolha, tanque de rea\u00e7\u00e3o bioqu\u00edmica, tanque de sedimenta\u00e7\u00e3o, etc.<br \/>\nEnergia el\u00e9ctrica, minas: piscina de argamassa, piscina de lamas de carv\u00e3o, tratamento de \u00e1guas, etc.<\/p>\n<p>&nbsp;<\/p>\n<p><strong>Dados t\u00e9cnicos do transmissor de n\u00edvel ultrass\u00f3nico remoto<\/strong><\/p>\n<table width=\"497\">\n<tbody>\n<tr>\n<td style=\"background-color: #d8d8d8;\" width=\"191\">Modelo<\/td>\n<td width=\"141\">HGUL-F<\/td>\n<td width=\"165\">HGUL-M<\/td>\n<\/tr>\n<tr>\n<td style=\"background-color: #d8d8d8;\" width=\"191\">Precis\u00e3o (no ar)<\/td>\n<td width=\"141\">0,2%FS<\/td>\n<td width=\"165\">0,2%FS<\/td>\n<\/tr>\n<tr>\n<td style=\"background-color: #d8d8d8;\" width=\"191\">Sa\u00edda de corrente<\/td>\n<td width=\"141\">4-20mA<\/td>\n<td width=\"165\">4-20mA<\/td>\n<\/tr>\n<tr>\n<td style=\"background-color: #d8d8d8;\" width=\"191\">Carga de sa\u00edda<\/td>\n<td width=\"141\">0-500\u03a9<\/td>\n<td width=\"165\">0-500\u03a9<\/td>\n<\/tr>\n<tr>\n<td style=\"background-color: #d8d8d8;\" width=\"191\">Ecr\u00e3<\/td>\n<td width=\"141\">LCD 4 d\u00edgitos<\/td>\n<td width=\"165\">LCD de dupla fila, 14 d\u00edgitos, com luz de fundo<\/td>\n<\/tr>\n<tr>\n<td style=\"background-color: #d8d8d8;\" width=\"191\">Sa\u00edda de rel\u00e9<\/td>\n<td width=\"141\">Alarme de limite superior, de limite inferior<\/td>\n<td width=\"165\">Alarme de limite superior, de limite inferior<\/td>\n<\/tr>\n<tr>\n<td style=\"background-color: #d8d8d8;\" width=\"191\">Especifica\u00e7\u00e3o do rel\u00e9.<\/td>\n<td width=\"141\">5A 250VAC \/ 30VDC<\/td>\n<td width=\"165\">5A 250VAC \/ 30VDC<\/td>\n<\/tr>\n<tr>\n<td style=\"background-color: #d8d8d8;\" width=\"191\">Modo de rel\u00e9<\/td>\n<td width=\"141\">N\u00c3O.<\/td>\n<td width=\"165\">N\u00c3O. NC. pode ser definido<\/td>\n<\/tr>\n<tr>\n<td style=\"background-color: #d8d8d8;\" width=\"191\">Rel\u00e9 QTY.<\/td>\n<td width=\"141\">2<\/td>\n<td width=\"165\">2002\/4\/6<\/td>\n<\/tr>\n<tr>\n<td style=\"background-color: #d8d8d8;\" width=\"191\">Comunica\u00e7\u00e3o<\/td>\n<td width=\"141\">RS485 (protocolo Modbus)<\/td>\n<td width=\"165\">RS485 (protocolo Modbus)<\/td>\n<\/tr>\n<tr>\n<td style=\"background-color: #d8d8d8;\" width=\"191\">Taxa de transmiss\u00e3o<\/td>\n<td width=\"141\">19200 \/ 9600 \/ 4800<\/td>\n<td width=\"165\">19200 \/ 9600 \/ 4800<\/td>\n<\/tr>\n<tr>\n<td style=\"background-color: #d8d8d8; vertical-align: middle;\" rowspan=\"2\" width=\"191\">Alimenta\u00e7\u00e3o el\u00e9ctrica<\/td>\n<td width=\"141\">DC24V 0.1A<\/td>\n<td width=\"165\">DC24V 0.1A<\/td>\n<\/tr>\n<tr>\n<td width=\"141\">85-265V AC \u226550mA<\/td>\n<td width=\"165\">85-265V AC \u226550mA<\/td>\n<\/tr>\n<tr>\n<td style=\"background-color: #d8d8d8;\" width=\"191\">Temp. ambiente<\/td>\n<td width=\"141\">-40\u2103~75\u2103<\/td>\n<td width=\"165\">-40\u2103~75\u2103<\/td>\n<\/tr>\n<tr>\n<td style=\"background-color: #d8d8d8;\" width=\"191\">Tamanho<\/td>\n<td width=\"141\">170 x 100 x 70 mm<\/td>\n<td width=\"165\">250 x 185 x 125 mm<\/td>\n<\/tr>\n<tr>\n<td style=\"background-color: #d8d8d8;\" width=\"191\">Ciclo de medi\u00e7\u00e3o<\/td>\n<td width=\"141\">1 segundo<\/td>\n<td width=\"165\">1 segundo<\/td>\n<\/tr>\n<tr>\n<td style=\"background-color: #d8d8d8;\" width=\"191\">Conjunto de par\u00e2metros<\/td>\n<td width=\"141\">3 bot\u00f5es<\/td>\n<td width=\"165\">3 bot\u00f5es<\/td>\n<\/tr>\n<tr>\n<td style=\"background-color: #d8d8d8;\" width=\"191\">Fixa\u00e7\u00e3o de cabos<\/td>\n<td width=\"141\">Manga PG11 \/ PG13.5<\/td>\n<td width=\"165\">Manga PG9\/ PG11\/PG13.5<\/td>\n<\/tr>\n<tr>\n<td style=\"background-color: #d8d8d8;\" width=\"191\">Material da caixa<\/td>\n<td width=\"141\">ABS<\/td>\n<td width=\"165\">ABS<\/td>\n<\/tr>\n<tr>\n<td style=\"background-color: #d8d8d8;\" width=\"191\">Proteger o grau<\/td>\n<td width=\"141\">IP67<\/td>\n<td width=\"165\">IP67<\/td>\n<\/tr>\n<tr>\n<td style=\"background-color: #d8d8d8;\" width=\"191\">Montagem<\/td>\n<td width=\"141\">Montagem na parede<\/td>\n<td width=\"165\">Montagem na parede<\/td>\n<\/tr>\n<\/tbody>\n<\/table>\n<p>&nbsp;<\/p>\n<p><strong>Dados t\u00e9cnicos do sensor de n\u00edvel ultrass\u00f3nico:<\/strong><\/p>\n<table width=\"338\">\n<tbody>\n<tr>\n<td style=\"background-color: #d8d8d8;\" width=\"172\">Alcance (metro)<\/td>\n<td width=\"166\">4, 6, 8, 12, 20, 30, 40<\/td>\n<\/tr>\n<tr>\n<td style=\"background-color: #d8d8d8;\" width=\"172\">Temp. dos meios de comunica\u00e7\u00e3o.<\/td>\n<td width=\"166\">-40\u2103~75\u2103<\/td>\n<\/tr>\n<tr>\n<td style=\"background-color: #d8d8d8;\" width=\"172\">Gama de press\u00e3o<\/td>\n<td width=\"166\">\u00b10,1Mpa<\/td>\n<\/tr>\n<tr>\n<td style=\"background-color: #d8d8d8;\" width=\"172\">\u00c2ngulo do feixe<\/td>\n<td width=\"166\">8\u00b0, 5\u00b0(3db)<\/td>\n<\/tr>\n<tr>\n<td style=\"background-color: #d8d8d8;\" width=\"172\">Material da caixa<\/td>\n<td width=\"166\">ABS \/ PVC \/ PTFE<\/td>\n<\/tr>\n<tr>\n<td style=\"background-color: #d8d8d8;\" width=\"172\">Proteger o grau<\/td>\n<td width=\"166\">IP68<\/td>\n<\/tr>\n<tr>\n<td style=\"background-color: #d8d8d8;\" width=\"172\">Capacidade anti-corros\u00e3o<\/td>\n<td width=\"166\">Resiste a uma forte corros\u00e3o<\/td>\n<\/tr>\n<tr>\n<td style=\"background-color: #d8d8d8;\" width=\"172\">Comprimento do cabo<\/td>\n<td width=\"166\">Padr\u00e3o 10m ou personalizado<\/td>\n<\/tr>\n<tr>\n<td style=\"background-color: #d8d8d8;\" width=\"172\">Montagem<\/td>\n<td width=\"166\">Rosca \/ Flangeado<\/td>\n<\/tr>\n<\/tbody>\n<\/table>\n<p>&nbsp;<\/p>\n<p>&nbsp;<\/p>","protected":false},"excerpt":{"rendered":"<p><strong>Caracter\u00edsticas:<\/strong><br \/>\nAplic\u00e1vel a l\u00edquidos<br \/>\nAlcance: 4m, 6m, 8m, 10m, 12m, 15m, 20m, 30m,<br \/>\n\u25cf Precis\u00e3o: 0,3% FS, 0,2%FS<br \/>\n\u25cf Material do sensor: PVC, PVDF, PTFE<br \/>\nMaterial da caixa do transmissor: ABS<br \/>\n\u25cf Sa\u00edda: 4-20mA (2-fios, 3-fios ou 4-fios)<br \/>\nComunica\u00e7\u00e3o: HART(op\u00e7\u00e3o), RS485(op\u00e7\u00e3o)<br \/>\nFonte de alimenta\u00e7\u00e3o: 24VDC<br \/>\nEcr\u00e3 LCD, 3 bot\u00f5es de press\u00e3o<\/p>","protected":false},"featured_media":1514,"comment_status":"closed","ping_status":"closed","template":"","meta":[],"product_cat":[76,1185],"product_tag":[],"acf":[],"_links":{"self":[{"href":"https:\/\/www.hginstrument.com\/pt\/wp-json\/wp\/v2\/product\/1047"}],"collection":[{"href":"https:\/\/www.hginstrument.com\/pt\/wp-json\/wp\/v2\/product"}],"about":[{"href":"https:\/\/www.hginstrument.com\/pt\/wp-json\/wp\/v2\/types\/product"}],"replies":[{"embeddable":true,"href":"https:\/\/www.hginstrument.com\/pt\/wp-json\/wp\/v2\/comments?post=1047"}],"wp:featuredmedia":[{"embeddable":true,"href":"https:\/\/www.hginstrument.com\/pt\/wp-json\/wp\/v2\/media\/1514"}],"wp:attachment":[{"href":"https:\/\/www.hginstrument.com\/pt\/wp-json\/wp\/v2\/media?parent=1047"}],"wp:term":[{"taxonomy":"product_cat","embeddable":true,"href":"https:\/\/www.hginstrument.com\/pt\/wp-json\/wp\/v2\/product_cat?post=1047"},{"taxonomy":"product_tag","embeddable":true,"href":"https:\/\/www.hginstrument.com\/pt\/wp-json\/wp\/v2\/product_tag?post=1047"}],"curies":[{"name":"wp","href":"https:\/\/api.w.org\/{rel}","templated":true}]}}