{"id":1109,"date":"2021-07-01T13:40:26","date_gmt":"2021-07-01T05:40:26","guid":{"rendered":"http:\/\/201230ip92c2.adwebcloud.com\/?post_type=product&#038;p=1109"},"modified":"2021-10-12T10:46:58","modified_gmt":"2021-10-12T02:46:58","slug":"cable-type-float-level-switch","status":"publish","type":"product","link":"https:\/\/www.hginstrument.com\/pt\/level-controller\/cable-type-float-level-switch\/","title":{"rendered":"Interruptor de n\u00edvel flutuante tipo cabo"},"content":{"rendered":"<p><strong>Dados t\u00e9cnicos:<\/strong><\/p>\n<p>Capacidade de contacto: 10 A \/ 220 VAC<br \/>\n\u25cf Temperatura de trabalho: 0~ 80 \u2103<br \/>\nPara material pp: ponto de congela\u00e7\u00e3o m\u00e9dio ~ 80 \u2103<br \/>\nPara material met\u00e1lico: ponto de congela\u00e7\u00e3o m\u00e9dio ~ 180 \u2103<br \/>\nClassifica\u00e7\u00e3o de corrente: 10 A<br \/>\nVida \u00fatil do interrutor: 1 milh\u00e3o de vezes<br \/>\nComprimento do cabo: 3 m, 5 m ou 10 m<br \/>\nOp\u00e7\u00e3o de tipo: Flutuador simples com cabo, flutuador m\u00faltiplo com cabos e caixa de liga\u00e7\u00f5es<\/p>\n<p>&nbsp;<\/p>\n<p>&nbsp;<\/p>","protected":false},"excerpt":{"rendered":"<p>O interrutor de n\u00edvel de flutuador do tipo cabo \u00e9 econ\u00f3mico e pr\u00e1tico, adequado para detetar o n\u00edvel de \u00e1gua limpa<\/p>","protected":false},"featured_media":1178,"comment_status":"closed","ping_status":"closed","template":"","meta":[],"product_cat":[1259,1263],"product_tag":[],"acf":[],"_links":{"self":[{"href":"https:\/\/www.hginstrument.com\/pt\/wp-json\/wp\/v2\/product\/1109"}],"collection":[{"href":"https:\/\/www.hginstrument.com\/pt\/wp-json\/wp\/v2\/product"}],"about":[{"href":"https:\/\/www.hginstrument.com\/pt\/wp-json\/wp\/v2\/types\/product"}],"replies":[{"embeddable":true,"href":"https:\/\/www.hginstrument.com\/pt\/wp-json\/wp\/v2\/comments?post=1109"}],"wp:featuredmedia":[{"embeddable":true,"href":"https:\/\/www.hginstrument.com\/pt\/wp-json\/wp\/v2\/media\/1178"}],"wp:attachment":[{"href":"https:\/\/www.hginstrument.com\/pt\/wp-json\/wp\/v2\/media?parent=1109"}],"wp:term":[{"taxonomy":"product_cat","embeddable":true,"href":"https:\/\/www.hginstrument.com\/pt\/wp-json\/wp\/v2\/product_cat?post=1109"},{"taxonomy":"product_tag","embeddable":true,"href":"https:\/\/www.hginstrument.com\/pt\/wp-json\/wp\/v2\/product_tag?post=1109"}],"curies":[{"name":"wp","href":"https:\/\/api.w.org\/{rel}","templated":true}]}}