{"id":1199,"date":"2021-07-08T17:28:20","date_gmt":"2021-07-08T09:28:20","guid":{"rendered":"http:\/\/201230ip92c2.adwebcloud.com\/?post_type=product&#038;p=1199"},"modified":"2021-10-12T10:39:14","modified_gmt":"2021-10-12T02:39:14","slug":"single-float-level-switch","status":"publish","type":"product","link":"https:\/\/www.hginstrument.com\/pt\/level-controller\/single-float-level-switch\/","title":{"rendered":"Interruptor de n\u00edvel de flutuador \u00fanico"},"content":{"rendered":"<p><strong>Princ\u00edpio:<\/strong><\/p>\n<p>Sob a a\u00e7\u00e3o da flutua\u00e7\u00e3o ascendente, a boia oscila, o que faz com que uma outra extremidade da alavanca accione o micro-interrutor para atuar \"on\".<\/p>\n<p>&nbsp;<\/p>\n<p><strong>Dados t\u00e9cnicos:<\/strong><\/p>\n<p>Utilizado para controlo do n\u00edvel de l\u00edquido<br \/>\nTipo de montagem: montagem lateral ou montagem superior<br \/>\nLiga\u00e7\u00e3o ao processo: rosca ou flange<br \/>\nCaixa: alum\u00ednio fundido<br \/>\n\u25cf Tipo de interrutor: SPDT, taxa de contacto: 30 Watt<br \/>\nPress\u00e3o de funcionamento: M\u00e1x. 6 Bar<br \/>\n\u25cf Temperatura de funcionamento: -20 a 100 \u2103<br \/>\nMaterial da parte h\u00famida: SS304 \/ SS316<\/p>\n<p>&nbsp;<\/p>\n<p>&nbsp;<\/p>\n<p>&nbsp;<\/p>","protected":false},"excerpt":{"rendered":"<p>O interrutor de n\u00edvel de boia simples \u00e9 instalado na parte lateral do tanque. \u00c9 amplamente utilizado para controlar o n\u00edvel de l\u00edquidos, como \u00e1gua, \u00e1guas residuais, solu\u00e7\u00e3o \u00e1cida, solu\u00e7\u00e3o alcalina e gas\u00f3leo.<\/p>","protected":false},"featured_media":1350,"comment_status":"closed","ping_status":"closed","template":"","meta":[],"product_cat":[1259,1293],"product_tag":[],"acf":[],"_links":{"self":[{"href":"https:\/\/www.hginstrument.com\/pt\/wp-json\/wp\/v2\/product\/1199"}],"collection":[{"href":"https:\/\/www.hginstrument.com\/pt\/wp-json\/wp\/v2\/product"}],"about":[{"href":"https:\/\/www.hginstrument.com\/pt\/wp-json\/wp\/v2\/types\/product"}],"replies":[{"embeddable":true,"href":"https:\/\/www.hginstrument.com\/pt\/wp-json\/wp\/v2\/comments?post=1199"}],"wp:featuredmedia":[{"embeddable":true,"href":"https:\/\/www.hginstrument.com\/pt\/wp-json\/wp\/v2\/media\/1350"}],"wp:attachment":[{"href":"https:\/\/www.hginstrument.com\/pt\/wp-json\/wp\/v2\/media?parent=1199"}],"wp:term":[{"taxonomy":"product_cat","embeddable":true,"href":"https:\/\/www.hginstrument.com\/pt\/wp-json\/wp\/v2\/product_cat?post=1199"},{"taxonomy":"product_tag","embeddable":true,"href":"https:\/\/www.hginstrument.com\/pt\/wp-json\/wp\/v2\/product_tag?post=1199"}],"curies":[{"name":"wp","href":"https:\/\/api.w.org\/{rel}","templated":true}]}}