{"id":1208,"date":"2021-07-08T17:42:54","date_gmt":"2021-07-08T09:42:54","guid":{"rendered":"http:\/\/201230ip92c2.adwebcloud.com\/?post_type=product&#038;p=1208"},"modified":"2021-10-11T17:36:48","modified_gmt":"2021-10-11T09:36:48","slug":"top-mounting-displacer-level-switch","status":"publish","type":"product","link":"https:\/\/www.hginstrument.com\/pt\/level-controller\/top-mounting-displacer-level-switch\/","title":{"rendered":"Interruptor de n\u00edvel com deslocador de montagem superior"},"content":{"rendered":"<p><strong>Princ\u00edpio de funcionamento:<\/strong><\/p>\n<p>O deslocador imerso no l\u00edquido est\u00e1 sujeito \u00e0 gravidade para baixo, \u00e0 flutuabilidade para cima e \u00e0 for\u00e7a da mola para cima, quando as tr\u00eas for\u00e7as atingem um equil\u00edbrio, o deslocador fica est\u00e1tico numa determinada posi\u00e7\u00e3o. O deslocador est\u00e1 ligado \u00e0 haste magn\u00e9tica. Quando o deslocador se move para cima, o que faz com que a haste magn\u00e9tica entre no campo magn\u00e9tico do ponto de controlo, sob indu\u00e7\u00e3o magn\u00e9tica e acoplamento magn\u00e9tico, o contacto do interrutor de controlo magn\u00e9tico actua para fechar ou abrir; quando o deslocador se move para baixo, o que faz com que a haste magn\u00e9tica saia do campo magn\u00e9tico do ponto de controlo, o contacto do interrutor de controlo magn\u00e9tico \u00e9 reposto.<\/p>\n<p>&nbsp;<\/p>\n<p><strong>Dados t\u00e9cnicos:<\/strong><\/p>\n<p>Contacto do interrutor: 10A, 250VDC; 5A, 250 AC.<br \/>\n\u25cf Resist\u00eancia de isolamento: \u2265 1,0 x 10^12 \u03a9<br \/>\nFor\u00e7a el\u00e9ctrica: \u2265 12,0 MV\/m<br \/>\nResist\u00eancia ao calor: temperatura de distor\u00e7\u00e3o \u2265 480 \u2103<br \/>\nPress\u00e3o m\u00e1xima de funcionamento: com base na condi\u00e7\u00e3o do processo<br \/>\nResist\u00eancia ao envelhecimento: Exposi\u00e7\u00e3o \u00e0 luz solar no exterior durante 10 anos, resist\u00eancia n\u00e3o inferior a 60%.<br \/>\n\u25cf Temperatura de opera\u00e7\u00e3o ou caixa de fia\u00e7\u00e3o de alum\u00ednio: -50 ~ 480 \u2103<br \/>\n\u25cf \u00c0 prova de intemp\u00e9ries: IP65<br \/>\nLiga\u00e7\u00e3o el\u00e9ctrica: Rosca f\u00eamea M20*1,5<br \/>\n\u25cf \u00c0 prova de explos\u00e3o: Exia II CT4, Exd IIBT4<br \/>\nItem de op\u00e7\u00f5es: Isolar barreira segura<\/p>\n<p>&nbsp;<\/p>\n<p>&nbsp;<\/p>","protected":false},"excerpt":{"rendered":"<p>O interrutor de n\u00edvel de deslocador de montagem superior \u00e9 usado principalmente para a condi\u00e7\u00e3o de processo com alta temperatura ou alta press\u00e3o na ind\u00fastria de petr\u00f3leo, qu\u00edmica, energia, alimentos, farm\u00e1cia para controlar o n\u00edvel de l\u00edquido e alarme de sa\u00edda.<\/p>","protected":false},"featured_media":1207,"comment_status":"closed","ping_status":"closed","template":"","meta":[],"product_cat":[1259,1278],"product_tag":[],"acf":[],"_links":{"self":[{"href":"https:\/\/www.hginstrument.com\/pt\/wp-json\/wp\/v2\/product\/1208"}],"collection":[{"href":"https:\/\/www.hginstrument.com\/pt\/wp-json\/wp\/v2\/product"}],"about":[{"href":"https:\/\/www.hginstrument.com\/pt\/wp-json\/wp\/v2\/types\/product"}],"replies":[{"embeddable":true,"href":"https:\/\/www.hginstrument.com\/pt\/wp-json\/wp\/v2\/comments?post=1208"}],"wp:featuredmedia":[{"embeddable":true,"href":"https:\/\/www.hginstrument.com\/pt\/wp-json\/wp\/v2\/media\/1207"}],"wp:attachment":[{"href":"https:\/\/www.hginstrument.com\/pt\/wp-json\/wp\/v2\/media?parent=1208"}],"wp:term":[{"taxonomy":"product_cat","embeddable":true,"href":"https:\/\/www.hginstrument.com\/pt\/wp-json\/wp\/v2\/product_cat?post=1208"},{"taxonomy":"product_tag","embeddable":true,"href":"https:\/\/www.hginstrument.com\/pt\/wp-json\/wp\/v2\/product_tag?post=1208"}],"curies":[{"name":"wp","href":"https:\/\/api.w.org\/{rel}","templated":true}]}}