{"id":1226,"date":"2021-07-19T16:11:11","date_gmt":"2021-07-19T08:11:11","guid":{"rendered":"http:\/\/201230ip92c2.adwebcloud.com\/?post_type=product&#038;p=1226"},"modified":"2021-10-11T16:25:33","modified_gmt":"2021-10-11T08:25:33","slug":"rf-admittance-level-switch","status":"publish","type":"product","link":"https:\/\/www.hginstrument.com\/pt\/level-controller\/rf-admittance-level-switch\/","title":{"rendered":"Interruptor de n\u00edvel de admit\u00e2ncia de RF"},"content":{"rendered":"<p><strong>Dados t\u00e9cnicos:<\/strong><\/p>\n<p>\u25cf Switch capacity: 8A, 115VAC\/5A,<br \/>\n\u25cf Delay: 0 \u2013 30 S (adjustable)<br \/>\n\u25cf Power: 220VAC \/24VDC<br \/>\n\u25cf Sensitivity: 0.3 pF<br \/>\n\u25cf Operation temperature: -184 to 500\u2103<br \/>\n\u25cf Ambient temperature: -40 to 80\u2103<br \/>\n\u25cf Housing material: IP65<br \/>\n\u25cf Cable entry: M20*1.5<br \/>\nLiga\u00e7\u00e3o ao processo: rosca ou flange<\/p>\n<p>&nbsp;<\/p>\n<p><strong>Probe type:<\/strong><\/p>\n<table width=\"725\">\n<tbody>\n<tr>\n<td width=\"411\">\u3000<img class=\"alignnone wp-image-1244 size-full\" src=\"http:\/\/www.hginstrument.com\/wp-content\/uploads\/2021\/07\/probe1.jpg\" alt=\"probe1\" width=\"437\" height=\"115\" srcset=\"https:\/\/www.hginstrument.com\/wp-content\/uploads\/2021\/07\/probe1.jpg 437w, https:\/\/www.hginstrument.com\/wp-content\/uploads\/2021\/07\/probe1-300x79.jpg 300w\" sizes=\"(max-width: 437px) 100vw, 437px\" \/><\/td>\n<td width=\"314\">Standard probe<\/td>\n<\/tr>\n<tr>\n<td>\u3000<img class=\"alignnone wp-image-1245 size-full\" src=\"http:\/\/www.hginstrument.com\/wp-content\/uploads\/2021\/07\/probe2.jpg\" alt=\"probe2\" width=\"258\" height=\"175\" \/><\/td>\n<td width=\"314\">Flat-Plate probe, can resist the strike from large particle<\/td>\n<\/tr>\n<tr>\n<td>\u3000<img class=\"alignnone wp-image-1246 size-full\" src=\"http:\/\/www.hginstrument.com\/wp-content\/uploads\/2021\/07\/probe3.jpg\" alt=\"probe3\" width=\"444\" height=\"120\" srcset=\"https:\/\/www.hginstrument.com\/wp-content\/uploads\/2021\/07\/probe3.jpg 444w, https:\/\/www.hginstrument.com\/wp-content\/uploads\/2021\/07\/probe3-300x81.jpg 300w\" sizes=\"(max-width: 444px) 100vw, 444px\" \/><\/td>\n<td width=\"314\">Flexible probe, must be vertical installation, can be used as coal hanging switch<\/td>\n<\/tr>\n<tr>\n<td>\u3000<img class=\"alignnone wp-image-1247 size-full\" src=\"http:\/\/www.hginstrument.com\/wp-content\/uploads\/2021\/07\/probe4.jpg\" alt=\"probe4\" width=\"452\" height=\"147\" srcset=\"https:\/\/www.hginstrument.com\/wp-content\/uploads\/2021\/07\/probe4.jpg 452w, https:\/\/www.hginstrument.com\/wp-content\/uploads\/2021\/07\/probe4-300x98.jpg 300w\" sizes=\"(max-width: 452px) 100vw, 452px\" \/><\/td>\n<td width=\"314\">High temperature type probe<\/td>\n<\/tr>\n<\/tbody>\n<\/table>\n<p>&nbsp;<\/p>\n<p><strong>Esquema de instala\u00e7\u00e3o:<\/strong><\/p>\n<p>1- Top mounting for lower-limit alarm\u00a0 \u00a0 \u00a0 \u00a0 \u00a0 \u00a0 \u00a0 \u00a0 2- Side mounting for upper-limit alarm\u00a0 \u00a0 \u00a0 \u00a0 \u00a0 \u00a0 3- Side mounting for lower-limit alarm<\/p>\n<p><img class=\"alignnone wp-image-1243 size-full\" src=\"http:\/\/www.hginstrument.com\/wp-content\/uploads\/2021\/07\/installation.jpg\" alt=\"installation\" width=\"598\" height=\"467\" srcset=\"https:\/\/www.hginstrument.com\/wp-content\/uploads\/2021\/07\/installation.jpg 598w, https:\/\/www.hginstrument.com\/wp-content\/uploads\/2021\/07\/installation-300x234.jpg 300w\" sizes=\"(max-width: 598px) 100vw, 598px\" \/><\/p>\n<p>&nbsp;<\/p>\n<p>&nbsp;<\/p>","protected":false},"excerpt":{"rendered":"<p>RF admittance is a new level control technology developed from capacitive type, which prevents from hanging material, more reliable, more accurate and more applicable. It is an upgrade of capacitive level technology. RF admittance level switch is applicable for refined oil, gasoline, conductive slurry, solid powder and particle.<\/p>","protected":false},"featured_media":1239,"comment_status":"closed","ping_status":"closed","template":"","meta":[],"product_cat":[1259,1379],"product_tag":[],"acf":[],"_links":{"self":[{"href":"https:\/\/www.hginstrument.com\/pt\/wp-json\/wp\/v2\/product\/1226"}],"collection":[{"href":"https:\/\/www.hginstrument.com\/pt\/wp-json\/wp\/v2\/product"}],"about":[{"href":"https:\/\/www.hginstrument.com\/pt\/wp-json\/wp\/v2\/types\/product"}],"replies":[{"embeddable":true,"href":"https:\/\/www.hginstrument.com\/pt\/wp-json\/wp\/v2\/comments?post=1226"}],"wp:featuredmedia":[{"embeddable":true,"href":"https:\/\/www.hginstrument.com\/pt\/wp-json\/wp\/v2\/media\/1239"}],"wp:attachment":[{"href":"https:\/\/www.hginstrument.com\/pt\/wp-json\/wp\/v2\/media?parent=1226"}],"wp:term":[{"taxonomy":"product_cat","embeddable":true,"href":"https:\/\/www.hginstrument.com\/pt\/wp-json\/wp\/v2\/product_cat?post=1226"},{"taxonomy":"product_tag","embeddable":true,"href":"https:\/\/www.hginstrument.com\/pt\/wp-json\/wp\/v2\/product_tag?post=1226"}],"curies":[{"name":"wp","href":"https:\/\/api.w.org\/{rel}","templated":true}]}}