{"id":1596,"date":"2021-08-05T14:46:38","date_gmt":"2021-08-05T06:46:38","guid":{"rendered":"http:\/\/201230ip92c2.adwebcloud.com\/?post_type=product&#038;p=1596"},"modified":"2021-12-03T11:16:52","modified_gmt":"2021-12-03T03:16:52","slug":"monocrystalline-silicon-differential-pressure-transmitter-model-sydm-26","status":"publish","type":"product","link":"https:\/\/www.hginstrument.com\/pt\/pressure-differencial-pressure-transmitter\/monocrystalline-silicon-differential-pressure-transmitter-model-sydm-26\/","title":{"rendered":"Transmissor de press\u00e3o diferencial de sil\u00edcio monocristalino (Modelo: SYDM-26)"},"content":{"rendered":"<h5><strong>Caracter\u00edsticas:<\/strong><\/h5>\n<p>Meio: g\u00e1s, vapor ou l\u00edquido<br \/>\n\u25cf Precis\u00e3o: \u00b10,075%<br \/>\n\u25cf Sa\u00edda: 4 ~ 20mA + HART ( Pertencente \u00e0 Funda\u00e7\u00e3o de Comunica\u00e7\u00e3o HART )<br \/>\nMaterial do diafragma: SS316L \/ Hastelloy C \/ T\u00e2ntalo<br \/>\nCom prote\u00e7\u00e3o contra raios<br \/>\nCapacidade de lidar com picos de tens\u00e3o de at\u00e9 3000V<br \/>\nRevestimento da caixa: Pulveriza\u00e7\u00e3o eletrost\u00e1tica de p\u00f3 Dupont<br \/>\nCertificado CE, certificado SIL, certificado CNEX<\/p>\n<p>&nbsp;<\/p>\n<h5><strong>Dados t\u00e9cnicos:\u00a0<\/strong><\/h5>\n<p><strong>\u00a0\u25cf Princ\u00edpio:<\/strong> Sil\u00edcio monocristalino (com design de prote\u00e7\u00e3o contra raios)<br \/>\n<strong>\u00a0Meio aplic\u00e1vel:<\/strong> L\u00edquido, g\u00e1s, vapor<br \/>\n<strong>\u00a0\u25cf Gama DP:<\/strong><\/p>\n<table width=\"630\">\n<tbody>\n<tr>\n<td style=\"background-color: #d8d8d8; text-align: center; vertical-align: middle;\" rowspan=\"2\" width=\"73\">Gama<br \/>\nc\u00f3digo<\/td>\n<td style=\"background-color: #d8d8d8; text-align: center; vertical-align: middle;\" rowspan=\"2\" width=\"104\">M\u00ednimo<br \/>\nSpan<br \/>\n( Kpa )<\/td>\n<td style=\"background-color: #d8d8d8; text-align: center; vertical-align: middle;\" colspan=\"2\" width=\"300\">Limite de alcance do sensor ( Kpa )<\/td>\n<td style=\"background-color: #d8d8d8; text-align: center; vertical-align: middle;\" rowspan=\"2\" width=\"153\">Classifica\u00e7\u00e3o da press\u00e3o est\u00e1tica<br \/>\nOp\u00e7\u00e3o<\/td>\n<\/tr>\n<tr>\n<td style=\"background-color: #d8d8d8; text-align: center; vertical-align: middle;\" width=\"147\">Limite inferior da gama<br \/>\n(LRL)<\/td>\n<td style=\"background-color: #d8d8d8; text-align: center; vertical-align: middle;\" width=\"153\">Limite superior da gama<br \/>\n(URL)<\/td>\n<\/tr>\n<tr>\n<td style=\"text-align: center;\" width=\"73\">A<\/td>\n<td style=\"text-align: center;\" width=\"104\">1<\/td>\n<td style=\"text-align: center;\" width=\"147\">-6<\/td>\n<td style=\"text-align: center;\" width=\"153\">6<\/td>\n<td style=\"text-align: center;\">4 Mpa<\/td>\n<\/tr>\n<tr>\n<td style=\"text-align: center;\" width=\"73\">B<\/td>\n<td style=\"text-align: center;\" width=\"104\">2<\/td>\n<td style=\"text-align: center;\" width=\"147\">-40<\/td>\n<td style=\"text-align: center;\" width=\"153\">40<\/td>\n<td style=\"text-align: center;\">4 Mpa, 16 Mpa<\/td>\n<\/tr>\n<tr>\n<td style=\"text-align: center;\" width=\"73\">C<\/td>\n<td style=\"text-align: center;\" width=\"104\">12.5<\/td>\n<td style=\"text-align: center;\" width=\"147\">-100<\/td>\n<td style=\"text-align: center;\" width=\"153\">250<\/td>\n<td style=\"text-align: center;\">4 Mpa, 16 Mpa<\/td>\n<\/tr>\n<tr>\n<td style=\"text-align: center;\" width=\"73\">D<\/td>\n<td style=\"text-align: center;\" width=\"104\">50<\/td>\n<td style=\"text-align: center;\" width=\"147\">-100<\/td>\n<td style=\"text-align: center;\" width=\"153\">1000<\/td>\n<td style=\"text-align: center;\">4 Mpa, 16 Mpa<\/td>\n<\/tr>\n<tr>\n<td style=\"text-align: center;\" width=\"73\">E<\/td>\n<td style=\"text-align: center;\" width=\"104\">150<\/td>\n<td style=\"text-align: center;\" width=\"147\">-100<\/td>\n<td style=\"text-align: center;\" width=\"153\">3000<\/td>\n<td style=\"text-align: center;\">4 Mpa, 16 Mpa<\/td>\n<\/tr>\n<tr>\n<td style=\"text-align: center;\" width=\"73\">F<\/td>\n<td style=\"text-align: center;\" width=\"104\">500<\/td>\n<td style=\"text-align: center;\" width=\"147\">-100<\/td>\n<td style=\"text-align: center;\" width=\"153\">10000<\/td>\n<td style=\"text-align: center;\">16 Mpa<\/td>\n<\/tr>\n<\/tbody>\n<\/table>\n<p><strong>\u00a0R\u00e1cio de abertura de cama: <\/strong>100 : 1<br \/>\n<strong>\u00a0Op\u00e7\u00e3o de precis\u00e3o: <\/strong>\u00b10<strong>.<\/strong>075%, \u00b10<strong>.<\/strong>1%, 0.2%<br \/>\n<strong>\u00a0Efeito de extens\u00e3o:<\/strong><br \/>\n<strong>\u00a0 \u00a0 &gt; Para<\/strong><strong> precis\u00e3o 0,075% (c\u00f3digo da gama B - F): <\/strong><br \/>\nquando a rela\u00e7\u00e3o de Turndown \u00e9 1: 1 ~ 10: 1, o efeito \u00e9 0.075% da faixa de calibra\u00e7\u00e3o\uff1b<br \/>\nQuando o r\u00e1cio de abertura de cama \u00e9 superior a 10:1, o efeito \u00e9 \u00b1[ 0<strong>.<\/strong>002\u00d7Raz\u00e3o de rota\u00e7\u00e3o -0<strong>.<\/strong>1 ] %.<br \/>\n<strong>\u00a0 \u00a0&gt; Para<\/strong><strong> precis\u00e3o 0,1% (c\u00f3digo da gama A - F):<\/strong><br \/>\nquando a rela\u00e7\u00e3o de Turndown \u00e9 1: 1 ~ 10: 1, o efeito \u00e9 0.1% da faixa de calibra\u00e7\u00e3o\uff1b<br \/>\nQuando o r\u00e1cio de abertura de cama \u00e9 superior a 10:1, o efeito \u00e9 \u00b1[0<strong>.<\/strong>025\u00d7Raz\u00e3o de rota\u00e7\u00e3o -0<strong>.<\/strong>125 ] %.<br \/>\n<strong>\u00a0 \u00a0&gt; Para<\/strong><strong> precis\u00e3o 0,2% (c\u00f3digo da gama A - F):<\/strong><br \/>\nquando a rela\u00e7\u00e3o de Turndown \u00e9 1: 1 ~ 10: 1, o efeito \u00e9 0.2% da faixa de calibra\u00e7\u00e3o\uff1b<br \/>\nQuando o r\u00e1cio de abertura de cama \u00e9 superior a 10:1, o efeito \u00e9 \u00b1[0<strong>.<\/strong>03\u00d7R\u00e1cio de rota\u00e7\u00e3o -0<strong>.<\/strong>1 ] %.<br \/>\n<strong>\u00a0Estabilidade: <\/strong>no prazo de 36 meses, o erro \u00e9 de \u00b10<strong>.<\/strong>2% de Amplitude m\u00e1xima<br \/>\n<strong>\u00a0\u25cf <\/strong><strong style=\"font-size: 16px;\">Efeito da temperatura:<\/strong><br \/>\n<strong>\u00a0 \u00a0&gt; Para<\/strong><strong> precis\u00e3o 0,075%:<\/strong> O erro do ponto zero ou da gama completa \u00e9 de \u00b10<strong>.<\/strong>15% de V\u00e3o m\u00e1ximo \/ 28\u2103<br \/>\n<strong>\u00a0 \u00a0&gt; Para<\/strong><strong> exatid\u00e3o 0.1%: <\/strong>O erro do ponto zero ou da gama completa \u00e9 de \u00b10<strong>.<\/strong>2% de v\u00e3o m\u00e1ximo \/ 28\u2103<br \/>\n<strong>\u00a0 \u00a0&gt; Para<\/strong><strong> precis\u00e3o 0,2%: <\/strong>O erro do ponto zero ou da gama completa \u00e9 de \u00b10<strong>.<\/strong>25% de V\u00e3o m\u00e1ximo \/ 28\u2103<br \/>\n<strong>\u00a0Efeito da fonte de alimenta\u00e7\u00e3o: <\/strong>inferior a \u00b10<strong>.<\/strong>005% da gama de calibra\u00e7\u00e3o \/ V<br \/>\n<strong>\u00a0Efeito de vibra\u00e7\u00e3o: <\/strong>inferior a \u00b10<strong>.<\/strong>05% de Amplitude m\u00e1xima \/ g<br \/>\n<strong>\u00a0\u25cf Efeito de instala\u00e7\u00e3o: <\/strong>o desvio do ponto zero n\u00e3o \u00e9 superior a 0,25Kpa, este erro pode ser eliminado pela calibra\u00e7\u00e3o do ponto zero, que n\u00e3o afecta a gama do instrumento.<br \/>\n<strong>\u00a0\u25cf Caracter\u00edsticas el\u00e9ctricas<\/strong><br \/>\n<strong>\u00a0 \u00a0 &gt; Fonte de alimenta\u00e7\u00e3o (E ): <\/strong>24VDC ( 10,5 ~ 36 VDC )<br \/>\n<strong>\u00a0 \u00a0 &gt; Op\u00e7\u00e3o de sa\u00edda: <\/strong>4-20mA , 4-20mA(2-fios) + protocolo HART<\/p>\n<p><strong>\u00a0\u25cf Caracter\u00edstica de carga (R):<\/strong><\/p>\n<p><img class=\"alignnone wp-image-2975 size-full\" src=\"http:\/\/www.hginstrument.com\/wp-content\/uploads\/2021\/08\/sydm-26-r-load-.jpg\" alt=\"sydm 26 r carga\" width=\"652\" height=\"273\" srcset=\"https:\/\/www.hginstrument.com\/wp-content\/uploads\/2021\/08\/sydm-26-r-load-.jpg 652w, https:\/\/www.hginstrument.com\/wp-content\/uploads\/2021\/08\/sydm-26-r-load--300x126.jpg 300w, https:\/\/www.hginstrument.com\/wp-content\/uploads\/2021\/08\/sydm-26-r-load--600x251.jpg 600w\" sizes=\"(max-width: 652px) 100vw, 652px\" \/><\/p>\n<p>Par\u00e2metro de seguran\u00e7a intr\u00ednseca \u00e0 prova de explos\u00e3o: Ui=28VDC, Ii=93mA, Pi=0,65W, Ci=0\u03bcF, Li=0mH<br \/>\nCompatibilidade electromagn\u00e9tica: em conformidade com a norma IEC 61000-4<\/p>\n<p>&nbsp;<\/p>\n<p><strong>Equipamento de calibra\u00e7\u00e3o:<\/strong><\/p>\n<table width=\"867\">\n<tbody>\n<tr style=\"background-color: #d8d8d8;\">\n<td width=\"172\">Equipamento<\/td>\n<td width=\"177\">fabricante<\/td>\n<td width=\"153\">Precis\u00e3o do controlo<\/td>\n<td width=\"365\">Aplica\u00e7\u00e3o<\/td>\n<\/tr>\n<tr>\n<td style=\"vertical-align: middle;\">Mensor CPC6050<\/td>\n<td style=\"vertical-align: middle;\">Alemanha WIKA<\/td>\n<td style=\"vertical-align: middle;\">Classe 0.01<\/td>\n<td>Calibrar o transmissor de press\u00e3o \/ press\u00e3o diferencial<\/td>\n<\/tr>\n<tr>\n<td style=\"vertical-align: middle;\">Mensor CPC4000<\/td>\n<td style=\"vertical-align: middle;\">Alemanha WIKA<\/td>\n<td style=\"vertical-align: middle;\">Classe 0,02<\/td>\n<td>Calibrar o transmissor de press\u00e3o \/ press\u00e3o diferencial<\/td>\n<\/tr>\n<tr>\n<td style=\"vertical-align: middle;\">GE PACE60000<\/td>\n<td style=\"vertical-align: middle;\">EUA DRUCK<\/td>\n<td style=\"vertical-align: middle;\">Classe 0,02<\/td>\n<td>Calibrar transmissor de press\u00e3o \/ press\u00e3o diferencial com veda\u00e7\u00e3o remota tipo flange<\/td>\n<\/tr>\n<tr>\n<td>ConST836<\/td>\n<td>China.Beijing ConsT<\/td>\n<td>Classe 0,02<\/td>\n<td>Calibrar transmissor de press\u00e3o de grande gama<\/td>\n<\/tr>\n<\/tbody>\n<\/table>\n<p>&nbsp;<\/p>\n<p><strong>Op\u00e7\u00e3o de acess\u00f3rio:<\/strong><\/p>\n<p><img class=\"alignnone wp-image-1603 size-full\" src=\"http:\/\/www.hginstrument.com\/wp-content\/uploads\/2021\/08\/accessory-02.jpg\" alt=\"acess\u00f3rio 02\" width=\"978\" height=\"340\" srcset=\"https:\/\/www.hginstrument.com\/wp-content\/uploads\/2021\/08\/accessory-02.jpg 978w, https:\/\/www.hginstrument.com\/wp-content\/uploads\/2021\/08\/accessory-02-300x104.jpg 300w, https:\/\/www.hginstrument.com\/wp-content\/uploads\/2021\/08\/accessory-02-768x267.jpg 768w, https:\/\/www.hginstrument.com\/wp-content\/uploads\/2021\/08\/accessory-02-600x209.jpg 600w\" sizes=\"(max-width: 978px) 100vw, 978px\" \/><\/p>\n<p>Sif\u00e3o Coletor de v\u00e1lvulas de 3 vias Pote de condensa\u00e7\u00e3o Coletor de v\u00e1lvulas de 5 vias<\/p>\n<p>&nbsp;<\/p>\n<p>&nbsp;<\/p>\n<p>&nbsp;<\/p>","protected":false},"excerpt":{"rendered":"<p>O transmissor de press\u00e3o diferencial de sil\u00edcio monocristalino \u00e9 utilizado para medir a press\u00e3o diferencial de l\u00edquido, vapor ou g\u00e1s.<br \/>\nSe alguma ind\u00fastria tiver requisitos elevados, os componentes principais podem adotar o sensor de cer\u00e2mica e a tecnologia de fabrico da Endress+Hauser.<\/p>\n<p>&nbsp;<\/p>","protected":false},"featured_media":2442,"comment_status":"closed","ping_status":"closed","template":"","meta":[],"product_cat":[1406,1458],"product_tag":[],"acf":[],"_links":{"self":[{"href":"https:\/\/www.hginstrument.com\/pt\/wp-json\/wp\/v2\/product\/1596"}],"collection":[{"href":"https:\/\/www.hginstrument.com\/pt\/wp-json\/wp\/v2\/product"}],"about":[{"href":"https:\/\/www.hginstrument.com\/pt\/wp-json\/wp\/v2\/types\/product"}],"replies":[{"embeddable":true,"href":"https:\/\/www.hginstrument.com\/pt\/wp-json\/wp\/v2\/comments?post=1596"}],"wp:featuredmedia":[{"embeddable":true,"href":"https:\/\/www.hginstrument.com\/pt\/wp-json\/wp\/v2\/media\/2442"}],"wp:attachment":[{"href":"https:\/\/www.hginstrument.com\/pt\/wp-json\/wp\/v2\/media?parent=1596"}],"wp:term":[{"taxonomy":"product_cat","embeddable":true,"href":"https:\/\/www.hginstrument.com\/pt\/wp-json\/wp\/v2\/product_cat?post=1596"},{"taxonomy":"product_tag","embeddable":true,"href":"https:\/\/www.hginstrument.com\/pt\/wp-json\/wp\/v2\/product_tag?post=1596"}],"curies":[{"name":"wp","href":"https:\/\/api.w.org\/{rel}","templated":true}]}}