{"id":1625,"date":"2021-08-09T15:35:09","date_gmt":"2021-08-09T07:35:09","guid":{"rendered":"http:\/\/201230ip92c2.adwebcloud.com\/?post_type=product&#038;p=1625"},"modified":"2021-12-02T16:52:50","modified_gmt":"2021-12-02T08:52:50","slug":"monocrystalline-silicon-pressure-transmitter-model-sypm-26","status":"publish","type":"product","link":"https:\/\/www.hginstrument.com\/pt\/pressure-differencial-pressure-transmitter\/monocrystalline-silicon-pressure-transmitter-model-sypm-26\/","title":{"rendered":"Transmissor de press\u00e3o de sil\u00edcio monocristalino (Modelo: SYPM-26)"},"content":{"rendered":"<p><strong>Caracter\u00edsticas:<\/strong><br \/>\nMeio: g\u00e1s, vapor ou l\u00edquido<br \/>\n\u25cf Precis\u00e3o: \u00b10,075%<br \/>\n\u25cf Sa\u00edda: 4 ~ 20mA + HART ( Pertencente \u00e0 Funda\u00e7\u00e3o de Comunica\u00e7\u00e3o HART )<br \/>\nMaterial do diafragma: SS316L \/ Hastelloy C<br \/>\nCom prote\u00e7\u00e3o contra raios<br \/>\nCapacidade de lidar com picos de tens\u00e3o de at\u00e9 3000V<br \/>\nRevestimento da caixa: Pulveriza\u00e7\u00e3o eletrost\u00e1tica de p\u00f3 Dupont<br \/>\nCertificado CE, certificado SIL, certificado CNEX<\/p>\n<p>&nbsp;<\/p>\n<p><strong>Gama do sensor de press\u00e3o manom\u00e9trica:<\/strong><\/p>\n<table>\n<tbody>\n<tr>\n<td style=\"background-color: #d8d8d8; text-align: center; vertical-align: middle;\" rowspan=\"2\" width=\"83\">Press\u00e3o manom\u00e9trica<br \/>\nC\u00f3digo de intervalo<\/td>\n<td style=\"background-color: #d8d8d8; text-align: center;\" rowspan=\"2\" width=\"142\">\n<p style=\"text-align: center;\">V\u00e3o m\u00ednimo<\/p>\n<p style=\"text-align: center;\">( Kpa )<\/p>\n<\/td>\n<td style=\"background-color: #d8d8d8; text-align: center;\" colspan=\"2\" width=\"425\">\n<p style=\"text-align: center;\">Limite de alcance do sensor ( Kpa )<\/p>\n<\/td>\n<\/tr>\n<tr>\n<td style=\"background-color: #d8d8d8; text-align: center;\" width=\"217\">Limite de gama baixa (LRL)<\/td>\n<td style=\"background-color: #d8d8d8; text-align: center;\" width=\"208\">\n<p style=\"text-align: center;\">Limite superior da gama (URL)<\/p>\n<\/td>\n<\/tr>\n<tr>\n<td style=\"text-align: center;\" width=\"83\">A<\/td>\n<td style=\"text-align: center;\" width=\"142\">1<strong>.<\/strong>0<\/td>\n<td style=\"text-align: center;\" width=\"217\">-40<\/td>\n<td style=\"text-align: center;\" width=\"208\">40<\/td>\n<\/tr>\n<tr>\n<td style=\"text-align: center;\" width=\"83\">B<\/td>\n<td style=\"text-align: center;\" width=\"142\">12<strong>.<\/strong>5<\/td>\n<td style=\"text-align: center;\" width=\"217\">-100<\/td>\n<td style=\"text-align: center;\" width=\"208\">250<\/td>\n<\/tr>\n<tr>\n<td style=\"text-align: center;\" width=\"83\">C<\/td>\n<td style=\"text-align: center;\" width=\"142\">50<\/td>\n<td style=\"text-align: center;\" width=\"217\">-100<\/td>\n<td style=\"text-align: center;\" width=\"208\">1000<\/td>\n<\/tr>\n<tr>\n<td style=\"text-align: center;\" width=\"83\">D<\/td>\n<td style=\"text-align: center;\" width=\"142\">150<\/td>\n<td style=\"text-align: center;\" width=\"217\">-100<\/td>\n<td style=\"text-align: center;\" width=\"208\">3000<\/td>\n<\/tr>\n<tr>\n<td style=\"text-align: center;\" width=\"83\">E<\/td>\n<td style=\"text-align: center;\" width=\"142\">500<\/td>\n<td style=\"text-align: center;\" width=\"217\">-100<\/td>\n<td style=\"text-align: center;\" width=\"208\">10000<\/td>\n<\/tr>\n<tr>\n<td style=\"text-align: center;\" width=\"83\">F<\/td>\n<td style=\"text-align: center;\" width=\"142\">5000<\/td>\n<td style=\"text-align: center;\" width=\"217\">-100<\/td>\n<td style=\"text-align: center;\" width=\"208\">40000<\/td>\n<\/tr>\n<\/tbody>\n<\/table>\n<p>&nbsp;<\/p>\n<p><strong>Gama do sensor de press\u00e3o absoluta:<\/strong><\/p>\n<table>\n<tbody>\n<tr>\n<td style=\"background-color: #d8d8d8; text-align: center; vertical-align: middle;\" rowspan=\"2\" width=\"83\">Intervalo absoluto<br \/>\nc\u00f3digo<\/td>\n<td style=\"background-color: #d8d8d8; text-align: center; vertical-align: middle;\" rowspan=\"2\" width=\"142\">\n<p style=\"text-align: center;\">V\u00e3o m\u00ednimo<\/p>\n<p style=\"text-align: center;\">( Kpa )<\/p>\n<\/td>\n<td style=\"background-color: #d8d8d8; text-align: center; vertical-align: middle;\" colspan=\"2\" width=\"425\">Limite de alcance do sensor ( Kpa )<\/td>\n<\/tr>\n<tr>\n<td style=\"background-color: #d8d8d8; text-align: center; vertical-align: middle;\" width=\"217\">Limite de gama baixa (LRL)<\/td>\n<td style=\"background-color: #d8d8d8; text-align: center; vertical-align: middle;\" width=\"208\">Limite superior da gama (URL)<\/td>\n<\/tr>\n<tr>\n<td style=\"text-align: center;\" width=\"83\">I<\/td>\n<td style=\"text-align: center;\" width=\"142\">5<\/td>\n<td style=\"text-align: center;\" width=\"217\">0<\/td>\n<td style=\"text-align: center;\" width=\"208\">40<\/td>\n<\/tr>\n<tr>\n<td style=\"text-align: center;\" width=\"83\">J<\/td>\n<td style=\"text-align: center;\" width=\"142\">30<\/td>\n<td style=\"text-align: center;\" width=\"217\">0<\/td>\n<td style=\"text-align: center;\" width=\"208\">250<\/td>\n<\/tr>\n<tr>\n<td style=\"text-align: center;\" width=\"83\">K<\/td>\n<td style=\"text-align: center;\" width=\"142\">150<\/td>\n<td style=\"text-align: center;\" width=\"217\">0<\/td>\n<td style=\"text-align: center;\" width=\"208\">1000<\/td>\n<\/tr>\n<tr>\n<td style=\"text-align: center;\" width=\"83\">L<\/td>\n<td style=\"text-align: center;\" width=\"142\">500<\/td>\n<td style=\"text-align: center;\" width=\"217\">0<\/td>\n<td style=\"text-align: center;\" width=\"208\">10000<\/td>\n<\/tr>\n<\/tbody>\n<\/table>\n<p>&nbsp;<\/p>\n<p><strong>Equipamento de calibra\u00e7\u00e3o:<\/strong><\/p>\n<table width=\"867\">\n<tbody>\n<tr style=\"background-color: #d8d8d8;\">\n<td width=\"172\">Equipamento<\/td>\n<td width=\"177\">fabricante<\/td>\n<td width=\"153\">Precis\u00e3o do controlo<\/td>\n<td width=\"365\">Aplica\u00e7\u00e3o<\/td>\n<\/tr>\n<tr>\n<td style=\"vertical-align: middle;\">Mensor CPC6050<\/td>\n<td style=\"vertical-align: middle;\">Alemanha WIKA<\/td>\n<td style=\"vertical-align: middle;\">Classe 0.01<\/td>\n<td>Calibrar o transmissor de press\u00e3o \/ press\u00e3o diferencial<\/td>\n<\/tr>\n<tr>\n<td style=\"vertical-align: middle;\">Mensor CPC4000<\/td>\n<td style=\"vertical-align: middle;\">Alemanha WIKA<\/td>\n<td style=\"vertical-align: middle;\">Classe 0,02<\/td>\n<td>Calibrar o transmissor de press\u00e3o \/ press\u00e3o diferencial<\/td>\n<\/tr>\n<tr>\n<td style=\"vertical-align: middle;\">GE PACE60000<\/td>\n<td style=\"vertical-align: middle;\">EUA DRUCK<\/td>\n<td style=\"vertical-align: middle;\">Classe 0,02<\/td>\n<td>Calibrar transmissor de press\u00e3o \/ press\u00e3o diferencial com veda\u00e7\u00e3o remota tipo flange<\/td>\n<\/tr>\n<tr>\n<td>ConST836<\/td>\n<td>China.Beijing ConsT<\/td>\n<td>Classe 0,02<\/td>\n<td>Calibrar transmissor de press\u00e3o de grande gama<\/td>\n<\/tr>\n<\/tbody>\n<\/table>\n<p>&nbsp;<\/p>\n<p><strong>Op\u00e7\u00e3o de acess\u00f3rio:<\/strong><\/p>\n<p><img class=\"alignnone wp-image-1620 size-full\" src=\"http:\/\/www.hginstrument.com\/wp-content\/uploads\/2021\/08\/accessary-for-2088-1.jpg\" alt=\"acess\u00f3rio para 2088 1\" width=\"696\" height=\"361\" srcset=\"https:\/\/www.hginstrument.com\/wp-content\/uploads\/2021\/08\/accessary-for-2088-1.jpg 696w, https:\/\/www.hginstrument.com\/wp-content\/uploads\/2021\/08\/accessary-for-2088-1-300x156.jpg 300w, https:\/\/www.hginstrument.com\/wp-content\/uploads\/2021\/08\/accessary-for-2088-1-600x311.jpg 600w\" sizes=\"(max-width: 696px) 100vw, 696px\" \/><\/p>\n<p>Sif\u00e3o Dissipador de calor Coletor de v\u00e1lvulas de 2 vias<\/p>\n<p>&nbsp;<\/p>\n<p>&nbsp;<\/p>\n<p>&nbsp;<\/p>","protected":false},"excerpt":{"rendered":"<p>O transmissor de press\u00e3o de sil\u00edcio monocristalino \u00e9 usado para medir a press\u00e3o de l\u00edquido, g\u00e1s ou vapor no campo, o que requer alta precis\u00e3o.<br \/>\nSe alguma ind\u00fastria tiver requisitos elevados, os componentes principais podem adotar o sensor de cer\u00e2mica e a tecnologia de fabrico da Endress+Hauser.<\/p>","protected":false},"featured_media":2439,"comment_status":"closed","ping_status":"closed","template":"","meta":[],"product_cat":[1406,1457],"product_tag":[],"acf":[],"_links":{"self":[{"href":"https:\/\/www.hginstrument.com\/pt\/wp-json\/wp\/v2\/product\/1625"}],"collection":[{"href":"https:\/\/www.hginstrument.com\/pt\/wp-json\/wp\/v2\/product"}],"about":[{"href":"https:\/\/www.hginstrument.com\/pt\/wp-json\/wp\/v2\/types\/product"}],"replies":[{"embeddable":true,"href":"https:\/\/www.hginstrument.com\/pt\/wp-json\/wp\/v2\/comments?post=1625"}],"wp:featuredmedia":[{"embeddable":true,"href":"https:\/\/www.hginstrument.com\/pt\/wp-json\/wp\/v2\/media\/2439"}],"wp:attachment":[{"href":"https:\/\/www.hginstrument.com\/pt\/wp-json\/wp\/v2\/media?parent=1625"}],"wp:term":[{"taxonomy":"product_cat","embeddable":true,"href":"https:\/\/www.hginstrument.com\/pt\/wp-json\/wp\/v2\/product_cat?post=1625"},{"taxonomy":"product_tag","embeddable":true,"href":"https:\/\/www.hginstrument.com\/pt\/wp-json\/wp\/v2\/product_tag?post=1625"}],"curies":[{"name":"wp","href":"https:\/\/api.w.org\/{rel}","templated":true}]}}