{"id":1664,"date":"2021-08-11T11:02:15","date_gmt":"2021-08-11T03:02:15","guid":{"rendered":"http:\/\/201230ip92c2.adwebcloud.com\/?post_type=product&#038;p=1664"},"modified":"2021-10-11T15:05:04","modified_gmt":"2021-10-11T07:05:04","slug":"capsule-pressure-gauge","status":"publish","type":"product","link":"https:\/\/www.hginstrument.com\/pt\/pressure-gauge\/capsule-pressure-gauge\/","title":{"rendered":"Man\u00f3metro de c\u00e1psulas"},"content":{"rendered":"<p><strong>Caracter\u00edsticas:<\/strong><br \/>\n\u25cf Measuring process pressure of liquid or gas<br \/>\n\u25cf Operation temperature: &lt; 80 \u2103<br \/>\n\u25cf Pressure element type: diaphragm capsule<br \/>\n\u25cf Pressure scale: 0 ~ 60 Kpa<br \/>\n\u25cf Accuracy: 2.5% F.S.<br \/>\nTamanho do mostrador: 40mm, 65mm, 100mm, 150mm, 200mm, 250mm<br \/>\nMaterial da caixa: SS304 \/ SS316<br \/>\nMaterial de liga\u00e7\u00e3o ao processo: SS304 \/ SS316<br \/>\nOp\u00e7\u00e3o de acess\u00f3rios: sif\u00e3o, dissipador de calor, coletor de v\u00e1lvulas de 2 vias<\/p>\n<p>&nbsp;<\/p>\n<p><strong>Op\u00e7\u00e3o de acess\u00f3rio:<\/strong><\/p>\n<p><img class=\"alignnone wp-image-1565 size-full\" src=\"http:\/\/www.hginstrument.com\/wp-content\/uploads\/2021\/07\/accessary-for-pg.jpg\" alt=\"acess\u00f3rio para pg\" width=\"696\" height=\"361\" srcset=\"https:\/\/www.hginstrument.com\/wp-content\/uploads\/2021\/07\/accessary-for-pg.jpg 696w, https:\/\/www.hginstrument.com\/wp-content\/uploads\/2021\/07\/accessary-for-pg-300x156.jpg 300w, https:\/\/www.hginstrument.com\/wp-content\/uploads\/2021\/07\/accessary-for-pg-600x311.jpg 600w\" sizes=\"(max-width: 696px) 100vw, 696px\" \/><\/p>\n<p>&nbsp;<\/p>\n<p>&nbsp;<\/p>\n<p>&nbsp;<\/p>","protected":false},"excerpt":{"rendered":"<p>Princ\u00edpio: Os elementos sens\u00edveis \u00e0 press\u00e3o (como o tubo bourdon, a caixa de membrana, o fole) sofrem uma deforma\u00e7\u00e3o el\u00e1stica sob press\u00e3o e a deforma\u00e7\u00e3o da press\u00e3o \u00e9 conduzida para o ponteiro atrav\u00e9s do mecanismo de convers\u00e3o do movimento, o que faz com que o ponteiro rode para indicar a press\u00e3o.<\/p>","protected":false},"featured_media":1570,"comment_status":"closed","ping_status":"closed","template":"","meta":[],"product_cat":[1407,1497],"product_tag":[],"acf":[],"_links":{"self":[{"href":"https:\/\/www.hginstrument.com\/pt\/wp-json\/wp\/v2\/product\/1664"}],"collection":[{"href":"https:\/\/www.hginstrument.com\/pt\/wp-json\/wp\/v2\/product"}],"about":[{"href":"https:\/\/www.hginstrument.com\/pt\/wp-json\/wp\/v2\/types\/product"}],"replies":[{"embeddable":true,"href":"https:\/\/www.hginstrument.com\/pt\/wp-json\/wp\/v2\/comments?post=1664"}],"wp:featuredmedia":[{"embeddable":true,"href":"https:\/\/www.hginstrument.com\/pt\/wp-json\/wp\/v2\/media\/1570"}],"wp:attachment":[{"href":"https:\/\/www.hginstrument.com\/pt\/wp-json\/wp\/v2\/media?parent=1664"}],"wp:term":[{"taxonomy":"product_cat","embeddable":true,"href":"https:\/\/www.hginstrument.com\/pt\/wp-json\/wp\/v2\/product_cat?post=1664"},{"taxonomy":"product_tag","embeddable":true,"href":"https:\/\/www.hginstrument.com\/pt\/wp-json\/wp\/v2\/product_tag?post=1664"}],"curies":[{"name":"wp","href":"https:\/\/api.w.org\/{rel}","templated":true}]}}