{"id":1679,"date":"2021-08-11T15:30:41","date_gmt":"2021-08-11T07:30:41","guid":{"rendered":"http:\/\/201230ip92c2.adwebcloud.com\/?post_type=product&#038;p=1679"},"modified":"2021-10-14T13:57:20","modified_gmt":"2021-10-14T05:57:20","slug":"differential-pressure-gauge-with-general-static-pressure","status":"publish","type":"product","link":"https:\/\/www.hginstrument.com\/pt\/differential-pressure-gauge\/differential-pressure-gauge-with-general-static-pressure\/","title":{"rendered":"Man\u00f3metro de press\u00e3o diferencial com press\u00e3o est\u00e1tica geral"},"content":{"rendered":"<p><strong>Gama DP<\/strong><\/p>\n<p>0 ~ 1.6 Kpa, 0 ~ 2.5 Kpa, 0 ~ 4.0 Kpa, 0 ~ 5.0 Kpa, 0 ~ 6.0 Kpa, 0 ~ 10 Kpa, 0 ~ 16 Kpa, 0 ~ 25 Kpa,<br \/>\n0 ~ 40 Kpa, 0 ~ 60 Kpa, 0 ~ 100 Kpa, 0 ~ 160 Kpa, 0 ~ 250 Kpa<br \/>\n0 ~ 0.1 Mpa, 0 ~ 0.16 Mpa, 0 ~ 0.25 Mpa, 0 ~ 0.4 Mpa, 0 ~ 0.6 Mpa, 0 ~ 1 Mpa, 0 ~ 1.6 Mpa, 0 ~2.5 Mpa<\/p>\n<p>&nbsp;<\/p>\n<p><strong>Observa\u00e7\u00e3o: <\/strong>If differential pressure range is &lt; or = 10Kpa, only Dial of 150mm can be selected, and customer shall confirm the actual maximum static pressure.<\/p>\n<p><strong>Exatid\u00e3o: <\/strong>\u00a02.5%F.S.<\/p>\n<p>&nbsp;<\/p>\n<p><strong>Mounting style:<\/strong><\/p>\n<p>Bottom connection without panel\u00a0 \u00a0 \u00a0 \u00a0 \u00a0 \u00a0 \u00a0 \u00a0 \u00a0 \u00a0 Bottom connection and front panel<\/p>\n<p><img class=\"alignnone wp-image-1682 size-full\" src=\"http:\/\/www.hginstrument.com\/wp-content\/uploads\/2021\/08\/mdp-installation-1.jpg\" alt=\"mdp installation 1\" width=\"656\" height=\"237\" srcset=\"https:\/\/www.hginstrument.com\/wp-content\/uploads\/2021\/08\/mdp-installation-1.jpg 656w, https:\/\/www.hginstrument.com\/wp-content\/uploads\/2021\/08\/mdp-installation-1-300x108.jpg 300w, https:\/\/www.hginstrument.com\/wp-content\/uploads\/2021\/08\/mdp-installation-1-600x217.jpg 600w\" sizes=\"(max-width: 656px) 100vw, 656px\" \/><\/p>\n<p>&nbsp;<\/p>\n<p>Bottom connection and back panel\u00a0 \u00a0 \u00a0 \u00a0 \u00a0 \u00a0 \u00a0 \u00a0 \u00a0 \u00a0 \u00a0 \u00a0 \u00a0 \u00a0 \u00a0 \u00a0 \u00a0 \u00a0 \u00a0Back connection and front panel<\/p>\n<p><img class=\"alignnone wp-image-1683 size-full\" src=\"http:\/\/www.hginstrument.com\/wp-content\/uploads\/2021\/08\/mdp-installation-2.jpg\" alt=\"mdp installation 2\" width=\"656\" height=\"315\" srcset=\"https:\/\/www.hginstrument.com\/wp-content\/uploads\/2021\/08\/mdp-installation-2.jpg 656w, https:\/\/www.hginstrument.com\/wp-content\/uploads\/2021\/08\/mdp-installation-2-300x144.jpg 300w, https:\/\/www.hginstrument.com\/wp-content\/uploads\/2021\/08\/mdp-installation-2-600x288.jpg 600w\" sizes=\"(max-width: 656px) 100vw, 656px\" \/><\/p>\n<p>&nbsp;<\/p>\n<table>\n<tbody>\n<tr style=\"background-color: #d8d8d8;\">\n<td width=\"65\"><strong>Modelo<\/strong><\/td>\n<td width=\"54\"><strong>D<\/strong><\/td>\n<td width=\"54\"><strong>B<\/strong><\/td>\n<td width=\"54\"><strong>B1<\/strong><\/td>\n<td width=\"54\"><strong>B2<\/strong><\/td>\n<td width=\"54\"><strong>H1<\/strong><\/td>\n<td width=\"54\"><strong>H2<\/strong><\/td>\n<td width=\"54\"><strong>d0<\/strong><\/td>\n<td width=\"59\"><strong>d<\/strong><\/td>\n<td width=\"54\"><strong>d1<\/strong><\/td>\n<td width=\"54\"><strong>d2<\/strong><\/td>\n<td width=\"54\"><strong>L<\/strong><\/td>\n<\/tr>\n<tr>\n<td width=\"65\">MDP-100<\/td>\n<td width=\"54\">\u03c6111<\/td>\n<td width=\"54\">80<\/td>\n<td width=\"54\">34<\/td>\n<td width=\"54\">123<\/td>\n<td width=\"54\">106<\/td>\n<td width=\"54\">20<\/td>\n<td width=\"54\">\u03c6134<\/td>\n<td width=\"59\">M20*1.5<\/td>\n<td width=\"54\">\u03c66<\/td>\n<td width=\"54\">\u03c6117<\/td>\n<td width=\"54\">54<\/td>\n<\/tr>\n<tr>\n<td width=\"65\">MDP-150<\/td>\n<td width=\"54\">\u03c6161<\/td>\n<td width=\"54\">90<\/td>\n<td width=\"54\">40<\/td>\n<td width=\"54\">146<\/td>\n<td width=\"54\">131<\/td>\n<td width=\"54\">32<\/td>\n<td width=\"54\">\u03c6210<\/td>\n<td width=\"59\">M20*1.5<\/td>\n<td width=\"54\">\u03c66<\/td>\n<td width=\"54\">\u03c6180<\/td>\n<td width=\"54\">54<\/td>\n<\/tr>\n<tr>\n<td colspan=\"12\" width=\"666\"><strong>Observa\u00e7\u00e3o: <\/strong>The dimension for customized differential pressure gauge will be a bit different.<\/td>\n<\/tr>\n<\/tbody>\n<\/table>\n<p>&nbsp;<\/p>\n<p>&nbsp;<\/p>\n<p>&nbsp;<\/p>","protected":false},"excerpt":{"rendered":"<p>Os man\u00f3metros de press\u00e3o diferencial s\u00e3o adequados para medir a press\u00e3o diferencial entre duas fontes de press\u00e3o est\u00e1tica no controlo de processos industriais, tais como: perda de press\u00e3o e estado de funcionamento do filtro; perda de press\u00e3o da rede de tubagens; estado de funcionamento da v\u00e1lvula, etc.<\/p>","protected":false},"featured_media":1575,"comment_status":"closed","ping_status":"closed","template":"","meta":[],"product_cat":[1506,1507],"product_tag":[],"acf":[],"_links":{"self":[{"href":"https:\/\/www.hginstrument.com\/pt\/wp-json\/wp\/v2\/product\/1679"}],"collection":[{"href":"https:\/\/www.hginstrument.com\/pt\/wp-json\/wp\/v2\/product"}],"about":[{"href":"https:\/\/www.hginstrument.com\/pt\/wp-json\/wp\/v2\/types\/product"}],"replies":[{"embeddable":true,"href":"https:\/\/www.hginstrument.com\/pt\/wp-json\/wp\/v2\/comments?post=1679"}],"wp:featuredmedia":[{"embeddable":true,"href":"https:\/\/www.hginstrument.com\/pt\/wp-json\/wp\/v2\/media\/1575"}],"wp:attachment":[{"href":"https:\/\/www.hginstrument.com\/pt\/wp-json\/wp\/v2\/media?parent=1679"}],"wp:term":[{"taxonomy":"product_cat","embeddable":true,"href":"https:\/\/www.hginstrument.com\/pt\/wp-json\/wp\/v2\/product_cat?post=1679"},{"taxonomy":"product_tag","embeddable":true,"href":"https:\/\/www.hginstrument.com\/pt\/wp-json\/wp\/v2\/product_tag?post=1679"}],"curies":[{"name":"wp","href":"https:\/\/api.w.org\/{rel}","templated":true}]}}