{"id":1712,"date":"2021-08-13T09:26:44","date_gmt":"2021-08-13T01:26:44","guid":{"rendered":"http:\/\/201230ip92c2.adwebcloud.com\/?post_type=product&#038;p=1712"},"modified":"2021-10-11T15:55:13","modified_gmt":"2021-10-11T07:55:13","slug":"thermocouple","status":"publish","type":"product","link":"https:\/\/www.hginstrument.com\/pt\/temperature-instrument\/thermocouple\/","title":{"rendered":"Termopar"},"content":{"rendered":"<p><strong>Tipo de termopar:<\/strong><\/p>\n<table width=\"613\">\n<tbody>\n<tr style=\"background-color: #d8d8d8;\">\n<td width=\"97\">C\u00f3digo de tipo<\/td>\n<td width=\"170\">Material do fio t\u00e9rmico<\/td>\n<td width=\"131\">Gama de medi\u00e7\u00e3o<\/td>\n<td width=\"215\">Valor de toler\u00e2ncia<\/td>\n<\/tr>\n<tr>\n<td>B<\/td>\n<td>PtRh30-PtRh<\/td>\n<td>600 ~ 1700 \u2103<\/td>\n<td>\u00b11,5 \u2103 ou \u00b10,25% t<\/td>\n<\/tr>\n<tr>\n<td>S<\/td>\n<td>PtRh10-Pt<\/td>\n<td>0 ~ 1600 \u2103<\/td>\n<td>\u00b11,5 \u2103 ou \u00b10,25% t<\/td>\n<\/tr>\n<tr>\n<td>K<\/td>\n<td>Nicr-NiSi<\/td>\n<td>0 ~ 1200 \u2103<\/td>\n<td>\u00b12,5 \u2103 ou \u00b10,75% t<\/td>\n<\/tr>\n<tr>\n<td>E<\/td>\n<td>Nicr-CuNi<\/td>\n<td>0 ~ 800 \u2103<\/td>\n<td>\u00b12,5 \u2103 ou \u00b10,75% t<\/td>\n<\/tr>\n<tr>\n<td>T<\/td>\n<td>Cu-cuNi<\/td>\n<td>-40 ~ 350 \u2103<\/td>\n<td>\u00b11 \u2103 ou \u00b10,75% t<\/td>\n<\/tr>\n<tr>\n<td>J<\/td>\n<td>Te-CuNi<\/td>\n<td>0 ~ 800 \u2103<\/td>\n<td>\u00b12,5 \u2103 ou \u00b10,75% t<\/td>\n<\/tr>\n<tr>\n<td>N<\/td>\n<td>NiCrSi-NiSi<\/td>\n<td>0 ~ 1200 \u2103<\/td>\n<td>\u00b12,5 \u2103 ou \u00b10,75% t<\/td>\n<\/tr>\n<\/tbody>\n<\/table>\n<p>&nbsp;<\/p>\n<p><strong>Estrutura da sonda:<\/strong><\/p>\n<p><img class=\"alignnone wp-image-1715 size-full\" src=\"http:\/\/www.hginstrument.com\/wp-content\/uploads\/2021\/08\/th-structure.jpg\" alt=\"a estrutura\" width=\"322\" height=\"173\" srcset=\"https:\/\/www.hginstrument.com\/wp-content\/uploads\/2021\/08\/th-structure.jpg 322w, https:\/\/www.hginstrument.com\/wp-content\/uploads\/2021\/08\/th-structure-300x161.jpg 300w\" sizes=\"(max-width: 322px) 100vw, 322px\" \/><\/p>\n<p>&nbsp;<\/p>\n<p><strong>Informa\u00e7\u00f5es sobre a encomenda:<\/strong><br \/>\n\u25cf Meio medido:?<br \/>\n\u25cf Gama de temperaturas:?<br \/>\n\u25cf Tipo de sensor: ?<br \/>\n\u25cf Di\u00e2metro do sensor: ?<br \/>\n\u25cf Liga\u00e7\u00e3o do processo:?<br \/>\n\u25cf Comprimento de inser\u00e7\u00e3o e comprimento total:?<br \/>\n\u25cf Material: ?<\/p>\n<p>&nbsp;<\/p>\n<p>&nbsp;<\/p>\n<p>&nbsp;<\/p>","protected":false},"excerpt":{"rendered":"<p>O termopar \u00e9 constitu\u00eddo por um elemento t\u00e9rmico, um material de isolamento (cer\u00e2mica ou MgO) e um tubo de prote\u00e7\u00e3o.<\/p>","protected":false},"featured_media":1689,"comment_status":"closed","ping_status":"closed","template":"","meta":[],"product_cat":[1540,1542],"product_tag":[],"acf":[],"_links":{"self":[{"href":"https:\/\/www.hginstrument.com\/pt\/wp-json\/wp\/v2\/product\/1712"}],"collection":[{"href":"https:\/\/www.hginstrument.com\/pt\/wp-json\/wp\/v2\/product"}],"about":[{"href":"https:\/\/www.hginstrument.com\/pt\/wp-json\/wp\/v2\/types\/product"}],"replies":[{"embeddable":true,"href":"https:\/\/www.hginstrument.com\/pt\/wp-json\/wp\/v2\/comments?post=1712"}],"wp:featuredmedia":[{"embeddable":true,"href":"https:\/\/www.hginstrument.com\/pt\/wp-json\/wp\/v2\/media\/1689"}],"wp:attachment":[{"href":"https:\/\/www.hginstrument.com\/pt\/wp-json\/wp\/v2\/media?parent=1712"}],"wp:term":[{"taxonomy":"product_cat","embeddable":true,"href":"https:\/\/www.hginstrument.com\/pt\/wp-json\/wp\/v2\/product_cat?post=1712"},{"taxonomy":"product_tag","embeddable":true,"href":"https:\/\/www.hginstrument.com\/pt\/wp-json\/wp\/v2\/product_tag?post=1712"}],"curies":[{"name":"wp","href":"https:\/\/api.w.org\/{rel}","templated":true}]}}