{"id":1721,"date":"2021-08-13T09:50:04","date_gmt":"2021-08-13T01:50:04","guid":{"rendered":"http:\/\/201230ip92c2.adwebcloud.com\/?post_type=product&#038;p=1721"},"modified":"2021-10-12T14:20:02","modified_gmt":"2021-10-12T06:20:02","slug":"vibration-proof-bimetal-thermometer-temperature-gauge","status":"publish","type":"product","link":"https:\/\/www.hginstrument.com\/pt\/temperature-instrument\/vibration-proof-bimetal-thermometer-temperature-gauge\/","title":{"rendered":"Term\u00f3metro bimet\u00e1lico \u00e0 prova de vibra\u00e7\u00f5es (medidor de temperatura)"},"content":{"rendered":"<p><strong>Caracter\u00edsticas:<\/strong><br \/>\nMedir a temperatura do processo de l\u00edquido ou g\u00e1s<br \/>\nElemento de temperatura: fita bimet\u00e1lica<br \/>\nFaixa de temperatura: -80 ~ 40 \u2103; -40 ~ 80 \u2103; 0 ~ 50, 100, 150, 200, 250, 300, 400, 500 \u2103<br \/>\nPrecis\u00e3o: 1,6% F.S.<br \/>\nTamanho do mostrador: 65mm, 100mm, 150mm, 200mm<br \/>\nO mostrador do man\u00f3metro est\u00e1 cheio de glicerina ou \u00f3leo de silicone<br \/>\nMaterial da caixa: SS304 \/ SS316<br \/>\nMaterial de liga\u00e7\u00e3o ao processo: SS304 \/ SS316<\/p>\n<p>&nbsp;<\/p>\n<p><strong>Informa\u00e7\u00f5es sobre a encomenda:<\/strong><br \/>\n\u25cf Meio medido:?<br \/>\n\u25cf Gama de temperaturas:?<br \/>\n\u25cf Tamanho do mostrador: ?<br \/>\n\u25cf Di\u00e2metro da haste:?<br \/>\n\u25cf Liga\u00e7\u00e3o do processo:?<br \/>\n\u25cf Comprimento de inser\u00e7\u00e3o e comprimento total:?<br \/>\n\u25cf Material: ?<\/p>\n<p>&nbsp;<\/p>\n<p>&nbsp;<\/p>\n<p>&nbsp;<\/p>","protected":false},"excerpt":{"rendered":"<p>O elemento de temperatura do term\u00f3metro bimet\u00e1lico \u00e9 feito de uma tira bimet\u00e1lica que \u00e9 dobrada numa bobina, uma extremidade expande-se quando \u00e9 aquecida, enquanto faz rodar o ponteiro, que mostra a temperatura correspondente do meio. O mostrador do man\u00f3metro \u00e9 preenchido com \u00f3leo de glicerina e \u00f3leo de silicone para ser \u00e0 prova de vibra\u00e7\u00e3o.<\/p>","protected":false},"featured_media":1697,"comment_status":"closed","ping_status":"closed","template":"","meta":[],"product_cat":[1565,1540],"product_tag":[],"acf":[],"_links":{"self":[{"href":"https:\/\/www.hginstrument.com\/pt\/wp-json\/wp\/v2\/product\/1721"}],"collection":[{"href":"https:\/\/www.hginstrument.com\/pt\/wp-json\/wp\/v2\/product"}],"about":[{"href":"https:\/\/www.hginstrument.com\/pt\/wp-json\/wp\/v2\/types\/product"}],"replies":[{"embeddable":true,"href":"https:\/\/www.hginstrument.com\/pt\/wp-json\/wp\/v2\/comments?post=1721"}],"wp:featuredmedia":[{"embeddable":true,"href":"https:\/\/www.hginstrument.com\/pt\/wp-json\/wp\/v2\/media\/1697"}],"wp:attachment":[{"href":"https:\/\/www.hginstrument.com\/pt\/wp-json\/wp\/v2\/media?parent=1721"}],"wp:term":[{"taxonomy":"product_cat","embeddable":true,"href":"https:\/\/www.hginstrument.com\/pt\/wp-json\/wp\/v2\/product_cat?post=1721"},{"taxonomy":"product_tag","embeddable":true,"href":"https:\/\/www.hginstrument.com\/pt\/wp-json\/wp\/v2\/product_tag?post=1721"}],"curies":[{"name":"wp","href":"https:\/\/api.w.org\/{rel}","templated":true}]}}