{"id":1723,"date":"2021-08-13T10:00:40","date_gmt":"2021-08-13T02:00:40","guid":{"rendered":"http:\/\/201230ip92c2.adwebcloud.com\/?post_type=product&#038;p=1723"},"modified":"2021-10-12T14:20:59","modified_gmt":"2021-10-12T06:20:59","slug":"electric-contact-bi-metal-thermometer-temperature-gauge","status":"publish","type":"product","link":"https:\/\/www.hginstrument.com\/pt\/temperature-instrument\/electric-contact-bi-metal-thermometer-temperature-gauge\/","title":{"rendered":"Term\u00f3metro bimet\u00e1lico de contacto el\u00e9trico (medidor de temperatura)"},"content":{"rendered":"<p><strong>Caracter\u00edsticas:<\/strong><\/p>\n<p>Medir a temperatura do processo de l\u00edquido ou g\u00e1s<br \/>\n\u25cf Operation temperature: &lt; 80 \u2103<br \/>\nElemento de temperatura: fita bimet\u00e1lica<br \/>\nFaixa de temperatura: -80 ~ 40 \u2103; -40 ~ 80 \u2103; 0 ~ 50, 100, 150, 200, 250, 300, 400, 500 \u2103<br \/>\nPrecis\u00e3o: 1,6% F.S.<br \/>\nTamanho do mostrador: 65mm, 100mm, 150mm, 200mm<br \/>\n\u25cf Case material: SS304, Stem material: SS304 \/ SS316<br \/>\n\u25cf Alarm option: low-limit alarm, high-limit alarm<br \/>\n\u25cf Taxa de contacto: 30 Watt<br \/>\nFonte de alimenta\u00e7\u00e3o: 24VDC \/ 380VAC<br \/>\nMaterial de liga\u00e7\u00e3o ao processo: SS304 \/ SS316<\/p>\n<p>&nbsp;<\/p>\n<p><strong>Informa\u00e7\u00f5es sobre a encomenda:<\/strong><\/p>\n<p>\u25cf Meio medido:?<br \/>\n\u25cf Gama de temperaturas:?<br \/>\n\u25cf Tamanho do mostrador: ?<br \/>\n\u25cf Di\u00e2metro da haste:?<br \/>\n\u25cf Liga\u00e7\u00e3o do processo:?<br \/>\n\u25cf Stem length:?<br \/>\n\u25cf Material: ?<\/p>\n<p>&nbsp;<\/p>\n<p>&nbsp;<\/p>\n<p>&nbsp;<\/p>","protected":false},"excerpt":{"rendered":"<p>When temperature reaches the preset high limit or low limit, the contact will act open or close, which drives the relay to act in the circuit to implement automatic control and alarm.<\/p>","protected":false},"featured_media":1698,"comment_status":"closed","ping_status":"closed","template":"","meta":[],"product_cat":[1540,1566],"product_tag":[],"acf":[],"_links":{"self":[{"href":"https:\/\/www.hginstrument.com\/pt\/wp-json\/wp\/v2\/product\/1723"}],"collection":[{"href":"https:\/\/www.hginstrument.com\/pt\/wp-json\/wp\/v2\/product"}],"about":[{"href":"https:\/\/www.hginstrument.com\/pt\/wp-json\/wp\/v2\/types\/product"}],"replies":[{"embeddable":true,"href":"https:\/\/www.hginstrument.com\/pt\/wp-json\/wp\/v2\/comments?post=1723"}],"wp:featuredmedia":[{"embeddable":true,"href":"https:\/\/www.hginstrument.com\/pt\/wp-json\/wp\/v2\/media\/1698"}],"wp:attachment":[{"href":"https:\/\/www.hginstrument.com\/pt\/wp-json\/wp\/v2\/media?parent=1723"}],"wp:term":[{"taxonomy":"product_cat","embeddable":true,"href":"https:\/\/www.hginstrument.com\/pt\/wp-json\/wp\/v2\/product_cat?post=1723"},{"taxonomy":"product_tag","embeddable":true,"href":"https:\/\/www.hginstrument.com\/pt\/wp-json\/wp\/v2\/product_tag?post=1723"}],"curies":[{"name":"wp","href":"https:\/\/api.w.org\/{rel}","templated":true}]}}