{"id":1742,"date":"2021-08-13T11:02:52","date_gmt":"2021-08-13T03:02:52","guid":{"rendered":"http:\/\/201230ip92c2.adwebcloud.com\/?post_type=product&#038;p=1742"},"modified":"2021-10-12T14:22:09","modified_gmt":"2021-10-12T06:22:09","slug":"pr2400-paperless-recorder","status":"publish","type":"product","link":"https:\/\/www.hginstrument.com\/pt\/display-instrument\/pr2400-paperless-recorder\/","title":{"rendered":"Gravador sem papel PR2400"},"content":{"rendered":"<p><strong>Caracter\u00edsticas:<\/strong><\/p>\n<p>\u25cf Maximumly 4 Input channels<br \/>\n\u25cf Accept input signal of RTD, thermocouple B, S, K, E, J, R, N, T; 0-10mA, 0- 20mA, 4-20mA, 0-100mV, 0-5V, 0-10V<br \/>\n\u25cf Please specify before ordering for input of frequency.<br \/>\n\u25cf Communication: RS232, RS485<br \/>\n\u25cf Relay output (option), relay quantity at most 2 No.<br \/>\n\u25cf Analog output 4-20mA (option), at most one-way<br \/>\n\u25cf 24VDC power feedback (option), at most one loop<br \/>\n\u25cf Power supply: 220VAC, 24VDC(option), USB disk (option)<br \/>\n\u25cf Monocolor LCD, 2.1 inch, Resolution: 128 * 64 dot-matrix<\/p>\n<p>&nbsp;<\/p>\n<p><strong>Dimens\u00e3o:<\/strong><\/p>\n<p><img class=\"alignnone wp-image-1744 size-full\" src=\"http:\/\/www.hginstrument.com\/wp-content\/uploads\/2021\/08\/pr2400-dimension.jpg\" alt=\"pr2400 dimension\" width=\"443\" height=\"280\" srcset=\"https:\/\/www.hginstrument.com\/wp-content\/uploads\/2021\/08\/pr2400-dimension.jpg 443w, https:\/\/www.hginstrument.com\/wp-content\/uploads\/2021\/08\/pr2400-dimension-300x190.jpg 300w\" sizes=\"(max-width: 443px) 100vw, 443px\" \/><\/p>\n<p>&nbsp;<\/p>\n<p>&nbsp;<\/p>\n<p>&nbsp;<\/p>","protected":false},"excerpt":{"rendered":"<p>O gravador sem papel \u00e9 utilizado para recolher dados medidos a partir de instrumentos de medi\u00e7\u00e3o no dom\u00ednio industrial, tais como temperatura, press\u00e3o, caudal, n\u00edvel de l\u00edquido, tens\u00e3o, corrente, humidade, frequ\u00eancia, vibra\u00e7\u00e3o, velocidade, etc. O registador sem papel tem as caracter\u00edsticas de registo sem papel, bom desempenho em tempo real, alta precis\u00e3o, com fun\u00e7\u00f5es de comunica\u00e7\u00e3o, consulta e inteligentes. As principais aplica\u00e7\u00f5es s\u00e3o: metalurgia, petr\u00f3leo, qu\u00edmica, materiais de constru\u00e7\u00e3o, papel, alimenta\u00e7\u00e3o, farmac\u00eautica, universidades, investiga\u00e7\u00e3o biol\u00f3gica, tratamento t\u00e9rmico, tratamento de \u00e1gua e outras instala\u00e7\u00f5es industriais e uma variedade de cen\u00e1rios de aplica\u00e7\u00e3o IOT inteligentes.<\/p>","protected":false},"featured_media":1732,"comment_status":"closed","ping_status":"closed","template":"","meta":[],"product_cat":[1571,1576],"product_tag":[],"acf":[],"_links":{"self":[{"href":"https:\/\/www.hginstrument.com\/pt\/wp-json\/wp\/v2\/product\/1742"}],"collection":[{"href":"https:\/\/www.hginstrument.com\/pt\/wp-json\/wp\/v2\/product"}],"about":[{"href":"https:\/\/www.hginstrument.com\/pt\/wp-json\/wp\/v2\/types\/product"}],"replies":[{"embeddable":true,"href":"https:\/\/www.hginstrument.com\/pt\/wp-json\/wp\/v2\/comments?post=1742"}],"wp:featuredmedia":[{"embeddable":true,"href":"https:\/\/www.hginstrument.com\/pt\/wp-json\/wp\/v2\/media\/1732"}],"wp:attachment":[{"href":"https:\/\/www.hginstrument.com\/pt\/wp-json\/wp\/v2\/media?parent=1742"}],"wp:term":[{"taxonomy":"product_cat","embeddable":true,"href":"https:\/\/www.hginstrument.com\/pt\/wp-json\/wp\/v2\/product_cat?post=1742"},{"taxonomy":"product_tag","embeddable":true,"href":"https:\/\/www.hginstrument.com\/pt\/wp-json\/wp\/v2\/product_tag?post=1742"}],"curies":[{"name":"wp","href":"https:\/\/api.w.org\/{rel}","templated":true}]}}