{"id":1751,"date":"2021-08-13T13:52:55","date_gmt":"2021-08-13T05:52:55","guid":{"rendered":"http:\/\/201230ip92c2.adwebcloud.com\/?post_type=product&#038;p=1751"},"modified":"2021-10-12T14:23:26","modified_gmt":"2021-10-12T06:23:26","slug":"pr6100-paperless-recorder","status":"publish","type":"product","link":"https:\/\/www.hginstrument.com\/pt\/display-instrument\/pr6100-paperless-recorder\/","title":{"rendered":"Gravador sem papel PR6100"},"content":{"rendered":"<p><strong>Caracter\u00edsticas:<\/strong><\/p>\n<p>\u25cf Color LCD, 16 Input channels at most<br \/>\n\u25cf Accept input signal of RTD, thermocouple B, S, K, E, J, R, N, T; 0-10mA, 0-20mA, 4-20mA, 0-100mV, 0-5V, 0-10V<br \/>\n\u25cf Please specify before ordering for input of frequency.<br \/>\n\u25cf Communication: RS232, RS485, Ethernet<br \/>\n\u25cf Relay output (option), relay quantity at most 12 No.s<br \/>\n\u25cf Input channel QTY + relay QTY\u226424<br \/>\n\u25cf Analog output 4-20mA (option), at most 4-way<br \/>\n\u25cf 24VDC power feedback (option), at most 4 loops<br \/>\n\u25cf Power supply: 220VAC, 24VDC (option), USB disk (option)<br \/>\n\u25cf Monocolor LCD (PR5100), Color LCD (PR6100)<br \/>\n\u25cf 5.6 inch, Resolution: 320 * 240 dot-matrix<\/p>\n<p>&nbsp;<\/p>\n<p><strong>Dimens\u00e3o:<\/strong><\/p>\n<p><img class=\"alignnone wp-image-1748 size-full\" src=\"http:\/\/www.hginstrument.com\/wp-content\/uploads\/2021\/08\/pr5100-dimension.jpg\" alt=\"pr5100 dimension\" width=\"469\" height=\"398\" srcset=\"https:\/\/www.hginstrument.com\/wp-content\/uploads\/2021\/08\/pr5100-dimension.jpg 469w, https:\/\/www.hginstrument.com\/wp-content\/uploads\/2021\/08\/pr5100-dimension-300x255.jpg 300w\" sizes=\"(max-width: 469px) 100vw, 469px\" \/><\/p>\n<p>&nbsp;<\/p>\n<p>&nbsp;<\/p>\n<p>&nbsp;<\/p>","protected":false},"excerpt":{"rendered":"<p>O gravador sem papel \u00e9 utilizado para recolher dados medidos a partir de instrumentos de medi\u00e7\u00e3o no dom\u00ednio industrial, tais como temperatura, press\u00e3o, caudal, n\u00edvel de l\u00edquido, tens\u00e3o, corrente, humidade, frequ\u00eancia, vibra\u00e7\u00e3o, velocidade, etc. O registador sem papel tem as caracter\u00edsticas de registo sem papel, bom desempenho em tempo real, alta precis\u00e3o, com fun\u00e7\u00f5es de comunica\u00e7\u00e3o, consulta e inteligentes. As principais aplica\u00e7\u00f5es s\u00e3o: metalurgia, petr\u00f3leo, qu\u00edmica, materiais de constru\u00e7\u00e3o, papel, alimenta\u00e7\u00e3o, farmac\u00eautica, universidades, investiga\u00e7\u00e3o biol\u00f3gica, tratamento t\u00e9rmico, tratamento de \u00e1gua e outras instala\u00e7\u00f5es industriais e uma variedade de cen\u00e1rios de aplica\u00e7\u00e3o IOT inteligentes.<\/p>","protected":false},"featured_media":1737,"comment_status":"closed","ping_status":"closed","template":"","meta":[],"product_cat":[1571,1578],"product_tag":[],"acf":[],"_links":{"self":[{"href":"https:\/\/www.hginstrument.com\/pt\/wp-json\/wp\/v2\/product\/1751"}],"collection":[{"href":"https:\/\/www.hginstrument.com\/pt\/wp-json\/wp\/v2\/product"}],"about":[{"href":"https:\/\/www.hginstrument.com\/pt\/wp-json\/wp\/v2\/types\/product"}],"replies":[{"embeddable":true,"href":"https:\/\/www.hginstrument.com\/pt\/wp-json\/wp\/v2\/comments?post=1751"}],"wp:featuredmedia":[{"embeddable":true,"href":"https:\/\/www.hginstrument.com\/pt\/wp-json\/wp\/v2\/media\/1737"}],"wp:attachment":[{"href":"https:\/\/www.hginstrument.com\/pt\/wp-json\/wp\/v2\/media?parent=1751"}],"wp:term":[{"taxonomy":"product_cat","embeddable":true,"href":"https:\/\/www.hginstrument.com\/pt\/wp-json\/wp\/v2\/product_cat?post=1751"},{"taxonomy":"product_tag","embeddable":true,"href":"https:\/\/www.hginstrument.com\/pt\/wp-json\/wp\/v2\/product_tag?post=1751"}],"curies":[{"name":"wp","href":"https:\/\/api.w.org\/{rel}","templated":true}]}}