{"id":1753,"date":"2021-08-13T14:02:44","date_gmt":"2021-08-13T06:02:44","guid":{"rendered":"http:\/\/201230ip92c2.adwebcloud.com\/?post_type=product&#038;p=1753"},"modified":"2021-10-12T14:24:03","modified_gmt":"2021-10-12T06:24:03","slug":"pr8100-paperless-recorder","status":"publish","type":"product","link":"https:\/\/www.hginstrument.com\/pt\/display-instrument\/pr8100-paperless-recorder\/","title":{"rendered":"Gravador sem papel PR8100"},"content":{"rendered":"<p><strong>Caracter\u00edsticas:<\/strong><\/p>\n<p><strong>Sistema<\/strong><br \/>\nUtilizando o mais recente circuito integrado de grande escala<br \/>\nUtiliza\u00e7\u00e3o do microprocessador ARM de 32 bits de alta velocidade e elevado desempenho<br \/>\n\u25cf TFT de 10,4 polegadas com matriz de pontos de 640x 480, LCD gr\u00e1fico a cores e de elevado brilho, retroilumina\u00e7\u00e3o CCFL, imagem n\u00edtida, cores brilhantes e \u00e2ngulos de visualiza\u00e7\u00e3o amplos.<br \/>\nEntrada universal totalmente isolada, que pode introduzir uma variedade de sinais. Pode ser configurada por software sem jumper.<br \/>\nNova fonte de alimenta\u00e7\u00e3o comutada, que pode funcionar corretamente na gama de 85 VCA ~ 265 VCA.<br \/>\nRel\u00f3gio em tempo real de hardware integrado, que pode funcionar com precis\u00e3o em caso de falha de energia.<br \/>\nFornecer distribui\u00e7\u00e3o de energia isolada de 24VDC para o transmissor.<br \/>\nGrande capacidade de armazenamento de chips de mem\u00f3ria FLASH para armazenar dados hist\u00f3ricos, que nunca perder\u00e3o dados em caso de desativa\u00e7\u00e3o.<br \/>\nSa\u00edda de alarme de rel\u00e9 de 24 vias.<\/p>\n<p><strong>Sinal<\/strong><br \/>\n\u00c9 poss\u00edvel introduzir uma variedade de sinais padr\u00e3o: corrente padr\u00e3o, tens\u00e3o padr\u00e3o, frequ\u00eancia, milivolt, termopar, resist\u00eancia t\u00e9rmica.<br \/>\nPrecis\u00e3o do sinal de escala completa: \u00b1 0,2%.<br \/>\nS\u00e3o utilizados dispositivos optoelectr\u00f3nicos entre os canais e estes est\u00e3o completamente isolados.<br \/>\nFornecimento de 4-20mA padr\u00e3o para a sa\u00edda do transmissor.<\/p>\n<p><strong>Software<\/strong><br \/>\nUtilizar uma palavra-passe para proteger os dados de configura\u00e7\u00e3o.<br \/>\nConfigura\u00e7\u00e3o f\u00e1cil do menu. Pode ser configurado livremente e apresentar o n\u00famero da etiqueta de engenharia e as unidades de engenharia.<br \/>\nAs grandezas de engenharia apresentam uma vasta gama de valores. Pode apresentar cinco d\u00edgitos: -9999~ 19999, e tamb\u00e9m suporta a apresenta\u00e7\u00e3o de nota\u00e7\u00e3o cient\u00edfica de v\u00e1cuo.<br \/>\nIndicar o alarme de limite baixo baixo, alarme de limite baixo, alarme de limite alto, alarme de limite alto alto de todos os canais simultaneamente. Pode registar at\u00e9 15 alarmes recentes.<br \/>\nCada canal suporta a fun\u00e7\u00e3o de acumula\u00e7\u00e3o de fluxo e fornece relat\u00f3rios hor\u00e1rios, relat\u00f3rios de turnos de 8 horas, relat\u00f3rios de turnos de 12 horas, relat\u00f3rios di\u00e1rios e mensais e outros relat\u00f3rios.<br \/>\nO modo de visualiza\u00e7\u00e3o de tend\u00eancias pode selecionar tend\u00eancia horizontal ou tend\u00eancia vertical.<br \/>\nS\u00e3o fornecidos 5 grupos de combina\u00e7\u00e3o de tend\u00eancias, e cada grupo pode ser livre para escolher o canal, livre e a cor das tend\u00eancias.<br \/>\nPossui um poderoso m\u00e9todo de entrada T6 que \u00e9 f\u00e1cil de utilizar. Suporta a introdu\u00e7\u00e3o de n\u00fameros, caracteres, s\u00edmbolos especiais, subscritos e sobrescritos, etc.<\/p>\n<p><strong>Comunica\u00e7\u00e3o<\/strong><br \/>\nInterface de comunica\u00e7\u00e3o s\u00e9rie standard: RS-485 ou RS-232C.<br \/>\nEle suporta o protocolo de comunica\u00e7\u00e3o Modbus-RTU padr\u00e3o, fornecendo uma variedade de tipos de dados, como a percentagem, quantidades de engenharia, acumula\u00e7\u00e3o e assim por diante. Para al\u00e9m de suportar o software de gest\u00e3o de dados da nossa empresa, tamb\u00e9m suporta algum software de configura\u00e7\u00e3o profissional popular, como o iFIX, MCGS, etc.<br \/>\nUtiliza a interface USB2.0 para transfer\u00eancia, armazenamento e c\u00f3pia de seguran\u00e7a de registos hist\u00f3ricos. Pode suportar unidades flash USB de 8G no m\u00e1ximo.<br \/>\nSuporta o sistema de ficheiros FAT32. O Windows pode identificar automaticamente os ficheiros de dados de c\u00f3pia de seguran\u00e7a sem convers\u00e3o de formato.<br \/>\nPode ligar-se a uma micro-impressora externa, para que possa imprimir manualmente dados e tend\u00eancias, e imprimir automaticamente em tempo real numa base regular para satisfazer as necessidades do utilizador de imprimir no campo.<\/p>\n<p><strong>Dimens\u00e3o:<\/strong><\/p>\n<p><img class=\"alignnone wp-image-1755\" src=\"http:\/\/www.hginstrument.com\/wp-content\/uploads\/2021\/08\/pr8100-dimension.jpg\" alt=\"pr8100 dimens\u00e3o\" width=\"655\" height=\"573\" srcset=\"https:\/\/www.hginstrument.com\/wp-content\/uploads\/2021\/08\/pr8100-dimension.jpg 875w, https:\/\/www.hginstrument.com\/wp-content\/uploads\/2021\/08\/pr8100-dimension-300x262.jpg 300w, https:\/\/www.hginstrument.com\/wp-content\/uploads\/2021\/08\/pr8100-dimension-768x671.jpg 768w, https:\/\/www.hginstrument.com\/wp-content\/uploads\/2021\/08\/pr8100-dimension-600x525.jpg 600w\" sizes=\"(max-width: 655px) 100vw, 655px\" \/><\/p>\n<p>&nbsp;<\/p>\n<p>&nbsp;<\/p>\n<p>&nbsp;<\/p>\n<p>&nbsp;<\/p>","protected":false},"excerpt":{"rendered":"<p>O gravador sem papel \u00e9 utilizado para recolher dados medidos a partir de instrumentos de medi\u00e7\u00e3o no dom\u00ednio industrial, tais como temperatura, press\u00e3o, caudal, n\u00edvel de l\u00edquido, tens\u00e3o, corrente, humidade, frequ\u00eancia, vibra\u00e7\u00e3o, velocidade, etc. O registador sem papel tem as caracter\u00edsticas de registo sem papel, bom desempenho em tempo real, alta precis\u00e3o, com fun\u00e7\u00f5es de comunica\u00e7\u00e3o, consulta e inteligentes. As principais aplica\u00e7\u00f5es s\u00e3o: metalurgia, petr\u00f3leo, qu\u00edmica, materiais de constru\u00e7\u00e3o, papel, alimenta\u00e7\u00e3o, farmac\u00eautica, universidades, investiga\u00e7\u00e3o biol\u00f3gica, tratamento t\u00e9rmico, tratamento de \u00e1gua e outras instala\u00e7\u00f5es industriais e uma variedade de cen\u00e1rios de aplica\u00e7\u00e3o IOT inteligentes.<\/p>","protected":false},"featured_media":1740,"comment_status":"closed","ping_status":"closed","template":"","meta":[],"product_cat":[1571,1579],"product_tag":[],"acf":[],"_links":{"self":[{"href":"https:\/\/www.hginstrument.com\/pt\/wp-json\/wp\/v2\/product\/1753"}],"collection":[{"href":"https:\/\/www.hginstrument.com\/pt\/wp-json\/wp\/v2\/product"}],"about":[{"href":"https:\/\/www.hginstrument.com\/pt\/wp-json\/wp\/v2\/types\/product"}],"replies":[{"embeddable":true,"href":"https:\/\/www.hginstrument.com\/pt\/wp-json\/wp\/v2\/comments?post=1753"}],"wp:featuredmedia":[{"embeddable":true,"href":"https:\/\/www.hginstrument.com\/pt\/wp-json\/wp\/v2\/media\/1740"}],"wp:attachment":[{"href":"https:\/\/www.hginstrument.com\/pt\/wp-json\/wp\/v2\/media?parent=1753"}],"wp:term":[{"taxonomy":"product_cat","embeddable":true,"href":"https:\/\/www.hginstrument.com\/pt\/wp-json\/wp\/v2\/product_cat?post=1753"},{"taxonomy":"product_tag","embeddable":true,"href":"https:\/\/www.hginstrument.com\/pt\/wp-json\/wp\/v2\/product_tag?post=1753"}],"curies":[{"name":"wp","href":"https:\/\/api.w.org\/{rel}","templated":true}]}}