{"id":1790,"date":"2021-08-16T16:38:09","date_gmt":"2021-08-16T08:38:09","guid":{"rendered":"http:\/\/201230ip92c2.adwebcloud.com\/?post_type=product&#038;p=1790"},"modified":"2021-10-12T14:31:18","modified_gmt":"2021-10-12T06:31:18","slug":"ph-electrode-glass-shell","status":"publish","type":"product","link":"https:\/\/www.hginstrument.com\/pt\/analysis-instrument\/ph-electrode-glass-shell\/","title":{"rendered":"El\u00e9trodo PH (concha de vidro)"},"content":{"rendered":"<p><strong>Estrutura do el\u00e9trodo PH:<\/strong><\/p>\n<p><img class=\"alignnone wp-image-1792 size-full\" src=\"http:\/\/www.hginstrument.com\/wp-content\/uploads\/2021\/08\/ph-electrode-structure.jpg\" alt=\"estrutura do el\u00e9trodo ph\" width=\"597\" height=\"227\" srcset=\"https:\/\/www.hginstrument.com\/wp-content\/uploads\/2021\/08\/ph-electrode-structure.jpg 597w, https:\/\/www.hginstrument.com\/wp-content\/uploads\/2021\/08\/ph-electrode-structure-300x114.jpg 300w\" sizes=\"(max-width: 597px) 100vw, 597px\" \/><\/p>\n<p>&nbsp;<\/p>\n<p><strong>Dimens\u00e3o:<\/strong><\/p>\n<p><img class=\"alignnone wp-image-1793 size-full\" src=\"http:\/\/www.hginstrument.com\/wp-content\/uploads\/2021\/08\/dimension.jpg\" alt=\"dimens\u00e3o\" width=\"905\" height=\"469\" srcset=\"https:\/\/www.hginstrument.com\/wp-content\/uploads\/2021\/08\/dimension.jpg 905w, https:\/\/www.hginstrument.com\/wp-content\/uploads\/2021\/08\/dimension-300x155.jpg 300w, https:\/\/www.hginstrument.com\/wp-content\/uploads\/2021\/08\/dimension-768x398.jpg 768w, https:\/\/www.hginstrument.com\/wp-content\/uploads\/2021\/08\/dimension-600x311.jpg 600w\" sizes=\"(max-width: 905px) 100vw, 905px\" \/><\/p>\n<p>&nbsp;<\/p>\n<p><strong>Dados t\u00e9cnicos:<\/strong><br \/>\nEl\u00e9trodo PH tipo vareta de vidro (Liga\u00e7\u00e3o: PG 13,5 ou M20*1,5)<br \/>\n\u25cf PH Gama de medi\u00e7\u00e3o: dependendo da pel\u00edcula sens\u00edvel<br \/>\nTemperatura de funcionamento: dependendo da pel\u00edcula sens\u00edvel<br \/>\nPress\u00e3o de funcionamento: dependendo da membrana<br \/>\nCompensa\u00e7\u00e3o de temperatura:  NTC: 0 ~ 100 \u2103, 2 fios; PT100: -20 ~ 130 \u2103, 3 fios; PT1000: -20 ~ 130 \u2103, 3 fios<br \/>\nTipo de cabo do el\u00e9trodo: Cabo separado ou cabo fixo<br \/>\nComprimento do cabo: personalizado<\/p>\n<p>&nbsp;<\/p>\n<p><strong>Op\u00e7\u00e3o de pel\u00edcula sens\u00edvel:\u00a0\u00a0<\/strong><\/p>\n<table width=\"701\">\n<tbody>\n<tr style=\"background-color: #d8d8d8;\">\n<td width=\"126\">Pel\u00edcula sens\u00edvel<\/td>\n<td width=\"238\">Utiliza\u00e7\u00e3o<\/td>\n<td width=\"158\">Melhor gama de medi\u00e7\u00e3o<\/td>\n<td width=\"179\">Gama de temperaturas<\/td>\n<\/tr>\n<tr>\n<td>Filme de rela\u00e7\u00f5es p\u00fablicas<\/td>\n<td>Processo industrial geral<\/td>\n<td>0 - 13 PH<\/td>\n<td>0 ~ 80 \u2103<\/td>\n<\/tr>\n<tr>\n<td>Filme LT<\/td>\n<td>Processo industrial geral<\/td>\n<td>0 - 13 PH<\/td>\n<td>-20 ~ 80 \u2103<\/td>\n<\/tr>\n<tr>\n<td>Filme HAT<\/td>\n<td>\u00c1lcalis fortes<\/td>\n<td>3 - 14 PH<\/td>\n<td>0 ~ 120 \u2103<\/td>\n<\/tr>\n<tr>\n<td>Filme HS<\/td>\n<td>\u00c1cido forte<\/td>\n<td>0 - 9 PH<\/td>\n<td>0 ~ 100 \u2103<\/td>\n<\/tr>\n<tr>\n<td>Filme LTS<\/td>\n<td>Processo de desinfe\u00e7\u00e3o por fermenta\u00e7\u00e3o<\/td>\n<td>2 - 12 PH<\/td>\n<td>0 ~ 130 \u2103<\/td>\n<\/tr>\n<tr>\n<td>Pel\u00edcula de pol\u00edmero<\/td>\n<td>Fluidos com F<\/td>\n<td>0 - 13 PH<\/td>\n<td>-10 ~ 60 \u2103<\/td>\n<\/tr>\n<tr>\n<td>Agulha de platina<\/td>\n<td>El\u00e9trodo ORP (fluidos redutores)<\/td>\n<td>-1999 ~ 1999 mV<\/td>\n<td>-10 ~ 130 \u2103<\/td>\n<\/tr>\n<tr>\n<td>Agulha de ouro<\/td>\n<td>El\u00e9trodo ORP (oxidante)<\/td>\n<td>-1999 ~ 1999 mV<\/td>\n<td>-10 ~ 130 \u2103<\/td>\n<\/tr>\n<tr>\n<td colspan=\"4\"><strong>Observa\u00e7\u00e3o:<\/strong>\u00a0 A agulha dourada n\u00e3o pode ser utilizada para ocasi\u00f5es que contenham fluorini\u00e3o \/ cloridi\u00e3o \/ i\u00e3o cianeto \/ O3.<\/td>\n<\/tr>\n<\/tbody>\n<\/table>\n<p>&nbsp;<\/p>\n<p><strong>Op\u00e7\u00e3o de membrana:<\/strong><\/p>\n<table width=\"715\">\n<tbody>\n<tr style=\"background-color: #d8d8d8;\">\n<td width=\"137\">Diafragma<\/td>\n<td width=\"342\">Caracter\u00edsticas<\/td>\n<td width=\"236\">Ocasi\u00f5es aplic\u00e1veis<\/td>\n<\/tr>\n<tr>\n<td style=\"vertical-align: middle;\">Diafragma em teflon<\/td>\n<td width=\"342\">Press\u00e3o \u2264 0,6 MPa, pode ser desinfectado,<br \/>\nanti-bloqueio, anti-manchas, enchimento de eletr\u00f3lito s\u00f3lido,<br \/>\nanti-envenenamento, ponte electrol\u00edtica longa<\/td>\n<td style=\"vertical-align: middle;\">A maioria das ocasi\u00f5es industriais<\/td>\n<\/tr>\n<tr>\n<td style=\"vertical-align: middle;\">Fenda anular<\/td>\n<td width=\"342\">Press\u00e3o \u2264 0,6 MPa, sem diafragma, sem<br \/>\nbloqueio, enchimento de eletr\u00f3lito s\u00f3lido, anti-envenenamento,<br \/>\nponte electrol\u00edtica longa<\/td>\n<td style=\"vertical-align: middle;\">Esgotos, \u00e1guas residuais industriais<\/td>\n<\/tr>\n<tr>\n<td style=\"vertical-align: middle;\" width=\"137\">Cer\u00e2mica<br \/>\ndiafragma<\/td>\n<td width=\"342\">Press\u00e3o \u2264 0,8 MPa (com contrapress\u00e3o), l\u00edquido<br \/>\nEnchimento KCL, recipiente de adi\u00e7\u00e3o de l\u00edquido de contrapress\u00e3o<br \/>\nligados externamente, para condi\u00e7\u00f5es de trabalho em que<br \/>\neletr\u00f3lito s\u00f3lido n\u00e3o aplic\u00e1vel<\/td>\n<td style=\"vertical-align: middle;\" width=\"236\">Processo biol\u00f3gico, viscoso<br \/>\nmeios, solvente org\u00e2nico, etil<br \/>\n\u00e1lcool<\/td>\n<\/tr>\n<tr>\n<td style=\"vertical-align: middle;\">Diafragma de fibra<\/td>\n<td width=\"342\">Press\u00e3o normal, enchimento de eletr\u00f3lito s\u00f3lido, pl\u00e1stico<br \/>\ntubo exterior<\/td>\n<td style=\"vertical-align: middle;\">El\u00e9trodo de laborat\u00f3rio<\/td>\n<\/tr>\n<\/tbody>\n<\/table>\n<p>&nbsp;<\/p>\n<p><strong>Aten\u00e7\u00e3o:<\/strong><\/p>\n<p>Os el\u00e9ctrodos de PH s\u00e3o consum\u00edveis. O armazenamento de el\u00e9ctrodos PH tamb\u00e9m consome a sua vida \u00fatil, pelo que n\u00e3o recomendamos a compra de demasiados el\u00e9ctrodos de uma s\u00f3 vez. Dispomos de um grande n\u00famero de v\u00e1rios tipos de produtos semi-acabados de el\u00e9ctrodos PH. \u00c9 conveniente fornecer os el\u00e9ctrodos PH frescos ao utilizador.<\/p>\n<p>&nbsp;<\/p>\n<p>&nbsp;<\/p>\n<p>&nbsp;<\/p>\n<p>&nbsp;<\/p>\n<p>&nbsp;<\/p>","protected":false},"excerpt":{"rendered":"<p><span class=\"src\" data-group=\"0-0\">M\u00e9todo de medi\u00e7\u00e3o: an\u00e1lise potenciom\u00e9trica<br \/>\n<\/span>Ser utilizado para a medi\u00e7\u00e3o cont\u00ednua do valor de PH em linha na ind\u00fastria<\/p>","protected":false},"featured_media":1783,"comment_status":"closed","ping_status":"closed","template":"","meta":[],"product_cat":[1600,1605],"product_tag":[],"acf":[],"_links":{"self":[{"href":"https:\/\/www.hginstrument.com\/pt\/wp-json\/wp\/v2\/product\/1790"}],"collection":[{"href":"https:\/\/www.hginstrument.com\/pt\/wp-json\/wp\/v2\/product"}],"about":[{"href":"https:\/\/www.hginstrument.com\/pt\/wp-json\/wp\/v2\/types\/product"}],"replies":[{"embeddable":true,"href":"https:\/\/www.hginstrument.com\/pt\/wp-json\/wp\/v2\/comments?post=1790"}],"wp:featuredmedia":[{"embeddable":true,"href":"https:\/\/www.hginstrument.com\/pt\/wp-json\/wp\/v2\/media\/1783"}],"wp:attachment":[{"href":"https:\/\/www.hginstrument.com\/pt\/wp-json\/wp\/v2\/media?parent=1790"}],"wp:term":[{"taxonomy":"product_cat","embeddable":true,"href":"https:\/\/www.hginstrument.com\/pt\/wp-json\/wp\/v2\/product_cat?post=1790"},{"taxonomy":"product_tag","embeddable":true,"href":"https:\/\/www.hginstrument.com\/pt\/wp-json\/wp\/v2\/product_tag?post=1790"}],"curies":[{"name":"wp","href":"https:\/\/api.w.org\/{rel}","templated":true}]}}