{"id":1801,"date":"2021-08-18T16:35:23","date_gmt":"2021-08-18T08:35:23","guid":{"rendered":"http:\/\/201230ip92c2.adwebcloud.com\/?post_type=product&#038;p=1801"},"modified":"2021-10-12T14:36:07","modified_gmt":"2021-10-12T06:36:07","slug":"hgs-c-insertion-mounting-bracket-for-electrode","status":"publish","type":"product","link":"https:\/\/www.hginstrument.com\/pt\/hgs-c-insertion-type-mounting-bracket-for-electrode\/hgs-c-insertion-mounting-bracket-for-electrode\/","title":{"rendered":"Suporte de montagem de inser\u00e7\u00e3o HGS-C para el\u00e9trodo"},"content":{"rendered":"<p><strong> Appearance and dimension ( for the bracket made of stainless steel ):<\/strong><\/p>\n<p><img class=\"alignnone wp-image-1915 size-full\" src=\"http:\/\/www.hginstrument.com\/wp-content\/uploads\/2021\/08\/hgs-c-04.jpg\" alt=\"hgs c 04\" width=\"716\" height=\"415\" \/><\/p>\n<p>&nbsp;<\/p>\n<p><strong>Appearance and dimension ( for the bracket made of plastic ):<\/strong><\/p>\n<p><img class=\"alignnone wp-image-1916 size-full\" src=\"http:\/\/www.hginstrument.com\/wp-content\/uploads\/2021\/08\/hgs-c-05.jpg\" alt=\"hgs c 05\" width=\"709\" height=\"515\" srcset=\"https:\/\/www.hginstrument.com\/wp-content\/uploads\/2021\/08\/hgs-c-05.jpg 709w, https:\/\/www.hginstrument.com\/wp-content\/uploads\/2021\/08\/hgs-c-05-300x218.jpg 300w, https:\/\/www.hginstrument.com\/wp-content\/uploads\/2021\/08\/hgs-c-05-600x436.jpg 600w\" sizes=\"(max-width: 709px) 100vw, 709px\" \/><\/p>\n<p>&nbsp;<\/p>\n<p><strong>Appearance and dimension ( for the bracket with flushing device ):<\/strong><\/p>\n<p><img class=\"alignnone wp-image-1917 size-full\" src=\"http:\/\/www.hginstrument.com\/wp-content\/uploads\/2021\/08\/hgs-c-06.jpg\" alt=\"hgs c 06\" width=\"626\" height=\"473\" srcset=\"https:\/\/www.hginstrument.com\/wp-content\/uploads\/2021\/08\/hgs-c-06.jpg 626w, https:\/\/www.hginstrument.com\/wp-content\/uploads\/2021\/08\/hgs-c-06-300x227.jpg 300w, https:\/\/www.hginstrument.com\/wp-content\/uploads\/2021\/08\/hgs-c-06-600x453.jpg 600w\" sizes=\"(max-width: 626px) 100vw, 626px\" \/><\/p>\n<p>&nbsp;<\/p>\n<p><strong>Mounting diagram:<\/strong><\/p>\n<p><img class=\"alignnone wp-image-1918 size-full\" src=\"http:\/\/www.hginstrument.com\/wp-content\/uploads\/2021\/08\/hgs-c-mounting.jpg\" alt=\"hgs c mounting\" width=\"653\" height=\"366\" srcset=\"https:\/\/www.hginstrument.com\/wp-content\/uploads\/2021\/08\/hgs-c-mounting.jpg 653w, https:\/\/www.hginstrument.com\/wp-content\/uploads\/2021\/08\/hgs-c-mounting-300x168.jpg 300w, https:\/\/www.hginstrument.com\/wp-content\/uploads\/2021\/08\/hgs-c-mounting-600x336.jpg 600w\" sizes=\"(max-width: 653px) 100vw, 653px\" \/><\/p>\n<p>&nbsp;<\/p>\n<p><strong>Welding socket ( be used to match with the brackets that the process connection is thread ):<\/strong><\/p>\n<p><img class=\"alignnone wp-image-1919 size-full\" src=\"http:\/\/www.hginstrument.com\/wp-content\/uploads\/2021\/08\/hgs-c-socket.jpg\" alt=\"hgs c socket\" width=\"601\" height=\"365\" srcset=\"https:\/\/www.hginstrument.com\/wp-content\/uploads\/2021\/08\/hgs-c-socket.jpg 601w, https:\/\/www.hginstrument.com\/wp-content\/uploads\/2021\/08\/hgs-c-socket-300x182.jpg 300w, https:\/\/www.hginstrument.com\/wp-content\/uploads\/2021\/08\/hgs-c-socket-600x364.jpg 600w\" sizes=\"(max-width: 601px) 100vw, 601px\" \/><\/p>\n<p>&nbsp;<\/p>\n<p><strong>The following is application case of the electrode bracket in Stainless steel, process connection is thread<\/strong><\/p>\n<p><img class=\"alignnone wp-image-1807 size-full\" src=\"http:\/\/www.hginstrument.com\/wp-content\/uploads\/2021\/08\/hgs-c-bracket-structure.jpg\" alt=\"hgs c bracket structure\" width=\"472\" height=\"266\" srcset=\"https:\/\/www.hginstrument.com\/wp-content\/uploads\/2021\/08\/hgs-c-bracket-structure.jpg 472w, https:\/\/www.hginstrument.com\/wp-content\/uploads\/2021\/08\/hgs-c-bracket-structure-300x169.jpg 300w\" sizes=\"(max-width: 472px) 100vw, 472px\" \/><\/p>\n<p>1. Electrode sheath,\u00a0 \u00a0 \u00a0 \u00a02. Union nut,\u00a0 \u00a0 \u00a0 3. Bracket rod,\u00a0 \u00a0 \u00a0 4. welding socket,\u00a0 \u00a0 \u00a0 5. Ball valve,\u00a0 \u00a0 \u00a0 \u00a06. Electrode calbe outlet end<\/p>\n<p><strong>Installation step:<\/strong><br \/>\n1. Loosen socket from Ball valve<br \/>\n2. Weld the socket on tank \/pipeline<br \/>\n3. Loosen union nut, take down the electrode sheath<br \/>\n4. Make the electrode cable go through the electrode sheath<br \/>\n5. Screw electrode on the electrode sheath<br \/>\n6. Make the electrode cable go through the Union nut, Bracket rod, and get out from the electrode cable outlet end.<br \/>\n7. Fastening the Union nut<br \/>\n8. Insert the bracket rod into the socket<br \/>\n9. Screw the ball valve on the saocket<\/p>\n<p>&nbsp;<\/p>\n<p>&nbsp;<\/p>","protected":false},"excerpt":{"rendered":"<p>HGS-C insertion type mounting bracket is equipped with On-Off ball valve, user can install and take out electrode during the process is running, no need to empty the container, especially applicable for frequent electrode maintenance. This type bracket can be installed on the reactor, tank or pipeline<\/p>","protected":false},"featured_media":1914,"comment_status":"closed","ping_status":"closed","template":"","meta":[],"product_cat":[1641,1756],"product_tag":[],"acf":[],"_links":{"self":[{"href":"https:\/\/www.hginstrument.com\/pt\/wp-json\/wp\/v2\/product\/1801"}],"collection":[{"href":"https:\/\/www.hginstrument.com\/pt\/wp-json\/wp\/v2\/product"}],"about":[{"href":"https:\/\/www.hginstrument.com\/pt\/wp-json\/wp\/v2\/types\/product"}],"replies":[{"embeddable":true,"href":"https:\/\/www.hginstrument.com\/pt\/wp-json\/wp\/v2\/comments?post=1801"}],"wp:featuredmedia":[{"embeddable":true,"href":"https:\/\/www.hginstrument.com\/pt\/wp-json\/wp\/v2\/media\/1914"}],"wp:attachment":[{"href":"https:\/\/www.hginstrument.com\/pt\/wp-json\/wp\/v2\/media?parent=1801"}],"wp:term":[{"taxonomy":"product_cat","embeddable":true,"href":"https:\/\/www.hginstrument.com\/pt\/wp-json\/wp\/v2\/product_cat?post=1801"},{"taxonomy":"product_tag","embeddable":true,"href":"https:\/\/www.hginstrument.com\/pt\/wp-json\/wp\/v2\/product_tag?post=1801"}],"curies":[{"name":"wp","href":"https:\/\/api.w.org\/{rel}","templated":true}]}}