{"id":1810,"date":"2021-08-18T17:36:46","date_gmt":"2021-08-18T09:36:46","guid":{"rendered":"http:\/\/201230ip92c2.adwebcloud.com\/?post_type=product&#038;p=1810"},"modified":"2021-10-11T16:23:57","modified_gmt":"2021-10-11T08:23:57","slug":"hg111-c-ph-orp-meter-panel-mounting","status":"publish","type":"product","link":"https:\/\/www.hginstrument.com\/pt\/analysis-instrument\/hg111-c-ph-orp-meter-panel-mounting\/","title":{"rendered":"Medidor de PH\/ORP HG111-C (montagem em painel)"},"content":{"rendered":"<p><strong>Dados t\u00e9cnicos:\u00a0<\/strong><\/p>\n<table>\n<tbody>\n<tr>\n<td style=\"background-color: #d8d8d8; vertical-align: middle;\" rowspan=\"3\" width=\"104\">Intervalo de medi\u00e7\u00e3o<\/td>\n<td style=\"background-color: #d8d8d8;\" width=\"113\">PH<\/td>\n<td width=\"340\">0 - 14.00 pH (divis\u00e3o:0.01)<\/td>\n<\/tr>\n<tr>\n<td style=\"background-color: #d8d8d8;\" width=\"113\">Temperatura<\/td>\n<td width=\"340\">0 - 100\u2103 (divis\u00e3o: 0,1\u2103)<\/td>\n<\/tr>\n<tr>\n<td style=\"background-color: #d8d8d8;\" width=\"113\">ORP<\/td>\n<td width=\"340\">-999\uff5e+999mV (divis\u00e3o: 1mV)<\/td>\n<\/tr>\n<tr>\n<td style=\"background-color: #d8d8d8;\" colspan=\"2\" width=\"217\">Gama de compensa\u00e7\u00e3o autom\u00e1tica da temperatura<\/td>\n<td width=\"340\">0 - 100\u2103 (25 \u2103 como valor de refer\u00eancia)<\/td>\n<\/tr>\n<tr>\n<td style=\"background-color: #d8d8d8;\" colspan=\"2\" width=\"217\">Estado do l\u00edquido medido<\/td>\n<td width=\"340\">0 - 100\u2103, 0.3MPa<\/td>\n<\/tr>\n<tr>\n<td style=\"background-color: #d8d8d8;\" colspan=\"2\" width=\"217\">Estabilidade<\/td>\n<td width=\"340\">\u00b10,02 pH\/24h<\/td>\n<\/tr>\n<tr>\n<td style=\"background-color: #d8d8d8;\" colspan=\"2\" width=\"217\">Imped\u00e2ncia de entrada<\/td>\n<td width=\"340\">\u226510^12 \u03a9<\/td>\n<\/tr>\n<tr>\n<td style=\"background-color: #d8d8d8;\" colspan=\"2\" width=\"217\">Sa\u00edda isolada de corrente<\/td>\n<td width=\"340\">4 - 20mA (Carga&lt;750 \u03a9 ) (opcional)<\/td>\n<\/tr>\n<tr>\n<td style=\"background-color: #d8d8d8;\" colspan=\"2\" width=\"217\">Erro de sa\u00edda de corrente<\/td>\n<td width=\"340\">\u2264\u00b11%FS<\/td>\n<\/tr>\n<tr>\n<td style=\"background-color: #d8d8d8;\" colspan=\"2\" width=\"217\">Capacidade de contacto do rel\u00e9<\/td>\n<td width=\"340\">220VAC, 3A<\/td>\n<\/tr>\n<tr>\n<td style=\"background-color: #d8d8d8;\" colspan=\"2\" width=\"217\">Comunica\u00e7\u00e3o<\/td>\n<td width=\"340\">Protocolo Modbus RS485 (opcional)<\/td>\n<\/tr>\n<tr>\n<td style=\"background-color: #d8d8d8;\" colspan=\"2\" width=\"217\">Alimenta\u00e7\u00e3o el\u00e9ctrica<\/td>\n<td width=\"340\">220VAC \u00b110%, 50\u00b11Hz<\/td>\n<\/tr>\n<tr>\n<td style=\"background-color: #d8d8d8;\" colspan=\"2\" width=\"217\">Prote\u00e7\u00e3o do inv\u00f3lucro<\/td>\n<td width=\"340\">IP65<\/td>\n<\/tr>\n<tr>\n<td style=\"background-color: #d8d8d8;\" colspan=\"2\" width=\"217\">Tamanho (mm ) \/ Peso<\/td>\n<td width=\"340\">96 * 96 * 110 (orif\u00edcio de abertura: 92*92) \/ 0,8 kg<\/td>\n<\/tr>\n<tr>\n<td style=\"background-color: #d8d8d8;\" colspan=\"2\" width=\"217\">Estado de funcionamento<\/td>\n<td width=\"340\">0-60\u2103, &lt;85%RH<\/td>\n<\/tr>\n<\/tbody>\n<\/table>\n<p>&nbsp;<\/p>\n<p><strong>Dimens\u00e3o:<\/strong><\/p>\n<p><img class=\"alignnone wp-image-1813 size-full\" src=\"http:\/\/www.hginstrument.com\/wp-content\/uploads\/2021\/08\/hg111-c-dimension.jpg\" alt=\"hg111 c dimens\u00e3o\" width=\"821\" height=\"365\" srcset=\"https:\/\/www.hginstrument.com\/wp-content\/uploads\/2021\/08\/hg111-c-dimension.jpg 821w, https:\/\/www.hginstrument.com\/wp-content\/uploads\/2021\/08\/hg111-c-dimension-300x133.jpg 300w, https:\/\/www.hginstrument.com\/wp-content\/uploads\/2021\/08\/hg111-c-dimension-768x341.jpg 768w, https:\/\/www.hginstrument.com\/wp-content\/uploads\/2021\/08\/hg111-c-dimension-600x267.jpg 600w\" sizes=\"(max-width: 821px) 100vw, 821px\" \/><\/p>\n<p>&nbsp;<\/p>\n<p><strong>Terminal de cablagem:<\/strong><\/p>\n<p><img class=\"alignnone wp-image-1814 size-full\" src=\"http:\/\/www.hginstrument.com\/wp-content\/uploads\/2021\/08\/hg111-c-wiring-terminal.jpg\" alt=\"hg111 c terminal de cablagem\" width=\"435\" height=\"342\" srcset=\"https:\/\/www.hginstrument.com\/wp-content\/uploads\/2021\/08\/hg111-c-wiring-terminal.jpg 435w, https:\/\/www.hginstrument.com\/wp-content\/uploads\/2021\/08\/hg111-c-wiring-terminal-300x236.jpg 300w\" sizes=\"(max-width: 435px) 100vw, 435px\" \/><\/p>\n<p>&nbsp;<\/p>\n<p>&nbsp;<\/p>\n<p>&nbsp;<\/p>\n<p>&nbsp;<\/p>","protected":false},"excerpt":{"rendered":"<p>O medidor de PH\/ORP online HG111-C \u00e9 utilizado para combinar com o el\u00e9trodo de PH para medir continuamente o valor de PH do l\u00edquido, no visor LCD. Pode apresentar simultaneamente a temperatura, o valor de PH\/ORP, a hora e o estado.<\/p>","protected":false},"featured_media":1775,"comment_status":"closed","ping_status":"closed","template":"","meta":[],"product_cat":[1600,1662],"product_tag":[],"acf":[],"_links":{"self":[{"href":"https:\/\/www.hginstrument.com\/pt\/wp-json\/wp\/v2\/product\/1810"}],"collection":[{"href":"https:\/\/www.hginstrument.com\/pt\/wp-json\/wp\/v2\/product"}],"about":[{"href":"https:\/\/www.hginstrument.com\/pt\/wp-json\/wp\/v2\/types\/product"}],"replies":[{"embeddable":true,"href":"https:\/\/www.hginstrument.com\/pt\/wp-json\/wp\/v2\/comments?post=1810"}],"wp:featuredmedia":[{"embeddable":true,"href":"https:\/\/www.hginstrument.com\/pt\/wp-json\/wp\/v2\/media\/1775"}],"wp:attachment":[{"href":"https:\/\/www.hginstrument.com\/pt\/wp-json\/wp\/v2\/media?parent=1810"}],"wp:term":[{"taxonomy":"product_cat","embeddable":true,"href":"https:\/\/www.hginstrument.com\/pt\/wp-json\/wp\/v2\/product_cat?post=1810"},{"taxonomy":"product_tag","embeddable":true,"href":"https:\/\/www.hginstrument.com\/pt\/wp-json\/wp\/v2\/product_tag?post=1810"}],"curies":[{"name":"wp","href":"https:\/\/api.w.org\/{rel}","templated":true}]}}