{"id":1830,"date":"2021-08-19T16:13:08","date_gmt":"2021-08-19T08:13:08","guid":{"rendered":"http:\/\/201230ip92c2.adwebcloud.com\/?post_type=product&#038;p=1830"},"modified":"2021-10-11T16:26:06","modified_gmt":"2021-10-11T08:26:06","slug":"hg117-ph-orp-meter-explosion-proof","status":"publish","type":"product","link":"https:\/\/www.hginstrument.com\/pt\/analysis-instrument\/hg117-ph-orp-meter-explosion-proof\/","title":{"rendered":"Medidor de PH\/ORP HG117 (\u00e0 prova de explos\u00e3o)"},"content":{"rendered":"<p><strong>Dados t\u00e9cnicos:\u00a0<\/strong><\/p>\n<table width=\"680\">\n<tbody>\n<tr>\n<td style=\"background-color: #d8d8d8; vertical-align: middle;\" width=\"222\">Gama de medi\u00e7\u00e3o<\/td>\n<td width=\"458\">PH value: 2 ~ 14.00 pH\u00a0\u00a0\u00a0\u00a0\u00a0\u00a0\u00a0\u00a0\u00a0\u00a0\u00a0\u00a0\u00a0\u00a0\u00a0\u00a0 resolution 0.01 pH<br \/>\nORP value: -1999 ~ + 1999 mV\u00a0\u00a0 resolution 1 mV<br \/>\nTemperature: -15 ~ 130\u2103\u00a0\u00a0\u00a0\u00a0\u00a0\u00a0\u00a0\u00a0\u00a0\u00a0\u00a0 resolution 0.1 \u2103<\/td>\n<\/tr>\n<tr>\n<td style=\"background-color: #d8d8d8; vertical-align: middle;\" width=\"222\">Gama de compensa\u00e7\u00e3o autom\u00e1tica da temperatura<\/td>\n<td>0 ~ 100 \u2103, based on 25\u2103<\/td>\n<\/tr>\n<tr>\n<td style=\"background-color: #d8d8d8; vertical-align: middle;\">Exatid\u00e3o<\/td>\n<td width=\"458\">pH value: \u00b1\u00a0 0.01pH<br \/>\nORP value: \u00b1 1 mV<br \/>\nTemperature:\u00a0 \u00b1 0.5\u2103\u00a0 (0 ~ 100\u2103 )<\/td>\n<\/tr>\n<tr>\n<td style=\"background-color: #d8d8d8; vertical-align: middle;\">Erro de repetibilidade<\/td>\n<td>\u00b1\u00a0 0.01 pH<\/td>\n<\/tr>\n<tr>\n<td style=\"background-color: #d8d8d8; vertical-align: middle;\" width=\"222\">Automatic temperature compensation error<\/td>\n<td>\u00b1\u00a0 0.03 pH<\/td>\n<\/tr>\n<tr>\n<td style=\"background-color: #d8d8d8; vertical-align: middle;\">Estabilidade<\/td>\n<td>\u00b1\u00a0 0.02 pH \/ 24 hours<\/td>\n<\/tr>\n<tr>\n<td style=\"background-color: #d8d8d8; vertical-align: middle;\">Imped\u00e2ncia de entrada<\/td>\n<td>\u2265 10<sup>12<\/sup> \u03a9<\/td>\n<\/tr>\n<tr>\n<td style=\"background-color: #d8d8d8; vertical-align: middle;\">Erro de sa\u00edda de corrente<\/td>\n<td>\u2264 \u00b1 1% FS<\/td>\n<\/tr>\n<tr>\n<td style=\"background-color: #d8d8d8; vertical-align: middle;\">Sa\u00edda isolada de corrente<\/td>\n<td width=\"458\">4 ~ 20 mA;<br \/>\nInput, output and power supply are isolated ( power supply must be connected with safety barrier )<\/td>\n<\/tr>\n<tr>\n<td style=\"background-color: #d8d8d8; vertical-align: middle;\">Comunica\u00e7\u00e3o<\/td>\n<td>RS485,\u00a0 HART (Optional)<\/td>\n<\/tr>\n<tr>\n<td style=\"background-color: #d8d8d8; vertical-align: middle;\">Alimenta\u00e7\u00e3o el\u00e9ctrica<\/td>\n<td width=\"458\">24V DC \u00b12.4V<\/td>\n<\/tr>\n<tr>\n<td style=\"background-color: #d8d8d8; vertical-align: middle;\">\u00c0 prova de intemp\u00e9ries<\/td>\n<td>IP67<\/td>\n<\/tr>\n<tr>\n<td style=\"background-color: #d8d8d8; vertical-align: middle;\">Condi\u00e7\u00f5es ambientais<\/td>\n<td>Ambient temperature: -20 ~ 70\u2103;\u00a0\u00a0 Relative humidity: &lt; 90%RH<\/td>\n<\/tr>\n<tr>\n<td style=\"background-color: #d8d8d8; vertical-align: middle;\">\u00c0 prova de explos\u00e3o<\/td>\n<td>Exia IICT6 Ga<\/td>\n<\/tr>\n<tr>\n<td style=\"background-color: #d8d8d8; vertical-align: middle;\">Intrinsic safety<\/td>\n<td>Ui = 28VDC,\u00a0 Ii = 93 mA,\u00a0 Pi = 0.65 W,\u00a0 Ci = 0.044 \u03bcF,\u00a0 Li = 0 mH<\/td>\n<\/tr>\n<\/tbody>\n<\/table>\n<p>&nbsp;<\/p>\n<p><strong style=\"font-size: 16px;\">Dimens\u00e3o:<\/strong><\/p>\n<p><img class=\"alignnone wp-image-1824 size-full\" src=\"http:\/\/www.hginstrument.com\/wp-content\/uploads\/2021\/08\/hg117-dimension.jpg\" alt=\"hg117 dimension\" width=\"784\" height=\"473\" srcset=\"https:\/\/www.hginstrument.com\/wp-content\/uploads\/2021\/08\/hg117-dimension.jpg 784w, https:\/\/www.hginstrument.com\/wp-content\/uploads\/2021\/08\/hg117-dimension-300x181.jpg 300w, https:\/\/www.hginstrument.com\/wp-content\/uploads\/2021\/08\/hg117-dimension-768x463.jpg 768w, https:\/\/www.hginstrument.com\/wp-content\/uploads\/2021\/08\/hg117-dimension-600x362.jpg 600w\" sizes=\"(max-width: 784px) 100vw, 784px\" \/><\/p>\n<p>&nbsp;<\/p>\n<p><strong>Terminal de cablagem:<\/strong><\/p>\n<p><img class=\"alignnone wp-image-1825 size-full\" src=\"http:\/\/www.hginstrument.com\/wp-content\/uploads\/2021\/08\/hg117-terminal.jpg\" alt=\"hg117 terminal\" width=\"909\" height=\"194\" srcset=\"https:\/\/www.hginstrument.com\/wp-content\/uploads\/2021\/08\/hg117-terminal.jpg 909w, https:\/\/www.hginstrument.com\/wp-content\/uploads\/2021\/08\/hg117-terminal-300x64.jpg 300w, https:\/\/www.hginstrument.com\/wp-content\/uploads\/2021\/08\/hg117-terminal-768x164.jpg 768w, https:\/\/www.hginstrument.com\/wp-content\/uploads\/2021\/08\/hg117-terminal-600x128.jpg 600w\" sizes=\"(max-width: 909px) 100vw, 909px\" \/><\/p>\n<p>&nbsp;<\/p>\n<p>&nbsp;<\/p>\n<p>&nbsp;<\/p>\n<p>&nbsp;<\/p>","protected":false},"excerpt":{"rendered":"<p>HG117- online wall mounting type PH\/ORP Meter is used to match with PH electrode to continuously measure the liquid&#8217;s PH value, in LED display. It can simultaneously display temperature, PH\/ORP value, time and status. It is used in hazardous area where requires Explosion proof.<\/p>","protected":false},"featured_media":1823,"comment_status":"closed","ping_status":"closed","template":"","meta":[],"product_cat":[1600,1692],"product_tag":[],"acf":[],"_links":{"self":[{"href":"https:\/\/www.hginstrument.com\/pt\/wp-json\/wp\/v2\/product\/1830"}],"collection":[{"href":"https:\/\/www.hginstrument.com\/pt\/wp-json\/wp\/v2\/product"}],"about":[{"href":"https:\/\/www.hginstrument.com\/pt\/wp-json\/wp\/v2\/types\/product"}],"replies":[{"embeddable":true,"href":"https:\/\/www.hginstrument.com\/pt\/wp-json\/wp\/v2\/comments?post=1830"}],"wp:featuredmedia":[{"embeddable":true,"href":"https:\/\/www.hginstrument.com\/pt\/wp-json\/wp\/v2\/media\/1823"}],"wp:attachment":[{"href":"https:\/\/www.hginstrument.com\/pt\/wp-json\/wp\/v2\/media?parent=1830"}],"wp:term":[{"taxonomy":"product_cat","embeddable":true,"href":"https:\/\/www.hginstrument.com\/pt\/wp-json\/wp\/v2\/product_cat?post=1830"},{"taxonomy":"product_tag","embeddable":true,"href":"https:\/\/www.hginstrument.com\/pt\/wp-json\/wp\/v2\/product_tag?post=1830"}],"curies":[{"name":"wp","href":"https:\/\/api.w.org\/{rel}","templated":true}]}}