{"id":1844,"date":"2021-08-20T16:38:54","date_gmt":"2021-08-20T08:38:54","guid":{"rendered":"http:\/\/201230ip92c2.adwebcloud.com\/?post_type=product&#038;p=1844"},"modified":"2021-10-11T16:16:23","modified_gmt":"2021-10-11T08:16:23","slug":"hg123-a-conductivity-meter-wall-mounting","status":"publish","type":"product","link":"https:\/\/www.hginstrument.com\/pt\/analysis-instrument\/hg123-a-conductivity-meter-wall-mounting\/","title":{"rendered":"Medidor de Condutividade HG123-A (montagem na parede)"},"content":{"rendered":"<p><strong>Dados t\u00e9cnicos:\u00a0<\/strong><\/p>\n<table width=\"756\">\n<tbody>\n<tr>\n<td style=\"background-color: #d8d8d8;\" width=\"282\">Gama de condutividade<\/td>\n<td width=\"474\">0,01\u03bcS\/cm ~ 200 mS\/cm (a gama detalhada depende do el\u00e9trodo de condutividade)<\/td>\n<\/tr>\n<tr>\n<td style=\"background-color: #d8d8d8;\" width=\"282\">Erro de base da unidade eletr\u00f3nica<\/td>\n<td>Condutividade \u00b1 0,5%FS, Temperatura: \u00b10,3\u2103<\/td>\n<\/tr>\n<tr>\n<td style=\"background-color: #d8d8d8;\" width=\"282\">Gama de compensa\u00e7\u00e3o autom\u00e1tica da temperatura<\/td>\n<td>0 ~ 99,9 \u2103, com base em 25 \u2103<\/td>\n<\/tr>\n<tr>\n<td style=\"background-color: #d8d8d8;\" width=\"282\">Amostras de \u00e1gua medidas<\/td>\n<td>0 ~ 99,9 \u2103, com base em 0,6 Mpa<\/td>\n<\/tr>\n<tr>\n<td style=\"background-color: #d8d8d8;\" width=\"282\">Erro b\u00e1sico do instrumento<\/td>\n<td>Condutividade: \u00b1 1,0%FS, Temperatura: \u00b10,5\u2103<\/td>\n<\/tr>\n<tr>\n<td style=\"background-color: #d8d8d8;\" width=\"282\">Erro de compensa\u00e7\u00e3o autom\u00e1tica da temperatura da unidade eletr\u00f3nica<\/td>\n<td>\u00b1 0,5% FS<\/td>\n<\/tr>\n<tr>\n<td style=\"background-color: #d8d8d8;\" width=\"282\">Erro de repetibilidade da unidade eletr\u00f3nica<\/td>\n<td>\u00b1 0,5% FS \u00b1 um car\u00e1cter<\/td>\n<\/tr>\n<tr>\n<td style=\"background-color: #d8d8d8;\" width=\"282\">Estabilidade da unidade eletr\u00f3nica<\/td>\n<td>\u00b1 0,5% FS \u00b1 um car\u00e1cter \/ 24h<\/td>\n<\/tr>\n<tr>\n<td style=\"background-color: #d8d8d8;\" width=\"282\">Erro de alarme da unidade eletr\u00f3nica<\/td>\n<td>\u2264 \u00b1 1,0% FS<\/td>\n<\/tr>\n<tr>\n<td style=\"background-color: #d8d8d8;\" width=\"282\">Temperatura ambiente afecta \u00e0 unidade eletr\u00f3nica<\/td>\n<td>\u2264 \u00b1 0,5% FS<\/td>\n<\/tr>\n<tr>\n<td style=\"background-color: #d8d8d8;\" width=\"282\">Afeta\u00e7\u00e3o da alimenta\u00e7\u00e3o el\u00e9ctrica \u00e0 unidade eletr\u00f3nica<\/td>\n<td>\u2264 \u00b1 0,3% FS<\/td>\n<\/tr>\n<tr>\n<td style=\"background-color: #d8d8d8;\" width=\"282\">Sa\u00edda isolada de corrente<\/td>\n<td>4 ~ 20 mA \uff08Carga &lt; 750 \u03a9 \uff09<\/td>\n<\/tr>\n<tr>\n<td style=\"background-color: #d8d8d8;\" width=\"282\">Erro de sa\u00edda de corrente da unidade eletr\u00f3nica<\/td>\n<td>\u2264 \u00b1 0,5% FS<\/td>\n<\/tr>\n<tr>\n<td style=\"background-color: #d8d8d8;\" width=\"282\">Capacidade do contacto do rel\u00e9 de alarme<\/td>\n<td>220V AC 3A<\/td>\n<\/tr>\n<tr>\n<td style=\"background-color: #d8d8d8;\">Comunica\u00e7\u00e3o<\/td>\n<td width=\"474\">RS485 ( Opcional )<\/td>\n<\/tr>\n<tr>\n<td style=\"background-color: #d8d8d8;\">Alimenta\u00e7\u00e3o el\u00e9ctrica<\/td>\n<td width=\"474\">220V AC \u00b122V, 50 \u00b11Hz ( Padr\u00e3o )<br \/>\n24V DC \u00b12,4V, ( Opcional )<\/td>\n<\/tr>\n<tr>\n<td style=\"background-color: #d8d8d8;\">\u00c0 prova de intemp\u00e9ries<\/td>\n<td>IP65 \/ IP54<\/td>\n<\/tr>\n<tr>\n<td style=\"background-color: #d8d8d8;\">Peso<\/td>\n<td>1 Kg<\/td>\n<\/tr>\n<tr>\n<td style=\"background-color: #d8d8d8;\">Condi\u00e7\u00f5es ambientais<\/td>\n<td>Ambient temperature: 0 ~ 60\u2103;\u00a0 Relative humidity: &lt; 85%RH<\/td>\n<\/tr>\n<\/tbody>\n<\/table>\n<p>&nbsp;<\/p>\n<p><strong>Dimens\u00e3o:<\/strong><\/p>\n<p><img class=\"alignnone wp-image-1837 size-full\" src=\"http:\/\/www.hginstrument.com\/wp-content\/uploads\/2021\/08\/hg123-a-dimension.jpg\" alt=\"hg123 a dimension\" width=\"772\" height=\"407\" srcset=\"https:\/\/www.hginstrument.com\/wp-content\/uploads\/2021\/08\/hg123-a-dimension.jpg 772w, https:\/\/www.hginstrument.com\/wp-content\/uploads\/2021\/08\/hg123-a-dimension-300x158.jpg 300w, https:\/\/www.hginstrument.com\/wp-content\/uploads\/2021\/08\/hg123-a-dimension-768x405.jpg 768w, https:\/\/www.hginstrument.com\/wp-content\/uploads\/2021\/08\/hg123-a-dimension-600x316.jpg 600w\" sizes=\"(max-width: 772px) 100vw, 772px\" \/><\/p>\n<p>&nbsp;<\/p>\n<p><strong>Terminais de cablagem:<\/strong><\/p>\n<p><img class=\"alignnone wp-image-1838 size-full\" src=\"http:\/\/www.hginstrument.com\/wp-content\/uploads\/2021\/08\/hg123-a-wire-terminal.jpg\" alt=\"hg123 a wire terminal\" width=\"782\" height=\"190\" srcset=\"https:\/\/www.hginstrument.com\/wp-content\/uploads\/2021\/08\/hg123-a-wire-terminal.jpg 782w, https:\/\/www.hginstrument.com\/wp-content\/uploads\/2021\/08\/hg123-a-wire-terminal-300x73.jpg 300w, https:\/\/www.hginstrument.com\/wp-content\/uploads\/2021\/08\/hg123-a-wire-terminal-768x187.jpg 768w, https:\/\/www.hginstrument.com\/wp-content\/uploads\/2021\/08\/hg123-a-wire-terminal-600x146.jpg 600w\" sizes=\"(max-width: 782px) 100vw, 782px\" \/><\/p>\n<p>&nbsp;<\/p>\n<p>&nbsp;<\/p>\n<p>&nbsp;<\/p>","protected":false},"excerpt":{"rendered":"<p>HG123-A online conductivity meter is used to match with conductivity electrode to continuously measure the liquid&#8217;s conductivity, in LED display.<\/p>","protected":false},"featured_media":1836,"comment_status":"closed","ping_status":"closed","template":"","meta":[],"product_cat":[1600,1714],"product_tag":[],"acf":[],"_links":{"self":[{"href":"https:\/\/www.hginstrument.com\/pt\/wp-json\/wp\/v2\/product\/1844"}],"collection":[{"href":"https:\/\/www.hginstrument.com\/pt\/wp-json\/wp\/v2\/product"}],"about":[{"href":"https:\/\/www.hginstrument.com\/pt\/wp-json\/wp\/v2\/types\/product"}],"replies":[{"embeddable":true,"href":"https:\/\/www.hginstrument.com\/pt\/wp-json\/wp\/v2\/comments?post=1844"}],"wp:featuredmedia":[{"embeddable":true,"href":"https:\/\/www.hginstrument.com\/pt\/wp-json\/wp\/v2\/media\/1836"}],"wp:attachment":[{"href":"https:\/\/www.hginstrument.com\/pt\/wp-json\/wp\/v2\/media?parent=1844"}],"wp:term":[{"taxonomy":"product_cat","embeddable":true,"href":"https:\/\/www.hginstrument.com\/pt\/wp-json\/wp\/v2\/product_cat?post=1844"},{"taxonomy":"product_tag","embeddable":true,"href":"https:\/\/www.hginstrument.com\/pt\/wp-json\/wp\/v2\/product_tag?post=1844"}],"curies":[{"name":"wp","href":"https:\/\/api.w.org\/{rel}","templated":true}]}}