{"id":1846,"date":"2021-08-20T17:01:07","date_gmt":"2021-08-20T09:01:07","guid":{"rendered":"http:\/\/201230ip92c2.adwebcloud.com\/?post_type=product&#038;p=1846"},"modified":"2021-10-11T16:17:29","modified_gmt":"2021-10-11T08:17:29","slug":"hg127-conductivity-meter-explosion-proof","status":"publish","type":"product","link":"https:\/\/www.hginstrument.com\/pt\/analysis-instrument\/hg127-conductivity-meter-explosion-proof\/","title":{"rendered":"Medidor de Condutividade HG127 (\u00e0 prova de explos\u00e3o)"},"content":{"rendered":"<p><strong>Dados t\u00e9cnicos:\u00a0<\/strong><\/p>\n<table width=\"776\">\n<tbody>\n<tr>\n<td style=\"background-color: #d8d8d8;\" width=\"302\">Gama de medi\u00e7\u00e3o<\/td>\n<td width=\"474\">0.01\u03bcS\/cm ~\u00a0 2 S\/cm<\/td>\n<\/tr>\n<tr>\n<td style=\"background-color: #d8d8d8;\" width=\"302\">Gama de compensa\u00e7\u00e3o autom\u00e1tica da temperatura<\/td>\n<td>0 ~ 100.0 \u2103,\u00a0 base on 25 \u2103<\/td>\n<\/tr>\n<tr>\n<td style=\"background-color: #d8d8d8;\" width=\"302\">Exatid\u00e3o<\/td>\n<td>Conductivity \u00b1 0.5%FS,\u00a0 Temperature: \u00b10.3\u2103<\/td>\n<\/tr>\n<tr>\n<td style=\"background-color: #d8d8d8;\" width=\"302\">Erro de repetibilidade<\/td>\n<td>\u00b1 0.2% FS \u00b1 a character<\/td>\n<\/tr>\n<tr>\n<td style=\"background-color: #d8d8d8;\" width=\"302\">Automatic temperature compensation error<\/td>\n<td>\u00b1 0,5% FS<\/td>\n<\/tr>\n<tr>\n<td style=\"background-color: #d8d8d8;\" width=\"302\">Erro b\u00e1sico do instrumento<\/td>\n<td>Conductivity \u00b1 1.0%FS,\u00a0 Temperature: \u00b10.5\u2103<\/td>\n<\/tr>\n<tr>\n<td style=\"background-color: #d8d8d8;\" width=\"302\">Amostras de \u00e1gua medidas<\/td>\n<td>0 ~ 100.0 \u2103,\u00a0 base on 0.6 Mpa<\/td>\n<\/tr>\n<tr>\n<td style=\"background-color: #d8d8d8;\" width=\"302\">Erro de sa\u00edda de corrente<\/td>\n<td>\u2264 \u00b1 0,5% FS<\/td>\n<\/tr>\n<tr>\n<td style=\"background-color: #d8d8d8;\" width=\"302\">Sa\u00edda isolada de corrente<\/td>\n<td width=\"474\">4 ~ 20 mA;\u00a0 Input, output and power supply are isolated (power supply must be connected with safety barrier )<\/td>\n<\/tr>\n<tr>\n<td style=\"background-color: #d8d8d8;\">Comunica\u00e7\u00e3o<\/td>\n<td width=\"474\">RS485,\u00a0 HART (Optional)<\/td>\n<\/tr>\n<tr>\n<td style=\"background-color: #d8d8d8;\">Alimenta\u00e7\u00e3o el\u00e9ctrica<\/td>\n<td width=\"474\">24V DC\u00a0 \u00b12.4V<\/td>\n<\/tr>\n<tr>\n<td style=\"background-color: #d8d8d8;\">\u00c0 prova de intemp\u00e9ries<\/td>\n<td>IP67<\/td>\n<\/tr>\n<tr>\n<td style=\"background-color: #d8d8d8;\">Condi\u00e7\u00f5es ambientais<\/td>\n<td>Temperatura ambiente: 0 ~ 60\u2103; Humidade relativa: &lt; 85%RH<\/td>\n<\/tr>\n<tr>\n<td style=\"background-color: #d8d8d8;\">\u00c0 prova de explos\u00e3o<\/td>\n<td>Exia IICT6 Ga<\/td>\n<\/tr>\n<tr>\n<td style=\"background-color: #d8d8d8;\">Intrinsic safety parameters<\/td>\n<td>Ui = 28VDC,\u00a0 Ii = 93 mA,\u00a0 Pi = 0.65 W,\u00a0 Ci = 0.044 \u03bcF,\u00a0 Li = 0 mH<\/td>\n<\/tr>\n<\/tbody>\n<\/table>\n<p>&nbsp;<\/p>\n<p><strong style=\"font-size: 16px;\">Dimens\u00e3o:<\/strong><\/p>\n<p><img class=\"alignnone wp-image-1841 size-full\" src=\"http:\/\/www.hginstrument.com\/wp-content\/uploads\/2021\/08\/hg127-dimension.jpg\" alt=\"hg127 dimension\" width=\"784\" height=\"473\" srcset=\"https:\/\/www.hginstrument.com\/wp-content\/uploads\/2021\/08\/hg127-dimension.jpg 784w, https:\/\/www.hginstrument.com\/wp-content\/uploads\/2021\/08\/hg127-dimension-300x181.jpg 300w, https:\/\/www.hginstrument.com\/wp-content\/uploads\/2021\/08\/hg127-dimension-768x463.jpg 768w, https:\/\/www.hginstrument.com\/wp-content\/uploads\/2021\/08\/hg127-dimension-600x362.jpg 600w\" sizes=\"(max-width: 784px) 100vw, 784px\" \/><\/p>\n<p>&nbsp;<\/p>\n<p><strong>Terminais de cablagem:<\/strong><\/p>\n<p><img class=\"alignnone wp-image-1839 size-full\" src=\"http:\/\/www.hginstrument.com\/wp-content\/uploads\/2021\/08\/hg127-wire-terminal.jpg\" alt=\"hg127 wire terminal\" width=\"926\" height=\"196\" srcset=\"https:\/\/www.hginstrument.com\/wp-content\/uploads\/2021\/08\/hg127-wire-terminal.jpg 926w, https:\/\/www.hginstrument.com\/wp-content\/uploads\/2021\/08\/hg127-wire-terminal-300x63.jpg 300w, https:\/\/www.hginstrument.com\/wp-content\/uploads\/2021\/08\/hg127-wire-terminal-768x163.jpg 768w, https:\/\/www.hginstrument.com\/wp-content\/uploads\/2021\/08\/hg127-wire-terminal-600x127.jpg 600w\" sizes=\"(max-width: 926px) 100vw, 926px\" \/><\/p>\n<p>&nbsp;<\/p>\n<p>&nbsp;<\/p>\n<p>&nbsp;<\/p>","protected":false},"excerpt":{"rendered":"<p>HG127 online conductivity meter is used to match with conductivity electrode to continuously measure the liquid&#8217;s conductivity, in LCD display.<\/p>","protected":false},"featured_media":1840,"comment_status":"closed","ping_status":"closed","template":"","meta":[],"product_cat":[1600,1715],"product_tag":[],"acf":[],"_links":{"self":[{"href":"https:\/\/www.hginstrument.com\/pt\/wp-json\/wp\/v2\/product\/1846"}],"collection":[{"href":"https:\/\/www.hginstrument.com\/pt\/wp-json\/wp\/v2\/product"}],"about":[{"href":"https:\/\/www.hginstrument.com\/pt\/wp-json\/wp\/v2\/types\/product"}],"replies":[{"embeddable":true,"href":"https:\/\/www.hginstrument.com\/pt\/wp-json\/wp\/v2\/comments?post=1846"}],"wp:featuredmedia":[{"embeddable":true,"href":"https:\/\/www.hginstrument.com\/pt\/wp-json\/wp\/v2\/media\/1840"}],"wp:attachment":[{"href":"https:\/\/www.hginstrument.com\/pt\/wp-json\/wp\/v2\/media?parent=1846"}],"wp:term":[{"taxonomy":"product_cat","embeddable":true,"href":"https:\/\/www.hginstrument.com\/pt\/wp-json\/wp\/v2\/product_cat?post=1846"},{"taxonomy":"product_tag","embeddable":true,"href":"https:\/\/www.hginstrument.com\/pt\/wp-json\/wp\/v2\/product_tag?post=1846"}],"curies":[{"name":"wp","href":"https:\/\/api.w.org\/{rel}","templated":true}]}}