{"id":1872,"date":"2021-08-25T16:22:08","date_gmt":"2021-08-25T08:22:08","guid":{"rendered":"http:\/\/201230ip92c2.adwebcloud.com\/?post_type=product&#038;p=1872"},"modified":"2021-10-12T14:26:44","modified_gmt":"2021-10-12T06:26:44","slug":"hg12d-b-conductivity-electrode","status":"publish","type":"product","link":"https:\/\/www.hginstrument.com\/pt\/analysis-instrument\/hg12d-b-conductivity-electrode\/","title":{"rendered":"El\u00e9trodo de condutividade HG12D-B"},"content":{"rendered":"<p><strong>Dados t\u00e9cnicos:<\/strong><\/p>\n<table width=\"691\">\n<tbody>\n<tr>\n<td style=\"background-color: #d8d8d8; vertical-align: middle;\" width=\"277\">Princ\u00edpio de medi\u00e7\u00e3o<\/td>\n<td width=\"414\">Tipo de el\u00e9trodo<\/td>\n<\/tr>\n<tr>\n<td style=\"background-color: #d8d8d8; vertical-align: middle;\">Material<\/td>\n<td width=\"414\">Material do el\u00e9trodo:  Platina preta<br \/>\nMaterial da haste do el\u00e9trodo:  Vidro org\u00e2nico<br \/>\nOp\u00e7\u00e3o de material do inv\u00f3lucro:  ABS, POM, SS316L<\/td>\n<\/tr>\n<tr>\n<td style=\"background-color: #d8d8d8; vertical-align: middle;\">Gama de medi\u00e7\u00e3o<\/td>\n<td width=\"414\">K=1 0,1 - 2000 \u03bcS\/cm ~ 5000 \u03bcS\/cm<br \/>\nK=10 1 - 20 mS\/cm ~ 200 mS\/cm<\/td>\n<\/tr>\n<tr>\n<td style=\"background-color: #d8d8d8; vertical-align: middle;\">Temperatura de funcionamento<\/td>\n<td>70\u2103, 120\u2103, 150\u2103<\/td>\n<\/tr>\n<tr>\n<td style=\"background-color: #d8d8d8; vertical-align: middle;\">Press\u00e3o de funcionamento<\/td>\n<td>1,0 Mpa, 2,5Mpa<\/td>\n<\/tr>\n<tr>\n<td style=\"background-color: #d8d8d8; vertical-align: middle;\">Op\u00e7\u00e3o de compensa\u00e7\u00e3o de temperatura<\/td>\n<td>NTC2.252K, Pt100, Pt1000<\/td>\n<\/tr>\n<\/tbody>\n<\/table>\n<p>&nbsp;<\/p>\n<p><strong>Aspeto e dimens\u00e3o:\u00a0<\/strong><\/p>\n<table width=\"729\">\n<tbody>\n<tr style=\"background-color: #d8d8d8;\">\n<td style=\"text-align: center;\" width=\"218\"><strong>Tipo<\/strong><\/td>\n<td style=\"text-align: center;\" width=\"254\"><strong>Imagem<\/strong><\/td>\n<td style=\"text-align: center;\" width=\"257\"><strong>Dimens\u00e3o<\/strong><\/td>\n<\/tr>\n<tr>\n<td style=\"text-align: center; vertical-align: middle;\">Vareta de vidro<\/td>\n<td><img class=\"wp-image-1869 aligncenter\" src=\"http:\/\/www.hginstrument.com\/wp-content\/uploads\/2021\/08\/hg12d-b-02.jpg\" alt=\"hg12d b 02\" width=\"95\" height=\"463\" \/><\/td>\n<td><img class=\"wp-image-1865 size-full aligncenter\" src=\"http:\/\/www.hginstrument.com\/wp-content\/uploads\/2021\/08\/dimension-01-2.jpg\" alt=\"dimens\u00e3o 01 2\" width=\"253\" height=\"429\" srcset=\"https:\/\/www.hginstrument.com\/wp-content\/uploads\/2021\/08\/dimension-01-2.jpg 253w, https:\/\/www.hginstrument.com\/wp-content\/uploads\/2021\/08\/dimension-01-2-177x300.jpg 177w\" sizes=\"(max-width: 253px) 100vw, 253px\" \/><\/td>\n<\/tr>\n<tr>\n<td style=\"text-align: center; vertical-align: middle;\">Liga\u00e7\u00e3o de encaixe<\/td>\n<td><img class=\"wp-image-1870 aligncenter\" src=\"http:\/\/www.hginstrument.com\/wp-content\/uploads\/2021\/08\/hg12d-b-03.jpg\" alt=\"hg12d b 03\" width=\"98\" height=\"435\" \/><\/td>\n<td><img class=\"wp-image-1866 size-full aligncenter\" src=\"http:\/\/www.hginstrument.com\/wp-content\/uploads\/2021\/08\/dimension-02-2.jpg\" alt=\"dimens\u00e3o 02 2\" width=\"186\" height=\"443\" srcset=\"https:\/\/www.hginstrument.com\/wp-content\/uploads\/2021\/08\/dimension-02-2.jpg 186w, https:\/\/www.hginstrument.com\/wp-content\/uploads\/2021\/08\/dimension-02-2-126x300.jpg 126w\" sizes=\"(max-width: 186px) 100vw, 186px\" \/><\/td>\n<\/tr>\n<tr>\n<td style=\"text-align: center; vertical-align: middle;\">Rosca 3\/4 NPT<\/td>\n<td><img class=\"wp-image-1871 aligncenter\" src=\"http:\/\/www.hginstrument.com\/wp-content\/uploads\/2021\/08\/hg12d-b-04.jpg\" alt=\"hg12d b 04\" width=\"104\" height=\"440\" srcset=\"https:\/\/www.hginstrument.com\/wp-content\/uploads\/2021\/08\/hg12d-b-04.jpg 122w, https:\/\/www.hginstrument.com\/wp-content\/uploads\/2021\/08\/hg12d-b-04-71x300.jpg 71w\" sizes=\"(max-width: 104px) 100vw, 104px\" \/><\/td>\n<td><img class=\"wp-image-1867 size-full aligncenter\" src=\"http:\/\/www.hginstrument.com\/wp-content\/uploads\/2021\/08\/dimension-03-1.jpg\" alt=\"dimens\u00e3o 03 1\" width=\"192\" height=\"420\" srcset=\"https:\/\/www.hginstrument.com\/wp-content\/uploads\/2021\/08\/dimension-03-1.jpg 192w, https:\/\/www.hginstrument.com\/wp-content\/uploads\/2021\/08\/dimension-03-1-137x300.jpg 137w\" sizes=\"(max-width: 192px) 100vw, 192px\" \/><\/td>\n<\/tr>\n<\/tbody>\n<\/table>\n<p>&nbsp;<\/p>\n<p><strong>Cablagem:<\/strong><\/p>\n<p><img class=\"alignnone wp-image-1856 size-full\" src=\"http:\/\/www.hginstrument.com\/wp-content\/uploads\/2021\/08\/wiring.jpg\" alt=\"cablagem\" width=\"807\" height=\"180\" srcset=\"https:\/\/www.hginstrument.com\/wp-content\/uploads\/2021\/08\/wiring.jpg 807w, https:\/\/www.hginstrument.com\/wp-content\/uploads\/2021\/08\/wiring-300x67.jpg 300w, https:\/\/www.hginstrument.com\/wp-content\/uploads\/2021\/08\/wiring-768x171.jpg 768w, https:\/\/www.hginstrument.com\/wp-content\/uploads\/2021\/08\/wiring-600x134.jpg 600w\" sizes=\"(max-width: 807px) 100vw, 807px\" \/><\/p>\n<p>&nbsp;<\/p>\n<p><strong>Esquema de instala\u00e7\u00e3o:<\/strong><\/p>\n<p><img class=\"alignnone wp-image-1874 size-full\" src=\"http:\/\/www.hginstrument.com\/wp-content\/uploads\/2021\/08\/installation-diagram-1.jpg\" alt=\"esquema de instala\u00e7\u00e3o 1\" width=\"899\" height=\"442\" srcset=\"https:\/\/www.hginstrument.com\/wp-content\/uploads\/2021\/08\/installation-diagram-1.jpg 899w, https:\/\/www.hginstrument.com\/wp-content\/uploads\/2021\/08\/installation-diagram-1-300x147.jpg 300w, https:\/\/www.hginstrument.com\/wp-content\/uploads\/2021\/08\/installation-diagram-1-768x378.jpg 768w, https:\/\/www.hginstrument.com\/wp-content\/uploads\/2021\/08\/installation-diagram-1-600x295.jpg 600w\" sizes=\"(max-width: 899px) 100vw, 899px\" \/><\/p>\n<p>&nbsp;<\/p>\n<p>&nbsp;<\/p>","protected":false},"excerpt":{"rendered":"<p>O el\u00e9trodo de condutividade HG12D-B \u00e9 utilizado para combinar com o medidor de condutividade para medir continuamente a condutividade do l\u00edquido.<br \/>\nPrinc\u00edpio de medi\u00e7\u00e3o: Tipo de el\u00e9trodo<\/p>","protected":false},"featured_media":1868,"comment_status":"closed","ping_status":"closed","template":"","meta":[],"product_cat":[1600,1754],"product_tag":[],"acf":[],"_links":{"self":[{"href":"https:\/\/www.hginstrument.com\/pt\/wp-json\/wp\/v2\/product\/1872"}],"collection":[{"href":"https:\/\/www.hginstrument.com\/pt\/wp-json\/wp\/v2\/product"}],"about":[{"href":"https:\/\/www.hginstrument.com\/pt\/wp-json\/wp\/v2\/types\/product"}],"replies":[{"embeddable":true,"href":"https:\/\/www.hginstrument.com\/pt\/wp-json\/wp\/v2\/comments?post=1872"}],"wp:featuredmedia":[{"embeddable":true,"href":"https:\/\/www.hginstrument.com\/pt\/wp-json\/wp\/v2\/media\/1868"}],"wp:attachment":[{"href":"https:\/\/www.hginstrument.com\/pt\/wp-json\/wp\/v2\/media?parent=1872"}],"wp:term":[{"taxonomy":"product_cat","embeddable":true,"href":"https:\/\/www.hginstrument.com\/pt\/wp-json\/wp\/v2\/product_cat?post=1872"},{"taxonomy":"product_tag","embeddable":true,"href":"https:\/\/www.hginstrument.com\/pt\/wp-json\/wp\/v2\/product_tag?post=1872"}],"curies":[{"name":"wp","href":"https:\/\/api.w.org\/{rel}","templated":true}]}}